{"id":6470,"date":"2024-09-26T12:48:49","date_gmt":"2024-09-26T11:48:49","guid":{"rendered":"https:\/\/crocjeux.com\/?post_type=product&#038;p=6470"},"modified":"2025-04-30T10:04:27","modified_gmt":"2025-04-30T09:04:27","slug":"unlock-kids-mission-pyramides","status":"publish","type":"product","link":"https:\/\/crocjeux.com\/index.php\/produit\/unlock-kids-mission-pyramides\/","title":{"rendered":"Unlock! Kids Mission Pyramides"},"content":{"rendered":"<p>Quand leur vaisseau l\u2019Orior s\u2019\u00e9crase en \u00c9gypte, les jumeaux Soline et Lunian doivent r\u00e9soudre des \u00e9nigmes au cours de 3 aventures. Tout d\u2019abord pour r\u00e9parer leur machine, puis combattre les terribles Jones et enfin d\u00e9couvrir des informations sur leurs parents.<br \/>\nApr\u00e8s la s\u00e9rie des Escape Geek jouables \u00e0 partir de 10 ans et s\u2019inspirant des \u00e9nigmes Unlock!, voici une toute nouvelle s\u00e9rie de livres jeux destin\u00e9e aux enfants \u00e0 partir de 8 ans, inspir\u00e9e des Unlock ! Kids. Les m\u00e9caniques adaptent la c\u00e9l\u00e8bre s\u00e9rie de jeux en utilisant un syst\u00e8me de symboles \u00e0 assembler, sur les illustrations du livre, pour d\u00e9couvrir de nouveaux indices et paragraphes. Deux marque-pages repr\u00e9sentent les jumeaux, dot\u00e9s chacun d\u2019un demi-symbole \u00e0 assembler aux \u00e9l\u00e9ments du livre fonctionnant comme un livre dont vous \u00eates le h\u00e9ros.<\/p>\n","protected":false},"excerpt":{"rendered":"<p>Apr\u00e8s la s\u00e9rie des Escape Geek jouables \u00e0 partir de 10 ans et s\u2019inspirant des \u00e9nigmes Unlock!, voici une toute nouvelle s\u00e9rie de livres jeux destin\u00e9e aux enfants \u00e0 partir de 8 ans,<\/p>\n","protected":false},"featured_media":6471,"comment_status":"open","ping_status":"closed","template":"","meta":{"colormag_page_container_layout":"default_layout","colormag_page_sidebar_layout":"default_layout"},"product_brand":[],"product_cat":[33,98,99],"product_tag":[],"class_list":{"0":"post-6470","1":"product","2":"type-product","3":"status-publish","4":"has-post-thumbnail","6":"product_cat-jeux-enfants","7":"product_cat-unlock-jeux-solo","8":"product_cat-unlock-escape-room","10":"first","11":"instock","12":"taxable","13":"shipping-taxable","14":"purchasable","15":"product-type-simple"},"yoast_head":"<!-- This site is optimized with the Yoast SEO plugin v27.4 - https:\/\/yoast.com\/product\/yoast-seo-wordpress\/ -->\n<title>Unlock! Kids Mission Pyramides - Croc Jeux<\/title>\n<meta name=\"description\" content=\"Apr\u00e8s la s\u00e9rie des Escape Geek jouables \u00e0 partir de 10 ans et s\u2019inspirant des \u00e9nigmes Unlock!, voici une toute nouvelle s\u00e9rie de livres jeux destin\u00e9e aux enfants \u00e0 partir de 8 ans,\" \/>\n<meta name=\"robots\" content=\"index, follow, max-snippet:-1, max-image-preview:large, max-video-preview:-1\" \/>\n<link rel=\"canonical\" href=\"https:\/\/crocjeux.com\/index.php\/produit\/unlock-kids-mission-pyramides\/\" \/>\n<meta property=\"og:locale\" content=\"fr_FR\" \/>\n<meta property=\"og:type\" content=\"article\" \/>\n<meta property=\"og:title\" content=\"Unlock! Kids Mission Pyramides - Croc Jeux\" \/>\n<meta property=\"og:description\" content=\"Apr\u00e8s la s\u00e9rie des Escape Geek jouables \u00e0 partir de 10 ans et s\u2019inspirant des \u00e9nigmes Unlock!, voici une toute nouvelle s\u00e9rie de livres jeux destin\u00e9e aux enfants \u00e0 partir de 8 ans,\" \/>\n<meta property=\"og:url\" content=\"https:\/\/crocjeux.com\/index.php\/produit\/unlock-kids-mission-pyramides\/\" \/>\n<meta property=\"og:site_name\" content=\"Croc Jeux\" \/>\n<meta property=\"article:modified_time\" content=\"2025-04-30T09:04:27+00:00\" \/>\n<meta property=\"og:image\" content=\"https:\/\/crocjeux.com\/wp-content\/uploads\/2024\/09\/Unlock-kids-pyramide1.png\" \/>\n\t<meta property=\"og:image:width\" content=\"1080\" \/>\n\t<meta property=\"og:image:height\" content=\"1080\" \/>\n\t<meta property=\"og:image:type\" content=\"image\/png\" \/>\n<meta name=\"twitter:card\" content=\"summary_large_image\" \/>\n<meta name=\"twitter:label1\" content=\"Dur\u00e9e de lecture estim\u00e9e\" \/>\n\t<meta name=\"twitter:data1\" content=\"1 minute\" \/>\n<script type=\"application\/ld+json\" class=\"yoast-schema-graph\">{\"@context\":\"https:\\\/\\\/schema.org\",\"@graph\":[{\"@type\":\"WebPage\",\"@id\":\"https:\\\/\\\/crocjeux.com\\\/index.php\\\/produit\\\/unlock-kids-mission-pyramides\\\/\",\"url\":\"https:\\\/\\\/crocjeux.com\\\/index.php\\\/produit\\\/unlock-kids-mission-pyramides\\\/\",\"name\":\"Unlock! Kids Mission Pyramides - Croc Jeux\",\"isPartOf\":{\"@id\":\"https:\\\/\\\/crocjeux.com\\\/#website\"},\"primaryImageOfPage\":{\"@id\":\"https:\\\/\\\/crocjeux.com\\\/index.php\\\/produit\\\/unlock-kids-mission-pyramides\\\/#primaryimage\"},\"image\":{\"@id\":\"https:\\\/\\\/crocjeux.com\\\/index.php\\\/produit\\\/unlock-kids-mission-pyramides\\\/#primaryimage\"},\"thumbnailUrl\":\"https:\\\/\\\/crocjeux.com\\\/wp-content\\\/uploads\\\/2024\\\/09\\\/Unlock-kids-pyramide1.png\",\"datePublished\":\"2024-09-26T11:48:49+00:00\",\"dateModified\":\"2025-04-30T09:04:27+00:00\",\"description\":\"Apr\u00e8s la s\u00e9rie des Escape Geek jouables \u00e0 partir de 10 ans et s\u2019inspirant des \u00e9nigmes Unlock!, voici une toute nouvelle s\u00e9rie de livres jeux destin\u00e9e aux enfants \u00e0 partir de 8 ans,\",\"breadcrumb\":{\"@id\":\"https:\\\/\\\/crocjeux.com\\\/index.php\\\/produit\\\/unlock-kids-mission-pyramides\\\/#breadcrumb\"},\"inLanguage\":\"fr-FR\",\"potentialAction\":[{\"@type\":\"ReadAction\",\"target\":[\"https:\\\/\\\/crocjeux.com\\\/index.php\\\/produit\\\/unlock-kids-mission-pyramides\\\/\"]}]},{\"@type\":\"ImageObject\",\"inLanguage\":\"fr-FR\",\"@id\":\"https:\\\/\\\/crocjeux.com\\\/index.php\\\/produit\\\/unlock-kids-mission-pyramides\\\/#primaryimage\",\"url\":\"https:\\\/\\\/crocjeux.com\\\/wp-content\\\/uploads\\\/2024\\\/09\\\/Unlock-kids-pyramide1.png\",\"contentUrl\":\"https:\\\/\\\/crocjeux.com\\\/wp-content\\\/uploads\\\/2024\\\/09\\\/Unlock-kids-pyramide1.png\",\"width\":1080,\"height\":1080},{\"@type\":\"BreadcrumbList\",\"@id\":\"https:\\\/\\\/crocjeux.com\\\/index.php\\\/produit\\\/unlock-kids-mission-pyramides\\\/#breadcrumb\",\"itemListElement\":[{\"@type\":\"ListItem\",\"position\":1,\"name\":\"Accueil\",\"item\":\"https:\\\/\\\/crocjeux.com\\\/\"},{\"@type\":\"ListItem\",\"position\":2,\"name\":\"Boutique\",\"item\":\"https:\\\/\\\/crocjeux.com\\\/\"},{\"@type\":\"ListItem\",\"position\":3,\"name\":\"Unlock! Kids Mission Pyramides\"}]},{\"@type\":\"WebSite\",\"@id\":\"https:\\\/\\\/crocjeux.com\\\/#website\",\"url\":\"https:\\\/\\\/crocjeux.com\\\/\",\"name\":\"Croc Jeux\",\"description\":\"Bienvenue chez Croc Jeux!\",\"publisher\":{\"@id\":\"https:\\\/\\\/crocjeux.com\\\/#organization\"},\"potentialAction\":[{\"@type\":\"SearchAction\",\"target\":{\"@type\":\"EntryPoint\",\"urlTemplate\":\"https:\\\/\\\/crocjeux.com\\\/?s={search_term_string}\"},\"query-input\":{\"@type\":\"PropertyValueSpecification\",\"valueRequired\":true,\"valueName\":\"search_term_string\"}}],\"inLanguage\":\"fr-FR\"},{\"@type\":\"Organization\",\"@id\":\"https:\\\/\\\/crocjeux.com\\\/#organization\",\"name\":\"Croc Jeux\",\"url\":\"https:\\\/\\\/crocjeux.com\\\/\",\"logo\":{\"@type\":\"ImageObject\",\"inLanguage\":\"fr-FR\",\"@id\":\"https:\\\/\\\/crocjeux.com\\\/#\\\/schema\\\/logo\\\/image\\\/\",\"url\":\"https:\\\/\\\/crocjeux.com\\\/wp-content\\\/uploads\\\/2022\\\/01\\\/cropped-logo-croc-etape-1-e1644574034239.jpg\",\"contentUrl\":\"https:\\\/\\\/crocjeux.com\\\/wp-content\\\/uploads\\\/2022\\\/01\\\/cropped-logo-croc-etape-1-e1644574034239.jpg\",\"width\":1224,\"height\":314,\"caption\":\"Croc Jeux\"},\"image\":{\"@id\":\"https:\\\/\\\/crocjeux.com\\\/#\\\/schema\\\/logo\\\/image\\\/\"}}]}<\/script>\n<!-- \/ Yoast SEO plugin. -->","yoast_head_json":{"title":"Unlock! Kids Mission Pyramides - Croc Jeux","description":"Apr\u00e8s la s\u00e9rie des Escape Geek jouables \u00e0 partir de 10 ans et s\u2019inspirant des \u00e9nigmes Unlock!, voici une toute nouvelle s\u00e9rie de livres jeux destin\u00e9e aux enfants \u00e0 partir de 8 ans,","robots":{"index":"index","follow":"follow","max-snippet":"max-snippet:-1","max-image-preview":"max-image-preview:large","max-video-preview":"max-video-preview:-1"},"canonical":"https:\/\/crocjeux.com\/index.php\/produit\/unlock-kids-mission-pyramides\/","og_locale":"fr_FR","og_type":"article","og_title":"Unlock! Kids Mission Pyramides - Croc Jeux","og_description":"Apr\u00e8s la s\u00e9rie des Escape Geek jouables \u00e0 partir de 10 ans et s\u2019inspirant des \u00e9nigmes Unlock!, voici une toute nouvelle s\u00e9rie de livres jeux destin\u00e9e aux enfants \u00e0 partir de 8 ans,","og_url":"https:\/\/crocjeux.com\/index.php\/produit\/unlock-kids-mission-pyramides\/","og_site_name":"Croc Jeux","article_modified_time":"2025-04-30T09:04:27+00:00","og_image":[{"width":1080,"height":1080,"url":"https:\/\/crocjeux.com\/wp-content\/uploads\/2024\/09\/Unlock-kids-pyramide1.png","type":"image\/png"}],"twitter_card":"summary_large_image","twitter_misc":{"Dur\u00e9e de lecture estim\u00e9e":"1 minute"},"schema":{"@context":"https:\/\/schema.org","@graph":[{"@type":"WebPage","@id":"https:\/\/crocjeux.com\/index.php\/produit\/unlock-kids-mission-pyramides\/","url":"https:\/\/crocjeux.com\/index.php\/produit\/unlock-kids-mission-pyramides\/","name":"Unlock! Kids Mission Pyramides - Croc Jeux","isPartOf":{"@id":"https:\/\/crocjeux.com\/#website"},"primaryImageOfPage":{"@id":"https:\/\/crocjeux.com\/index.php\/produit\/unlock-kids-mission-pyramides\/#primaryimage"},"image":{"@id":"https:\/\/crocjeux.com\/index.php\/produit\/unlock-kids-mission-pyramides\/#primaryimage"},"thumbnailUrl":"https:\/\/crocjeux.com\/wp-content\/uploads\/2024\/09\/Unlock-kids-pyramide1.png","datePublished":"2024-09-26T11:48:49+00:00","dateModified":"2025-04-30T09:04:27+00:00","description":"Apr\u00e8s la s\u00e9rie des Escape Geek jouables \u00e0 partir de 10 ans et s\u2019inspirant des \u00e9nigmes Unlock!, voici une toute nouvelle s\u00e9rie de livres jeux destin\u00e9e aux enfants \u00e0 partir de 8 ans,","breadcrumb":{"@id":"https:\/\/crocjeux.com\/index.php\/produit\/unlock-kids-mission-pyramides\/#breadcrumb"},"inLanguage":"fr-FR","potentialAction":[{"@type":"ReadAction","target":["https:\/\/crocjeux.com\/index.php\/produit\/unlock-kids-mission-pyramides\/"]}]},{"@type":"ImageObject","inLanguage":"fr-FR","@id":"https:\/\/crocjeux.com\/index.php\/produit\/unlock-kids-mission-pyramides\/#primaryimage","url":"https:\/\/crocjeux.com\/wp-content\/uploads\/2024\/09\/Unlock-kids-pyramide1.png","contentUrl":"https:\/\/crocjeux.com\/wp-content\/uploads\/2024\/09\/Unlock-kids-pyramide1.png","width":1080,"height":1080},{"@type":"BreadcrumbList","@id":"https:\/\/crocjeux.com\/index.php\/produit\/unlock-kids-mission-pyramides\/#breadcrumb","itemListElement":[{"@type":"ListItem","position":1,"name":"Accueil","item":"https:\/\/crocjeux.com\/"},{"@type":"ListItem","position":2,"name":"Boutique","item":"https:\/\/crocjeux.com\/"},{"@type":"ListItem","position":3,"name":"Unlock! Kids Mission Pyramides"}]},{"@type":"WebSite","@id":"https:\/\/crocjeux.com\/#website","url":"https:\/\/crocjeux.com\/","name":"Croc Jeux","description":"Bienvenue chez Croc Jeux!","publisher":{"@id":"https:\/\/crocjeux.com\/#organization"},"potentialAction":[{"@type":"SearchAction","target":{"@type":"EntryPoint","urlTemplate":"https:\/\/crocjeux.com\/?s={search_term_string}"},"query-input":{"@type":"PropertyValueSpecification","valueRequired":true,"valueName":"search_term_string"}}],"inLanguage":"fr-FR"},{"@type":"Organization","@id":"https:\/\/crocjeux.com\/#organization","name":"Croc Jeux","url":"https:\/\/crocjeux.com\/","logo":{"@type":"ImageObject","inLanguage":"fr-FR","@id":"https:\/\/crocjeux.com\/#\/schema\/logo\/image\/","url":"https:\/\/crocjeux.com\/wp-content\/uploads\/2022\/01\/cropped-logo-croc-etape-1-e1644574034239.jpg","contentUrl":"https:\/\/crocjeux.com\/wp-content\/uploads\/2022\/01\/cropped-logo-croc-etape-1-e1644574034239.jpg","width":1224,"height":314,"caption":"Croc Jeux"},"image":{"@id":"https:\/\/crocjeux.com\/#\/schema\/logo\/image\/"}}]}},"_links":{"self":[{"href":"https:\/\/crocjeux.com\/index.php\/wp-json\/wp\/v2\/product\/6470","targetHints":{"allow":["GET"]}}],"collection":[{"href":"https:\/\/crocjeux.com\/index.php\/wp-json\/wp\/v2\/product"}],"about":[{"href":"https:\/\/crocjeux.com\/index.php\/wp-json\/wp\/v2\/types\/product"}],"replies":[{"embeddable":true,"href":"https:\/\/crocjeux.com\/index.php\/wp-json\/wp\/v2\/comments?post=6470"}],"wp:featuredmedia":[{"embeddable":true,"href":"https:\/\/crocjeux.com\/index.php\/wp-json\/wp\/v2\/media\/6471"}],"wp:attachment":[{"href":"https:\/\/crocjeux.com\/index.php\/wp-json\/wp\/v2\/media?parent=6470"}],"wp:term":[{"taxonomy":"product_brand","embeddable":true,"href":"https:\/\/crocjeux.com\/index.php\/wp-json\/wp\/v2\/product_brand?post=6470"},{"taxonomy":"product_cat","embeddable":true,"href":"https:\/\/crocjeux.com\/index.php\/wp-json\/wp\/v2\/product_cat?post=6470"},{"taxonomy":"product_tag","embeddable":true,"href":"https:\/\/crocjeux.com\/index.php\/wp-json\/wp\/v2\/product_tag?post=6470"}],"curies":[{"name":"wp","href":"https:\/\/api.w.org\/{rel}","templated":true}]}}