{"id":6544,"date":"2024-10-04T16:55:33","date_gmt":"2024-10-04T15:55:33","guid":{"rendered":"https:\/\/crocjeux.com\/?post_type=product&#038;p=6544"},"modified":"2024-10-04T16:55:33","modified_gmt":"2024-10-04T15:55:33","slug":"la-decouverte-de-latlantide-ma-premiere-aventure","status":"publish","type":"product","link":"https:\/\/crocjeux.com\/index.php\/produit\/la-decouverte-de-latlantide-ma-premiere-aventure\/","title":{"rendered":"La D\u00e9couverte de l&rsquo;Atlantide &#8211; Ma premi\u00e8re aventure"},"content":{"rendered":"<div class=\"hide_info_annexe row small-collapse medium-uncollapse\">\n<div class=\"column small-12\">\n<p>Aujourd\u2019hui, tu pars pour une sacr\u00e9e exp\u00e9dition : tu vas parcourir les oc\u00e9ans pour d\u00e9couvrir l\u2019Atlantide ! Choisis ton sous-marin et plonge dans une histoire pas comme les autres, une histoire o\u00f9 chacun de tes choix change ton aventure !<\/p>\n<p>Ouvre le livre et choisis ton sous-marin : L\u2019espadon fin et rapide, La Manta gracieuse et maniable, Le B\u00e9h\u00e9moth gros et solide.<\/p>\n<h5>Et maintenant, ton exp\u00e9dition sous-marine peut commencer !<\/h5>\n<p>Tu vas pouvoir lire ce livre normalement, de gauche \u00e0 droite, mais rapidement, tu feras face \u00e0 des choix mat\u00e9rialis\u00e9s par des pages coup\u00e9es en trois. Tourne la partie de ton choix et d\u00e9couvre ce qu\u2019il va se passer. Apr\u00e8s plusieurs choix, tu arriveras \u00e0 la fin de ton aventure&#8230; R\u00e9ussiras-tu \u00e0 trouver le tr\u00e9sor de l\u2019Atlantide ? Une fois la lecture termin\u00e9e, tu peux recommencer pour d\u00e9couvrir de nouveaux chemins ou essayer avec un autre sous-marin.<\/p>\n<p>\u00ab Ma Premi\u00e8re Aventure \u00bb est une gamme de livre jeunesse qui explore des univers diff\u00e9rents. Ces albums ludiques proposent de vivre des aventures interactives avec les enfants \u00e0 partir de 4 ans. Ils sont \u00e9galement un support id\u00e9al pour des premi\u00e8res lectures.<\/p>\n<\/div>\n<\/div>\n","protected":false},"excerpt":{"rendered":"<p>Aujourd\u2019hui, tu pars pour une sacr\u00e9e exp\u00e9dition : tu vas parcourir les oc\u00e9ans pour d\u00e9couvrir l\u2019Atlantide ! Choisis ton sous-marin<\/p>\n","protected":false},"featured_media":6546,"comment_status":"open","ping_status":"closed","template":"","meta":{"colormag_page_container_layout":"default_layout","colormag_page_sidebar_layout":"default_layout"},"product_brand":[],"product_cat":[35,33,44],"product_tag":[],"class_list":{"0":"post-6544","1":"product","2":"type-product","3":"status-publish","4":"has-post-thumbnail","6":"product_cat-jeux-jdr","7":"product_cat-jeux-enfants","8":"product_cat-jeux-solo","10":"first","11":"instock","12":"taxable","13":"shipping-taxable","14":"purchasable","15":"product-type-simple"},"yoast_head":"<!-- This site is optimized with the Yoast SEO plugin v27.3 - https:\/\/yoast.com\/product\/yoast-seo-wordpress\/ -->\n<title>La D\u00e9couverte de l&#039;Atlantide - Ma premi\u00e8re aventure - Croc Jeux<\/title>\n<meta name=\"description\" content=\"Aujourd\u2019hui, tu pars pour une sacr\u00e9e exp\u00e9dition : tu vas parcourir les oc\u00e9ans pour d\u00e9couvrir l\u2019Atlantide !\" \/>\n<meta name=\"robots\" content=\"index, follow, max-snippet:-1, max-image-preview:large, max-video-preview:-1\" \/>\n<link rel=\"canonical\" href=\"https:\/\/crocjeux.com\/index.php\/produit\/la-decouverte-de-latlantide-ma-premiere-aventure\/\" \/>\n<meta property=\"og:locale\" content=\"fr_FR\" \/>\n<meta property=\"og:type\" content=\"article\" \/>\n<meta property=\"og:title\" content=\"La D\u00e9couverte de l&#039;Atlantide - Ma premi\u00e8re aventure - Croc Jeux\" \/>\n<meta property=\"og:description\" content=\"Aujourd\u2019hui, tu pars pour une sacr\u00e9e exp\u00e9dition : tu vas parcourir les oc\u00e9ans pour d\u00e9couvrir l\u2019Atlantide !\" \/>\n<meta property=\"og:url\" content=\"https:\/\/crocjeux.com\/index.php\/produit\/la-decouverte-de-latlantide-ma-premiere-aventure\/\" \/>\n<meta property=\"og:site_name\" content=\"Croc Jeux\" \/>\n<meta property=\"og:image\" content=\"https:\/\/crocjeux.com\/wp-content\/uploads\/2024\/10\/la-decouverte-de-latlantide.png\" \/>\n\t<meta property=\"og:image:width\" content=\"1080\" \/>\n\t<meta property=\"og:image:height\" content=\"1080\" \/>\n\t<meta property=\"og:image:type\" content=\"image\/png\" \/>\n<meta name=\"twitter:card\" content=\"summary_large_image\" \/>\n<meta name=\"twitter:label1\" content=\"Dur\u00e9e de lecture estim\u00e9e\" \/>\n\t<meta name=\"twitter:data1\" content=\"1 minute\" \/>\n<script type=\"application\/ld+json\" class=\"yoast-schema-graph\">{\"@context\":\"https:\\\/\\\/schema.org\",\"@graph\":[{\"@type\":\"WebPage\",\"@id\":\"https:\\\/\\\/crocjeux.com\\\/index.php\\\/produit\\\/la-decouverte-de-latlantide-ma-premiere-aventure\\\/\",\"url\":\"https:\\\/\\\/crocjeux.com\\\/index.php\\\/produit\\\/la-decouverte-de-latlantide-ma-premiere-aventure\\\/\",\"name\":\"La D\u00e9couverte de l'Atlantide - Ma premi\u00e8re aventure - Croc Jeux\",\"isPartOf\":{\"@id\":\"https:\\\/\\\/crocjeux.com\\\/#website\"},\"primaryImageOfPage\":{\"@id\":\"https:\\\/\\\/crocjeux.com\\\/index.php\\\/produit\\\/la-decouverte-de-latlantide-ma-premiere-aventure\\\/#primaryimage\"},\"image\":{\"@id\":\"https:\\\/\\\/crocjeux.com\\\/index.php\\\/produit\\\/la-decouverte-de-latlantide-ma-premiere-aventure\\\/#primaryimage\"},\"thumbnailUrl\":\"https:\\\/\\\/crocjeux.com\\\/wp-content\\\/uploads\\\/2024\\\/10\\\/la-decouverte-de-latlantide.png\",\"datePublished\":\"2024-10-04T15:55:33+00:00\",\"description\":\"Aujourd\u2019hui, tu pars pour une sacr\u00e9e exp\u00e9dition : tu vas parcourir les oc\u00e9ans pour d\u00e9couvrir l\u2019Atlantide !\",\"breadcrumb\":{\"@id\":\"https:\\\/\\\/crocjeux.com\\\/index.php\\\/produit\\\/la-decouverte-de-latlantide-ma-premiere-aventure\\\/#breadcrumb\"},\"inLanguage\":\"fr-FR\",\"potentialAction\":[{\"@type\":\"ReadAction\",\"target\":[\"https:\\\/\\\/crocjeux.com\\\/index.php\\\/produit\\\/la-decouverte-de-latlantide-ma-premiere-aventure\\\/\"]}]},{\"@type\":\"ImageObject\",\"inLanguage\":\"fr-FR\",\"@id\":\"https:\\\/\\\/crocjeux.com\\\/index.php\\\/produit\\\/la-decouverte-de-latlantide-ma-premiere-aventure\\\/#primaryimage\",\"url\":\"https:\\\/\\\/crocjeux.com\\\/wp-content\\\/uploads\\\/2024\\\/10\\\/la-decouverte-de-latlantide.png\",\"contentUrl\":\"https:\\\/\\\/crocjeux.com\\\/wp-content\\\/uploads\\\/2024\\\/10\\\/la-decouverte-de-latlantide.png\",\"width\":1080,\"height\":1080},{\"@type\":\"BreadcrumbList\",\"@id\":\"https:\\\/\\\/crocjeux.com\\\/index.php\\\/produit\\\/la-decouverte-de-latlantide-ma-premiere-aventure\\\/#breadcrumb\",\"itemListElement\":[{\"@type\":\"ListItem\",\"position\":1,\"name\":\"Accueil\",\"item\":\"https:\\\/\\\/crocjeux.com\\\/\"},{\"@type\":\"ListItem\",\"position\":2,\"name\":\"Boutique\",\"item\":\"https:\\\/\\\/crocjeux.com\\\/\"},{\"@type\":\"ListItem\",\"position\":3,\"name\":\"La D\u00e9couverte de l&#8217;Atlantide &#8211; Ma premi\u00e8re aventure\"}]},{\"@type\":\"WebSite\",\"@id\":\"https:\\\/\\\/crocjeux.com\\\/#website\",\"url\":\"https:\\\/\\\/crocjeux.com\\\/\",\"name\":\"Croc Jeux\",\"description\":\"Bienvenue chez Croc Jeux!\",\"publisher\":{\"@id\":\"https:\\\/\\\/crocjeux.com\\\/#organization\"},\"potentialAction\":[{\"@type\":\"SearchAction\",\"target\":{\"@type\":\"EntryPoint\",\"urlTemplate\":\"https:\\\/\\\/crocjeux.com\\\/?s={search_term_string}\"},\"query-input\":{\"@type\":\"PropertyValueSpecification\",\"valueRequired\":true,\"valueName\":\"search_term_string\"}}],\"inLanguage\":\"fr-FR\"},{\"@type\":\"Organization\",\"@id\":\"https:\\\/\\\/crocjeux.com\\\/#organization\",\"name\":\"Croc Jeux\",\"url\":\"https:\\\/\\\/crocjeux.com\\\/\",\"logo\":{\"@type\":\"ImageObject\",\"inLanguage\":\"fr-FR\",\"@id\":\"https:\\\/\\\/crocjeux.com\\\/#\\\/schema\\\/logo\\\/image\\\/\",\"url\":\"https:\\\/\\\/crocjeux.com\\\/wp-content\\\/uploads\\\/2022\\\/01\\\/cropped-logo-croc-etape-1-e1644574034239.jpg\",\"contentUrl\":\"https:\\\/\\\/crocjeux.com\\\/wp-content\\\/uploads\\\/2022\\\/01\\\/cropped-logo-croc-etape-1-e1644574034239.jpg\",\"width\":1224,\"height\":314,\"caption\":\"Croc Jeux\"},\"image\":{\"@id\":\"https:\\\/\\\/crocjeux.com\\\/#\\\/schema\\\/logo\\\/image\\\/\"}}]}<\/script>\n<!-- \/ Yoast SEO plugin. -->","yoast_head_json":{"title":"La D\u00e9couverte de l'Atlantide - Ma premi\u00e8re aventure - Croc Jeux","description":"Aujourd\u2019hui, tu pars pour une sacr\u00e9e exp\u00e9dition : tu vas parcourir les oc\u00e9ans pour d\u00e9couvrir l\u2019Atlantide !","robots":{"index":"index","follow":"follow","max-snippet":"max-snippet:-1","max-image-preview":"max-image-preview:large","max-video-preview":"max-video-preview:-1"},"canonical":"https:\/\/crocjeux.com\/index.php\/produit\/la-decouverte-de-latlantide-ma-premiere-aventure\/","og_locale":"fr_FR","og_type":"article","og_title":"La D\u00e9couverte de l'Atlantide - Ma premi\u00e8re aventure - Croc Jeux","og_description":"Aujourd\u2019hui, tu pars pour une sacr\u00e9e exp\u00e9dition : tu vas parcourir les oc\u00e9ans pour d\u00e9couvrir l\u2019Atlantide !","og_url":"https:\/\/crocjeux.com\/index.php\/produit\/la-decouverte-de-latlantide-ma-premiere-aventure\/","og_site_name":"Croc Jeux","og_image":[{"width":1080,"height":1080,"url":"https:\/\/crocjeux.com\/wp-content\/uploads\/2024\/10\/la-decouverte-de-latlantide.png","type":"image\/png"}],"twitter_card":"summary_large_image","twitter_misc":{"Dur\u00e9e de lecture estim\u00e9e":"1 minute"},"schema":{"@context":"https:\/\/schema.org","@graph":[{"@type":"WebPage","@id":"https:\/\/crocjeux.com\/index.php\/produit\/la-decouverte-de-latlantide-ma-premiere-aventure\/","url":"https:\/\/crocjeux.com\/index.php\/produit\/la-decouverte-de-latlantide-ma-premiere-aventure\/","name":"La D\u00e9couverte de l'Atlantide - Ma premi\u00e8re aventure - Croc Jeux","isPartOf":{"@id":"https:\/\/crocjeux.com\/#website"},"primaryImageOfPage":{"@id":"https:\/\/crocjeux.com\/index.php\/produit\/la-decouverte-de-latlantide-ma-premiere-aventure\/#primaryimage"},"image":{"@id":"https:\/\/crocjeux.com\/index.php\/produit\/la-decouverte-de-latlantide-ma-premiere-aventure\/#primaryimage"},"thumbnailUrl":"https:\/\/crocjeux.com\/wp-content\/uploads\/2024\/10\/la-decouverte-de-latlantide.png","datePublished":"2024-10-04T15:55:33+00:00","description":"Aujourd\u2019hui, tu pars pour une sacr\u00e9e exp\u00e9dition : tu vas parcourir les oc\u00e9ans pour d\u00e9couvrir l\u2019Atlantide !","breadcrumb":{"@id":"https:\/\/crocjeux.com\/index.php\/produit\/la-decouverte-de-latlantide-ma-premiere-aventure\/#breadcrumb"},"inLanguage":"fr-FR","potentialAction":[{"@type":"ReadAction","target":["https:\/\/crocjeux.com\/index.php\/produit\/la-decouverte-de-latlantide-ma-premiere-aventure\/"]}]},{"@type":"ImageObject","inLanguage":"fr-FR","@id":"https:\/\/crocjeux.com\/index.php\/produit\/la-decouverte-de-latlantide-ma-premiere-aventure\/#primaryimage","url":"https:\/\/crocjeux.com\/wp-content\/uploads\/2024\/10\/la-decouverte-de-latlantide.png","contentUrl":"https:\/\/crocjeux.com\/wp-content\/uploads\/2024\/10\/la-decouverte-de-latlantide.png","width":1080,"height":1080},{"@type":"BreadcrumbList","@id":"https:\/\/crocjeux.com\/index.php\/produit\/la-decouverte-de-latlantide-ma-premiere-aventure\/#breadcrumb","itemListElement":[{"@type":"ListItem","position":1,"name":"Accueil","item":"https:\/\/crocjeux.com\/"},{"@type":"ListItem","position":2,"name":"Boutique","item":"https:\/\/crocjeux.com\/"},{"@type":"ListItem","position":3,"name":"La D\u00e9couverte de l&#8217;Atlantide &#8211; Ma premi\u00e8re aventure"}]},{"@type":"WebSite","@id":"https:\/\/crocjeux.com\/#website","url":"https:\/\/crocjeux.com\/","name":"Croc Jeux","description":"Bienvenue chez Croc Jeux!","publisher":{"@id":"https:\/\/crocjeux.com\/#organization"},"potentialAction":[{"@type":"SearchAction","target":{"@type":"EntryPoint","urlTemplate":"https:\/\/crocjeux.com\/?s={search_term_string}"},"query-input":{"@type":"PropertyValueSpecification","valueRequired":true,"valueName":"search_term_string"}}],"inLanguage":"fr-FR"},{"@type":"Organization","@id":"https:\/\/crocjeux.com\/#organization","name":"Croc Jeux","url":"https:\/\/crocjeux.com\/","logo":{"@type":"ImageObject","inLanguage":"fr-FR","@id":"https:\/\/crocjeux.com\/#\/schema\/logo\/image\/","url":"https:\/\/crocjeux.com\/wp-content\/uploads\/2022\/01\/cropped-logo-croc-etape-1-e1644574034239.jpg","contentUrl":"https:\/\/crocjeux.com\/wp-content\/uploads\/2022\/01\/cropped-logo-croc-etape-1-e1644574034239.jpg","width":1224,"height":314,"caption":"Croc Jeux"},"image":{"@id":"https:\/\/crocjeux.com\/#\/schema\/logo\/image\/"}}]}},"_links":{"self":[{"href":"https:\/\/crocjeux.com\/index.php\/wp-json\/wp\/v2\/product\/6544","targetHints":{"allow":["GET"]}}],"collection":[{"href":"https:\/\/crocjeux.com\/index.php\/wp-json\/wp\/v2\/product"}],"about":[{"href":"https:\/\/crocjeux.com\/index.php\/wp-json\/wp\/v2\/types\/product"}],"replies":[{"embeddable":true,"href":"https:\/\/crocjeux.com\/index.php\/wp-json\/wp\/v2\/comments?post=6544"}],"wp:featuredmedia":[{"embeddable":true,"href":"https:\/\/crocjeux.com\/index.php\/wp-json\/wp\/v2\/media\/6546"}],"wp:attachment":[{"href":"https:\/\/crocjeux.com\/index.php\/wp-json\/wp\/v2\/media?parent=6544"}],"wp:term":[{"taxonomy":"product_brand","embeddable":true,"href":"https:\/\/crocjeux.com\/index.php\/wp-json\/wp\/v2\/product_brand?post=6544"},{"taxonomy":"product_cat","embeddable":true,"href":"https:\/\/crocjeux.com\/index.php\/wp-json\/wp\/v2\/product_cat?post=6544"},{"taxonomy":"product_tag","embeddable":true,"href":"https:\/\/crocjeux.com\/index.php\/wp-json\/wp\/v2\/product_tag?post=6544"}],"curies":[{"name":"wp","href":"https:\/\/api.w.org\/{rel}","templated":true}]}}