{"id":6549,"date":"2024-10-04T17:25:50","date_gmt":"2024-10-04T16:25:50","guid":{"rendered":"https:\/\/crocjeux.com\/?post_type=product&#038;p=6549"},"modified":"2024-10-04T17:25:51","modified_gmt":"2024-10-04T16:25:51","slug":"la-course-des-casse-tout-ma-premiere-aventure","status":"publish","type":"product","link":"https:\/\/crocjeux.com\/index.php\/produit\/la-course-des-casse-tout-ma-premiere-aventure\/","title":{"rendered":"La Course des Casse-Tout &#8211; Ma Premi\u00e8re Aventure"},"content":{"rendered":"<div class=\"hide_info_annexe row small-collapse medium-uncollapse\">\n<div class=\"column small-12\">\n<p><em>Aujourd\u2019hui, tu participes \u00e0 un grand \u00e9v\u00e8nement : <span class=\"style-client-colored-text\">La Course des Casse-Tout<\/span>. Les meilleurs pilotes sont rassembl\u00e9s et pr\u00eats \u00e0 tout dans cette course o\u00f9 tout est permis !<\/em><\/p>\n<p>Quel h\u00e9ro choisiras-tu d&rsquo;incarner dans cette course folle : Ambrose \u00e0 bord de Tanky, son char blind\u00e9 ? Bip-Bop, dans sa Futuro-Mobile, la merveille technologique ? ou Haru et son \u00c9clair Rouge, le super bolide !<\/p>\n<p>Choisis ton pilote et fonce sur la ligne de d\u00e9part, mais dans ce livre pas comme les autres, ce sont tes choix qui d\u00e9terminent ta place sur le podium.<\/p>\n<p>Tu vas pouvoir lire ce livre normalement, de gauche \u00e0 droite, mais rapidement, tu feras face \u00e0 des choix mat\u00e9rialis\u00e9s par des pages coup\u00e9es en trois. Tourne la partie de ton choix et d\u00e9couvre ce qu\u2019il va se passer. Apr\u00e8s plusieurs choix, tu arriveras \u00e0 la fin de la course\u2026 Seras-tu le nouveau champion de la course des Casse-tout ?<\/p>\n<p>Une fois la lecture termin\u00e9e, tu peux recommencer pour d\u00e9couvrir de nouveaux chemins ou essayer avec un autre personnage.<\/p>\n<p><em><span class=\"style-client-colored-text\">Ma Premi\u00e8re Aventure<\/span><\/em> est une gamme de livre jeunesse qui explore des univers diff\u00e9rents. Ces albums ludiques proposent de vivre des aventures interactives avec les enfants \u00e0 partir de 4 ans. Ils sont \u00e9galement un support id\u00e9al pour des premi\u00e8res lectures.<\/p>\n<\/div>\n<\/div>\n","protected":false},"excerpt":{"rendered":"<p>Aujourd\u2019hui, tu participes \u00e0 un grand \u00e9v\u00e8nement : La Course des Casse-Tout. Les meilleurs pilotes sont rassembl\u00e9s et pr\u00eats \u00e0<\/p>\n","protected":false},"featured_media":6550,"comment_status":"open","ping_status":"closed","template":"","meta":{"colormag_page_container_layout":"default_layout","colormag_page_sidebar_layout":"default_layout"},"product_brand":[],"product_cat":[35,33,44],"product_tag":[],"class_list":{"0":"post-6549","1":"product","2":"type-product","3":"status-publish","4":"has-post-thumbnail","6":"product_cat-jeux-jdr","7":"product_cat-jeux-enfants","8":"product_cat-jeux-solo","10":"first","11":"instock","12":"taxable","13":"shipping-taxable","14":"purchasable","15":"product-type-simple"},"yoast_head":"<!-- This site is optimized with the Yoast SEO plugin v27.4 - https:\/\/yoast.com\/product\/yoast-seo-wordpress\/ -->\n<title>La Course des Casse-Tout - Ma Premi\u00e8re Aventure - Croc Jeux<\/title>\n<meta name=\"description\" content=\"Aujourd\u2019hui, tu participes \u00e0 un grand \u00e9v\u00e8nement : La Course des Casse-Tout, o\u00f9 tout est permis !\" \/>\n<meta name=\"robots\" content=\"index, follow, max-snippet:-1, max-image-preview:large, max-video-preview:-1\" \/>\n<link rel=\"canonical\" href=\"https:\/\/crocjeux.com\/index.php\/produit\/la-course-des-casse-tout-ma-premiere-aventure\/\" \/>\n<meta property=\"og:locale\" content=\"fr_FR\" \/>\n<meta property=\"og:type\" content=\"article\" \/>\n<meta property=\"og:title\" content=\"La Course des Casse-Tout - Ma Premi\u00e8re Aventure - Croc Jeux\" \/>\n<meta property=\"og:description\" content=\"Aujourd\u2019hui, tu participes \u00e0 un grand \u00e9v\u00e8nement : La Course des Casse-Tout, o\u00f9 tout est permis !\" \/>\n<meta property=\"og:url\" content=\"https:\/\/crocjeux.com\/index.php\/produit\/la-course-des-casse-tout-ma-premiere-aventure\/\" \/>\n<meta property=\"og:site_name\" content=\"Croc Jeux\" \/>\n<meta property=\"article:modified_time\" content=\"2024-10-04T16:25:51+00:00\" \/>\n<meta property=\"og:image\" content=\"https:\/\/crocjeux.com\/wp-content\/uploads\/2024\/10\/la-course.png\" \/>\n\t<meta property=\"og:image:width\" content=\"1080\" \/>\n\t<meta property=\"og:image:height\" content=\"1080\" \/>\n\t<meta property=\"og:image:type\" content=\"image\/png\" \/>\n<meta name=\"twitter:card\" content=\"summary_large_image\" \/>\n<meta name=\"twitter:label1\" content=\"Dur\u00e9e de lecture estim\u00e9e\" \/>\n\t<meta name=\"twitter:data1\" content=\"2 minutes\" \/>\n<script type=\"application\/ld+json\" class=\"yoast-schema-graph\">{\"@context\":\"https:\\\/\\\/schema.org\",\"@graph\":[{\"@type\":\"WebPage\",\"@id\":\"https:\\\/\\\/crocjeux.com\\\/index.php\\\/produit\\\/la-course-des-casse-tout-ma-premiere-aventure\\\/\",\"url\":\"https:\\\/\\\/crocjeux.com\\\/index.php\\\/produit\\\/la-course-des-casse-tout-ma-premiere-aventure\\\/\",\"name\":\"La Course des Casse-Tout - Ma Premi\u00e8re Aventure - Croc Jeux\",\"isPartOf\":{\"@id\":\"https:\\\/\\\/crocjeux.com\\\/#website\"},\"primaryImageOfPage\":{\"@id\":\"https:\\\/\\\/crocjeux.com\\\/index.php\\\/produit\\\/la-course-des-casse-tout-ma-premiere-aventure\\\/#primaryimage\"},\"image\":{\"@id\":\"https:\\\/\\\/crocjeux.com\\\/index.php\\\/produit\\\/la-course-des-casse-tout-ma-premiere-aventure\\\/#primaryimage\"},\"thumbnailUrl\":\"https:\\\/\\\/crocjeux.com\\\/wp-content\\\/uploads\\\/2024\\\/10\\\/la-course.png\",\"datePublished\":\"2024-10-04T16:25:50+00:00\",\"dateModified\":\"2024-10-04T16:25:51+00:00\",\"description\":\"Aujourd\u2019hui, tu participes \u00e0 un grand \u00e9v\u00e8nement : La Course des Casse-Tout, o\u00f9 tout est permis !\",\"breadcrumb\":{\"@id\":\"https:\\\/\\\/crocjeux.com\\\/index.php\\\/produit\\\/la-course-des-casse-tout-ma-premiere-aventure\\\/#breadcrumb\"},\"inLanguage\":\"fr-FR\",\"potentialAction\":[{\"@type\":\"ReadAction\",\"target\":[\"https:\\\/\\\/crocjeux.com\\\/index.php\\\/produit\\\/la-course-des-casse-tout-ma-premiere-aventure\\\/\"]}]},{\"@type\":\"ImageObject\",\"inLanguage\":\"fr-FR\",\"@id\":\"https:\\\/\\\/crocjeux.com\\\/index.php\\\/produit\\\/la-course-des-casse-tout-ma-premiere-aventure\\\/#primaryimage\",\"url\":\"https:\\\/\\\/crocjeux.com\\\/wp-content\\\/uploads\\\/2024\\\/10\\\/la-course.png\",\"contentUrl\":\"https:\\\/\\\/crocjeux.com\\\/wp-content\\\/uploads\\\/2024\\\/10\\\/la-course.png\",\"width\":1080,\"height\":1080},{\"@type\":\"BreadcrumbList\",\"@id\":\"https:\\\/\\\/crocjeux.com\\\/index.php\\\/produit\\\/la-course-des-casse-tout-ma-premiere-aventure\\\/#breadcrumb\",\"itemListElement\":[{\"@type\":\"ListItem\",\"position\":1,\"name\":\"Accueil\",\"item\":\"https:\\\/\\\/crocjeux.com\\\/\"},{\"@type\":\"ListItem\",\"position\":2,\"name\":\"Boutique\",\"item\":\"https:\\\/\\\/crocjeux.com\\\/\"},{\"@type\":\"ListItem\",\"position\":3,\"name\":\"La Course des Casse-Tout &#8211; Ma Premi\u00e8re Aventure\"}]},{\"@type\":\"WebSite\",\"@id\":\"https:\\\/\\\/crocjeux.com\\\/#website\",\"url\":\"https:\\\/\\\/crocjeux.com\\\/\",\"name\":\"Croc Jeux\",\"description\":\"Bienvenue chez Croc Jeux!\",\"publisher\":{\"@id\":\"https:\\\/\\\/crocjeux.com\\\/#organization\"},\"potentialAction\":[{\"@type\":\"SearchAction\",\"target\":{\"@type\":\"EntryPoint\",\"urlTemplate\":\"https:\\\/\\\/crocjeux.com\\\/?s={search_term_string}\"},\"query-input\":{\"@type\":\"PropertyValueSpecification\",\"valueRequired\":true,\"valueName\":\"search_term_string\"}}],\"inLanguage\":\"fr-FR\"},{\"@type\":\"Organization\",\"@id\":\"https:\\\/\\\/crocjeux.com\\\/#organization\",\"name\":\"Croc Jeux\",\"url\":\"https:\\\/\\\/crocjeux.com\\\/\",\"logo\":{\"@type\":\"ImageObject\",\"inLanguage\":\"fr-FR\",\"@id\":\"https:\\\/\\\/crocjeux.com\\\/#\\\/schema\\\/logo\\\/image\\\/\",\"url\":\"https:\\\/\\\/crocjeux.com\\\/wp-content\\\/uploads\\\/2022\\\/01\\\/cropped-logo-croc-etape-1-e1644574034239.jpg\",\"contentUrl\":\"https:\\\/\\\/crocjeux.com\\\/wp-content\\\/uploads\\\/2022\\\/01\\\/cropped-logo-croc-etape-1-e1644574034239.jpg\",\"width\":1224,\"height\":314,\"caption\":\"Croc Jeux\"},\"image\":{\"@id\":\"https:\\\/\\\/crocjeux.com\\\/#\\\/schema\\\/logo\\\/image\\\/\"}}]}<\/script>\n<!-- \/ Yoast SEO plugin. -->","yoast_head_json":{"title":"La Course des Casse-Tout - Ma Premi\u00e8re Aventure - Croc Jeux","description":"Aujourd\u2019hui, tu participes \u00e0 un grand \u00e9v\u00e8nement : La Course des Casse-Tout, o\u00f9 tout est permis !","robots":{"index":"index","follow":"follow","max-snippet":"max-snippet:-1","max-image-preview":"max-image-preview:large","max-video-preview":"max-video-preview:-1"},"canonical":"https:\/\/crocjeux.com\/index.php\/produit\/la-course-des-casse-tout-ma-premiere-aventure\/","og_locale":"fr_FR","og_type":"article","og_title":"La Course des Casse-Tout - Ma Premi\u00e8re Aventure - Croc Jeux","og_description":"Aujourd\u2019hui, tu participes \u00e0 un grand \u00e9v\u00e8nement : La Course des Casse-Tout, o\u00f9 tout est permis !","og_url":"https:\/\/crocjeux.com\/index.php\/produit\/la-course-des-casse-tout-ma-premiere-aventure\/","og_site_name":"Croc Jeux","article_modified_time":"2024-10-04T16:25:51+00:00","og_image":[{"width":1080,"height":1080,"url":"https:\/\/crocjeux.com\/wp-content\/uploads\/2024\/10\/la-course.png","type":"image\/png"}],"twitter_card":"summary_large_image","twitter_misc":{"Dur\u00e9e de lecture estim\u00e9e":"2 minutes"},"schema":{"@context":"https:\/\/schema.org","@graph":[{"@type":"WebPage","@id":"https:\/\/crocjeux.com\/index.php\/produit\/la-course-des-casse-tout-ma-premiere-aventure\/","url":"https:\/\/crocjeux.com\/index.php\/produit\/la-course-des-casse-tout-ma-premiere-aventure\/","name":"La Course des Casse-Tout - Ma Premi\u00e8re Aventure - Croc Jeux","isPartOf":{"@id":"https:\/\/crocjeux.com\/#website"},"primaryImageOfPage":{"@id":"https:\/\/crocjeux.com\/index.php\/produit\/la-course-des-casse-tout-ma-premiere-aventure\/#primaryimage"},"image":{"@id":"https:\/\/crocjeux.com\/index.php\/produit\/la-course-des-casse-tout-ma-premiere-aventure\/#primaryimage"},"thumbnailUrl":"https:\/\/crocjeux.com\/wp-content\/uploads\/2024\/10\/la-course.png","datePublished":"2024-10-04T16:25:50+00:00","dateModified":"2024-10-04T16:25:51+00:00","description":"Aujourd\u2019hui, tu participes \u00e0 un grand \u00e9v\u00e8nement : La Course des Casse-Tout, o\u00f9 tout est permis !","breadcrumb":{"@id":"https:\/\/crocjeux.com\/index.php\/produit\/la-course-des-casse-tout-ma-premiere-aventure\/#breadcrumb"},"inLanguage":"fr-FR","potentialAction":[{"@type":"ReadAction","target":["https:\/\/crocjeux.com\/index.php\/produit\/la-course-des-casse-tout-ma-premiere-aventure\/"]}]},{"@type":"ImageObject","inLanguage":"fr-FR","@id":"https:\/\/crocjeux.com\/index.php\/produit\/la-course-des-casse-tout-ma-premiere-aventure\/#primaryimage","url":"https:\/\/crocjeux.com\/wp-content\/uploads\/2024\/10\/la-course.png","contentUrl":"https:\/\/crocjeux.com\/wp-content\/uploads\/2024\/10\/la-course.png","width":1080,"height":1080},{"@type":"BreadcrumbList","@id":"https:\/\/crocjeux.com\/index.php\/produit\/la-course-des-casse-tout-ma-premiere-aventure\/#breadcrumb","itemListElement":[{"@type":"ListItem","position":1,"name":"Accueil","item":"https:\/\/crocjeux.com\/"},{"@type":"ListItem","position":2,"name":"Boutique","item":"https:\/\/crocjeux.com\/"},{"@type":"ListItem","position":3,"name":"La Course des Casse-Tout &#8211; Ma Premi\u00e8re Aventure"}]},{"@type":"WebSite","@id":"https:\/\/crocjeux.com\/#website","url":"https:\/\/crocjeux.com\/","name":"Croc Jeux","description":"Bienvenue chez Croc Jeux!","publisher":{"@id":"https:\/\/crocjeux.com\/#organization"},"potentialAction":[{"@type":"SearchAction","target":{"@type":"EntryPoint","urlTemplate":"https:\/\/crocjeux.com\/?s={search_term_string}"},"query-input":{"@type":"PropertyValueSpecification","valueRequired":true,"valueName":"search_term_string"}}],"inLanguage":"fr-FR"},{"@type":"Organization","@id":"https:\/\/crocjeux.com\/#organization","name":"Croc Jeux","url":"https:\/\/crocjeux.com\/","logo":{"@type":"ImageObject","inLanguage":"fr-FR","@id":"https:\/\/crocjeux.com\/#\/schema\/logo\/image\/","url":"https:\/\/crocjeux.com\/wp-content\/uploads\/2022\/01\/cropped-logo-croc-etape-1-e1644574034239.jpg","contentUrl":"https:\/\/crocjeux.com\/wp-content\/uploads\/2022\/01\/cropped-logo-croc-etape-1-e1644574034239.jpg","width":1224,"height":314,"caption":"Croc Jeux"},"image":{"@id":"https:\/\/crocjeux.com\/#\/schema\/logo\/image\/"}}]}},"_links":{"self":[{"href":"https:\/\/crocjeux.com\/index.php\/wp-json\/wp\/v2\/product\/6549","targetHints":{"allow":["GET"]}}],"collection":[{"href":"https:\/\/crocjeux.com\/index.php\/wp-json\/wp\/v2\/product"}],"about":[{"href":"https:\/\/crocjeux.com\/index.php\/wp-json\/wp\/v2\/types\/product"}],"replies":[{"embeddable":true,"href":"https:\/\/crocjeux.com\/index.php\/wp-json\/wp\/v2\/comments?post=6549"}],"wp:featuredmedia":[{"embeddable":true,"href":"https:\/\/crocjeux.com\/index.php\/wp-json\/wp\/v2\/media\/6550"}],"wp:attachment":[{"href":"https:\/\/crocjeux.com\/index.php\/wp-json\/wp\/v2\/media?parent=6549"}],"wp:term":[{"taxonomy":"product_brand","embeddable":true,"href":"https:\/\/crocjeux.com\/index.php\/wp-json\/wp\/v2\/product_brand?post=6549"},{"taxonomy":"product_cat","embeddable":true,"href":"https:\/\/crocjeux.com\/index.php\/wp-json\/wp\/v2\/product_cat?post=6549"},{"taxonomy":"product_tag","embeddable":true,"href":"https:\/\/crocjeux.com\/index.php\/wp-json\/wp\/v2\/product_tag?post=6549"}],"curies":[{"name":"wp","href":"https:\/\/api.w.org\/{rel}","templated":true}]}}