{"id":6588,"date":"2024-10-17T14:16:03","date_gmt":"2024-10-17T13:16:03","guid":{"rendered":"https:\/\/crocjeux.com\/?post_type=product&#038;p=6588"},"modified":"2025-04-30T10:02:19","modified_gmt":"2025-04-30T09:02:19","slug":"horreur-a-arkham-jdr-linsatiable-abysse-coffret-dinitiation","status":"publish","type":"product","link":"https:\/\/crocjeux.com\/index.php\/produit\/horreur-a-arkham-jdr-linsatiable-abysse-coffret-dinitiation\/","title":{"rendered":"Horreur \u00e0 Arkham JdR &#8211; L&rsquo;Insatiable Abysse &#8211; Coffret d&rsquo;Initiation"},"content":{"rendered":"<p>Chaque jour les affiches arborant les photos de nouveaux disparus s&rsquo;ajoutent \u00e0 la pile, et des tombes sont profan\u00e9es et vid\u00e9es de leur contenu. La police semble d\u00e9bord\u00e9e et le sort de la ville repose entre les mains de ceux qui sont pr\u00eats \u00e0 risquer leur vie pour d\u00e9couvrir la v\u00e9rit\u00e9\u2026<\/p>\n<p>Ce coffret d\u2019initiation est con\u00e7u pour les d\u00e9butants et permet d\u2019apprendre les r\u00e8gles au fil de la partie, les joueuses et joueurs endossent le r\u00f4le de talentueux et audacieux investigateurs entra\u00een\u00e9s dans la merveilleuse affaire qui frappe d\u2019effroi la ville d\u2019Arkham, au plus fort des ann\u00e9es 1920.<\/p>\n<p>Jusqu\u2019\u00e0 5 joueurs et joueuses (et un meneur de jeu) peuvent tout risquer pour sauver Arkham et le monde. Que vous pratiquiez d\u00e9j\u00e0 le jeu de r\u00f4le ou qu\u2019il s\u2019agisse de votre premi\u00e8re exp\u00e9rience en mati\u00e8re de jeu de narration collaborative, ce coffret repr\u00e9sente un moyen id\u00e9al d\u2019explorer le vaste monde d\u2019Horreur \u00e0 Arkham. Elle contient toutes sortes d\u2019accessoires destin\u00e9s \u00e0 renforcer l\u2019exp\u00e9rience de jeu afin de s\u2019immerger totalement dans l\u2019histoire.<\/p>\n<p>La bo\u00eete contient 1 plateau de meneur de jeu, 1 livret d\u2019aventure, 5 dossiers d\u2019investigateur, 24 d\u00e9s \u00e0 6 faces, 3 posters double face, 16 cartes de profils d\u2019ennemis et d\u2019alli\u00e9s, 21 cartes d\u2019objets, 3 planches de pions, des aides de jeu.<\/p>\n","protected":false},"excerpt":{"rendered":"<p>Chaque jour les affiches arborant les photos de nouveaux disparus s&rsquo;ajoutent \u00e0 la pile, et des tombes sont profan\u00e9es et<\/p>\n","protected":false},"featured_media":6578,"comment_status":"open","ping_status":"closed","template":"","meta":{"colormag_page_container_layout":"default_layout","colormag_page_sidebar_layout":"default_layout"},"product_brand":[],"product_cat":[65,30,35,37],"product_tag":[],"class_list":{"0":"post-6588","1":"product","2":"type-product","3":"status-publish","4":"has-post-thumbnail","6":"product_cat-coups-de-coeur","7":"product_cat-jeux-collaboratifs","8":"product_cat-jeux-jdr","9":"product_cat-ne-ratez-pas","11":"first","12":"instock","13":"taxable","14":"shipping-taxable","15":"purchasable","16":"product-type-simple"},"yoast_head":"<!-- This site is optimized with the Yoast SEO plugin v27.4 - https:\/\/yoast.com\/product\/yoast-seo-wordpress\/ -->\n<title>Horreur \u00e0 Arkham JdR - L&#039;Insatiable Abysse - Coffret d&#039;Initiation - Croc Jeux<\/title>\n<meta name=\"robots\" content=\"index, follow, max-snippet:-1, max-image-preview:large, max-video-preview:-1\" \/>\n<link rel=\"canonical\" href=\"https:\/\/crocjeux.com\/index.php\/produit\/horreur-a-arkham-jdr-linsatiable-abysse-coffret-dinitiation\/\" \/>\n<meta property=\"og:locale\" content=\"fr_FR\" \/>\n<meta property=\"og:type\" content=\"article\" \/>\n<meta property=\"og:title\" content=\"Horreur \u00e0 Arkham JdR - L&#039;Insatiable Abysse - Coffret d&#039;Initiation - Croc Jeux\" \/>\n<meta property=\"og:description\" content=\"Chaque jour les affiches arborant les photos de nouveaux disparus s&rsquo;ajoutent \u00e0 la pile, et des tombes sont profan\u00e9es et\" \/>\n<meta property=\"og:url\" content=\"https:\/\/crocjeux.com\/index.php\/produit\/horreur-a-arkham-jdr-linsatiable-abysse-coffret-dinitiation\/\" \/>\n<meta property=\"og:site_name\" content=\"Croc Jeux\" \/>\n<meta property=\"article:modified_time\" content=\"2025-04-30T09:02:19+00:00\" \/>\n<meta property=\"og:image\" content=\"https:\/\/crocjeux.com\/wp-content\/uploads\/2024\/10\/Horreur-a-Arkham-jdr1.png\" \/>\n\t<meta property=\"og:image:width\" content=\"1080\" \/>\n\t<meta property=\"og:image:height\" content=\"1080\" \/>\n\t<meta property=\"og:image:type\" content=\"image\/png\" \/>\n<meta name=\"twitter:card\" content=\"summary_large_image\" \/>\n<meta name=\"twitter:label1\" content=\"Dur\u00e9e de lecture estim\u00e9e\" \/>\n\t<meta name=\"twitter:data1\" content=\"2 minutes\" \/>\n<script type=\"application\/ld+json\" class=\"yoast-schema-graph\">{\"@context\":\"https:\\\/\\\/schema.org\",\"@graph\":[{\"@type\":\"WebPage\",\"@id\":\"https:\\\/\\\/crocjeux.com\\\/index.php\\\/produit\\\/horreur-a-arkham-jdr-linsatiable-abysse-coffret-dinitiation\\\/\",\"url\":\"https:\\\/\\\/crocjeux.com\\\/index.php\\\/produit\\\/horreur-a-arkham-jdr-linsatiable-abysse-coffret-dinitiation\\\/\",\"name\":\"Horreur \u00e0 Arkham JdR - L'Insatiable Abysse - Coffret d'Initiation - Croc Jeux\",\"isPartOf\":{\"@id\":\"https:\\\/\\\/crocjeux.com\\\/#website\"},\"primaryImageOfPage\":{\"@id\":\"https:\\\/\\\/crocjeux.com\\\/index.php\\\/produit\\\/horreur-a-arkham-jdr-linsatiable-abysse-coffret-dinitiation\\\/#primaryimage\"},\"image\":{\"@id\":\"https:\\\/\\\/crocjeux.com\\\/index.php\\\/produit\\\/horreur-a-arkham-jdr-linsatiable-abysse-coffret-dinitiation\\\/#primaryimage\"},\"thumbnailUrl\":\"https:\\\/\\\/crocjeux.com\\\/wp-content\\\/uploads\\\/2024\\\/10\\\/Horreur-a-Arkham-jdr1.png\",\"datePublished\":\"2024-10-17T13:16:03+00:00\",\"dateModified\":\"2025-04-30T09:02:19+00:00\",\"breadcrumb\":{\"@id\":\"https:\\\/\\\/crocjeux.com\\\/index.php\\\/produit\\\/horreur-a-arkham-jdr-linsatiable-abysse-coffret-dinitiation\\\/#breadcrumb\"},\"inLanguage\":\"fr-FR\",\"potentialAction\":[{\"@type\":\"ReadAction\",\"target\":[\"https:\\\/\\\/crocjeux.com\\\/index.php\\\/produit\\\/horreur-a-arkham-jdr-linsatiable-abysse-coffret-dinitiation\\\/\"]}]},{\"@type\":\"ImageObject\",\"inLanguage\":\"fr-FR\",\"@id\":\"https:\\\/\\\/crocjeux.com\\\/index.php\\\/produit\\\/horreur-a-arkham-jdr-linsatiable-abysse-coffret-dinitiation\\\/#primaryimage\",\"url\":\"https:\\\/\\\/crocjeux.com\\\/wp-content\\\/uploads\\\/2024\\\/10\\\/Horreur-a-Arkham-jdr1.png\",\"contentUrl\":\"https:\\\/\\\/crocjeux.com\\\/wp-content\\\/uploads\\\/2024\\\/10\\\/Horreur-a-Arkham-jdr1.png\",\"width\":1080,\"height\":1080},{\"@type\":\"BreadcrumbList\",\"@id\":\"https:\\\/\\\/crocjeux.com\\\/index.php\\\/produit\\\/horreur-a-arkham-jdr-linsatiable-abysse-coffret-dinitiation\\\/#breadcrumb\",\"itemListElement\":[{\"@type\":\"ListItem\",\"position\":1,\"name\":\"Accueil\",\"item\":\"https:\\\/\\\/crocjeux.com\\\/\"},{\"@type\":\"ListItem\",\"position\":2,\"name\":\"Boutique\",\"item\":\"https:\\\/\\\/crocjeux.com\\\/\"},{\"@type\":\"ListItem\",\"position\":3,\"name\":\"Horreur \u00e0 Arkham JdR &#8211; L&rsquo;Insatiable Abysse &#8211; Coffret d&rsquo;Initiation\"}]},{\"@type\":\"WebSite\",\"@id\":\"https:\\\/\\\/crocjeux.com\\\/#website\",\"url\":\"https:\\\/\\\/crocjeux.com\\\/\",\"name\":\"Croc Jeux\",\"description\":\"Bienvenue chez Croc Jeux!\",\"publisher\":{\"@id\":\"https:\\\/\\\/crocjeux.com\\\/#organization\"},\"potentialAction\":[{\"@type\":\"SearchAction\",\"target\":{\"@type\":\"EntryPoint\",\"urlTemplate\":\"https:\\\/\\\/crocjeux.com\\\/?s={search_term_string}\"},\"query-input\":{\"@type\":\"PropertyValueSpecification\",\"valueRequired\":true,\"valueName\":\"search_term_string\"}}],\"inLanguage\":\"fr-FR\"},{\"@type\":\"Organization\",\"@id\":\"https:\\\/\\\/crocjeux.com\\\/#organization\",\"name\":\"Croc Jeux\",\"url\":\"https:\\\/\\\/crocjeux.com\\\/\",\"logo\":{\"@type\":\"ImageObject\",\"inLanguage\":\"fr-FR\",\"@id\":\"https:\\\/\\\/crocjeux.com\\\/#\\\/schema\\\/logo\\\/image\\\/\",\"url\":\"https:\\\/\\\/crocjeux.com\\\/wp-content\\\/uploads\\\/2022\\\/01\\\/cropped-logo-croc-etape-1-e1644574034239.jpg\",\"contentUrl\":\"https:\\\/\\\/crocjeux.com\\\/wp-content\\\/uploads\\\/2022\\\/01\\\/cropped-logo-croc-etape-1-e1644574034239.jpg\",\"width\":1224,\"height\":314,\"caption\":\"Croc Jeux\"},\"image\":{\"@id\":\"https:\\\/\\\/crocjeux.com\\\/#\\\/schema\\\/logo\\\/image\\\/\"}}]}<\/script>\n<!-- \/ Yoast SEO plugin. -->","yoast_head_json":{"title":"Horreur \u00e0 Arkham JdR - L'Insatiable Abysse - Coffret d'Initiation - Croc Jeux","robots":{"index":"index","follow":"follow","max-snippet":"max-snippet:-1","max-image-preview":"max-image-preview:large","max-video-preview":"max-video-preview:-1"},"canonical":"https:\/\/crocjeux.com\/index.php\/produit\/horreur-a-arkham-jdr-linsatiable-abysse-coffret-dinitiation\/","og_locale":"fr_FR","og_type":"article","og_title":"Horreur \u00e0 Arkham JdR - L'Insatiable Abysse - Coffret d'Initiation - Croc Jeux","og_description":"Chaque jour les affiches arborant les photos de nouveaux disparus s&rsquo;ajoutent \u00e0 la pile, et des tombes sont profan\u00e9es et","og_url":"https:\/\/crocjeux.com\/index.php\/produit\/horreur-a-arkham-jdr-linsatiable-abysse-coffret-dinitiation\/","og_site_name":"Croc Jeux","article_modified_time":"2025-04-30T09:02:19+00:00","og_image":[{"width":1080,"height":1080,"url":"https:\/\/crocjeux.com\/wp-content\/uploads\/2024\/10\/Horreur-a-Arkham-jdr1.png","type":"image\/png"}],"twitter_card":"summary_large_image","twitter_misc":{"Dur\u00e9e de lecture estim\u00e9e":"2 minutes"},"schema":{"@context":"https:\/\/schema.org","@graph":[{"@type":"WebPage","@id":"https:\/\/crocjeux.com\/index.php\/produit\/horreur-a-arkham-jdr-linsatiable-abysse-coffret-dinitiation\/","url":"https:\/\/crocjeux.com\/index.php\/produit\/horreur-a-arkham-jdr-linsatiable-abysse-coffret-dinitiation\/","name":"Horreur \u00e0 Arkham JdR - L'Insatiable Abysse - Coffret d'Initiation - Croc Jeux","isPartOf":{"@id":"https:\/\/crocjeux.com\/#website"},"primaryImageOfPage":{"@id":"https:\/\/crocjeux.com\/index.php\/produit\/horreur-a-arkham-jdr-linsatiable-abysse-coffret-dinitiation\/#primaryimage"},"image":{"@id":"https:\/\/crocjeux.com\/index.php\/produit\/horreur-a-arkham-jdr-linsatiable-abysse-coffret-dinitiation\/#primaryimage"},"thumbnailUrl":"https:\/\/crocjeux.com\/wp-content\/uploads\/2024\/10\/Horreur-a-Arkham-jdr1.png","datePublished":"2024-10-17T13:16:03+00:00","dateModified":"2025-04-30T09:02:19+00:00","breadcrumb":{"@id":"https:\/\/crocjeux.com\/index.php\/produit\/horreur-a-arkham-jdr-linsatiable-abysse-coffret-dinitiation\/#breadcrumb"},"inLanguage":"fr-FR","potentialAction":[{"@type":"ReadAction","target":["https:\/\/crocjeux.com\/index.php\/produit\/horreur-a-arkham-jdr-linsatiable-abysse-coffret-dinitiation\/"]}]},{"@type":"ImageObject","inLanguage":"fr-FR","@id":"https:\/\/crocjeux.com\/index.php\/produit\/horreur-a-arkham-jdr-linsatiable-abysse-coffret-dinitiation\/#primaryimage","url":"https:\/\/crocjeux.com\/wp-content\/uploads\/2024\/10\/Horreur-a-Arkham-jdr1.png","contentUrl":"https:\/\/crocjeux.com\/wp-content\/uploads\/2024\/10\/Horreur-a-Arkham-jdr1.png","width":1080,"height":1080},{"@type":"BreadcrumbList","@id":"https:\/\/crocjeux.com\/index.php\/produit\/horreur-a-arkham-jdr-linsatiable-abysse-coffret-dinitiation\/#breadcrumb","itemListElement":[{"@type":"ListItem","position":1,"name":"Accueil","item":"https:\/\/crocjeux.com\/"},{"@type":"ListItem","position":2,"name":"Boutique","item":"https:\/\/crocjeux.com\/"},{"@type":"ListItem","position":3,"name":"Horreur \u00e0 Arkham JdR &#8211; L&rsquo;Insatiable Abysse &#8211; Coffret d&rsquo;Initiation"}]},{"@type":"WebSite","@id":"https:\/\/crocjeux.com\/#website","url":"https:\/\/crocjeux.com\/","name":"Croc Jeux","description":"Bienvenue chez Croc Jeux!","publisher":{"@id":"https:\/\/crocjeux.com\/#organization"},"potentialAction":[{"@type":"SearchAction","target":{"@type":"EntryPoint","urlTemplate":"https:\/\/crocjeux.com\/?s={search_term_string}"},"query-input":{"@type":"PropertyValueSpecification","valueRequired":true,"valueName":"search_term_string"}}],"inLanguage":"fr-FR"},{"@type":"Organization","@id":"https:\/\/crocjeux.com\/#organization","name":"Croc Jeux","url":"https:\/\/crocjeux.com\/","logo":{"@type":"ImageObject","inLanguage":"fr-FR","@id":"https:\/\/crocjeux.com\/#\/schema\/logo\/image\/","url":"https:\/\/crocjeux.com\/wp-content\/uploads\/2022\/01\/cropped-logo-croc-etape-1-e1644574034239.jpg","contentUrl":"https:\/\/crocjeux.com\/wp-content\/uploads\/2022\/01\/cropped-logo-croc-etape-1-e1644574034239.jpg","width":1224,"height":314,"caption":"Croc Jeux"},"image":{"@id":"https:\/\/crocjeux.com\/#\/schema\/logo\/image\/"}}]}},"_links":{"self":[{"href":"https:\/\/crocjeux.com\/index.php\/wp-json\/wp\/v2\/product\/6588","targetHints":{"allow":["GET"]}}],"collection":[{"href":"https:\/\/crocjeux.com\/index.php\/wp-json\/wp\/v2\/product"}],"about":[{"href":"https:\/\/crocjeux.com\/index.php\/wp-json\/wp\/v2\/types\/product"}],"replies":[{"embeddable":true,"href":"https:\/\/crocjeux.com\/index.php\/wp-json\/wp\/v2\/comments?post=6588"}],"wp:featuredmedia":[{"embeddable":true,"href":"https:\/\/crocjeux.com\/index.php\/wp-json\/wp\/v2\/media\/6578"}],"wp:attachment":[{"href":"https:\/\/crocjeux.com\/index.php\/wp-json\/wp\/v2\/media?parent=6588"}],"wp:term":[{"taxonomy":"product_brand","embeddable":true,"href":"https:\/\/crocjeux.com\/index.php\/wp-json\/wp\/v2\/product_brand?post=6588"},{"taxonomy":"product_cat","embeddable":true,"href":"https:\/\/crocjeux.com\/index.php\/wp-json\/wp\/v2\/product_cat?post=6588"},{"taxonomy":"product_tag","embeddable":true,"href":"https:\/\/crocjeux.com\/index.php\/wp-json\/wp\/v2\/product_tag?post=6588"}],"curies":[{"name":"wp","href":"https:\/\/api.w.org\/{rel}","templated":true}]}}