{"id":66,"date":"2020-10-29T10:42:13","date_gmt":"2020-10-29T09:42:13","guid":{"rendered":"https:\/\/crocjeux.com\/?post_type=product&#038;p=66"},"modified":"2023-12-28T14:22:54","modified_gmt":"2023-12-28T13:22:54","slug":"les-aventuriers-du-rail-europe","status":"publish","type":"product","link":"https:\/\/crocjeux.com\/index.php\/produit\/les-aventuriers-du-rail-europe\/","title":{"rendered":"Les Aventuriers du Rail &#8211; Europe"},"content":{"rendered":"<h2>Les Aventuriers du Rail Europe, cap sur le Vieux Continent<\/h2>\n<p>Des remparts d\u2019Edimbourg aux docks de Constantinople, des ruelles poussi\u00e9reuses de Pampelune aux quais gel\u00e9s de la grande gare de Saint-P\u00e9tersbourg, ce deuxi\u00e8me volume de la s\u00e9rie \u00e0 succ\u00e8s, Les Aventuriers du Rail, vous transporte dans l\u2019Europe des ann\u00e9es 1900.<\/p>\n<h2>Les Aventuriers du Rail Europe, plus qu&rsquo;une nouvelle carte<\/h2>\n<p>Ce deuxi\u00e8me opus dont l&rsquo;action se d\u00e9roule en Europe se distingue de son a\u00een\u00e9 am\u00e9ricain par bien des aspects.<br \/>\nAvec les tunnels et les ferries, Les Aventuriers du Rail Europe int\u00e8gre de nouvelles routes, ce qui apporte au jeu une nouvelle part de chance. Cette version europ\u00e9enne, incorpore \u00e9galement de nouvelles pi\u00e8ces de jeu, les gares, ainsi que de nouvelles cartes \u00e0 jouer grand format qui viennent compl\u00e9ter le traitement de premi\u00e8re classe. La carte d&rsquo;Europe int\u00e8gre plus de petites routes, ce qui rend les choix de strat\u00e9gie moins \u00e9vidents et augmente les possibilit\u00e9s de jeu.<\/p>\n<h2>Les Aventuriers du Rail Europe, une m\u00e9canique de base inchang\u00e9e<\/h2>\n<p>Dans ce jeu, replongez dans l&rsquo;\u00e2ge d&rsquo;or du chemin de fer. Lancez-vous \u00e0 la conqu\u00eate du rail et tentez de prendre le contr\u00f4le du r\u00e9seau ferroviaire europ\u00e9en en reliant un maximum de villes entre elles. Commencez la partie en piochant vos objectifs et partez \u00e0 l&rsquo;assaut des chemins de fer. Les objectifs repr\u00e9sentent les liaisons entre deux villes que vous devrez imp\u00e9rativement \u00e9tablir. Ils sont tr\u00e8s importants pour le d\u00e9roulement de la partie, car s&rsquo;ils ne sont pas remplis \u00e0 la fin de la partie, vous obtiendrez un malus par objectif non respect\u00e9. Un joueur prend le contr\u00f4le d&rsquo;une ligne en utilisant des cartes de la m\u00eame couleur que la voie. Une fois contr\u00f4l\u00e9e, la ligne appartient au joueur et plus aucun participant ne peut en prendre le contr\u00f4le.<br \/>\nIl y a quatre fa\u00e7ons de marquer des points\u00a0:<\/p>\n<ul>\n<li>En construisant des sections de chemins de fer<\/li>\n<li>En remplissant ses objectifs<\/li>\n<li>En construisant des gares<\/li>\n<li>En ayant la ligne ferroviaire la plus longue<\/li>\n<\/ul>\n<p>Le joueur qui obtient le plus grand nombre de points remporte la partie.<\/p>\n<h2>Les Aventuriers du Rail Europe, un jeu r\u00e9compens\u00e9<\/h2>\n<p>Tout comme son pr\u00e9d\u00e9cesseur, ce nouveau volume a \u00e9t\u00e9 \u00e9lu jeu de l\u2019ann\u00e9e dans de nombreux pays lors de sa sortie. Ce succ\u00e8s repose sur les m\u00eames bases que le premier volet. Le jeu reste simple, \u00e9l\u00e9gant et facile \u00e0 apprendre.<\/p>\n<p>Les Aventuriers du Rail Europe ne n\u00e9cessite pas la premi\u00e8re version.<\/p>\n","protected":false},"excerpt":{"rendered":"<section id=\"tab-description\" class=\"page-product-box r-tabs-panel r-tabs-state-active\">\n<div class=\"rte\">\n<p>Dans Les Aventuriers du Rail Europe, partez \u00e0 l&rsquo;assaut du r\u00e9seau ferroviaire europ\u00e9en. Des remparts d&rsquo;Edimbourg aux docks de Constantinople, des ruelles poussi\u00e9reuses de Pampelune aux quais gel\u00e9s de la grande gare de Saint-P\u00e9tersbourg, ce 2\u00e8me volume vous emm\u00e8ne \u00e0 la d\u00e9couverte de l&rsquo;Europe des ann\u00e9es 1900.<\/p>\n<\/div>\n<\/section>\n","protected":false},"featured_media":2375,"comment_status":"open","ping_status":"closed","template":"","meta":{"colormag_page_container_layout":"default_layout","colormag_page_sidebar_layout":"default_layout"},"product_brand":[],"product_cat":[43,67,69,91,92,37],"product_tag":[],"class_list":{"0":"post-66","1":"product","2":"type-product","3":"status-publish","4":"has-post-thumbnail","6":"product_cat-grand-classique","7":"product_cat-aventuriers-du-rail-ne-ratez-pas","8":"product_cat-aventuriers-du-rail-jouez-a-deux","9":"product_cat-aventuriers-du-rail-jeux-strategie","10":"product_cat-aventuriers-du-rail-jeux-familliaux","11":"product_cat-ne-ratez-pas","13":"first","14":"instock","15":"taxable","16":"shipping-taxable","17":"purchasable","18":"product-type-simple"},"yoast_head":"<!-- This site is optimized with the Yoast SEO plugin v27.4 - https:\/\/yoast.com\/product\/yoast-seo-wordpress\/ -->\n<title>Les Aventuriers du Rail - Europe - Croc Jeux<\/title>\n<meta name=\"robots\" content=\"index, follow, max-snippet:-1, max-image-preview:large, max-video-preview:-1\" \/>\n<link rel=\"canonical\" href=\"https:\/\/crocjeux.com\/index.php\/produit\/les-aventuriers-du-rail-europe\/\" \/>\n<meta property=\"og:locale\" content=\"fr_FR\" \/>\n<meta property=\"og:type\" content=\"article\" \/>\n<meta property=\"og:title\" content=\"Les Aventuriers du Rail - Europe - Croc Jeux\" \/>\n<meta property=\"og:description\" content=\"Dans Les Aventuriers du Rail Europe, partez \u00e0 l&#039;assaut du r\u00e9seau ferroviaire europ\u00e9en. Des remparts d&#039;Edimbourg aux docks de Constantinople, des ruelles poussi\u00e9reuses de Pampelune aux quais gel\u00e9s de la grande gare de Saint-P\u00e9tersbourg, ce 2\u00e8me volume vous emm\u00e8ne \u00e0 la d\u00e9couverte de l&#039;Europe des ann\u00e9es 1900.\" \/>\n<meta property=\"og:url\" content=\"https:\/\/crocjeux.com\/index.php\/produit\/les-aventuriers-du-rail-europe\/\" \/>\n<meta property=\"og:site_name\" content=\"Croc Jeux\" \/>\n<meta property=\"article:modified_time\" content=\"2023-12-28T13:22:54+00:00\" \/>\n<meta property=\"og:image\" content=\"https:\/\/crocjeux.com\/wp-content\/uploads\/2020\/10\/aventuriers-du-rail-europe.png\" \/>\n\t<meta property=\"og:image:width\" content=\"873\" \/>\n\t<meta property=\"og:image:height\" content=\"895\" \/>\n\t<meta property=\"og:image:type\" content=\"image\/png\" \/>\n<meta name=\"twitter:card\" content=\"summary_large_image\" \/>\n<meta name=\"twitter:label1\" content=\"Dur\u00e9e de lecture estim\u00e9e\" \/>\n\t<meta name=\"twitter:data1\" content=\"2 minutes\" \/>\n<script type=\"application\/ld+json\" class=\"yoast-schema-graph\">{\"@context\":\"https:\\\/\\\/schema.org\",\"@graph\":[{\"@type\":\"WebPage\",\"@id\":\"https:\\\/\\\/crocjeux.com\\\/index.php\\\/produit\\\/les-aventuriers-du-rail-europe\\\/\",\"url\":\"https:\\\/\\\/crocjeux.com\\\/index.php\\\/produit\\\/les-aventuriers-du-rail-europe\\\/\",\"name\":\"Les Aventuriers du Rail - Europe - Croc Jeux\",\"isPartOf\":{\"@id\":\"https:\\\/\\\/crocjeux.com\\\/#website\"},\"primaryImageOfPage\":{\"@id\":\"https:\\\/\\\/crocjeux.com\\\/index.php\\\/produit\\\/les-aventuriers-du-rail-europe\\\/#primaryimage\"},\"image\":{\"@id\":\"https:\\\/\\\/crocjeux.com\\\/index.php\\\/produit\\\/les-aventuriers-du-rail-europe\\\/#primaryimage\"},\"thumbnailUrl\":\"https:\\\/\\\/crocjeux.com\\\/wp-content\\\/uploads\\\/2020\\\/10\\\/aventuriers-du-rail-europe.png\",\"datePublished\":\"2020-10-29T09:42:13+00:00\",\"dateModified\":\"2023-12-28T13:22:54+00:00\",\"breadcrumb\":{\"@id\":\"https:\\\/\\\/crocjeux.com\\\/index.php\\\/produit\\\/les-aventuriers-du-rail-europe\\\/#breadcrumb\"},\"inLanguage\":\"fr-FR\",\"potentialAction\":[{\"@type\":\"ReadAction\",\"target\":[\"https:\\\/\\\/crocjeux.com\\\/index.php\\\/produit\\\/les-aventuriers-du-rail-europe\\\/\"]}]},{\"@type\":\"ImageObject\",\"inLanguage\":\"fr-FR\",\"@id\":\"https:\\\/\\\/crocjeux.com\\\/index.php\\\/produit\\\/les-aventuriers-du-rail-europe\\\/#primaryimage\",\"url\":\"https:\\\/\\\/crocjeux.com\\\/wp-content\\\/uploads\\\/2020\\\/10\\\/aventuriers-du-rail-europe.png\",\"contentUrl\":\"https:\\\/\\\/crocjeux.com\\\/wp-content\\\/uploads\\\/2020\\\/10\\\/aventuriers-du-rail-europe.png\",\"width\":873,\"height\":895},{\"@type\":\"BreadcrumbList\",\"@id\":\"https:\\\/\\\/crocjeux.com\\\/index.php\\\/produit\\\/les-aventuriers-du-rail-europe\\\/#breadcrumb\",\"itemListElement\":[{\"@type\":\"ListItem\",\"position\":1,\"name\":\"Accueil\",\"item\":\"https:\\\/\\\/crocjeux.com\\\/\"},{\"@type\":\"ListItem\",\"position\":2,\"name\":\"Boutique\",\"item\":\"https:\\\/\\\/crocjeux.com\\\/\"},{\"@type\":\"ListItem\",\"position\":3,\"name\":\"Les Aventuriers du Rail &#8211; Europe\"}]},{\"@type\":\"WebSite\",\"@id\":\"https:\\\/\\\/crocjeux.com\\\/#website\",\"url\":\"https:\\\/\\\/crocjeux.com\\\/\",\"name\":\"Croc Jeux\",\"description\":\"Bienvenue chez Croc Jeux!\",\"publisher\":{\"@id\":\"https:\\\/\\\/crocjeux.com\\\/#organization\"},\"potentialAction\":[{\"@type\":\"SearchAction\",\"target\":{\"@type\":\"EntryPoint\",\"urlTemplate\":\"https:\\\/\\\/crocjeux.com\\\/?s={search_term_string}\"},\"query-input\":{\"@type\":\"PropertyValueSpecification\",\"valueRequired\":true,\"valueName\":\"search_term_string\"}}],\"inLanguage\":\"fr-FR\"},{\"@type\":\"Organization\",\"@id\":\"https:\\\/\\\/crocjeux.com\\\/#organization\",\"name\":\"Croc Jeux\",\"url\":\"https:\\\/\\\/crocjeux.com\\\/\",\"logo\":{\"@type\":\"ImageObject\",\"inLanguage\":\"fr-FR\",\"@id\":\"https:\\\/\\\/crocjeux.com\\\/#\\\/schema\\\/logo\\\/image\\\/\",\"url\":\"https:\\\/\\\/crocjeux.com\\\/wp-content\\\/uploads\\\/2022\\\/01\\\/cropped-logo-croc-etape-1-e1644574034239.jpg\",\"contentUrl\":\"https:\\\/\\\/crocjeux.com\\\/wp-content\\\/uploads\\\/2022\\\/01\\\/cropped-logo-croc-etape-1-e1644574034239.jpg\",\"width\":1224,\"height\":314,\"caption\":\"Croc Jeux\"},\"image\":{\"@id\":\"https:\\\/\\\/crocjeux.com\\\/#\\\/schema\\\/logo\\\/image\\\/\"}}]}<\/script>\n<!-- \/ Yoast SEO plugin. -->","yoast_head_json":{"title":"Les Aventuriers du Rail - Europe - Croc Jeux","robots":{"index":"index","follow":"follow","max-snippet":"max-snippet:-1","max-image-preview":"max-image-preview:large","max-video-preview":"max-video-preview:-1"},"canonical":"https:\/\/crocjeux.com\/index.php\/produit\/les-aventuriers-du-rail-europe\/","og_locale":"fr_FR","og_type":"article","og_title":"Les Aventuriers du Rail - Europe - Croc Jeux","og_description":"Dans Les Aventuriers du Rail Europe, partez \u00e0 l'assaut du r\u00e9seau ferroviaire europ\u00e9en. Des remparts d'Edimbourg aux docks de Constantinople, des ruelles poussi\u00e9reuses de Pampelune aux quais gel\u00e9s de la grande gare de Saint-P\u00e9tersbourg, ce 2\u00e8me volume vous emm\u00e8ne \u00e0 la d\u00e9couverte de l'Europe des ann\u00e9es 1900.","og_url":"https:\/\/crocjeux.com\/index.php\/produit\/les-aventuriers-du-rail-europe\/","og_site_name":"Croc Jeux","article_modified_time":"2023-12-28T13:22:54+00:00","og_image":[{"width":873,"height":895,"url":"https:\/\/crocjeux.com\/wp-content\/uploads\/2020\/10\/aventuriers-du-rail-europe.png","type":"image\/png"}],"twitter_card":"summary_large_image","twitter_misc":{"Dur\u00e9e de lecture estim\u00e9e":"2 minutes"},"schema":{"@context":"https:\/\/schema.org","@graph":[{"@type":"WebPage","@id":"https:\/\/crocjeux.com\/index.php\/produit\/les-aventuriers-du-rail-europe\/","url":"https:\/\/crocjeux.com\/index.php\/produit\/les-aventuriers-du-rail-europe\/","name":"Les Aventuriers du Rail - Europe - Croc Jeux","isPartOf":{"@id":"https:\/\/crocjeux.com\/#website"},"primaryImageOfPage":{"@id":"https:\/\/crocjeux.com\/index.php\/produit\/les-aventuriers-du-rail-europe\/#primaryimage"},"image":{"@id":"https:\/\/crocjeux.com\/index.php\/produit\/les-aventuriers-du-rail-europe\/#primaryimage"},"thumbnailUrl":"https:\/\/crocjeux.com\/wp-content\/uploads\/2020\/10\/aventuriers-du-rail-europe.png","datePublished":"2020-10-29T09:42:13+00:00","dateModified":"2023-12-28T13:22:54+00:00","breadcrumb":{"@id":"https:\/\/crocjeux.com\/index.php\/produit\/les-aventuriers-du-rail-europe\/#breadcrumb"},"inLanguage":"fr-FR","potentialAction":[{"@type":"ReadAction","target":["https:\/\/crocjeux.com\/index.php\/produit\/les-aventuriers-du-rail-europe\/"]}]},{"@type":"ImageObject","inLanguage":"fr-FR","@id":"https:\/\/crocjeux.com\/index.php\/produit\/les-aventuriers-du-rail-europe\/#primaryimage","url":"https:\/\/crocjeux.com\/wp-content\/uploads\/2020\/10\/aventuriers-du-rail-europe.png","contentUrl":"https:\/\/crocjeux.com\/wp-content\/uploads\/2020\/10\/aventuriers-du-rail-europe.png","width":873,"height":895},{"@type":"BreadcrumbList","@id":"https:\/\/crocjeux.com\/index.php\/produit\/les-aventuriers-du-rail-europe\/#breadcrumb","itemListElement":[{"@type":"ListItem","position":1,"name":"Accueil","item":"https:\/\/crocjeux.com\/"},{"@type":"ListItem","position":2,"name":"Boutique","item":"https:\/\/crocjeux.com\/"},{"@type":"ListItem","position":3,"name":"Les Aventuriers du Rail &#8211; Europe"}]},{"@type":"WebSite","@id":"https:\/\/crocjeux.com\/#website","url":"https:\/\/crocjeux.com\/","name":"Croc Jeux","description":"Bienvenue chez Croc Jeux!","publisher":{"@id":"https:\/\/crocjeux.com\/#organization"},"potentialAction":[{"@type":"SearchAction","target":{"@type":"EntryPoint","urlTemplate":"https:\/\/crocjeux.com\/?s={search_term_string}"},"query-input":{"@type":"PropertyValueSpecification","valueRequired":true,"valueName":"search_term_string"}}],"inLanguage":"fr-FR"},{"@type":"Organization","@id":"https:\/\/crocjeux.com\/#organization","name":"Croc Jeux","url":"https:\/\/crocjeux.com\/","logo":{"@type":"ImageObject","inLanguage":"fr-FR","@id":"https:\/\/crocjeux.com\/#\/schema\/logo\/image\/","url":"https:\/\/crocjeux.com\/wp-content\/uploads\/2022\/01\/cropped-logo-croc-etape-1-e1644574034239.jpg","contentUrl":"https:\/\/crocjeux.com\/wp-content\/uploads\/2022\/01\/cropped-logo-croc-etape-1-e1644574034239.jpg","width":1224,"height":314,"caption":"Croc Jeux"},"image":{"@id":"https:\/\/crocjeux.com\/#\/schema\/logo\/image\/"}}]}},"_links":{"self":[{"href":"https:\/\/crocjeux.com\/index.php\/wp-json\/wp\/v2\/product\/66","targetHints":{"allow":["GET"]}}],"collection":[{"href":"https:\/\/crocjeux.com\/index.php\/wp-json\/wp\/v2\/product"}],"about":[{"href":"https:\/\/crocjeux.com\/index.php\/wp-json\/wp\/v2\/types\/product"}],"replies":[{"embeddable":true,"href":"https:\/\/crocjeux.com\/index.php\/wp-json\/wp\/v2\/comments?post=66"}],"wp:featuredmedia":[{"embeddable":true,"href":"https:\/\/crocjeux.com\/index.php\/wp-json\/wp\/v2\/media\/2375"}],"wp:attachment":[{"href":"https:\/\/crocjeux.com\/index.php\/wp-json\/wp\/v2\/media?parent=66"}],"wp:term":[{"taxonomy":"product_brand","embeddable":true,"href":"https:\/\/crocjeux.com\/index.php\/wp-json\/wp\/v2\/product_brand?post=66"},{"taxonomy":"product_cat","embeddable":true,"href":"https:\/\/crocjeux.com\/index.php\/wp-json\/wp\/v2\/product_cat?post=66"},{"taxonomy":"product_tag","embeddable":true,"href":"https:\/\/crocjeux.com\/index.php\/wp-json\/wp\/v2\/product_tag?post=66"}],"curies":[{"name":"wp","href":"https:\/\/api.w.org\/{rel}","templated":true}]}}