{"id":6605,"date":"2024-10-24T17:04:08","date_gmt":"2024-10-24T16:04:08","guid":{"rendered":"https:\/\/crocjeux.com\/?post_type=product&#038;p=6605"},"modified":"2025-04-30T10:01:26","modified_gmt":"2025-04-30T09:01:26","slug":"casting-shadows-extension-tempete-de-glace","status":"publish","type":"product","link":"https:\/\/crocjeux.com\/index.php\/produit\/casting-shadows-extension-tempete-de-glace\/","title":{"rendered":"Casting Shadows Extension Temp\u00eate de Glace"},"content":{"rendered":"<p>Cette premi\u00e8re extension pour Casting Shadows ajoute 2 nouveaux Personnages, 3 nouvelles tuiles Lieu et 34 cartes \u00e0 vos parties, ce qui vous permettra d\u2019y convier jusqu\u2019\u00e0 6 joueurs et d\u2019\u00e9voluer sur un Territoire plus grand. Gr\u00e2ce \u00e0 cette extension, vos ennemis se retrouveront Transis et Assomm\u00e9s : leurs d\u00e9placements et leurs r\u00e9serves de Ressources seront limit\u00e9s. Cette nouvelle magie vous m\u00e8nera-t-elle \u00e0 la victoire ou signera-t-elle votre d\u00e9faite\u2009?<\/p>\n","protected":false},"excerpt":{"rendered":"<p>Cette premi\u00e8re extension pour Casting Shadows ajoute 2 nouveaux Personnages, 3 nouvelles tuiles Lieu et 34 cartes \u00e0 vos parties,<\/p>\n","protected":false},"featured_media":6606,"comment_status":"open","ping_status":"closed","template":"","meta":{"colormag_page_container_layout":"default_layout","colormag_page_sidebar_layout":"default_layout"},"product_brand":[],"product_cat":[18,29],"product_tag":[],"class_list":{"0":"post-6605","1":"product","2":"type-product","3":"status-publish","4":"has-post-thumbnail","6":"product_cat-jeux-de-strategie","7":"product_cat-jeux-2-joueurs","9":"first","10":"instock","11":"taxable","12":"shipping-taxable","13":"purchasable","14":"product-type-simple"},"yoast_head":"<!-- This site is optimized with the Yoast SEO plugin v27.1.1 - https:\/\/yoast.com\/product\/yoast-seo-wordpress\/ -->\n<title>Casting Shadows Extension Temp\u00eate de Glace - Croc Jeux<\/title>\n<meta name=\"robots\" content=\"index, follow, max-snippet:-1, max-image-preview:large, max-video-preview:-1\" \/>\n<link rel=\"canonical\" href=\"https:\/\/crocjeux.com\/index.php\/produit\/casting-shadows-extension-tempete-de-glace\/\" \/>\n<meta property=\"og:locale\" content=\"fr_FR\" \/>\n<meta property=\"og:type\" content=\"article\" \/>\n<meta property=\"og:title\" content=\"Casting Shadows Extension Temp\u00eate de Glace - Croc Jeux\" \/>\n<meta property=\"og:description\" content=\"Cette premi\u00e8re extension pour Casting Shadows ajoute 2 nouveaux Personnages, 3 nouvelles tuiles Lieu et 34 cartes \u00e0 vos parties,\" \/>\n<meta property=\"og:url\" content=\"https:\/\/crocjeux.com\/index.php\/produit\/casting-shadows-extension-tempete-de-glace\/\" \/>\n<meta property=\"og:site_name\" content=\"Croc Jeux\" \/>\n<meta property=\"article:modified_time\" content=\"2025-04-30T09:01:26+00:00\" \/>\n<meta property=\"og:image\" content=\"https:\/\/crocjeux.com\/wp-content\/uploads\/2024\/10\/ext-casting-shadow.png\" \/>\n\t<meta property=\"og:image:width\" content=\"1080\" \/>\n\t<meta property=\"og:image:height\" content=\"1080\" \/>\n\t<meta property=\"og:image:type\" content=\"image\/png\" \/>\n<meta name=\"twitter:card\" content=\"summary_large_image\" \/>\n<meta name=\"twitter:label1\" content=\"Dur\u00e9e de lecture estim\u00e9e\" \/>\n\t<meta name=\"twitter:data1\" content=\"1 minute\" \/>\n<script type=\"application\/ld+json\" class=\"yoast-schema-graph\">{\"@context\":\"https:\/\/schema.org\",\"@graph\":[{\"@type\":\"WebPage\",\"@id\":\"https:\/\/crocjeux.com\/index.php\/produit\/casting-shadows-extension-tempete-de-glace\/\",\"url\":\"https:\/\/crocjeux.com\/index.php\/produit\/casting-shadows-extension-tempete-de-glace\/\",\"name\":\"Casting Shadows Extension Temp\u00eate de Glace - Croc Jeux\",\"isPartOf\":{\"@id\":\"https:\/\/crocjeux.com\/#website\"},\"primaryImageOfPage\":{\"@id\":\"https:\/\/crocjeux.com\/index.php\/produit\/casting-shadows-extension-tempete-de-glace\/#primaryimage\"},\"image\":{\"@id\":\"https:\/\/crocjeux.com\/index.php\/produit\/casting-shadows-extension-tempete-de-glace\/#primaryimage\"},\"thumbnailUrl\":\"https:\/\/crocjeux.com\/wp-content\/uploads\/2024\/10\/ext-casting-shadow.png\",\"datePublished\":\"2024-10-24T16:04:08+00:00\",\"dateModified\":\"2025-04-30T09:01:26+00:00\",\"breadcrumb\":{\"@id\":\"https:\/\/crocjeux.com\/index.php\/produit\/casting-shadows-extension-tempete-de-glace\/#breadcrumb\"},\"inLanguage\":\"fr-FR\",\"potentialAction\":[{\"@type\":\"ReadAction\",\"target\":[\"https:\/\/crocjeux.com\/index.php\/produit\/casting-shadows-extension-tempete-de-glace\/\"]}]},{\"@type\":\"ImageObject\",\"inLanguage\":\"fr-FR\",\"@id\":\"https:\/\/crocjeux.com\/index.php\/produit\/casting-shadows-extension-tempete-de-glace\/#primaryimage\",\"url\":\"https:\/\/crocjeux.com\/wp-content\/uploads\/2024\/10\/ext-casting-shadow.png\",\"contentUrl\":\"https:\/\/crocjeux.com\/wp-content\/uploads\/2024\/10\/ext-casting-shadow.png\",\"width\":1080,\"height\":1080},{\"@type\":\"BreadcrumbList\",\"@id\":\"https:\/\/crocjeux.com\/index.php\/produit\/casting-shadows-extension-tempete-de-glace\/#breadcrumb\",\"itemListElement\":[{\"@type\":\"ListItem\",\"position\":1,\"name\":\"Accueil\",\"item\":\"https:\/\/crocjeux.com\/\"},{\"@type\":\"ListItem\",\"position\":2,\"name\":\"Boutique\",\"item\":\"https:\/\/crocjeux.com\/\"},{\"@type\":\"ListItem\",\"position\":3,\"name\":\"Casting Shadows Extension Temp\u00eate de Glace\"}]},{\"@type\":\"WebSite\",\"@id\":\"https:\/\/crocjeux.com\/#website\",\"url\":\"https:\/\/crocjeux.com\/\",\"name\":\"Croc Jeux\",\"description\":\"Bienvenue chez Croc Jeux!\",\"publisher\":{\"@id\":\"https:\/\/crocjeux.com\/#organization\"},\"potentialAction\":[{\"@type\":\"SearchAction\",\"target\":{\"@type\":\"EntryPoint\",\"urlTemplate\":\"https:\/\/crocjeux.com\/?s={search_term_string}\"},\"query-input\":{\"@type\":\"PropertyValueSpecification\",\"valueRequired\":true,\"valueName\":\"search_term_string\"}}],\"inLanguage\":\"fr-FR\"},{\"@type\":\"Organization\",\"@id\":\"https:\/\/crocjeux.com\/#organization\",\"name\":\"Croc Jeux\",\"url\":\"https:\/\/crocjeux.com\/\",\"logo\":{\"@type\":\"ImageObject\",\"inLanguage\":\"fr-FR\",\"@id\":\"https:\/\/crocjeux.com\/#\/schema\/logo\/image\/\",\"url\":\"https:\/\/crocjeux.com\/wp-content\/uploads\/2022\/01\/cropped-logo-croc-etape-1-e1644574034239.jpg\",\"contentUrl\":\"https:\/\/crocjeux.com\/wp-content\/uploads\/2022\/01\/cropped-logo-croc-etape-1-e1644574034239.jpg\",\"width\":1224,\"height\":314,\"caption\":\"Croc Jeux\"},\"image\":{\"@id\":\"https:\/\/crocjeux.com\/#\/schema\/logo\/image\/\"}}]}<\/script>\n<!-- \/ Yoast SEO plugin. -->","yoast_head_json":{"title":"Casting Shadows Extension Temp\u00eate de Glace - Croc Jeux","robots":{"index":"index","follow":"follow","max-snippet":"max-snippet:-1","max-image-preview":"max-image-preview:large","max-video-preview":"max-video-preview:-1"},"canonical":"https:\/\/crocjeux.com\/index.php\/produit\/casting-shadows-extension-tempete-de-glace\/","og_locale":"fr_FR","og_type":"article","og_title":"Casting Shadows Extension Temp\u00eate de Glace - Croc Jeux","og_description":"Cette premi\u00e8re extension pour Casting Shadows ajoute 2 nouveaux Personnages, 3 nouvelles tuiles Lieu et 34 cartes \u00e0 vos parties,","og_url":"https:\/\/crocjeux.com\/index.php\/produit\/casting-shadows-extension-tempete-de-glace\/","og_site_name":"Croc Jeux","article_modified_time":"2025-04-30T09:01:26+00:00","og_image":[{"width":1080,"height":1080,"url":"https:\/\/crocjeux.com\/wp-content\/uploads\/2024\/10\/ext-casting-shadow.png","type":"image\/png"}],"twitter_card":"summary_large_image","twitter_misc":{"Dur\u00e9e de lecture estim\u00e9e":"1 minute"},"schema":{"@context":"https:\/\/schema.org","@graph":[{"@type":"WebPage","@id":"https:\/\/crocjeux.com\/index.php\/produit\/casting-shadows-extension-tempete-de-glace\/","url":"https:\/\/crocjeux.com\/index.php\/produit\/casting-shadows-extension-tempete-de-glace\/","name":"Casting Shadows Extension Temp\u00eate de Glace - Croc Jeux","isPartOf":{"@id":"https:\/\/crocjeux.com\/#website"},"primaryImageOfPage":{"@id":"https:\/\/crocjeux.com\/index.php\/produit\/casting-shadows-extension-tempete-de-glace\/#primaryimage"},"image":{"@id":"https:\/\/crocjeux.com\/index.php\/produit\/casting-shadows-extension-tempete-de-glace\/#primaryimage"},"thumbnailUrl":"https:\/\/crocjeux.com\/wp-content\/uploads\/2024\/10\/ext-casting-shadow.png","datePublished":"2024-10-24T16:04:08+00:00","dateModified":"2025-04-30T09:01:26+00:00","breadcrumb":{"@id":"https:\/\/crocjeux.com\/index.php\/produit\/casting-shadows-extension-tempete-de-glace\/#breadcrumb"},"inLanguage":"fr-FR","potentialAction":[{"@type":"ReadAction","target":["https:\/\/crocjeux.com\/index.php\/produit\/casting-shadows-extension-tempete-de-glace\/"]}]},{"@type":"ImageObject","inLanguage":"fr-FR","@id":"https:\/\/crocjeux.com\/index.php\/produit\/casting-shadows-extension-tempete-de-glace\/#primaryimage","url":"https:\/\/crocjeux.com\/wp-content\/uploads\/2024\/10\/ext-casting-shadow.png","contentUrl":"https:\/\/crocjeux.com\/wp-content\/uploads\/2024\/10\/ext-casting-shadow.png","width":1080,"height":1080},{"@type":"BreadcrumbList","@id":"https:\/\/crocjeux.com\/index.php\/produit\/casting-shadows-extension-tempete-de-glace\/#breadcrumb","itemListElement":[{"@type":"ListItem","position":1,"name":"Accueil","item":"https:\/\/crocjeux.com\/"},{"@type":"ListItem","position":2,"name":"Boutique","item":"https:\/\/crocjeux.com\/"},{"@type":"ListItem","position":3,"name":"Casting Shadows Extension Temp\u00eate de Glace"}]},{"@type":"WebSite","@id":"https:\/\/crocjeux.com\/#website","url":"https:\/\/crocjeux.com\/","name":"Croc Jeux","description":"Bienvenue chez Croc Jeux!","publisher":{"@id":"https:\/\/crocjeux.com\/#organization"},"potentialAction":[{"@type":"SearchAction","target":{"@type":"EntryPoint","urlTemplate":"https:\/\/crocjeux.com\/?s={search_term_string}"},"query-input":{"@type":"PropertyValueSpecification","valueRequired":true,"valueName":"search_term_string"}}],"inLanguage":"fr-FR"},{"@type":"Organization","@id":"https:\/\/crocjeux.com\/#organization","name":"Croc Jeux","url":"https:\/\/crocjeux.com\/","logo":{"@type":"ImageObject","inLanguage":"fr-FR","@id":"https:\/\/crocjeux.com\/#\/schema\/logo\/image\/","url":"https:\/\/crocjeux.com\/wp-content\/uploads\/2022\/01\/cropped-logo-croc-etape-1-e1644574034239.jpg","contentUrl":"https:\/\/crocjeux.com\/wp-content\/uploads\/2022\/01\/cropped-logo-croc-etape-1-e1644574034239.jpg","width":1224,"height":314,"caption":"Croc Jeux"},"image":{"@id":"https:\/\/crocjeux.com\/#\/schema\/logo\/image\/"}}]}},"_links":{"self":[{"href":"https:\/\/crocjeux.com\/index.php\/wp-json\/wp\/v2\/product\/6605","targetHints":{"allow":["GET"]}}],"collection":[{"href":"https:\/\/crocjeux.com\/index.php\/wp-json\/wp\/v2\/product"}],"about":[{"href":"https:\/\/crocjeux.com\/index.php\/wp-json\/wp\/v2\/types\/product"}],"replies":[{"embeddable":true,"href":"https:\/\/crocjeux.com\/index.php\/wp-json\/wp\/v2\/comments?post=6605"}],"wp:featuredmedia":[{"embeddable":true,"href":"https:\/\/crocjeux.com\/index.php\/wp-json\/wp\/v2\/media\/6606"}],"wp:attachment":[{"href":"https:\/\/crocjeux.com\/index.php\/wp-json\/wp\/v2\/media?parent=6605"}],"wp:term":[{"taxonomy":"product_brand","embeddable":true,"href":"https:\/\/crocjeux.com\/index.php\/wp-json\/wp\/v2\/product_brand?post=6605"},{"taxonomy":"product_cat","embeddable":true,"href":"https:\/\/crocjeux.com\/index.php\/wp-json\/wp\/v2\/product_cat?post=6605"},{"taxonomy":"product_tag","embeddable":true,"href":"https:\/\/crocjeux.com\/index.php\/wp-json\/wp\/v2\/product_tag?post=6605"}],"curies":[{"name":"wp","href":"https:\/\/api.w.org\/{rel}","templated":true}]}}