{"id":6609,"date":"2024-10-29T14:41:57","date_gmt":"2024-10-29T13:41:57","guid":{"rendered":"https:\/\/crocjeux.com\/?post_type=product&#038;p=6609"},"modified":"2024-10-29T14:41:57","modified_gmt":"2024-10-29T13:41:57","slug":"king-of-tokyo-duel","status":"publish","type":"product","link":"https:\/\/crocjeux.com\/index.php\/produit\/king-of-tokyo-duel\/","title":{"rendered":"King of Tokyo DUEL"},"content":{"rendered":"<p><span class=\"style-client-colored-text\">King of Tokyo : Duel<\/span> est un jeu ind\u00e9pendant de la gamme de jeux de d\u00e9s King of Tokyo, cette fois totalement repens\u00e9 pour offrir des affrontements en duel toujours plus impressionnants !<\/p>\n<p>Dans cette \u00e9dition, les monstres embl\u00e9matiques s&rsquo;affrontent dans une bataille \u00e9pique, alliant strat\u00e9gie, audace et chance. Pr\u00e9parez-vous \u00e0 un duel sans merci, o\u00f9 chaque lancer de d\u00e9s et chaque carte jou\u00e9e peut vous rapprocher de la victoire\u2026 ou de la d\u00e9faite. <span class=\"style-client-colored-text\">King of Tokyo: Duel<\/span> est le jeu parfait pour ceux qui aiment les affrontements strat\u00e9giques intenses sans perdre l&rsquo;amusement, l&rsquo;efficacit\u00e9 et l&rsquo;authenticit\u00e9 de King of Tokyo !<\/p>\n<p>Dans le jeu <span class=\"style-client-colored-text\">King of Tokyo: Duel<\/span>, chaque joueur incarne un monstre redoutable dot\u00e9 d&rsquo;un pouvoir unique et se lance dans un combat acharn\u00e9 pour devenir le ma\u00eetre de Tokyo. Le jeu se d\u00e9roule sur un plateau \u00e0 deux pistes repr\u00e9sentant la Gloire et la Destruction. \u00c0 chaque tour, les joueurs lancent des d\u00e9s pour r\u00e9aliser des actions telles que baffer son adversaire, se soigner, accumuler de l&rsquo;\u00e9nergie ou acheter des cartes offrant de nombreux pouvoirs. Ces cartes offrent des avantages strat\u00e9giques suppl\u00e9mentaires et permettent de personnaliser son monstre pour surprendre l&rsquo;adversaire.<\/p>\n<p>Chaque joueur dispose de trois lancers de d\u00e9s par tour pour tenter d&rsquo;obtenir les combinaisons les plus efficaces. Les d\u00e9s comportent six faces avec des symboles diff\u00e9rents : l&rsquo;attaque, le soin, l&rsquo;\u00e9nergie, la gloire et la destruction. Vous pouvez relancer autant de d\u00e9s que vous le souhaitez lors de chaque lancer pour tenter d&rsquo;optimiser vos r\u00e9sultats. \u00c0 la fin de vos trois lancers, vous r\u00e9solvez vos d\u00e9s en fonction des symboles obtenus. Vous pouvez alors infliger des d\u00e9g\u00e2ts \u00e0 votre adversaire, vous soigner, accumuler de l&rsquo;\u00e9nergie pour acheter des cartes de pouvoir, ou avancer sur les pistes de Gloire et de Destruction. Le premier joueur \u00e0 atteindre la case Victoire de l&rsquo;une de ces pistes ou \u00e0 r\u00e9duire les points de vie de son adversaire \u00e0 z\u00e9ro remporte la partie.<\/p>\n<p>Gr\u00e2ce \u00e0 ses m\u00e9caniques de jeu fluides, ses cartes de pouvoir vari\u00e9es et son syst\u00e8me de d\u00e9s, chaque partie est unique et pleine de rebondissements. Que vous cherchiez \u00e0 prouver votre supr\u00e9matie ou simplement \u00e0 passer un bon moment, ce jeu offre une exp\u00e9rience intense et divertissante.<\/p>\n","protected":false},"excerpt":{"rendered":"<p>King of Tokyo : Duel est un jeu ind\u00e9pendant de la gamme de jeux de d\u00e9s King of Tokyo, cette<\/p>\n","protected":false},"featured_media":6610,"comment_status":"open","ping_status":"closed","template":"","meta":{"colormag_page_container_layout":"default_layout","colormag_page_sidebar_layout":"default_layout"},"product_brand":[],"product_cat":[18,33,29],"product_tag":[],"class_list":{"0":"post-6609","1":"product","2":"type-product","3":"status-publish","4":"has-post-thumbnail","6":"product_cat-jeux-de-strategie","7":"product_cat-jeux-enfants","8":"product_cat-jeux-2-joueurs","10":"first","11":"instock","12":"taxable","13":"shipping-taxable","14":"purchasable","15":"product-type-simple"},"yoast_head":"<!-- This site is optimized with the Yoast SEO plugin v27.4 - https:\/\/yoast.com\/product\/yoast-seo-wordpress\/ -->\n<title>King of Tokyo DUEL - Croc Jeux<\/title>\n<meta name=\"description\" content=\"La nuit tombe sur Tokyo, deux silhouettes massives s&#039;\u00e9l\u00e8vent de la fum\u00e9e qui s&#039;\u00e9l\u00e8ve des gratte-ciel d\u00e9truits. Il ne peut y avoir qu&#039;un roi.\" \/>\n<meta name=\"robots\" content=\"index, follow, max-snippet:-1, max-image-preview:large, max-video-preview:-1\" \/>\n<link rel=\"canonical\" href=\"https:\/\/crocjeux.com\/index.php\/produit\/king-of-tokyo-duel\/\" \/>\n<meta property=\"og:locale\" content=\"fr_FR\" \/>\n<meta property=\"og:type\" content=\"article\" \/>\n<meta property=\"og:title\" content=\"King of Tokyo DUEL - Croc Jeux\" \/>\n<meta property=\"og:description\" content=\"La nuit tombe sur Tokyo, deux silhouettes massives s&#039;\u00e9l\u00e8vent de la fum\u00e9e qui s&#039;\u00e9l\u00e8ve des gratte-ciel d\u00e9truits. Il ne peut y avoir qu&#039;un roi.\" \/>\n<meta property=\"og:url\" content=\"https:\/\/crocjeux.com\/index.php\/produit\/king-of-tokyo-duel\/\" \/>\n<meta property=\"og:site_name\" content=\"Croc Jeux\" \/>\n<meta property=\"og:image\" content=\"https:\/\/crocjeux.com\/wp-content\/uploads\/2024\/10\/king-of-tokyo-duel.png\" \/>\n\t<meta property=\"og:image:width\" content=\"1080\" \/>\n\t<meta property=\"og:image:height\" content=\"1080\" \/>\n\t<meta property=\"og:image:type\" content=\"image\/png\" \/>\n<meta name=\"twitter:card\" content=\"summary_large_image\" \/>\n<meta name=\"twitter:label1\" content=\"Dur\u00e9e de lecture estim\u00e9e\" \/>\n\t<meta name=\"twitter:data1\" content=\"2 minutes\" \/>\n<script type=\"application\/ld+json\" class=\"yoast-schema-graph\">{\"@context\":\"https:\\\/\\\/schema.org\",\"@graph\":[{\"@type\":\"WebPage\",\"@id\":\"https:\\\/\\\/crocjeux.com\\\/index.php\\\/produit\\\/king-of-tokyo-duel\\\/\",\"url\":\"https:\\\/\\\/crocjeux.com\\\/index.php\\\/produit\\\/king-of-tokyo-duel\\\/\",\"name\":\"King of Tokyo DUEL - Croc Jeux\",\"isPartOf\":{\"@id\":\"https:\\\/\\\/crocjeux.com\\\/#website\"},\"primaryImageOfPage\":{\"@id\":\"https:\\\/\\\/crocjeux.com\\\/index.php\\\/produit\\\/king-of-tokyo-duel\\\/#primaryimage\"},\"image\":{\"@id\":\"https:\\\/\\\/crocjeux.com\\\/index.php\\\/produit\\\/king-of-tokyo-duel\\\/#primaryimage\"},\"thumbnailUrl\":\"https:\\\/\\\/crocjeux.com\\\/wp-content\\\/uploads\\\/2024\\\/10\\\/king-of-tokyo-duel.png\",\"datePublished\":\"2024-10-29T13:41:57+00:00\",\"description\":\"La nuit tombe sur Tokyo, deux silhouettes massives s'\u00e9l\u00e8vent de la fum\u00e9e qui s'\u00e9l\u00e8ve des gratte-ciel d\u00e9truits. Il ne peut y avoir qu'un roi.\",\"breadcrumb\":{\"@id\":\"https:\\\/\\\/crocjeux.com\\\/index.php\\\/produit\\\/king-of-tokyo-duel\\\/#breadcrumb\"},\"inLanguage\":\"fr-FR\",\"potentialAction\":[{\"@type\":\"ReadAction\",\"target\":[\"https:\\\/\\\/crocjeux.com\\\/index.php\\\/produit\\\/king-of-tokyo-duel\\\/\"]}]},{\"@type\":\"ImageObject\",\"inLanguage\":\"fr-FR\",\"@id\":\"https:\\\/\\\/crocjeux.com\\\/index.php\\\/produit\\\/king-of-tokyo-duel\\\/#primaryimage\",\"url\":\"https:\\\/\\\/crocjeux.com\\\/wp-content\\\/uploads\\\/2024\\\/10\\\/king-of-tokyo-duel.png\",\"contentUrl\":\"https:\\\/\\\/crocjeux.com\\\/wp-content\\\/uploads\\\/2024\\\/10\\\/king-of-tokyo-duel.png\",\"width\":1080,\"height\":1080},{\"@type\":\"BreadcrumbList\",\"@id\":\"https:\\\/\\\/crocjeux.com\\\/index.php\\\/produit\\\/king-of-tokyo-duel\\\/#breadcrumb\",\"itemListElement\":[{\"@type\":\"ListItem\",\"position\":1,\"name\":\"Accueil\",\"item\":\"https:\\\/\\\/crocjeux.com\\\/\"},{\"@type\":\"ListItem\",\"position\":2,\"name\":\"Boutique\",\"item\":\"https:\\\/\\\/crocjeux.com\\\/\"},{\"@type\":\"ListItem\",\"position\":3,\"name\":\"King of Tokyo DUEL\"}]},{\"@type\":\"WebSite\",\"@id\":\"https:\\\/\\\/crocjeux.com\\\/#website\",\"url\":\"https:\\\/\\\/crocjeux.com\\\/\",\"name\":\"Croc Jeux\",\"description\":\"Bienvenue chez Croc Jeux!\",\"publisher\":{\"@id\":\"https:\\\/\\\/crocjeux.com\\\/#organization\"},\"potentialAction\":[{\"@type\":\"SearchAction\",\"target\":{\"@type\":\"EntryPoint\",\"urlTemplate\":\"https:\\\/\\\/crocjeux.com\\\/?s={search_term_string}\"},\"query-input\":{\"@type\":\"PropertyValueSpecification\",\"valueRequired\":true,\"valueName\":\"search_term_string\"}}],\"inLanguage\":\"fr-FR\"},{\"@type\":\"Organization\",\"@id\":\"https:\\\/\\\/crocjeux.com\\\/#organization\",\"name\":\"Croc Jeux\",\"url\":\"https:\\\/\\\/crocjeux.com\\\/\",\"logo\":{\"@type\":\"ImageObject\",\"inLanguage\":\"fr-FR\",\"@id\":\"https:\\\/\\\/crocjeux.com\\\/#\\\/schema\\\/logo\\\/image\\\/\",\"url\":\"https:\\\/\\\/crocjeux.com\\\/wp-content\\\/uploads\\\/2022\\\/01\\\/cropped-logo-croc-etape-1-e1644574034239.jpg\",\"contentUrl\":\"https:\\\/\\\/crocjeux.com\\\/wp-content\\\/uploads\\\/2022\\\/01\\\/cropped-logo-croc-etape-1-e1644574034239.jpg\",\"width\":1224,\"height\":314,\"caption\":\"Croc Jeux\"},\"image\":{\"@id\":\"https:\\\/\\\/crocjeux.com\\\/#\\\/schema\\\/logo\\\/image\\\/\"}}]}<\/script>\n<!-- \/ Yoast SEO plugin. -->","yoast_head_json":{"title":"King of Tokyo DUEL - Croc Jeux","description":"La nuit tombe sur Tokyo, deux silhouettes massives s'\u00e9l\u00e8vent de la fum\u00e9e qui s'\u00e9l\u00e8ve des gratte-ciel d\u00e9truits. Il ne peut y avoir qu'un roi.","robots":{"index":"index","follow":"follow","max-snippet":"max-snippet:-1","max-image-preview":"max-image-preview:large","max-video-preview":"max-video-preview:-1"},"canonical":"https:\/\/crocjeux.com\/index.php\/produit\/king-of-tokyo-duel\/","og_locale":"fr_FR","og_type":"article","og_title":"King of Tokyo DUEL - Croc Jeux","og_description":"La nuit tombe sur Tokyo, deux silhouettes massives s'\u00e9l\u00e8vent de la fum\u00e9e qui s'\u00e9l\u00e8ve des gratte-ciel d\u00e9truits. Il ne peut y avoir qu'un roi.","og_url":"https:\/\/crocjeux.com\/index.php\/produit\/king-of-tokyo-duel\/","og_site_name":"Croc Jeux","og_image":[{"width":1080,"height":1080,"url":"https:\/\/crocjeux.com\/wp-content\/uploads\/2024\/10\/king-of-tokyo-duel.png","type":"image\/png"}],"twitter_card":"summary_large_image","twitter_misc":{"Dur\u00e9e de lecture estim\u00e9e":"2 minutes"},"schema":{"@context":"https:\/\/schema.org","@graph":[{"@type":"WebPage","@id":"https:\/\/crocjeux.com\/index.php\/produit\/king-of-tokyo-duel\/","url":"https:\/\/crocjeux.com\/index.php\/produit\/king-of-tokyo-duel\/","name":"King of Tokyo DUEL - Croc Jeux","isPartOf":{"@id":"https:\/\/crocjeux.com\/#website"},"primaryImageOfPage":{"@id":"https:\/\/crocjeux.com\/index.php\/produit\/king-of-tokyo-duel\/#primaryimage"},"image":{"@id":"https:\/\/crocjeux.com\/index.php\/produit\/king-of-tokyo-duel\/#primaryimage"},"thumbnailUrl":"https:\/\/crocjeux.com\/wp-content\/uploads\/2024\/10\/king-of-tokyo-duel.png","datePublished":"2024-10-29T13:41:57+00:00","description":"La nuit tombe sur Tokyo, deux silhouettes massives s'\u00e9l\u00e8vent de la fum\u00e9e qui s'\u00e9l\u00e8ve des gratte-ciel d\u00e9truits. Il ne peut y avoir qu'un roi.","breadcrumb":{"@id":"https:\/\/crocjeux.com\/index.php\/produit\/king-of-tokyo-duel\/#breadcrumb"},"inLanguage":"fr-FR","potentialAction":[{"@type":"ReadAction","target":["https:\/\/crocjeux.com\/index.php\/produit\/king-of-tokyo-duel\/"]}]},{"@type":"ImageObject","inLanguage":"fr-FR","@id":"https:\/\/crocjeux.com\/index.php\/produit\/king-of-tokyo-duel\/#primaryimage","url":"https:\/\/crocjeux.com\/wp-content\/uploads\/2024\/10\/king-of-tokyo-duel.png","contentUrl":"https:\/\/crocjeux.com\/wp-content\/uploads\/2024\/10\/king-of-tokyo-duel.png","width":1080,"height":1080},{"@type":"BreadcrumbList","@id":"https:\/\/crocjeux.com\/index.php\/produit\/king-of-tokyo-duel\/#breadcrumb","itemListElement":[{"@type":"ListItem","position":1,"name":"Accueil","item":"https:\/\/crocjeux.com\/"},{"@type":"ListItem","position":2,"name":"Boutique","item":"https:\/\/crocjeux.com\/"},{"@type":"ListItem","position":3,"name":"King of Tokyo DUEL"}]},{"@type":"WebSite","@id":"https:\/\/crocjeux.com\/#website","url":"https:\/\/crocjeux.com\/","name":"Croc Jeux","description":"Bienvenue chez Croc Jeux!","publisher":{"@id":"https:\/\/crocjeux.com\/#organization"},"potentialAction":[{"@type":"SearchAction","target":{"@type":"EntryPoint","urlTemplate":"https:\/\/crocjeux.com\/?s={search_term_string}"},"query-input":{"@type":"PropertyValueSpecification","valueRequired":true,"valueName":"search_term_string"}}],"inLanguage":"fr-FR"},{"@type":"Organization","@id":"https:\/\/crocjeux.com\/#organization","name":"Croc Jeux","url":"https:\/\/crocjeux.com\/","logo":{"@type":"ImageObject","inLanguage":"fr-FR","@id":"https:\/\/crocjeux.com\/#\/schema\/logo\/image\/","url":"https:\/\/crocjeux.com\/wp-content\/uploads\/2022\/01\/cropped-logo-croc-etape-1-e1644574034239.jpg","contentUrl":"https:\/\/crocjeux.com\/wp-content\/uploads\/2022\/01\/cropped-logo-croc-etape-1-e1644574034239.jpg","width":1224,"height":314,"caption":"Croc Jeux"},"image":{"@id":"https:\/\/crocjeux.com\/#\/schema\/logo\/image\/"}}]}},"_links":{"self":[{"href":"https:\/\/crocjeux.com\/index.php\/wp-json\/wp\/v2\/product\/6609","targetHints":{"allow":["GET"]}}],"collection":[{"href":"https:\/\/crocjeux.com\/index.php\/wp-json\/wp\/v2\/product"}],"about":[{"href":"https:\/\/crocjeux.com\/index.php\/wp-json\/wp\/v2\/types\/product"}],"replies":[{"embeddable":true,"href":"https:\/\/crocjeux.com\/index.php\/wp-json\/wp\/v2\/comments?post=6609"}],"wp:featuredmedia":[{"embeddable":true,"href":"https:\/\/crocjeux.com\/index.php\/wp-json\/wp\/v2\/media\/6610"}],"wp:attachment":[{"href":"https:\/\/crocjeux.com\/index.php\/wp-json\/wp\/v2\/media?parent=6609"}],"wp:term":[{"taxonomy":"product_brand","embeddable":true,"href":"https:\/\/crocjeux.com\/index.php\/wp-json\/wp\/v2\/product_brand?post=6609"},{"taxonomy":"product_cat","embeddable":true,"href":"https:\/\/crocjeux.com\/index.php\/wp-json\/wp\/v2\/product_cat?post=6609"},{"taxonomy":"product_tag","embeddable":true,"href":"https:\/\/crocjeux.com\/index.php\/wp-json\/wp\/v2\/product_tag?post=6609"}],"curies":[{"name":"wp","href":"https:\/\/api.w.org\/{rel}","templated":true}]}}