{"id":6619,"date":"2024-11-07T13:36:42","date_gmt":"2024-11-07T12:36:42","guid":{"rendered":"https:\/\/crocjeux.com\/?post_type=product&#038;p=6619"},"modified":"2026-02-20T11:10:49","modified_gmt":"2026-02-20T10:10:49","slug":"clank-catacombes","status":"publish","type":"product","link":"https:\/\/crocjeux.com\/index.php\/produit\/clank-catacombes\/","title":{"rendered":"Clank Catacombes"},"content":{"rendered":"<h2>L\u2019HISTOIRE :<\/h2>\n<p>&nbsp;<\/p>\n<p>Aventurez-vous dans de myst\u00e9rieuses et dangereuses catacombes\u2026<br \/>\nTrouvez un artefact dans ce labyrinthe et dirigez-vous vers la sortie pour avoir une chance de remporter la victoire. N\u2019oubliez pas d\u2019esquiver les fant\u00f4mes, de d\u00e9poser des offrandes dans des lieux sacr\u00e9s, d\u2019emprunter des portails de t\u00e9l\u00e9portation, de lib\u00e9rer des prisonniers et de d\u00e9rober un maximum d\u2019or\u00a0!<\/p>\n<p>Mais si vous manquez de discr\u00e9tion, CLANK!. C\u2019est le bruit que vous faites, excitant la fureur mortelle du dragon squelette Umbrok Vessna\u2026 Alors, parviendrez-vous \u00e0 \u00e9chapper au dragon et \u00e0 amasser le plus gros butin ?<\/p>\n<p>&nbsp;<\/p>\n<h2>LE JEU :<\/h2>\n<p>&nbsp;<\/p>\n<p>CLANK!\u2122 Catacombes est un deck-building d\u2019aventures. Mais c\u2019est quoi le deck-building ? Au fil de l\u2019aventure, faites l\u2019acquisition de meilleures cartes que celles de votre paquet (deck) de d\u00e9part. Am\u00e9liorez ainsi vos actions en recrutant des alli\u00e9s et en obtenant des objets pour votre qu\u00eate. Chaque partie de CLANK!\u2122 Catacombes est unique, car ce sont les tuiles que vous agencez qui cr\u00e9ent le plateau de jeu au fur et \u00e0 mesure.<\/p>\n<p>&nbsp;<\/p>\n<h2>MATERIEL :<\/h2>\n<p>&nbsp;<\/p>\n<ul>\n<li>29 tuiles Donjon<\/li>\n<li>1 plateau Clank!<\/li>\n<li>183 cartes<\/li>\n<li>140 + jetons<\/li>\n<li>1 plateau March\u00e9<\/li>\n<li>120 cubes en bois<\/li>\n<li>4 pions Joueur<\/li>\n<li>24 cubes Dragon<\/li>\n<li>5 cubes Fant\u00f4mes<\/li>\n<li>1 sac Dragon en tissu<\/li>\n<li>1 marqueur Dragon en bois<\/li>\n<li>1 livret de r\u00e8gles<\/li>\n<\/ul>\n<p>&nbsp;<\/p>\n<p><strong><em>Cette bo\u00eete n\u2019est pas une extension et contient tout le n\u00e9cessaire pour jouer. Vous pouvez y ajouter les cartes de vos autres jeux de la gamme CLANK!\u2122.<\/em><\/strong><\/p>\n","protected":false},"excerpt":{"rendered":"<p>&nbsp;<\/p>\n<p><strong><em>Cette bo\u00eete n\u2019est pas une extension et contient tout le n\u00e9cessaire pour jouer. Vous pouvez y ajouter les cartes de vos autres jeux de la gamme CLANK!\u2122.<\/em><\/strong><\/p>\n","protected":false},"featured_media":6620,"comment_status":"open","ping_status":"closed","template":"","meta":{"colormag_page_container_layout":"default_layout","colormag_page_sidebar_layout":"default_layout"},"product_brand":[],"product_cat":[116,29,37],"product_tag":[],"class_list":{"0":"post-6619","1":"product","2":"type-product","3":"status-publish","4":"has-post-thumbnail","6":"product_cat-clank-jeux-experts","7":"product_cat-jeux-2-joueurs","8":"product_cat-ne-ratez-pas","10":"first","11":"outofstock","12":"taxable","13":"shipping-taxable","14":"purchasable","15":"product-type-simple"},"yoast_head":"<!-- This site is optimized with the Yoast SEO plugin v27.3 - https:\/\/yoast.com\/product\/yoast-seo-wordpress\/ -->\n<title>Clank Catacombes - Croc Jeux<\/title>\n<meta name=\"description\" content=\"Cette bo\u00eete n\u2019est pas une extension et contient tout le n\u00e9cessaire pour jouer. Vous pouvez y ajouter les cartes de vos autres jeux de la gamme CLANK!\u2122.\" \/>\n<meta name=\"robots\" content=\"index, follow, max-snippet:-1, max-image-preview:large, max-video-preview:-1\" \/>\n<link rel=\"canonical\" href=\"https:\/\/crocjeux.com\/index.php\/produit\/clank-catacombes\/\" \/>\n<meta property=\"og:locale\" content=\"fr_FR\" \/>\n<meta property=\"og:type\" content=\"article\" \/>\n<meta property=\"og:title\" content=\"Clank Catacombes - Croc Jeux\" \/>\n<meta property=\"og:description\" content=\"Cette bo\u00eete n\u2019est pas une extension et contient tout le n\u00e9cessaire pour jouer. Vous pouvez y ajouter les cartes de vos autres jeux de la gamme CLANK!\u2122.\" \/>\n<meta property=\"og:url\" content=\"https:\/\/crocjeux.com\/index.php\/produit\/clank-catacombes\/\" \/>\n<meta property=\"og:site_name\" content=\"Croc Jeux\" \/>\n<meta property=\"article:modified_time\" content=\"2026-02-20T10:10:49+00:00\" \/>\n<meta property=\"og:image\" content=\"https:\/\/crocjeux.com\/wp-content\/uploads\/2024\/11\/Clank-Catacombes.png\" \/>\n\t<meta property=\"og:image:width\" content=\"1080\" \/>\n\t<meta property=\"og:image:height\" content=\"1080\" \/>\n\t<meta property=\"og:image:type\" content=\"image\/png\" \/>\n<meta name=\"twitter:card\" content=\"summary_large_image\" \/>\n<meta name=\"twitter:label1\" content=\"Dur\u00e9e de lecture estim\u00e9e\" \/>\n\t<meta name=\"twitter:data1\" content=\"2 minutes\" \/>\n<script type=\"application\/ld+json\" class=\"yoast-schema-graph\">{\"@context\":\"https:\\\/\\\/schema.org\",\"@graph\":[{\"@type\":\"WebPage\",\"@id\":\"https:\\\/\\\/crocjeux.com\\\/index.php\\\/produit\\\/clank-catacombes\\\/\",\"url\":\"https:\\\/\\\/crocjeux.com\\\/index.php\\\/produit\\\/clank-catacombes\\\/\",\"name\":\"Clank Catacombes - Croc Jeux\",\"isPartOf\":{\"@id\":\"https:\\\/\\\/crocjeux.com\\\/#website\"},\"primaryImageOfPage\":{\"@id\":\"https:\\\/\\\/crocjeux.com\\\/index.php\\\/produit\\\/clank-catacombes\\\/#primaryimage\"},\"image\":{\"@id\":\"https:\\\/\\\/crocjeux.com\\\/index.php\\\/produit\\\/clank-catacombes\\\/#primaryimage\"},\"thumbnailUrl\":\"https:\\\/\\\/crocjeux.com\\\/wp-content\\\/uploads\\\/2024\\\/11\\\/Clank-Catacombes.png\",\"datePublished\":\"2024-11-07T12:36:42+00:00\",\"dateModified\":\"2026-02-20T10:10:49+00:00\",\"description\":\"Cette bo\u00eete n\u2019est pas une extension et contient tout le n\u00e9cessaire pour jouer. Vous pouvez y ajouter les cartes de vos autres jeux de la gamme CLANK!\u2122.\",\"breadcrumb\":{\"@id\":\"https:\\\/\\\/crocjeux.com\\\/index.php\\\/produit\\\/clank-catacombes\\\/#breadcrumb\"},\"inLanguage\":\"fr-FR\",\"potentialAction\":[{\"@type\":\"ReadAction\",\"target\":[\"https:\\\/\\\/crocjeux.com\\\/index.php\\\/produit\\\/clank-catacombes\\\/\"]}]},{\"@type\":\"ImageObject\",\"inLanguage\":\"fr-FR\",\"@id\":\"https:\\\/\\\/crocjeux.com\\\/index.php\\\/produit\\\/clank-catacombes\\\/#primaryimage\",\"url\":\"https:\\\/\\\/crocjeux.com\\\/wp-content\\\/uploads\\\/2024\\\/11\\\/Clank-Catacombes.png\",\"contentUrl\":\"https:\\\/\\\/crocjeux.com\\\/wp-content\\\/uploads\\\/2024\\\/11\\\/Clank-Catacombes.png\",\"width\":1080,\"height\":1080},{\"@type\":\"BreadcrumbList\",\"@id\":\"https:\\\/\\\/crocjeux.com\\\/index.php\\\/produit\\\/clank-catacombes\\\/#breadcrumb\",\"itemListElement\":[{\"@type\":\"ListItem\",\"position\":1,\"name\":\"Accueil\",\"item\":\"https:\\\/\\\/crocjeux.com\\\/\"},{\"@type\":\"ListItem\",\"position\":2,\"name\":\"Boutique\",\"item\":\"https:\\\/\\\/crocjeux.com\\\/\"},{\"@type\":\"ListItem\",\"position\":3,\"name\":\"Clank Catacombes\"}]},{\"@type\":\"WebSite\",\"@id\":\"https:\\\/\\\/crocjeux.com\\\/#website\",\"url\":\"https:\\\/\\\/crocjeux.com\\\/\",\"name\":\"Croc Jeux\",\"description\":\"Bienvenue chez Croc Jeux!\",\"publisher\":{\"@id\":\"https:\\\/\\\/crocjeux.com\\\/#organization\"},\"potentialAction\":[{\"@type\":\"SearchAction\",\"target\":{\"@type\":\"EntryPoint\",\"urlTemplate\":\"https:\\\/\\\/crocjeux.com\\\/?s={search_term_string}\"},\"query-input\":{\"@type\":\"PropertyValueSpecification\",\"valueRequired\":true,\"valueName\":\"search_term_string\"}}],\"inLanguage\":\"fr-FR\"},{\"@type\":\"Organization\",\"@id\":\"https:\\\/\\\/crocjeux.com\\\/#organization\",\"name\":\"Croc Jeux\",\"url\":\"https:\\\/\\\/crocjeux.com\\\/\",\"logo\":{\"@type\":\"ImageObject\",\"inLanguage\":\"fr-FR\",\"@id\":\"https:\\\/\\\/crocjeux.com\\\/#\\\/schema\\\/logo\\\/image\\\/\",\"url\":\"https:\\\/\\\/crocjeux.com\\\/wp-content\\\/uploads\\\/2022\\\/01\\\/cropped-logo-croc-etape-1-e1644574034239.jpg\",\"contentUrl\":\"https:\\\/\\\/crocjeux.com\\\/wp-content\\\/uploads\\\/2022\\\/01\\\/cropped-logo-croc-etape-1-e1644574034239.jpg\",\"width\":1224,\"height\":314,\"caption\":\"Croc Jeux\"},\"image\":{\"@id\":\"https:\\\/\\\/crocjeux.com\\\/#\\\/schema\\\/logo\\\/image\\\/\"}}]}<\/script>\n<!-- \/ Yoast SEO plugin. -->","yoast_head_json":{"title":"Clank Catacombes - Croc Jeux","description":"Cette bo\u00eete n\u2019est pas une extension et contient tout le n\u00e9cessaire pour jouer. Vous pouvez y ajouter les cartes de vos autres jeux de la gamme CLANK!\u2122.","robots":{"index":"index","follow":"follow","max-snippet":"max-snippet:-1","max-image-preview":"max-image-preview:large","max-video-preview":"max-video-preview:-1"},"canonical":"https:\/\/crocjeux.com\/index.php\/produit\/clank-catacombes\/","og_locale":"fr_FR","og_type":"article","og_title":"Clank Catacombes - Croc Jeux","og_description":"Cette bo\u00eete n\u2019est pas une extension et contient tout le n\u00e9cessaire pour jouer. Vous pouvez y ajouter les cartes de vos autres jeux de la gamme CLANK!\u2122.","og_url":"https:\/\/crocjeux.com\/index.php\/produit\/clank-catacombes\/","og_site_name":"Croc Jeux","article_modified_time":"2026-02-20T10:10:49+00:00","og_image":[{"width":1080,"height":1080,"url":"https:\/\/crocjeux.com\/wp-content\/uploads\/2024\/11\/Clank-Catacombes.png","type":"image\/png"}],"twitter_card":"summary_large_image","twitter_misc":{"Dur\u00e9e de lecture estim\u00e9e":"2 minutes"},"schema":{"@context":"https:\/\/schema.org","@graph":[{"@type":"WebPage","@id":"https:\/\/crocjeux.com\/index.php\/produit\/clank-catacombes\/","url":"https:\/\/crocjeux.com\/index.php\/produit\/clank-catacombes\/","name":"Clank Catacombes - Croc Jeux","isPartOf":{"@id":"https:\/\/crocjeux.com\/#website"},"primaryImageOfPage":{"@id":"https:\/\/crocjeux.com\/index.php\/produit\/clank-catacombes\/#primaryimage"},"image":{"@id":"https:\/\/crocjeux.com\/index.php\/produit\/clank-catacombes\/#primaryimage"},"thumbnailUrl":"https:\/\/crocjeux.com\/wp-content\/uploads\/2024\/11\/Clank-Catacombes.png","datePublished":"2024-11-07T12:36:42+00:00","dateModified":"2026-02-20T10:10:49+00:00","description":"Cette bo\u00eete n\u2019est pas une extension et contient tout le n\u00e9cessaire pour jouer. Vous pouvez y ajouter les cartes de vos autres jeux de la gamme CLANK!\u2122.","breadcrumb":{"@id":"https:\/\/crocjeux.com\/index.php\/produit\/clank-catacombes\/#breadcrumb"},"inLanguage":"fr-FR","potentialAction":[{"@type":"ReadAction","target":["https:\/\/crocjeux.com\/index.php\/produit\/clank-catacombes\/"]}]},{"@type":"ImageObject","inLanguage":"fr-FR","@id":"https:\/\/crocjeux.com\/index.php\/produit\/clank-catacombes\/#primaryimage","url":"https:\/\/crocjeux.com\/wp-content\/uploads\/2024\/11\/Clank-Catacombes.png","contentUrl":"https:\/\/crocjeux.com\/wp-content\/uploads\/2024\/11\/Clank-Catacombes.png","width":1080,"height":1080},{"@type":"BreadcrumbList","@id":"https:\/\/crocjeux.com\/index.php\/produit\/clank-catacombes\/#breadcrumb","itemListElement":[{"@type":"ListItem","position":1,"name":"Accueil","item":"https:\/\/crocjeux.com\/"},{"@type":"ListItem","position":2,"name":"Boutique","item":"https:\/\/crocjeux.com\/"},{"@type":"ListItem","position":3,"name":"Clank Catacombes"}]},{"@type":"WebSite","@id":"https:\/\/crocjeux.com\/#website","url":"https:\/\/crocjeux.com\/","name":"Croc Jeux","description":"Bienvenue chez Croc Jeux!","publisher":{"@id":"https:\/\/crocjeux.com\/#organization"},"potentialAction":[{"@type":"SearchAction","target":{"@type":"EntryPoint","urlTemplate":"https:\/\/crocjeux.com\/?s={search_term_string}"},"query-input":{"@type":"PropertyValueSpecification","valueRequired":true,"valueName":"search_term_string"}}],"inLanguage":"fr-FR"},{"@type":"Organization","@id":"https:\/\/crocjeux.com\/#organization","name":"Croc Jeux","url":"https:\/\/crocjeux.com\/","logo":{"@type":"ImageObject","inLanguage":"fr-FR","@id":"https:\/\/crocjeux.com\/#\/schema\/logo\/image\/","url":"https:\/\/crocjeux.com\/wp-content\/uploads\/2022\/01\/cropped-logo-croc-etape-1-e1644574034239.jpg","contentUrl":"https:\/\/crocjeux.com\/wp-content\/uploads\/2022\/01\/cropped-logo-croc-etape-1-e1644574034239.jpg","width":1224,"height":314,"caption":"Croc Jeux"},"image":{"@id":"https:\/\/crocjeux.com\/#\/schema\/logo\/image\/"}}]}},"_links":{"self":[{"href":"https:\/\/crocjeux.com\/index.php\/wp-json\/wp\/v2\/product\/6619","targetHints":{"allow":["GET"]}}],"collection":[{"href":"https:\/\/crocjeux.com\/index.php\/wp-json\/wp\/v2\/product"}],"about":[{"href":"https:\/\/crocjeux.com\/index.php\/wp-json\/wp\/v2\/types\/product"}],"replies":[{"embeddable":true,"href":"https:\/\/crocjeux.com\/index.php\/wp-json\/wp\/v2\/comments?post=6619"}],"wp:featuredmedia":[{"embeddable":true,"href":"https:\/\/crocjeux.com\/index.php\/wp-json\/wp\/v2\/media\/6620"}],"wp:attachment":[{"href":"https:\/\/crocjeux.com\/index.php\/wp-json\/wp\/v2\/media?parent=6619"}],"wp:term":[{"taxonomy":"product_brand","embeddable":true,"href":"https:\/\/crocjeux.com\/index.php\/wp-json\/wp\/v2\/product_brand?post=6619"},{"taxonomy":"product_cat","embeddable":true,"href":"https:\/\/crocjeux.com\/index.php\/wp-json\/wp\/v2\/product_cat?post=6619"},{"taxonomy":"product_tag","embeddable":true,"href":"https:\/\/crocjeux.com\/index.php\/wp-json\/wp\/v2\/product_tag?post=6619"}],"curies":[{"name":"wp","href":"https:\/\/api.w.org\/{rel}","templated":true}]}}