{"id":6621,"date":"2024-11-07T13:51:46","date_gmt":"2024-11-07T12:51:46","guid":{"rendered":"https:\/\/crocjeux.com\/?post_type=product&#038;p=6621"},"modified":"2024-11-07T13:51:47","modified_gmt":"2024-11-07T12:51:47","slug":"world-wonders","status":"publish","type":"product","link":"https:\/\/crocjeux.com\/index.php\/produit\/world-wonders\/","title":{"rendered":"World Wonders"},"content":{"rendered":"<h2>L\u2019HISTOIRE :<\/h2>\n<p>&nbsp;<\/p>\n<p>Construisez la cit\u00e9 la plus prestigieuse du monde antique en y pla\u00e7ant de superbes monuments.<\/p>\n<p>&nbsp;<\/p>\n<h2>LE JEU :<\/h2>\n<p>&nbsp;<\/p>\n<p>Apr\u00e8s des ann\u00e9es de troubles, l\u2019\u00e8re des grands empires a commenc\u00e9. Dans<br \/>\nle monde entier, rois et empereurs d\u00e9pensent des sommes consid\u00e9rables pour b\u00e2tir la cit\u00e9 la plus prestigieuse de tous les temps.<\/p>\n<p>\u00c0 la t\u00eate de votre empire, vous devez choisir quels b\u00e2timents et monuments seront les plus \u00e0 m\u00eame de satisfaire vos ambitions. Ces constructions vous rapporteront des ressources qui vous permettront d\u2019attirer plus de monde dans votre ville. Mais gardez vos adversaires \u00e0 l\u2019oeil ! Il se peut qu\u2019ils convoitent les m\u00eames b\u00e2timents que vous.<\/p>\n<p>Le joueur qui obtient le plus de points de victoire \u00e0 l\u2019issue de la partie est d\u00e9clar\u00e9 vainqueur, et sa cit\u00e9 est universellement reconnue comme la plus belle du monde antique !<\/p>\n<p>&nbsp;<\/p>\n<h2>MAT\u00c9RIEL DU JEU :<\/h2>\n<p>&nbsp;<\/p>\n<ul>\n<li>1 livret de r\u00e8gles<\/li>\n<li>1 plateau principal<\/li>\n<li>5 plateaux ressources<\/li>\n<li>2 plateaux extension<\/li>\n<li>3 aides de jeu<\/li>\n<li>5 plateaux Terrain<\/li>\n<li>21 monuments en bois<\/li>\n<li>10 tours en bois<\/li>\n<li>25 pions ressources en bois<\/li>\n<li>5 pions joueur en bois<\/li>\n<li>2 pi\u00e9destaux ordre de tour en bois<\/li>\n<li>21 cartes Monument<\/li>\n<li>15 cartes Objectif<\/li>\n<li>14 cartes Solo<\/li>\n<li>80 tuiles B\u00e2timent<\/li>\n<li>5 tuiles Emprunt<\/li>\n<li>35 tuiles Grande route<\/li>\n<li>20 groupes de tuiles Petite route<\/li>\n<\/ul>\n<p>&nbsp;<\/p>\n<h2>LES POINTS FORTS :<\/h2>\n<p>&nbsp;<\/p>\n<ul>\n<li>Un jeu accessible au plus grand nombre, mais avec une grande profondeur tactique<\/li>\n<li>21 merveilles mod\u00e9lis\u00e9es en 3D pour un v\u00e9ritable effet \u201cWaouh\u201d<\/li>\n<li>Et tout \u00e7a pour 40\u20ac TTC seulement !<\/li>\n<\/ul>\n","protected":false},"excerpt":{"rendered":"<p>L\u2019HISTOIRE : &nbsp; Construisez la cit\u00e9 la plus prestigieuse du monde antique en y pla\u00e7ant de superbes monuments. &nbsp; LE<\/p>\n","protected":false},"featured_media":6622,"comment_status":"open","ping_status":"closed","template":"","meta":{"colormag_page_container_layout":"default_layout","colormag_page_sidebar_layout":"default_layout"},"product_brand":[],"product_cat":[31,18,44,29],"product_tag":[],"class_list":{"0":"post-6621","1":"product","2":"type-product","3":"status-publish","4":"has-post-thumbnail","6":"product_cat-jeux-adffrontement","7":"product_cat-jeux-de-strategie","8":"product_cat-jeux-solo","9":"product_cat-jeux-2-joueurs","11":"first","12":"instock","13":"taxable","14":"shipping-taxable","15":"purchasable","16":"product-type-simple"},"yoast_head":"<!-- This site is optimized with the Yoast SEO plugin v27.4 - https:\/\/yoast.com\/product\/yoast-seo-wordpress\/ -->\n<title>World Wonders - Croc Jeux<\/title>\n<meta name=\"robots\" content=\"index, follow, max-snippet:-1, max-image-preview:large, max-video-preview:-1\" \/>\n<link rel=\"canonical\" href=\"https:\/\/crocjeux.com\/index.php\/produit\/world-wonders\/\" \/>\n<meta property=\"og:locale\" content=\"fr_FR\" \/>\n<meta property=\"og:type\" content=\"article\" \/>\n<meta property=\"og:title\" content=\"World Wonders - Croc Jeux\" \/>\n<meta property=\"og:description\" content=\"L\u2019HISTOIRE : &nbsp; Construisez la cit\u00e9 la plus prestigieuse du monde antique en y pla\u00e7ant de superbes monuments. &nbsp; LE\" \/>\n<meta property=\"og:url\" content=\"https:\/\/crocjeux.com\/index.php\/produit\/world-wonders\/\" \/>\n<meta property=\"og:site_name\" content=\"Croc Jeux\" \/>\n<meta property=\"article:modified_time\" content=\"2024-11-07T12:51:47+00:00\" \/>\n<meta property=\"og:image\" content=\"https:\/\/crocjeux.com\/wp-content\/uploads\/2024\/11\/World-Wonder.png\" \/>\n\t<meta property=\"og:image:width\" content=\"1080\" \/>\n\t<meta property=\"og:image:height\" content=\"1080\" \/>\n\t<meta property=\"og:image:type\" content=\"image\/png\" \/>\n<meta name=\"twitter:card\" content=\"summary_large_image\" \/>\n<meta name=\"twitter:label1\" content=\"Dur\u00e9e de lecture estim\u00e9e\" \/>\n\t<meta name=\"twitter:data1\" content=\"2 minutes\" \/>\n<script type=\"application\/ld+json\" class=\"yoast-schema-graph\">{\"@context\":\"https:\\\/\\\/schema.org\",\"@graph\":[{\"@type\":\"WebPage\",\"@id\":\"https:\\\/\\\/crocjeux.com\\\/index.php\\\/produit\\\/world-wonders\\\/\",\"url\":\"https:\\\/\\\/crocjeux.com\\\/index.php\\\/produit\\\/world-wonders\\\/\",\"name\":\"World Wonders - Croc Jeux\",\"isPartOf\":{\"@id\":\"https:\\\/\\\/crocjeux.com\\\/#website\"},\"primaryImageOfPage\":{\"@id\":\"https:\\\/\\\/crocjeux.com\\\/index.php\\\/produit\\\/world-wonders\\\/#primaryimage\"},\"image\":{\"@id\":\"https:\\\/\\\/crocjeux.com\\\/index.php\\\/produit\\\/world-wonders\\\/#primaryimage\"},\"thumbnailUrl\":\"https:\\\/\\\/crocjeux.com\\\/wp-content\\\/uploads\\\/2024\\\/11\\\/World-Wonder.png\",\"datePublished\":\"2024-11-07T12:51:46+00:00\",\"dateModified\":\"2024-11-07T12:51:47+00:00\",\"breadcrumb\":{\"@id\":\"https:\\\/\\\/crocjeux.com\\\/index.php\\\/produit\\\/world-wonders\\\/#breadcrumb\"},\"inLanguage\":\"fr-FR\",\"potentialAction\":[{\"@type\":\"ReadAction\",\"target\":[\"https:\\\/\\\/crocjeux.com\\\/index.php\\\/produit\\\/world-wonders\\\/\"]}]},{\"@type\":\"ImageObject\",\"inLanguage\":\"fr-FR\",\"@id\":\"https:\\\/\\\/crocjeux.com\\\/index.php\\\/produit\\\/world-wonders\\\/#primaryimage\",\"url\":\"https:\\\/\\\/crocjeux.com\\\/wp-content\\\/uploads\\\/2024\\\/11\\\/World-Wonder.png\",\"contentUrl\":\"https:\\\/\\\/crocjeux.com\\\/wp-content\\\/uploads\\\/2024\\\/11\\\/World-Wonder.png\",\"width\":1080,\"height\":1080},{\"@type\":\"BreadcrumbList\",\"@id\":\"https:\\\/\\\/crocjeux.com\\\/index.php\\\/produit\\\/world-wonders\\\/#breadcrumb\",\"itemListElement\":[{\"@type\":\"ListItem\",\"position\":1,\"name\":\"Accueil\",\"item\":\"https:\\\/\\\/crocjeux.com\\\/\"},{\"@type\":\"ListItem\",\"position\":2,\"name\":\"Boutique\",\"item\":\"https:\\\/\\\/crocjeux.com\\\/\"},{\"@type\":\"ListItem\",\"position\":3,\"name\":\"World Wonders\"}]},{\"@type\":\"WebSite\",\"@id\":\"https:\\\/\\\/crocjeux.com\\\/#website\",\"url\":\"https:\\\/\\\/crocjeux.com\\\/\",\"name\":\"Croc Jeux\",\"description\":\"Bienvenue chez Croc Jeux!\",\"publisher\":{\"@id\":\"https:\\\/\\\/crocjeux.com\\\/#organization\"},\"potentialAction\":[{\"@type\":\"SearchAction\",\"target\":{\"@type\":\"EntryPoint\",\"urlTemplate\":\"https:\\\/\\\/crocjeux.com\\\/?s={search_term_string}\"},\"query-input\":{\"@type\":\"PropertyValueSpecification\",\"valueRequired\":true,\"valueName\":\"search_term_string\"}}],\"inLanguage\":\"fr-FR\"},{\"@type\":\"Organization\",\"@id\":\"https:\\\/\\\/crocjeux.com\\\/#organization\",\"name\":\"Croc Jeux\",\"url\":\"https:\\\/\\\/crocjeux.com\\\/\",\"logo\":{\"@type\":\"ImageObject\",\"inLanguage\":\"fr-FR\",\"@id\":\"https:\\\/\\\/crocjeux.com\\\/#\\\/schema\\\/logo\\\/image\\\/\",\"url\":\"https:\\\/\\\/crocjeux.com\\\/wp-content\\\/uploads\\\/2022\\\/01\\\/cropped-logo-croc-etape-1-e1644574034239.jpg\",\"contentUrl\":\"https:\\\/\\\/crocjeux.com\\\/wp-content\\\/uploads\\\/2022\\\/01\\\/cropped-logo-croc-etape-1-e1644574034239.jpg\",\"width\":1224,\"height\":314,\"caption\":\"Croc Jeux\"},\"image\":{\"@id\":\"https:\\\/\\\/crocjeux.com\\\/#\\\/schema\\\/logo\\\/image\\\/\"}}]}<\/script>\n<!-- \/ Yoast SEO plugin. -->","yoast_head_json":{"title":"World Wonders - Croc Jeux","robots":{"index":"index","follow":"follow","max-snippet":"max-snippet:-1","max-image-preview":"max-image-preview:large","max-video-preview":"max-video-preview:-1"},"canonical":"https:\/\/crocjeux.com\/index.php\/produit\/world-wonders\/","og_locale":"fr_FR","og_type":"article","og_title":"World Wonders - Croc Jeux","og_description":"L\u2019HISTOIRE : &nbsp; Construisez la cit\u00e9 la plus prestigieuse du monde antique en y pla\u00e7ant de superbes monuments. &nbsp; LE","og_url":"https:\/\/crocjeux.com\/index.php\/produit\/world-wonders\/","og_site_name":"Croc Jeux","article_modified_time":"2024-11-07T12:51:47+00:00","og_image":[{"width":1080,"height":1080,"url":"https:\/\/crocjeux.com\/wp-content\/uploads\/2024\/11\/World-Wonder.png","type":"image\/png"}],"twitter_card":"summary_large_image","twitter_misc":{"Dur\u00e9e de lecture estim\u00e9e":"2 minutes"},"schema":{"@context":"https:\/\/schema.org","@graph":[{"@type":"WebPage","@id":"https:\/\/crocjeux.com\/index.php\/produit\/world-wonders\/","url":"https:\/\/crocjeux.com\/index.php\/produit\/world-wonders\/","name":"World Wonders - Croc Jeux","isPartOf":{"@id":"https:\/\/crocjeux.com\/#website"},"primaryImageOfPage":{"@id":"https:\/\/crocjeux.com\/index.php\/produit\/world-wonders\/#primaryimage"},"image":{"@id":"https:\/\/crocjeux.com\/index.php\/produit\/world-wonders\/#primaryimage"},"thumbnailUrl":"https:\/\/crocjeux.com\/wp-content\/uploads\/2024\/11\/World-Wonder.png","datePublished":"2024-11-07T12:51:46+00:00","dateModified":"2024-11-07T12:51:47+00:00","breadcrumb":{"@id":"https:\/\/crocjeux.com\/index.php\/produit\/world-wonders\/#breadcrumb"},"inLanguage":"fr-FR","potentialAction":[{"@type":"ReadAction","target":["https:\/\/crocjeux.com\/index.php\/produit\/world-wonders\/"]}]},{"@type":"ImageObject","inLanguage":"fr-FR","@id":"https:\/\/crocjeux.com\/index.php\/produit\/world-wonders\/#primaryimage","url":"https:\/\/crocjeux.com\/wp-content\/uploads\/2024\/11\/World-Wonder.png","contentUrl":"https:\/\/crocjeux.com\/wp-content\/uploads\/2024\/11\/World-Wonder.png","width":1080,"height":1080},{"@type":"BreadcrumbList","@id":"https:\/\/crocjeux.com\/index.php\/produit\/world-wonders\/#breadcrumb","itemListElement":[{"@type":"ListItem","position":1,"name":"Accueil","item":"https:\/\/crocjeux.com\/"},{"@type":"ListItem","position":2,"name":"Boutique","item":"https:\/\/crocjeux.com\/"},{"@type":"ListItem","position":3,"name":"World Wonders"}]},{"@type":"WebSite","@id":"https:\/\/crocjeux.com\/#website","url":"https:\/\/crocjeux.com\/","name":"Croc Jeux","description":"Bienvenue chez Croc Jeux!","publisher":{"@id":"https:\/\/crocjeux.com\/#organization"},"potentialAction":[{"@type":"SearchAction","target":{"@type":"EntryPoint","urlTemplate":"https:\/\/crocjeux.com\/?s={search_term_string}"},"query-input":{"@type":"PropertyValueSpecification","valueRequired":true,"valueName":"search_term_string"}}],"inLanguage":"fr-FR"},{"@type":"Organization","@id":"https:\/\/crocjeux.com\/#organization","name":"Croc Jeux","url":"https:\/\/crocjeux.com\/","logo":{"@type":"ImageObject","inLanguage":"fr-FR","@id":"https:\/\/crocjeux.com\/#\/schema\/logo\/image\/","url":"https:\/\/crocjeux.com\/wp-content\/uploads\/2022\/01\/cropped-logo-croc-etape-1-e1644574034239.jpg","contentUrl":"https:\/\/crocjeux.com\/wp-content\/uploads\/2022\/01\/cropped-logo-croc-etape-1-e1644574034239.jpg","width":1224,"height":314,"caption":"Croc Jeux"},"image":{"@id":"https:\/\/crocjeux.com\/#\/schema\/logo\/image\/"}}]}},"_links":{"self":[{"href":"https:\/\/crocjeux.com\/index.php\/wp-json\/wp\/v2\/product\/6621","targetHints":{"allow":["GET"]}}],"collection":[{"href":"https:\/\/crocjeux.com\/index.php\/wp-json\/wp\/v2\/product"}],"about":[{"href":"https:\/\/crocjeux.com\/index.php\/wp-json\/wp\/v2\/types\/product"}],"replies":[{"embeddable":true,"href":"https:\/\/crocjeux.com\/index.php\/wp-json\/wp\/v2\/comments?post=6621"}],"wp:featuredmedia":[{"embeddable":true,"href":"https:\/\/crocjeux.com\/index.php\/wp-json\/wp\/v2\/media\/6622"}],"wp:attachment":[{"href":"https:\/\/crocjeux.com\/index.php\/wp-json\/wp\/v2\/media?parent=6621"}],"wp:term":[{"taxonomy":"product_brand","embeddable":true,"href":"https:\/\/crocjeux.com\/index.php\/wp-json\/wp\/v2\/product_brand?post=6621"},{"taxonomy":"product_cat","embeddable":true,"href":"https:\/\/crocjeux.com\/index.php\/wp-json\/wp\/v2\/product_cat?post=6621"},{"taxonomy":"product_tag","embeddable":true,"href":"https:\/\/crocjeux.com\/index.php\/wp-json\/wp\/v2\/product_tag?post=6621"}],"curies":[{"name":"wp","href":"https:\/\/api.w.org\/{rel}","templated":true}]}}