{"id":6643,"date":"2024-11-12T16:16:23","date_gmt":"2024-11-12T15:16:23","guid":{"rendered":"https:\/\/crocjeux.com\/?post_type=product&#038;p=6643"},"modified":"2024-11-12T16:16:23","modified_gmt":"2024-11-12T15:16:23","slug":"des-souvenirs-plein-le-ciel","status":"publish","type":"product","link":"https:\/\/crocjeux.com\/index.php\/produit\/des-souvenirs-plein-le-ciel\/","title":{"rendered":"Des Souvenirs plein le Ciel"},"content":{"rendered":"<p><em><span class=\"OYPEnA font-feature-liga-off font-feature-clig-off font-feature-calt-off text-decoration-none text-strikethrough-none\">Les pr\u00e9cieux souvenirs de vos grands-parents s\u2019envolent peu \u00e0 peu&#8230;Partez \u00e0 leur recherche dans votre bateau en papier, parcourez le ciel et retrouvez-les pour les partager et les raconter \u00e0 votre famille et vos amis.<\/span><\/em><\/p>\n<p>Voguez d&rsquo;un nuage \u00e0 l&rsquo;autre en \u00e9vitant les trous de m\u00e9moire qui vous ralentissent, et r\u00e9unissez les 6 morceaux de votre souvenir pour remporter la partie !<\/p>\n<h4>Contenu<\/h4>\n<p>-1 plateau Ciel (en 4 parties),<\/p>\n<p>-4 pions Bateau,<\/p>\n<p>-16 tuiles Nuage aimant\u00e9es,<\/p>\n<p>-32 tuiles Nuage,<\/p>\n<p>-24 cartes Souvenir,<\/p>\n<p>-1livret de r\u00e8gles.<\/p>\n","protected":false},"excerpt":{"rendered":"<p>Les pr\u00e9cieux souvenirs de vos grands-parents s\u2019envolent peu \u00e0 peu&#8230;Partez \u00e0 leur recherche dans votre bateau en papier, parcourez le<\/p>\n","protected":false},"featured_media":6644,"comment_status":"open","ping_status":"closed","template":"","meta":{"colormag_page_container_layout":"default_layout","colormag_page_sidebar_layout":"default_layout"},"product_brand":[],"product_cat":[33,36,29],"product_tag":[],"class_list":{"0":"post-6643","1":"product","2":"type-product","3":"status-publish","4":"has-post-thumbnail","6":"product_cat-jeux-enfants","7":"product_cat-jeux-familiaux","8":"product_cat-jeux-2-joueurs","10":"first","11":"instock","12":"taxable","13":"shipping-taxable","14":"purchasable","15":"product-type-simple"},"yoast_head":"<!-- This site is optimized with the Yoast SEO plugin v27.1.1 - https:\/\/yoast.com\/product\/yoast-seo-wordpress\/ -->\n<title>Des Souvenirs plein le Ciel - Croc Jeux<\/title>\n<meta name=\"description\" content=\"Retrouvez vos souvenirs qui s&#039;envolent \u00e0 bord d&#039;un bateau dans le ciel\" \/>\n<meta name=\"robots\" content=\"index, follow, max-snippet:-1, max-image-preview:large, max-video-preview:-1\" \/>\n<link rel=\"canonical\" href=\"https:\/\/crocjeux.com\/index.php\/produit\/des-souvenirs-plein-le-ciel\/\" \/>\n<meta property=\"og:locale\" content=\"fr_FR\" \/>\n<meta property=\"og:type\" content=\"article\" \/>\n<meta property=\"og:title\" content=\"Des Souvenirs plein le Ciel - Croc Jeux\" \/>\n<meta property=\"og:description\" content=\"Retrouvez vos souvenirs qui s&#039;envolent \u00e0 bord d&#039;un bateau dans le ciel\" \/>\n<meta property=\"og:url\" content=\"https:\/\/crocjeux.com\/index.php\/produit\/des-souvenirs-plein-le-ciel\/\" \/>\n<meta property=\"og:site_name\" content=\"Croc Jeux\" \/>\n<meta property=\"og:image\" content=\"https:\/\/crocjeux.com\/wp-content\/uploads\/2024\/11\/Des-souvenirs-plein-le-ciel1.png\" \/>\n\t<meta property=\"og:image:width\" content=\"1080\" \/>\n\t<meta property=\"og:image:height\" content=\"1080\" \/>\n\t<meta property=\"og:image:type\" content=\"image\/png\" \/>\n<meta name=\"twitter:card\" content=\"summary_large_image\" \/>\n<meta name=\"twitter:label1\" content=\"Dur\u00e9e de lecture estim\u00e9e\" \/>\n\t<meta name=\"twitter:data1\" content=\"1 minute\" \/>\n<script type=\"application\/ld+json\" class=\"yoast-schema-graph\">{\"@context\":\"https:\/\/schema.org\",\"@graph\":[{\"@type\":\"WebPage\",\"@id\":\"https:\/\/crocjeux.com\/index.php\/produit\/des-souvenirs-plein-le-ciel\/\",\"url\":\"https:\/\/crocjeux.com\/index.php\/produit\/des-souvenirs-plein-le-ciel\/\",\"name\":\"Des Souvenirs plein le Ciel - Croc Jeux\",\"isPartOf\":{\"@id\":\"https:\/\/crocjeux.com\/#website\"},\"primaryImageOfPage\":{\"@id\":\"https:\/\/crocjeux.com\/index.php\/produit\/des-souvenirs-plein-le-ciel\/#primaryimage\"},\"image\":{\"@id\":\"https:\/\/crocjeux.com\/index.php\/produit\/des-souvenirs-plein-le-ciel\/#primaryimage\"},\"thumbnailUrl\":\"https:\/\/crocjeux.com\/wp-content\/uploads\/2024\/11\/Des-souvenirs-plein-le-ciel1.png\",\"datePublished\":\"2024-11-12T15:16:23+00:00\",\"description\":\"Retrouvez vos souvenirs qui s'envolent \u00e0 bord d'un bateau dans le ciel\",\"breadcrumb\":{\"@id\":\"https:\/\/crocjeux.com\/index.php\/produit\/des-souvenirs-plein-le-ciel\/#breadcrumb\"},\"inLanguage\":\"fr-FR\",\"potentialAction\":[{\"@type\":\"ReadAction\",\"target\":[\"https:\/\/crocjeux.com\/index.php\/produit\/des-souvenirs-plein-le-ciel\/\"]}]},{\"@type\":\"ImageObject\",\"inLanguage\":\"fr-FR\",\"@id\":\"https:\/\/crocjeux.com\/index.php\/produit\/des-souvenirs-plein-le-ciel\/#primaryimage\",\"url\":\"https:\/\/crocjeux.com\/wp-content\/uploads\/2024\/11\/Des-souvenirs-plein-le-ciel1.png\",\"contentUrl\":\"https:\/\/crocjeux.com\/wp-content\/uploads\/2024\/11\/Des-souvenirs-plein-le-ciel1.png\",\"width\":1080,\"height\":1080},{\"@type\":\"BreadcrumbList\",\"@id\":\"https:\/\/crocjeux.com\/index.php\/produit\/des-souvenirs-plein-le-ciel\/#breadcrumb\",\"itemListElement\":[{\"@type\":\"ListItem\",\"position\":1,\"name\":\"Accueil\",\"item\":\"https:\/\/crocjeux.com\/\"},{\"@type\":\"ListItem\",\"position\":2,\"name\":\"Boutique\",\"item\":\"https:\/\/crocjeux.com\/\"},{\"@type\":\"ListItem\",\"position\":3,\"name\":\"Des Souvenirs plein le Ciel\"}]},{\"@type\":\"WebSite\",\"@id\":\"https:\/\/crocjeux.com\/#website\",\"url\":\"https:\/\/crocjeux.com\/\",\"name\":\"Croc Jeux\",\"description\":\"Bienvenue chez Croc Jeux!\",\"publisher\":{\"@id\":\"https:\/\/crocjeux.com\/#organization\"},\"potentialAction\":[{\"@type\":\"SearchAction\",\"target\":{\"@type\":\"EntryPoint\",\"urlTemplate\":\"https:\/\/crocjeux.com\/?s={search_term_string}\"},\"query-input\":{\"@type\":\"PropertyValueSpecification\",\"valueRequired\":true,\"valueName\":\"search_term_string\"}}],\"inLanguage\":\"fr-FR\"},{\"@type\":\"Organization\",\"@id\":\"https:\/\/crocjeux.com\/#organization\",\"name\":\"Croc Jeux\",\"url\":\"https:\/\/crocjeux.com\/\",\"logo\":{\"@type\":\"ImageObject\",\"inLanguage\":\"fr-FR\",\"@id\":\"https:\/\/crocjeux.com\/#\/schema\/logo\/image\/\",\"url\":\"https:\/\/crocjeux.com\/wp-content\/uploads\/2022\/01\/cropped-logo-croc-etape-1-e1644574034239.jpg\",\"contentUrl\":\"https:\/\/crocjeux.com\/wp-content\/uploads\/2022\/01\/cropped-logo-croc-etape-1-e1644574034239.jpg\",\"width\":1224,\"height\":314,\"caption\":\"Croc Jeux\"},\"image\":{\"@id\":\"https:\/\/crocjeux.com\/#\/schema\/logo\/image\/\"}}]}<\/script>\n<!-- \/ Yoast SEO plugin. -->","yoast_head_json":{"title":"Des Souvenirs plein le Ciel - Croc Jeux","description":"Retrouvez vos souvenirs qui s'envolent \u00e0 bord d'un bateau dans le ciel","robots":{"index":"index","follow":"follow","max-snippet":"max-snippet:-1","max-image-preview":"max-image-preview:large","max-video-preview":"max-video-preview:-1"},"canonical":"https:\/\/crocjeux.com\/index.php\/produit\/des-souvenirs-plein-le-ciel\/","og_locale":"fr_FR","og_type":"article","og_title":"Des Souvenirs plein le Ciel - Croc Jeux","og_description":"Retrouvez vos souvenirs qui s'envolent \u00e0 bord d'un bateau dans le ciel","og_url":"https:\/\/crocjeux.com\/index.php\/produit\/des-souvenirs-plein-le-ciel\/","og_site_name":"Croc Jeux","og_image":[{"width":1080,"height":1080,"url":"https:\/\/crocjeux.com\/wp-content\/uploads\/2024\/11\/Des-souvenirs-plein-le-ciel1.png","type":"image\/png"}],"twitter_card":"summary_large_image","twitter_misc":{"Dur\u00e9e de lecture estim\u00e9e":"1 minute"},"schema":{"@context":"https:\/\/schema.org","@graph":[{"@type":"WebPage","@id":"https:\/\/crocjeux.com\/index.php\/produit\/des-souvenirs-plein-le-ciel\/","url":"https:\/\/crocjeux.com\/index.php\/produit\/des-souvenirs-plein-le-ciel\/","name":"Des Souvenirs plein le Ciel - Croc Jeux","isPartOf":{"@id":"https:\/\/crocjeux.com\/#website"},"primaryImageOfPage":{"@id":"https:\/\/crocjeux.com\/index.php\/produit\/des-souvenirs-plein-le-ciel\/#primaryimage"},"image":{"@id":"https:\/\/crocjeux.com\/index.php\/produit\/des-souvenirs-plein-le-ciel\/#primaryimage"},"thumbnailUrl":"https:\/\/crocjeux.com\/wp-content\/uploads\/2024\/11\/Des-souvenirs-plein-le-ciel1.png","datePublished":"2024-11-12T15:16:23+00:00","description":"Retrouvez vos souvenirs qui s'envolent \u00e0 bord d'un bateau dans le ciel","breadcrumb":{"@id":"https:\/\/crocjeux.com\/index.php\/produit\/des-souvenirs-plein-le-ciel\/#breadcrumb"},"inLanguage":"fr-FR","potentialAction":[{"@type":"ReadAction","target":["https:\/\/crocjeux.com\/index.php\/produit\/des-souvenirs-plein-le-ciel\/"]}]},{"@type":"ImageObject","inLanguage":"fr-FR","@id":"https:\/\/crocjeux.com\/index.php\/produit\/des-souvenirs-plein-le-ciel\/#primaryimage","url":"https:\/\/crocjeux.com\/wp-content\/uploads\/2024\/11\/Des-souvenirs-plein-le-ciel1.png","contentUrl":"https:\/\/crocjeux.com\/wp-content\/uploads\/2024\/11\/Des-souvenirs-plein-le-ciel1.png","width":1080,"height":1080},{"@type":"BreadcrumbList","@id":"https:\/\/crocjeux.com\/index.php\/produit\/des-souvenirs-plein-le-ciel\/#breadcrumb","itemListElement":[{"@type":"ListItem","position":1,"name":"Accueil","item":"https:\/\/crocjeux.com\/"},{"@type":"ListItem","position":2,"name":"Boutique","item":"https:\/\/crocjeux.com\/"},{"@type":"ListItem","position":3,"name":"Des Souvenirs plein le Ciel"}]},{"@type":"WebSite","@id":"https:\/\/crocjeux.com\/#website","url":"https:\/\/crocjeux.com\/","name":"Croc Jeux","description":"Bienvenue chez Croc Jeux!","publisher":{"@id":"https:\/\/crocjeux.com\/#organization"},"potentialAction":[{"@type":"SearchAction","target":{"@type":"EntryPoint","urlTemplate":"https:\/\/crocjeux.com\/?s={search_term_string}"},"query-input":{"@type":"PropertyValueSpecification","valueRequired":true,"valueName":"search_term_string"}}],"inLanguage":"fr-FR"},{"@type":"Organization","@id":"https:\/\/crocjeux.com\/#organization","name":"Croc Jeux","url":"https:\/\/crocjeux.com\/","logo":{"@type":"ImageObject","inLanguage":"fr-FR","@id":"https:\/\/crocjeux.com\/#\/schema\/logo\/image\/","url":"https:\/\/crocjeux.com\/wp-content\/uploads\/2022\/01\/cropped-logo-croc-etape-1-e1644574034239.jpg","contentUrl":"https:\/\/crocjeux.com\/wp-content\/uploads\/2022\/01\/cropped-logo-croc-etape-1-e1644574034239.jpg","width":1224,"height":314,"caption":"Croc Jeux"},"image":{"@id":"https:\/\/crocjeux.com\/#\/schema\/logo\/image\/"}}]}},"_links":{"self":[{"href":"https:\/\/crocjeux.com\/index.php\/wp-json\/wp\/v2\/product\/6643","targetHints":{"allow":["GET"]}}],"collection":[{"href":"https:\/\/crocjeux.com\/index.php\/wp-json\/wp\/v2\/product"}],"about":[{"href":"https:\/\/crocjeux.com\/index.php\/wp-json\/wp\/v2\/types\/product"}],"replies":[{"embeddable":true,"href":"https:\/\/crocjeux.com\/index.php\/wp-json\/wp\/v2\/comments?post=6643"}],"wp:featuredmedia":[{"embeddable":true,"href":"https:\/\/crocjeux.com\/index.php\/wp-json\/wp\/v2\/media\/6644"}],"wp:attachment":[{"href":"https:\/\/crocjeux.com\/index.php\/wp-json\/wp\/v2\/media?parent=6643"}],"wp:term":[{"taxonomy":"product_brand","embeddable":true,"href":"https:\/\/crocjeux.com\/index.php\/wp-json\/wp\/v2\/product_brand?post=6643"},{"taxonomy":"product_cat","embeddable":true,"href":"https:\/\/crocjeux.com\/index.php\/wp-json\/wp\/v2\/product_cat?post=6643"},{"taxonomy":"product_tag","embeddable":true,"href":"https:\/\/crocjeux.com\/index.php\/wp-json\/wp\/v2\/product_tag?post=6643"}],"curies":[{"name":"wp","href":"https:\/\/api.w.org\/{rel}","templated":true}]}}