{"id":6654,"date":"2024-11-15T13:29:17","date_gmt":"2024-11-15T12:29:17","guid":{"rendered":"https:\/\/crocjeux.com\/?post_type=product&#038;p=6654"},"modified":"2024-11-15T13:29:17","modified_gmt":"2024-11-15T12:29:17","slug":"colt-express-joyeux-10e-anniversaire","status":"publish","type":"product","link":"https:\/\/crocjeux.com\/index.php\/produit\/colt-express-joyeux-10e-anniversaire\/","title":{"rendered":"Colt Express &#8211; Joyeux 10e anniversaire"},"content":{"rendered":"<div class=\"hide_info_annexe row small-collapse medium-uncollapse\">\n<div class=\"column small-12\">\n<p>L&rsquo;extension <span class=\"style-client-colored-text\">Joyeux 10\u00e8me Anniversaire<\/span> a \u00e9t\u00e9 pens\u00e9e pour faire plaisir aux fans de Colt Express !<br \/>\nElle am\u00e8ne du contenu original et des \u00e9l\u00e9ments de jeu exclusifs et de qualit\u00e9, comme les pions et les jetons s\u00e9rigraphi\u00e9 en bois, ou encore les deux nouveaux bandits pour jouer \u00e0 encore plus nombreux.<\/p>\n<p>Vous retrouverez dans cette extension :<\/p>\n<p>&#8211; Le <strong>Wagon Circus<\/strong> pour emprunter le cou de la girafe et changer d\u2019\u00e9tage, ou fouiller les malles du clown.<\/p>\n<p>&#8211; Le <strong>Wagon Pompe<\/strong> pour vous cacher sous le train et r\u00e9appara\u00eetre o\u00f9 vous voulez, ou pour \u00e9jecter vos adversaires en les faisant voler vers le toit du train.<\/p>\n<p>Vous retrouverez \u00e9galement des jetons et pions s\u00e9rigraphi\u00e9s en bois pour remplacer le jetons en carton de la bo\u00eete de base.<\/p>\n<p>Enfin, deux nouveaux bandits font leur apparition : <strong>Al Patron<\/strong>, le Roi de la corruption, et <strong>Mary Pumpinks<\/strong>, un Bandit automate pour ajouter une adversaire adorable.<\/p>\n<p>Et puis avec les cartes <em><strong>Coup de Poing Sp\u00e9cial<\/strong><\/em>, le Bandit cibl\u00e9 par un Coup de poing sp\u00e9cial n\u2019est pas envoy\u00e9 dans un Wagon adjacent, mais change d\u2019\u00e9tage.<\/p>\n<\/div>\n<\/div>\n","protected":false},"excerpt":{"rendered":"<p>L&rsquo;extension Joyeux 10\u00e8me Anniversaire a \u00e9t\u00e9 pens\u00e9e pour faire plaisir aux fans de Colt Express ! Elle am\u00e8ne du contenu<\/p>\n","protected":false},"featured_media":6655,"comment_status":"open","ping_status":"closed","template":"","meta":{"colormag_page_container_layout":"default_layout","colormag_page_sidebar_layout":"default_layout"},"product_brand":[],"product_cat":[71],"product_tag":[],"class_list":{"0":"post-6654","1":"product","2":"type-product","3":"status-publish","4":"has-post-thumbnail","6":"product_cat-colt-express-jeux-a-deux","8":"first","9":"instock","10":"taxable","11":"shipping-taxable","12":"purchasable","13":"product-type-simple"},"yoast_head":"<!-- This site is optimized with the Yoast SEO plugin v27.4 - https:\/\/yoast.com\/product\/yoast-seo-wordpress\/ -->\n<title>Colt Express - Joyeux 10e anniversaire - Croc Jeux<\/title>\n<meta name=\"robots\" content=\"index, follow, max-snippet:-1, max-image-preview:large, max-video-preview:-1\" \/>\n<link rel=\"canonical\" href=\"https:\/\/crocjeux.com\/index.php\/produit\/colt-express-joyeux-10e-anniversaire\/\" \/>\n<meta property=\"og:locale\" content=\"fr_FR\" \/>\n<meta property=\"og:type\" content=\"article\" \/>\n<meta property=\"og:title\" content=\"Colt Express - Joyeux 10e anniversaire - Croc Jeux\" \/>\n<meta property=\"og:description\" content=\"L&rsquo;extension Joyeux 10\u00e8me Anniversaire a \u00e9t\u00e9 pens\u00e9e pour faire plaisir aux fans de Colt Express ! Elle am\u00e8ne du contenu\" \/>\n<meta property=\"og:url\" content=\"https:\/\/crocjeux.com\/index.php\/produit\/colt-express-joyeux-10e-anniversaire\/\" \/>\n<meta property=\"og:site_name\" content=\"Croc Jeux\" \/>\n<meta property=\"og:image\" content=\"https:\/\/crocjeux.com\/wp-content\/uploads\/2024\/11\/Happy-Garden3.png\" \/>\n\t<meta property=\"og:image:width\" content=\"1080\" \/>\n\t<meta property=\"og:image:height\" content=\"1080\" \/>\n\t<meta property=\"og:image:type\" content=\"image\/png\" \/>\n<meta name=\"twitter:card\" content=\"summary_large_image\" \/>\n<meta name=\"twitter:label1\" content=\"Dur\u00e9e de lecture estim\u00e9e\" \/>\n\t<meta name=\"twitter:data1\" content=\"2 minutes\" \/>\n<script type=\"application\/ld+json\" class=\"yoast-schema-graph\">{\"@context\":\"https:\\\/\\\/schema.org\",\"@graph\":[{\"@type\":\"WebPage\",\"@id\":\"https:\\\/\\\/crocjeux.com\\\/index.php\\\/produit\\\/colt-express-joyeux-10e-anniversaire\\\/\",\"url\":\"https:\\\/\\\/crocjeux.com\\\/index.php\\\/produit\\\/colt-express-joyeux-10e-anniversaire\\\/\",\"name\":\"Colt Express - Joyeux 10e anniversaire - Croc Jeux\",\"isPartOf\":{\"@id\":\"https:\\\/\\\/crocjeux.com\\\/#website\"},\"primaryImageOfPage\":{\"@id\":\"https:\\\/\\\/crocjeux.com\\\/index.php\\\/produit\\\/colt-express-joyeux-10e-anniversaire\\\/#primaryimage\"},\"image\":{\"@id\":\"https:\\\/\\\/crocjeux.com\\\/index.php\\\/produit\\\/colt-express-joyeux-10e-anniversaire\\\/#primaryimage\"},\"thumbnailUrl\":\"https:\\\/\\\/crocjeux.com\\\/wp-content\\\/uploads\\\/2024\\\/11\\\/Happy-Garden3.png\",\"datePublished\":\"2024-11-15T12:29:17+00:00\",\"breadcrumb\":{\"@id\":\"https:\\\/\\\/crocjeux.com\\\/index.php\\\/produit\\\/colt-express-joyeux-10e-anniversaire\\\/#breadcrumb\"},\"inLanguage\":\"fr-FR\",\"potentialAction\":[{\"@type\":\"ReadAction\",\"target\":[\"https:\\\/\\\/crocjeux.com\\\/index.php\\\/produit\\\/colt-express-joyeux-10e-anniversaire\\\/\"]}]},{\"@type\":\"ImageObject\",\"inLanguage\":\"fr-FR\",\"@id\":\"https:\\\/\\\/crocjeux.com\\\/index.php\\\/produit\\\/colt-express-joyeux-10e-anniversaire\\\/#primaryimage\",\"url\":\"https:\\\/\\\/crocjeux.com\\\/wp-content\\\/uploads\\\/2024\\\/11\\\/Happy-Garden3.png\",\"contentUrl\":\"https:\\\/\\\/crocjeux.com\\\/wp-content\\\/uploads\\\/2024\\\/11\\\/Happy-Garden3.png\",\"width\":1080,\"height\":1080},{\"@type\":\"BreadcrumbList\",\"@id\":\"https:\\\/\\\/crocjeux.com\\\/index.php\\\/produit\\\/colt-express-joyeux-10e-anniversaire\\\/#breadcrumb\",\"itemListElement\":[{\"@type\":\"ListItem\",\"position\":1,\"name\":\"Accueil\",\"item\":\"https:\\\/\\\/crocjeux.com\\\/\"},{\"@type\":\"ListItem\",\"position\":2,\"name\":\"Boutique\",\"item\":\"https:\\\/\\\/crocjeux.com\\\/\"},{\"@type\":\"ListItem\",\"position\":3,\"name\":\"Colt Express &#8211; Joyeux 10e anniversaire\"}]},{\"@type\":\"WebSite\",\"@id\":\"https:\\\/\\\/crocjeux.com\\\/#website\",\"url\":\"https:\\\/\\\/crocjeux.com\\\/\",\"name\":\"Croc Jeux\",\"description\":\"Bienvenue chez Croc Jeux!\",\"publisher\":{\"@id\":\"https:\\\/\\\/crocjeux.com\\\/#organization\"},\"potentialAction\":[{\"@type\":\"SearchAction\",\"target\":{\"@type\":\"EntryPoint\",\"urlTemplate\":\"https:\\\/\\\/crocjeux.com\\\/?s={search_term_string}\"},\"query-input\":{\"@type\":\"PropertyValueSpecification\",\"valueRequired\":true,\"valueName\":\"search_term_string\"}}],\"inLanguage\":\"fr-FR\"},{\"@type\":\"Organization\",\"@id\":\"https:\\\/\\\/crocjeux.com\\\/#organization\",\"name\":\"Croc Jeux\",\"url\":\"https:\\\/\\\/crocjeux.com\\\/\",\"logo\":{\"@type\":\"ImageObject\",\"inLanguage\":\"fr-FR\",\"@id\":\"https:\\\/\\\/crocjeux.com\\\/#\\\/schema\\\/logo\\\/image\\\/\",\"url\":\"https:\\\/\\\/crocjeux.com\\\/wp-content\\\/uploads\\\/2022\\\/01\\\/cropped-logo-croc-etape-1-e1644574034239.jpg\",\"contentUrl\":\"https:\\\/\\\/crocjeux.com\\\/wp-content\\\/uploads\\\/2022\\\/01\\\/cropped-logo-croc-etape-1-e1644574034239.jpg\",\"width\":1224,\"height\":314,\"caption\":\"Croc Jeux\"},\"image\":{\"@id\":\"https:\\\/\\\/crocjeux.com\\\/#\\\/schema\\\/logo\\\/image\\\/\"}}]}<\/script>\n<!-- \/ Yoast SEO plugin. -->","yoast_head_json":{"title":"Colt Express - Joyeux 10e anniversaire - Croc Jeux","robots":{"index":"index","follow":"follow","max-snippet":"max-snippet:-1","max-image-preview":"max-image-preview:large","max-video-preview":"max-video-preview:-1"},"canonical":"https:\/\/crocjeux.com\/index.php\/produit\/colt-express-joyeux-10e-anniversaire\/","og_locale":"fr_FR","og_type":"article","og_title":"Colt Express - Joyeux 10e anniversaire - Croc Jeux","og_description":"L&rsquo;extension Joyeux 10\u00e8me Anniversaire a \u00e9t\u00e9 pens\u00e9e pour faire plaisir aux fans de Colt Express ! Elle am\u00e8ne du contenu","og_url":"https:\/\/crocjeux.com\/index.php\/produit\/colt-express-joyeux-10e-anniversaire\/","og_site_name":"Croc Jeux","og_image":[{"width":1080,"height":1080,"url":"https:\/\/crocjeux.com\/wp-content\/uploads\/2024\/11\/Happy-Garden3.png","type":"image\/png"}],"twitter_card":"summary_large_image","twitter_misc":{"Dur\u00e9e de lecture estim\u00e9e":"2 minutes"},"schema":{"@context":"https:\/\/schema.org","@graph":[{"@type":"WebPage","@id":"https:\/\/crocjeux.com\/index.php\/produit\/colt-express-joyeux-10e-anniversaire\/","url":"https:\/\/crocjeux.com\/index.php\/produit\/colt-express-joyeux-10e-anniversaire\/","name":"Colt Express - Joyeux 10e anniversaire - Croc Jeux","isPartOf":{"@id":"https:\/\/crocjeux.com\/#website"},"primaryImageOfPage":{"@id":"https:\/\/crocjeux.com\/index.php\/produit\/colt-express-joyeux-10e-anniversaire\/#primaryimage"},"image":{"@id":"https:\/\/crocjeux.com\/index.php\/produit\/colt-express-joyeux-10e-anniversaire\/#primaryimage"},"thumbnailUrl":"https:\/\/crocjeux.com\/wp-content\/uploads\/2024\/11\/Happy-Garden3.png","datePublished":"2024-11-15T12:29:17+00:00","breadcrumb":{"@id":"https:\/\/crocjeux.com\/index.php\/produit\/colt-express-joyeux-10e-anniversaire\/#breadcrumb"},"inLanguage":"fr-FR","potentialAction":[{"@type":"ReadAction","target":["https:\/\/crocjeux.com\/index.php\/produit\/colt-express-joyeux-10e-anniversaire\/"]}]},{"@type":"ImageObject","inLanguage":"fr-FR","@id":"https:\/\/crocjeux.com\/index.php\/produit\/colt-express-joyeux-10e-anniversaire\/#primaryimage","url":"https:\/\/crocjeux.com\/wp-content\/uploads\/2024\/11\/Happy-Garden3.png","contentUrl":"https:\/\/crocjeux.com\/wp-content\/uploads\/2024\/11\/Happy-Garden3.png","width":1080,"height":1080},{"@type":"BreadcrumbList","@id":"https:\/\/crocjeux.com\/index.php\/produit\/colt-express-joyeux-10e-anniversaire\/#breadcrumb","itemListElement":[{"@type":"ListItem","position":1,"name":"Accueil","item":"https:\/\/crocjeux.com\/"},{"@type":"ListItem","position":2,"name":"Boutique","item":"https:\/\/crocjeux.com\/"},{"@type":"ListItem","position":3,"name":"Colt Express &#8211; Joyeux 10e anniversaire"}]},{"@type":"WebSite","@id":"https:\/\/crocjeux.com\/#website","url":"https:\/\/crocjeux.com\/","name":"Croc Jeux","description":"Bienvenue chez Croc Jeux!","publisher":{"@id":"https:\/\/crocjeux.com\/#organization"},"potentialAction":[{"@type":"SearchAction","target":{"@type":"EntryPoint","urlTemplate":"https:\/\/crocjeux.com\/?s={search_term_string}"},"query-input":{"@type":"PropertyValueSpecification","valueRequired":true,"valueName":"search_term_string"}}],"inLanguage":"fr-FR"},{"@type":"Organization","@id":"https:\/\/crocjeux.com\/#organization","name":"Croc Jeux","url":"https:\/\/crocjeux.com\/","logo":{"@type":"ImageObject","inLanguage":"fr-FR","@id":"https:\/\/crocjeux.com\/#\/schema\/logo\/image\/","url":"https:\/\/crocjeux.com\/wp-content\/uploads\/2022\/01\/cropped-logo-croc-etape-1-e1644574034239.jpg","contentUrl":"https:\/\/crocjeux.com\/wp-content\/uploads\/2022\/01\/cropped-logo-croc-etape-1-e1644574034239.jpg","width":1224,"height":314,"caption":"Croc Jeux"},"image":{"@id":"https:\/\/crocjeux.com\/#\/schema\/logo\/image\/"}}]}},"_links":{"self":[{"href":"https:\/\/crocjeux.com\/index.php\/wp-json\/wp\/v2\/product\/6654","targetHints":{"allow":["GET"]}}],"collection":[{"href":"https:\/\/crocjeux.com\/index.php\/wp-json\/wp\/v2\/product"}],"about":[{"href":"https:\/\/crocjeux.com\/index.php\/wp-json\/wp\/v2\/types\/product"}],"replies":[{"embeddable":true,"href":"https:\/\/crocjeux.com\/index.php\/wp-json\/wp\/v2\/comments?post=6654"}],"wp:featuredmedia":[{"embeddable":true,"href":"https:\/\/crocjeux.com\/index.php\/wp-json\/wp\/v2\/media\/6655"}],"wp:attachment":[{"href":"https:\/\/crocjeux.com\/index.php\/wp-json\/wp\/v2\/media?parent=6654"}],"wp:term":[{"taxonomy":"product_brand","embeddable":true,"href":"https:\/\/crocjeux.com\/index.php\/wp-json\/wp\/v2\/product_brand?post=6654"},{"taxonomy":"product_cat","embeddable":true,"href":"https:\/\/crocjeux.com\/index.php\/wp-json\/wp\/v2\/product_cat?post=6654"},{"taxonomy":"product_tag","embeddable":true,"href":"https:\/\/crocjeux.com\/index.php\/wp-json\/wp\/v2\/product_tag?post=6654"}],"curies":[{"name":"wp","href":"https:\/\/api.w.org\/{rel}","templated":true}]}}