{"id":6656,"date":"2024-11-15T13:54:54","date_gmt":"2024-11-15T12:54:54","guid":{"rendered":"https:\/\/crocjeux.com\/?post_type=product&#038;p=6656"},"modified":"2024-11-15T13:54:55","modified_gmt":"2024-11-15T12:54:55","slug":"cold-case-la-fin-de-linnocence","status":"publish","type":"product","link":"https:\/\/crocjeux.com\/index.php\/produit\/cold-case-la-fin-de-linnocence\/","title":{"rendered":"COLD CASE &#8211; La fin de l&rsquo;Innocence"},"content":{"rendered":"<p><em>Roubaix, 1996 : la mort de Nathalie Brabant, une lyc\u00e9enne de 16 ans, bouleverse le Nord-Pas-de-Calais. Un promeneur d\u00e9couvre le corps de la jeune femme sur le site d\u2019une usine d\u00e9saffect\u00e9e. La police judiciaire ne n\u00e9glige aucune piste et interroge les amis et les proches de la victime, n\u2019excluant pas non plus la possibilit\u00e9 d\u2019un crime opportuniste dont Nathalie aurait \u00e9t\u00e9 fortuitement victime. <\/em><\/p>\n<p><em>Deux ans plus tard, un violeur en s\u00e9rie est arr\u00eat\u00e9 et \u00e9veille les soup\u00e7ons des forces de l\u2019ordre. Cependant, les enqu\u00eateurs ne parviennent pas \u00e0 lui imputer le meurtre de la jeune fille de mani\u00e8re irr\u00e9futable. L\u2019enqu\u00eate est dans l\u2019impasse et l\u2019affaire Nathalie Brabant finit par \u00eatre class\u00e9e sans suite. <\/em><\/p>\n<p>\u00c9l\u00e9ments de preuve, indices cach\u00e9s, interrogatoires !<\/p>\n<p>En tant que membre-s d\u2019une unit\u00e9 sp\u00e9ciale, vous enqu\u00eatez sur des affaires de meurtres non r\u00e9solues. Vous devez pour cela vous plonger dans les dossiers, consulter les documents \u00e0 votre disposition, examiner de vieilles coupures de journaux et \u00e9couter les enregistrements d\u2019interrogatoires r\u00e9alis\u00e9s \u00e0 l\u2019\u00e9poque.<\/p>\n<p>Vous avez le droit de recourir \u00e0 tous les outils \u00e0 votre disposition pour r\u00e9soudre l\u2019affaire. Vous recevez pour cela un dossier d\u2019enqu\u00eate r\u00e9aliste. Trois missions captivantes vous attendent pour d\u00e9busquer le ou la coupable.<br \/>\nApr\u00e8s toutes ces ann\u00e9es, vous seul\u00b7e\u00b7s pouvez veiller \u00e0 ce que justice soit rendue pour les victimes.<\/p>\n","protected":false},"excerpt":{"rendered":"<p>Roubaix, 1996 : la mort de Nathalie Brabant, une lyc\u00e9enne de 16 ans, bouleverse le Nord-Pas-de-Calais. Un promeneur d\u00e9couvre le<\/p>\n","protected":false},"featured_media":6657,"comment_status":"open","ping_status":"closed","template":"","meta":{"colormag_page_container_layout":"default_layout","colormag_page_sidebar_layout":"default_layout"},"product_brand":[],"product_cat":[45,30,29],"product_tag":[],"class_list":{"0":"post-6656","1":"product","2":"type-product","3":"status-publish","4":"has-post-thumbnail","6":"product_cat-escape-room-escape-enquete","7":"product_cat-jeux-collaboratifs","8":"product_cat-jeux-2-joueurs","10":"first","11":"instock","12":"taxable","13":"shipping-taxable","14":"purchasable","15":"product-type-simple"},"yoast_head":"<!-- This site is optimized with the Yoast SEO plugin v27.4 - https:\/\/yoast.com\/product\/yoast-seo-wordpress\/ -->\n<title>COLD CASE - La fin de l&#039;Innocence - Croc Jeux<\/title>\n<meta name=\"description\" content=\"Entre escape-game, jeu d\u2019enqu\u00eate et polar, vous devez r\u00e9soudre des affaires de meurtres class\u00e9es sans suite. Mettez-vous dans la peau des enqu\u00eateurs !\" \/>\n<meta name=\"robots\" content=\"index, follow, max-snippet:-1, max-image-preview:large, max-video-preview:-1\" \/>\n<link rel=\"canonical\" href=\"https:\/\/crocjeux.com\/index.php\/produit\/cold-case-la-fin-de-linnocence\/\" \/>\n<meta property=\"og:locale\" content=\"fr_FR\" \/>\n<meta property=\"og:type\" content=\"article\" \/>\n<meta property=\"og:title\" content=\"COLD CASE - La fin de l&#039;Innocence - Croc Jeux\" \/>\n<meta property=\"og:description\" content=\"Entre escape-game, jeu d\u2019enqu\u00eate et polar, vous devez r\u00e9soudre des affaires de meurtres class\u00e9es sans suite. Mettez-vous dans la peau des enqu\u00eateurs !\" \/>\n<meta property=\"og:url\" content=\"https:\/\/crocjeux.com\/index.php\/produit\/cold-case-la-fin-de-linnocence\/\" \/>\n<meta property=\"og:site_name\" content=\"Croc Jeux\" \/>\n<meta property=\"article:modified_time\" content=\"2024-11-15T12:54:55+00:00\" \/>\n<meta property=\"og:image\" content=\"https:\/\/crocjeux.com\/wp-content\/uploads\/2024\/11\/Happy-Garden4.png\" \/>\n\t<meta property=\"og:image:width\" content=\"1080\" \/>\n\t<meta property=\"og:image:height\" content=\"1080\" \/>\n\t<meta property=\"og:image:type\" content=\"image\/png\" \/>\n<meta name=\"twitter:card\" content=\"summary_large_image\" \/>\n<meta name=\"twitter:label1\" content=\"Dur\u00e9e de lecture estim\u00e9e\" \/>\n\t<meta name=\"twitter:data1\" content=\"2 minutes\" \/>\n<script type=\"application\/ld+json\" class=\"yoast-schema-graph\">{\"@context\":\"https:\\\/\\\/schema.org\",\"@graph\":[{\"@type\":\"WebPage\",\"@id\":\"https:\\\/\\\/crocjeux.com\\\/index.php\\\/produit\\\/cold-case-la-fin-de-linnocence\\\/\",\"url\":\"https:\\\/\\\/crocjeux.com\\\/index.php\\\/produit\\\/cold-case-la-fin-de-linnocence\\\/\",\"name\":\"COLD CASE - La fin de l'Innocence - Croc Jeux\",\"isPartOf\":{\"@id\":\"https:\\\/\\\/crocjeux.com\\\/#website\"},\"primaryImageOfPage\":{\"@id\":\"https:\\\/\\\/crocjeux.com\\\/index.php\\\/produit\\\/cold-case-la-fin-de-linnocence\\\/#primaryimage\"},\"image\":{\"@id\":\"https:\\\/\\\/crocjeux.com\\\/index.php\\\/produit\\\/cold-case-la-fin-de-linnocence\\\/#primaryimage\"},\"thumbnailUrl\":\"https:\\\/\\\/crocjeux.com\\\/wp-content\\\/uploads\\\/2024\\\/11\\\/Happy-Garden4.png\",\"datePublished\":\"2024-11-15T12:54:54+00:00\",\"dateModified\":\"2024-11-15T12:54:55+00:00\",\"description\":\"Entre escape-game, jeu d\u2019enqu\u00eate et polar, vous devez r\u00e9soudre des affaires de meurtres class\u00e9es sans suite. Mettez-vous dans la peau des enqu\u00eateurs !\",\"breadcrumb\":{\"@id\":\"https:\\\/\\\/crocjeux.com\\\/index.php\\\/produit\\\/cold-case-la-fin-de-linnocence\\\/#breadcrumb\"},\"inLanguage\":\"fr-FR\",\"potentialAction\":[{\"@type\":\"ReadAction\",\"target\":[\"https:\\\/\\\/crocjeux.com\\\/index.php\\\/produit\\\/cold-case-la-fin-de-linnocence\\\/\"]}]},{\"@type\":\"ImageObject\",\"inLanguage\":\"fr-FR\",\"@id\":\"https:\\\/\\\/crocjeux.com\\\/index.php\\\/produit\\\/cold-case-la-fin-de-linnocence\\\/#primaryimage\",\"url\":\"https:\\\/\\\/crocjeux.com\\\/wp-content\\\/uploads\\\/2024\\\/11\\\/Happy-Garden4.png\",\"contentUrl\":\"https:\\\/\\\/crocjeux.com\\\/wp-content\\\/uploads\\\/2024\\\/11\\\/Happy-Garden4.png\",\"width\":1080,\"height\":1080},{\"@type\":\"BreadcrumbList\",\"@id\":\"https:\\\/\\\/crocjeux.com\\\/index.php\\\/produit\\\/cold-case-la-fin-de-linnocence\\\/#breadcrumb\",\"itemListElement\":[{\"@type\":\"ListItem\",\"position\":1,\"name\":\"Accueil\",\"item\":\"https:\\\/\\\/crocjeux.com\\\/\"},{\"@type\":\"ListItem\",\"position\":2,\"name\":\"Boutique\",\"item\":\"https:\\\/\\\/crocjeux.com\\\/\"},{\"@type\":\"ListItem\",\"position\":3,\"name\":\"COLD CASE &#8211; La fin de l&#8217;Innocence\"}]},{\"@type\":\"WebSite\",\"@id\":\"https:\\\/\\\/crocjeux.com\\\/#website\",\"url\":\"https:\\\/\\\/crocjeux.com\\\/\",\"name\":\"Croc Jeux\",\"description\":\"Bienvenue chez Croc Jeux!\",\"publisher\":{\"@id\":\"https:\\\/\\\/crocjeux.com\\\/#organization\"},\"potentialAction\":[{\"@type\":\"SearchAction\",\"target\":{\"@type\":\"EntryPoint\",\"urlTemplate\":\"https:\\\/\\\/crocjeux.com\\\/?s={search_term_string}\"},\"query-input\":{\"@type\":\"PropertyValueSpecification\",\"valueRequired\":true,\"valueName\":\"search_term_string\"}}],\"inLanguage\":\"fr-FR\"},{\"@type\":\"Organization\",\"@id\":\"https:\\\/\\\/crocjeux.com\\\/#organization\",\"name\":\"Croc Jeux\",\"url\":\"https:\\\/\\\/crocjeux.com\\\/\",\"logo\":{\"@type\":\"ImageObject\",\"inLanguage\":\"fr-FR\",\"@id\":\"https:\\\/\\\/crocjeux.com\\\/#\\\/schema\\\/logo\\\/image\\\/\",\"url\":\"https:\\\/\\\/crocjeux.com\\\/wp-content\\\/uploads\\\/2022\\\/01\\\/cropped-logo-croc-etape-1-e1644574034239.jpg\",\"contentUrl\":\"https:\\\/\\\/crocjeux.com\\\/wp-content\\\/uploads\\\/2022\\\/01\\\/cropped-logo-croc-etape-1-e1644574034239.jpg\",\"width\":1224,\"height\":314,\"caption\":\"Croc Jeux\"},\"image\":{\"@id\":\"https:\\\/\\\/crocjeux.com\\\/#\\\/schema\\\/logo\\\/image\\\/\"}}]}<\/script>\n<!-- \/ Yoast SEO plugin. -->","yoast_head_json":{"title":"COLD CASE - La fin de l'Innocence - Croc Jeux","description":"Entre escape-game, jeu d\u2019enqu\u00eate et polar, vous devez r\u00e9soudre des affaires de meurtres class\u00e9es sans suite. Mettez-vous dans la peau des enqu\u00eateurs !","robots":{"index":"index","follow":"follow","max-snippet":"max-snippet:-1","max-image-preview":"max-image-preview:large","max-video-preview":"max-video-preview:-1"},"canonical":"https:\/\/crocjeux.com\/index.php\/produit\/cold-case-la-fin-de-linnocence\/","og_locale":"fr_FR","og_type":"article","og_title":"COLD CASE - La fin de l'Innocence - Croc Jeux","og_description":"Entre escape-game, jeu d\u2019enqu\u00eate et polar, vous devez r\u00e9soudre des affaires de meurtres class\u00e9es sans suite. Mettez-vous dans la peau des enqu\u00eateurs !","og_url":"https:\/\/crocjeux.com\/index.php\/produit\/cold-case-la-fin-de-linnocence\/","og_site_name":"Croc Jeux","article_modified_time":"2024-11-15T12:54:55+00:00","og_image":[{"width":1080,"height":1080,"url":"https:\/\/crocjeux.com\/wp-content\/uploads\/2024\/11\/Happy-Garden4.png","type":"image\/png"}],"twitter_card":"summary_large_image","twitter_misc":{"Dur\u00e9e de lecture estim\u00e9e":"2 minutes"},"schema":{"@context":"https:\/\/schema.org","@graph":[{"@type":"WebPage","@id":"https:\/\/crocjeux.com\/index.php\/produit\/cold-case-la-fin-de-linnocence\/","url":"https:\/\/crocjeux.com\/index.php\/produit\/cold-case-la-fin-de-linnocence\/","name":"COLD CASE - La fin de l'Innocence - Croc Jeux","isPartOf":{"@id":"https:\/\/crocjeux.com\/#website"},"primaryImageOfPage":{"@id":"https:\/\/crocjeux.com\/index.php\/produit\/cold-case-la-fin-de-linnocence\/#primaryimage"},"image":{"@id":"https:\/\/crocjeux.com\/index.php\/produit\/cold-case-la-fin-de-linnocence\/#primaryimage"},"thumbnailUrl":"https:\/\/crocjeux.com\/wp-content\/uploads\/2024\/11\/Happy-Garden4.png","datePublished":"2024-11-15T12:54:54+00:00","dateModified":"2024-11-15T12:54:55+00:00","description":"Entre escape-game, jeu d\u2019enqu\u00eate et polar, vous devez r\u00e9soudre des affaires de meurtres class\u00e9es sans suite. Mettez-vous dans la peau des enqu\u00eateurs !","breadcrumb":{"@id":"https:\/\/crocjeux.com\/index.php\/produit\/cold-case-la-fin-de-linnocence\/#breadcrumb"},"inLanguage":"fr-FR","potentialAction":[{"@type":"ReadAction","target":["https:\/\/crocjeux.com\/index.php\/produit\/cold-case-la-fin-de-linnocence\/"]}]},{"@type":"ImageObject","inLanguage":"fr-FR","@id":"https:\/\/crocjeux.com\/index.php\/produit\/cold-case-la-fin-de-linnocence\/#primaryimage","url":"https:\/\/crocjeux.com\/wp-content\/uploads\/2024\/11\/Happy-Garden4.png","contentUrl":"https:\/\/crocjeux.com\/wp-content\/uploads\/2024\/11\/Happy-Garden4.png","width":1080,"height":1080},{"@type":"BreadcrumbList","@id":"https:\/\/crocjeux.com\/index.php\/produit\/cold-case-la-fin-de-linnocence\/#breadcrumb","itemListElement":[{"@type":"ListItem","position":1,"name":"Accueil","item":"https:\/\/crocjeux.com\/"},{"@type":"ListItem","position":2,"name":"Boutique","item":"https:\/\/crocjeux.com\/"},{"@type":"ListItem","position":3,"name":"COLD CASE &#8211; La fin de l&#8217;Innocence"}]},{"@type":"WebSite","@id":"https:\/\/crocjeux.com\/#website","url":"https:\/\/crocjeux.com\/","name":"Croc Jeux","description":"Bienvenue chez Croc Jeux!","publisher":{"@id":"https:\/\/crocjeux.com\/#organization"},"potentialAction":[{"@type":"SearchAction","target":{"@type":"EntryPoint","urlTemplate":"https:\/\/crocjeux.com\/?s={search_term_string}"},"query-input":{"@type":"PropertyValueSpecification","valueRequired":true,"valueName":"search_term_string"}}],"inLanguage":"fr-FR"},{"@type":"Organization","@id":"https:\/\/crocjeux.com\/#organization","name":"Croc Jeux","url":"https:\/\/crocjeux.com\/","logo":{"@type":"ImageObject","inLanguage":"fr-FR","@id":"https:\/\/crocjeux.com\/#\/schema\/logo\/image\/","url":"https:\/\/crocjeux.com\/wp-content\/uploads\/2022\/01\/cropped-logo-croc-etape-1-e1644574034239.jpg","contentUrl":"https:\/\/crocjeux.com\/wp-content\/uploads\/2022\/01\/cropped-logo-croc-etape-1-e1644574034239.jpg","width":1224,"height":314,"caption":"Croc Jeux"},"image":{"@id":"https:\/\/crocjeux.com\/#\/schema\/logo\/image\/"}}]}},"_links":{"self":[{"href":"https:\/\/crocjeux.com\/index.php\/wp-json\/wp\/v2\/product\/6656","targetHints":{"allow":["GET"]}}],"collection":[{"href":"https:\/\/crocjeux.com\/index.php\/wp-json\/wp\/v2\/product"}],"about":[{"href":"https:\/\/crocjeux.com\/index.php\/wp-json\/wp\/v2\/types\/product"}],"replies":[{"embeddable":true,"href":"https:\/\/crocjeux.com\/index.php\/wp-json\/wp\/v2\/comments?post=6656"}],"wp:featuredmedia":[{"embeddable":true,"href":"https:\/\/crocjeux.com\/index.php\/wp-json\/wp\/v2\/media\/6657"}],"wp:attachment":[{"href":"https:\/\/crocjeux.com\/index.php\/wp-json\/wp\/v2\/media?parent=6656"}],"wp:term":[{"taxonomy":"product_brand","embeddable":true,"href":"https:\/\/crocjeux.com\/index.php\/wp-json\/wp\/v2\/product_brand?post=6656"},{"taxonomy":"product_cat","embeddable":true,"href":"https:\/\/crocjeux.com\/index.php\/wp-json\/wp\/v2\/product_cat?post=6656"},{"taxonomy":"product_tag","embeddable":true,"href":"https:\/\/crocjeux.com\/index.php\/wp-json\/wp\/v2\/product_tag?post=6656"}],"curies":[{"name":"wp","href":"https:\/\/api.w.org\/{rel}","templated":true}]}}