{"id":6660,"date":"2024-11-15T14:20:46","date_gmt":"2024-11-15T13:20:46","guid":{"rendered":"https:\/\/crocjeux.com\/?post_type=product&#038;p=6660"},"modified":"2024-11-17T17:32:41","modified_gmt":"2024-11-17T16:32:41","slug":"turbulences-ext-sky-team","status":"publish","type":"product","link":"https:\/\/crocjeux.com\/index.php\/produit\/turbulences-ext-sky-team\/","title":{"rendered":"Turbulences &#8211; Ext. Sky Team"},"content":{"rendered":"<div class=\"hide_info_annexe row small-collapse medium-uncollapse\">\n<div class=\"column small-12\">\n<p><em>La m\u00e9t\u00e9o a \u00e9t\u00e9 plut\u00f4t cl\u00e9mente jusqu\u2019\u00e0 pr\u00e9sent, mais les choses sont sur le point de changer. Le ciel s\u2019assombrit et le vent se l\u00e8ve. De nouveaux a\u00e9roports, encore plus exigeants, s\u2019offrent \u00e0 vous. Vous sentez ces secousses\u2009? Ou est-ce vos mains qui tremblent\u2009?<\/em><\/p>\n<p>Avec l&rsquo;extension <span class=\"style-client-colored-text\">Turbulences<\/span> pour Sky Team, des conditions climatiques d\u00e9favorables et des incidents techniques viendront corser vos prochains atterrissages.<\/p>\n<p>Prenez place dans votre cockpit et testez vos comp\u00e9tences dans 20 sc\u00e9narios encore plus exigeants, incluant de nouvelles r\u00e8gles et de nouveaux modules qui enrichissent le jeu de base : Turbulences, Manque de visibilit\u00e9, Alarmes&#8230;<br \/>\nEmbarquement imm\u00e9diat vers des destinations in\u00e9dites telles que Beijing, Madrid, Varsovie, Sydney, Le Cap, Kiev, Saint Martin&#8230;<\/p>\n<p>Point bonus : le contenu de l&rsquo;extension peut se ranger directement dans la bo\u00eete du jeu de base.<\/p>\n<p>Alors, pr\u00eats \u00e0 d\u00e9coller vers de nouvelles aventures ?<\/p>\n<\/div>\n<\/div>\n","protected":false},"excerpt":{"rendered":"<p>La m\u00e9t\u00e9o a \u00e9t\u00e9 plut\u00f4t cl\u00e9mente jusqu\u2019\u00e0 pr\u00e9sent, mais les choses sont sur le point de changer. Le ciel s\u2019assombrit<\/p>\n","protected":false},"featured_media":6679,"comment_status":"open","ping_status":"closed","template":"","meta":{"colormag_page_container_layout":"default_layout","colormag_page_sidebar_layout":"default_layout"},"product_brand":[],"product_cat":[30,29],"product_tag":[],"class_list":{"0":"post-6660","1":"product","2":"type-product","3":"status-publish","4":"has-post-thumbnail","6":"product_cat-jeux-collaboratifs","7":"product_cat-jeux-2-joueurs","9":"first","10":"instock","11":"taxable","12":"shipping-taxable","13":"purchasable","14":"product-type-simple"},"yoast_head":"<!-- This site is optimized with the Yoast SEO plugin v27.4 - https:\/\/yoast.com\/product\/yoast-seo-wordpress\/ -->\n<title>Turbulences - Ext. Sky Team - Croc Jeux<\/title>\n<meta name=\"description\" content=\"Avec l&#039;extension Turbulences, des conditions climatiques d\u00e9favorables et des incidents techniques viendront corser vos prochains atterrissages.\" \/>\n<meta name=\"robots\" content=\"index, follow, max-snippet:-1, max-image-preview:large, max-video-preview:-1\" \/>\n<link rel=\"canonical\" href=\"https:\/\/crocjeux.com\/index.php\/produit\/turbulences-ext-sky-team\/\" \/>\n<meta property=\"og:locale\" content=\"fr_FR\" \/>\n<meta property=\"og:type\" content=\"article\" \/>\n<meta property=\"og:title\" content=\"Turbulences - Ext. Sky Team - Croc Jeux\" \/>\n<meta property=\"og:description\" content=\"Avec l&#039;extension Turbulences, des conditions climatiques d\u00e9favorables et des incidents techniques viendront corser vos prochains atterrissages.\" \/>\n<meta property=\"og:url\" content=\"https:\/\/crocjeux.com\/index.php\/produit\/turbulences-ext-sky-team\/\" \/>\n<meta property=\"og:site_name\" content=\"Croc Jeux\" \/>\n<meta property=\"article:modified_time\" content=\"2024-11-17T16:32:41+00:00\" \/>\n<meta property=\"og:image\" content=\"https:\/\/crocjeux.com\/wp-content\/uploads\/2024\/11\/Happy-Garden-1.png\" \/>\n\t<meta property=\"og:image:width\" content=\"1080\" \/>\n\t<meta property=\"og:image:height\" content=\"1080\" \/>\n\t<meta property=\"og:image:type\" content=\"image\/png\" \/>\n<meta name=\"twitter:card\" content=\"summary_large_image\" \/>\n<meta name=\"twitter:label1\" content=\"Dur\u00e9e de lecture estim\u00e9e\" \/>\n\t<meta name=\"twitter:data1\" content=\"1 minute\" \/>\n<script type=\"application\/ld+json\" class=\"yoast-schema-graph\">{\"@context\":\"https:\\\/\\\/schema.org\",\"@graph\":[{\"@type\":\"WebPage\",\"@id\":\"https:\\\/\\\/crocjeux.com\\\/index.php\\\/produit\\\/turbulences-ext-sky-team\\\/\",\"url\":\"https:\\\/\\\/crocjeux.com\\\/index.php\\\/produit\\\/turbulences-ext-sky-team\\\/\",\"name\":\"Turbulences - Ext. Sky Team - Croc Jeux\",\"isPartOf\":{\"@id\":\"https:\\\/\\\/crocjeux.com\\\/#website\"},\"primaryImageOfPage\":{\"@id\":\"https:\\\/\\\/crocjeux.com\\\/index.php\\\/produit\\\/turbulences-ext-sky-team\\\/#primaryimage\"},\"image\":{\"@id\":\"https:\\\/\\\/crocjeux.com\\\/index.php\\\/produit\\\/turbulences-ext-sky-team\\\/#primaryimage\"},\"thumbnailUrl\":\"https:\\\/\\\/crocjeux.com\\\/wp-content\\\/uploads\\\/2024\\\/11\\\/Happy-Garden-1.png\",\"datePublished\":\"2024-11-15T13:20:46+00:00\",\"dateModified\":\"2024-11-17T16:32:41+00:00\",\"description\":\"Avec l'extension Turbulences, des conditions climatiques d\u00e9favorables et des incidents techniques viendront corser vos prochains atterrissages.\",\"breadcrumb\":{\"@id\":\"https:\\\/\\\/crocjeux.com\\\/index.php\\\/produit\\\/turbulences-ext-sky-team\\\/#breadcrumb\"},\"inLanguage\":\"fr-FR\",\"potentialAction\":[{\"@type\":\"ReadAction\",\"target\":[\"https:\\\/\\\/crocjeux.com\\\/index.php\\\/produit\\\/turbulences-ext-sky-team\\\/\"]}]},{\"@type\":\"ImageObject\",\"inLanguage\":\"fr-FR\",\"@id\":\"https:\\\/\\\/crocjeux.com\\\/index.php\\\/produit\\\/turbulences-ext-sky-team\\\/#primaryimage\",\"url\":\"https:\\\/\\\/crocjeux.com\\\/wp-content\\\/uploads\\\/2024\\\/11\\\/Happy-Garden-1.png\",\"contentUrl\":\"https:\\\/\\\/crocjeux.com\\\/wp-content\\\/uploads\\\/2024\\\/11\\\/Happy-Garden-1.png\",\"width\":1080,\"height\":1080},{\"@type\":\"BreadcrumbList\",\"@id\":\"https:\\\/\\\/crocjeux.com\\\/index.php\\\/produit\\\/turbulences-ext-sky-team\\\/#breadcrumb\",\"itemListElement\":[{\"@type\":\"ListItem\",\"position\":1,\"name\":\"Accueil\",\"item\":\"https:\\\/\\\/crocjeux.com\\\/\"},{\"@type\":\"ListItem\",\"position\":2,\"name\":\"Boutique\",\"item\":\"https:\\\/\\\/crocjeux.com\\\/\"},{\"@type\":\"ListItem\",\"position\":3,\"name\":\"Turbulences &#8211; Ext. Sky Team\"}]},{\"@type\":\"WebSite\",\"@id\":\"https:\\\/\\\/crocjeux.com\\\/#website\",\"url\":\"https:\\\/\\\/crocjeux.com\\\/\",\"name\":\"Croc Jeux\",\"description\":\"Bienvenue chez Croc Jeux!\",\"publisher\":{\"@id\":\"https:\\\/\\\/crocjeux.com\\\/#organization\"},\"potentialAction\":[{\"@type\":\"SearchAction\",\"target\":{\"@type\":\"EntryPoint\",\"urlTemplate\":\"https:\\\/\\\/crocjeux.com\\\/?s={search_term_string}\"},\"query-input\":{\"@type\":\"PropertyValueSpecification\",\"valueRequired\":true,\"valueName\":\"search_term_string\"}}],\"inLanguage\":\"fr-FR\"},{\"@type\":\"Organization\",\"@id\":\"https:\\\/\\\/crocjeux.com\\\/#organization\",\"name\":\"Croc Jeux\",\"url\":\"https:\\\/\\\/crocjeux.com\\\/\",\"logo\":{\"@type\":\"ImageObject\",\"inLanguage\":\"fr-FR\",\"@id\":\"https:\\\/\\\/crocjeux.com\\\/#\\\/schema\\\/logo\\\/image\\\/\",\"url\":\"https:\\\/\\\/crocjeux.com\\\/wp-content\\\/uploads\\\/2022\\\/01\\\/cropped-logo-croc-etape-1-e1644574034239.jpg\",\"contentUrl\":\"https:\\\/\\\/crocjeux.com\\\/wp-content\\\/uploads\\\/2022\\\/01\\\/cropped-logo-croc-etape-1-e1644574034239.jpg\",\"width\":1224,\"height\":314,\"caption\":\"Croc Jeux\"},\"image\":{\"@id\":\"https:\\\/\\\/crocjeux.com\\\/#\\\/schema\\\/logo\\\/image\\\/\"}}]}<\/script>\n<!-- \/ Yoast SEO plugin. -->","yoast_head_json":{"title":"Turbulences - Ext. Sky Team - Croc Jeux","description":"Avec l'extension Turbulences, des conditions climatiques d\u00e9favorables et des incidents techniques viendront corser vos prochains atterrissages.","robots":{"index":"index","follow":"follow","max-snippet":"max-snippet:-1","max-image-preview":"max-image-preview:large","max-video-preview":"max-video-preview:-1"},"canonical":"https:\/\/crocjeux.com\/index.php\/produit\/turbulences-ext-sky-team\/","og_locale":"fr_FR","og_type":"article","og_title":"Turbulences - Ext. Sky Team - Croc Jeux","og_description":"Avec l'extension Turbulences, des conditions climatiques d\u00e9favorables et des incidents techniques viendront corser vos prochains atterrissages.","og_url":"https:\/\/crocjeux.com\/index.php\/produit\/turbulences-ext-sky-team\/","og_site_name":"Croc Jeux","article_modified_time":"2024-11-17T16:32:41+00:00","og_image":[{"width":1080,"height":1080,"url":"https:\/\/crocjeux.com\/wp-content\/uploads\/2024\/11\/Happy-Garden-1.png","type":"image\/png"}],"twitter_card":"summary_large_image","twitter_misc":{"Dur\u00e9e de lecture estim\u00e9e":"1 minute"},"schema":{"@context":"https:\/\/schema.org","@graph":[{"@type":"WebPage","@id":"https:\/\/crocjeux.com\/index.php\/produit\/turbulences-ext-sky-team\/","url":"https:\/\/crocjeux.com\/index.php\/produit\/turbulences-ext-sky-team\/","name":"Turbulences - Ext. Sky Team - Croc Jeux","isPartOf":{"@id":"https:\/\/crocjeux.com\/#website"},"primaryImageOfPage":{"@id":"https:\/\/crocjeux.com\/index.php\/produit\/turbulences-ext-sky-team\/#primaryimage"},"image":{"@id":"https:\/\/crocjeux.com\/index.php\/produit\/turbulences-ext-sky-team\/#primaryimage"},"thumbnailUrl":"https:\/\/crocjeux.com\/wp-content\/uploads\/2024\/11\/Happy-Garden-1.png","datePublished":"2024-11-15T13:20:46+00:00","dateModified":"2024-11-17T16:32:41+00:00","description":"Avec l'extension Turbulences, des conditions climatiques d\u00e9favorables et des incidents techniques viendront corser vos prochains atterrissages.","breadcrumb":{"@id":"https:\/\/crocjeux.com\/index.php\/produit\/turbulences-ext-sky-team\/#breadcrumb"},"inLanguage":"fr-FR","potentialAction":[{"@type":"ReadAction","target":["https:\/\/crocjeux.com\/index.php\/produit\/turbulences-ext-sky-team\/"]}]},{"@type":"ImageObject","inLanguage":"fr-FR","@id":"https:\/\/crocjeux.com\/index.php\/produit\/turbulences-ext-sky-team\/#primaryimage","url":"https:\/\/crocjeux.com\/wp-content\/uploads\/2024\/11\/Happy-Garden-1.png","contentUrl":"https:\/\/crocjeux.com\/wp-content\/uploads\/2024\/11\/Happy-Garden-1.png","width":1080,"height":1080},{"@type":"BreadcrumbList","@id":"https:\/\/crocjeux.com\/index.php\/produit\/turbulences-ext-sky-team\/#breadcrumb","itemListElement":[{"@type":"ListItem","position":1,"name":"Accueil","item":"https:\/\/crocjeux.com\/"},{"@type":"ListItem","position":2,"name":"Boutique","item":"https:\/\/crocjeux.com\/"},{"@type":"ListItem","position":3,"name":"Turbulences &#8211; Ext. Sky Team"}]},{"@type":"WebSite","@id":"https:\/\/crocjeux.com\/#website","url":"https:\/\/crocjeux.com\/","name":"Croc Jeux","description":"Bienvenue chez Croc Jeux!","publisher":{"@id":"https:\/\/crocjeux.com\/#organization"},"potentialAction":[{"@type":"SearchAction","target":{"@type":"EntryPoint","urlTemplate":"https:\/\/crocjeux.com\/?s={search_term_string}"},"query-input":{"@type":"PropertyValueSpecification","valueRequired":true,"valueName":"search_term_string"}}],"inLanguage":"fr-FR"},{"@type":"Organization","@id":"https:\/\/crocjeux.com\/#organization","name":"Croc Jeux","url":"https:\/\/crocjeux.com\/","logo":{"@type":"ImageObject","inLanguage":"fr-FR","@id":"https:\/\/crocjeux.com\/#\/schema\/logo\/image\/","url":"https:\/\/crocjeux.com\/wp-content\/uploads\/2022\/01\/cropped-logo-croc-etape-1-e1644574034239.jpg","contentUrl":"https:\/\/crocjeux.com\/wp-content\/uploads\/2022\/01\/cropped-logo-croc-etape-1-e1644574034239.jpg","width":1224,"height":314,"caption":"Croc Jeux"},"image":{"@id":"https:\/\/crocjeux.com\/#\/schema\/logo\/image\/"}}]}},"_links":{"self":[{"href":"https:\/\/crocjeux.com\/index.php\/wp-json\/wp\/v2\/product\/6660","targetHints":{"allow":["GET"]}}],"collection":[{"href":"https:\/\/crocjeux.com\/index.php\/wp-json\/wp\/v2\/product"}],"about":[{"href":"https:\/\/crocjeux.com\/index.php\/wp-json\/wp\/v2\/types\/product"}],"replies":[{"embeddable":true,"href":"https:\/\/crocjeux.com\/index.php\/wp-json\/wp\/v2\/comments?post=6660"}],"wp:featuredmedia":[{"embeddable":true,"href":"https:\/\/crocjeux.com\/index.php\/wp-json\/wp\/v2\/media\/6679"}],"wp:attachment":[{"href":"https:\/\/crocjeux.com\/index.php\/wp-json\/wp\/v2\/media?parent=6660"}],"wp:term":[{"taxonomy":"product_brand","embeddable":true,"href":"https:\/\/crocjeux.com\/index.php\/wp-json\/wp\/v2\/product_brand?post=6660"},{"taxonomy":"product_cat","embeddable":true,"href":"https:\/\/crocjeux.com\/index.php\/wp-json\/wp\/v2\/product_cat?post=6660"},{"taxonomy":"product_tag","embeddable":true,"href":"https:\/\/crocjeux.com\/index.php\/wp-json\/wp\/v2\/product_tag?post=6660"}],"curies":[{"name":"wp","href":"https:\/\/api.w.org\/{rel}","templated":true}]}}