{"id":6747,"date":"2024-12-04T10:59:14","date_gmt":"2024-12-04T09:59:14","guid":{"rendered":"https:\/\/crocjeux.com\/?post_type=product&#038;p=6747"},"modified":"2026-01-03T17:52:42","modified_gmt":"2026-01-03T16:52:42","slug":"res-arcana-duo-precommande-sortie-le-06-12","status":"publish","type":"product","link":"https:\/\/crocjeux.com\/index.php\/produit\/res-arcana-duo-precommande-sortie-le-06-12\/","title":{"rendered":"Res Arcana Duo"},"content":{"rendered":"<p>Durant cette \u00e8re de renaissance alchimique, deux Mages rivaux manipulent des essences \u00e9l\u00e9mentaires et se livrent \u00e0 une lutte sans merci pour prendre le contr\u00f4le de lieux de puissance et des monuments anciens. Lequel des deux ach\u00e8vera le Grand \u0152uvre en premier\u2009?<\/p>\n<p>Dans Res Arcana\u2122 Duo, chaque joueur incarne un mage et tente de surpasser en prestige son rival. Tirez le meilleur parti de votre pioche de 8 cartes.<br \/>\nParviendrez-vous \u00e0 cr\u00e9er des artefacts et gagner des essences afin d\u2019acqu\u00e9rir des monuments et des lieux de puissance avant votre rival\u2009?<\/p>\n<p>Cr\u00e9\u00e9 par Tom Lehmann et richement illustr\u00e9 par Julien Delval, Res Arcana Duo est un jeu ind\u00e9pendant pour 2 joueurs, dans l\u2019univers de Res Arcana.<\/p>\n<p>Pour les joueurs exp\u00e9riment\u00e9s, Res Arcana Duo est \u00e9galement une extension con\u00e7ue pour s\u2019int\u00e9grer parfaitement avec le jeu de base et toutes les extensions d\u00e9j\u00e0 existantes.<\/p>\n","protected":false},"excerpt":{"rendered":"<p>Pour les joueurs exp\u00e9riment\u00e9s, Res Arcana Duo est \u00e9galement une extension con\u00e7ue pour s\u2019int\u00e9grer parfaitement avec le jeu de base et toutes les extensions d\u00e9j\u00e0 existantes.<\/p>\n","protected":false},"featured_media":6748,"comment_status":"open","ping_status":"closed","template":"","meta":{"colormag_page_container_layout":"default_layout","colormag_page_sidebar_layout":"default_layout"},"product_brand":[],"product_cat":[18,29],"product_tag":[],"class_list":{"0":"post-6747","1":"product","2":"type-product","3":"status-publish","4":"has-post-thumbnail","6":"product_cat-jeux-de-strategie","7":"product_cat-jeux-2-joueurs","9":"first","10":"instock","11":"taxable","12":"shipping-taxable","13":"purchasable","14":"product-type-simple"},"yoast_head":"<!-- This site is optimized with the Yoast SEO plugin v27.1.1 - https:\/\/yoast.com\/product\/yoast-seo-wordpress\/ -->\n<title>Res Arcana Duo - Croc Jeux<\/title>\n<meta name=\"description\" content=\"Pour les joueurs exp\u00e9riment\u00e9s, Res Arcana Duo est \u00e9galement une extension con\u00e7ue pour s\u2019int\u00e9grer parfaitement avec le jeu de base et toutes les extensions d\u00e9j\u00e0 existantes.\" \/>\n<meta name=\"robots\" content=\"index, follow, max-snippet:-1, max-image-preview:large, max-video-preview:-1\" \/>\n<link rel=\"canonical\" href=\"https:\/\/crocjeux.com\/index.php\/produit\/res-arcana-duo-precommande-sortie-le-06-12\/\" \/>\n<meta property=\"og:locale\" content=\"fr_FR\" \/>\n<meta property=\"og:type\" content=\"article\" \/>\n<meta property=\"og:title\" content=\"Res Arcana Duo - Croc Jeux\" \/>\n<meta property=\"og:description\" content=\"Pour les joueurs exp\u00e9riment\u00e9s, Res Arcana Duo est \u00e9galement une extension con\u00e7ue pour s\u2019int\u00e9grer parfaitement avec le jeu de base et toutes les extensions d\u00e9j\u00e0 existantes.\" \/>\n<meta property=\"og:url\" content=\"https:\/\/crocjeux.com\/index.php\/produit\/res-arcana-duo-precommande-sortie-le-06-12\/\" \/>\n<meta property=\"og:site_name\" content=\"Croc Jeux\" \/>\n<meta property=\"article:modified_time\" content=\"2026-01-03T16:52:42+00:00\" \/>\n<meta property=\"og:image\" content=\"https:\/\/crocjeux.com\/wp-content\/uploads\/2024\/12\/Res-arcana-duo.png\" \/>\n\t<meta property=\"og:image:width\" content=\"1080\" \/>\n\t<meta property=\"og:image:height\" content=\"1080\" \/>\n\t<meta property=\"og:image:type\" content=\"image\/png\" \/>\n<meta name=\"twitter:card\" content=\"summary_large_image\" \/>\n<meta name=\"twitter:label1\" content=\"Dur\u00e9e de lecture estim\u00e9e\" \/>\n\t<meta name=\"twitter:data1\" content=\"1 minute\" \/>\n<script type=\"application\/ld+json\" class=\"yoast-schema-graph\">{\"@context\":\"https:\/\/schema.org\",\"@graph\":[{\"@type\":\"WebPage\",\"@id\":\"https:\/\/crocjeux.com\/index.php\/produit\/res-arcana-duo-precommande-sortie-le-06-12\/\",\"url\":\"https:\/\/crocjeux.com\/index.php\/produit\/res-arcana-duo-precommande-sortie-le-06-12\/\",\"name\":\"Res Arcana Duo - Croc Jeux\",\"isPartOf\":{\"@id\":\"https:\/\/crocjeux.com\/#website\"},\"primaryImageOfPage\":{\"@id\":\"https:\/\/crocjeux.com\/index.php\/produit\/res-arcana-duo-precommande-sortie-le-06-12\/#primaryimage\"},\"image\":{\"@id\":\"https:\/\/crocjeux.com\/index.php\/produit\/res-arcana-duo-precommande-sortie-le-06-12\/#primaryimage\"},\"thumbnailUrl\":\"https:\/\/crocjeux.com\/wp-content\/uploads\/2024\/12\/Res-arcana-duo.png\",\"datePublished\":\"2024-12-04T09:59:14+00:00\",\"dateModified\":\"2026-01-03T16:52:42+00:00\",\"description\":\"Pour les joueurs exp\u00e9riment\u00e9s, Res Arcana Duo est \u00e9galement une extension con\u00e7ue pour s\u2019int\u00e9grer parfaitement avec le jeu de base et toutes les extensions d\u00e9j\u00e0 existantes.\",\"breadcrumb\":{\"@id\":\"https:\/\/crocjeux.com\/index.php\/produit\/res-arcana-duo-precommande-sortie-le-06-12\/#breadcrumb\"},\"inLanguage\":\"fr-FR\",\"potentialAction\":[{\"@type\":\"ReadAction\",\"target\":[\"https:\/\/crocjeux.com\/index.php\/produit\/res-arcana-duo-precommande-sortie-le-06-12\/\"]}]},{\"@type\":\"ImageObject\",\"inLanguage\":\"fr-FR\",\"@id\":\"https:\/\/crocjeux.com\/index.php\/produit\/res-arcana-duo-precommande-sortie-le-06-12\/#primaryimage\",\"url\":\"https:\/\/crocjeux.com\/wp-content\/uploads\/2024\/12\/Res-arcana-duo.png\",\"contentUrl\":\"https:\/\/crocjeux.com\/wp-content\/uploads\/2024\/12\/Res-arcana-duo.png\",\"width\":1080,\"height\":1080},{\"@type\":\"BreadcrumbList\",\"@id\":\"https:\/\/crocjeux.com\/index.php\/produit\/res-arcana-duo-precommande-sortie-le-06-12\/#breadcrumb\",\"itemListElement\":[{\"@type\":\"ListItem\",\"position\":1,\"name\":\"Accueil\",\"item\":\"https:\/\/crocjeux.com\/\"},{\"@type\":\"ListItem\",\"position\":2,\"name\":\"Boutique\",\"item\":\"https:\/\/crocjeux.com\/\"},{\"@type\":\"ListItem\",\"position\":3,\"name\":\"Res Arcana Duo\"}]},{\"@type\":\"WebSite\",\"@id\":\"https:\/\/crocjeux.com\/#website\",\"url\":\"https:\/\/crocjeux.com\/\",\"name\":\"Croc Jeux\",\"description\":\"Bienvenue chez Croc Jeux!\",\"publisher\":{\"@id\":\"https:\/\/crocjeux.com\/#organization\"},\"potentialAction\":[{\"@type\":\"SearchAction\",\"target\":{\"@type\":\"EntryPoint\",\"urlTemplate\":\"https:\/\/crocjeux.com\/?s={search_term_string}\"},\"query-input\":{\"@type\":\"PropertyValueSpecification\",\"valueRequired\":true,\"valueName\":\"search_term_string\"}}],\"inLanguage\":\"fr-FR\"},{\"@type\":\"Organization\",\"@id\":\"https:\/\/crocjeux.com\/#organization\",\"name\":\"Croc Jeux\",\"url\":\"https:\/\/crocjeux.com\/\",\"logo\":{\"@type\":\"ImageObject\",\"inLanguage\":\"fr-FR\",\"@id\":\"https:\/\/crocjeux.com\/#\/schema\/logo\/image\/\",\"url\":\"https:\/\/crocjeux.com\/wp-content\/uploads\/2022\/01\/cropped-logo-croc-etape-1-e1644574034239.jpg\",\"contentUrl\":\"https:\/\/crocjeux.com\/wp-content\/uploads\/2022\/01\/cropped-logo-croc-etape-1-e1644574034239.jpg\",\"width\":1224,\"height\":314,\"caption\":\"Croc Jeux\"},\"image\":{\"@id\":\"https:\/\/crocjeux.com\/#\/schema\/logo\/image\/\"}}]}<\/script>\n<!-- \/ Yoast SEO plugin. -->","yoast_head_json":{"title":"Res Arcana Duo - Croc Jeux","description":"Pour les joueurs exp\u00e9riment\u00e9s, Res Arcana Duo est \u00e9galement une extension con\u00e7ue pour s\u2019int\u00e9grer parfaitement avec le jeu de base et toutes les extensions d\u00e9j\u00e0 existantes.","robots":{"index":"index","follow":"follow","max-snippet":"max-snippet:-1","max-image-preview":"max-image-preview:large","max-video-preview":"max-video-preview:-1"},"canonical":"https:\/\/crocjeux.com\/index.php\/produit\/res-arcana-duo-precommande-sortie-le-06-12\/","og_locale":"fr_FR","og_type":"article","og_title":"Res Arcana Duo - Croc Jeux","og_description":"Pour les joueurs exp\u00e9riment\u00e9s, Res Arcana Duo est \u00e9galement une extension con\u00e7ue pour s\u2019int\u00e9grer parfaitement avec le jeu de base et toutes les extensions d\u00e9j\u00e0 existantes.","og_url":"https:\/\/crocjeux.com\/index.php\/produit\/res-arcana-duo-precommande-sortie-le-06-12\/","og_site_name":"Croc Jeux","article_modified_time":"2026-01-03T16:52:42+00:00","og_image":[{"width":1080,"height":1080,"url":"https:\/\/crocjeux.com\/wp-content\/uploads\/2024\/12\/Res-arcana-duo.png","type":"image\/png"}],"twitter_card":"summary_large_image","twitter_misc":{"Dur\u00e9e de lecture estim\u00e9e":"1 minute"},"schema":{"@context":"https:\/\/schema.org","@graph":[{"@type":"WebPage","@id":"https:\/\/crocjeux.com\/index.php\/produit\/res-arcana-duo-precommande-sortie-le-06-12\/","url":"https:\/\/crocjeux.com\/index.php\/produit\/res-arcana-duo-precommande-sortie-le-06-12\/","name":"Res Arcana Duo - Croc Jeux","isPartOf":{"@id":"https:\/\/crocjeux.com\/#website"},"primaryImageOfPage":{"@id":"https:\/\/crocjeux.com\/index.php\/produit\/res-arcana-duo-precommande-sortie-le-06-12\/#primaryimage"},"image":{"@id":"https:\/\/crocjeux.com\/index.php\/produit\/res-arcana-duo-precommande-sortie-le-06-12\/#primaryimage"},"thumbnailUrl":"https:\/\/crocjeux.com\/wp-content\/uploads\/2024\/12\/Res-arcana-duo.png","datePublished":"2024-12-04T09:59:14+00:00","dateModified":"2026-01-03T16:52:42+00:00","description":"Pour les joueurs exp\u00e9riment\u00e9s, Res Arcana Duo est \u00e9galement une extension con\u00e7ue pour s\u2019int\u00e9grer parfaitement avec le jeu de base et toutes les extensions d\u00e9j\u00e0 existantes.","breadcrumb":{"@id":"https:\/\/crocjeux.com\/index.php\/produit\/res-arcana-duo-precommande-sortie-le-06-12\/#breadcrumb"},"inLanguage":"fr-FR","potentialAction":[{"@type":"ReadAction","target":["https:\/\/crocjeux.com\/index.php\/produit\/res-arcana-duo-precommande-sortie-le-06-12\/"]}]},{"@type":"ImageObject","inLanguage":"fr-FR","@id":"https:\/\/crocjeux.com\/index.php\/produit\/res-arcana-duo-precommande-sortie-le-06-12\/#primaryimage","url":"https:\/\/crocjeux.com\/wp-content\/uploads\/2024\/12\/Res-arcana-duo.png","contentUrl":"https:\/\/crocjeux.com\/wp-content\/uploads\/2024\/12\/Res-arcana-duo.png","width":1080,"height":1080},{"@type":"BreadcrumbList","@id":"https:\/\/crocjeux.com\/index.php\/produit\/res-arcana-duo-precommande-sortie-le-06-12\/#breadcrumb","itemListElement":[{"@type":"ListItem","position":1,"name":"Accueil","item":"https:\/\/crocjeux.com\/"},{"@type":"ListItem","position":2,"name":"Boutique","item":"https:\/\/crocjeux.com\/"},{"@type":"ListItem","position":3,"name":"Res Arcana Duo"}]},{"@type":"WebSite","@id":"https:\/\/crocjeux.com\/#website","url":"https:\/\/crocjeux.com\/","name":"Croc Jeux","description":"Bienvenue chez Croc Jeux!","publisher":{"@id":"https:\/\/crocjeux.com\/#organization"},"potentialAction":[{"@type":"SearchAction","target":{"@type":"EntryPoint","urlTemplate":"https:\/\/crocjeux.com\/?s={search_term_string}"},"query-input":{"@type":"PropertyValueSpecification","valueRequired":true,"valueName":"search_term_string"}}],"inLanguage":"fr-FR"},{"@type":"Organization","@id":"https:\/\/crocjeux.com\/#organization","name":"Croc Jeux","url":"https:\/\/crocjeux.com\/","logo":{"@type":"ImageObject","inLanguage":"fr-FR","@id":"https:\/\/crocjeux.com\/#\/schema\/logo\/image\/","url":"https:\/\/crocjeux.com\/wp-content\/uploads\/2022\/01\/cropped-logo-croc-etape-1-e1644574034239.jpg","contentUrl":"https:\/\/crocjeux.com\/wp-content\/uploads\/2022\/01\/cropped-logo-croc-etape-1-e1644574034239.jpg","width":1224,"height":314,"caption":"Croc Jeux"},"image":{"@id":"https:\/\/crocjeux.com\/#\/schema\/logo\/image\/"}}]}},"_links":{"self":[{"href":"https:\/\/crocjeux.com\/index.php\/wp-json\/wp\/v2\/product\/6747","targetHints":{"allow":["GET"]}}],"collection":[{"href":"https:\/\/crocjeux.com\/index.php\/wp-json\/wp\/v2\/product"}],"about":[{"href":"https:\/\/crocjeux.com\/index.php\/wp-json\/wp\/v2\/types\/product"}],"replies":[{"embeddable":true,"href":"https:\/\/crocjeux.com\/index.php\/wp-json\/wp\/v2\/comments?post=6747"}],"wp:featuredmedia":[{"embeddable":true,"href":"https:\/\/crocjeux.com\/index.php\/wp-json\/wp\/v2\/media\/6748"}],"wp:attachment":[{"href":"https:\/\/crocjeux.com\/index.php\/wp-json\/wp\/v2\/media?parent=6747"}],"wp:term":[{"taxonomy":"product_brand","embeddable":true,"href":"https:\/\/crocjeux.com\/index.php\/wp-json\/wp\/v2\/product_brand?post=6747"},{"taxonomy":"product_cat","embeddable":true,"href":"https:\/\/crocjeux.com\/index.php\/wp-json\/wp\/v2\/product_cat?post=6747"},{"taxonomy":"product_tag","embeddable":true,"href":"https:\/\/crocjeux.com\/index.php\/wp-json\/wp\/v2\/product_tag?post=6747"}],"curies":[{"name":"wp","href":"https:\/\/api.w.org\/{rel}","templated":true}]}}