{"id":6975,"date":"2025-04-22T15:27:56","date_gmt":"2025-04-22T14:27:56","guid":{"rendered":"https:\/\/crocjeux.com\/?post_type=product&#038;p=6975"},"modified":"2025-04-23T09:27:57","modified_gmt":"2025-04-23T08:27:57","slug":"dossier-criminel-pocket-qui-a-tue-meredith-carter","status":"publish","type":"product","link":"https:\/\/crocjeux.com\/index.php\/produit\/dossier-criminel-pocket-qui-a-tue-meredith-carter\/","title":{"rendered":"Dossier Criminel Pocket : Qui a tu\u00e9 Meredith Carter ?"},"content":{"rendered":"<p>Meredith Carter, c\u00e9l\u00e8bre primatologue fondatrice du zoo de Kenwood, a \u00e9t\u00e9 retrouv\u00e9e morte, \u00e0 priori tu\u00e9e par un ours. Est-ce vraiment un accident ? Que faisait-elle dans l\u2019enclos des ours ?<\/p>\n","protected":false},"excerpt":{"rendered":"<p>Meredith Carter, c\u00e9l\u00e8bre primatologue fondatrice du zoo de Kenwood, a \u00e9t\u00e9 retrouv\u00e9e morte, \u00e0 priori tu\u00e9e par un ours. Est-ce<\/p>\n","protected":false},"featured_media":6976,"comment_status":"open","ping_status":"closed","template":"","meta":{"colormag_page_container_layout":"default_layout","colormag_page_sidebar_layout":"default_layout"},"product_brand":[],"product_cat":[45,30],"product_tag":[],"class_list":{"0":"post-6975","1":"product","2":"type-product","3":"status-publish","4":"has-post-thumbnail","6":"product_cat-escape-room-escape-enquete","7":"product_cat-jeux-collaboratifs","9":"first","10":"instock","11":"taxable","12":"shipping-taxable","13":"purchasable","14":"product-type-simple"},"yoast_head":"<!-- This site is optimized with the Yoast SEO plugin v27.1.1 - https:\/\/yoast.com\/product\/yoast-seo-wordpress\/ -->\n<title>Dossier Criminel Pocket : Qui a tu\u00e9 Meredith Carter ? - Croc Jeux<\/title>\n<meta name=\"robots\" content=\"index, follow, max-snippet:-1, max-image-preview:large, max-video-preview:-1\" \/>\n<link rel=\"canonical\" href=\"https:\/\/crocjeux.com\/index.php\/produit\/dossier-criminel-pocket-qui-a-tue-meredith-carter\/\" \/>\n<meta property=\"og:locale\" content=\"fr_FR\" \/>\n<meta property=\"og:type\" content=\"article\" \/>\n<meta property=\"og:title\" content=\"Dossier Criminel Pocket : Qui a tu\u00e9 Meredith Carter ? - Croc Jeux\" \/>\n<meta property=\"og:description\" content=\"Meredith Carter, c\u00e9l\u00e8bre primatologue fondatrice du zoo de Kenwood, a \u00e9t\u00e9 retrouv\u00e9e morte, \u00e0 priori tu\u00e9e par un ours. Est-ce\" \/>\n<meta property=\"og:url\" content=\"https:\/\/crocjeux.com\/index.php\/produit\/dossier-criminel-pocket-qui-a-tue-meredith-carter\/\" \/>\n<meta property=\"og:site_name\" content=\"Croc Jeux\" \/>\n<meta property=\"article:modified_time\" content=\"2025-04-23T08:27:57+00:00\" \/>\n<meta property=\"og:image\" content=\"https:\/\/crocjeux.com\/wp-content\/uploads\/2025\/04\/garden-rush2.png\" \/>\n\t<meta property=\"og:image:width\" content=\"1080\" \/>\n\t<meta property=\"og:image:height\" content=\"1080\" \/>\n\t<meta property=\"og:image:type\" content=\"image\/png\" \/>\n<meta name=\"twitter:card\" content=\"summary_large_image\" \/>\n<meta name=\"twitter:label1\" content=\"Dur\u00e9e de lecture estim\u00e9e\" \/>\n\t<meta name=\"twitter:data1\" content=\"1 minute\" \/>\n<script type=\"application\/ld+json\" class=\"yoast-schema-graph\">{\"@context\":\"https:\/\/schema.org\",\"@graph\":[{\"@type\":\"WebPage\",\"@id\":\"https:\/\/crocjeux.com\/index.php\/produit\/dossier-criminel-pocket-qui-a-tue-meredith-carter\/\",\"url\":\"https:\/\/crocjeux.com\/index.php\/produit\/dossier-criminel-pocket-qui-a-tue-meredith-carter\/\",\"name\":\"Dossier Criminel Pocket : Qui a tu\u00e9 Meredith Carter ? - Croc Jeux\",\"isPartOf\":{\"@id\":\"https:\/\/crocjeux.com\/#website\"},\"primaryImageOfPage\":{\"@id\":\"https:\/\/crocjeux.com\/index.php\/produit\/dossier-criminel-pocket-qui-a-tue-meredith-carter\/#primaryimage\"},\"image\":{\"@id\":\"https:\/\/crocjeux.com\/index.php\/produit\/dossier-criminel-pocket-qui-a-tue-meredith-carter\/#primaryimage\"},\"thumbnailUrl\":\"https:\/\/crocjeux.com\/wp-content\/uploads\/2025\/04\/garden-rush2.png\",\"datePublished\":\"2025-04-22T14:27:56+00:00\",\"dateModified\":\"2025-04-23T08:27:57+00:00\",\"breadcrumb\":{\"@id\":\"https:\/\/crocjeux.com\/index.php\/produit\/dossier-criminel-pocket-qui-a-tue-meredith-carter\/#breadcrumb\"},\"inLanguage\":\"fr-FR\",\"potentialAction\":[{\"@type\":\"ReadAction\",\"target\":[\"https:\/\/crocjeux.com\/index.php\/produit\/dossier-criminel-pocket-qui-a-tue-meredith-carter\/\"]}]},{\"@type\":\"ImageObject\",\"inLanguage\":\"fr-FR\",\"@id\":\"https:\/\/crocjeux.com\/index.php\/produit\/dossier-criminel-pocket-qui-a-tue-meredith-carter\/#primaryimage\",\"url\":\"https:\/\/crocjeux.com\/wp-content\/uploads\/2025\/04\/garden-rush2.png\",\"contentUrl\":\"https:\/\/crocjeux.com\/wp-content\/uploads\/2025\/04\/garden-rush2.png\",\"width\":1080,\"height\":1080},{\"@type\":\"BreadcrumbList\",\"@id\":\"https:\/\/crocjeux.com\/index.php\/produit\/dossier-criminel-pocket-qui-a-tue-meredith-carter\/#breadcrumb\",\"itemListElement\":[{\"@type\":\"ListItem\",\"position\":1,\"name\":\"Accueil\",\"item\":\"https:\/\/crocjeux.com\/\"},{\"@type\":\"ListItem\",\"position\":2,\"name\":\"Boutique\",\"item\":\"https:\/\/crocjeux.com\/\"},{\"@type\":\"ListItem\",\"position\":3,\"name\":\"Dossier Criminel Pocket : Qui a tu\u00e9 Meredith Carter ?\"}]},{\"@type\":\"WebSite\",\"@id\":\"https:\/\/crocjeux.com\/#website\",\"url\":\"https:\/\/crocjeux.com\/\",\"name\":\"Croc Jeux\",\"description\":\"Bienvenue chez Croc Jeux!\",\"publisher\":{\"@id\":\"https:\/\/crocjeux.com\/#organization\"},\"potentialAction\":[{\"@type\":\"SearchAction\",\"target\":{\"@type\":\"EntryPoint\",\"urlTemplate\":\"https:\/\/crocjeux.com\/?s={search_term_string}\"},\"query-input\":{\"@type\":\"PropertyValueSpecification\",\"valueRequired\":true,\"valueName\":\"search_term_string\"}}],\"inLanguage\":\"fr-FR\"},{\"@type\":\"Organization\",\"@id\":\"https:\/\/crocjeux.com\/#organization\",\"name\":\"Croc Jeux\",\"url\":\"https:\/\/crocjeux.com\/\",\"logo\":{\"@type\":\"ImageObject\",\"inLanguage\":\"fr-FR\",\"@id\":\"https:\/\/crocjeux.com\/#\/schema\/logo\/image\/\",\"url\":\"https:\/\/crocjeux.com\/wp-content\/uploads\/2022\/01\/cropped-logo-croc-etape-1-e1644574034239.jpg\",\"contentUrl\":\"https:\/\/crocjeux.com\/wp-content\/uploads\/2022\/01\/cropped-logo-croc-etape-1-e1644574034239.jpg\",\"width\":1224,\"height\":314,\"caption\":\"Croc Jeux\"},\"image\":{\"@id\":\"https:\/\/crocjeux.com\/#\/schema\/logo\/image\/\"}}]}<\/script>\n<!-- \/ Yoast SEO plugin. -->","yoast_head_json":{"title":"Dossier Criminel Pocket : Qui a tu\u00e9 Meredith Carter ? - Croc Jeux","robots":{"index":"index","follow":"follow","max-snippet":"max-snippet:-1","max-image-preview":"max-image-preview:large","max-video-preview":"max-video-preview:-1"},"canonical":"https:\/\/crocjeux.com\/index.php\/produit\/dossier-criminel-pocket-qui-a-tue-meredith-carter\/","og_locale":"fr_FR","og_type":"article","og_title":"Dossier Criminel Pocket : Qui a tu\u00e9 Meredith Carter ? - Croc Jeux","og_description":"Meredith Carter, c\u00e9l\u00e8bre primatologue fondatrice du zoo de Kenwood, a \u00e9t\u00e9 retrouv\u00e9e morte, \u00e0 priori tu\u00e9e par un ours. Est-ce","og_url":"https:\/\/crocjeux.com\/index.php\/produit\/dossier-criminel-pocket-qui-a-tue-meredith-carter\/","og_site_name":"Croc Jeux","article_modified_time":"2025-04-23T08:27:57+00:00","og_image":[{"width":1080,"height":1080,"url":"https:\/\/crocjeux.com\/wp-content\/uploads\/2025\/04\/garden-rush2.png","type":"image\/png"}],"twitter_card":"summary_large_image","twitter_misc":{"Dur\u00e9e de lecture estim\u00e9e":"1 minute"},"schema":{"@context":"https:\/\/schema.org","@graph":[{"@type":"WebPage","@id":"https:\/\/crocjeux.com\/index.php\/produit\/dossier-criminel-pocket-qui-a-tue-meredith-carter\/","url":"https:\/\/crocjeux.com\/index.php\/produit\/dossier-criminel-pocket-qui-a-tue-meredith-carter\/","name":"Dossier Criminel Pocket : Qui a tu\u00e9 Meredith Carter ? - Croc Jeux","isPartOf":{"@id":"https:\/\/crocjeux.com\/#website"},"primaryImageOfPage":{"@id":"https:\/\/crocjeux.com\/index.php\/produit\/dossier-criminel-pocket-qui-a-tue-meredith-carter\/#primaryimage"},"image":{"@id":"https:\/\/crocjeux.com\/index.php\/produit\/dossier-criminel-pocket-qui-a-tue-meredith-carter\/#primaryimage"},"thumbnailUrl":"https:\/\/crocjeux.com\/wp-content\/uploads\/2025\/04\/garden-rush2.png","datePublished":"2025-04-22T14:27:56+00:00","dateModified":"2025-04-23T08:27:57+00:00","breadcrumb":{"@id":"https:\/\/crocjeux.com\/index.php\/produit\/dossier-criminel-pocket-qui-a-tue-meredith-carter\/#breadcrumb"},"inLanguage":"fr-FR","potentialAction":[{"@type":"ReadAction","target":["https:\/\/crocjeux.com\/index.php\/produit\/dossier-criminel-pocket-qui-a-tue-meredith-carter\/"]}]},{"@type":"ImageObject","inLanguage":"fr-FR","@id":"https:\/\/crocjeux.com\/index.php\/produit\/dossier-criminel-pocket-qui-a-tue-meredith-carter\/#primaryimage","url":"https:\/\/crocjeux.com\/wp-content\/uploads\/2025\/04\/garden-rush2.png","contentUrl":"https:\/\/crocjeux.com\/wp-content\/uploads\/2025\/04\/garden-rush2.png","width":1080,"height":1080},{"@type":"BreadcrumbList","@id":"https:\/\/crocjeux.com\/index.php\/produit\/dossier-criminel-pocket-qui-a-tue-meredith-carter\/#breadcrumb","itemListElement":[{"@type":"ListItem","position":1,"name":"Accueil","item":"https:\/\/crocjeux.com\/"},{"@type":"ListItem","position":2,"name":"Boutique","item":"https:\/\/crocjeux.com\/"},{"@type":"ListItem","position":3,"name":"Dossier Criminel Pocket : Qui a tu\u00e9 Meredith Carter ?"}]},{"@type":"WebSite","@id":"https:\/\/crocjeux.com\/#website","url":"https:\/\/crocjeux.com\/","name":"Croc Jeux","description":"Bienvenue chez Croc Jeux!","publisher":{"@id":"https:\/\/crocjeux.com\/#organization"},"potentialAction":[{"@type":"SearchAction","target":{"@type":"EntryPoint","urlTemplate":"https:\/\/crocjeux.com\/?s={search_term_string}"},"query-input":{"@type":"PropertyValueSpecification","valueRequired":true,"valueName":"search_term_string"}}],"inLanguage":"fr-FR"},{"@type":"Organization","@id":"https:\/\/crocjeux.com\/#organization","name":"Croc Jeux","url":"https:\/\/crocjeux.com\/","logo":{"@type":"ImageObject","inLanguage":"fr-FR","@id":"https:\/\/crocjeux.com\/#\/schema\/logo\/image\/","url":"https:\/\/crocjeux.com\/wp-content\/uploads\/2022\/01\/cropped-logo-croc-etape-1-e1644574034239.jpg","contentUrl":"https:\/\/crocjeux.com\/wp-content\/uploads\/2022\/01\/cropped-logo-croc-etape-1-e1644574034239.jpg","width":1224,"height":314,"caption":"Croc Jeux"},"image":{"@id":"https:\/\/crocjeux.com\/#\/schema\/logo\/image\/"}}]}},"_links":{"self":[{"href":"https:\/\/crocjeux.com\/index.php\/wp-json\/wp\/v2\/product\/6975","targetHints":{"allow":["GET"]}}],"collection":[{"href":"https:\/\/crocjeux.com\/index.php\/wp-json\/wp\/v2\/product"}],"about":[{"href":"https:\/\/crocjeux.com\/index.php\/wp-json\/wp\/v2\/types\/product"}],"replies":[{"embeddable":true,"href":"https:\/\/crocjeux.com\/index.php\/wp-json\/wp\/v2\/comments?post=6975"}],"wp:featuredmedia":[{"embeddable":true,"href":"https:\/\/crocjeux.com\/index.php\/wp-json\/wp\/v2\/media\/6976"}],"wp:attachment":[{"href":"https:\/\/crocjeux.com\/index.php\/wp-json\/wp\/v2\/media?parent=6975"}],"wp:term":[{"taxonomy":"product_brand","embeddable":true,"href":"https:\/\/crocjeux.com\/index.php\/wp-json\/wp\/v2\/product_brand?post=6975"},{"taxonomy":"product_cat","embeddable":true,"href":"https:\/\/crocjeux.com\/index.php\/wp-json\/wp\/v2\/product_cat?post=6975"},{"taxonomy":"product_tag","embeddable":true,"href":"https:\/\/crocjeux.com\/index.php\/wp-json\/wp\/v2\/product_tag?post=6975"}],"curies":[{"name":"wp","href":"https:\/\/api.w.org\/{rel}","templated":true}]}}