{"id":6979,"date":"2025-04-22T15:45:53","date_gmt":"2025-04-22T14:45:53","guid":{"rendered":"https:\/\/crocjeux.com\/?post_type=product&#038;p=6979"},"modified":"2025-04-23T09:33:22","modified_gmt":"2025-04-23T08:33:22","slug":"timeline-ext-jeux-loisirs","status":"publish","type":"product","link":"https:\/\/crocjeux.com\/index.php\/produit\/timeline-ext-jeux-loisirs\/","title":{"rendered":"Timeline Ext. jeux &#038; loisirs"},"content":{"rendered":"<p><span class=\"OYPEnA font-feature-liga-off font-feature-clig-off font-feature-calt-off text-decoration-none text-strikethrough-none\">Timeline se joue avec des cartes illustrant des \u00e9v\u00e9nements historiques. Chacun re\u00e7oit 4 cartes, une autre carte \u00c9v\u00e9nement est tir\u00e9e de la pioche et pos\u00e9e face date visible au centre de la table. Le but du jeu est d\u2019\u00eatre le premier joueur \u00e0 avoir plac\u00e9 toutes ses cartes sur la frise chronologique qui se cr\u00e9e petit \u00e0 petit.<\/span><\/p>\n<p>Vous pouvez m\u00e9langer plusieurs bo\u00eetes de la m\u00eame collection pour plus de vari\u00e9t\u00e9 et de d\u00e9fis.<\/p>\n","protected":false},"excerpt":{"rendered":"<p>Timeline se joue avec des cartes illustrant des \u00e9v\u00e9nements historiques. Chacun re\u00e7oit 4 cartes, une autre carte \u00c9v\u00e9nement est tir\u00e9e<\/p>\n","protected":false},"featured_media":6980,"comment_status":"open","ping_status":"closed","template":"","meta":{"colormag_page_container_layout":"default_layout","colormag_page_sidebar_layout":"default_layout"},"product_brand":[],"product_cat":[30,29],"product_tag":[],"class_list":{"0":"post-6979","1":"product","2":"type-product","3":"status-publish","4":"has-post-thumbnail","6":"product_cat-jeux-collaboratifs","7":"product_cat-jeux-2-joueurs","9":"first","10":"instock","11":"taxable","12":"shipping-taxable","13":"purchasable","14":"product-type-simple"},"yoast_head":"<!-- This site is optimized with the Yoast SEO plugin v27.1.1 - https:\/\/yoast.com\/product\/yoast-seo-wordpress\/ -->\n<title>Timeline Ext. jeux &amp; loisirs - Croc Jeux<\/title>\n<meta name=\"robots\" content=\"index, follow, max-snippet:-1, max-image-preview:large, max-video-preview:-1\" \/>\n<link rel=\"canonical\" href=\"https:\/\/crocjeux.com\/index.php\/produit\/timeline-ext-jeux-loisirs\/\" \/>\n<meta property=\"og:locale\" content=\"fr_FR\" \/>\n<meta property=\"og:type\" content=\"article\" \/>\n<meta property=\"og:title\" content=\"Timeline Ext. jeux &amp; loisirs - Croc Jeux\" \/>\n<meta property=\"og:description\" content=\"Timeline se joue avec des cartes illustrant des \u00e9v\u00e9nements historiques. Chacun re\u00e7oit 4 cartes, une autre carte \u00c9v\u00e9nement est tir\u00e9e\" \/>\n<meta property=\"og:url\" content=\"https:\/\/crocjeux.com\/index.php\/produit\/timeline-ext-jeux-loisirs\/\" \/>\n<meta property=\"og:site_name\" content=\"Croc Jeux\" \/>\n<meta property=\"article:modified_time\" content=\"2025-04-23T08:33:22+00:00\" \/>\n<meta property=\"og:image\" content=\"https:\/\/crocjeux.com\/wp-content\/uploads\/2025\/04\/timeline.png\" \/>\n\t<meta property=\"og:image:width\" content=\"1080\" \/>\n\t<meta property=\"og:image:height\" content=\"1080\" \/>\n\t<meta property=\"og:image:type\" content=\"image\/png\" \/>\n<meta name=\"twitter:card\" content=\"summary_large_image\" \/>\n<meta name=\"twitter:label1\" content=\"Dur\u00e9e de lecture estim\u00e9e\" \/>\n\t<meta name=\"twitter:data1\" content=\"1 minute\" \/>\n<script type=\"application\/ld+json\" class=\"yoast-schema-graph\">{\"@context\":\"https:\/\/schema.org\",\"@graph\":[{\"@type\":\"WebPage\",\"@id\":\"https:\/\/crocjeux.com\/index.php\/produit\/timeline-ext-jeux-loisirs\/\",\"url\":\"https:\/\/crocjeux.com\/index.php\/produit\/timeline-ext-jeux-loisirs\/\",\"name\":\"Timeline Ext. jeux & loisirs - Croc Jeux\",\"isPartOf\":{\"@id\":\"https:\/\/crocjeux.com\/#website\"},\"primaryImageOfPage\":{\"@id\":\"https:\/\/crocjeux.com\/index.php\/produit\/timeline-ext-jeux-loisirs\/#primaryimage\"},\"image\":{\"@id\":\"https:\/\/crocjeux.com\/index.php\/produit\/timeline-ext-jeux-loisirs\/#primaryimage\"},\"thumbnailUrl\":\"https:\/\/crocjeux.com\/wp-content\/uploads\/2025\/04\/timeline.png\",\"datePublished\":\"2025-04-22T14:45:53+00:00\",\"dateModified\":\"2025-04-23T08:33:22+00:00\",\"breadcrumb\":{\"@id\":\"https:\/\/crocjeux.com\/index.php\/produit\/timeline-ext-jeux-loisirs\/#breadcrumb\"},\"inLanguage\":\"fr-FR\",\"potentialAction\":[{\"@type\":\"ReadAction\",\"target\":[\"https:\/\/crocjeux.com\/index.php\/produit\/timeline-ext-jeux-loisirs\/\"]}]},{\"@type\":\"ImageObject\",\"inLanguage\":\"fr-FR\",\"@id\":\"https:\/\/crocjeux.com\/index.php\/produit\/timeline-ext-jeux-loisirs\/#primaryimage\",\"url\":\"https:\/\/crocjeux.com\/wp-content\/uploads\/2025\/04\/timeline.png\",\"contentUrl\":\"https:\/\/crocjeux.com\/wp-content\/uploads\/2025\/04\/timeline.png\",\"width\":1080,\"height\":1080},{\"@type\":\"BreadcrumbList\",\"@id\":\"https:\/\/crocjeux.com\/index.php\/produit\/timeline-ext-jeux-loisirs\/#breadcrumb\",\"itemListElement\":[{\"@type\":\"ListItem\",\"position\":1,\"name\":\"Accueil\",\"item\":\"https:\/\/crocjeux.com\/\"},{\"@type\":\"ListItem\",\"position\":2,\"name\":\"Boutique\",\"item\":\"https:\/\/crocjeux.com\/\"},{\"@type\":\"ListItem\",\"position\":3,\"name\":\"Timeline Ext. jeux &#038; loisirs\"}]},{\"@type\":\"WebSite\",\"@id\":\"https:\/\/crocjeux.com\/#website\",\"url\":\"https:\/\/crocjeux.com\/\",\"name\":\"Croc Jeux\",\"description\":\"Bienvenue chez Croc Jeux!\",\"publisher\":{\"@id\":\"https:\/\/crocjeux.com\/#organization\"},\"potentialAction\":[{\"@type\":\"SearchAction\",\"target\":{\"@type\":\"EntryPoint\",\"urlTemplate\":\"https:\/\/crocjeux.com\/?s={search_term_string}\"},\"query-input\":{\"@type\":\"PropertyValueSpecification\",\"valueRequired\":true,\"valueName\":\"search_term_string\"}}],\"inLanguage\":\"fr-FR\"},{\"@type\":\"Organization\",\"@id\":\"https:\/\/crocjeux.com\/#organization\",\"name\":\"Croc Jeux\",\"url\":\"https:\/\/crocjeux.com\/\",\"logo\":{\"@type\":\"ImageObject\",\"inLanguage\":\"fr-FR\",\"@id\":\"https:\/\/crocjeux.com\/#\/schema\/logo\/image\/\",\"url\":\"https:\/\/crocjeux.com\/wp-content\/uploads\/2022\/01\/cropped-logo-croc-etape-1-e1644574034239.jpg\",\"contentUrl\":\"https:\/\/crocjeux.com\/wp-content\/uploads\/2022\/01\/cropped-logo-croc-etape-1-e1644574034239.jpg\",\"width\":1224,\"height\":314,\"caption\":\"Croc Jeux\"},\"image\":{\"@id\":\"https:\/\/crocjeux.com\/#\/schema\/logo\/image\/\"}}]}<\/script>\n<!-- \/ Yoast SEO plugin. -->","yoast_head_json":{"title":"Timeline Ext. jeux & loisirs - Croc Jeux","robots":{"index":"index","follow":"follow","max-snippet":"max-snippet:-1","max-image-preview":"max-image-preview:large","max-video-preview":"max-video-preview:-1"},"canonical":"https:\/\/crocjeux.com\/index.php\/produit\/timeline-ext-jeux-loisirs\/","og_locale":"fr_FR","og_type":"article","og_title":"Timeline Ext. jeux & loisirs - Croc Jeux","og_description":"Timeline se joue avec des cartes illustrant des \u00e9v\u00e9nements historiques. Chacun re\u00e7oit 4 cartes, une autre carte \u00c9v\u00e9nement est tir\u00e9e","og_url":"https:\/\/crocjeux.com\/index.php\/produit\/timeline-ext-jeux-loisirs\/","og_site_name":"Croc Jeux","article_modified_time":"2025-04-23T08:33:22+00:00","og_image":[{"width":1080,"height":1080,"url":"https:\/\/crocjeux.com\/wp-content\/uploads\/2025\/04\/timeline.png","type":"image\/png"}],"twitter_card":"summary_large_image","twitter_misc":{"Dur\u00e9e de lecture estim\u00e9e":"1 minute"},"schema":{"@context":"https:\/\/schema.org","@graph":[{"@type":"WebPage","@id":"https:\/\/crocjeux.com\/index.php\/produit\/timeline-ext-jeux-loisirs\/","url":"https:\/\/crocjeux.com\/index.php\/produit\/timeline-ext-jeux-loisirs\/","name":"Timeline Ext. jeux & loisirs - Croc Jeux","isPartOf":{"@id":"https:\/\/crocjeux.com\/#website"},"primaryImageOfPage":{"@id":"https:\/\/crocjeux.com\/index.php\/produit\/timeline-ext-jeux-loisirs\/#primaryimage"},"image":{"@id":"https:\/\/crocjeux.com\/index.php\/produit\/timeline-ext-jeux-loisirs\/#primaryimage"},"thumbnailUrl":"https:\/\/crocjeux.com\/wp-content\/uploads\/2025\/04\/timeline.png","datePublished":"2025-04-22T14:45:53+00:00","dateModified":"2025-04-23T08:33:22+00:00","breadcrumb":{"@id":"https:\/\/crocjeux.com\/index.php\/produit\/timeline-ext-jeux-loisirs\/#breadcrumb"},"inLanguage":"fr-FR","potentialAction":[{"@type":"ReadAction","target":["https:\/\/crocjeux.com\/index.php\/produit\/timeline-ext-jeux-loisirs\/"]}]},{"@type":"ImageObject","inLanguage":"fr-FR","@id":"https:\/\/crocjeux.com\/index.php\/produit\/timeline-ext-jeux-loisirs\/#primaryimage","url":"https:\/\/crocjeux.com\/wp-content\/uploads\/2025\/04\/timeline.png","contentUrl":"https:\/\/crocjeux.com\/wp-content\/uploads\/2025\/04\/timeline.png","width":1080,"height":1080},{"@type":"BreadcrumbList","@id":"https:\/\/crocjeux.com\/index.php\/produit\/timeline-ext-jeux-loisirs\/#breadcrumb","itemListElement":[{"@type":"ListItem","position":1,"name":"Accueil","item":"https:\/\/crocjeux.com\/"},{"@type":"ListItem","position":2,"name":"Boutique","item":"https:\/\/crocjeux.com\/"},{"@type":"ListItem","position":3,"name":"Timeline Ext. jeux &#038; loisirs"}]},{"@type":"WebSite","@id":"https:\/\/crocjeux.com\/#website","url":"https:\/\/crocjeux.com\/","name":"Croc Jeux","description":"Bienvenue chez Croc Jeux!","publisher":{"@id":"https:\/\/crocjeux.com\/#organization"},"potentialAction":[{"@type":"SearchAction","target":{"@type":"EntryPoint","urlTemplate":"https:\/\/crocjeux.com\/?s={search_term_string}"},"query-input":{"@type":"PropertyValueSpecification","valueRequired":true,"valueName":"search_term_string"}}],"inLanguage":"fr-FR"},{"@type":"Organization","@id":"https:\/\/crocjeux.com\/#organization","name":"Croc Jeux","url":"https:\/\/crocjeux.com\/","logo":{"@type":"ImageObject","inLanguage":"fr-FR","@id":"https:\/\/crocjeux.com\/#\/schema\/logo\/image\/","url":"https:\/\/crocjeux.com\/wp-content\/uploads\/2022\/01\/cropped-logo-croc-etape-1-e1644574034239.jpg","contentUrl":"https:\/\/crocjeux.com\/wp-content\/uploads\/2022\/01\/cropped-logo-croc-etape-1-e1644574034239.jpg","width":1224,"height":314,"caption":"Croc Jeux"},"image":{"@id":"https:\/\/crocjeux.com\/#\/schema\/logo\/image\/"}}]}},"_links":{"self":[{"href":"https:\/\/crocjeux.com\/index.php\/wp-json\/wp\/v2\/product\/6979","targetHints":{"allow":["GET"]}}],"collection":[{"href":"https:\/\/crocjeux.com\/index.php\/wp-json\/wp\/v2\/product"}],"about":[{"href":"https:\/\/crocjeux.com\/index.php\/wp-json\/wp\/v2\/types\/product"}],"replies":[{"embeddable":true,"href":"https:\/\/crocjeux.com\/index.php\/wp-json\/wp\/v2\/comments?post=6979"}],"wp:featuredmedia":[{"embeddable":true,"href":"https:\/\/crocjeux.com\/index.php\/wp-json\/wp\/v2\/media\/6980"}],"wp:attachment":[{"href":"https:\/\/crocjeux.com\/index.php\/wp-json\/wp\/v2\/media?parent=6979"}],"wp:term":[{"taxonomy":"product_brand","embeddable":true,"href":"https:\/\/crocjeux.com\/index.php\/wp-json\/wp\/v2\/product_brand?post=6979"},{"taxonomy":"product_cat","embeddable":true,"href":"https:\/\/crocjeux.com\/index.php\/wp-json\/wp\/v2\/product_cat?post=6979"},{"taxonomy":"product_tag","embeddable":true,"href":"https:\/\/crocjeux.com\/index.php\/wp-json\/wp\/v2\/product_tag?post=6979"}],"curies":[{"name":"wp","href":"https:\/\/api.w.org\/{rel}","templated":true}]}}