{"id":6992,"date":"2025-04-23T11:47:03","date_gmt":"2025-04-23T10:47:03","guid":{"rendered":"https:\/\/crocjeux.com\/?post_type=product&#038;p=6992"},"modified":"2025-04-23T11:47:03","modified_gmt":"2025-04-23T10:47:03","slug":"altered-premium-hero-standees-ordis","status":"publish","type":"product","link":"https:\/\/crocjeux.com\/index.php\/produit\/altered-premium-hero-standees-ordis\/","title":{"rendered":"Altered Premium Hero Standees &#8211; Ordis"},"content":{"rendered":"<div id=\"description\" class=\"tab-pane in active show\">\n<div class=\"product-description\">\n<div class=\"rte-content\">\n<h3>Am\u00e9liorez votre exp\u00e9rience de jeu avec Altered\u00ae<\/h3>\n<p>Plongez dans l\u2019univers d\u2019<strong>Altered\u00ae<\/strong>\u00a0gr\u00e2ce \u00e0 ces figurines\u00a0<strong>Premium Hero Standees<\/strong>, con\u00e7ues pour enrichir vos parties en ajoutant une dimension visuelle captivante. Chaque set contient\u00a0<strong>8 figurines en acrylique<\/strong>, dont des h\u00e9ros et des compagnons embl\u00e9matiques des factions du jeu.<\/p>\n<p>Les figurines sont soigneusement con\u00e7ues avec des formes distinctives pour chaque faction, facilitant leur identification sur le plateau. Associ\u00e9es \u00e0 un mat\u00e9riau acrylique de qualit\u00e9 sup\u00e9rieure et \u00e0 un design \u00e9l\u00e9gant, elles transforment chaque partie en une aventure immersive.<\/p>\n<p>Les\u00a0<strong>Premium Hero Standees<\/strong>\u00a0sont id\u00e9ales pour les fans d\u2019Altered\u00ae et se marient parfaitement avec les autres \u00e9l\u00e9ments du jeu, comme le\u00a0<strong>Premium Adventure Track<\/strong>. Elles constituent un ajout incontournable pour les joueurs souhaitant une exp\u00e9rience optimis\u00e9e.<\/p>\n<hr \/>\n<h3>Points forts<\/h3>\n<ul>\n<li><strong>Design unique<\/strong>\u00a0: formes distinctives pour chaque faction.<\/li>\n<li><strong>Mat\u00e9riau premium<\/strong>\u00a0: acrylique durable, sans acide ni PVC.<\/li>\n<li><strong>Compatibilit\u00e9 parfaite<\/strong>\u00a0avec les autres produits de la gamme Altered\u00ae.<\/li>\n<li>Id\u00e9al pour les fans cherchant \u00e0\u00a0<strong>am\u00e9liorer l\u2019immersion<\/strong> dans leur jeu.<\/li>\n<\/ul>\n<\/div>\n<\/div>\n<\/div>\n","protected":false},"excerpt":{"rendered":"<p>Am\u00e9liorez votre exp\u00e9rience de jeu avec Altered\u00ae Plongez dans l\u2019univers d\u2019Altered\u00ae\u00a0gr\u00e2ce \u00e0 ces figurines\u00a0Premium Hero Standees, con\u00e7ues pour enrichir vos<\/p>\n","protected":false},"featured_media":6986,"comment_status":"open","ping_status":"closed","template":"","meta":{"colormag_page_container_layout":"default_layout","colormag_page_sidebar_layout":"default_layout"},"product_brand":[],"product_cat":[164,32],"product_tag":[],"class_list":{"0":"post-6992","1":"product","2":"type-product","3":"status-publish","4":"has-post-thumbnail","6":"product_cat-altered","7":"product_cat-jeux-de-cartes","9":"first","10":"instock","11":"taxable","12":"shipping-taxable","13":"purchasable","14":"product-type-simple"},"yoast_head":"<!-- This site is optimized with the Yoast SEO plugin v27.1.1 - https:\/\/yoast.com\/product\/yoast-seo-wordpress\/ -->\n<title>Altered Premium Hero Standees - Ordis - Croc Jeux<\/title>\n<meta name=\"robots\" content=\"index, follow, max-snippet:-1, max-image-preview:large, max-video-preview:-1\" \/>\n<link rel=\"canonical\" href=\"https:\/\/crocjeux.com\/index.php\/produit\/altered-premium-hero-standees-ordis\/\" \/>\n<meta property=\"og:locale\" content=\"fr_FR\" \/>\n<meta property=\"og:type\" content=\"article\" \/>\n<meta property=\"og:title\" content=\"Altered Premium Hero Standees - Ordis - Croc Jeux\" \/>\n<meta property=\"og:description\" content=\"Am\u00e9liorez votre exp\u00e9rience de jeu avec Altered\u00ae Plongez dans l\u2019univers d\u2019Altered\u00ae\u00a0gr\u00e2ce \u00e0 ces figurines\u00a0Premium Hero Standees, con\u00e7ues pour enrichir vos\" \/>\n<meta property=\"og:url\" content=\"https:\/\/crocjeux.com\/index.php\/produit\/altered-premium-hero-standees-ordis\/\" \/>\n<meta property=\"og:site_name\" content=\"Croc Jeux\" \/>\n<meta property=\"og:image\" content=\"https:\/\/crocjeux.com\/wp-content\/uploads\/2025\/04\/1.png\" \/>\n\t<meta property=\"og:image:width\" content=\"1080\" \/>\n\t<meta property=\"og:image:height\" content=\"1080\" \/>\n\t<meta property=\"og:image:type\" content=\"image\/png\" \/>\n<meta name=\"twitter:card\" content=\"summary_large_image\" \/>\n<meta name=\"twitter:label1\" content=\"Dur\u00e9e de lecture estim\u00e9e\" \/>\n\t<meta name=\"twitter:data1\" content=\"2 minutes\" \/>\n<script type=\"application\/ld+json\" class=\"yoast-schema-graph\">{\"@context\":\"https:\/\/schema.org\",\"@graph\":[{\"@type\":\"WebPage\",\"@id\":\"https:\/\/crocjeux.com\/index.php\/produit\/altered-premium-hero-standees-ordis\/\",\"url\":\"https:\/\/crocjeux.com\/index.php\/produit\/altered-premium-hero-standees-ordis\/\",\"name\":\"Altered Premium Hero Standees - Ordis - Croc Jeux\",\"isPartOf\":{\"@id\":\"https:\/\/crocjeux.com\/#website\"},\"primaryImageOfPage\":{\"@id\":\"https:\/\/crocjeux.com\/index.php\/produit\/altered-premium-hero-standees-ordis\/#primaryimage\"},\"image\":{\"@id\":\"https:\/\/crocjeux.com\/index.php\/produit\/altered-premium-hero-standees-ordis\/#primaryimage\"},\"thumbnailUrl\":\"https:\/\/crocjeux.com\/wp-content\/uploads\/2025\/04\/1.png\",\"datePublished\":\"2025-04-23T10:47:03+00:00\",\"breadcrumb\":{\"@id\":\"https:\/\/crocjeux.com\/index.php\/produit\/altered-premium-hero-standees-ordis\/#breadcrumb\"},\"inLanguage\":\"fr-FR\",\"potentialAction\":[{\"@type\":\"ReadAction\",\"target\":[\"https:\/\/crocjeux.com\/index.php\/produit\/altered-premium-hero-standees-ordis\/\"]}]},{\"@type\":\"ImageObject\",\"inLanguage\":\"fr-FR\",\"@id\":\"https:\/\/crocjeux.com\/index.php\/produit\/altered-premium-hero-standees-ordis\/#primaryimage\",\"url\":\"https:\/\/crocjeux.com\/wp-content\/uploads\/2025\/04\/1.png\",\"contentUrl\":\"https:\/\/crocjeux.com\/wp-content\/uploads\/2025\/04\/1.png\",\"width\":1080,\"height\":1080},{\"@type\":\"BreadcrumbList\",\"@id\":\"https:\/\/crocjeux.com\/index.php\/produit\/altered-premium-hero-standees-ordis\/#breadcrumb\",\"itemListElement\":[{\"@type\":\"ListItem\",\"position\":1,\"name\":\"Accueil\",\"item\":\"https:\/\/crocjeux.com\/\"},{\"@type\":\"ListItem\",\"position\":2,\"name\":\"Boutique\",\"item\":\"https:\/\/crocjeux.com\/\"},{\"@type\":\"ListItem\",\"position\":3,\"name\":\"Altered Premium Hero Standees &#8211; Ordis\"}]},{\"@type\":\"WebSite\",\"@id\":\"https:\/\/crocjeux.com\/#website\",\"url\":\"https:\/\/crocjeux.com\/\",\"name\":\"Croc Jeux\",\"description\":\"Bienvenue chez Croc Jeux!\",\"publisher\":{\"@id\":\"https:\/\/crocjeux.com\/#organization\"},\"potentialAction\":[{\"@type\":\"SearchAction\",\"target\":{\"@type\":\"EntryPoint\",\"urlTemplate\":\"https:\/\/crocjeux.com\/?s={search_term_string}\"},\"query-input\":{\"@type\":\"PropertyValueSpecification\",\"valueRequired\":true,\"valueName\":\"search_term_string\"}}],\"inLanguage\":\"fr-FR\"},{\"@type\":\"Organization\",\"@id\":\"https:\/\/crocjeux.com\/#organization\",\"name\":\"Croc Jeux\",\"url\":\"https:\/\/crocjeux.com\/\",\"logo\":{\"@type\":\"ImageObject\",\"inLanguage\":\"fr-FR\",\"@id\":\"https:\/\/crocjeux.com\/#\/schema\/logo\/image\/\",\"url\":\"https:\/\/crocjeux.com\/wp-content\/uploads\/2022\/01\/cropped-logo-croc-etape-1-e1644574034239.jpg\",\"contentUrl\":\"https:\/\/crocjeux.com\/wp-content\/uploads\/2022\/01\/cropped-logo-croc-etape-1-e1644574034239.jpg\",\"width\":1224,\"height\":314,\"caption\":\"Croc Jeux\"},\"image\":{\"@id\":\"https:\/\/crocjeux.com\/#\/schema\/logo\/image\/\"}}]}<\/script>\n<!-- \/ Yoast SEO plugin. -->","yoast_head_json":{"title":"Altered Premium Hero Standees - Ordis - Croc Jeux","robots":{"index":"index","follow":"follow","max-snippet":"max-snippet:-1","max-image-preview":"max-image-preview:large","max-video-preview":"max-video-preview:-1"},"canonical":"https:\/\/crocjeux.com\/index.php\/produit\/altered-premium-hero-standees-ordis\/","og_locale":"fr_FR","og_type":"article","og_title":"Altered Premium Hero Standees - Ordis - Croc Jeux","og_description":"Am\u00e9liorez votre exp\u00e9rience de jeu avec Altered\u00ae Plongez dans l\u2019univers d\u2019Altered\u00ae\u00a0gr\u00e2ce \u00e0 ces figurines\u00a0Premium Hero Standees, con\u00e7ues pour enrichir vos","og_url":"https:\/\/crocjeux.com\/index.php\/produit\/altered-premium-hero-standees-ordis\/","og_site_name":"Croc Jeux","og_image":[{"width":1080,"height":1080,"url":"https:\/\/crocjeux.com\/wp-content\/uploads\/2025\/04\/1.png","type":"image\/png"}],"twitter_card":"summary_large_image","twitter_misc":{"Dur\u00e9e de lecture estim\u00e9e":"2 minutes"},"schema":{"@context":"https:\/\/schema.org","@graph":[{"@type":"WebPage","@id":"https:\/\/crocjeux.com\/index.php\/produit\/altered-premium-hero-standees-ordis\/","url":"https:\/\/crocjeux.com\/index.php\/produit\/altered-premium-hero-standees-ordis\/","name":"Altered Premium Hero Standees - Ordis - Croc Jeux","isPartOf":{"@id":"https:\/\/crocjeux.com\/#website"},"primaryImageOfPage":{"@id":"https:\/\/crocjeux.com\/index.php\/produit\/altered-premium-hero-standees-ordis\/#primaryimage"},"image":{"@id":"https:\/\/crocjeux.com\/index.php\/produit\/altered-premium-hero-standees-ordis\/#primaryimage"},"thumbnailUrl":"https:\/\/crocjeux.com\/wp-content\/uploads\/2025\/04\/1.png","datePublished":"2025-04-23T10:47:03+00:00","breadcrumb":{"@id":"https:\/\/crocjeux.com\/index.php\/produit\/altered-premium-hero-standees-ordis\/#breadcrumb"},"inLanguage":"fr-FR","potentialAction":[{"@type":"ReadAction","target":["https:\/\/crocjeux.com\/index.php\/produit\/altered-premium-hero-standees-ordis\/"]}]},{"@type":"ImageObject","inLanguage":"fr-FR","@id":"https:\/\/crocjeux.com\/index.php\/produit\/altered-premium-hero-standees-ordis\/#primaryimage","url":"https:\/\/crocjeux.com\/wp-content\/uploads\/2025\/04\/1.png","contentUrl":"https:\/\/crocjeux.com\/wp-content\/uploads\/2025\/04\/1.png","width":1080,"height":1080},{"@type":"BreadcrumbList","@id":"https:\/\/crocjeux.com\/index.php\/produit\/altered-premium-hero-standees-ordis\/#breadcrumb","itemListElement":[{"@type":"ListItem","position":1,"name":"Accueil","item":"https:\/\/crocjeux.com\/"},{"@type":"ListItem","position":2,"name":"Boutique","item":"https:\/\/crocjeux.com\/"},{"@type":"ListItem","position":3,"name":"Altered Premium Hero Standees &#8211; Ordis"}]},{"@type":"WebSite","@id":"https:\/\/crocjeux.com\/#website","url":"https:\/\/crocjeux.com\/","name":"Croc Jeux","description":"Bienvenue chez Croc Jeux!","publisher":{"@id":"https:\/\/crocjeux.com\/#organization"},"potentialAction":[{"@type":"SearchAction","target":{"@type":"EntryPoint","urlTemplate":"https:\/\/crocjeux.com\/?s={search_term_string}"},"query-input":{"@type":"PropertyValueSpecification","valueRequired":true,"valueName":"search_term_string"}}],"inLanguage":"fr-FR"},{"@type":"Organization","@id":"https:\/\/crocjeux.com\/#organization","name":"Croc Jeux","url":"https:\/\/crocjeux.com\/","logo":{"@type":"ImageObject","inLanguage":"fr-FR","@id":"https:\/\/crocjeux.com\/#\/schema\/logo\/image\/","url":"https:\/\/crocjeux.com\/wp-content\/uploads\/2022\/01\/cropped-logo-croc-etape-1-e1644574034239.jpg","contentUrl":"https:\/\/crocjeux.com\/wp-content\/uploads\/2022\/01\/cropped-logo-croc-etape-1-e1644574034239.jpg","width":1224,"height":314,"caption":"Croc Jeux"},"image":{"@id":"https:\/\/crocjeux.com\/#\/schema\/logo\/image\/"}}]}},"_links":{"self":[{"href":"https:\/\/crocjeux.com\/index.php\/wp-json\/wp\/v2\/product\/6992","targetHints":{"allow":["GET"]}}],"collection":[{"href":"https:\/\/crocjeux.com\/index.php\/wp-json\/wp\/v2\/product"}],"about":[{"href":"https:\/\/crocjeux.com\/index.php\/wp-json\/wp\/v2\/types\/product"}],"replies":[{"embeddable":true,"href":"https:\/\/crocjeux.com\/index.php\/wp-json\/wp\/v2\/comments?post=6992"}],"wp:featuredmedia":[{"embeddable":true,"href":"https:\/\/crocjeux.com\/index.php\/wp-json\/wp\/v2\/media\/6986"}],"wp:attachment":[{"href":"https:\/\/crocjeux.com\/index.php\/wp-json\/wp\/v2\/media?parent=6992"}],"wp:term":[{"taxonomy":"product_brand","embeddable":true,"href":"https:\/\/crocjeux.com\/index.php\/wp-json\/wp\/v2\/product_brand?post=6992"},{"taxonomy":"product_cat","embeddable":true,"href":"https:\/\/crocjeux.com\/index.php\/wp-json\/wp\/v2\/product_cat?post=6992"},{"taxonomy":"product_tag","embeddable":true,"href":"https:\/\/crocjeux.com\/index.php\/wp-json\/wp\/v2\/product_tag?post=6992"}],"curies":[{"name":"wp","href":"https:\/\/api.w.org\/{rel}","templated":true}]}}