{"id":7020,"date":"2025-04-29T17:49:54","date_gmt":"2025-04-29T16:49:54","guid":{"rendered":"https:\/\/crocjeux.com\/?post_type=product&#038;p=7020"},"modified":"2025-04-29T17:49:54","modified_gmt":"2025-04-29T16:49:54","slug":"kutna-hora-la-cite-dargent","status":"publish","type":"product","link":"https:\/\/crocjeux.com\/index.php\/produit\/kutna-hora-la-cite-dargent\/","title":{"rendered":"Kutn\u00e1 Hora : La Cit\u00e9 d\u2019Argent"},"content":{"rendered":"<div id=\"product_desc\" class=\"nq-c-Tabs-panel nq-c-ProductFullDesc nq-c-Wysiwyg\" role=\"tabpanel\">\n<div class=\"container\">\n<div class=\"row\">\n<div class=\"medium-large-full\">\n<p>Rejoignez d\u2019autres chefs de guilde ambitieux dans l\u2019exploitation mini\u00e8re et le d\u00e9veloppement de la c\u00e9l\u00e8bre ville d\u2019argent pendant sa p\u00e9riode de croissance \u00e9conomique rapide et d\u2019expansion au XIVe si\u00e8cle \u2013 de la premi\u00e8re d\u00e9couverte de minerai d\u2019argent pr\u00e8s du monast\u00e8re cistercien jusqu\u2019\u00e0 la construction de Kutn\u00e1 Hora, qui est rapidement devenue l\u2019une des villes les plus importantes d\u2019Europe centrale.<\/p>\n<\/div>\n<\/div>\n<\/div>\n<div class=\"container\">\n<div class=\"row\">\n<div class=\"medium-large-full\">\n<p>Kutn\u00e1 Hora : La Cit\u00e9 d\u2019Argent est un pur eurogame de construction de ville historique pour 2 \u00e0 4 joueurs qui propose une exp\u00e9rience r\u00e9elle de l\u2019offre et de la demande dans laquelle chacune de vos actions a un impact sur le syst\u00e8me \u00e9conomique dynamique du jeu.<\/p>\n<\/div>\n<\/div>\n<\/div>\n<div class=\"container\">\n<div class=\"row\">\n<div class=\"medium-large-full\">\n<p>\u00c0 chaque tour, les joueurs choisissent des actions dans une main de cartes recto-verso pour mettre en \u0153uvre des plans strat\u00e9giques tels que l\u2019exploitation mini\u00e8re, l\u2019achat de terrains \u00e0 b\u00e2tir, l\u2019obtention de permis, la construction de b\u00e2timents pour leurs guildes affili\u00e9es, la r\u00e9alisation de b\u00e9n\u00e9fices gr\u00e2ce \u00e0 leur production et, bien s\u00fbr, la construction de la cath\u00e9drale Sainte-Barbara.<\/p>\n<\/div>\n<\/div>\n<\/div>\n<div class=\"container\">\n<div class=\"row\">\n<div class=\"medium-large-full\">\n<p>La nature asym\u00e9trique des guildes disponibles pour chaque joueur donne lieu \u00e0 des tours tr\u00e8s interactifs dans lesquels chaque d\u00e9cision a un impact int\u00e9ressant sur l\u2019\u00e9conomie et sur les autres joueurs qui d\u00e9veloppent leurs mines et construisent des infrastructures sur un plateau partag\u00e9.<\/p>\n<\/div>\n<\/div>\n<\/div>\n<div class=\"container\">\n<div class=\"row\">\n<div class=\"medium-large-full\">\n<p>Exploitez le minerai et fondez-le pour obtenir une fortune en argent afin de d\u00e9velopper cette magnifique ville historique, mais veillez \u00e0 \u00e9quilibrer vos objectifs personnels avec la n\u00e9cessit\u00e9 de favoriser la croissance de la ville. Tout est li\u00e9, et parfois le chemin de la victoire personnelle d\u00e9pend de la prosp\u00e9rit\u00e9 du plus grand nombre.<\/p>\n<\/div>\n<\/div>\n<\/div>\n<\/div>\n","protected":false},"excerpt":{"rendered":"<p>Rejoignez d\u2019autres chefs de guilde ambitieux dans l\u2019exploitation mini\u00e8re et le d\u00e9veloppement de la c\u00e9l\u00e8bre ville d\u2019argent pendant sa p\u00e9riode<\/p>\n","protected":false},"featured_media":7021,"comment_status":"open","ping_status":"closed","template":"","meta":{"colormag_page_container_layout":"default_layout","colormag_page_sidebar_layout":"default_layout"},"product_brand":[],"product_cat":[37],"product_tag":[],"class_list":{"0":"post-7020","1":"product","2":"type-product","3":"status-publish","4":"has-post-thumbnail","6":"product_cat-ne-ratez-pas","8":"first","9":"instock","10":"taxable","11":"shipping-taxable","12":"purchasable","13":"product-type-simple"},"yoast_head":"<!-- This site is optimized with the Yoast SEO plugin v27.4 - https:\/\/yoast.com\/product\/yoast-seo-wordpress\/ -->\n<title>Kutn\u00e1 Hora : La Cit\u00e9 d\u2019Argent - Croc Jeux<\/title>\n<meta name=\"robots\" content=\"index, follow, max-snippet:-1, max-image-preview:large, max-video-preview:-1\" \/>\n<link rel=\"canonical\" href=\"https:\/\/crocjeux.com\/index.php\/produit\/kutna-hora-la-cite-dargent\/\" \/>\n<meta property=\"og:locale\" content=\"fr_FR\" \/>\n<meta property=\"og:type\" content=\"article\" \/>\n<meta property=\"og:title\" content=\"Kutn\u00e1 Hora : La Cit\u00e9 d\u2019Argent - Croc Jeux\" \/>\n<meta property=\"og:description\" content=\"Rejoignez d\u2019autres chefs de guilde ambitieux dans l\u2019exploitation mini\u00e8re et le d\u00e9veloppement de la c\u00e9l\u00e8bre ville d\u2019argent pendant sa p\u00e9riode\" \/>\n<meta property=\"og:url\" content=\"https:\/\/crocjeux.com\/index.php\/produit\/kutna-hora-la-cite-dargent\/\" \/>\n<meta property=\"og:site_name\" content=\"Croc Jeux\" \/>\n<meta property=\"og:image\" content=\"https:\/\/crocjeux.com\/wp-content\/uploads\/2025\/04\/animals-gathering7.png\" \/>\n\t<meta property=\"og:image:width\" content=\"1080\" \/>\n\t<meta property=\"og:image:height\" content=\"1080\" \/>\n\t<meta property=\"og:image:type\" content=\"image\/png\" \/>\n<meta name=\"twitter:card\" content=\"summary_large_image\" \/>\n<meta name=\"twitter:label1\" content=\"Dur\u00e9e de lecture estim\u00e9e\" \/>\n\t<meta name=\"twitter:data1\" content=\"2 minutes\" \/>\n<script type=\"application\/ld+json\" class=\"yoast-schema-graph\">{\"@context\":\"https:\\\/\\\/schema.org\",\"@graph\":[{\"@type\":\"WebPage\",\"@id\":\"https:\\\/\\\/crocjeux.com\\\/index.php\\\/produit\\\/kutna-hora-la-cite-dargent\\\/\",\"url\":\"https:\\\/\\\/crocjeux.com\\\/index.php\\\/produit\\\/kutna-hora-la-cite-dargent\\\/\",\"name\":\"Kutn\u00e1 Hora : La Cit\u00e9 d\u2019Argent - Croc Jeux\",\"isPartOf\":{\"@id\":\"https:\\\/\\\/crocjeux.com\\\/#website\"},\"primaryImageOfPage\":{\"@id\":\"https:\\\/\\\/crocjeux.com\\\/index.php\\\/produit\\\/kutna-hora-la-cite-dargent\\\/#primaryimage\"},\"image\":{\"@id\":\"https:\\\/\\\/crocjeux.com\\\/index.php\\\/produit\\\/kutna-hora-la-cite-dargent\\\/#primaryimage\"},\"thumbnailUrl\":\"https:\\\/\\\/crocjeux.com\\\/wp-content\\\/uploads\\\/2025\\\/04\\\/animals-gathering7.png\",\"datePublished\":\"2025-04-29T16:49:54+00:00\",\"breadcrumb\":{\"@id\":\"https:\\\/\\\/crocjeux.com\\\/index.php\\\/produit\\\/kutna-hora-la-cite-dargent\\\/#breadcrumb\"},\"inLanguage\":\"fr-FR\",\"potentialAction\":[{\"@type\":\"ReadAction\",\"target\":[\"https:\\\/\\\/crocjeux.com\\\/index.php\\\/produit\\\/kutna-hora-la-cite-dargent\\\/\"]}]},{\"@type\":\"ImageObject\",\"inLanguage\":\"fr-FR\",\"@id\":\"https:\\\/\\\/crocjeux.com\\\/index.php\\\/produit\\\/kutna-hora-la-cite-dargent\\\/#primaryimage\",\"url\":\"https:\\\/\\\/crocjeux.com\\\/wp-content\\\/uploads\\\/2025\\\/04\\\/animals-gathering7.png\",\"contentUrl\":\"https:\\\/\\\/crocjeux.com\\\/wp-content\\\/uploads\\\/2025\\\/04\\\/animals-gathering7.png\",\"width\":1080,\"height\":1080},{\"@type\":\"BreadcrumbList\",\"@id\":\"https:\\\/\\\/crocjeux.com\\\/index.php\\\/produit\\\/kutna-hora-la-cite-dargent\\\/#breadcrumb\",\"itemListElement\":[{\"@type\":\"ListItem\",\"position\":1,\"name\":\"Accueil\",\"item\":\"https:\\\/\\\/crocjeux.com\\\/\"},{\"@type\":\"ListItem\",\"position\":2,\"name\":\"Boutique\",\"item\":\"https:\\\/\\\/crocjeux.com\\\/\"},{\"@type\":\"ListItem\",\"position\":3,\"name\":\"Kutn\u00e1 Hora : La Cit\u00e9 d\u2019Argent\"}]},{\"@type\":\"WebSite\",\"@id\":\"https:\\\/\\\/crocjeux.com\\\/#website\",\"url\":\"https:\\\/\\\/crocjeux.com\\\/\",\"name\":\"Croc Jeux\",\"description\":\"Bienvenue chez Croc Jeux!\",\"publisher\":{\"@id\":\"https:\\\/\\\/crocjeux.com\\\/#organization\"},\"potentialAction\":[{\"@type\":\"SearchAction\",\"target\":{\"@type\":\"EntryPoint\",\"urlTemplate\":\"https:\\\/\\\/crocjeux.com\\\/?s={search_term_string}\"},\"query-input\":{\"@type\":\"PropertyValueSpecification\",\"valueRequired\":true,\"valueName\":\"search_term_string\"}}],\"inLanguage\":\"fr-FR\"},{\"@type\":\"Organization\",\"@id\":\"https:\\\/\\\/crocjeux.com\\\/#organization\",\"name\":\"Croc Jeux\",\"url\":\"https:\\\/\\\/crocjeux.com\\\/\",\"logo\":{\"@type\":\"ImageObject\",\"inLanguage\":\"fr-FR\",\"@id\":\"https:\\\/\\\/crocjeux.com\\\/#\\\/schema\\\/logo\\\/image\\\/\",\"url\":\"https:\\\/\\\/crocjeux.com\\\/wp-content\\\/uploads\\\/2022\\\/01\\\/cropped-logo-croc-etape-1-e1644574034239.jpg\",\"contentUrl\":\"https:\\\/\\\/crocjeux.com\\\/wp-content\\\/uploads\\\/2022\\\/01\\\/cropped-logo-croc-etape-1-e1644574034239.jpg\",\"width\":1224,\"height\":314,\"caption\":\"Croc Jeux\"},\"image\":{\"@id\":\"https:\\\/\\\/crocjeux.com\\\/#\\\/schema\\\/logo\\\/image\\\/\"}}]}<\/script>\n<!-- \/ Yoast SEO plugin. -->","yoast_head_json":{"title":"Kutn\u00e1 Hora : La Cit\u00e9 d\u2019Argent - Croc Jeux","robots":{"index":"index","follow":"follow","max-snippet":"max-snippet:-1","max-image-preview":"max-image-preview:large","max-video-preview":"max-video-preview:-1"},"canonical":"https:\/\/crocjeux.com\/index.php\/produit\/kutna-hora-la-cite-dargent\/","og_locale":"fr_FR","og_type":"article","og_title":"Kutn\u00e1 Hora : La Cit\u00e9 d\u2019Argent - Croc Jeux","og_description":"Rejoignez d\u2019autres chefs de guilde ambitieux dans l\u2019exploitation mini\u00e8re et le d\u00e9veloppement de la c\u00e9l\u00e8bre ville d\u2019argent pendant sa p\u00e9riode","og_url":"https:\/\/crocjeux.com\/index.php\/produit\/kutna-hora-la-cite-dargent\/","og_site_name":"Croc Jeux","og_image":[{"width":1080,"height":1080,"url":"https:\/\/crocjeux.com\/wp-content\/uploads\/2025\/04\/animals-gathering7.png","type":"image\/png"}],"twitter_card":"summary_large_image","twitter_misc":{"Dur\u00e9e de lecture estim\u00e9e":"2 minutes"},"schema":{"@context":"https:\/\/schema.org","@graph":[{"@type":"WebPage","@id":"https:\/\/crocjeux.com\/index.php\/produit\/kutna-hora-la-cite-dargent\/","url":"https:\/\/crocjeux.com\/index.php\/produit\/kutna-hora-la-cite-dargent\/","name":"Kutn\u00e1 Hora : La Cit\u00e9 d\u2019Argent - Croc Jeux","isPartOf":{"@id":"https:\/\/crocjeux.com\/#website"},"primaryImageOfPage":{"@id":"https:\/\/crocjeux.com\/index.php\/produit\/kutna-hora-la-cite-dargent\/#primaryimage"},"image":{"@id":"https:\/\/crocjeux.com\/index.php\/produit\/kutna-hora-la-cite-dargent\/#primaryimage"},"thumbnailUrl":"https:\/\/crocjeux.com\/wp-content\/uploads\/2025\/04\/animals-gathering7.png","datePublished":"2025-04-29T16:49:54+00:00","breadcrumb":{"@id":"https:\/\/crocjeux.com\/index.php\/produit\/kutna-hora-la-cite-dargent\/#breadcrumb"},"inLanguage":"fr-FR","potentialAction":[{"@type":"ReadAction","target":["https:\/\/crocjeux.com\/index.php\/produit\/kutna-hora-la-cite-dargent\/"]}]},{"@type":"ImageObject","inLanguage":"fr-FR","@id":"https:\/\/crocjeux.com\/index.php\/produit\/kutna-hora-la-cite-dargent\/#primaryimage","url":"https:\/\/crocjeux.com\/wp-content\/uploads\/2025\/04\/animals-gathering7.png","contentUrl":"https:\/\/crocjeux.com\/wp-content\/uploads\/2025\/04\/animals-gathering7.png","width":1080,"height":1080},{"@type":"BreadcrumbList","@id":"https:\/\/crocjeux.com\/index.php\/produit\/kutna-hora-la-cite-dargent\/#breadcrumb","itemListElement":[{"@type":"ListItem","position":1,"name":"Accueil","item":"https:\/\/crocjeux.com\/"},{"@type":"ListItem","position":2,"name":"Boutique","item":"https:\/\/crocjeux.com\/"},{"@type":"ListItem","position":3,"name":"Kutn\u00e1 Hora : La Cit\u00e9 d\u2019Argent"}]},{"@type":"WebSite","@id":"https:\/\/crocjeux.com\/#website","url":"https:\/\/crocjeux.com\/","name":"Croc Jeux","description":"Bienvenue chez Croc Jeux!","publisher":{"@id":"https:\/\/crocjeux.com\/#organization"},"potentialAction":[{"@type":"SearchAction","target":{"@type":"EntryPoint","urlTemplate":"https:\/\/crocjeux.com\/?s={search_term_string}"},"query-input":{"@type":"PropertyValueSpecification","valueRequired":true,"valueName":"search_term_string"}}],"inLanguage":"fr-FR"},{"@type":"Organization","@id":"https:\/\/crocjeux.com\/#organization","name":"Croc Jeux","url":"https:\/\/crocjeux.com\/","logo":{"@type":"ImageObject","inLanguage":"fr-FR","@id":"https:\/\/crocjeux.com\/#\/schema\/logo\/image\/","url":"https:\/\/crocjeux.com\/wp-content\/uploads\/2022\/01\/cropped-logo-croc-etape-1-e1644574034239.jpg","contentUrl":"https:\/\/crocjeux.com\/wp-content\/uploads\/2022\/01\/cropped-logo-croc-etape-1-e1644574034239.jpg","width":1224,"height":314,"caption":"Croc Jeux"},"image":{"@id":"https:\/\/crocjeux.com\/#\/schema\/logo\/image\/"}}]}},"_links":{"self":[{"href":"https:\/\/crocjeux.com\/index.php\/wp-json\/wp\/v2\/product\/7020","targetHints":{"allow":["GET"]}}],"collection":[{"href":"https:\/\/crocjeux.com\/index.php\/wp-json\/wp\/v2\/product"}],"about":[{"href":"https:\/\/crocjeux.com\/index.php\/wp-json\/wp\/v2\/types\/product"}],"replies":[{"embeddable":true,"href":"https:\/\/crocjeux.com\/index.php\/wp-json\/wp\/v2\/comments?post=7020"}],"wp:featuredmedia":[{"embeddable":true,"href":"https:\/\/crocjeux.com\/index.php\/wp-json\/wp\/v2\/media\/7021"}],"wp:attachment":[{"href":"https:\/\/crocjeux.com\/index.php\/wp-json\/wp\/v2\/media?parent=7020"}],"wp:term":[{"taxonomy":"product_brand","embeddable":true,"href":"https:\/\/crocjeux.com\/index.php\/wp-json\/wp\/v2\/product_brand?post=7020"},{"taxonomy":"product_cat","embeddable":true,"href":"https:\/\/crocjeux.com\/index.php\/wp-json\/wp\/v2\/product_cat?post=7020"},{"taxonomy":"product_tag","embeddable":true,"href":"https:\/\/crocjeux.com\/index.php\/wp-json\/wp\/v2\/product_tag?post=7020"}],"curies":[{"name":"wp","href":"https:\/\/api.w.org\/{rel}","templated":true}]}}