{"id":7051,"date":"2025-05-21T10:43:02","date_gmt":"2025-05-21T09:43:02","guid":{"rendered":"https:\/\/crocjeux.com\/?post_type=product&#038;p=7051"},"modified":"2025-05-21T10:43:03","modified_gmt":"2025-05-21T09:43:03","slug":"horreur-a-arkham-extension-la-conspiration-dinnsmouth","status":"publish","type":"product","link":"https:\/\/crocjeux.com\/index.php\/produit\/horreur-a-arkham-extension-la-conspiration-dinnsmouth\/","title":{"rendered":"Horreur \u00e0 Arkham Extension : La Conspiration D&rsquo;innsmouth"},"content":{"rendered":"<p>Dans l&rsquo;extension Campagne de Horreur \u00e0 Arkham JCE : La Conspiration d\u2019Innsmouth, un \u00e0 quatre enqu\u00eateurs partent \u00e0 la recherche de leurs souvenirs disparus et de la v\u00e9rit\u00e9 sur la ville d&rsquo;Innsmouth hant\u00e9e par les rumeurs. Les flashbacks offrent aux enqu\u00eateurs un aper\u00e7u des \u00e9v\u00e9nements pass\u00e9s et peuvent m\u00eame influencer l&rsquo;avenir&#8230; mais veulent-ils vraiment conna\u00eetre la v\u00e9rit\u00e9 ?<\/p>\n","protected":false},"excerpt":{"rendered":"<p>Dans l&rsquo;extension Campagne de Horreur \u00e0 Arkham JCE : La Conspiration d\u2019Innsmouth, un \u00e0 quatre enqu\u00eateurs partent \u00e0 la recherche<\/p>\n","protected":false},"featured_media":7047,"comment_status":"open","ping_status":"closed","template":"","meta":{"colormag_page_container_layout":"default_layout","colormag_page_sidebar_layout":"default_layout"},"product_brand":[],"product_cat":[167,30,18],"product_tag":[],"class_list":{"0":"post-7051","1":"product","2":"type-product","3":"status-publish","4":"has-post-thumbnail","6":"product_cat-horreur-a-arkham","7":"product_cat-jeux-collaboratifs","8":"product_cat-jeux-de-strategie","10":"first","11":"instock","12":"taxable","13":"shipping-taxable","14":"purchasable","15":"product-type-simple"},"yoast_head":"<!-- This site is optimized with the Yoast SEO plugin v27.1.1 - https:\/\/yoast.com\/product\/yoast-seo-wordpress\/ -->\n<title>Horreur \u00e0 Arkham Extension : La Conspiration D&#039;innsmouth - Croc Jeux<\/title>\n<meta name=\"robots\" content=\"index, follow, max-snippet:-1, max-image-preview:large, max-video-preview:-1\" \/>\n<link rel=\"canonical\" href=\"https:\/\/crocjeux.com\/index.php\/produit\/horreur-a-arkham-extension-la-conspiration-dinnsmouth\/\" \/>\n<meta property=\"og:locale\" content=\"fr_FR\" \/>\n<meta property=\"og:type\" content=\"article\" \/>\n<meta property=\"og:title\" content=\"Horreur \u00e0 Arkham Extension : La Conspiration D&#039;innsmouth - Croc Jeux\" \/>\n<meta property=\"og:description\" content=\"Dans l&rsquo;extension Campagne de Horreur \u00e0 Arkham JCE : La Conspiration d\u2019Innsmouth, un \u00e0 quatre enqu\u00eateurs partent \u00e0 la recherche\" \/>\n<meta property=\"og:url\" content=\"https:\/\/crocjeux.com\/index.php\/produit\/horreur-a-arkham-extension-la-conspiration-dinnsmouth\/\" \/>\n<meta property=\"og:site_name\" content=\"Croc Jeux\" \/>\n<meta property=\"article:modified_time\" content=\"2025-05-21T09:43:03+00:00\" \/>\n<meta property=\"og:image\" content=\"https:\/\/crocjeux.com\/wp-content\/uploads\/2025\/05\/3.png\" \/>\n\t<meta property=\"og:image:width\" content=\"1080\" \/>\n\t<meta property=\"og:image:height\" content=\"1080\" \/>\n\t<meta property=\"og:image:type\" content=\"image\/png\" \/>\n<meta name=\"twitter:card\" content=\"summary_large_image\" \/>\n<meta name=\"twitter:label1\" content=\"Dur\u00e9e de lecture estim\u00e9e\" \/>\n\t<meta name=\"twitter:data1\" content=\"1 minute\" \/>\n<script type=\"application\/ld+json\" class=\"yoast-schema-graph\">{\"@context\":\"https:\/\/schema.org\",\"@graph\":[{\"@type\":\"WebPage\",\"@id\":\"https:\/\/crocjeux.com\/index.php\/produit\/horreur-a-arkham-extension-la-conspiration-dinnsmouth\/\",\"url\":\"https:\/\/crocjeux.com\/index.php\/produit\/horreur-a-arkham-extension-la-conspiration-dinnsmouth\/\",\"name\":\"Horreur \u00e0 Arkham Extension : La Conspiration D'innsmouth - Croc Jeux\",\"isPartOf\":{\"@id\":\"https:\/\/crocjeux.com\/#website\"},\"primaryImageOfPage\":{\"@id\":\"https:\/\/crocjeux.com\/index.php\/produit\/horreur-a-arkham-extension-la-conspiration-dinnsmouth\/#primaryimage\"},\"image\":{\"@id\":\"https:\/\/crocjeux.com\/index.php\/produit\/horreur-a-arkham-extension-la-conspiration-dinnsmouth\/#primaryimage\"},\"thumbnailUrl\":\"https:\/\/crocjeux.com\/wp-content\/uploads\/2025\/05\/3.png\",\"datePublished\":\"2025-05-21T09:43:02+00:00\",\"dateModified\":\"2025-05-21T09:43:03+00:00\",\"breadcrumb\":{\"@id\":\"https:\/\/crocjeux.com\/index.php\/produit\/horreur-a-arkham-extension-la-conspiration-dinnsmouth\/#breadcrumb\"},\"inLanguage\":\"fr-FR\",\"potentialAction\":[{\"@type\":\"ReadAction\",\"target\":[\"https:\/\/crocjeux.com\/index.php\/produit\/horreur-a-arkham-extension-la-conspiration-dinnsmouth\/\"]}]},{\"@type\":\"ImageObject\",\"inLanguage\":\"fr-FR\",\"@id\":\"https:\/\/crocjeux.com\/index.php\/produit\/horreur-a-arkham-extension-la-conspiration-dinnsmouth\/#primaryimage\",\"url\":\"https:\/\/crocjeux.com\/wp-content\/uploads\/2025\/05\/3.png\",\"contentUrl\":\"https:\/\/crocjeux.com\/wp-content\/uploads\/2025\/05\/3.png\",\"width\":1080,\"height\":1080},{\"@type\":\"BreadcrumbList\",\"@id\":\"https:\/\/crocjeux.com\/index.php\/produit\/horreur-a-arkham-extension-la-conspiration-dinnsmouth\/#breadcrumb\",\"itemListElement\":[{\"@type\":\"ListItem\",\"position\":1,\"name\":\"Accueil\",\"item\":\"https:\/\/crocjeux.com\/\"},{\"@type\":\"ListItem\",\"position\":2,\"name\":\"Boutique\",\"item\":\"https:\/\/crocjeux.com\/\"},{\"@type\":\"ListItem\",\"position\":3,\"name\":\"Horreur \u00e0 Arkham Extension : La Conspiration D&rsquo;innsmouth\"}]},{\"@type\":\"WebSite\",\"@id\":\"https:\/\/crocjeux.com\/#website\",\"url\":\"https:\/\/crocjeux.com\/\",\"name\":\"Croc Jeux\",\"description\":\"Bienvenue chez Croc Jeux!\",\"publisher\":{\"@id\":\"https:\/\/crocjeux.com\/#organization\"},\"potentialAction\":[{\"@type\":\"SearchAction\",\"target\":{\"@type\":\"EntryPoint\",\"urlTemplate\":\"https:\/\/crocjeux.com\/?s={search_term_string}\"},\"query-input\":{\"@type\":\"PropertyValueSpecification\",\"valueRequired\":true,\"valueName\":\"search_term_string\"}}],\"inLanguage\":\"fr-FR\"},{\"@type\":\"Organization\",\"@id\":\"https:\/\/crocjeux.com\/#organization\",\"name\":\"Croc Jeux\",\"url\":\"https:\/\/crocjeux.com\/\",\"logo\":{\"@type\":\"ImageObject\",\"inLanguage\":\"fr-FR\",\"@id\":\"https:\/\/crocjeux.com\/#\/schema\/logo\/image\/\",\"url\":\"https:\/\/crocjeux.com\/wp-content\/uploads\/2022\/01\/cropped-logo-croc-etape-1-e1644574034239.jpg\",\"contentUrl\":\"https:\/\/crocjeux.com\/wp-content\/uploads\/2022\/01\/cropped-logo-croc-etape-1-e1644574034239.jpg\",\"width\":1224,\"height\":314,\"caption\":\"Croc Jeux\"},\"image\":{\"@id\":\"https:\/\/crocjeux.com\/#\/schema\/logo\/image\/\"}}]}<\/script>\n<!-- \/ Yoast SEO plugin. -->","yoast_head_json":{"title":"Horreur \u00e0 Arkham Extension : La Conspiration D'innsmouth - Croc Jeux","robots":{"index":"index","follow":"follow","max-snippet":"max-snippet:-1","max-image-preview":"max-image-preview:large","max-video-preview":"max-video-preview:-1"},"canonical":"https:\/\/crocjeux.com\/index.php\/produit\/horreur-a-arkham-extension-la-conspiration-dinnsmouth\/","og_locale":"fr_FR","og_type":"article","og_title":"Horreur \u00e0 Arkham Extension : La Conspiration D'innsmouth - Croc Jeux","og_description":"Dans l&rsquo;extension Campagne de Horreur \u00e0 Arkham JCE : La Conspiration d\u2019Innsmouth, un \u00e0 quatre enqu\u00eateurs partent \u00e0 la recherche","og_url":"https:\/\/crocjeux.com\/index.php\/produit\/horreur-a-arkham-extension-la-conspiration-dinnsmouth\/","og_site_name":"Croc Jeux","article_modified_time":"2025-05-21T09:43:03+00:00","og_image":[{"width":1080,"height":1080,"url":"https:\/\/crocjeux.com\/wp-content\/uploads\/2025\/05\/3.png","type":"image\/png"}],"twitter_card":"summary_large_image","twitter_misc":{"Dur\u00e9e de lecture estim\u00e9e":"1 minute"},"schema":{"@context":"https:\/\/schema.org","@graph":[{"@type":"WebPage","@id":"https:\/\/crocjeux.com\/index.php\/produit\/horreur-a-arkham-extension-la-conspiration-dinnsmouth\/","url":"https:\/\/crocjeux.com\/index.php\/produit\/horreur-a-arkham-extension-la-conspiration-dinnsmouth\/","name":"Horreur \u00e0 Arkham Extension : La Conspiration D'innsmouth - Croc Jeux","isPartOf":{"@id":"https:\/\/crocjeux.com\/#website"},"primaryImageOfPage":{"@id":"https:\/\/crocjeux.com\/index.php\/produit\/horreur-a-arkham-extension-la-conspiration-dinnsmouth\/#primaryimage"},"image":{"@id":"https:\/\/crocjeux.com\/index.php\/produit\/horreur-a-arkham-extension-la-conspiration-dinnsmouth\/#primaryimage"},"thumbnailUrl":"https:\/\/crocjeux.com\/wp-content\/uploads\/2025\/05\/3.png","datePublished":"2025-05-21T09:43:02+00:00","dateModified":"2025-05-21T09:43:03+00:00","breadcrumb":{"@id":"https:\/\/crocjeux.com\/index.php\/produit\/horreur-a-arkham-extension-la-conspiration-dinnsmouth\/#breadcrumb"},"inLanguage":"fr-FR","potentialAction":[{"@type":"ReadAction","target":["https:\/\/crocjeux.com\/index.php\/produit\/horreur-a-arkham-extension-la-conspiration-dinnsmouth\/"]}]},{"@type":"ImageObject","inLanguage":"fr-FR","@id":"https:\/\/crocjeux.com\/index.php\/produit\/horreur-a-arkham-extension-la-conspiration-dinnsmouth\/#primaryimage","url":"https:\/\/crocjeux.com\/wp-content\/uploads\/2025\/05\/3.png","contentUrl":"https:\/\/crocjeux.com\/wp-content\/uploads\/2025\/05\/3.png","width":1080,"height":1080},{"@type":"BreadcrumbList","@id":"https:\/\/crocjeux.com\/index.php\/produit\/horreur-a-arkham-extension-la-conspiration-dinnsmouth\/#breadcrumb","itemListElement":[{"@type":"ListItem","position":1,"name":"Accueil","item":"https:\/\/crocjeux.com\/"},{"@type":"ListItem","position":2,"name":"Boutique","item":"https:\/\/crocjeux.com\/"},{"@type":"ListItem","position":3,"name":"Horreur \u00e0 Arkham Extension : La Conspiration D&rsquo;innsmouth"}]},{"@type":"WebSite","@id":"https:\/\/crocjeux.com\/#website","url":"https:\/\/crocjeux.com\/","name":"Croc Jeux","description":"Bienvenue chez Croc Jeux!","publisher":{"@id":"https:\/\/crocjeux.com\/#organization"},"potentialAction":[{"@type":"SearchAction","target":{"@type":"EntryPoint","urlTemplate":"https:\/\/crocjeux.com\/?s={search_term_string}"},"query-input":{"@type":"PropertyValueSpecification","valueRequired":true,"valueName":"search_term_string"}}],"inLanguage":"fr-FR"},{"@type":"Organization","@id":"https:\/\/crocjeux.com\/#organization","name":"Croc Jeux","url":"https:\/\/crocjeux.com\/","logo":{"@type":"ImageObject","inLanguage":"fr-FR","@id":"https:\/\/crocjeux.com\/#\/schema\/logo\/image\/","url":"https:\/\/crocjeux.com\/wp-content\/uploads\/2022\/01\/cropped-logo-croc-etape-1-e1644574034239.jpg","contentUrl":"https:\/\/crocjeux.com\/wp-content\/uploads\/2022\/01\/cropped-logo-croc-etape-1-e1644574034239.jpg","width":1224,"height":314,"caption":"Croc Jeux"},"image":{"@id":"https:\/\/crocjeux.com\/#\/schema\/logo\/image\/"}}]}},"_links":{"self":[{"href":"https:\/\/crocjeux.com\/index.php\/wp-json\/wp\/v2\/product\/7051","targetHints":{"allow":["GET"]}}],"collection":[{"href":"https:\/\/crocjeux.com\/index.php\/wp-json\/wp\/v2\/product"}],"about":[{"href":"https:\/\/crocjeux.com\/index.php\/wp-json\/wp\/v2\/types\/product"}],"replies":[{"embeddable":true,"href":"https:\/\/crocjeux.com\/index.php\/wp-json\/wp\/v2\/comments?post=7051"}],"wp:featuredmedia":[{"embeddable":true,"href":"https:\/\/crocjeux.com\/index.php\/wp-json\/wp\/v2\/media\/7047"}],"wp:attachment":[{"href":"https:\/\/crocjeux.com\/index.php\/wp-json\/wp\/v2\/media?parent=7051"}],"wp:term":[{"taxonomy":"product_brand","embeddable":true,"href":"https:\/\/crocjeux.com\/index.php\/wp-json\/wp\/v2\/product_brand?post=7051"},{"taxonomy":"product_cat","embeddable":true,"href":"https:\/\/crocjeux.com\/index.php\/wp-json\/wp\/v2\/product_cat?post=7051"},{"taxonomy":"product_tag","embeddable":true,"href":"https:\/\/crocjeux.com\/index.php\/wp-json\/wp\/v2\/product_tag?post=7051"}],"curies":[{"name":"wp","href":"https:\/\/api.w.org\/{rel}","templated":true}]}}