{"id":7053,"date":"2025-05-21T10:45:46","date_gmt":"2025-05-21T09:45:46","guid":{"rendered":"https:\/\/crocjeux.com\/?post_type=product&#038;p=7053"},"modified":"2025-05-21T10:45:46","modified_gmt":"2025-05-21T09:45:46","slug":"horreur-a-arkham-v3-extension-terreurs-nocturnes","status":"publish","type":"product","link":"https:\/\/crocjeux.com\/index.php\/produit\/horreur-a-arkham-v3-extension-terreurs-nocturnes\/","title":{"rendered":"Horreur \u00e0 Arkham V3 Extension : Terreurs Nocturnes"},"content":{"rendered":"<p>Restez \u00e9veill\u00e9s, surtout, restez \u00e9veill\u00e9s\u2026<\/p>\n<p>Aux heures les plus noires de la nuit, alors que les bonnes gens d\u2019Arkham dorment derri\u00e8re leurs portes closes et leurs volets baiss\u00e9s, les zones d\u2019ombre et les lieux pa\u00efens sont le th\u00e9\u00e2tre de rassemblements d\u2019individus aux desseins malveillants et aux intentions hostiles. Qui s\u2019\u00e9l\u00e8vera contre les criminels sans foi ni loi et les cultes malsains dont le seul objectif est de mener \u00e0 bien leurs sinistres projets ?<\/p>\n<p>Terreurs Nocturnes d\u00e9veloppe l\u2019exp\u00e9rience propos\u00e9e dans la bo\u00eete de base d\u2019Horreur \u00e0 Arkham en doublant le nombre de cartes Rencontre disponibles et en ajoutant des investigateurs et sc\u00e9narios in\u00e9dits. Les joueurs pourront ainsi vivre de nouvelles interactions avec l\u2019histoire et la population d\u2019Arkham dans leur lutte pour sauver la ville et le monde entier des maux ant\u00e9diluviens qui les menacent.<\/p>\n<p><strong>Contenu<\/strong><\/p>\n<ul>\n<li>4 Investigateurs,<\/li>\n<li>2 Fiches Sc\u00e9nario,<\/li>\n<li>239 Cartes,<\/li>\n<li>1 Sabot de Monstres,<\/li>\n<li>15 Pions Indice\/Fl\u00e9au.<\/li>\n<\/ul>\n","protected":false},"excerpt":{"rendered":"<p>Restez \u00e9veill\u00e9s, surtout, restez \u00e9veill\u00e9s\u2026 Aux heures les plus noires de la nuit, alors que les bonnes gens d\u2019Arkham dorment<\/p>\n","protected":false},"featured_media":7046,"comment_status":"open","ping_status":"closed","template":"","meta":{"colormag_page_container_layout":"default_layout","colormag_page_sidebar_layout":"default_layout"},"product_brand":[],"product_cat":[167,30,18],"product_tag":[],"class_list":{"0":"post-7053","1":"product","2":"type-product","3":"status-publish","4":"has-post-thumbnail","6":"product_cat-horreur-a-arkham","7":"product_cat-jeux-collaboratifs","8":"product_cat-jeux-de-strategie","10":"first","11":"instock","12":"taxable","13":"shipping-taxable","14":"purchasable","15":"product-type-simple"},"yoast_head":"<!-- This site is optimized with the Yoast SEO plugin v27.1.1 - https:\/\/yoast.com\/product\/yoast-seo-wordpress\/ -->\n<title>Horreur \u00e0 Arkham V3 Extension : Terreurs Nocturnes - Croc Jeux<\/title>\n<meta name=\"robots\" content=\"index, follow, max-snippet:-1, max-image-preview:large, max-video-preview:-1\" \/>\n<link rel=\"canonical\" href=\"https:\/\/crocjeux.com\/index.php\/produit\/horreur-a-arkham-v3-extension-terreurs-nocturnes\/\" \/>\n<meta property=\"og:locale\" content=\"fr_FR\" \/>\n<meta property=\"og:type\" content=\"article\" \/>\n<meta property=\"og:title\" content=\"Horreur \u00e0 Arkham V3 Extension : Terreurs Nocturnes - Croc Jeux\" \/>\n<meta property=\"og:description\" content=\"Restez \u00e9veill\u00e9s, surtout, restez \u00e9veill\u00e9s\u2026 Aux heures les plus noires de la nuit, alors que les bonnes gens d\u2019Arkham dorment\" \/>\n<meta property=\"og:url\" content=\"https:\/\/crocjeux.com\/index.php\/produit\/horreur-a-arkham-v3-extension-terreurs-nocturnes\/\" \/>\n<meta property=\"og:site_name\" content=\"Croc Jeux\" \/>\n<meta property=\"og:image\" content=\"https:\/\/crocjeux.com\/wp-content\/uploads\/2025\/05\/2.png\" \/>\n\t<meta property=\"og:image:width\" content=\"1080\" \/>\n\t<meta property=\"og:image:height\" content=\"1080\" \/>\n\t<meta property=\"og:image:type\" content=\"image\/png\" \/>\n<meta name=\"twitter:card\" content=\"summary_large_image\" \/>\n<meta name=\"twitter:label1\" content=\"Dur\u00e9e de lecture estim\u00e9e\" \/>\n\t<meta name=\"twitter:data1\" content=\"1 minute\" \/>\n<script type=\"application\/ld+json\" class=\"yoast-schema-graph\">{\"@context\":\"https:\/\/schema.org\",\"@graph\":[{\"@type\":\"WebPage\",\"@id\":\"https:\/\/crocjeux.com\/index.php\/produit\/horreur-a-arkham-v3-extension-terreurs-nocturnes\/\",\"url\":\"https:\/\/crocjeux.com\/index.php\/produit\/horreur-a-arkham-v3-extension-terreurs-nocturnes\/\",\"name\":\"Horreur \u00e0 Arkham V3 Extension : Terreurs Nocturnes - Croc Jeux\",\"isPartOf\":{\"@id\":\"https:\/\/crocjeux.com\/#website\"},\"primaryImageOfPage\":{\"@id\":\"https:\/\/crocjeux.com\/index.php\/produit\/horreur-a-arkham-v3-extension-terreurs-nocturnes\/#primaryimage\"},\"image\":{\"@id\":\"https:\/\/crocjeux.com\/index.php\/produit\/horreur-a-arkham-v3-extension-terreurs-nocturnes\/#primaryimage\"},\"thumbnailUrl\":\"https:\/\/crocjeux.com\/wp-content\/uploads\/2025\/05\/2.png\",\"datePublished\":\"2025-05-21T09:45:46+00:00\",\"breadcrumb\":{\"@id\":\"https:\/\/crocjeux.com\/index.php\/produit\/horreur-a-arkham-v3-extension-terreurs-nocturnes\/#breadcrumb\"},\"inLanguage\":\"fr-FR\",\"potentialAction\":[{\"@type\":\"ReadAction\",\"target\":[\"https:\/\/crocjeux.com\/index.php\/produit\/horreur-a-arkham-v3-extension-terreurs-nocturnes\/\"]}]},{\"@type\":\"ImageObject\",\"inLanguage\":\"fr-FR\",\"@id\":\"https:\/\/crocjeux.com\/index.php\/produit\/horreur-a-arkham-v3-extension-terreurs-nocturnes\/#primaryimage\",\"url\":\"https:\/\/crocjeux.com\/wp-content\/uploads\/2025\/05\/2.png\",\"contentUrl\":\"https:\/\/crocjeux.com\/wp-content\/uploads\/2025\/05\/2.png\",\"width\":1080,\"height\":1080},{\"@type\":\"BreadcrumbList\",\"@id\":\"https:\/\/crocjeux.com\/index.php\/produit\/horreur-a-arkham-v3-extension-terreurs-nocturnes\/#breadcrumb\",\"itemListElement\":[{\"@type\":\"ListItem\",\"position\":1,\"name\":\"Accueil\",\"item\":\"https:\/\/crocjeux.com\/\"},{\"@type\":\"ListItem\",\"position\":2,\"name\":\"Boutique\",\"item\":\"https:\/\/crocjeux.com\/\"},{\"@type\":\"ListItem\",\"position\":3,\"name\":\"Horreur \u00e0 Arkham V3 Extension : Terreurs Nocturnes\"}]},{\"@type\":\"WebSite\",\"@id\":\"https:\/\/crocjeux.com\/#website\",\"url\":\"https:\/\/crocjeux.com\/\",\"name\":\"Croc Jeux\",\"description\":\"Bienvenue chez Croc Jeux!\",\"publisher\":{\"@id\":\"https:\/\/crocjeux.com\/#organization\"},\"potentialAction\":[{\"@type\":\"SearchAction\",\"target\":{\"@type\":\"EntryPoint\",\"urlTemplate\":\"https:\/\/crocjeux.com\/?s={search_term_string}\"},\"query-input\":{\"@type\":\"PropertyValueSpecification\",\"valueRequired\":true,\"valueName\":\"search_term_string\"}}],\"inLanguage\":\"fr-FR\"},{\"@type\":\"Organization\",\"@id\":\"https:\/\/crocjeux.com\/#organization\",\"name\":\"Croc Jeux\",\"url\":\"https:\/\/crocjeux.com\/\",\"logo\":{\"@type\":\"ImageObject\",\"inLanguage\":\"fr-FR\",\"@id\":\"https:\/\/crocjeux.com\/#\/schema\/logo\/image\/\",\"url\":\"https:\/\/crocjeux.com\/wp-content\/uploads\/2022\/01\/cropped-logo-croc-etape-1-e1644574034239.jpg\",\"contentUrl\":\"https:\/\/crocjeux.com\/wp-content\/uploads\/2022\/01\/cropped-logo-croc-etape-1-e1644574034239.jpg\",\"width\":1224,\"height\":314,\"caption\":\"Croc Jeux\"},\"image\":{\"@id\":\"https:\/\/crocjeux.com\/#\/schema\/logo\/image\/\"}}]}<\/script>\n<!-- \/ Yoast SEO plugin. -->","yoast_head_json":{"title":"Horreur \u00e0 Arkham V3 Extension : Terreurs Nocturnes - Croc Jeux","robots":{"index":"index","follow":"follow","max-snippet":"max-snippet:-1","max-image-preview":"max-image-preview:large","max-video-preview":"max-video-preview:-1"},"canonical":"https:\/\/crocjeux.com\/index.php\/produit\/horreur-a-arkham-v3-extension-terreurs-nocturnes\/","og_locale":"fr_FR","og_type":"article","og_title":"Horreur \u00e0 Arkham V3 Extension : Terreurs Nocturnes - Croc Jeux","og_description":"Restez \u00e9veill\u00e9s, surtout, restez \u00e9veill\u00e9s\u2026 Aux heures les plus noires de la nuit, alors que les bonnes gens d\u2019Arkham dorment","og_url":"https:\/\/crocjeux.com\/index.php\/produit\/horreur-a-arkham-v3-extension-terreurs-nocturnes\/","og_site_name":"Croc Jeux","og_image":[{"width":1080,"height":1080,"url":"https:\/\/crocjeux.com\/wp-content\/uploads\/2025\/05\/2.png","type":"image\/png"}],"twitter_card":"summary_large_image","twitter_misc":{"Dur\u00e9e de lecture estim\u00e9e":"1 minute"},"schema":{"@context":"https:\/\/schema.org","@graph":[{"@type":"WebPage","@id":"https:\/\/crocjeux.com\/index.php\/produit\/horreur-a-arkham-v3-extension-terreurs-nocturnes\/","url":"https:\/\/crocjeux.com\/index.php\/produit\/horreur-a-arkham-v3-extension-terreurs-nocturnes\/","name":"Horreur \u00e0 Arkham V3 Extension : Terreurs Nocturnes - Croc Jeux","isPartOf":{"@id":"https:\/\/crocjeux.com\/#website"},"primaryImageOfPage":{"@id":"https:\/\/crocjeux.com\/index.php\/produit\/horreur-a-arkham-v3-extension-terreurs-nocturnes\/#primaryimage"},"image":{"@id":"https:\/\/crocjeux.com\/index.php\/produit\/horreur-a-arkham-v3-extension-terreurs-nocturnes\/#primaryimage"},"thumbnailUrl":"https:\/\/crocjeux.com\/wp-content\/uploads\/2025\/05\/2.png","datePublished":"2025-05-21T09:45:46+00:00","breadcrumb":{"@id":"https:\/\/crocjeux.com\/index.php\/produit\/horreur-a-arkham-v3-extension-terreurs-nocturnes\/#breadcrumb"},"inLanguage":"fr-FR","potentialAction":[{"@type":"ReadAction","target":["https:\/\/crocjeux.com\/index.php\/produit\/horreur-a-arkham-v3-extension-terreurs-nocturnes\/"]}]},{"@type":"ImageObject","inLanguage":"fr-FR","@id":"https:\/\/crocjeux.com\/index.php\/produit\/horreur-a-arkham-v3-extension-terreurs-nocturnes\/#primaryimage","url":"https:\/\/crocjeux.com\/wp-content\/uploads\/2025\/05\/2.png","contentUrl":"https:\/\/crocjeux.com\/wp-content\/uploads\/2025\/05\/2.png","width":1080,"height":1080},{"@type":"BreadcrumbList","@id":"https:\/\/crocjeux.com\/index.php\/produit\/horreur-a-arkham-v3-extension-terreurs-nocturnes\/#breadcrumb","itemListElement":[{"@type":"ListItem","position":1,"name":"Accueil","item":"https:\/\/crocjeux.com\/"},{"@type":"ListItem","position":2,"name":"Boutique","item":"https:\/\/crocjeux.com\/"},{"@type":"ListItem","position":3,"name":"Horreur \u00e0 Arkham V3 Extension : Terreurs Nocturnes"}]},{"@type":"WebSite","@id":"https:\/\/crocjeux.com\/#website","url":"https:\/\/crocjeux.com\/","name":"Croc Jeux","description":"Bienvenue chez Croc Jeux!","publisher":{"@id":"https:\/\/crocjeux.com\/#organization"},"potentialAction":[{"@type":"SearchAction","target":{"@type":"EntryPoint","urlTemplate":"https:\/\/crocjeux.com\/?s={search_term_string}"},"query-input":{"@type":"PropertyValueSpecification","valueRequired":true,"valueName":"search_term_string"}}],"inLanguage":"fr-FR"},{"@type":"Organization","@id":"https:\/\/crocjeux.com\/#organization","name":"Croc Jeux","url":"https:\/\/crocjeux.com\/","logo":{"@type":"ImageObject","inLanguage":"fr-FR","@id":"https:\/\/crocjeux.com\/#\/schema\/logo\/image\/","url":"https:\/\/crocjeux.com\/wp-content\/uploads\/2022\/01\/cropped-logo-croc-etape-1-e1644574034239.jpg","contentUrl":"https:\/\/crocjeux.com\/wp-content\/uploads\/2022\/01\/cropped-logo-croc-etape-1-e1644574034239.jpg","width":1224,"height":314,"caption":"Croc Jeux"},"image":{"@id":"https:\/\/crocjeux.com\/#\/schema\/logo\/image\/"}}]}},"_links":{"self":[{"href":"https:\/\/crocjeux.com\/index.php\/wp-json\/wp\/v2\/product\/7053","targetHints":{"allow":["GET"]}}],"collection":[{"href":"https:\/\/crocjeux.com\/index.php\/wp-json\/wp\/v2\/product"}],"about":[{"href":"https:\/\/crocjeux.com\/index.php\/wp-json\/wp\/v2\/types\/product"}],"replies":[{"embeddable":true,"href":"https:\/\/crocjeux.com\/index.php\/wp-json\/wp\/v2\/comments?post=7053"}],"wp:featuredmedia":[{"embeddable":true,"href":"https:\/\/crocjeux.com\/index.php\/wp-json\/wp\/v2\/media\/7046"}],"wp:attachment":[{"href":"https:\/\/crocjeux.com\/index.php\/wp-json\/wp\/v2\/media?parent=7053"}],"wp:term":[{"taxonomy":"product_brand","embeddable":true,"href":"https:\/\/crocjeux.com\/index.php\/wp-json\/wp\/v2\/product_brand?post=7053"},{"taxonomy":"product_cat","embeddable":true,"href":"https:\/\/crocjeux.com\/index.php\/wp-json\/wp\/v2\/product_cat?post=7053"},{"taxonomy":"product_tag","embeddable":true,"href":"https:\/\/crocjeux.com\/index.php\/wp-json\/wp\/v2\/product_tag?post=7053"}],"curies":[{"name":"wp","href":"https:\/\/api.w.org\/{rel}","templated":true}]}}