{"id":7113,"date":"2025-07-28T14:00:36","date_gmt":"2025-07-28T13:00:36","guid":{"rendered":"https:\/\/crocjeux.com\/?post_type=product&#038;p=7113"},"modified":"2026-03-06T22:06:58","modified_gmt":"2026-03-06T21:06:58","slug":"kit-avant-premiere-star-wars-unlimited-passage-en-vitesse-lumiere","status":"publish","type":"product","link":"https:\/\/crocjeux.com\/index.php\/produit\/kit-avant-premiere-star-wars-unlimited-passage-en-vitesse-lumiere\/","title":{"rendered":"Kit Avant Premi\u00e8re Star Wars Unlimited Passage en Vitesse Lumi\u00e8re"},"content":{"rendered":"<p class=\"cvGsUA direction-ltr align-center para-style-body\"><span class=\"OYPEnA font-feature-liga-off font-feature-clig-off font-feature-calt-off text-decoration-none text-strikethrough-none\">Kit Avant Premi\u00e8re Star Wars Unlimited <\/span><span class=\"OYPEnA font-feature-liga-off font-feature-clig-off font-feature-calt-off text-decoration-none text-strikethrough-none\">Passage en Vitesse Lumi\u00e8re contenant 6 booster v4 avec 2 leader Hyperspace Boba et Han solo\u00a0<\/span><\/p>\n","protected":false},"excerpt":{"rendered":"<p>Kit Avant Premi\u00e8re Star Wars Unlimited Passage en Vitesse Lumi\u00e8re contenant 6 booster v4 avec 2 leader Hyperspace Boba et<\/p>\n","protected":false},"featured_media":7114,"comment_status":"open","ping_status":"closed","template":"","meta":{"colormag_page_container_layout":"default_layout","colormag_page_sidebar_layout":"default_layout"},"product_brand":[],"product_cat":[32,172,166],"product_tag":[],"class_list":{"0":"post-7113","1":"product","2":"type-product","3":"status-publish","4":"has-post-thumbnail","6":"product_cat-jeux-de-cartes","7":"product_cat-promotion","8":"product_cat-star-wars-unlimited","10":"first","11":"instock","12":"sale","13":"taxable","14":"shipping-taxable","15":"purchasable","16":"product-type-simple"},"yoast_head":"<!-- This site is optimized with the Yoast SEO plugin v27.4 - https:\/\/yoast.com\/product\/yoast-seo-wordpress\/ -->\n<title>Kit Avant Premi\u00e8re Star Wars Unlimited Passage en Vitesse Lumi\u00e8re - Croc Jeux<\/title>\n<meta name=\"robots\" content=\"index, follow, max-snippet:-1, max-image-preview:large, max-video-preview:-1\" \/>\n<link rel=\"canonical\" href=\"https:\/\/crocjeux.com\/index.php\/produit\/kit-avant-premiere-star-wars-unlimited-passage-en-vitesse-lumiere\/\" \/>\n<meta property=\"og:locale\" content=\"fr_FR\" \/>\n<meta property=\"og:type\" content=\"article\" \/>\n<meta property=\"og:title\" content=\"Kit Avant Premi\u00e8re Star Wars Unlimited Passage en Vitesse Lumi\u00e8re - Croc Jeux\" \/>\n<meta property=\"og:description\" content=\"Kit Avant Premi\u00e8re Star Wars Unlimited Passage en Vitesse Lumi\u00e8re contenant 6 booster v4 avec 2 leader Hyperspace Boba et\" \/>\n<meta property=\"og:url\" content=\"https:\/\/crocjeux.com\/index.php\/produit\/kit-avant-premiere-star-wars-unlimited-passage-en-vitesse-lumiere\/\" \/>\n<meta property=\"og:site_name\" content=\"Croc Jeux\" \/>\n<meta property=\"article:modified_time\" content=\"2026-03-06T21:06:58+00:00\" \/>\n<meta property=\"og:image\" content=\"https:\/\/crocjeux.com\/wp-content\/uploads\/2025\/07\/Copie-de-Tir-Na-nog2.png\" \/>\n\t<meta property=\"og:image:width\" content=\"1080\" \/>\n\t<meta property=\"og:image:height\" content=\"1080\" \/>\n\t<meta property=\"og:image:type\" content=\"image\/png\" \/>\n<meta name=\"twitter:card\" content=\"summary_large_image\" \/>\n<meta name=\"twitter:label1\" content=\"Dur\u00e9e de lecture estim\u00e9e\" \/>\n\t<meta name=\"twitter:data1\" content=\"1 minute\" \/>\n<script type=\"application\/ld+json\" class=\"yoast-schema-graph\">{\"@context\":\"https:\\\/\\\/schema.org\",\"@graph\":[{\"@type\":\"WebPage\",\"@id\":\"https:\\\/\\\/crocjeux.com\\\/index.php\\\/produit\\\/kit-avant-premiere-star-wars-unlimited-passage-en-vitesse-lumiere\\\/\",\"url\":\"https:\\\/\\\/crocjeux.com\\\/index.php\\\/produit\\\/kit-avant-premiere-star-wars-unlimited-passage-en-vitesse-lumiere\\\/\",\"name\":\"Kit Avant Premi\u00e8re Star Wars Unlimited Passage en Vitesse Lumi\u00e8re - Croc Jeux\",\"isPartOf\":{\"@id\":\"https:\\\/\\\/crocjeux.com\\\/#website\"},\"primaryImageOfPage\":{\"@id\":\"https:\\\/\\\/crocjeux.com\\\/index.php\\\/produit\\\/kit-avant-premiere-star-wars-unlimited-passage-en-vitesse-lumiere\\\/#primaryimage\"},\"image\":{\"@id\":\"https:\\\/\\\/crocjeux.com\\\/index.php\\\/produit\\\/kit-avant-premiere-star-wars-unlimited-passage-en-vitesse-lumiere\\\/#primaryimage\"},\"thumbnailUrl\":\"https:\\\/\\\/crocjeux.com\\\/wp-content\\\/uploads\\\/2025\\\/07\\\/Copie-de-Tir-Na-nog2.png\",\"datePublished\":\"2025-07-28T13:00:36+00:00\",\"dateModified\":\"2026-03-06T21:06:58+00:00\",\"breadcrumb\":{\"@id\":\"https:\\\/\\\/crocjeux.com\\\/index.php\\\/produit\\\/kit-avant-premiere-star-wars-unlimited-passage-en-vitesse-lumiere\\\/#breadcrumb\"},\"inLanguage\":\"fr-FR\",\"potentialAction\":[{\"@type\":\"ReadAction\",\"target\":[\"https:\\\/\\\/crocjeux.com\\\/index.php\\\/produit\\\/kit-avant-premiere-star-wars-unlimited-passage-en-vitesse-lumiere\\\/\"]}]},{\"@type\":\"ImageObject\",\"inLanguage\":\"fr-FR\",\"@id\":\"https:\\\/\\\/crocjeux.com\\\/index.php\\\/produit\\\/kit-avant-premiere-star-wars-unlimited-passage-en-vitesse-lumiere\\\/#primaryimage\",\"url\":\"https:\\\/\\\/crocjeux.com\\\/wp-content\\\/uploads\\\/2025\\\/07\\\/Copie-de-Tir-Na-nog2.png\",\"contentUrl\":\"https:\\\/\\\/crocjeux.com\\\/wp-content\\\/uploads\\\/2025\\\/07\\\/Copie-de-Tir-Na-nog2.png\",\"width\":1080,\"height\":1080},{\"@type\":\"BreadcrumbList\",\"@id\":\"https:\\\/\\\/crocjeux.com\\\/index.php\\\/produit\\\/kit-avant-premiere-star-wars-unlimited-passage-en-vitesse-lumiere\\\/#breadcrumb\",\"itemListElement\":[{\"@type\":\"ListItem\",\"position\":1,\"name\":\"Accueil\",\"item\":\"https:\\\/\\\/crocjeux.com\\\/\"},{\"@type\":\"ListItem\",\"position\":2,\"name\":\"Boutique\",\"item\":\"https:\\\/\\\/crocjeux.com\\\/\"},{\"@type\":\"ListItem\",\"position\":3,\"name\":\"Kit Avant Premi\u00e8re Star Wars Unlimited Passage en Vitesse Lumi\u00e8re\"}]},{\"@type\":\"WebSite\",\"@id\":\"https:\\\/\\\/crocjeux.com\\\/#website\",\"url\":\"https:\\\/\\\/crocjeux.com\\\/\",\"name\":\"Croc Jeux\",\"description\":\"Bienvenue chez Croc Jeux!\",\"publisher\":{\"@id\":\"https:\\\/\\\/crocjeux.com\\\/#organization\"},\"potentialAction\":[{\"@type\":\"SearchAction\",\"target\":{\"@type\":\"EntryPoint\",\"urlTemplate\":\"https:\\\/\\\/crocjeux.com\\\/?s={search_term_string}\"},\"query-input\":{\"@type\":\"PropertyValueSpecification\",\"valueRequired\":true,\"valueName\":\"search_term_string\"}}],\"inLanguage\":\"fr-FR\"},{\"@type\":\"Organization\",\"@id\":\"https:\\\/\\\/crocjeux.com\\\/#organization\",\"name\":\"Croc Jeux\",\"url\":\"https:\\\/\\\/crocjeux.com\\\/\",\"logo\":{\"@type\":\"ImageObject\",\"inLanguage\":\"fr-FR\",\"@id\":\"https:\\\/\\\/crocjeux.com\\\/#\\\/schema\\\/logo\\\/image\\\/\",\"url\":\"https:\\\/\\\/crocjeux.com\\\/wp-content\\\/uploads\\\/2022\\\/01\\\/cropped-logo-croc-etape-1-e1644574034239.jpg\",\"contentUrl\":\"https:\\\/\\\/crocjeux.com\\\/wp-content\\\/uploads\\\/2022\\\/01\\\/cropped-logo-croc-etape-1-e1644574034239.jpg\",\"width\":1224,\"height\":314,\"caption\":\"Croc Jeux\"},\"image\":{\"@id\":\"https:\\\/\\\/crocjeux.com\\\/#\\\/schema\\\/logo\\\/image\\\/\"}}]}<\/script>\n<!-- \/ Yoast SEO plugin. -->","yoast_head_json":{"title":"Kit Avant Premi\u00e8re Star Wars Unlimited Passage en Vitesse Lumi\u00e8re - Croc Jeux","robots":{"index":"index","follow":"follow","max-snippet":"max-snippet:-1","max-image-preview":"max-image-preview:large","max-video-preview":"max-video-preview:-1"},"canonical":"https:\/\/crocjeux.com\/index.php\/produit\/kit-avant-premiere-star-wars-unlimited-passage-en-vitesse-lumiere\/","og_locale":"fr_FR","og_type":"article","og_title":"Kit Avant Premi\u00e8re Star Wars Unlimited Passage en Vitesse Lumi\u00e8re - Croc Jeux","og_description":"Kit Avant Premi\u00e8re Star Wars Unlimited Passage en Vitesse Lumi\u00e8re contenant 6 booster v4 avec 2 leader Hyperspace Boba et","og_url":"https:\/\/crocjeux.com\/index.php\/produit\/kit-avant-premiere-star-wars-unlimited-passage-en-vitesse-lumiere\/","og_site_name":"Croc Jeux","article_modified_time":"2026-03-06T21:06:58+00:00","og_image":[{"width":1080,"height":1080,"url":"https:\/\/crocjeux.com\/wp-content\/uploads\/2025\/07\/Copie-de-Tir-Na-nog2.png","type":"image\/png"}],"twitter_card":"summary_large_image","twitter_misc":{"Dur\u00e9e de lecture estim\u00e9e":"1 minute"},"schema":{"@context":"https:\/\/schema.org","@graph":[{"@type":"WebPage","@id":"https:\/\/crocjeux.com\/index.php\/produit\/kit-avant-premiere-star-wars-unlimited-passage-en-vitesse-lumiere\/","url":"https:\/\/crocjeux.com\/index.php\/produit\/kit-avant-premiere-star-wars-unlimited-passage-en-vitesse-lumiere\/","name":"Kit Avant Premi\u00e8re Star Wars Unlimited Passage en Vitesse Lumi\u00e8re - Croc Jeux","isPartOf":{"@id":"https:\/\/crocjeux.com\/#website"},"primaryImageOfPage":{"@id":"https:\/\/crocjeux.com\/index.php\/produit\/kit-avant-premiere-star-wars-unlimited-passage-en-vitesse-lumiere\/#primaryimage"},"image":{"@id":"https:\/\/crocjeux.com\/index.php\/produit\/kit-avant-premiere-star-wars-unlimited-passage-en-vitesse-lumiere\/#primaryimage"},"thumbnailUrl":"https:\/\/crocjeux.com\/wp-content\/uploads\/2025\/07\/Copie-de-Tir-Na-nog2.png","datePublished":"2025-07-28T13:00:36+00:00","dateModified":"2026-03-06T21:06:58+00:00","breadcrumb":{"@id":"https:\/\/crocjeux.com\/index.php\/produit\/kit-avant-premiere-star-wars-unlimited-passage-en-vitesse-lumiere\/#breadcrumb"},"inLanguage":"fr-FR","potentialAction":[{"@type":"ReadAction","target":["https:\/\/crocjeux.com\/index.php\/produit\/kit-avant-premiere-star-wars-unlimited-passage-en-vitesse-lumiere\/"]}]},{"@type":"ImageObject","inLanguage":"fr-FR","@id":"https:\/\/crocjeux.com\/index.php\/produit\/kit-avant-premiere-star-wars-unlimited-passage-en-vitesse-lumiere\/#primaryimage","url":"https:\/\/crocjeux.com\/wp-content\/uploads\/2025\/07\/Copie-de-Tir-Na-nog2.png","contentUrl":"https:\/\/crocjeux.com\/wp-content\/uploads\/2025\/07\/Copie-de-Tir-Na-nog2.png","width":1080,"height":1080},{"@type":"BreadcrumbList","@id":"https:\/\/crocjeux.com\/index.php\/produit\/kit-avant-premiere-star-wars-unlimited-passage-en-vitesse-lumiere\/#breadcrumb","itemListElement":[{"@type":"ListItem","position":1,"name":"Accueil","item":"https:\/\/crocjeux.com\/"},{"@type":"ListItem","position":2,"name":"Boutique","item":"https:\/\/crocjeux.com\/"},{"@type":"ListItem","position":3,"name":"Kit Avant Premi\u00e8re Star Wars Unlimited Passage en Vitesse Lumi\u00e8re"}]},{"@type":"WebSite","@id":"https:\/\/crocjeux.com\/#website","url":"https:\/\/crocjeux.com\/","name":"Croc Jeux","description":"Bienvenue chez Croc Jeux!","publisher":{"@id":"https:\/\/crocjeux.com\/#organization"},"potentialAction":[{"@type":"SearchAction","target":{"@type":"EntryPoint","urlTemplate":"https:\/\/crocjeux.com\/?s={search_term_string}"},"query-input":{"@type":"PropertyValueSpecification","valueRequired":true,"valueName":"search_term_string"}}],"inLanguage":"fr-FR"},{"@type":"Organization","@id":"https:\/\/crocjeux.com\/#organization","name":"Croc Jeux","url":"https:\/\/crocjeux.com\/","logo":{"@type":"ImageObject","inLanguage":"fr-FR","@id":"https:\/\/crocjeux.com\/#\/schema\/logo\/image\/","url":"https:\/\/crocjeux.com\/wp-content\/uploads\/2022\/01\/cropped-logo-croc-etape-1-e1644574034239.jpg","contentUrl":"https:\/\/crocjeux.com\/wp-content\/uploads\/2022\/01\/cropped-logo-croc-etape-1-e1644574034239.jpg","width":1224,"height":314,"caption":"Croc Jeux"},"image":{"@id":"https:\/\/crocjeux.com\/#\/schema\/logo\/image\/"}}]}},"_links":{"self":[{"href":"https:\/\/crocjeux.com\/index.php\/wp-json\/wp\/v2\/product\/7113","targetHints":{"allow":["GET"]}}],"collection":[{"href":"https:\/\/crocjeux.com\/index.php\/wp-json\/wp\/v2\/product"}],"about":[{"href":"https:\/\/crocjeux.com\/index.php\/wp-json\/wp\/v2\/types\/product"}],"replies":[{"embeddable":true,"href":"https:\/\/crocjeux.com\/index.php\/wp-json\/wp\/v2\/comments?post=7113"}],"wp:featuredmedia":[{"embeddable":true,"href":"https:\/\/crocjeux.com\/index.php\/wp-json\/wp\/v2\/media\/7114"}],"wp:attachment":[{"href":"https:\/\/crocjeux.com\/index.php\/wp-json\/wp\/v2\/media?parent=7113"}],"wp:term":[{"taxonomy":"product_brand","embeddable":true,"href":"https:\/\/crocjeux.com\/index.php\/wp-json\/wp\/v2\/product_brand?post=7113"},{"taxonomy":"product_cat","embeddable":true,"href":"https:\/\/crocjeux.com\/index.php\/wp-json\/wp\/v2\/product_cat?post=7113"},{"taxonomy":"product_tag","embeddable":true,"href":"https:\/\/crocjeux.com\/index.php\/wp-json\/wp\/v2\/product_tag?post=7113"}],"curies":[{"name":"wp","href":"https:\/\/api.w.org\/{rel}","templated":true}]}}