{"id":714,"date":"2020-11-13T16:59:23","date_gmt":"2020-11-13T15:59:23","guid":{"rendered":"https:\/\/crocjeux.com\/?post_type=product&#038;p=714"},"modified":"2025-12-11T10:42:00","modified_gmt":"2025-12-11T09:42:00","slug":"zombie-teenz-evolution","status":"publish","type":"product","link":"https:\/\/crocjeux.com\/index.php\/produit\/zombie-teenz-evolution\/","title":{"rendered":"Zombie Teenz Evolution"},"content":{"rendered":"<section id=\"tab-description\" class=\"page-product-box r-tabs-panel r-tabs-state-active\">\n<div class=\"rte\">\n<p><strong>Une suite pour Zombie Kidz \u00c9volution !<\/strong><\/p>\n<p>Des zombies s\u00e8ment la pagaille dans toute la ville. Coop\u00e8re avec tes amis et trouve 4 ingr\u00e9dients pour pr\u00e9parer un antidote qui rendra leur forme humaine aux zombies !<\/p>\n<p>Zombie Teenz est un jeu \u00e9volutif, comme Zombie Kidz dont il est la suite. Ce sont deux jeux diff\u00e9rents, ind\u00e9pendants et\u00a0compatibles !<\/p>\n<p>Travaillez ensemble, chassez les zombies de la ville, fabrique l&rsquo;antidote, ouvre des enveloppes et fais \u00e9voluer ton jeu !<\/p>\n<\/div>\n<\/section>\n","protected":false},"excerpt":{"rendered":"<p>Vous avez aim\u00e9 Zombie Kidz Evolution? Vous allez adorer Zombie Teenz Evolution! Toujours autant de Co-op, toujours autant d&rsquo;am\u00e9lioration, toujours autant de fun et de zombies, mais le must : Les deux jeux se combinent ensemble !<\/p>\n<p>&nbsp;<\/p>\n","protected":false},"featured_media":727,"comment_status":"open","ping_status":"closed","template":"","meta":{"colormag_page_container_layout":"default_layout","colormag_page_sidebar_layout":"default_layout"},"product_brand":[],"product_cat":[30,29,37],"product_tag":[],"class_list":{"0":"post-714","1":"product","2":"type-product","3":"status-publish","4":"has-post-thumbnail","6":"product_cat-jeux-collaboratifs","7":"product_cat-jeux-2-joueurs","8":"product_cat-ne-ratez-pas","10":"first","11":"outofstock","12":"taxable","13":"shipping-taxable","14":"purchasable","15":"product-type-simple"},"yoast_head":"<!-- This site is optimized with the Yoast SEO plugin v27.4 - https:\/\/yoast.com\/product\/yoast-seo-wordpress\/ -->\n<title>Zombie Teenz Evolution - Croc Jeux<\/title>\n<meta name=\"robots\" content=\"index, follow, max-snippet:-1, max-image-preview:large, max-video-preview:-1\" \/>\n<link rel=\"canonical\" href=\"https:\/\/crocjeux.com\/index.php\/produit\/zombie-teenz-evolution\/\" \/>\n<meta property=\"og:locale\" content=\"fr_FR\" \/>\n<meta property=\"og:type\" content=\"article\" \/>\n<meta property=\"og:title\" content=\"Zombie Teenz Evolution - Croc Jeux\" \/>\n<meta property=\"og:description\" content=\"Vous avez aim\u00e9 Zombie Kidz Evolution? Vous allez adorer Zombie Teenz Evolution! Toujours autant de Co-op, toujours autant d&#039;am\u00e9lioration, toujours autant de fun et de zombies, mais le must : Les deux jeux se combinent ensemble !  &nbsp;\" \/>\n<meta property=\"og:url\" content=\"https:\/\/crocjeux.com\/index.php\/produit\/zombie-teenz-evolution\/\" \/>\n<meta property=\"og:site_name\" content=\"Croc Jeux\" \/>\n<meta property=\"article:modified_time\" content=\"2025-12-11T09:42:00+00:00\" \/>\n<meta property=\"og:image\" content=\"https:\/\/crocjeux.com\/wp-content\/uploads\/2020\/11\/fc23a3ba31247adf223be57d7a4d3200f5cc8b603095707a1f4c6cfa1f39.png\" \/>\n\t<meta property=\"og:image:width\" content=\"265\" \/>\n\t<meta property=\"og:image:height\" content=\"265\" \/>\n\t<meta property=\"og:image:type\" content=\"image\/png\" \/>\n<meta name=\"twitter:card\" content=\"summary_large_image\" \/>\n<meta name=\"twitter:label1\" content=\"Dur\u00e9e de lecture estim\u00e9e\" \/>\n\t<meta name=\"twitter:data1\" content=\"1 minute\" \/>\n<script type=\"application\/ld+json\" class=\"yoast-schema-graph\">{\"@context\":\"https:\\\/\\\/schema.org\",\"@graph\":[{\"@type\":\"WebPage\",\"@id\":\"https:\\\/\\\/crocjeux.com\\\/index.php\\\/produit\\\/zombie-teenz-evolution\\\/\",\"url\":\"https:\\\/\\\/crocjeux.com\\\/index.php\\\/produit\\\/zombie-teenz-evolution\\\/\",\"name\":\"Zombie Teenz Evolution - Croc Jeux\",\"isPartOf\":{\"@id\":\"https:\\\/\\\/crocjeux.com\\\/#website\"},\"primaryImageOfPage\":{\"@id\":\"https:\\\/\\\/crocjeux.com\\\/index.php\\\/produit\\\/zombie-teenz-evolution\\\/#primaryimage\"},\"image\":{\"@id\":\"https:\\\/\\\/crocjeux.com\\\/index.php\\\/produit\\\/zombie-teenz-evolution\\\/#primaryimage\"},\"thumbnailUrl\":\"https:\\\/\\\/crocjeux.com\\\/wp-content\\\/uploads\\\/2020\\\/11\\\/fc23a3ba31247adf223be57d7a4d3200f5cc8b603095707a1f4c6cfa1f39.png\",\"datePublished\":\"2020-11-13T15:59:23+00:00\",\"dateModified\":\"2025-12-11T09:42:00+00:00\",\"breadcrumb\":{\"@id\":\"https:\\\/\\\/crocjeux.com\\\/index.php\\\/produit\\\/zombie-teenz-evolution\\\/#breadcrumb\"},\"inLanguage\":\"fr-FR\",\"potentialAction\":[{\"@type\":\"ReadAction\",\"target\":[\"https:\\\/\\\/crocjeux.com\\\/index.php\\\/produit\\\/zombie-teenz-evolution\\\/\"]}]},{\"@type\":\"ImageObject\",\"inLanguage\":\"fr-FR\",\"@id\":\"https:\\\/\\\/crocjeux.com\\\/index.php\\\/produit\\\/zombie-teenz-evolution\\\/#primaryimage\",\"url\":\"https:\\\/\\\/crocjeux.com\\\/wp-content\\\/uploads\\\/2020\\\/11\\\/fc23a3ba31247adf223be57d7a4d3200f5cc8b603095707a1f4c6cfa1f39.png\",\"contentUrl\":\"https:\\\/\\\/crocjeux.com\\\/wp-content\\\/uploads\\\/2020\\\/11\\\/fc23a3ba31247adf223be57d7a4d3200f5cc8b603095707a1f4c6cfa1f39.png\",\"width\":265,\"height\":265},{\"@type\":\"BreadcrumbList\",\"@id\":\"https:\\\/\\\/crocjeux.com\\\/index.php\\\/produit\\\/zombie-teenz-evolution\\\/#breadcrumb\",\"itemListElement\":[{\"@type\":\"ListItem\",\"position\":1,\"name\":\"Accueil\",\"item\":\"https:\\\/\\\/crocjeux.com\\\/\"},{\"@type\":\"ListItem\",\"position\":2,\"name\":\"Boutique\",\"item\":\"https:\\\/\\\/crocjeux.com\\\/\"},{\"@type\":\"ListItem\",\"position\":3,\"name\":\"Zombie Teenz Evolution\"}]},{\"@type\":\"WebSite\",\"@id\":\"https:\\\/\\\/crocjeux.com\\\/#website\",\"url\":\"https:\\\/\\\/crocjeux.com\\\/\",\"name\":\"Croc Jeux\",\"description\":\"Bienvenue chez Croc Jeux!\",\"publisher\":{\"@id\":\"https:\\\/\\\/crocjeux.com\\\/#organization\"},\"potentialAction\":[{\"@type\":\"SearchAction\",\"target\":{\"@type\":\"EntryPoint\",\"urlTemplate\":\"https:\\\/\\\/crocjeux.com\\\/?s={search_term_string}\"},\"query-input\":{\"@type\":\"PropertyValueSpecification\",\"valueRequired\":true,\"valueName\":\"search_term_string\"}}],\"inLanguage\":\"fr-FR\"},{\"@type\":\"Organization\",\"@id\":\"https:\\\/\\\/crocjeux.com\\\/#organization\",\"name\":\"Croc Jeux\",\"url\":\"https:\\\/\\\/crocjeux.com\\\/\",\"logo\":{\"@type\":\"ImageObject\",\"inLanguage\":\"fr-FR\",\"@id\":\"https:\\\/\\\/crocjeux.com\\\/#\\\/schema\\\/logo\\\/image\\\/\",\"url\":\"https:\\\/\\\/crocjeux.com\\\/wp-content\\\/uploads\\\/2022\\\/01\\\/cropped-logo-croc-etape-1-e1644574034239.jpg\",\"contentUrl\":\"https:\\\/\\\/crocjeux.com\\\/wp-content\\\/uploads\\\/2022\\\/01\\\/cropped-logo-croc-etape-1-e1644574034239.jpg\",\"width\":1224,\"height\":314,\"caption\":\"Croc Jeux\"},\"image\":{\"@id\":\"https:\\\/\\\/crocjeux.com\\\/#\\\/schema\\\/logo\\\/image\\\/\"}}]}<\/script>\n<!-- \/ Yoast SEO plugin. -->","yoast_head_json":{"title":"Zombie Teenz Evolution - Croc Jeux","robots":{"index":"index","follow":"follow","max-snippet":"max-snippet:-1","max-image-preview":"max-image-preview:large","max-video-preview":"max-video-preview:-1"},"canonical":"https:\/\/crocjeux.com\/index.php\/produit\/zombie-teenz-evolution\/","og_locale":"fr_FR","og_type":"article","og_title":"Zombie Teenz Evolution - Croc Jeux","og_description":"Vous avez aim\u00e9 Zombie Kidz Evolution? Vous allez adorer Zombie Teenz Evolution! Toujours autant de Co-op, toujours autant d'am\u00e9lioration, toujours autant de fun et de zombies, mais le must : Les deux jeux se combinent ensemble !  &nbsp;","og_url":"https:\/\/crocjeux.com\/index.php\/produit\/zombie-teenz-evolution\/","og_site_name":"Croc Jeux","article_modified_time":"2025-12-11T09:42:00+00:00","og_image":[{"width":265,"height":265,"url":"https:\/\/crocjeux.com\/wp-content\/uploads\/2020\/11\/fc23a3ba31247adf223be57d7a4d3200f5cc8b603095707a1f4c6cfa1f39.png","type":"image\/png"}],"twitter_card":"summary_large_image","twitter_misc":{"Dur\u00e9e de lecture estim\u00e9e":"1 minute"},"schema":{"@context":"https:\/\/schema.org","@graph":[{"@type":"WebPage","@id":"https:\/\/crocjeux.com\/index.php\/produit\/zombie-teenz-evolution\/","url":"https:\/\/crocjeux.com\/index.php\/produit\/zombie-teenz-evolution\/","name":"Zombie Teenz Evolution - Croc Jeux","isPartOf":{"@id":"https:\/\/crocjeux.com\/#website"},"primaryImageOfPage":{"@id":"https:\/\/crocjeux.com\/index.php\/produit\/zombie-teenz-evolution\/#primaryimage"},"image":{"@id":"https:\/\/crocjeux.com\/index.php\/produit\/zombie-teenz-evolution\/#primaryimage"},"thumbnailUrl":"https:\/\/crocjeux.com\/wp-content\/uploads\/2020\/11\/fc23a3ba31247adf223be57d7a4d3200f5cc8b603095707a1f4c6cfa1f39.png","datePublished":"2020-11-13T15:59:23+00:00","dateModified":"2025-12-11T09:42:00+00:00","breadcrumb":{"@id":"https:\/\/crocjeux.com\/index.php\/produit\/zombie-teenz-evolution\/#breadcrumb"},"inLanguage":"fr-FR","potentialAction":[{"@type":"ReadAction","target":["https:\/\/crocjeux.com\/index.php\/produit\/zombie-teenz-evolution\/"]}]},{"@type":"ImageObject","inLanguage":"fr-FR","@id":"https:\/\/crocjeux.com\/index.php\/produit\/zombie-teenz-evolution\/#primaryimage","url":"https:\/\/crocjeux.com\/wp-content\/uploads\/2020\/11\/fc23a3ba31247adf223be57d7a4d3200f5cc8b603095707a1f4c6cfa1f39.png","contentUrl":"https:\/\/crocjeux.com\/wp-content\/uploads\/2020\/11\/fc23a3ba31247adf223be57d7a4d3200f5cc8b603095707a1f4c6cfa1f39.png","width":265,"height":265},{"@type":"BreadcrumbList","@id":"https:\/\/crocjeux.com\/index.php\/produit\/zombie-teenz-evolution\/#breadcrumb","itemListElement":[{"@type":"ListItem","position":1,"name":"Accueil","item":"https:\/\/crocjeux.com\/"},{"@type":"ListItem","position":2,"name":"Boutique","item":"https:\/\/crocjeux.com\/"},{"@type":"ListItem","position":3,"name":"Zombie Teenz Evolution"}]},{"@type":"WebSite","@id":"https:\/\/crocjeux.com\/#website","url":"https:\/\/crocjeux.com\/","name":"Croc Jeux","description":"Bienvenue chez Croc Jeux!","publisher":{"@id":"https:\/\/crocjeux.com\/#organization"},"potentialAction":[{"@type":"SearchAction","target":{"@type":"EntryPoint","urlTemplate":"https:\/\/crocjeux.com\/?s={search_term_string}"},"query-input":{"@type":"PropertyValueSpecification","valueRequired":true,"valueName":"search_term_string"}}],"inLanguage":"fr-FR"},{"@type":"Organization","@id":"https:\/\/crocjeux.com\/#organization","name":"Croc Jeux","url":"https:\/\/crocjeux.com\/","logo":{"@type":"ImageObject","inLanguage":"fr-FR","@id":"https:\/\/crocjeux.com\/#\/schema\/logo\/image\/","url":"https:\/\/crocjeux.com\/wp-content\/uploads\/2022\/01\/cropped-logo-croc-etape-1-e1644574034239.jpg","contentUrl":"https:\/\/crocjeux.com\/wp-content\/uploads\/2022\/01\/cropped-logo-croc-etape-1-e1644574034239.jpg","width":1224,"height":314,"caption":"Croc Jeux"},"image":{"@id":"https:\/\/crocjeux.com\/#\/schema\/logo\/image\/"}}]}},"_links":{"self":[{"href":"https:\/\/crocjeux.com\/index.php\/wp-json\/wp\/v2\/product\/714","targetHints":{"allow":["GET"]}}],"collection":[{"href":"https:\/\/crocjeux.com\/index.php\/wp-json\/wp\/v2\/product"}],"about":[{"href":"https:\/\/crocjeux.com\/index.php\/wp-json\/wp\/v2\/types\/product"}],"replies":[{"embeddable":true,"href":"https:\/\/crocjeux.com\/index.php\/wp-json\/wp\/v2\/comments?post=714"}],"wp:featuredmedia":[{"embeddable":true,"href":"https:\/\/crocjeux.com\/index.php\/wp-json\/wp\/v2\/media\/727"}],"wp:attachment":[{"href":"https:\/\/crocjeux.com\/index.php\/wp-json\/wp\/v2\/media?parent=714"}],"wp:term":[{"taxonomy":"product_brand","embeddable":true,"href":"https:\/\/crocjeux.com\/index.php\/wp-json\/wp\/v2\/product_brand?post=714"},{"taxonomy":"product_cat","embeddable":true,"href":"https:\/\/crocjeux.com\/index.php\/wp-json\/wp\/v2\/product_cat?post=714"},{"taxonomy":"product_tag","embeddable":true,"href":"https:\/\/crocjeux.com\/index.php\/wp-json\/wp\/v2\/product_tag?post=714"}],"curies":[{"name":"wp","href":"https:\/\/api.w.org\/{rel}","templated":true}]}}