{"id":7165,"date":"2025-08-27T12:33:51","date_gmt":"2025-08-27T11:33:51","guid":{"rendered":"https:\/\/crocjeux.com\/?post_type=product&#038;p=7165"},"modified":"2025-08-27T12:33:51","modified_gmt":"2025-08-27T11:33:51","slug":"vampire-la-mascarade-cultes-des-dieux-du-sang","status":"publish","type":"product","link":"https:\/\/crocjeux.com\/index.php\/produit\/vampire-la-mascarade-cultes-des-dieux-du-sang\/","title":{"rendered":"Vampire la mascarade : Cultes des dieux du sang"},"content":{"rendered":"<p>Loin d\u2019adh\u00e9rer aux r\u00e8gles de la Camarilla, il est des vampires qui adh\u00e8rent ou fondent des cultes aux \u2018dieux\u2019 du sang ! Que ce soit pour nourrir leur B\u00eate ou satisfaire leur inextinguible soif, ils exigent du sang, qu\u2019il soit issu de sacrifices ou de leurs suivants. Les sectes du sang des Descendants sont les plus abjectes du monde de la nuit.<\/p>\n","protected":false},"excerpt":{"rendered":"<p>Loin d\u2019adh\u00e9rer aux r\u00e8gles de la Camarilla, il est des vampires qui adh\u00e8rent ou fondent des cultes aux \u2018dieux\u2019 du<\/p>\n","protected":false},"featured_media":7164,"comment_status":"open","ping_status":"closed","template":"","meta":{"colormag_page_container_layout":"default_layout","colormag_page_sidebar_layout":"default_layout"},"product_brand":[],"product_cat":[35],"product_tag":[],"class_list":{"0":"post-7165","1":"product","2":"type-product","3":"status-publish","4":"has-post-thumbnail","6":"product_cat-jeux-jdr","8":"first","9":"instock","10":"taxable","11":"shipping-taxable","12":"purchasable","13":"product-type-simple"},"yoast_head":"<!-- This site is optimized with the Yoast SEO plugin v27.3 - https:\/\/yoast.com\/product\/yoast-seo-wordpress\/ -->\n<title>Vampire la mascarade : Cultes des dieux du sang - Croc Jeux<\/title>\n<meta name=\"robots\" content=\"index, follow, max-snippet:-1, max-image-preview:large, max-video-preview:-1\" \/>\n<link rel=\"canonical\" href=\"https:\/\/crocjeux.com\/index.php\/produit\/vampire-la-mascarade-cultes-des-dieux-du-sang\/\" \/>\n<meta property=\"og:locale\" content=\"fr_FR\" \/>\n<meta property=\"og:type\" content=\"article\" \/>\n<meta property=\"og:title\" content=\"Vampire la mascarade : Cultes des dieux du sang - Croc Jeux\" \/>\n<meta property=\"og:description\" content=\"Loin d\u2019adh\u00e9rer aux r\u00e8gles de la Camarilla, il est des vampires qui adh\u00e8rent ou fondent des cultes aux \u2018dieux\u2019 du\" \/>\n<meta property=\"og:url\" content=\"https:\/\/crocjeux.com\/index.php\/produit\/vampire-la-mascarade-cultes-des-dieux-du-sang\/\" \/>\n<meta property=\"og:site_name\" content=\"Croc Jeux\" \/>\n<meta property=\"og:image\" content=\"https:\/\/crocjeux.com\/wp-content\/uploads\/2025\/08\/asyva514fr_face_20250704.jpg\" \/>\n\t<meta property=\"og:image:width\" content=\"313\" \/>\n\t<meta property=\"og:image:height\" content=\"400\" \/>\n\t<meta property=\"og:image:type\" content=\"image\/jpeg\" \/>\n<meta name=\"twitter:card\" content=\"summary_large_image\" \/>\n<meta name=\"twitter:label1\" content=\"Dur\u00e9e de lecture estim\u00e9e\" \/>\n\t<meta name=\"twitter:data1\" content=\"1 minute\" \/>\n<script type=\"application\/ld+json\" class=\"yoast-schema-graph\">{\"@context\":\"https:\\\/\\\/schema.org\",\"@graph\":[{\"@type\":\"WebPage\",\"@id\":\"https:\\\/\\\/crocjeux.com\\\/index.php\\\/produit\\\/vampire-la-mascarade-cultes-des-dieux-du-sang\\\/\",\"url\":\"https:\\\/\\\/crocjeux.com\\\/index.php\\\/produit\\\/vampire-la-mascarade-cultes-des-dieux-du-sang\\\/\",\"name\":\"Vampire la mascarade : Cultes des dieux du sang - Croc Jeux\",\"isPartOf\":{\"@id\":\"https:\\\/\\\/crocjeux.com\\\/#website\"},\"primaryImageOfPage\":{\"@id\":\"https:\\\/\\\/crocjeux.com\\\/index.php\\\/produit\\\/vampire-la-mascarade-cultes-des-dieux-du-sang\\\/#primaryimage\"},\"image\":{\"@id\":\"https:\\\/\\\/crocjeux.com\\\/index.php\\\/produit\\\/vampire-la-mascarade-cultes-des-dieux-du-sang\\\/#primaryimage\"},\"thumbnailUrl\":\"https:\\\/\\\/crocjeux.com\\\/wp-content\\\/uploads\\\/2025\\\/08\\\/asyva514fr_face_20250704.jpg\",\"datePublished\":\"2025-08-27T11:33:51+00:00\",\"breadcrumb\":{\"@id\":\"https:\\\/\\\/crocjeux.com\\\/index.php\\\/produit\\\/vampire-la-mascarade-cultes-des-dieux-du-sang\\\/#breadcrumb\"},\"inLanguage\":\"fr-FR\",\"potentialAction\":[{\"@type\":\"ReadAction\",\"target\":[\"https:\\\/\\\/crocjeux.com\\\/index.php\\\/produit\\\/vampire-la-mascarade-cultes-des-dieux-du-sang\\\/\"]}]},{\"@type\":\"ImageObject\",\"inLanguage\":\"fr-FR\",\"@id\":\"https:\\\/\\\/crocjeux.com\\\/index.php\\\/produit\\\/vampire-la-mascarade-cultes-des-dieux-du-sang\\\/#primaryimage\",\"url\":\"https:\\\/\\\/crocjeux.com\\\/wp-content\\\/uploads\\\/2025\\\/08\\\/asyva514fr_face_20250704.jpg\",\"contentUrl\":\"https:\\\/\\\/crocjeux.com\\\/wp-content\\\/uploads\\\/2025\\\/08\\\/asyva514fr_face_20250704.jpg\",\"width\":313,\"height\":400},{\"@type\":\"BreadcrumbList\",\"@id\":\"https:\\\/\\\/crocjeux.com\\\/index.php\\\/produit\\\/vampire-la-mascarade-cultes-des-dieux-du-sang\\\/#breadcrumb\",\"itemListElement\":[{\"@type\":\"ListItem\",\"position\":1,\"name\":\"Accueil\",\"item\":\"https:\\\/\\\/crocjeux.com\\\/\"},{\"@type\":\"ListItem\",\"position\":2,\"name\":\"Boutique\",\"item\":\"https:\\\/\\\/crocjeux.com\\\/\"},{\"@type\":\"ListItem\",\"position\":3,\"name\":\"Vampire la mascarade : Cultes des dieux du sang\"}]},{\"@type\":\"WebSite\",\"@id\":\"https:\\\/\\\/crocjeux.com\\\/#website\",\"url\":\"https:\\\/\\\/crocjeux.com\\\/\",\"name\":\"Croc Jeux\",\"description\":\"Bienvenue chez Croc Jeux!\",\"publisher\":{\"@id\":\"https:\\\/\\\/crocjeux.com\\\/#organization\"},\"potentialAction\":[{\"@type\":\"SearchAction\",\"target\":{\"@type\":\"EntryPoint\",\"urlTemplate\":\"https:\\\/\\\/crocjeux.com\\\/?s={search_term_string}\"},\"query-input\":{\"@type\":\"PropertyValueSpecification\",\"valueRequired\":true,\"valueName\":\"search_term_string\"}}],\"inLanguage\":\"fr-FR\"},{\"@type\":\"Organization\",\"@id\":\"https:\\\/\\\/crocjeux.com\\\/#organization\",\"name\":\"Croc Jeux\",\"url\":\"https:\\\/\\\/crocjeux.com\\\/\",\"logo\":{\"@type\":\"ImageObject\",\"inLanguage\":\"fr-FR\",\"@id\":\"https:\\\/\\\/crocjeux.com\\\/#\\\/schema\\\/logo\\\/image\\\/\",\"url\":\"https:\\\/\\\/crocjeux.com\\\/wp-content\\\/uploads\\\/2022\\\/01\\\/cropped-logo-croc-etape-1-e1644574034239.jpg\",\"contentUrl\":\"https:\\\/\\\/crocjeux.com\\\/wp-content\\\/uploads\\\/2022\\\/01\\\/cropped-logo-croc-etape-1-e1644574034239.jpg\",\"width\":1224,\"height\":314,\"caption\":\"Croc Jeux\"},\"image\":{\"@id\":\"https:\\\/\\\/crocjeux.com\\\/#\\\/schema\\\/logo\\\/image\\\/\"}}]}<\/script>\n<!-- \/ Yoast SEO plugin. -->","yoast_head_json":{"title":"Vampire la mascarade : Cultes des dieux du sang - Croc Jeux","robots":{"index":"index","follow":"follow","max-snippet":"max-snippet:-1","max-image-preview":"max-image-preview:large","max-video-preview":"max-video-preview:-1"},"canonical":"https:\/\/crocjeux.com\/index.php\/produit\/vampire-la-mascarade-cultes-des-dieux-du-sang\/","og_locale":"fr_FR","og_type":"article","og_title":"Vampire la mascarade : Cultes des dieux du sang - Croc Jeux","og_description":"Loin d\u2019adh\u00e9rer aux r\u00e8gles de la Camarilla, il est des vampires qui adh\u00e8rent ou fondent des cultes aux \u2018dieux\u2019 du","og_url":"https:\/\/crocjeux.com\/index.php\/produit\/vampire-la-mascarade-cultes-des-dieux-du-sang\/","og_site_name":"Croc Jeux","og_image":[{"width":313,"height":400,"url":"https:\/\/crocjeux.com\/wp-content\/uploads\/2025\/08\/asyva514fr_face_20250704.jpg","type":"image\/jpeg"}],"twitter_card":"summary_large_image","twitter_misc":{"Dur\u00e9e de lecture estim\u00e9e":"1 minute"},"schema":{"@context":"https:\/\/schema.org","@graph":[{"@type":"WebPage","@id":"https:\/\/crocjeux.com\/index.php\/produit\/vampire-la-mascarade-cultes-des-dieux-du-sang\/","url":"https:\/\/crocjeux.com\/index.php\/produit\/vampire-la-mascarade-cultes-des-dieux-du-sang\/","name":"Vampire la mascarade : Cultes des dieux du sang - Croc Jeux","isPartOf":{"@id":"https:\/\/crocjeux.com\/#website"},"primaryImageOfPage":{"@id":"https:\/\/crocjeux.com\/index.php\/produit\/vampire-la-mascarade-cultes-des-dieux-du-sang\/#primaryimage"},"image":{"@id":"https:\/\/crocjeux.com\/index.php\/produit\/vampire-la-mascarade-cultes-des-dieux-du-sang\/#primaryimage"},"thumbnailUrl":"https:\/\/crocjeux.com\/wp-content\/uploads\/2025\/08\/asyva514fr_face_20250704.jpg","datePublished":"2025-08-27T11:33:51+00:00","breadcrumb":{"@id":"https:\/\/crocjeux.com\/index.php\/produit\/vampire-la-mascarade-cultes-des-dieux-du-sang\/#breadcrumb"},"inLanguage":"fr-FR","potentialAction":[{"@type":"ReadAction","target":["https:\/\/crocjeux.com\/index.php\/produit\/vampire-la-mascarade-cultes-des-dieux-du-sang\/"]}]},{"@type":"ImageObject","inLanguage":"fr-FR","@id":"https:\/\/crocjeux.com\/index.php\/produit\/vampire-la-mascarade-cultes-des-dieux-du-sang\/#primaryimage","url":"https:\/\/crocjeux.com\/wp-content\/uploads\/2025\/08\/asyva514fr_face_20250704.jpg","contentUrl":"https:\/\/crocjeux.com\/wp-content\/uploads\/2025\/08\/asyva514fr_face_20250704.jpg","width":313,"height":400},{"@type":"BreadcrumbList","@id":"https:\/\/crocjeux.com\/index.php\/produit\/vampire-la-mascarade-cultes-des-dieux-du-sang\/#breadcrumb","itemListElement":[{"@type":"ListItem","position":1,"name":"Accueil","item":"https:\/\/crocjeux.com\/"},{"@type":"ListItem","position":2,"name":"Boutique","item":"https:\/\/crocjeux.com\/"},{"@type":"ListItem","position":3,"name":"Vampire la mascarade : Cultes des dieux du sang"}]},{"@type":"WebSite","@id":"https:\/\/crocjeux.com\/#website","url":"https:\/\/crocjeux.com\/","name":"Croc Jeux","description":"Bienvenue chez Croc Jeux!","publisher":{"@id":"https:\/\/crocjeux.com\/#organization"},"potentialAction":[{"@type":"SearchAction","target":{"@type":"EntryPoint","urlTemplate":"https:\/\/crocjeux.com\/?s={search_term_string}"},"query-input":{"@type":"PropertyValueSpecification","valueRequired":true,"valueName":"search_term_string"}}],"inLanguage":"fr-FR"},{"@type":"Organization","@id":"https:\/\/crocjeux.com\/#organization","name":"Croc Jeux","url":"https:\/\/crocjeux.com\/","logo":{"@type":"ImageObject","inLanguage":"fr-FR","@id":"https:\/\/crocjeux.com\/#\/schema\/logo\/image\/","url":"https:\/\/crocjeux.com\/wp-content\/uploads\/2022\/01\/cropped-logo-croc-etape-1-e1644574034239.jpg","contentUrl":"https:\/\/crocjeux.com\/wp-content\/uploads\/2022\/01\/cropped-logo-croc-etape-1-e1644574034239.jpg","width":1224,"height":314,"caption":"Croc Jeux"},"image":{"@id":"https:\/\/crocjeux.com\/#\/schema\/logo\/image\/"}}]}},"_links":{"self":[{"href":"https:\/\/crocjeux.com\/index.php\/wp-json\/wp\/v2\/product\/7165","targetHints":{"allow":["GET"]}}],"collection":[{"href":"https:\/\/crocjeux.com\/index.php\/wp-json\/wp\/v2\/product"}],"about":[{"href":"https:\/\/crocjeux.com\/index.php\/wp-json\/wp\/v2\/types\/product"}],"replies":[{"embeddable":true,"href":"https:\/\/crocjeux.com\/index.php\/wp-json\/wp\/v2\/comments?post=7165"}],"wp:featuredmedia":[{"embeddable":true,"href":"https:\/\/crocjeux.com\/index.php\/wp-json\/wp\/v2\/media\/7164"}],"wp:attachment":[{"href":"https:\/\/crocjeux.com\/index.php\/wp-json\/wp\/v2\/media?parent=7165"}],"wp:term":[{"taxonomy":"product_brand","embeddable":true,"href":"https:\/\/crocjeux.com\/index.php\/wp-json\/wp\/v2\/product_brand?post=7165"},{"taxonomy":"product_cat","embeddable":true,"href":"https:\/\/crocjeux.com\/index.php\/wp-json\/wp\/v2\/product_cat?post=7165"},{"taxonomy":"product_tag","embeddable":true,"href":"https:\/\/crocjeux.com\/index.php\/wp-json\/wp\/v2\/product_tag?post=7165"}],"curies":[{"name":"wp","href":"https:\/\/api.w.org\/{rel}","templated":true}]}}