{"id":730,"date":"2020-11-13T17:40:08","date_gmt":"2020-11-13T16:40:08","guid":{"rendered":"https:\/\/crocjeux.com\/?post_type=product&#038;p=730"},"modified":"2023-02-02T16:42:04","modified_gmt":"2023-02-02T15:42:04","slug":"unlock-mythic-adventures-sortie-le-20-novembre","status":"publish","type":"product","link":"https:\/\/crocjeux.com\/index.php\/produit\/unlock-mythic-adventures-sortie-le-20-novembre\/","title":{"rendered":"Unlock ! Mythic Adventures"},"content":{"rendered":"<section id=\"tab-description\" class=\"page-product-box r-tabs-panel r-tabs-state-active\">\n<div class=\"rte\">\n<section id=\"tab-description\" class=\"page-product-box r-tabs-panel r-tabs-state-active\">\n<div class=\"rte\">\n<h2>Unlock! Mythic Adventures, 8\u00e8me volet de la saga Unlock!<\/h2>\n<p>Avec Unlock! Epic Adventures, laissez-vous surprendre avec trois nouvelles aventures \u00e9piques. Ces derni\u00e8res, ancr\u00e9es dans des univers bien marqu\u00e9s sont in\u00e9dites et ind\u00e9pendantes :<\/p>\n<div>\n<ul>\n<li class=\"x_x_MsoListParagraph\"><b>Dans les griffes d&rsquo;Had\u00e8s<\/b>\u00a0(Auteur : Arnaud Pincemaille &amp; Perinne Kurtz \/ Illustratrice : Mahulda Jelly)\u00a0: niveau de difficult\u00e9 1.\u00a0Vous \u00eates Alix, esclave de l\u2019Ath\u00e8nes antique. Gagner votre libert\u00e9 ne sera pas facile face aux dieux de l\u2019Olympe. Ceux-ci sont joueurs, et pourraient bien vous r\u00e9server quelques surprises !<\/li>\n<\/ul>\n<ul>\n<li class=\"x_x_MsoListParagraph\"><b>L\u2019Animal-O-Matic du Professeur Noside<\/b>\u00a0(Auteurs : Vincent Goyat &amp; Jeremy Koch \/ Illustrateur : Legruth)\u00a0: niveau de difficult\u00e9 2.\u00a0Zap ! \u00ab L\u2019animal-O-Matic\u2026 \u00bb Zap ! \u00ab \u2026projette l\u2019esprit dans le corps d\u2019un animal ! \u00bb Zap ! \u00ab Arr\u00eatez de bouger, James ! C\u2019est sans danger vous dis-je ! \u00bb Zap !<\/li>\n<\/ul>\n<ul>\n<li class=\"x_x_MsoListParagraph\"><b>Le tour du monde en 80 minutes<\/b>\u00a0(Auteur : Yohan Servais &amp; Jeremy Fraile \/ Illustrateur : Cyrille Bertin)\u00a0: : niveau de difficult\u00e9 3.\u00a0\u00ab J\u2019ai pari\u00e9 avec ces gentlemen du Reform Club que nous ferons le tour du Monde en 80 jours. Passepartout ! le monde attend l\u2019exploit de Phileas Fogg ! \u00bb<\/li>\n<\/ul>\n<h2>Unlock! Mythic Adventures, un escape room chez vous<\/h2>\n<div>Unlock! est un jeu de cartes coop\u00e9ratif inspir\u00e9 des escape rooms. Les escape rooms sont des salles dont vous devez vous \u00e9chapper en moins de 60 minutes. Unlock! vous fait vivre ces exp\u00e9riences chez vous, autour d&rsquo;une table.<\/div>\n<div><\/div>\n<div>Apr\u00e8s avoir pris connaissance du contexte du sc\u00e9nario, vous commencez votre aventure dans une pi\u00e8ce (une carte de lieu qui indique divers num\u00e9ros). Fouillez-la pour trouver des objets ! Attention : certains peuvent \u00eatre cach\u00e9s ! Des \u00e9nigmes visuelles ou audio ralentissent votre progression&#8230; \u00e0 vous de coop\u00e9rer avec vos partenaires pour avancer et terminer dans les temps !<\/div>\n<div><\/div>\n<h2>Unlock! Mythic Adventures, un jeu interactif<\/h2>\n<div>L&rsquo;application gratuite Unlock!, compatible avec les t\u00e9l\u00e9phones et tablettes Android et iOS, est n\u00e9cessaire pour jouer. Elle permet d&rsquo;obtenir des indices, de rep\u00e9rer des objets cach\u00e9s, mais aussi d&rsquo;entrer les codes d\u00e9couverts. Elle contribue \u00e9galement \u00e0 l&rsquo;ambiance avec ses musiques d\u00e9di\u00e9es \u00e0 chaque aventure, ses \u00e9nigmes audio, ses terribles p\u00e9nalit\u00e9s et son compte \u00e0 rebours fatal !<\/div>\n<div><\/div>\n<div>Afin de bien appr\u00e9hender les r\u00e8gles, la bo\u00eete contient une dizaine de cartes servant de tutoriel.<\/div>\n<div><\/div>\n<div>\n<p>Les cartes du tutoriel sont emball\u00e9es avec les cartes du sc\u00e9nario 1.<\/p>\n<p>Pr\u00e9commandez d\u00e8s aujourd&rsquo;hui votre exemplaire pour venir le retirer en boutique le jour J!<\/p>\n<\/div>\n<\/div>\n<\/div>\n<\/section>\n<\/div>\n<\/section>\n","protected":false},"excerpt":{"rendered":"<div id=\"short_description_block\">\n<div id=\"short_description_content\" class=\"rte align_justify hide-smartphone\">Unlock 8 ! Mythic Adventures. Dans ce 8\u00e8me volet, Unlock ! vous propose de d\u00e9couvrir trois nouvelles \u00e9nigmes issues de trois univers diff\u00e9rents. Avec Unlock !, vivez l&rsquo;exp\u00e9rience des escape rooms autour d&rsquo;une table.<\/div>\n<\/div>\n","protected":false},"featured_media":731,"comment_status":"open","ping_status":"closed","template":"","meta":{"colormag_page_container_layout":"default_layout","colormag_page_sidebar_layout":"default_layout"},"product_brand":[],"product_cat":[75,79,98,99],"product_tag":[],"class_list":{"0":"post-730","1":"product","2":"type-product","3":"status-publish","4":"has-post-thumbnail","6":"product_cat-unlock-jeux-a-deux","7":"product_cat-unlock-jeux-collaboratifs","8":"product_cat-unlock-jeux-solo","9":"product_cat-unlock-escape-room","11":"first","12":"instock","13":"taxable","14":"shipping-taxable","15":"purchasable","16":"product-type-simple"},"yoast_head":"<!-- This site is optimized with the Yoast SEO plugin v27.4 - https:\/\/yoast.com\/product\/yoast-seo-wordpress\/ -->\n<title>Unlock ! Mythic Adventures - Croc Jeux<\/title>\n<meta name=\"robots\" content=\"index, follow, max-snippet:-1, max-image-preview:large, max-video-preview:-1\" \/>\n<link rel=\"canonical\" href=\"https:\/\/crocjeux.com\/index.php\/produit\/unlock-mythic-adventures-sortie-le-20-novembre\/\" \/>\n<meta property=\"og:locale\" content=\"fr_FR\" \/>\n<meta property=\"og:type\" content=\"article\" \/>\n<meta property=\"og:title\" content=\"Unlock ! Mythic Adventures - Croc Jeux\" \/>\n<meta property=\"og:description\" content=\"Unlock 8 ! Mythic Adventures. Dans ce 8\u00e8me volet, Unlock ! vous propose de d\u00e9couvrir trois nouvelles \u00e9nigmes issues de trois univers diff\u00e9rents. Avec Unlock !, vivez l&#039;exp\u00e9rience des escape rooms autour d&#039;une table.\" \/>\n<meta property=\"og:url\" content=\"https:\/\/crocjeux.com\/index.php\/produit\/unlock-mythic-adventures-sortie-le-20-novembre\/\" \/>\n<meta property=\"og:site_name\" content=\"Croc Jeux\" \/>\n<meta property=\"article:modified_time\" content=\"2023-02-02T15:42:04+00:00\" \/>\n<meta property=\"og:image\" content=\"https:\/\/crocjeux.com\/wp-content\/uploads\/2020\/11\/unlock-8-mythic-adventures.jpg\" \/>\n\t<meta property=\"og:image:width\" content=\"343\" \/>\n\t<meta property=\"og:image:height\" content=\"498\" \/>\n\t<meta property=\"og:image:type\" content=\"image\/jpeg\" \/>\n<meta name=\"twitter:card\" content=\"summary_large_image\" \/>\n<meta name=\"twitter:label1\" content=\"Dur\u00e9e de lecture estim\u00e9e\" \/>\n\t<meta name=\"twitter:data1\" content=\"2 minutes\" \/>\n<script type=\"application\/ld+json\" class=\"yoast-schema-graph\">{\"@context\":\"https:\\\/\\\/schema.org\",\"@graph\":[{\"@type\":\"WebPage\",\"@id\":\"https:\\\/\\\/crocjeux.com\\\/index.php\\\/produit\\\/unlock-mythic-adventures-sortie-le-20-novembre\\\/\",\"url\":\"https:\\\/\\\/crocjeux.com\\\/index.php\\\/produit\\\/unlock-mythic-adventures-sortie-le-20-novembre\\\/\",\"name\":\"Unlock ! Mythic Adventures - Croc Jeux\",\"isPartOf\":{\"@id\":\"https:\\\/\\\/crocjeux.com\\\/#website\"},\"primaryImageOfPage\":{\"@id\":\"https:\\\/\\\/crocjeux.com\\\/index.php\\\/produit\\\/unlock-mythic-adventures-sortie-le-20-novembre\\\/#primaryimage\"},\"image\":{\"@id\":\"https:\\\/\\\/crocjeux.com\\\/index.php\\\/produit\\\/unlock-mythic-adventures-sortie-le-20-novembre\\\/#primaryimage\"},\"thumbnailUrl\":\"https:\\\/\\\/crocjeux.com\\\/wp-content\\\/uploads\\\/2020\\\/11\\\/unlock-8-mythic-adventures.jpg\",\"datePublished\":\"2020-11-13T16:40:08+00:00\",\"dateModified\":\"2023-02-02T15:42:04+00:00\",\"breadcrumb\":{\"@id\":\"https:\\\/\\\/crocjeux.com\\\/index.php\\\/produit\\\/unlock-mythic-adventures-sortie-le-20-novembre\\\/#breadcrumb\"},\"inLanguage\":\"fr-FR\",\"potentialAction\":[{\"@type\":\"ReadAction\",\"target\":[\"https:\\\/\\\/crocjeux.com\\\/index.php\\\/produit\\\/unlock-mythic-adventures-sortie-le-20-novembre\\\/\"]}]},{\"@type\":\"ImageObject\",\"inLanguage\":\"fr-FR\",\"@id\":\"https:\\\/\\\/crocjeux.com\\\/index.php\\\/produit\\\/unlock-mythic-adventures-sortie-le-20-novembre\\\/#primaryimage\",\"url\":\"https:\\\/\\\/crocjeux.com\\\/wp-content\\\/uploads\\\/2020\\\/11\\\/unlock-8-mythic-adventures.jpg\",\"contentUrl\":\"https:\\\/\\\/crocjeux.com\\\/wp-content\\\/uploads\\\/2020\\\/11\\\/unlock-8-mythic-adventures.jpg\",\"width\":343,\"height\":498},{\"@type\":\"BreadcrumbList\",\"@id\":\"https:\\\/\\\/crocjeux.com\\\/index.php\\\/produit\\\/unlock-mythic-adventures-sortie-le-20-novembre\\\/#breadcrumb\",\"itemListElement\":[{\"@type\":\"ListItem\",\"position\":1,\"name\":\"Accueil\",\"item\":\"https:\\\/\\\/crocjeux.com\\\/\"},{\"@type\":\"ListItem\",\"position\":2,\"name\":\"Boutique\",\"item\":\"https:\\\/\\\/crocjeux.com\\\/\"},{\"@type\":\"ListItem\",\"position\":3,\"name\":\"Unlock ! Mythic Adventures\"}]},{\"@type\":\"WebSite\",\"@id\":\"https:\\\/\\\/crocjeux.com\\\/#website\",\"url\":\"https:\\\/\\\/crocjeux.com\\\/\",\"name\":\"Croc Jeux\",\"description\":\"Bienvenue chez Croc Jeux!\",\"publisher\":{\"@id\":\"https:\\\/\\\/crocjeux.com\\\/#organization\"},\"potentialAction\":[{\"@type\":\"SearchAction\",\"target\":{\"@type\":\"EntryPoint\",\"urlTemplate\":\"https:\\\/\\\/crocjeux.com\\\/?s={search_term_string}\"},\"query-input\":{\"@type\":\"PropertyValueSpecification\",\"valueRequired\":true,\"valueName\":\"search_term_string\"}}],\"inLanguage\":\"fr-FR\"},{\"@type\":\"Organization\",\"@id\":\"https:\\\/\\\/crocjeux.com\\\/#organization\",\"name\":\"Croc Jeux\",\"url\":\"https:\\\/\\\/crocjeux.com\\\/\",\"logo\":{\"@type\":\"ImageObject\",\"inLanguage\":\"fr-FR\",\"@id\":\"https:\\\/\\\/crocjeux.com\\\/#\\\/schema\\\/logo\\\/image\\\/\",\"url\":\"https:\\\/\\\/crocjeux.com\\\/wp-content\\\/uploads\\\/2022\\\/01\\\/cropped-logo-croc-etape-1-e1644574034239.jpg\",\"contentUrl\":\"https:\\\/\\\/crocjeux.com\\\/wp-content\\\/uploads\\\/2022\\\/01\\\/cropped-logo-croc-etape-1-e1644574034239.jpg\",\"width\":1224,\"height\":314,\"caption\":\"Croc Jeux\"},\"image\":{\"@id\":\"https:\\\/\\\/crocjeux.com\\\/#\\\/schema\\\/logo\\\/image\\\/\"}}]}<\/script>\n<!-- \/ Yoast SEO plugin. -->","yoast_head_json":{"title":"Unlock ! Mythic Adventures - Croc Jeux","robots":{"index":"index","follow":"follow","max-snippet":"max-snippet:-1","max-image-preview":"max-image-preview:large","max-video-preview":"max-video-preview:-1"},"canonical":"https:\/\/crocjeux.com\/index.php\/produit\/unlock-mythic-adventures-sortie-le-20-novembre\/","og_locale":"fr_FR","og_type":"article","og_title":"Unlock ! Mythic Adventures - Croc Jeux","og_description":"Unlock 8 ! Mythic Adventures. Dans ce 8\u00e8me volet, Unlock ! vous propose de d\u00e9couvrir trois nouvelles \u00e9nigmes issues de trois univers diff\u00e9rents. Avec Unlock !, vivez l'exp\u00e9rience des escape rooms autour d'une table.","og_url":"https:\/\/crocjeux.com\/index.php\/produit\/unlock-mythic-adventures-sortie-le-20-novembre\/","og_site_name":"Croc Jeux","article_modified_time":"2023-02-02T15:42:04+00:00","og_image":[{"width":343,"height":498,"url":"https:\/\/crocjeux.com\/wp-content\/uploads\/2020\/11\/unlock-8-mythic-adventures.jpg","type":"image\/jpeg"}],"twitter_card":"summary_large_image","twitter_misc":{"Dur\u00e9e de lecture estim\u00e9e":"2 minutes"},"schema":{"@context":"https:\/\/schema.org","@graph":[{"@type":"WebPage","@id":"https:\/\/crocjeux.com\/index.php\/produit\/unlock-mythic-adventures-sortie-le-20-novembre\/","url":"https:\/\/crocjeux.com\/index.php\/produit\/unlock-mythic-adventures-sortie-le-20-novembre\/","name":"Unlock ! Mythic Adventures - Croc Jeux","isPartOf":{"@id":"https:\/\/crocjeux.com\/#website"},"primaryImageOfPage":{"@id":"https:\/\/crocjeux.com\/index.php\/produit\/unlock-mythic-adventures-sortie-le-20-novembre\/#primaryimage"},"image":{"@id":"https:\/\/crocjeux.com\/index.php\/produit\/unlock-mythic-adventures-sortie-le-20-novembre\/#primaryimage"},"thumbnailUrl":"https:\/\/crocjeux.com\/wp-content\/uploads\/2020\/11\/unlock-8-mythic-adventures.jpg","datePublished":"2020-11-13T16:40:08+00:00","dateModified":"2023-02-02T15:42:04+00:00","breadcrumb":{"@id":"https:\/\/crocjeux.com\/index.php\/produit\/unlock-mythic-adventures-sortie-le-20-novembre\/#breadcrumb"},"inLanguage":"fr-FR","potentialAction":[{"@type":"ReadAction","target":["https:\/\/crocjeux.com\/index.php\/produit\/unlock-mythic-adventures-sortie-le-20-novembre\/"]}]},{"@type":"ImageObject","inLanguage":"fr-FR","@id":"https:\/\/crocjeux.com\/index.php\/produit\/unlock-mythic-adventures-sortie-le-20-novembre\/#primaryimage","url":"https:\/\/crocjeux.com\/wp-content\/uploads\/2020\/11\/unlock-8-mythic-adventures.jpg","contentUrl":"https:\/\/crocjeux.com\/wp-content\/uploads\/2020\/11\/unlock-8-mythic-adventures.jpg","width":343,"height":498},{"@type":"BreadcrumbList","@id":"https:\/\/crocjeux.com\/index.php\/produit\/unlock-mythic-adventures-sortie-le-20-novembre\/#breadcrumb","itemListElement":[{"@type":"ListItem","position":1,"name":"Accueil","item":"https:\/\/crocjeux.com\/"},{"@type":"ListItem","position":2,"name":"Boutique","item":"https:\/\/crocjeux.com\/"},{"@type":"ListItem","position":3,"name":"Unlock ! Mythic Adventures"}]},{"@type":"WebSite","@id":"https:\/\/crocjeux.com\/#website","url":"https:\/\/crocjeux.com\/","name":"Croc Jeux","description":"Bienvenue chez Croc Jeux!","publisher":{"@id":"https:\/\/crocjeux.com\/#organization"},"potentialAction":[{"@type":"SearchAction","target":{"@type":"EntryPoint","urlTemplate":"https:\/\/crocjeux.com\/?s={search_term_string}"},"query-input":{"@type":"PropertyValueSpecification","valueRequired":true,"valueName":"search_term_string"}}],"inLanguage":"fr-FR"},{"@type":"Organization","@id":"https:\/\/crocjeux.com\/#organization","name":"Croc Jeux","url":"https:\/\/crocjeux.com\/","logo":{"@type":"ImageObject","inLanguage":"fr-FR","@id":"https:\/\/crocjeux.com\/#\/schema\/logo\/image\/","url":"https:\/\/crocjeux.com\/wp-content\/uploads\/2022\/01\/cropped-logo-croc-etape-1-e1644574034239.jpg","contentUrl":"https:\/\/crocjeux.com\/wp-content\/uploads\/2022\/01\/cropped-logo-croc-etape-1-e1644574034239.jpg","width":1224,"height":314,"caption":"Croc Jeux"},"image":{"@id":"https:\/\/crocjeux.com\/#\/schema\/logo\/image\/"}}]}},"_links":{"self":[{"href":"https:\/\/crocjeux.com\/index.php\/wp-json\/wp\/v2\/product\/730","targetHints":{"allow":["GET"]}}],"collection":[{"href":"https:\/\/crocjeux.com\/index.php\/wp-json\/wp\/v2\/product"}],"about":[{"href":"https:\/\/crocjeux.com\/index.php\/wp-json\/wp\/v2\/types\/product"}],"replies":[{"embeddable":true,"href":"https:\/\/crocjeux.com\/index.php\/wp-json\/wp\/v2\/comments?post=730"}],"wp:featuredmedia":[{"embeddable":true,"href":"https:\/\/crocjeux.com\/index.php\/wp-json\/wp\/v2\/media\/731"}],"wp:attachment":[{"href":"https:\/\/crocjeux.com\/index.php\/wp-json\/wp\/v2\/media?parent=730"}],"wp:term":[{"taxonomy":"product_brand","embeddable":true,"href":"https:\/\/crocjeux.com\/index.php\/wp-json\/wp\/v2\/product_brand?post=730"},{"taxonomy":"product_cat","embeddable":true,"href":"https:\/\/crocjeux.com\/index.php\/wp-json\/wp\/v2\/product_cat?post=730"},{"taxonomy":"product_tag","embeddable":true,"href":"https:\/\/crocjeux.com\/index.php\/wp-json\/wp\/v2\/product_tag?post=730"}],"curies":[{"name":"wp","href":"https:\/\/api.w.org\/{rel}","templated":true}]}}