{"id":7342,"date":"2025-12-09T18:16:37","date_gmt":"2025-12-09T17:16:37","guid":{"rendered":"https:\/\/crocjeux.com\/?post_type=product&#038;p=7342"},"modified":"2026-01-03T16:15:20","modified_gmt":"2026-01-03T15:15:20","slug":"micro-macro-puzzle-football","status":"publish","type":"product","link":"https:\/\/crocjeux.com\/index.php\/produit\/micro-macro-puzzle-football\/","title":{"rendered":"Micro Macro &#8211; Puzzle Football"},"content":{"rendered":"<section id=\"tab-description\" class=\"page-product-box r-tabs-panel r-tabs-state-active\">\n<div class=\"rte\">\n<h2>Un puzzle de 500 pi\u00e8ces et 2 enqu\u00eates \u00e0 \u00e9lucider !<\/h2>\n<div>Dans ce puzzle de 500 pi\u00e8ces, vous d\u00e9couvrirez le plan d\u00e9taill\u00e9e du quartier de MicroMacro Full House, offrant une vue d&rsquo;ensemble des rues et du stade de football. Mais ce n&rsquo;est pas tout !<\/div>\n<div><\/div>\n<div>Il y a plus de 40 \u00e9l\u00e9ments \u00e0 rep\u00e9rer sur la carte gr\u00e2ce \u00e0 un \u00ab\u00a0cherche et trouve\u00a0\u00bb.<\/div>\n<div><\/div>\n<div>Revivez l&rsquo;ambiance du match et ces myst\u00e8res en assemblant les pi\u00e8ces du puzzle.<\/div>\n<div><\/div>\n<div>Utilisez votre sens de l&rsquo;observation pour trouver les 40 \u00e9l\u00e9ments !<\/div>\n<\/div>\n<\/section>\n","protected":false},"excerpt":{"rendered":"<p>Un puzzle de 500 pi\u00e8ces et 2 enqu\u00eates \u00e0 \u00e9lucider ! Dans ce puzzle de 500 pi\u00e8ces, vous d\u00e9couvrirez le<\/p>\n","protected":false},"featured_media":7343,"comment_status":"open","ping_status":"closed","template":"","meta":{"colormag_page_container_layout":"default_layout","colormag_page_sidebar_layout":"default_layout"},"product_brand":[],"product_cat":[45,30,36,29],"product_tag":[],"class_list":{"0":"post-7342","1":"product","2":"type-product","3":"status-publish","4":"has-post-thumbnail","6":"product_cat-escape-room-escape-enquete","7":"product_cat-jeux-collaboratifs","8":"product_cat-jeux-familiaux","9":"product_cat-jeux-2-joueurs","11":"first","12":"instock","13":"taxable","14":"shipping-taxable","15":"purchasable","16":"product-type-simple"},"yoast_head":"<!-- This site is optimized with the Yoast SEO plugin v27.1.1 - https:\/\/yoast.com\/product\/yoast-seo-wordpress\/ -->\n<title>Micro Macro - Puzzle Football - Croc Jeux<\/title>\n<meta name=\"robots\" content=\"index, follow, max-snippet:-1, max-image-preview:large, max-video-preview:-1\" \/>\n<link rel=\"canonical\" href=\"https:\/\/crocjeux.com\/index.php\/produit\/micro-macro-puzzle-football\/\" \/>\n<meta property=\"og:locale\" content=\"fr_FR\" \/>\n<meta property=\"og:type\" content=\"article\" \/>\n<meta property=\"og:title\" content=\"Micro Macro - Puzzle Football - Croc Jeux\" \/>\n<meta property=\"og:description\" content=\"Un puzzle de 500 pi\u00e8ces et 2 enqu\u00eates \u00e0 \u00e9lucider ! Dans ce puzzle de 500 pi\u00e8ces, vous d\u00e9couvrirez le\" \/>\n<meta property=\"og:url\" content=\"https:\/\/crocjeux.com\/index.php\/produit\/micro-macro-puzzle-football\/\" \/>\n<meta property=\"og:site_name\" content=\"Croc Jeux\" \/>\n<meta property=\"article:modified_time\" content=\"2026-01-03T15:15:20+00:00\" \/>\n<meta property=\"og:image\" content=\"https:\/\/crocjeux.com\/wp-content\/uploads\/2025\/12\/micro-macro-puzzle-football-500-pieces.jpg\" \/>\n\t<meta property=\"og:image:width\" content=\"1024\" \/>\n\t<meta property=\"og:image:height\" content=\"1024\" \/>\n\t<meta property=\"og:image:type\" content=\"image\/jpeg\" \/>\n<meta name=\"twitter:card\" content=\"summary_large_image\" \/>\n<meta name=\"twitter:label1\" content=\"Dur\u00e9e de lecture estim\u00e9e\" \/>\n\t<meta name=\"twitter:data1\" content=\"1 minute\" \/>\n<script type=\"application\/ld+json\" class=\"yoast-schema-graph\">{\"@context\":\"https:\/\/schema.org\",\"@graph\":[{\"@type\":\"WebPage\",\"@id\":\"https:\/\/crocjeux.com\/index.php\/produit\/micro-macro-puzzle-football\/\",\"url\":\"https:\/\/crocjeux.com\/index.php\/produit\/micro-macro-puzzle-football\/\",\"name\":\"Micro Macro - Puzzle Football - Croc Jeux\",\"isPartOf\":{\"@id\":\"https:\/\/crocjeux.com\/#website\"},\"primaryImageOfPage\":{\"@id\":\"https:\/\/crocjeux.com\/index.php\/produit\/micro-macro-puzzle-football\/#primaryimage\"},\"image\":{\"@id\":\"https:\/\/crocjeux.com\/index.php\/produit\/micro-macro-puzzle-football\/#primaryimage\"},\"thumbnailUrl\":\"https:\/\/crocjeux.com\/wp-content\/uploads\/2025\/12\/micro-macro-puzzle-football-500-pieces.jpg\",\"datePublished\":\"2025-12-09T17:16:37+00:00\",\"dateModified\":\"2026-01-03T15:15:20+00:00\",\"breadcrumb\":{\"@id\":\"https:\/\/crocjeux.com\/index.php\/produit\/micro-macro-puzzle-football\/#breadcrumb\"},\"inLanguage\":\"fr-FR\",\"potentialAction\":[{\"@type\":\"ReadAction\",\"target\":[\"https:\/\/crocjeux.com\/index.php\/produit\/micro-macro-puzzle-football\/\"]}]},{\"@type\":\"ImageObject\",\"inLanguage\":\"fr-FR\",\"@id\":\"https:\/\/crocjeux.com\/index.php\/produit\/micro-macro-puzzle-football\/#primaryimage\",\"url\":\"https:\/\/crocjeux.com\/wp-content\/uploads\/2025\/12\/micro-macro-puzzle-football-500-pieces.jpg\",\"contentUrl\":\"https:\/\/crocjeux.com\/wp-content\/uploads\/2025\/12\/micro-macro-puzzle-football-500-pieces.jpg\",\"width\":1024,\"height\":1024},{\"@type\":\"BreadcrumbList\",\"@id\":\"https:\/\/crocjeux.com\/index.php\/produit\/micro-macro-puzzle-football\/#breadcrumb\",\"itemListElement\":[{\"@type\":\"ListItem\",\"position\":1,\"name\":\"Accueil\",\"item\":\"https:\/\/crocjeux.com\/\"},{\"@type\":\"ListItem\",\"position\":2,\"name\":\"Boutique\",\"item\":\"https:\/\/crocjeux.com\/\"},{\"@type\":\"ListItem\",\"position\":3,\"name\":\"Micro Macro &#8211; Puzzle Football\"}]},{\"@type\":\"WebSite\",\"@id\":\"https:\/\/crocjeux.com\/#website\",\"url\":\"https:\/\/crocjeux.com\/\",\"name\":\"Croc Jeux\",\"description\":\"Bienvenue chez Croc Jeux!\",\"publisher\":{\"@id\":\"https:\/\/crocjeux.com\/#organization\"},\"potentialAction\":[{\"@type\":\"SearchAction\",\"target\":{\"@type\":\"EntryPoint\",\"urlTemplate\":\"https:\/\/crocjeux.com\/?s={search_term_string}\"},\"query-input\":{\"@type\":\"PropertyValueSpecification\",\"valueRequired\":true,\"valueName\":\"search_term_string\"}}],\"inLanguage\":\"fr-FR\"},{\"@type\":\"Organization\",\"@id\":\"https:\/\/crocjeux.com\/#organization\",\"name\":\"Croc Jeux\",\"url\":\"https:\/\/crocjeux.com\/\",\"logo\":{\"@type\":\"ImageObject\",\"inLanguage\":\"fr-FR\",\"@id\":\"https:\/\/crocjeux.com\/#\/schema\/logo\/image\/\",\"url\":\"https:\/\/crocjeux.com\/wp-content\/uploads\/2022\/01\/cropped-logo-croc-etape-1-e1644574034239.jpg\",\"contentUrl\":\"https:\/\/crocjeux.com\/wp-content\/uploads\/2022\/01\/cropped-logo-croc-etape-1-e1644574034239.jpg\",\"width\":1224,\"height\":314,\"caption\":\"Croc Jeux\"},\"image\":{\"@id\":\"https:\/\/crocjeux.com\/#\/schema\/logo\/image\/\"}}]}<\/script>\n<!-- \/ Yoast SEO plugin. -->","yoast_head_json":{"title":"Micro Macro - Puzzle Football - Croc Jeux","robots":{"index":"index","follow":"follow","max-snippet":"max-snippet:-1","max-image-preview":"max-image-preview:large","max-video-preview":"max-video-preview:-1"},"canonical":"https:\/\/crocjeux.com\/index.php\/produit\/micro-macro-puzzle-football\/","og_locale":"fr_FR","og_type":"article","og_title":"Micro Macro - Puzzle Football - Croc Jeux","og_description":"Un puzzle de 500 pi\u00e8ces et 2 enqu\u00eates \u00e0 \u00e9lucider ! Dans ce puzzle de 500 pi\u00e8ces, vous d\u00e9couvrirez le","og_url":"https:\/\/crocjeux.com\/index.php\/produit\/micro-macro-puzzle-football\/","og_site_name":"Croc Jeux","article_modified_time":"2026-01-03T15:15:20+00:00","og_image":[{"width":1024,"height":1024,"url":"https:\/\/crocjeux.com\/wp-content\/uploads\/2025\/12\/micro-macro-puzzle-football-500-pieces.jpg","type":"image\/jpeg"}],"twitter_card":"summary_large_image","twitter_misc":{"Dur\u00e9e de lecture estim\u00e9e":"1 minute"},"schema":{"@context":"https:\/\/schema.org","@graph":[{"@type":"WebPage","@id":"https:\/\/crocjeux.com\/index.php\/produit\/micro-macro-puzzle-football\/","url":"https:\/\/crocjeux.com\/index.php\/produit\/micro-macro-puzzle-football\/","name":"Micro Macro - Puzzle Football - Croc Jeux","isPartOf":{"@id":"https:\/\/crocjeux.com\/#website"},"primaryImageOfPage":{"@id":"https:\/\/crocjeux.com\/index.php\/produit\/micro-macro-puzzle-football\/#primaryimage"},"image":{"@id":"https:\/\/crocjeux.com\/index.php\/produit\/micro-macro-puzzle-football\/#primaryimage"},"thumbnailUrl":"https:\/\/crocjeux.com\/wp-content\/uploads\/2025\/12\/micro-macro-puzzle-football-500-pieces.jpg","datePublished":"2025-12-09T17:16:37+00:00","dateModified":"2026-01-03T15:15:20+00:00","breadcrumb":{"@id":"https:\/\/crocjeux.com\/index.php\/produit\/micro-macro-puzzle-football\/#breadcrumb"},"inLanguage":"fr-FR","potentialAction":[{"@type":"ReadAction","target":["https:\/\/crocjeux.com\/index.php\/produit\/micro-macro-puzzle-football\/"]}]},{"@type":"ImageObject","inLanguage":"fr-FR","@id":"https:\/\/crocjeux.com\/index.php\/produit\/micro-macro-puzzle-football\/#primaryimage","url":"https:\/\/crocjeux.com\/wp-content\/uploads\/2025\/12\/micro-macro-puzzle-football-500-pieces.jpg","contentUrl":"https:\/\/crocjeux.com\/wp-content\/uploads\/2025\/12\/micro-macro-puzzle-football-500-pieces.jpg","width":1024,"height":1024},{"@type":"BreadcrumbList","@id":"https:\/\/crocjeux.com\/index.php\/produit\/micro-macro-puzzle-football\/#breadcrumb","itemListElement":[{"@type":"ListItem","position":1,"name":"Accueil","item":"https:\/\/crocjeux.com\/"},{"@type":"ListItem","position":2,"name":"Boutique","item":"https:\/\/crocjeux.com\/"},{"@type":"ListItem","position":3,"name":"Micro Macro &#8211; Puzzle Football"}]},{"@type":"WebSite","@id":"https:\/\/crocjeux.com\/#website","url":"https:\/\/crocjeux.com\/","name":"Croc Jeux","description":"Bienvenue chez Croc Jeux!","publisher":{"@id":"https:\/\/crocjeux.com\/#organization"},"potentialAction":[{"@type":"SearchAction","target":{"@type":"EntryPoint","urlTemplate":"https:\/\/crocjeux.com\/?s={search_term_string}"},"query-input":{"@type":"PropertyValueSpecification","valueRequired":true,"valueName":"search_term_string"}}],"inLanguage":"fr-FR"},{"@type":"Organization","@id":"https:\/\/crocjeux.com\/#organization","name":"Croc Jeux","url":"https:\/\/crocjeux.com\/","logo":{"@type":"ImageObject","inLanguage":"fr-FR","@id":"https:\/\/crocjeux.com\/#\/schema\/logo\/image\/","url":"https:\/\/crocjeux.com\/wp-content\/uploads\/2022\/01\/cropped-logo-croc-etape-1-e1644574034239.jpg","contentUrl":"https:\/\/crocjeux.com\/wp-content\/uploads\/2022\/01\/cropped-logo-croc-etape-1-e1644574034239.jpg","width":1224,"height":314,"caption":"Croc Jeux"},"image":{"@id":"https:\/\/crocjeux.com\/#\/schema\/logo\/image\/"}}]}},"_links":{"self":[{"href":"https:\/\/crocjeux.com\/index.php\/wp-json\/wp\/v2\/product\/7342","targetHints":{"allow":["GET"]}}],"collection":[{"href":"https:\/\/crocjeux.com\/index.php\/wp-json\/wp\/v2\/product"}],"about":[{"href":"https:\/\/crocjeux.com\/index.php\/wp-json\/wp\/v2\/types\/product"}],"replies":[{"embeddable":true,"href":"https:\/\/crocjeux.com\/index.php\/wp-json\/wp\/v2\/comments?post=7342"}],"wp:featuredmedia":[{"embeddable":true,"href":"https:\/\/crocjeux.com\/index.php\/wp-json\/wp\/v2\/media\/7343"}],"wp:attachment":[{"href":"https:\/\/crocjeux.com\/index.php\/wp-json\/wp\/v2\/media?parent=7342"}],"wp:term":[{"taxonomy":"product_brand","embeddable":true,"href":"https:\/\/crocjeux.com\/index.php\/wp-json\/wp\/v2\/product_brand?post=7342"},{"taxonomy":"product_cat","embeddable":true,"href":"https:\/\/crocjeux.com\/index.php\/wp-json\/wp\/v2\/product_cat?post=7342"},{"taxonomy":"product_tag","embeddable":true,"href":"https:\/\/crocjeux.com\/index.php\/wp-json\/wp\/v2\/product_tag?post=7342"}],"curies":[{"name":"wp","href":"https:\/\/api.w.org\/{rel}","templated":true}]}}