{"id":7344,"date":"2025-12-09T18:20:08","date_gmt":"2025-12-09T17:20:08","guid":{"rendered":"https:\/\/crocjeux.com\/?post_type=product&#038;p=7344"},"modified":"2025-12-09T18:22:08","modified_gmt":"2025-12-09T17:22:08","slug":"cartaventura-mexica","status":"publish","type":"product","link":"https:\/\/crocjeux.com\/index.php\/produit\/cartaventura-mexica\/","title":{"rendered":"Cartaventura Mexica"},"content":{"rendered":"<section id=\"tab-description\" class=\"page-product-box r-tabs-panel r-tabs-state-active\">\n<div class=\"rte\">\n<div>\n<h2>1519, Veracruz. Vous \u00eates Malinalli, une jeune femme arrach\u00e9e \u00e0 son peuple pour servir les conquistadors.<\/h2>\n<p>Vous n&rsquo;avez qu&rsquo;une id\u00e9e en t\u00eate, \u00e9chapper \u00e0 votre statut d&rsquo;esclave et retourner dans votre village natal&#8230; Votre aptitude \u00e0 ma\u00eetriser de nouvelles langues finit par s\u00e9duire Cort\u00e8s lui-m\u00eame, qui per\u00e7oit en vous un atout pr\u00e9cieux dans sa soif de conqu\u00eates. Pour parvenir \u00e0 vos fins, choisirez-vous de le servir au risque de trahir vos origines ?<\/p>\n<\/div>\n<div>Cartaventura propose des aventures narratives qui transportent les joueurs dans diff\u00e9rents lieux et \u00e9poques de l\u2019histoire &#8211; chacune retranscrite avec qualit\u00e9 et fid\u00e9lit\u00e9 &#8211; sur les traces de grandes figures parfois m\u00e9connues. Les joueurs sont v\u00e9ritablement immerg\u00e9s dans l\u2019Histoire gr\u00e2ce \u00e0 des sc\u00e9narios riches et de magnifiques illustrations \u00e0 l\u2019aquarelle, en hommage aux carnets de voyage.<\/div>\n<div><\/div>\n<div>Un livret historique, r\u00e9dig\u00e9 avec l&rsquo;aide de sp\u00e9cialistes, offre par ailleurs un compl\u00e9ment d\u2019information \u00e0 chaque sc\u00e9nario.<\/div>\n<div><\/div>\n<div>Le syst\u00e8me de jeu de Cartaventura, simple et in\u00e9dit permet de rejouer chaque sc\u00e9nario plusieurs fois afin de d\u00e9couvrir toutes les fins possibles (5 fins diff\u00e9rentes par sc\u00e9nario). Il n&rsquo;y a aucun livret de r\u00e8gles, toutes les instructions sont directement indiqu\u00e9es sur les cartes !<\/div>\n<div><\/div>\n<div>Contenu:<\/div>\n<ul>\n<li>70 cartes<\/li>\n<li>1 livret historique<\/li>\n<\/ul>\n<\/div>\n<\/section>\n","protected":false},"excerpt":{"rendered":"<p>Cartaventura est une collection d&rsquo;aventures historiques au format poche, fa\u00e7on \u00ab\u00a0Livre dont vous \u00eates le h\u00e9ros\u00a0\u00bb. \u00c0 l&rsquo;aide de cartes qui proposent diff\u00e9rentes options, voyagez, explorez et faites les bonnes rencontres afin d\u2019offrir la meilleure fin possible au h\u00e9ros que vous incarnez.<\/p>\n","protected":false},"featured_media":7345,"comment_status":"open","ping_status":"closed","template":"","meta":{"colormag_page_container_layout":"default_layout","colormag_page_sidebar_layout":"default_layout"},"product_brand":[],"product_cat":[32],"product_tag":[],"class_list":{"0":"post-7344","1":"product","2":"type-product","3":"status-publish","4":"has-post-thumbnail","6":"product_cat-jeux-de-cartes","8":"first","9":"instock","10":"taxable","11":"shipping-taxable","12":"purchasable","13":"product-type-simple"},"yoast_head":"<!-- This site is optimized with the Yoast SEO plugin v27.1.1 - https:\/\/yoast.com\/product\/yoast-seo-wordpress\/ -->\n<title>Cartaventura Mexica - Croc Jeux<\/title>\n<meta name=\"description\" content=\"Dans Cartaventura Versailles, incarnez Julie d\u2019Aubigny du temps de la splendeur de Louis XIV en 1687.\" \/>\n<meta name=\"robots\" content=\"index, follow, max-snippet:-1, max-image-preview:large, max-video-preview:-1\" \/>\n<link rel=\"canonical\" href=\"https:\/\/crocjeux.com\/index.php\/produit\/cartaventura-mexica\/\" \/>\n<meta property=\"og:locale\" content=\"fr_FR\" \/>\n<meta property=\"og:type\" content=\"article\" \/>\n<meta property=\"og:title\" content=\"Cartaventura Mexica - Croc Jeux\" \/>\n<meta property=\"og:description\" content=\"Dans Cartaventura Versailles, incarnez Julie d\u2019Aubigny du temps de la splendeur de Louis XIV en 1687.\" \/>\n<meta property=\"og:url\" content=\"https:\/\/crocjeux.com\/index.php\/produit\/cartaventura-mexica\/\" \/>\n<meta property=\"og:site_name\" content=\"Croc Jeux\" \/>\n<meta property=\"article:modified_time\" content=\"2025-12-09T17:22:08+00:00\" \/>\n<meta property=\"og:image\" content=\"https:\/\/crocjeux.com\/wp-content\/uploads\/2025\/12\/cartaventura-mexica.jpg\" \/>\n\t<meta property=\"og:image:width\" content=\"1024\" \/>\n\t<meta property=\"og:image:height\" content=\"1024\" \/>\n\t<meta property=\"og:image:type\" content=\"image\/jpeg\" \/>\n<meta name=\"twitter:card\" content=\"summary_large_image\" \/>\n<meta name=\"twitter:label1\" content=\"Dur\u00e9e de lecture estim\u00e9e\" \/>\n\t<meta name=\"twitter:data1\" content=\"2 minutes\" \/>\n<script type=\"application\/ld+json\" class=\"yoast-schema-graph\">{\"@context\":\"https:\/\/schema.org\",\"@graph\":[{\"@type\":\"WebPage\",\"@id\":\"https:\/\/crocjeux.com\/index.php\/produit\/cartaventura-mexica\/\",\"url\":\"https:\/\/crocjeux.com\/index.php\/produit\/cartaventura-mexica\/\",\"name\":\"Cartaventura Mexica - Croc Jeux\",\"isPartOf\":{\"@id\":\"https:\/\/crocjeux.com\/#website\"},\"primaryImageOfPage\":{\"@id\":\"https:\/\/crocjeux.com\/index.php\/produit\/cartaventura-mexica\/#primaryimage\"},\"image\":{\"@id\":\"https:\/\/crocjeux.com\/index.php\/produit\/cartaventura-mexica\/#primaryimage\"},\"thumbnailUrl\":\"https:\/\/crocjeux.com\/wp-content\/uploads\/2025\/12\/cartaventura-mexica.jpg\",\"datePublished\":\"2025-12-09T17:20:08+00:00\",\"dateModified\":\"2025-12-09T17:22:08+00:00\",\"description\":\"Dans Cartaventura Versailles, incarnez Julie d\u2019Aubigny du temps de la splendeur de Louis XIV en 1687.\",\"breadcrumb\":{\"@id\":\"https:\/\/crocjeux.com\/index.php\/produit\/cartaventura-mexica\/#breadcrumb\"},\"inLanguage\":\"fr-FR\",\"potentialAction\":[{\"@type\":\"ReadAction\",\"target\":[\"https:\/\/crocjeux.com\/index.php\/produit\/cartaventura-mexica\/\"]}]},{\"@type\":\"ImageObject\",\"inLanguage\":\"fr-FR\",\"@id\":\"https:\/\/crocjeux.com\/index.php\/produit\/cartaventura-mexica\/#primaryimage\",\"url\":\"https:\/\/crocjeux.com\/wp-content\/uploads\/2025\/12\/cartaventura-mexica.jpg\",\"contentUrl\":\"https:\/\/crocjeux.com\/wp-content\/uploads\/2025\/12\/cartaventura-mexica.jpg\",\"width\":1024,\"height\":1024},{\"@type\":\"BreadcrumbList\",\"@id\":\"https:\/\/crocjeux.com\/index.php\/produit\/cartaventura-mexica\/#breadcrumb\",\"itemListElement\":[{\"@type\":\"ListItem\",\"position\":1,\"name\":\"Accueil\",\"item\":\"https:\/\/crocjeux.com\/\"},{\"@type\":\"ListItem\",\"position\":2,\"name\":\"Boutique\",\"item\":\"https:\/\/crocjeux.com\/\"},{\"@type\":\"ListItem\",\"position\":3,\"name\":\"Cartaventura Mexica\"}]},{\"@type\":\"WebSite\",\"@id\":\"https:\/\/crocjeux.com\/#website\",\"url\":\"https:\/\/crocjeux.com\/\",\"name\":\"Croc Jeux\",\"description\":\"Bienvenue chez Croc Jeux!\",\"publisher\":{\"@id\":\"https:\/\/crocjeux.com\/#organization\"},\"potentialAction\":[{\"@type\":\"SearchAction\",\"target\":{\"@type\":\"EntryPoint\",\"urlTemplate\":\"https:\/\/crocjeux.com\/?s={search_term_string}\"},\"query-input\":{\"@type\":\"PropertyValueSpecification\",\"valueRequired\":true,\"valueName\":\"search_term_string\"}}],\"inLanguage\":\"fr-FR\"},{\"@type\":\"Organization\",\"@id\":\"https:\/\/crocjeux.com\/#organization\",\"name\":\"Croc Jeux\",\"url\":\"https:\/\/crocjeux.com\/\",\"logo\":{\"@type\":\"ImageObject\",\"inLanguage\":\"fr-FR\",\"@id\":\"https:\/\/crocjeux.com\/#\/schema\/logo\/image\/\",\"url\":\"https:\/\/crocjeux.com\/wp-content\/uploads\/2022\/01\/cropped-logo-croc-etape-1-e1644574034239.jpg\",\"contentUrl\":\"https:\/\/crocjeux.com\/wp-content\/uploads\/2022\/01\/cropped-logo-croc-etape-1-e1644574034239.jpg\",\"width\":1224,\"height\":314,\"caption\":\"Croc Jeux\"},\"image\":{\"@id\":\"https:\/\/crocjeux.com\/#\/schema\/logo\/image\/\"}}]}<\/script>\n<!-- \/ Yoast SEO plugin. -->","yoast_head_json":{"title":"Cartaventura Mexica - Croc Jeux","description":"Dans Cartaventura Versailles, incarnez Julie d\u2019Aubigny du temps de la splendeur de Louis XIV en 1687.","robots":{"index":"index","follow":"follow","max-snippet":"max-snippet:-1","max-image-preview":"max-image-preview:large","max-video-preview":"max-video-preview:-1"},"canonical":"https:\/\/crocjeux.com\/index.php\/produit\/cartaventura-mexica\/","og_locale":"fr_FR","og_type":"article","og_title":"Cartaventura Mexica - Croc Jeux","og_description":"Dans Cartaventura Versailles, incarnez Julie d\u2019Aubigny du temps de la splendeur de Louis XIV en 1687.","og_url":"https:\/\/crocjeux.com\/index.php\/produit\/cartaventura-mexica\/","og_site_name":"Croc Jeux","article_modified_time":"2025-12-09T17:22:08+00:00","og_image":[{"width":1024,"height":1024,"url":"https:\/\/crocjeux.com\/wp-content\/uploads\/2025\/12\/cartaventura-mexica.jpg","type":"image\/jpeg"}],"twitter_card":"summary_large_image","twitter_misc":{"Dur\u00e9e de lecture estim\u00e9e":"2 minutes"},"schema":{"@context":"https:\/\/schema.org","@graph":[{"@type":"WebPage","@id":"https:\/\/crocjeux.com\/index.php\/produit\/cartaventura-mexica\/","url":"https:\/\/crocjeux.com\/index.php\/produit\/cartaventura-mexica\/","name":"Cartaventura Mexica - Croc Jeux","isPartOf":{"@id":"https:\/\/crocjeux.com\/#website"},"primaryImageOfPage":{"@id":"https:\/\/crocjeux.com\/index.php\/produit\/cartaventura-mexica\/#primaryimage"},"image":{"@id":"https:\/\/crocjeux.com\/index.php\/produit\/cartaventura-mexica\/#primaryimage"},"thumbnailUrl":"https:\/\/crocjeux.com\/wp-content\/uploads\/2025\/12\/cartaventura-mexica.jpg","datePublished":"2025-12-09T17:20:08+00:00","dateModified":"2025-12-09T17:22:08+00:00","description":"Dans Cartaventura Versailles, incarnez Julie d\u2019Aubigny du temps de la splendeur de Louis XIV en 1687.","breadcrumb":{"@id":"https:\/\/crocjeux.com\/index.php\/produit\/cartaventura-mexica\/#breadcrumb"},"inLanguage":"fr-FR","potentialAction":[{"@type":"ReadAction","target":["https:\/\/crocjeux.com\/index.php\/produit\/cartaventura-mexica\/"]}]},{"@type":"ImageObject","inLanguage":"fr-FR","@id":"https:\/\/crocjeux.com\/index.php\/produit\/cartaventura-mexica\/#primaryimage","url":"https:\/\/crocjeux.com\/wp-content\/uploads\/2025\/12\/cartaventura-mexica.jpg","contentUrl":"https:\/\/crocjeux.com\/wp-content\/uploads\/2025\/12\/cartaventura-mexica.jpg","width":1024,"height":1024},{"@type":"BreadcrumbList","@id":"https:\/\/crocjeux.com\/index.php\/produit\/cartaventura-mexica\/#breadcrumb","itemListElement":[{"@type":"ListItem","position":1,"name":"Accueil","item":"https:\/\/crocjeux.com\/"},{"@type":"ListItem","position":2,"name":"Boutique","item":"https:\/\/crocjeux.com\/"},{"@type":"ListItem","position":3,"name":"Cartaventura Mexica"}]},{"@type":"WebSite","@id":"https:\/\/crocjeux.com\/#website","url":"https:\/\/crocjeux.com\/","name":"Croc Jeux","description":"Bienvenue chez Croc Jeux!","publisher":{"@id":"https:\/\/crocjeux.com\/#organization"},"potentialAction":[{"@type":"SearchAction","target":{"@type":"EntryPoint","urlTemplate":"https:\/\/crocjeux.com\/?s={search_term_string}"},"query-input":{"@type":"PropertyValueSpecification","valueRequired":true,"valueName":"search_term_string"}}],"inLanguage":"fr-FR"},{"@type":"Organization","@id":"https:\/\/crocjeux.com\/#organization","name":"Croc Jeux","url":"https:\/\/crocjeux.com\/","logo":{"@type":"ImageObject","inLanguage":"fr-FR","@id":"https:\/\/crocjeux.com\/#\/schema\/logo\/image\/","url":"https:\/\/crocjeux.com\/wp-content\/uploads\/2022\/01\/cropped-logo-croc-etape-1-e1644574034239.jpg","contentUrl":"https:\/\/crocjeux.com\/wp-content\/uploads\/2022\/01\/cropped-logo-croc-etape-1-e1644574034239.jpg","width":1224,"height":314,"caption":"Croc Jeux"},"image":{"@id":"https:\/\/crocjeux.com\/#\/schema\/logo\/image\/"}}]}},"_links":{"self":[{"href":"https:\/\/crocjeux.com\/index.php\/wp-json\/wp\/v2\/product\/7344","targetHints":{"allow":["GET"]}}],"collection":[{"href":"https:\/\/crocjeux.com\/index.php\/wp-json\/wp\/v2\/product"}],"about":[{"href":"https:\/\/crocjeux.com\/index.php\/wp-json\/wp\/v2\/types\/product"}],"replies":[{"embeddable":true,"href":"https:\/\/crocjeux.com\/index.php\/wp-json\/wp\/v2\/comments?post=7344"}],"wp:featuredmedia":[{"embeddable":true,"href":"https:\/\/crocjeux.com\/index.php\/wp-json\/wp\/v2\/media\/7345"}],"wp:attachment":[{"href":"https:\/\/crocjeux.com\/index.php\/wp-json\/wp\/v2\/media?parent=7344"}],"wp:term":[{"taxonomy":"product_brand","embeddable":true,"href":"https:\/\/crocjeux.com\/index.php\/wp-json\/wp\/v2\/product_brand?post=7344"},{"taxonomy":"product_cat","embeddable":true,"href":"https:\/\/crocjeux.com\/index.php\/wp-json\/wp\/v2\/product_cat?post=7344"},{"taxonomy":"product_tag","embeddable":true,"href":"https:\/\/crocjeux.com\/index.php\/wp-json\/wp\/v2\/product_tag?post=7344"}],"curies":[{"name":"wp","href":"https:\/\/api.w.org\/{rel}","templated":true}]}}