{"id":7370,"date":"2025-12-16T18:06:41","date_gmt":"2025-12-16T17:06:41","guid":{"rendered":"https:\/\/crocjeux.com\/?post_type=product&#038;p=7370"},"modified":"2026-01-03T17:50:29","modified_gmt":"2026-01-03T16:50:29","slug":"fromage","status":"publish","type":"product","link":"https:\/\/crocjeux.com\/index.php\/produit\/fromage\/","title":{"rendered":"Fromage"},"content":{"rendered":"<section id=\"tab-description\" class=\"page-product-box r-tabs-panel r-tabs-state-active\">\n<div class=\"rte\">\n<h2>Fromage, un jeu de placement d&rsquo;ouvrier qui se bonifie avec le temps<\/h2>\n<p>Vous \u00eates un fromager fran\u00e7ais du d\u00e9but du XXe si\u00e8cle, sp\u00e9cialis\u00e9 dans la fabrication, l\u2019affinage et la vente de fromages artisanaux. Devenez le fromager le plus prestigieux de France en dirigeant une cr\u00e9merie prosp\u00e8re et en \u00e9laborant des fromages d\u2019exception.<\/p>\n<div><\/div>\n<div>Fromage est un jeu de placement d\u2019ouvriers simultan\u00e9, o\u00f9 les joueurs placent leurs Ouvriers pour produire du fromage et r\u00e9colter des ressources dans le quart du plateau qui leur fait face. Une fois tous les Ouvriers plac\u00e9s, le plateau tourne, ce qui fait vieillir les fromages produits et pr\u00e9sente \u00e0 chaque joueur un nouveau quart de plateau pour leurs prochaines actions.<\/div>\n<div><\/div>\n<div>Gagnez des Points de Prestige en vendant vos fromages aux quatre destinations du march\u00e9, et en g\u00e9rant et am\u00e9liorant efficacement votre cr\u00e9merie.<\/div>\n<\/div>\n<\/section>\n","protected":false},"excerpt":{"rendered":"<p>Fromage est un jeu de placement d\u2019ouvriers qui vous met dans la peau d&rsquo;un fromager fran\u00e7ais.<\/p>\n","protected":false},"featured_media":7371,"comment_status":"open","ping_status":"closed","template":"","meta":{"colormag_page_container_layout":"default_layout","colormag_page_sidebar_layout":"default_layout"},"product_brand":[],"product_cat":[169,18,29],"product_tag":[],"class_list":{"0":"post-7370","1":"product","2":"type-product","3":"status-publish","4":"has-post-thumbnail","6":"product_cat-jeu-de-plateau","7":"product_cat-jeux-de-strategie","8":"product_cat-jeux-2-joueurs","10":"first","11":"outofstock","12":"taxable","13":"shipping-taxable","14":"purchasable","15":"product-type-simple"},"yoast_head":"<!-- This site is optimized with the Yoast SEO plugin v27.1.1 - https:\/\/yoast.com\/product\/yoast-seo-wordpress\/ -->\n<title>Fromage - Croc Jeux<\/title>\n<meta name=\"robots\" content=\"index, follow, max-snippet:-1, max-image-preview:large, max-video-preview:-1\" \/>\n<link rel=\"canonical\" href=\"https:\/\/crocjeux.com\/index.php\/produit\/fromage\/\" \/>\n<meta property=\"og:locale\" content=\"fr_FR\" \/>\n<meta property=\"og:type\" content=\"article\" \/>\n<meta property=\"og:title\" content=\"Fromage - Croc Jeux\" \/>\n<meta property=\"og:description\" content=\"Fromage est un jeu de placement d\u2019ouvriers qui vous met dans la peau d&#039;un fromager fran\u00e7ais.\" \/>\n<meta property=\"og:url\" content=\"https:\/\/crocjeux.com\/index.php\/produit\/fromage\/\" \/>\n<meta property=\"og:site_name\" content=\"Croc Jeux\" \/>\n<meta property=\"article:modified_time\" content=\"2026-01-03T16:50:29+00:00\" \/>\n<meta property=\"og:image\" content=\"https:\/\/crocjeux.com\/wp-content\/uploads\/2025\/12\/fromage-1024x1024.png\" \/>\n\t<meta property=\"og:image:width\" content=\"1024\" \/>\n\t<meta property=\"og:image:height\" content=\"1024\" \/>\n\t<meta property=\"og:image:type\" content=\"image\/png\" \/>\n<meta name=\"twitter:card\" content=\"summary_large_image\" \/>\n<meta name=\"twitter:label1\" content=\"Dur\u00e9e de lecture estim\u00e9e\" \/>\n\t<meta name=\"twitter:data1\" content=\"1 minute\" \/>\n<script type=\"application\/ld+json\" class=\"yoast-schema-graph\">{\"@context\":\"https:\/\/schema.org\",\"@graph\":[{\"@type\":\"WebPage\",\"@id\":\"https:\/\/crocjeux.com\/index.php\/produit\/fromage\/\",\"url\":\"https:\/\/crocjeux.com\/index.php\/produit\/fromage\/\",\"name\":\"Fromage - Croc Jeux\",\"isPartOf\":{\"@id\":\"https:\/\/crocjeux.com\/#website\"},\"primaryImageOfPage\":{\"@id\":\"https:\/\/crocjeux.com\/index.php\/produit\/fromage\/#primaryimage\"},\"image\":{\"@id\":\"https:\/\/crocjeux.com\/index.php\/produit\/fromage\/#primaryimage\"},\"thumbnailUrl\":\"https:\/\/crocjeux.com\/wp-content\/uploads\/2025\/12\/fromage.png\",\"datePublished\":\"2025-12-16T17:06:41+00:00\",\"dateModified\":\"2026-01-03T16:50:29+00:00\",\"breadcrumb\":{\"@id\":\"https:\/\/crocjeux.com\/index.php\/produit\/fromage\/#breadcrumb\"},\"inLanguage\":\"fr-FR\",\"potentialAction\":[{\"@type\":\"ReadAction\",\"target\":[\"https:\/\/crocjeux.com\/index.php\/produit\/fromage\/\"]}]},{\"@type\":\"ImageObject\",\"inLanguage\":\"fr-FR\",\"@id\":\"https:\/\/crocjeux.com\/index.php\/produit\/fromage\/#primaryimage\",\"url\":\"https:\/\/crocjeux.com\/wp-content\/uploads\/2025\/12\/fromage.png\",\"contentUrl\":\"https:\/\/crocjeux.com\/wp-content\/uploads\/2025\/12\/fromage.png\",\"width\":1200,\"height\":1200},{\"@type\":\"BreadcrumbList\",\"@id\":\"https:\/\/crocjeux.com\/index.php\/produit\/fromage\/#breadcrumb\",\"itemListElement\":[{\"@type\":\"ListItem\",\"position\":1,\"name\":\"Accueil\",\"item\":\"https:\/\/crocjeux.com\/\"},{\"@type\":\"ListItem\",\"position\":2,\"name\":\"Boutique\",\"item\":\"https:\/\/crocjeux.com\/\"},{\"@type\":\"ListItem\",\"position\":3,\"name\":\"Fromage\"}]},{\"@type\":\"WebSite\",\"@id\":\"https:\/\/crocjeux.com\/#website\",\"url\":\"https:\/\/crocjeux.com\/\",\"name\":\"Croc Jeux\",\"description\":\"Bienvenue chez Croc Jeux!\",\"publisher\":{\"@id\":\"https:\/\/crocjeux.com\/#organization\"},\"potentialAction\":[{\"@type\":\"SearchAction\",\"target\":{\"@type\":\"EntryPoint\",\"urlTemplate\":\"https:\/\/crocjeux.com\/?s={search_term_string}\"},\"query-input\":{\"@type\":\"PropertyValueSpecification\",\"valueRequired\":true,\"valueName\":\"search_term_string\"}}],\"inLanguage\":\"fr-FR\"},{\"@type\":\"Organization\",\"@id\":\"https:\/\/crocjeux.com\/#organization\",\"name\":\"Croc Jeux\",\"url\":\"https:\/\/crocjeux.com\/\",\"logo\":{\"@type\":\"ImageObject\",\"inLanguage\":\"fr-FR\",\"@id\":\"https:\/\/crocjeux.com\/#\/schema\/logo\/image\/\",\"url\":\"https:\/\/crocjeux.com\/wp-content\/uploads\/2022\/01\/cropped-logo-croc-etape-1-e1644574034239.jpg\",\"contentUrl\":\"https:\/\/crocjeux.com\/wp-content\/uploads\/2022\/01\/cropped-logo-croc-etape-1-e1644574034239.jpg\",\"width\":1224,\"height\":314,\"caption\":\"Croc Jeux\"},\"image\":{\"@id\":\"https:\/\/crocjeux.com\/#\/schema\/logo\/image\/\"}}]}<\/script>\n<!-- \/ Yoast SEO plugin. -->","yoast_head_json":{"title":"Fromage - Croc Jeux","robots":{"index":"index","follow":"follow","max-snippet":"max-snippet:-1","max-image-preview":"max-image-preview:large","max-video-preview":"max-video-preview:-1"},"canonical":"https:\/\/crocjeux.com\/index.php\/produit\/fromage\/","og_locale":"fr_FR","og_type":"article","og_title":"Fromage - Croc Jeux","og_description":"Fromage est un jeu de placement d\u2019ouvriers qui vous met dans la peau d'un fromager fran\u00e7ais.","og_url":"https:\/\/crocjeux.com\/index.php\/produit\/fromage\/","og_site_name":"Croc Jeux","article_modified_time":"2026-01-03T16:50:29+00:00","og_image":[{"width":1024,"height":1024,"url":"https:\/\/crocjeux.com\/wp-content\/uploads\/2025\/12\/fromage-1024x1024.png","type":"image\/png"}],"twitter_card":"summary_large_image","twitter_misc":{"Dur\u00e9e de lecture estim\u00e9e":"1 minute"},"schema":{"@context":"https:\/\/schema.org","@graph":[{"@type":"WebPage","@id":"https:\/\/crocjeux.com\/index.php\/produit\/fromage\/","url":"https:\/\/crocjeux.com\/index.php\/produit\/fromage\/","name":"Fromage - Croc Jeux","isPartOf":{"@id":"https:\/\/crocjeux.com\/#website"},"primaryImageOfPage":{"@id":"https:\/\/crocjeux.com\/index.php\/produit\/fromage\/#primaryimage"},"image":{"@id":"https:\/\/crocjeux.com\/index.php\/produit\/fromage\/#primaryimage"},"thumbnailUrl":"https:\/\/crocjeux.com\/wp-content\/uploads\/2025\/12\/fromage.png","datePublished":"2025-12-16T17:06:41+00:00","dateModified":"2026-01-03T16:50:29+00:00","breadcrumb":{"@id":"https:\/\/crocjeux.com\/index.php\/produit\/fromage\/#breadcrumb"},"inLanguage":"fr-FR","potentialAction":[{"@type":"ReadAction","target":["https:\/\/crocjeux.com\/index.php\/produit\/fromage\/"]}]},{"@type":"ImageObject","inLanguage":"fr-FR","@id":"https:\/\/crocjeux.com\/index.php\/produit\/fromage\/#primaryimage","url":"https:\/\/crocjeux.com\/wp-content\/uploads\/2025\/12\/fromage.png","contentUrl":"https:\/\/crocjeux.com\/wp-content\/uploads\/2025\/12\/fromage.png","width":1200,"height":1200},{"@type":"BreadcrumbList","@id":"https:\/\/crocjeux.com\/index.php\/produit\/fromage\/#breadcrumb","itemListElement":[{"@type":"ListItem","position":1,"name":"Accueil","item":"https:\/\/crocjeux.com\/"},{"@type":"ListItem","position":2,"name":"Boutique","item":"https:\/\/crocjeux.com\/"},{"@type":"ListItem","position":3,"name":"Fromage"}]},{"@type":"WebSite","@id":"https:\/\/crocjeux.com\/#website","url":"https:\/\/crocjeux.com\/","name":"Croc Jeux","description":"Bienvenue chez Croc Jeux!","publisher":{"@id":"https:\/\/crocjeux.com\/#organization"},"potentialAction":[{"@type":"SearchAction","target":{"@type":"EntryPoint","urlTemplate":"https:\/\/crocjeux.com\/?s={search_term_string}"},"query-input":{"@type":"PropertyValueSpecification","valueRequired":true,"valueName":"search_term_string"}}],"inLanguage":"fr-FR"},{"@type":"Organization","@id":"https:\/\/crocjeux.com\/#organization","name":"Croc Jeux","url":"https:\/\/crocjeux.com\/","logo":{"@type":"ImageObject","inLanguage":"fr-FR","@id":"https:\/\/crocjeux.com\/#\/schema\/logo\/image\/","url":"https:\/\/crocjeux.com\/wp-content\/uploads\/2022\/01\/cropped-logo-croc-etape-1-e1644574034239.jpg","contentUrl":"https:\/\/crocjeux.com\/wp-content\/uploads\/2022\/01\/cropped-logo-croc-etape-1-e1644574034239.jpg","width":1224,"height":314,"caption":"Croc Jeux"},"image":{"@id":"https:\/\/crocjeux.com\/#\/schema\/logo\/image\/"}}]}},"_links":{"self":[{"href":"https:\/\/crocjeux.com\/index.php\/wp-json\/wp\/v2\/product\/7370","targetHints":{"allow":["GET"]}}],"collection":[{"href":"https:\/\/crocjeux.com\/index.php\/wp-json\/wp\/v2\/product"}],"about":[{"href":"https:\/\/crocjeux.com\/index.php\/wp-json\/wp\/v2\/types\/product"}],"replies":[{"embeddable":true,"href":"https:\/\/crocjeux.com\/index.php\/wp-json\/wp\/v2\/comments?post=7370"}],"wp:featuredmedia":[{"embeddable":true,"href":"https:\/\/crocjeux.com\/index.php\/wp-json\/wp\/v2\/media\/7371"}],"wp:attachment":[{"href":"https:\/\/crocjeux.com\/index.php\/wp-json\/wp\/v2\/media?parent=7370"}],"wp:term":[{"taxonomy":"product_brand","embeddable":true,"href":"https:\/\/crocjeux.com\/index.php\/wp-json\/wp\/v2\/product_brand?post=7370"},{"taxonomy":"product_cat","embeddable":true,"href":"https:\/\/crocjeux.com\/index.php\/wp-json\/wp\/v2\/product_cat?post=7370"},{"taxonomy":"product_tag","embeddable":true,"href":"https:\/\/crocjeux.com\/index.php\/wp-json\/wp\/v2\/product_tag?post=7370"}],"curies":[{"name":"wp","href":"https:\/\/api.w.org\/{rel}","templated":true}]}}