{"id":7374,"date":"2025-12-17T15:05:46","date_gmt":"2025-12-17T14:05:46","guid":{"rendered":"https:\/\/crocjeux.com\/?post_type=product&#038;p=7374"},"modified":"2026-03-20T18:42:57","modified_gmt":"2026-03-20T17:42:57","slug":"pokemon-coffret-ultra-premium-collection","status":"publish","type":"product","link":"https:\/\/crocjeux.com\/index.php\/produit\/pokemon-coffret-ultra-premium-collection\/","title":{"rendered":"Pok\u00e9mon : Coffret Ultra Premium Collection"},"content":{"rendered":"<p>M\u00eame les Pok\u00e9mon l\u00e9gendaires ne r\u00e9sistent pas \u00e0 la sombre influence de la Team Rocket\u202f! Sulfura-ex de la Team Rocket cr\u00e9e des murs de feu pour se prot\u00e9ger et d\u00e9cimer les plans de ses adversaires. Vous le retrouverez sur une carte \u00ab\u202fdouble rare\u202f\u00bb, \u00ab\u202fultra rare\u202f\u00bb et \u00ab\u202fillustration sp\u00e9ciale rare\u202f\u00bb aux illustrations magnifiques. Vous obtiendrez aussi un tapis de jeu, un \u00e9tui pour deck, d\u2019autres accessoires de jeu et 18\u202fboosters d\u00e9bordant de Pok\u00e9mon.<br \/>\n<strong><br \/>\nContenu :<\/strong><br \/>\n3\u202fcartes brillantes de Sulfura-ex de la Team Rocket (chaque illustration est diff\u00e9rente) , 1\u202ftapis de jeu , 1\u202f\u00e9tui pour deck , 1\u202fpi\u00e8ce m\u00e9tallis\u00e9e , 6\u202fd\u00e9s marqueurs de d\u00e9g\u00e2ts , 1 d\u00e9 lancer de pi\u00e8ce autoris\u00e9 en comp\u00e9tition , 2\u202fmarqueurs d\u2019\u00c9tats Sp\u00e9ciaux , 18\u202fboosters du JCC Pok\u00e9mon , 1\u202fcarte \u00e0 code pour le JCC\u202fPok\u00e9mon\u202fLive<\/p>\n","protected":false},"excerpt":{"rendered":"<p>M\u00eame les Pok\u00e9mon l\u00e9gendaires ne r\u00e9sistent pas \u00e0 la sombre influence de la Team Rocket\u202f! Sulfura-ex de la Team Rocket<\/p>\n","protected":false},"featured_media":7375,"comment_status":"open","ping_status":"closed","template":"","meta":{"colormag_page_container_layout":"default_layout","colormag_page_sidebar_layout":"default_layout"},"product_brand":[],"product_cat":[32,162],"product_tag":[],"class_list":{"0":"post-7374","1":"product","2":"type-product","3":"status-publish","4":"has-post-thumbnail","6":"product_cat-jeux-de-cartes","7":"product_cat-pokemon","9":"first","10":"instock","11":"taxable","12":"shipping-taxable","13":"purchasable","14":"product-type-simple"},"yoast_head":"<!-- This site is optimized with the Yoast SEO plugin v27.4 - https:\/\/yoast.com\/product\/yoast-seo-wordpress\/ -->\n<title>Pok\u00e9mon : Coffret Ultra Premium Collection - Croc Jeux<\/title>\n<meta name=\"robots\" content=\"index, follow, max-snippet:-1, max-image-preview:large, max-video-preview:-1\" \/>\n<link rel=\"canonical\" href=\"https:\/\/crocjeux.com\/index.php\/produit\/pokemon-coffret-ultra-premium-collection\/\" \/>\n<meta property=\"og:locale\" content=\"fr_FR\" \/>\n<meta property=\"og:type\" content=\"article\" \/>\n<meta property=\"og:title\" content=\"Pok\u00e9mon : Coffret Ultra Premium Collection - Croc Jeux\" \/>\n<meta property=\"og:description\" content=\"M\u00eame les Pok\u00e9mon l\u00e9gendaires ne r\u00e9sistent pas \u00e0 la sombre influence de la Team Rocket\u202f! Sulfura-ex de la Team Rocket\" \/>\n<meta property=\"og:url\" content=\"https:\/\/crocjeux.com\/index.php\/produit\/pokemon-coffret-ultra-premium-collection\/\" \/>\n<meta property=\"og:site_name\" content=\"Croc Jeux\" \/>\n<meta property=\"article:modified_time\" content=\"2026-03-20T17:42:57+00:00\" \/>\n<meta property=\"og:image\" content=\"https:\/\/crocjeux.com\/wp-content\/uploads\/2025\/12\/pokupcno25_box3d_20250826.jpg\" \/>\n\t<meta property=\"og:image:width\" content=\"1023\" \/>\n\t<meta property=\"og:image:height\" content=\"686\" \/>\n\t<meta property=\"og:image:type\" content=\"image\/jpeg\" \/>\n<meta name=\"twitter:card\" content=\"summary_large_image\" \/>\n<meta name=\"twitter:label1\" content=\"Dur\u00e9e de lecture estim\u00e9e\" \/>\n\t<meta name=\"twitter:data1\" content=\"1 minute\" \/>\n<script type=\"application\/ld+json\" class=\"yoast-schema-graph\">{\"@context\":\"https:\\\/\\\/schema.org\",\"@graph\":[{\"@type\":\"WebPage\",\"@id\":\"https:\\\/\\\/crocjeux.com\\\/index.php\\\/produit\\\/pokemon-coffret-ultra-premium-collection\\\/\",\"url\":\"https:\\\/\\\/crocjeux.com\\\/index.php\\\/produit\\\/pokemon-coffret-ultra-premium-collection\\\/\",\"name\":\"Pok\u00e9mon : Coffret Ultra Premium Collection - Croc Jeux\",\"isPartOf\":{\"@id\":\"https:\\\/\\\/crocjeux.com\\\/#website\"},\"primaryImageOfPage\":{\"@id\":\"https:\\\/\\\/crocjeux.com\\\/index.php\\\/produit\\\/pokemon-coffret-ultra-premium-collection\\\/#primaryimage\"},\"image\":{\"@id\":\"https:\\\/\\\/crocjeux.com\\\/index.php\\\/produit\\\/pokemon-coffret-ultra-premium-collection\\\/#primaryimage\"},\"thumbnailUrl\":\"https:\\\/\\\/crocjeux.com\\\/wp-content\\\/uploads\\\/2025\\\/12\\\/pokupcno25_box3d_20250826.jpg\",\"datePublished\":\"2025-12-17T14:05:46+00:00\",\"dateModified\":\"2026-03-20T17:42:57+00:00\",\"breadcrumb\":{\"@id\":\"https:\\\/\\\/crocjeux.com\\\/index.php\\\/produit\\\/pokemon-coffret-ultra-premium-collection\\\/#breadcrumb\"},\"inLanguage\":\"fr-FR\",\"potentialAction\":[{\"@type\":\"ReadAction\",\"target\":[\"https:\\\/\\\/crocjeux.com\\\/index.php\\\/produit\\\/pokemon-coffret-ultra-premium-collection\\\/\"]}]},{\"@type\":\"ImageObject\",\"inLanguage\":\"fr-FR\",\"@id\":\"https:\\\/\\\/crocjeux.com\\\/index.php\\\/produit\\\/pokemon-coffret-ultra-premium-collection\\\/#primaryimage\",\"url\":\"https:\\\/\\\/crocjeux.com\\\/wp-content\\\/uploads\\\/2025\\\/12\\\/pokupcno25_box3d_20250826.jpg\",\"contentUrl\":\"https:\\\/\\\/crocjeux.com\\\/wp-content\\\/uploads\\\/2025\\\/12\\\/pokupcno25_box3d_20250826.jpg\",\"width\":1023,\"height\":686},{\"@type\":\"BreadcrumbList\",\"@id\":\"https:\\\/\\\/crocjeux.com\\\/index.php\\\/produit\\\/pokemon-coffret-ultra-premium-collection\\\/#breadcrumb\",\"itemListElement\":[{\"@type\":\"ListItem\",\"position\":1,\"name\":\"Accueil\",\"item\":\"https:\\\/\\\/crocjeux.com\\\/\"},{\"@type\":\"ListItem\",\"position\":2,\"name\":\"Boutique\",\"item\":\"https:\\\/\\\/crocjeux.com\\\/\"},{\"@type\":\"ListItem\",\"position\":3,\"name\":\"Pok\u00e9mon : Coffret Ultra Premium Collection\"}]},{\"@type\":\"WebSite\",\"@id\":\"https:\\\/\\\/crocjeux.com\\\/#website\",\"url\":\"https:\\\/\\\/crocjeux.com\\\/\",\"name\":\"Croc Jeux\",\"description\":\"Bienvenue chez Croc Jeux!\",\"publisher\":{\"@id\":\"https:\\\/\\\/crocjeux.com\\\/#organization\"},\"potentialAction\":[{\"@type\":\"SearchAction\",\"target\":{\"@type\":\"EntryPoint\",\"urlTemplate\":\"https:\\\/\\\/crocjeux.com\\\/?s={search_term_string}\"},\"query-input\":{\"@type\":\"PropertyValueSpecification\",\"valueRequired\":true,\"valueName\":\"search_term_string\"}}],\"inLanguage\":\"fr-FR\"},{\"@type\":\"Organization\",\"@id\":\"https:\\\/\\\/crocjeux.com\\\/#organization\",\"name\":\"Croc Jeux\",\"url\":\"https:\\\/\\\/crocjeux.com\\\/\",\"logo\":{\"@type\":\"ImageObject\",\"inLanguage\":\"fr-FR\",\"@id\":\"https:\\\/\\\/crocjeux.com\\\/#\\\/schema\\\/logo\\\/image\\\/\",\"url\":\"https:\\\/\\\/crocjeux.com\\\/wp-content\\\/uploads\\\/2022\\\/01\\\/cropped-logo-croc-etape-1-e1644574034239.jpg\",\"contentUrl\":\"https:\\\/\\\/crocjeux.com\\\/wp-content\\\/uploads\\\/2022\\\/01\\\/cropped-logo-croc-etape-1-e1644574034239.jpg\",\"width\":1224,\"height\":314,\"caption\":\"Croc Jeux\"},\"image\":{\"@id\":\"https:\\\/\\\/crocjeux.com\\\/#\\\/schema\\\/logo\\\/image\\\/\"}}]}<\/script>\n<!-- \/ Yoast SEO plugin. -->","yoast_head_json":{"title":"Pok\u00e9mon : Coffret Ultra Premium Collection - Croc Jeux","robots":{"index":"index","follow":"follow","max-snippet":"max-snippet:-1","max-image-preview":"max-image-preview:large","max-video-preview":"max-video-preview:-1"},"canonical":"https:\/\/crocjeux.com\/index.php\/produit\/pokemon-coffret-ultra-premium-collection\/","og_locale":"fr_FR","og_type":"article","og_title":"Pok\u00e9mon : Coffret Ultra Premium Collection - Croc Jeux","og_description":"M\u00eame les Pok\u00e9mon l\u00e9gendaires ne r\u00e9sistent pas \u00e0 la sombre influence de la Team Rocket\u202f! Sulfura-ex de la Team Rocket","og_url":"https:\/\/crocjeux.com\/index.php\/produit\/pokemon-coffret-ultra-premium-collection\/","og_site_name":"Croc Jeux","article_modified_time":"2026-03-20T17:42:57+00:00","og_image":[{"width":1023,"height":686,"url":"https:\/\/crocjeux.com\/wp-content\/uploads\/2025\/12\/pokupcno25_box3d_20250826.jpg","type":"image\/jpeg"}],"twitter_card":"summary_large_image","twitter_misc":{"Dur\u00e9e de lecture estim\u00e9e":"1 minute"},"schema":{"@context":"https:\/\/schema.org","@graph":[{"@type":"WebPage","@id":"https:\/\/crocjeux.com\/index.php\/produit\/pokemon-coffret-ultra-premium-collection\/","url":"https:\/\/crocjeux.com\/index.php\/produit\/pokemon-coffret-ultra-premium-collection\/","name":"Pok\u00e9mon : Coffret Ultra Premium Collection - Croc Jeux","isPartOf":{"@id":"https:\/\/crocjeux.com\/#website"},"primaryImageOfPage":{"@id":"https:\/\/crocjeux.com\/index.php\/produit\/pokemon-coffret-ultra-premium-collection\/#primaryimage"},"image":{"@id":"https:\/\/crocjeux.com\/index.php\/produit\/pokemon-coffret-ultra-premium-collection\/#primaryimage"},"thumbnailUrl":"https:\/\/crocjeux.com\/wp-content\/uploads\/2025\/12\/pokupcno25_box3d_20250826.jpg","datePublished":"2025-12-17T14:05:46+00:00","dateModified":"2026-03-20T17:42:57+00:00","breadcrumb":{"@id":"https:\/\/crocjeux.com\/index.php\/produit\/pokemon-coffret-ultra-premium-collection\/#breadcrumb"},"inLanguage":"fr-FR","potentialAction":[{"@type":"ReadAction","target":["https:\/\/crocjeux.com\/index.php\/produit\/pokemon-coffret-ultra-premium-collection\/"]}]},{"@type":"ImageObject","inLanguage":"fr-FR","@id":"https:\/\/crocjeux.com\/index.php\/produit\/pokemon-coffret-ultra-premium-collection\/#primaryimage","url":"https:\/\/crocjeux.com\/wp-content\/uploads\/2025\/12\/pokupcno25_box3d_20250826.jpg","contentUrl":"https:\/\/crocjeux.com\/wp-content\/uploads\/2025\/12\/pokupcno25_box3d_20250826.jpg","width":1023,"height":686},{"@type":"BreadcrumbList","@id":"https:\/\/crocjeux.com\/index.php\/produit\/pokemon-coffret-ultra-premium-collection\/#breadcrumb","itemListElement":[{"@type":"ListItem","position":1,"name":"Accueil","item":"https:\/\/crocjeux.com\/"},{"@type":"ListItem","position":2,"name":"Boutique","item":"https:\/\/crocjeux.com\/"},{"@type":"ListItem","position":3,"name":"Pok\u00e9mon : Coffret Ultra Premium Collection"}]},{"@type":"WebSite","@id":"https:\/\/crocjeux.com\/#website","url":"https:\/\/crocjeux.com\/","name":"Croc Jeux","description":"Bienvenue chez Croc Jeux!","publisher":{"@id":"https:\/\/crocjeux.com\/#organization"},"potentialAction":[{"@type":"SearchAction","target":{"@type":"EntryPoint","urlTemplate":"https:\/\/crocjeux.com\/?s={search_term_string}"},"query-input":{"@type":"PropertyValueSpecification","valueRequired":true,"valueName":"search_term_string"}}],"inLanguage":"fr-FR"},{"@type":"Organization","@id":"https:\/\/crocjeux.com\/#organization","name":"Croc Jeux","url":"https:\/\/crocjeux.com\/","logo":{"@type":"ImageObject","inLanguage":"fr-FR","@id":"https:\/\/crocjeux.com\/#\/schema\/logo\/image\/","url":"https:\/\/crocjeux.com\/wp-content\/uploads\/2022\/01\/cropped-logo-croc-etape-1-e1644574034239.jpg","contentUrl":"https:\/\/crocjeux.com\/wp-content\/uploads\/2022\/01\/cropped-logo-croc-etape-1-e1644574034239.jpg","width":1224,"height":314,"caption":"Croc Jeux"},"image":{"@id":"https:\/\/crocjeux.com\/#\/schema\/logo\/image\/"}}]}},"_links":{"self":[{"href":"https:\/\/crocjeux.com\/index.php\/wp-json\/wp\/v2\/product\/7374","targetHints":{"allow":["GET"]}}],"collection":[{"href":"https:\/\/crocjeux.com\/index.php\/wp-json\/wp\/v2\/product"}],"about":[{"href":"https:\/\/crocjeux.com\/index.php\/wp-json\/wp\/v2\/types\/product"}],"replies":[{"embeddable":true,"href":"https:\/\/crocjeux.com\/index.php\/wp-json\/wp\/v2\/comments?post=7374"}],"wp:featuredmedia":[{"embeddable":true,"href":"https:\/\/crocjeux.com\/index.php\/wp-json\/wp\/v2\/media\/7375"}],"wp:attachment":[{"href":"https:\/\/crocjeux.com\/index.php\/wp-json\/wp\/v2\/media?parent=7374"}],"wp:term":[{"taxonomy":"product_brand","embeddable":true,"href":"https:\/\/crocjeux.com\/index.php\/wp-json\/wp\/v2\/product_brand?post=7374"},{"taxonomy":"product_cat","embeddable":true,"href":"https:\/\/crocjeux.com\/index.php\/wp-json\/wp\/v2\/product_cat?post=7374"},{"taxonomy":"product_tag","embeddable":true,"href":"https:\/\/crocjeux.com\/index.php\/wp-json\/wp\/v2\/product_tag?post=7374"}],"curies":[{"name":"wp","href":"https:\/\/api.w.org\/{rel}","templated":true}]}}