{"id":74,"date":"2020-10-29T11:00:18","date_gmt":"2020-10-29T10:00:18","guid":{"rendered":"https:\/\/crocjeux.com\/?post_type=product&#038;p=74"},"modified":"2023-01-26T14:25:16","modified_gmt":"2023-01-26T13:25:16","slug":"7-wonders-2nd-edition-armada","status":"publish","type":"product","link":"https:\/\/crocjeux.com\/index.php\/produit\/7-wonders-2nd-edition-armada\/","title":{"rendered":"7 Wonders 2nd \u00e9dition &#8211; Armada"},"content":{"rendered":"<div>La mer, cette merveille\u2026\u00a0\u00a07 Wonders Armada vous fera prendre la t\u00eate d\u2019une flotte de navires !<\/div>\n<div><\/div>\n<h2>7 Wonders Armada : Prenez le large !<\/h2>\n<div>L\u2019extension Armada pour 7 Wonders ouvre tous les horizons aux joueurs ! Dor\u00e9navant, ma\u00eetres de leurs flottes, ils interagissent entre eux. Un nouveau mat\u00e9riel dynamise les parties gr\u00e2ce \u00e0 de nouvelles m\u00e9caniques de jeu. Il y a dor\u00e9navant plus de possibilit\u00e9s de vaincre par la force, gr\u00e2ce \u00e0 la marine de guerre. Sur l\u2019eau, vous n\u2019affrontez plus seulement vos adversaires frontaliers ; il faut pouvoir vaincre tous les joueurs autour de la table.<\/div>\n<div>Profitez-en pour \u00e9tendre votre pouvoir civil en remportant davantage de points de victoire.<\/div>\n<div><\/div>\n<h2>Une nouvelle \u00e9dition<\/h2>\n<div>Vous retrouverez dans cette nouvelle \u00e9dition des paquets de cartes d\u00e9butant et experts afin de d\u00e9couvrir l&rsquo;extension facilement avant de l&rsquo;approfondir.<\/div>\n<div>Les mers font place \u00e0 de nouvelles opportunit\u00e9s commerciales qui permettent d\u2019augmenter votre influence\u2026 Gagnez plus d\u2019argent et faites-en perdre aux autres joueurs. C\u2019est aussi le moment d\u2019explorer de nouveaux horizons. D\u00e9couvrez les richesses des diff\u00e9rentes \u00eeles m\u00e9diterran\u00e9ennes : ressources, puissance militaire et bien d\u2019autres r\u00e9compenses vous y attendent !<\/div>\n<div><\/div>\n","protected":false},"excerpt":{"rendered":"<section id=\"tab-description\" class=\"page-product-box r-tabs-panel r-tabs-state-active\">\n<div class=\"rte\">\n<div>\n<p>7 Wonders Armada est une extension pour 7 Wonders qui vous fera prendre la t\u00eate d\u2019une flotte de navires !<\/p>\n<\/div>\n<\/div>\n<\/section>\n","protected":false},"featured_media":75,"comment_status":"open","ping_status":"closed","template":"","meta":{"colormag_page_container_layout":"default_layout","colormag_page_sidebar_layout":"default_layout"},"product_brand":[],"product_cat":[118,119],"product_tag":[],"class_list":{"0":"post-74","1":"product","2":"type-product","3":"status-publish","4":"has-post-thumbnail","6":"product_cat-7-wonders-jeux-strategie","7":"product_cat-7-wonders-grand-classique","9":"first","10":"instock","11":"taxable","12":"shipping-taxable","13":"purchasable","14":"product-type-simple"},"yoast_head":"<!-- This site is optimized with the Yoast SEO plugin v27.3 - https:\/\/yoast.com\/product\/yoast-seo-wordpress\/ -->\n<title>7 Wonders 2nd \u00e9dition - Armada - Croc Jeux<\/title>\n<meta name=\"robots\" content=\"index, follow, max-snippet:-1, max-image-preview:large, max-video-preview:-1\" \/>\n<link rel=\"canonical\" href=\"https:\/\/crocjeux.com\/index.php\/produit\/7-wonders-2nd-edition-armada\/\" \/>\n<meta property=\"og:locale\" content=\"fr_FR\" \/>\n<meta property=\"og:type\" content=\"article\" \/>\n<meta property=\"og:title\" content=\"7 Wonders 2nd \u00e9dition - Armada - Croc Jeux\" \/>\n<meta property=\"og:description\" content=\"7 Wonders Armada est une extension pour 7 Wonders qui vous fera prendre la t\u00eate d\u2019une flotte de navires !\" \/>\n<meta property=\"og:url\" content=\"https:\/\/crocjeux.com\/index.php\/produit\/7-wonders-2nd-edition-armada\/\" \/>\n<meta property=\"og:site_name\" content=\"Croc Jeux\" \/>\n<meta property=\"article:modified_time\" content=\"2023-01-26T13:25:16+00:00\" \/>\n<meta property=\"og:image\" content=\"https:\/\/crocjeux.com\/wp-content\/uploads\/2020\/10\/7wonders_armada.png\" \/>\n\t<meta property=\"og:image:width\" content=\"446\" \/>\n\t<meta property=\"og:image:height\" content=\"765\" \/>\n\t<meta property=\"og:image:type\" content=\"image\/png\" \/>\n<meta name=\"twitter:card\" content=\"summary_large_image\" \/>\n<meta name=\"twitter:label1\" content=\"Dur\u00e9e de lecture estim\u00e9e\" \/>\n\t<meta name=\"twitter:data1\" content=\"1 minute\" \/>\n<script type=\"application\/ld+json\" class=\"yoast-schema-graph\">{\"@context\":\"https:\\\/\\\/schema.org\",\"@graph\":[{\"@type\":\"WebPage\",\"@id\":\"https:\\\/\\\/crocjeux.com\\\/index.php\\\/produit\\\/7-wonders-2nd-edition-armada\\\/\",\"url\":\"https:\\\/\\\/crocjeux.com\\\/index.php\\\/produit\\\/7-wonders-2nd-edition-armada\\\/\",\"name\":\"7 Wonders 2nd \u00e9dition - Armada - Croc Jeux\",\"isPartOf\":{\"@id\":\"https:\\\/\\\/crocjeux.com\\\/#website\"},\"primaryImageOfPage\":{\"@id\":\"https:\\\/\\\/crocjeux.com\\\/index.php\\\/produit\\\/7-wonders-2nd-edition-armada\\\/#primaryimage\"},\"image\":{\"@id\":\"https:\\\/\\\/crocjeux.com\\\/index.php\\\/produit\\\/7-wonders-2nd-edition-armada\\\/#primaryimage\"},\"thumbnailUrl\":\"https:\\\/\\\/crocjeux.com\\\/wp-content\\\/uploads\\\/2020\\\/10\\\/7wonders_armada.png\",\"datePublished\":\"2020-10-29T10:00:18+00:00\",\"dateModified\":\"2023-01-26T13:25:16+00:00\",\"breadcrumb\":{\"@id\":\"https:\\\/\\\/crocjeux.com\\\/index.php\\\/produit\\\/7-wonders-2nd-edition-armada\\\/#breadcrumb\"},\"inLanguage\":\"fr-FR\",\"potentialAction\":[{\"@type\":\"ReadAction\",\"target\":[\"https:\\\/\\\/crocjeux.com\\\/index.php\\\/produit\\\/7-wonders-2nd-edition-armada\\\/\"]}]},{\"@type\":\"ImageObject\",\"inLanguage\":\"fr-FR\",\"@id\":\"https:\\\/\\\/crocjeux.com\\\/index.php\\\/produit\\\/7-wonders-2nd-edition-armada\\\/#primaryimage\",\"url\":\"https:\\\/\\\/crocjeux.com\\\/wp-content\\\/uploads\\\/2020\\\/10\\\/7wonders_armada.png\",\"contentUrl\":\"https:\\\/\\\/crocjeux.com\\\/wp-content\\\/uploads\\\/2020\\\/10\\\/7wonders_armada.png\",\"width\":446,\"height\":765},{\"@type\":\"BreadcrumbList\",\"@id\":\"https:\\\/\\\/crocjeux.com\\\/index.php\\\/produit\\\/7-wonders-2nd-edition-armada\\\/#breadcrumb\",\"itemListElement\":[{\"@type\":\"ListItem\",\"position\":1,\"name\":\"Accueil\",\"item\":\"https:\\\/\\\/crocjeux.com\\\/\"},{\"@type\":\"ListItem\",\"position\":2,\"name\":\"Boutique\",\"item\":\"https:\\\/\\\/crocjeux.com\\\/\"},{\"@type\":\"ListItem\",\"position\":3,\"name\":\"7 Wonders 2nd \u00e9dition &#8211; Armada\"}]},{\"@type\":\"WebSite\",\"@id\":\"https:\\\/\\\/crocjeux.com\\\/#website\",\"url\":\"https:\\\/\\\/crocjeux.com\\\/\",\"name\":\"Croc Jeux\",\"description\":\"Bienvenue chez Croc Jeux!\",\"publisher\":{\"@id\":\"https:\\\/\\\/crocjeux.com\\\/#organization\"},\"potentialAction\":[{\"@type\":\"SearchAction\",\"target\":{\"@type\":\"EntryPoint\",\"urlTemplate\":\"https:\\\/\\\/crocjeux.com\\\/?s={search_term_string}\"},\"query-input\":{\"@type\":\"PropertyValueSpecification\",\"valueRequired\":true,\"valueName\":\"search_term_string\"}}],\"inLanguage\":\"fr-FR\"},{\"@type\":\"Organization\",\"@id\":\"https:\\\/\\\/crocjeux.com\\\/#organization\",\"name\":\"Croc Jeux\",\"url\":\"https:\\\/\\\/crocjeux.com\\\/\",\"logo\":{\"@type\":\"ImageObject\",\"inLanguage\":\"fr-FR\",\"@id\":\"https:\\\/\\\/crocjeux.com\\\/#\\\/schema\\\/logo\\\/image\\\/\",\"url\":\"https:\\\/\\\/crocjeux.com\\\/wp-content\\\/uploads\\\/2022\\\/01\\\/cropped-logo-croc-etape-1-e1644574034239.jpg\",\"contentUrl\":\"https:\\\/\\\/crocjeux.com\\\/wp-content\\\/uploads\\\/2022\\\/01\\\/cropped-logo-croc-etape-1-e1644574034239.jpg\",\"width\":1224,\"height\":314,\"caption\":\"Croc Jeux\"},\"image\":{\"@id\":\"https:\\\/\\\/crocjeux.com\\\/#\\\/schema\\\/logo\\\/image\\\/\"}}]}<\/script>\n<!-- \/ Yoast SEO plugin. -->","yoast_head_json":{"title":"7 Wonders 2nd \u00e9dition - Armada - Croc Jeux","robots":{"index":"index","follow":"follow","max-snippet":"max-snippet:-1","max-image-preview":"max-image-preview:large","max-video-preview":"max-video-preview:-1"},"canonical":"https:\/\/crocjeux.com\/index.php\/produit\/7-wonders-2nd-edition-armada\/","og_locale":"fr_FR","og_type":"article","og_title":"7 Wonders 2nd \u00e9dition - Armada - Croc Jeux","og_description":"7 Wonders Armada est une extension pour 7 Wonders qui vous fera prendre la t\u00eate d\u2019une flotte de navires !","og_url":"https:\/\/crocjeux.com\/index.php\/produit\/7-wonders-2nd-edition-armada\/","og_site_name":"Croc Jeux","article_modified_time":"2023-01-26T13:25:16+00:00","og_image":[{"width":446,"height":765,"url":"https:\/\/crocjeux.com\/wp-content\/uploads\/2020\/10\/7wonders_armada.png","type":"image\/png"}],"twitter_card":"summary_large_image","twitter_misc":{"Dur\u00e9e de lecture estim\u00e9e":"1 minute"},"schema":{"@context":"https:\/\/schema.org","@graph":[{"@type":"WebPage","@id":"https:\/\/crocjeux.com\/index.php\/produit\/7-wonders-2nd-edition-armada\/","url":"https:\/\/crocjeux.com\/index.php\/produit\/7-wonders-2nd-edition-armada\/","name":"7 Wonders 2nd \u00e9dition - Armada - Croc Jeux","isPartOf":{"@id":"https:\/\/crocjeux.com\/#website"},"primaryImageOfPage":{"@id":"https:\/\/crocjeux.com\/index.php\/produit\/7-wonders-2nd-edition-armada\/#primaryimage"},"image":{"@id":"https:\/\/crocjeux.com\/index.php\/produit\/7-wonders-2nd-edition-armada\/#primaryimage"},"thumbnailUrl":"https:\/\/crocjeux.com\/wp-content\/uploads\/2020\/10\/7wonders_armada.png","datePublished":"2020-10-29T10:00:18+00:00","dateModified":"2023-01-26T13:25:16+00:00","breadcrumb":{"@id":"https:\/\/crocjeux.com\/index.php\/produit\/7-wonders-2nd-edition-armada\/#breadcrumb"},"inLanguage":"fr-FR","potentialAction":[{"@type":"ReadAction","target":["https:\/\/crocjeux.com\/index.php\/produit\/7-wonders-2nd-edition-armada\/"]}]},{"@type":"ImageObject","inLanguage":"fr-FR","@id":"https:\/\/crocjeux.com\/index.php\/produit\/7-wonders-2nd-edition-armada\/#primaryimage","url":"https:\/\/crocjeux.com\/wp-content\/uploads\/2020\/10\/7wonders_armada.png","contentUrl":"https:\/\/crocjeux.com\/wp-content\/uploads\/2020\/10\/7wonders_armada.png","width":446,"height":765},{"@type":"BreadcrumbList","@id":"https:\/\/crocjeux.com\/index.php\/produit\/7-wonders-2nd-edition-armada\/#breadcrumb","itemListElement":[{"@type":"ListItem","position":1,"name":"Accueil","item":"https:\/\/crocjeux.com\/"},{"@type":"ListItem","position":2,"name":"Boutique","item":"https:\/\/crocjeux.com\/"},{"@type":"ListItem","position":3,"name":"7 Wonders 2nd \u00e9dition &#8211; Armada"}]},{"@type":"WebSite","@id":"https:\/\/crocjeux.com\/#website","url":"https:\/\/crocjeux.com\/","name":"Croc Jeux","description":"Bienvenue chez Croc Jeux!","publisher":{"@id":"https:\/\/crocjeux.com\/#organization"},"potentialAction":[{"@type":"SearchAction","target":{"@type":"EntryPoint","urlTemplate":"https:\/\/crocjeux.com\/?s={search_term_string}"},"query-input":{"@type":"PropertyValueSpecification","valueRequired":true,"valueName":"search_term_string"}}],"inLanguage":"fr-FR"},{"@type":"Organization","@id":"https:\/\/crocjeux.com\/#organization","name":"Croc Jeux","url":"https:\/\/crocjeux.com\/","logo":{"@type":"ImageObject","inLanguage":"fr-FR","@id":"https:\/\/crocjeux.com\/#\/schema\/logo\/image\/","url":"https:\/\/crocjeux.com\/wp-content\/uploads\/2022\/01\/cropped-logo-croc-etape-1-e1644574034239.jpg","contentUrl":"https:\/\/crocjeux.com\/wp-content\/uploads\/2022\/01\/cropped-logo-croc-etape-1-e1644574034239.jpg","width":1224,"height":314,"caption":"Croc Jeux"},"image":{"@id":"https:\/\/crocjeux.com\/#\/schema\/logo\/image\/"}}]}},"_links":{"self":[{"href":"https:\/\/crocjeux.com\/index.php\/wp-json\/wp\/v2\/product\/74","targetHints":{"allow":["GET"]}}],"collection":[{"href":"https:\/\/crocjeux.com\/index.php\/wp-json\/wp\/v2\/product"}],"about":[{"href":"https:\/\/crocjeux.com\/index.php\/wp-json\/wp\/v2\/types\/product"}],"replies":[{"embeddable":true,"href":"https:\/\/crocjeux.com\/index.php\/wp-json\/wp\/v2\/comments?post=74"}],"wp:featuredmedia":[{"embeddable":true,"href":"https:\/\/crocjeux.com\/index.php\/wp-json\/wp\/v2\/media\/75"}],"wp:attachment":[{"href":"https:\/\/crocjeux.com\/index.php\/wp-json\/wp\/v2\/media?parent=74"}],"wp:term":[{"taxonomy":"product_brand","embeddable":true,"href":"https:\/\/crocjeux.com\/index.php\/wp-json\/wp\/v2\/product_brand?post=74"},{"taxonomy":"product_cat","embeddable":true,"href":"https:\/\/crocjeux.com\/index.php\/wp-json\/wp\/v2\/product_cat?post=74"},{"taxonomy":"product_tag","embeddable":true,"href":"https:\/\/crocjeux.com\/index.php\/wp-json\/wp\/v2\/product_tag?post=74"}],"curies":[{"name":"wp","href":"https:\/\/api.w.org\/{rel}","templated":true}]}}