{"id":7422,"date":"2026-01-17T14:30:03","date_gmt":"2026-01-17T13:30:03","guid":{"rendered":"https:\/\/crocjeux.com\/?post_type=product&#038;p=7422"},"modified":"2026-01-17T14:31:18","modified_gmt":"2026-01-17T13:31:18","slug":"wyrmspan-ext-lacademie-des-dragons-precommande","status":"publish","type":"product","link":"https:\/\/crocjeux.com\/index.php\/produit\/wyrmspan-ext-lacademie-des-dragons-precommande\/","title":{"rendered":"Wyrmspan ext L&rsquo;Acad\u00e9mie des Dragons (Pr\u00e9commande, sortie le 23\/01)"},"content":{"rendered":"<p>La premi\u00e8re extension du jeu expert qui a marqu\u00e9 l&rsquo;ann\u00e9e 2024.<\/p>\n<p>Cette extension ajoute de nouveaux dragons, cavernes, tuiles objectifs et guildes draconiques et un nouveau compteur de tour qui vous offre un choix de revenu lorsque vous passez votre tour. Vous d\u00e9couvrirez \u00e9galement les dragonneaux, jeunes dragons \u00e0 entra\u00eener.<\/p>\n","protected":false},"excerpt":{"rendered":"<p>La premi\u00e8re extension du jeu expert qui a marqu\u00e9 l&rsquo;ann\u00e9e 2024. Cette extension ajoute de nouveaux dragons, cavernes, tuiles objectifs<\/p>\n","protected":false},"featured_media":7423,"comment_status":"open","ping_status":"closed","template":"","meta":{"colormag_page_container_layout":"default_layout","colormag_page_sidebar_layout":"default_layout"},"product_brand":[],"product_cat":[18,38,37,48],"product_tag":[],"class_list":{"0":"post-7422","1":"product","2":"type-product","3":"status-publish","4":"has-post-thumbnail","6":"product_cat-jeux-de-strategie","7":"product_cat-jeux-experts","8":"product_cat-ne-ratez-pas","9":"product_cat-nouveautes-sorties-prochaines","11":"first","12":"instock","13":"taxable","14":"shipping-taxable","15":"purchasable","16":"product-type-simple"},"yoast_head":"<!-- This site is optimized with the Yoast SEO plugin v27.4 - https:\/\/yoast.com\/product\/yoast-seo-wordpress\/ -->\n<title>Wyrmspan ext L&#039;Acad\u00e9mie des Dragons (Pr\u00e9commande, sortie le 23\/01) - Croc Jeux<\/title>\n<meta name=\"robots\" content=\"index, follow, max-snippet:-1, max-image-preview:large, max-video-preview:-1\" \/>\n<link rel=\"canonical\" href=\"https:\/\/crocjeux.com\/index.php\/produit\/wyrmspan-ext-lacademie-des-dragons-precommande\/\" \/>\n<meta property=\"og:locale\" content=\"fr_FR\" \/>\n<meta property=\"og:type\" content=\"article\" \/>\n<meta property=\"og:title\" content=\"Wyrmspan ext L&#039;Acad\u00e9mie des Dragons (Pr\u00e9commande, sortie le 23\/01) - Croc Jeux\" \/>\n<meta property=\"og:description\" content=\"La premi\u00e8re extension du jeu expert qui a marqu\u00e9 l&rsquo;ann\u00e9e 2024. Cette extension ajoute de nouveaux dragons, cavernes, tuiles objectifs\" \/>\n<meta property=\"og:url\" content=\"https:\/\/crocjeux.com\/index.php\/produit\/wyrmspan-ext-lacademie-des-dragons-precommande\/\" \/>\n<meta property=\"og:site_name\" content=\"Croc Jeux\" \/>\n<meta property=\"article:modified_time\" content=\"2026-01-17T13:31:18+00:00\" \/>\n<meta property=\"og:image\" content=\"https:\/\/crocjeux.com\/wp-content\/uploads\/2026\/01\/Copie-de-Retour.png\" \/>\n\t<meta property=\"og:image:width\" content=\"940\" \/>\n\t<meta property=\"og:image:height\" content=\"788\" \/>\n\t<meta property=\"og:image:type\" content=\"image\/png\" \/>\n<meta name=\"twitter:card\" content=\"summary_large_image\" \/>\n<meta name=\"twitter:label1\" content=\"Dur\u00e9e de lecture estim\u00e9e\" \/>\n\t<meta name=\"twitter:data1\" content=\"1 minute\" \/>\n<script type=\"application\/ld+json\" class=\"yoast-schema-graph\">{\"@context\":\"https:\\\/\\\/schema.org\",\"@graph\":[{\"@type\":\"WebPage\",\"@id\":\"https:\\\/\\\/crocjeux.com\\\/index.php\\\/produit\\\/wyrmspan-ext-lacademie-des-dragons-precommande\\\/\",\"url\":\"https:\\\/\\\/crocjeux.com\\\/index.php\\\/produit\\\/wyrmspan-ext-lacademie-des-dragons-precommande\\\/\",\"name\":\"Wyrmspan ext L'Acad\u00e9mie des Dragons (Pr\u00e9commande, sortie le 23\\\/01) - Croc Jeux\",\"isPartOf\":{\"@id\":\"https:\\\/\\\/crocjeux.com\\\/#website\"},\"primaryImageOfPage\":{\"@id\":\"https:\\\/\\\/crocjeux.com\\\/index.php\\\/produit\\\/wyrmspan-ext-lacademie-des-dragons-precommande\\\/#primaryimage\"},\"image\":{\"@id\":\"https:\\\/\\\/crocjeux.com\\\/index.php\\\/produit\\\/wyrmspan-ext-lacademie-des-dragons-precommande\\\/#primaryimage\"},\"thumbnailUrl\":\"https:\\\/\\\/crocjeux.com\\\/wp-content\\\/uploads\\\/2026\\\/01\\\/Copie-de-Retour.png\",\"datePublished\":\"2026-01-17T13:30:03+00:00\",\"dateModified\":\"2026-01-17T13:31:18+00:00\",\"breadcrumb\":{\"@id\":\"https:\\\/\\\/crocjeux.com\\\/index.php\\\/produit\\\/wyrmspan-ext-lacademie-des-dragons-precommande\\\/#breadcrumb\"},\"inLanguage\":\"fr-FR\",\"potentialAction\":[{\"@type\":\"ReadAction\",\"target\":[\"https:\\\/\\\/crocjeux.com\\\/index.php\\\/produit\\\/wyrmspan-ext-lacademie-des-dragons-precommande\\\/\"]}]},{\"@type\":\"ImageObject\",\"inLanguage\":\"fr-FR\",\"@id\":\"https:\\\/\\\/crocjeux.com\\\/index.php\\\/produit\\\/wyrmspan-ext-lacademie-des-dragons-precommande\\\/#primaryimage\",\"url\":\"https:\\\/\\\/crocjeux.com\\\/wp-content\\\/uploads\\\/2026\\\/01\\\/Copie-de-Retour.png\",\"contentUrl\":\"https:\\\/\\\/crocjeux.com\\\/wp-content\\\/uploads\\\/2026\\\/01\\\/Copie-de-Retour.png\",\"width\":940,\"height\":788},{\"@type\":\"BreadcrumbList\",\"@id\":\"https:\\\/\\\/crocjeux.com\\\/index.php\\\/produit\\\/wyrmspan-ext-lacademie-des-dragons-precommande\\\/#breadcrumb\",\"itemListElement\":[{\"@type\":\"ListItem\",\"position\":1,\"name\":\"Accueil\",\"item\":\"https:\\\/\\\/crocjeux.com\\\/\"},{\"@type\":\"ListItem\",\"position\":2,\"name\":\"Boutique\",\"item\":\"https:\\\/\\\/crocjeux.com\\\/\"},{\"@type\":\"ListItem\",\"position\":3,\"name\":\"Wyrmspan ext L&rsquo;Acad\u00e9mie des Dragons (Pr\u00e9commande, sortie le 23\\\/01)\"}]},{\"@type\":\"WebSite\",\"@id\":\"https:\\\/\\\/crocjeux.com\\\/#website\",\"url\":\"https:\\\/\\\/crocjeux.com\\\/\",\"name\":\"Croc Jeux\",\"description\":\"Bienvenue chez Croc Jeux!\",\"publisher\":{\"@id\":\"https:\\\/\\\/crocjeux.com\\\/#organization\"},\"potentialAction\":[{\"@type\":\"SearchAction\",\"target\":{\"@type\":\"EntryPoint\",\"urlTemplate\":\"https:\\\/\\\/crocjeux.com\\\/?s={search_term_string}\"},\"query-input\":{\"@type\":\"PropertyValueSpecification\",\"valueRequired\":true,\"valueName\":\"search_term_string\"}}],\"inLanguage\":\"fr-FR\"},{\"@type\":\"Organization\",\"@id\":\"https:\\\/\\\/crocjeux.com\\\/#organization\",\"name\":\"Croc Jeux\",\"url\":\"https:\\\/\\\/crocjeux.com\\\/\",\"logo\":{\"@type\":\"ImageObject\",\"inLanguage\":\"fr-FR\",\"@id\":\"https:\\\/\\\/crocjeux.com\\\/#\\\/schema\\\/logo\\\/image\\\/\",\"url\":\"https:\\\/\\\/crocjeux.com\\\/wp-content\\\/uploads\\\/2022\\\/01\\\/cropped-logo-croc-etape-1-e1644574034239.jpg\",\"contentUrl\":\"https:\\\/\\\/crocjeux.com\\\/wp-content\\\/uploads\\\/2022\\\/01\\\/cropped-logo-croc-etape-1-e1644574034239.jpg\",\"width\":1224,\"height\":314,\"caption\":\"Croc Jeux\"},\"image\":{\"@id\":\"https:\\\/\\\/crocjeux.com\\\/#\\\/schema\\\/logo\\\/image\\\/\"}}]}<\/script>\n<!-- \/ Yoast SEO plugin. -->","yoast_head_json":{"title":"Wyrmspan ext L'Acad\u00e9mie des Dragons (Pr\u00e9commande, sortie le 23\/01) - Croc Jeux","robots":{"index":"index","follow":"follow","max-snippet":"max-snippet:-1","max-image-preview":"max-image-preview:large","max-video-preview":"max-video-preview:-1"},"canonical":"https:\/\/crocjeux.com\/index.php\/produit\/wyrmspan-ext-lacademie-des-dragons-precommande\/","og_locale":"fr_FR","og_type":"article","og_title":"Wyrmspan ext L'Acad\u00e9mie des Dragons (Pr\u00e9commande, sortie le 23\/01) - Croc Jeux","og_description":"La premi\u00e8re extension du jeu expert qui a marqu\u00e9 l&rsquo;ann\u00e9e 2024. Cette extension ajoute de nouveaux dragons, cavernes, tuiles objectifs","og_url":"https:\/\/crocjeux.com\/index.php\/produit\/wyrmspan-ext-lacademie-des-dragons-precommande\/","og_site_name":"Croc Jeux","article_modified_time":"2026-01-17T13:31:18+00:00","og_image":[{"width":940,"height":788,"url":"https:\/\/crocjeux.com\/wp-content\/uploads\/2026\/01\/Copie-de-Retour.png","type":"image\/png"}],"twitter_card":"summary_large_image","twitter_misc":{"Dur\u00e9e de lecture estim\u00e9e":"1 minute"},"schema":{"@context":"https:\/\/schema.org","@graph":[{"@type":"WebPage","@id":"https:\/\/crocjeux.com\/index.php\/produit\/wyrmspan-ext-lacademie-des-dragons-precommande\/","url":"https:\/\/crocjeux.com\/index.php\/produit\/wyrmspan-ext-lacademie-des-dragons-precommande\/","name":"Wyrmspan ext L'Acad\u00e9mie des Dragons (Pr\u00e9commande, sortie le 23\/01) - Croc Jeux","isPartOf":{"@id":"https:\/\/crocjeux.com\/#website"},"primaryImageOfPage":{"@id":"https:\/\/crocjeux.com\/index.php\/produit\/wyrmspan-ext-lacademie-des-dragons-precommande\/#primaryimage"},"image":{"@id":"https:\/\/crocjeux.com\/index.php\/produit\/wyrmspan-ext-lacademie-des-dragons-precommande\/#primaryimage"},"thumbnailUrl":"https:\/\/crocjeux.com\/wp-content\/uploads\/2026\/01\/Copie-de-Retour.png","datePublished":"2026-01-17T13:30:03+00:00","dateModified":"2026-01-17T13:31:18+00:00","breadcrumb":{"@id":"https:\/\/crocjeux.com\/index.php\/produit\/wyrmspan-ext-lacademie-des-dragons-precommande\/#breadcrumb"},"inLanguage":"fr-FR","potentialAction":[{"@type":"ReadAction","target":["https:\/\/crocjeux.com\/index.php\/produit\/wyrmspan-ext-lacademie-des-dragons-precommande\/"]}]},{"@type":"ImageObject","inLanguage":"fr-FR","@id":"https:\/\/crocjeux.com\/index.php\/produit\/wyrmspan-ext-lacademie-des-dragons-precommande\/#primaryimage","url":"https:\/\/crocjeux.com\/wp-content\/uploads\/2026\/01\/Copie-de-Retour.png","contentUrl":"https:\/\/crocjeux.com\/wp-content\/uploads\/2026\/01\/Copie-de-Retour.png","width":940,"height":788},{"@type":"BreadcrumbList","@id":"https:\/\/crocjeux.com\/index.php\/produit\/wyrmspan-ext-lacademie-des-dragons-precommande\/#breadcrumb","itemListElement":[{"@type":"ListItem","position":1,"name":"Accueil","item":"https:\/\/crocjeux.com\/"},{"@type":"ListItem","position":2,"name":"Boutique","item":"https:\/\/crocjeux.com\/"},{"@type":"ListItem","position":3,"name":"Wyrmspan ext L&rsquo;Acad\u00e9mie des Dragons (Pr\u00e9commande, sortie le 23\/01)"}]},{"@type":"WebSite","@id":"https:\/\/crocjeux.com\/#website","url":"https:\/\/crocjeux.com\/","name":"Croc Jeux","description":"Bienvenue chez Croc Jeux!","publisher":{"@id":"https:\/\/crocjeux.com\/#organization"},"potentialAction":[{"@type":"SearchAction","target":{"@type":"EntryPoint","urlTemplate":"https:\/\/crocjeux.com\/?s={search_term_string}"},"query-input":{"@type":"PropertyValueSpecification","valueRequired":true,"valueName":"search_term_string"}}],"inLanguage":"fr-FR"},{"@type":"Organization","@id":"https:\/\/crocjeux.com\/#organization","name":"Croc Jeux","url":"https:\/\/crocjeux.com\/","logo":{"@type":"ImageObject","inLanguage":"fr-FR","@id":"https:\/\/crocjeux.com\/#\/schema\/logo\/image\/","url":"https:\/\/crocjeux.com\/wp-content\/uploads\/2022\/01\/cropped-logo-croc-etape-1-e1644574034239.jpg","contentUrl":"https:\/\/crocjeux.com\/wp-content\/uploads\/2022\/01\/cropped-logo-croc-etape-1-e1644574034239.jpg","width":1224,"height":314,"caption":"Croc Jeux"},"image":{"@id":"https:\/\/crocjeux.com\/#\/schema\/logo\/image\/"}}]}},"_links":{"self":[{"href":"https:\/\/crocjeux.com\/index.php\/wp-json\/wp\/v2\/product\/7422","targetHints":{"allow":["GET"]}}],"collection":[{"href":"https:\/\/crocjeux.com\/index.php\/wp-json\/wp\/v2\/product"}],"about":[{"href":"https:\/\/crocjeux.com\/index.php\/wp-json\/wp\/v2\/types\/product"}],"replies":[{"embeddable":true,"href":"https:\/\/crocjeux.com\/index.php\/wp-json\/wp\/v2\/comments?post=7422"}],"wp:featuredmedia":[{"embeddable":true,"href":"https:\/\/crocjeux.com\/index.php\/wp-json\/wp\/v2\/media\/7423"}],"wp:attachment":[{"href":"https:\/\/crocjeux.com\/index.php\/wp-json\/wp\/v2\/media?parent=7422"}],"wp:term":[{"taxonomy":"product_brand","embeddable":true,"href":"https:\/\/crocjeux.com\/index.php\/wp-json\/wp\/v2\/product_brand?post=7422"},{"taxonomy":"product_cat","embeddable":true,"href":"https:\/\/crocjeux.com\/index.php\/wp-json\/wp\/v2\/product_cat?post=7422"},{"taxonomy":"product_tag","embeddable":true,"href":"https:\/\/crocjeux.com\/index.php\/wp-json\/wp\/v2\/product_tag?post=7422"}],"curies":[{"name":"wp","href":"https:\/\/api.w.org\/{rel}","templated":true}]}}