{"id":7502,"date":"2026-04-03T20:47:54","date_gmt":"2026-04-03T19:47:54","guid":{"rendered":"https:\/\/crocjeux.com\/?post_type=product&#038;p=7502"},"modified":"2026-04-03T20:47:55","modified_gmt":"2026-04-03T19:47:55","slug":"phantom-raiders-rush","status":"publish","type":"product","link":"https:\/\/crocjeux.com\/index.php\/produit\/phantom-raiders-rush\/","title":{"rendered":"Phantom Raider&rsquo;s Rush"},"content":{"rendered":"<p>Minerai aux propri\u00e9t\u00e9s uniques, le dacidium est la ressource la plus convoit\u00e9e de l\u2019univers. Converti en source d\u2019\u00e9nergie, il alimente colonies et vaisseaux et maintient le fragile \u00e9quilibre de la civilisation galactique. Bien que le minerai abonde, l\u2019avidit\u00e9 que suscite son exploitation m\u00e8ne toujours au conflit. Aujourd\u2019hui, justement, plusieurs aventuriers convergent \u00e0 grande vitesse vers le m\u00eame quadrant de la galaxie. On vient d\u2019y d\u00e9couvrir de nouveaux gisements. Ce sont des marginaux, des fuyards, des pirates. Ils ont tout abandonn\u00e9 et r\u00eavent de fortune facile. Ils en oublient toute prudence. Car l\u2019ombre du Phantom a d\u00e9j\u00e0 tendu sa toile sur leur destin\u00e9e. Propageant l\u2019effroi jusqu\u2019aux syst\u00e8mes centraux, ce nom \u00e9voque autant de myst\u00e8res que d\u2019admiration, de scepticisme que de crainte. Qui se cache derri\u00e8re cet insondable masque ? L\u2019\u00eatre shao\u2019naal surveille en silence les chasseurs de minerai, guettant ses proies, aussi vif \u00e0 les d\u00e9truire qu\u2019\u00e0 les recruter, pour ajouter dans ses rangs quelques nouveaux fid\u00e8les, conscients de l\u2019\u00eatre ou non. Ainsi sont les dangers qui attendent les aventuriers, ainsi est la loi du Phantom\u2026<\/p>\n","protected":false},"excerpt":{"rendered":"<p>Minerai aux propri\u00e9t\u00e9s uniques, le dacidium est la ressource la plus convoit\u00e9e de l\u2019univers. Converti en source d\u2019\u00e9nergie, il alimente<\/p>\n","protected":false},"featured_media":7503,"comment_status":"open","ping_status":"closed","template":"","meta":{"colormag_page_container_layout":"default_layout","colormag_page_sidebar_layout":"default_layout"},"product_brand":[],"product_cat":[18,37,48],"product_tag":[],"class_list":{"0":"post-7502","1":"product","2":"type-product","3":"status-publish","4":"has-post-thumbnail","6":"product_cat-jeux-de-strategie","7":"product_cat-ne-ratez-pas","8":"product_cat-nouveautes-sorties-prochaines","10":"first","11":"instock","12":"taxable","13":"shipping-taxable","14":"purchasable","15":"product-type-simple"},"yoast_head":"<!-- This site is optimized with the Yoast SEO plugin v27.4 - https:\/\/yoast.com\/product\/yoast-seo-wordpress\/ -->\n<title>Phantom Raider&#039;s Rush - Croc Jeux<\/title>\n<meta name=\"robots\" content=\"index, follow, max-snippet:-1, max-image-preview:large, max-video-preview:-1\" \/>\n<link rel=\"canonical\" href=\"https:\/\/crocjeux.com\/index.php\/produit\/phantom-raiders-rush\/\" \/>\n<meta property=\"og:locale\" content=\"fr_FR\" \/>\n<meta property=\"og:type\" content=\"article\" \/>\n<meta property=\"og:title\" content=\"Phantom Raider&#039;s Rush - Croc Jeux\" \/>\n<meta property=\"og:description\" content=\"Minerai aux propri\u00e9t\u00e9s uniques, le dacidium est la ressource la plus convoit\u00e9e de l\u2019univers. Converti en source d\u2019\u00e9nergie, il alimente\" \/>\n<meta property=\"og:url\" content=\"https:\/\/crocjeux.com\/index.php\/produit\/phantom-raiders-rush\/\" \/>\n<meta property=\"og:site_name\" content=\"Croc Jeux\" \/>\n<meta property=\"article:modified_time\" content=\"2026-04-03T19:47:55+00:00\" \/>\n<meta property=\"og:image\" content=\"https:\/\/crocjeux.com\/wp-content\/uploads\/2026\/04\/Copie-de-Copie-de-Copie-de-Operation-Zebre-BD4.png\" \/>\n\t<meta property=\"og:image:width\" content=\"940\" \/>\n\t<meta property=\"og:image:height\" content=\"788\" \/>\n\t<meta property=\"og:image:type\" content=\"image\/png\" \/>\n<meta name=\"twitter:card\" content=\"summary_large_image\" \/>\n<meta name=\"twitter:label1\" content=\"Dur\u00e9e de lecture estim\u00e9e\" \/>\n\t<meta name=\"twitter:data1\" content=\"2 minutes\" \/>\n<script type=\"application\/ld+json\" class=\"yoast-schema-graph\">{\"@context\":\"https:\\\/\\\/schema.org\",\"@graph\":[{\"@type\":\"WebPage\",\"@id\":\"https:\\\/\\\/crocjeux.com\\\/index.php\\\/produit\\\/phantom-raiders-rush\\\/\",\"url\":\"https:\\\/\\\/crocjeux.com\\\/index.php\\\/produit\\\/phantom-raiders-rush\\\/\",\"name\":\"Phantom Raider's Rush - Croc Jeux\",\"isPartOf\":{\"@id\":\"https:\\\/\\\/crocjeux.com\\\/#website\"},\"primaryImageOfPage\":{\"@id\":\"https:\\\/\\\/crocjeux.com\\\/index.php\\\/produit\\\/phantom-raiders-rush\\\/#primaryimage\"},\"image\":{\"@id\":\"https:\\\/\\\/crocjeux.com\\\/index.php\\\/produit\\\/phantom-raiders-rush\\\/#primaryimage\"},\"thumbnailUrl\":\"https:\\\/\\\/crocjeux.com\\\/wp-content\\\/uploads\\\/2026\\\/04\\\/Copie-de-Copie-de-Copie-de-Operation-Zebre-BD4.png\",\"datePublished\":\"2026-04-03T19:47:54+00:00\",\"dateModified\":\"2026-04-03T19:47:55+00:00\",\"breadcrumb\":{\"@id\":\"https:\\\/\\\/crocjeux.com\\\/index.php\\\/produit\\\/phantom-raiders-rush\\\/#breadcrumb\"},\"inLanguage\":\"fr-FR\",\"potentialAction\":[{\"@type\":\"ReadAction\",\"target\":[\"https:\\\/\\\/crocjeux.com\\\/index.php\\\/produit\\\/phantom-raiders-rush\\\/\"]}]},{\"@type\":\"ImageObject\",\"inLanguage\":\"fr-FR\",\"@id\":\"https:\\\/\\\/crocjeux.com\\\/index.php\\\/produit\\\/phantom-raiders-rush\\\/#primaryimage\",\"url\":\"https:\\\/\\\/crocjeux.com\\\/wp-content\\\/uploads\\\/2026\\\/04\\\/Copie-de-Copie-de-Copie-de-Operation-Zebre-BD4.png\",\"contentUrl\":\"https:\\\/\\\/crocjeux.com\\\/wp-content\\\/uploads\\\/2026\\\/04\\\/Copie-de-Copie-de-Copie-de-Operation-Zebre-BD4.png\",\"width\":940,\"height\":788},{\"@type\":\"BreadcrumbList\",\"@id\":\"https:\\\/\\\/crocjeux.com\\\/index.php\\\/produit\\\/phantom-raiders-rush\\\/#breadcrumb\",\"itemListElement\":[{\"@type\":\"ListItem\",\"position\":1,\"name\":\"Accueil\",\"item\":\"https:\\\/\\\/crocjeux.com\\\/\"},{\"@type\":\"ListItem\",\"position\":2,\"name\":\"Boutique\",\"item\":\"https:\\\/\\\/crocjeux.com\\\/\"},{\"@type\":\"ListItem\",\"position\":3,\"name\":\"Phantom Raider&rsquo;s Rush\"}]},{\"@type\":\"WebSite\",\"@id\":\"https:\\\/\\\/crocjeux.com\\\/#website\",\"url\":\"https:\\\/\\\/crocjeux.com\\\/\",\"name\":\"Croc Jeux\",\"description\":\"Bienvenue chez Croc Jeux!\",\"publisher\":{\"@id\":\"https:\\\/\\\/crocjeux.com\\\/#organization\"},\"potentialAction\":[{\"@type\":\"SearchAction\",\"target\":{\"@type\":\"EntryPoint\",\"urlTemplate\":\"https:\\\/\\\/crocjeux.com\\\/?s={search_term_string}\"},\"query-input\":{\"@type\":\"PropertyValueSpecification\",\"valueRequired\":true,\"valueName\":\"search_term_string\"}}],\"inLanguage\":\"fr-FR\"},{\"@type\":\"Organization\",\"@id\":\"https:\\\/\\\/crocjeux.com\\\/#organization\",\"name\":\"Croc Jeux\",\"url\":\"https:\\\/\\\/crocjeux.com\\\/\",\"logo\":{\"@type\":\"ImageObject\",\"inLanguage\":\"fr-FR\",\"@id\":\"https:\\\/\\\/crocjeux.com\\\/#\\\/schema\\\/logo\\\/image\\\/\",\"url\":\"https:\\\/\\\/crocjeux.com\\\/wp-content\\\/uploads\\\/2022\\\/01\\\/cropped-logo-croc-etape-1-e1644574034239.jpg\",\"contentUrl\":\"https:\\\/\\\/crocjeux.com\\\/wp-content\\\/uploads\\\/2022\\\/01\\\/cropped-logo-croc-etape-1-e1644574034239.jpg\",\"width\":1224,\"height\":314,\"caption\":\"Croc Jeux\"},\"image\":{\"@id\":\"https:\\\/\\\/crocjeux.com\\\/#\\\/schema\\\/logo\\\/image\\\/\"}}]}<\/script>\n<!-- \/ Yoast SEO plugin. -->","yoast_head_json":{"title":"Phantom Raider's Rush - Croc Jeux","robots":{"index":"index","follow":"follow","max-snippet":"max-snippet:-1","max-image-preview":"max-image-preview:large","max-video-preview":"max-video-preview:-1"},"canonical":"https:\/\/crocjeux.com\/index.php\/produit\/phantom-raiders-rush\/","og_locale":"fr_FR","og_type":"article","og_title":"Phantom Raider's Rush - Croc Jeux","og_description":"Minerai aux propri\u00e9t\u00e9s uniques, le dacidium est la ressource la plus convoit\u00e9e de l\u2019univers. Converti en source d\u2019\u00e9nergie, il alimente","og_url":"https:\/\/crocjeux.com\/index.php\/produit\/phantom-raiders-rush\/","og_site_name":"Croc Jeux","article_modified_time":"2026-04-03T19:47:55+00:00","og_image":[{"width":940,"height":788,"url":"https:\/\/crocjeux.com\/wp-content\/uploads\/2026\/04\/Copie-de-Copie-de-Copie-de-Operation-Zebre-BD4.png","type":"image\/png"}],"twitter_card":"summary_large_image","twitter_misc":{"Dur\u00e9e de lecture estim\u00e9e":"2 minutes"},"schema":{"@context":"https:\/\/schema.org","@graph":[{"@type":"WebPage","@id":"https:\/\/crocjeux.com\/index.php\/produit\/phantom-raiders-rush\/","url":"https:\/\/crocjeux.com\/index.php\/produit\/phantom-raiders-rush\/","name":"Phantom Raider's Rush - Croc Jeux","isPartOf":{"@id":"https:\/\/crocjeux.com\/#website"},"primaryImageOfPage":{"@id":"https:\/\/crocjeux.com\/index.php\/produit\/phantom-raiders-rush\/#primaryimage"},"image":{"@id":"https:\/\/crocjeux.com\/index.php\/produit\/phantom-raiders-rush\/#primaryimage"},"thumbnailUrl":"https:\/\/crocjeux.com\/wp-content\/uploads\/2026\/04\/Copie-de-Copie-de-Copie-de-Operation-Zebre-BD4.png","datePublished":"2026-04-03T19:47:54+00:00","dateModified":"2026-04-03T19:47:55+00:00","breadcrumb":{"@id":"https:\/\/crocjeux.com\/index.php\/produit\/phantom-raiders-rush\/#breadcrumb"},"inLanguage":"fr-FR","potentialAction":[{"@type":"ReadAction","target":["https:\/\/crocjeux.com\/index.php\/produit\/phantom-raiders-rush\/"]}]},{"@type":"ImageObject","inLanguage":"fr-FR","@id":"https:\/\/crocjeux.com\/index.php\/produit\/phantom-raiders-rush\/#primaryimage","url":"https:\/\/crocjeux.com\/wp-content\/uploads\/2026\/04\/Copie-de-Copie-de-Copie-de-Operation-Zebre-BD4.png","contentUrl":"https:\/\/crocjeux.com\/wp-content\/uploads\/2026\/04\/Copie-de-Copie-de-Copie-de-Operation-Zebre-BD4.png","width":940,"height":788},{"@type":"BreadcrumbList","@id":"https:\/\/crocjeux.com\/index.php\/produit\/phantom-raiders-rush\/#breadcrumb","itemListElement":[{"@type":"ListItem","position":1,"name":"Accueil","item":"https:\/\/crocjeux.com\/"},{"@type":"ListItem","position":2,"name":"Boutique","item":"https:\/\/crocjeux.com\/"},{"@type":"ListItem","position":3,"name":"Phantom Raider&rsquo;s Rush"}]},{"@type":"WebSite","@id":"https:\/\/crocjeux.com\/#website","url":"https:\/\/crocjeux.com\/","name":"Croc Jeux","description":"Bienvenue chez Croc Jeux!","publisher":{"@id":"https:\/\/crocjeux.com\/#organization"},"potentialAction":[{"@type":"SearchAction","target":{"@type":"EntryPoint","urlTemplate":"https:\/\/crocjeux.com\/?s={search_term_string}"},"query-input":{"@type":"PropertyValueSpecification","valueRequired":true,"valueName":"search_term_string"}}],"inLanguage":"fr-FR"},{"@type":"Organization","@id":"https:\/\/crocjeux.com\/#organization","name":"Croc Jeux","url":"https:\/\/crocjeux.com\/","logo":{"@type":"ImageObject","inLanguage":"fr-FR","@id":"https:\/\/crocjeux.com\/#\/schema\/logo\/image\/","url":"https:\/\/crocjeux.com\/wp-content\/uploads\/2022\/01\/cropped-logo-croc-etape-1-e1644574034239.jpg","contentUrl":"https:\/\/crocjeux.com\/wp-content\/uploads\/2022\/01\/cropped-logo-croc-etape-1-e1644574034239.jpg","width":1224,"height":314,"caption":"Croc Jeux"},"image":{"@id":"https:\/\/crocjeux.com\/#\/schema\/logo\/image\/"}}]}},"_links":{"self":[{"href":"https:\/\/crocjeux.com\/index.php\/wp-json\/wp\/v2\/product\/7502","targetHints":{"allow":["GET"]}}],"collection":[{"href":"https:\/\/crocjeux.com\/index.php\/wp-json\/wp\/v2\/product"}],"about":[{"href":"https:\/\/crocjeux.com\/index.php\/wp-json\/wp\/v2\/types\/product"}],"replies":[{"embeddable":true,"href":"https:\/\/crocjeux.com\/index.php\/wp-json\/wp\/v2\/comments?post=7502"}],"wp:featuredmedia":[{"embeddable":true,"href":"https:\/\/crocjeux.com\/index.php\/wp-json\/wp\/v2\/media\/7503"}],"wp:attachment":[{"href":"https:\/\/crocjeux.com\/index.php\/wp-json\/wp\/v2\/media?parent=7502"}],"wp:term":[{"taxonomy":"product_brand","embeddable":true,"href":"https:\/\/crocjeux.com\/index.php\/wp-json\/wp\/v2\/product_brand?post=7502"},{"taxonomy":"product_cat","embeddable":true,"href":"https:\/\/crocjeux.com\/index.php\/wp-json\/wp\/v2\/product_cat?post=7502"},{"taxonomy":"product_tag","embeddable":true,"href":"https:\/\/crocjeux.com\/index.php\/wp-json\/wp\/v2\/product_tag?post=7502"}],"curies":[{"name":"wp","href":"https:\/\/api.w.org\/{rel}","templated":true}]}}