{"id":7506,"date":"2026-04-03T21:11:54","date_gmt":"2026-04-03T20:11:54","guid":{"rendered":"https:\/\/crocjeux.com\/?post_type=product&#038;p=7506"},"modified":"2026-04-03T21:11:54","modified_gmt":"2026-04-03T20:11:54","slug":"captain-flip-extension-isla-bomba","status":"publish","type":"product","link":"https:\/\/crocjeux.com\/index.php\/produit\/captain-flip-extension-isla-bomba\/","title":{"rendered":"Captain Flip extension Isla Bomba"},"content":{"rendered":"<p>Captain Flip est un jeu de combinaisons o\u00f9 vous incarnez des capitaines pirates, recrutant leur \u00e9quipage pour voguer et accumuler de l&rsquo;or.<br \/>\nAvec l&rsquo;extension Isla Bomba, le jeu \u00e0 succ\u00e8s s&rsquo;enrichit de 4 nouveaux plateaux de jeu aux effets vari\u00e9s. Chacun de ses plateaux Aventure est une \u00e9tape de ce nouveau voyage, plein d&rsquo;opportunit\u00e9s, de surprises et de dangers. \u00c9quipez votre bathyscaphe. Lib\u00e9rez vos compagnons de la prison. Fouillez l\u2019observatoire et trouvez la route menant \u00e0 Isla Bomba. Une<br \/>\nfois sur place, r\u00e9sisterez-vous aux diff\u00e9rentes tentations de cette \u00eele mythique et explosive\u2009?<br \/>\nRenouvelez vos strat\u00e9gies gr\u00e2ce \u00e0 5 nouvelles cartes au tr\u00e9sor : La Carte Maudite, la Carte Enflamm\u00e9e, la Carte du Parieur, la Carte du Kraken et la Carte des 4 Vents.<br \/>\nLors de vos parties, choisissez l\u2019une de ces 5 nouvelles Cartes ou prenez-en une al\u00e9atoirement. Elles s\u2019obtiennent de la m\u00eame fa\u00e7on que celle du jeu de base mais chacune propose de nouveaux effets surprenants. \u00a0Une carte au tr\u00e9sor vierge vous permet aussi d&rsquo;inventer votre propre version aux effets in\u00e9dits.<br \/>\nCette extension n\u00e9cessite le jeu de Base pour jouer. Les plateaux et cartes au Tr\u00e9sor du jeu de base et de l&rsquo;extension peuvent \u00eatre associ\u00e9s selon vos souhaits.<\/p>\n<p><strong>Contenu :<\/strong><\/p>\n<ul>\n<li>4 plateaux recto-verso en 5 exemplaires.<\/li>\n<li>5 nouvelles cartes au tr\u00e9sor.<\/li>\n<li>1 carte au tr\u00e9sor vierge.<\/li>\n<li>6 jetons Pi\u00e8ces 1 livret de r\u00e8gles.<\/li>\n<\/ul>\n","protected":false},"excerpt":{"rendered":"<p>Captain Flip est un jeu de combinaisons o\u00f9 vous incarnez des capitaines pirates, recrutant leur \u00e9quipage pour voguer et accumuler<\/p>\n","protected":false},"featured_media":7507,"comment_status":"open","ping_status":"closed","template":"","meta":{"colormag_page_container_layout":"default_layout","colormag_page_sidebar_layout":"default_layout"},"product_brand":[],"product_cat":[18,36,48],"product_tag":[],"class_list":{"0":"post-7506","1":"product","2":"type-product","3":"status-publish","4":"has-post-thumbnail","6":"product_cat-jeux-de-strategie","7":"product_cat-jeux-familiaux","8":"product_cat-nouveautes-sorties-prochaines","10":"first","11":"instock","12":"taxable","13":"shipping-taxable","14":"purchasable","15":"product-type-simple"},"yoast_head":"<!-- This site is optimized with the Yoast SEO plugin v27.4 - https:\/\/yoast.com\/product\/yoast-seo-wordpress\/ -->\n<title>Captain Flip extension Isla Bomba - Croc Jeux<\/title>\n<meta name=\"robots\" content=\"index, follow, max-snippet:-1, max-image-preview:large, max-video-preview:-1\" \/>\n<link rel=\"canonical\" href=\"https:\/\/crocjeux.com\/index.php\/produit\/captain-flip-extension-isla-bomba\/\" \/>\n<meta property=\"og:locale\" content=\"fr_FR\" \/>\n<meta property=\"og:type\" content=\"article\" \/>\n<meta property=\"og:title\" content=\"Captain Flip extension Isla Bomba - Croc Jeux\" \/>\n<meta property=\"og:description\" content=\"Captain Flip est un jeu de combinaisons o\u00f9 vous incarnez des capitaines pirates, recrutant leur \u00e9quipage pour voguer et accumuler\" \/>\n<meta property=\"og:url\" content=\"https:\/\/crocjeux.com\/index.php\/produit\/captain-flip-extension-isla-bomba\/\" \/>\n<meta property=\"og:site_name\" content=\"Croc Jeux\" \/>\n<meta property=\"og:image\" content=\"https:\/\/crocjeux.com\/wp-content\/uploads\/2026\/04\/plpcf03ml_box3d1_20260123.jpg\" \/>\n\t<meta property=\"og:image:width\" content=\"400\" \/>\n\t<meta property=\"og:image:height\" content=\"386\" \/>\n\t<meta property=\"og:image:type\" content=\"image\/jpeg\" \/>\n<meta name=\"twitter:card\" content=\"summary_large_image\" \/>\n<meta name=\"twitter:label1\" content=\"Dur\u00e9e de lecture estim\u00e9e\" \/>\n\t<meta name=\"twitter:data1\" content=\"2 minutes\" \/>\n<script type=\"application\/ld+json\" class=\"yoast-schema-graph\">{\"@context\":\"https:\\\/\\\/schema.org\",\"@graph\":[{\"@type\":\"WebPage\",\"@id\":\"https:\\\/\\\/crocjeux.com\\\/index.php\\\/produit\\\/captain-flip-extension-isla-bomba\\\/\",\"url\":\"https:\\\/\\\/crocjeux.com\\\/index.php\\\/produit\\\/captain-flip-extension-isla-bomba\\\/\",\"name\":\"Captain Flip extension Isla Bomba - Croc Jeux\",\"isPartOf\":{\"@id\":\"https:\\\/\\\/crocjeux.com\\\/#website\"},\"primaryImageOfPage\":{\"@id\":\"https:\\\/\\\/crocjeux.com\\\/index.php\\\/produit\\\/captain-flip-extension-isla-bomba\\\/#primaryimage\"},\"image\":{\"@id\":\"https:\\\/\\\/crocjeux.com\\\/index.php\\\/produit\\\/captain-flip-extension-isla-bomba\\\/#primaryimage\"},\"thumbnailUrl\":\"https:\\\/\\\/crocjeux.com\\\/wp-content\\\/uploads\\\/2026\\\/04\\\/plpcf03ml_box3d1_20260123.jpg\",\"datePublished\":\"2026-04-03T20:11:54+00:00\",\"breadcrumb\":{\"@id\":\"https:\\\/\\\/crocjeux.com\\\/index.php\\\/produit\\\/captain-flip-extension-isla-bomba\\\/#breadcrumb\"},\"inLanguage\":\"fr-FR\",\"potentialAction\":[{\"@type\":\"ReadAction\",\"target\":[\"https:\\\/\\\/crocjeux.com\\\/index.php\\\/produit\\\/captain-flip-extension-isla-bomba\\\/\"]}]},{\"@type\":\"ImageObject\",\"inLanguage\":\"fr-FR\",\"@id\":\"https:\\\/\\\/crocjeux.com\\\/index.php\\\/produit\\\/captain-flip-extension-isla-bomba\\\/#primaryimage\",\"url\":\"https:\\\/\\\/crocjeux.com\\\/wp-content\\\/uploads\\\/2026\\\/04\\\/plpcf03ml_box3d1_20260123.jpg\",\"contentUrl\":\"https:\\\/\\\/crocjeux.com\\\/wp-content\\\/uploads\\\/2026\\\/04\\\/plpcf03ml_box3d1_20260123.jpg\",\"width\":400,\"height\":386},{\"@type\":\"BreadcrumbList\",\"@id\":\"https:\\\/\\\/crocjeux.com\\\/index.php\\\/produit\\\/captain-flip-extension-isla-bomba\\\/#breadcrumb\",\"itemListElement\":[{\"@type\":\"ListItem\",\"position\":1,\"name\":\"Accueil\",\"item\":\"https:\\\/\\\/crocjeux.com\\\/\"},{\"@type\":\"ListItem\",\"position\":2,\"name\":\"Boutique\",\"item\":\"https:\\\/\\\/crocjeux.com\\\/\"},{\"@type\":\"ListItem\",\"position\":3,\"name\":\"Captain Flip extension Isla Bomba\"}]},{\"@type\":\"WebSite\",\"@id\":\"https:\\\/\\\/crocjeux.com\\\/#website\",\"url\":\"https:\\\/\\\/crocjeux.com\\\/\",\"name\":\"Croc Jeux\",\"description\":\"Bienvenue chez Croc Jeux!\",\"publisher\":{\"@id\":\"https:\\\/\\\/crocjeux.com\\\/#organization\"},\"potentialAction\":[{\"@type\":\"SearchAction\",\"target\":{\"@type\":\"EntryPoint\",\"urlTemplate\":\"https:\\\/\\\/crocjeux.com\\\/?s={search_term_string}\"},\"query-input\":{\"@type\":\"PropertyValueSpecification\",\"valueRequired\":true,\"valueName\":\"search_term_string\"}}],\"inLanguage\":\"fr-FR\"},{\"@type\":\"Organization\",\"@id\":\"https:\\\/\\\/crocjeux.com\\\/#organization\",\"name\":\"Croc Jeux\",\"url\":\"https:\\\/\\\/crocjeux.com\\\/\",\"logo\":{\"@type\":\"ImageObject\",\"inLanguage\":\"fr-FR\",\"@id\":\"https:\\\/\\\/crocjeux.com\\\/#\\\/schema\\\/logo\\\/image\\\/\",\"url\":\"https:\\\/\\\/crocjeux.com\\\/wp-content\\\/uploads\\\/2022\\\/01\\\/cropped-logo-croc-etape-1-e1644574034239.jpg\",\"contentUrl\":\"https:\\\/\\\/crocjeux.com\\\/wp-content\\\/uploads\\\/2022\\\/01\\\/cropped-logo-croc-etape-1-e1644574034239.jpg\",\"width\":1224,\"height\":314,\"caption\":\"Croc Jeux\"},\"image\":{\"@id\":\"https:\\\/\\\/crocjeux.com\\\/#\\\/schema\\\/logo\\\/image\\\/\"}}]}<\/script>\n<!-- \/ Yoast SEO plugin. -->","yoast_head_json":{"title":"Captain Flip extension Isla Bomba - Croc Jeux","robots":{"index":"index","follow":"follow","max-snippet":"max-snippet:-1","max-image-preview":"max-image-preview:large","max-video-preview":"max-video-preview:-1"},"canonical":"https:\/\/crocjeux.com\/index.php\/produit\/captain-flip-extension-isla-bomba\/","og_locale":"fr_FR","og_type":"article","og_title":"Captain Flip extension Isla Bomba - Croc Jeux","og_description":"Captain Flip est un jeu de combinaisons o\u00f9 vous incarnez des capitaines pirates, recrutant leur \u00e9quipage pour voguer et accumuler","og_url":"https:\/\/crocjeux.com\/index.php\/produit\/captain-flip-extension-isla-bomba\/","og_site_name":"Croc Jeux","og_image":[{"width":400,"height":386,"url":"https:\/\/crocjeux.com\/wp-content\/uploads\/2026\/04\/plpcf03ml_box3d1_20260123.jpg","type":"image\/jpeg"}],"twitter_card":"summary_large_image","twitter_misc":{"Dur\u00e9e de lecture estim\u00e9e":"2 minutes"},"schema":{"@context":"https:\/\/schema.org","@graph":[{"@type":"WebPage","@id":"https:\/\/crocjeux.com\/index.php\/produit\/captain-flip-extension-isla-bomba\/","url":"https:\/\/crocjeux.com\/index.php\/produit\/captain-flip-extension-isla-bomba\/","name":"Captain Flip extension Isla Bomba - Croc Jeux","isPartOf":{"@id":"https:\/\/crocjeux.com\/#website"},"primaryImageOfPage":{"@id":"https:\/\/crocjeux.com\/index.php\/produit\/captain-flip-extension-isla-bomba\/#primaryimage"},"image":{"@id":"https:\/\/crocjeux.com\/index.php\/produit\/captain-flip-extension-isla-bomba\/#primaryimage"},"thumbnailUrl":"https:\/\/crocjeux.com\/wp-content\/uploads\/2026\/04\/plpcf03ml_box3d1_20260123.jpg","datePublished":"2026-04-03T20:11:54+00:00","breadcrumb":{"@id":"https:\/\/crocjeux.com\/index.php\/produit\/captain-flip-extension-isla-bomba\/#breadcrumb"},"inLanguage":"fr-FR","potentialAction":[{"@type":"ReadAction","target":["https:\/\/crocjeux.com\/index.php\/produit\/captain-flip-extension-isla-bomba\/"]}]},{"@type":"ImageObject","inLanguage":"fr-FR","@id":"https:\/\/crocjeux.com\/index.php\/produit\/captain-flip-extension-isla-bomba\/#primaryimage","url":"https:\/\/crocjeux.com\/wp-content\/uploads\/2026\/04\/plpcf03ml_box3d1_20260123.jpg","contentUrl":"https:\/\/crocjeux.com\/wp-content\/uploads\/2026\/04\/plpcf03ml_box3d1_20260123.jpg","width":400,"height":386},{"@type":"BreadcrumbList","@id":"https:\/\/crocjeux.com\/index.php\/produit\/captain-flip-extension-isla-bomba\/#breadcrumb","itemListElement":[{"@type":"ListItem","position":1,"name":"Accueil","item":"https:\/\/crocjeux.com\/"},{"@type":"ListItem","position":2,"name":"Boutique","item":"https:\/\/crocjeux.com\/"},{"@type":"ListItem","position":3,"name":"Captain Flip extension Isla Bomba"}]},{"@type":"WebSite","@id":"https:\/\/crocjeux.com\/#website","url":"https:\/\/crocjeux.com\/","name":"Croc Jeux","description":"Bienvenue chez Croc Jeux!","publisher":{"@id":"https:\/\/crocjeux.com\/#organization"},"potentialAction":[{"@type":"SearchAction","target":{"@type":"EntryPoint","urlTemplate":"https:\/\/crocjeux.com\/?s={search_term_string}"},"query-input":{"@type":"PropertyValueSpecification","valueRequired":true,"valueName":"search_term_string"}}],"inLanguage":"fr-FR"},{"@type":"Organization","@id":"https:\/\/crocjeux.com\/#organization","name":"Croc Jeux","url":"https:\/\/crocjeux.com\/","logo":{"@type":"ImageObject","inLanguage":"fr-FR","@id":"https:\/\/crocjeux.com\/#\/schema\/logo\/image\/","url":"https:\/\/crocjeux.com\/wp-content\/uploads\/2022\/01\/cropped-logo-croc-etape-1-e1644574034239.jpg","contentUrl":"https:\/\/crocjeux.com\/wp-content\/uploads\/2022\/01\/cropped-logo-croc-etape-1-e1644574034239.jpg","width":1224,"height":314,"caption":"Croc Jeux"},"image":{"@id":"https:\/\/crocjeux.com\/#\/schema\/logo\/image\/"}}]}},"_links":{"self":[{"href":"https:\/\/crocjeux.com\/index.php\/wp-json\/wp\/v2\/product\/7506","targetHints":{"allow":["GET"]}}],"collection":[{"href":"https:\/\/crocjeux.com\/index.php\/wp-json\/wp\/v2\/product"}],"about":[{"href":"https:\/\/crocjeux.com\/index.php\/wp-json\/wp\/v2\/types\/product"}],"replies":[{"embeddable":true,"href":"https:\/\/crocjeux.com\/index.php\/wp-json\/wp\/v2\/comments?post=7506"}],"wp:featuredmedia":[{"embeddable":true,"href":"https:\/\/crocjeux.com\/index.php\/wp-json\/wp\/v2\/media\/7507"}],"wp:attachment":[{"href":"https:\/\/crocjeux.com\/index.php\/wp-json\/wp\/v2\/media?parent=7506"}],"wp:term":[{"taxonomy":"product_brand","embeddable":true,"href":"https:\/\/crocjeux.com\/index.php\/wp-json\/wp\/v2\/product_brand?post=7506"},{"taxonomy":"product_cat","embeddable":true,"href":"https:\/\/crocjeux.com\/index.php\/wp-json\/wp\/v2\/product_cat?post=7506"},{"taxonomy":"product_tag","embeddable":true,"href":"https:\/\/crocjeux.com\/index.php\/wp-json\/wp\/v2\/product_tag?post=7506"}],"curies":[{"name":"wp","href":"https:\/\/api.w.org\/{rel}","templated":true}]}}