{"id":7508,"date":"2026-04-03T21:17:01","date_gmt":"2026-04-03T20:17:01","guid":{"rendered":"https:\/\/crocjeux.com\/?post_type=product&#038;p=7508"},"modified":"2026-04-03T21:17:01","modified_gmt":"2026-04-03T20:17:01","slug":"5-minute-one-piece","status":"publish","type":"product","link":"https:\/\/crocjeux.com\/index.php\/produit\/5-minute-one-piece\/","title":{"rendered":"5 Minute One Piece"},"content":{"rendered":"<p>Affrontez les dangers de Grand Line\u2026 en 5 minutes top chrono !<br \/>\nDans ce jeu coop\u00e9ratif au rythme effr\u00e9n\u00e9, chaque joueur incarne un membre de l\u2019\u00e9quipage du Vogue Merry \u2014 Luffy, Zoro, Nami, Sanji et les autres \u2014 avec son propre deck de cartes et ses pouvoirs uniques. Ensemble, vous devrez vaincre les ennemis, surmonter les \u00e9v\u00e9nements et relever les d\u00e9fis qui se dressent sur votre route, \u00eele apr\u00e8s \u00eele.<br \/>\nPas de tour de jeu : tout le monde joue en m\u00eame temps ! L\u2019objectif : r\u00e9ussir un nombre pr\u00e9cis de cartes D\u00e9fi en alignant les bons symboles, dans le bon ordre, sur le plateau-bateau. Chacun peut poser ses cartes quand il veut, mais attention au chrono : vous n\u2019avez que 5 minutes pour boucler le paquet Aventure et battre le Boss de l\u2019\u00eele !<br \/>\nInspir\u00e9 du best-seller 5 Minutes Donjon, ce jeu plonge les fans dans l\u2019univers de la s\u00e9rie One Piece (Netflix), avec des m\u00e9caniques ultra simples, une rejouabilit\u00e9 forte, et une tension permanente.<\/p>\n","protected":false},"excerpt":{"rendered":"<p>Affrontez les dangers de Grand Line\u2026 en 5 minutes top chrono ! Dans ce jeu coop\u00e9ratif au rythme effr\u00e9n\u00e9, chaque<\/p>\n","protected":false},"featured_media":7509,"comment_status":"open","ping_status":"closed","template":"","meta":{"colormag_page_container_layout":"default_layout","colormag_page_sidebar_layout":"default_layout"},"product_brand":[],"product_cat":[30,36,48],"product_tag":[],"class_list":{"0":"post-7508","1":"product","2":"type-product","3":"status-publish","4":"has-post-thumbnail","6":"product_cat-jeux-collaboratifs","7":"product_cat-jeux-familiaux","8":"product_cat-nouveautes-sorties-prochaines","10":"first","11":"instock","12":"taxable","13":"shipping-taxable","14":"purchasable","15":"product-type-simple"},"yoast_head":"<!-- This site is optimized with the Yoast SEO plugin v27.1.1 - https:\/\/yoast.com\/product\/yoast-seo-wordpress\/ -->\n<title>5 Minute One Piece - Croc Jeux<\/title>\n<meta name=\"robots\" content=\"index, follow, max-snippet:-1, max-image-preview:large, max-video-preview:-1\" \/>\n<link rel=\"canonical\" href=\"https:\/\/crocjeux.com\/index.php\/produit\/5-minute-one-piece\/\" \/>\n<meta property=\"og:locale\" content=\"fr_FR\" \/>\n<meta property=\"og:type\" content=\"article\" \/>\n<meta property=\"og:title\" content=\"5 Minute One Piece - Croc Jeux\" \/>\n<meta property=\"og:description\" content=\"Affrontez les dangers de Grand Line\u2026 en 5 minutes top chrono ! Dans ce jeu coop\u00e9ratif au rythme effr\u00e9n\u00e9, chaque\" \/>\n<meta property=\"og:url\" content=\"https:\/\/crocjeux.com\/index.php\/produit\/5-minute-one-piece\/\" \/>\n<meta property=\"og:site_name\" content=\"Croc Jeux\" \/>\n<meta property=\"og:image\" content=\"https:\/\/crocjeux.com\/wp-content\/uploads\/2026\/04\/w3d5mop0101fr_box3d_20251021_embargo_10mars2026.jpg\" \/>\n\t<meta property=\"og:image:width\" content=\"862\" \/>\n\t<meta property=\"og:image:height\" content=\"1023\" \/>\n\t<meta property=\"og:image:type\" content=\"image\/jpeg\" \/>\n<meta name=\"twitter:card\" content=\"summary_large_image\" \/>\n<meta name=\"twitter:label1\" content=\"Dur\u00e9e de lecture estim\u00e9e\" \/>\n\t<meta name=\"twitter:data1\" content=\"2 minutes\" \/>\n<script type=\"application\/ld+json\" class=\"yoast-schema-graph\">{\"@context\":\"https:\/\/schema.org\",\"@graph\":[{\"@type\":\"WebPage\",\"@id\":\"https:\/\/crocjeux.com\/index.php\/produit\/5-minute-one-piece\/\",\"url\":\"https:\/\/crocjeux.com\/index.php\/produit\/5-minute-one-piece\/\",\"name\":\"5 Minute One Piece - Croc Jeux\",\"isPartOf\":{\"@id\":\"https:\/\/crocjeux.com\/#website\"},\"primaryImageOfPage\":{\"@id\":\"https:\/\/crocjeux.com\/index.php\/produit\/5-minute-one-piece\/#primaryimage\"},\"image\":{\"@id\":\"https:\/\/crocjeux.com\/index.php\/produit\/5-minute-one-piece\/#primaryimage\"},\"thumbnailUrl\":\"https:\/\/crocjeux.com\/wp-content\/uploads\/2026\/04\/w3d5mop0101fr_box3d_20251021_embargo_10mars2026.jpg\",\"datePublished\":\"2026-04-03T20:17:01+00:00\",\"breadcrumb\":{\"@id\":\"https:\/\/crocjeux.com\/index.php\/produit\/5-minute-one-piece\/#breadcrumb\"},\"inLanguage\":\"fr-FR\",\"potentialAction\":[{\"@type\":\"ReadAction\",\"target\":[\"https:\/\/crocjeux.com\/index.php\/produit\/5-minute-one-piece\/\"]}]},{\"@type\":\"ImageObject\",\"inLanguage\":\"fr-FR\",\"@id\":\"https:\/\/crocjeux.com\/index.php\/produit\/5-minute-one-piece\/#primaryimage\",\"url\":\"https:\/\/crocjeux.com\/wp-content\/uploads\/2026\/04\/w3d5mop0101fr_box3d_20251021_embargo_10mars2026.jpg\",\"contentUrl\":\"https:\/\/crocjeux.com\/wp-content\/uploads\/2026\/04\/w3d5mop0101fr_box3d_20251021_embargo_10mars2026.jpg\",\"width\":862,\"height\":1023},{\"@type\":\"BreadcrumbList\",\"@id\":\"https:\/\/crocjeux.com\/index.php\/produit\/5-minute-one-piece\/#breadcrumb\",\"itemListElement\":[{\"@type\":\"ListItem\",\"position\":1,\"name\":\"Accueil\",\"item\":\"https:\/\/crocjeux.com\/\"},{\"@type\":\"ListItem\",\"position\":2,\"name\":\"Boutique\",\"item\":\"https:\/\/crocjeux.com\/\"},{\"@type\":\"ListItem\",\"position\":3,\"name\":\"5 Minute One Piece\"}]},{\"@type\":\"WebSite\",\"@id\":\"https:\/\/crocjeux.com\/#website\",\"url\":\"https:\/\/crocjeux.com\/\",\"name\":\"Croc Jeux\",\"description\":\"Bienvenue chez Croc Jeux!\",\"publisher\":{\"@id\":\"https:\/\/crocjeux.com\/#organization\"},\"potentialAction\":[{\"@type\":\"SearchAction\",\"target\":{\"@type\":\"EntryPoint\",\"urlTemplate\":\"https:\/\/crocjeux.com\/?s={search_term_string}\"},\"query-input\":{\"@type\":\"PropertyValueSpecification\",\"valueRequired\":true,\"valueName\":\"search_term_string\"}}],\"inLanguage\":\"fr-FR\"},{\"@type\":\"Organization\",\"@id\":\"https:\/\/crocjeux.com\/#organization\",\"name\":\"Croc Jeux\",\"url\":\"https:\/\/crocjeux.com\/\",\"logo\":{\"@type\":\"ImageObject\",\"inLanguage\":\"fr-FR\",\"@id\":\"https:\/\/crocjeux.com\/#\/schema\/logo\/image\/\",\"url\":\"https:\/\/crocjeux.com\/wp-content\/uploads\/2022\/01\/cropped-logo-croc-etape-1-e1644574034239.jpg\",\"contentUrl\":\"https:\/\/crocjeux.com\/wp-content\/uploads\/2022\/01\/cropped-logo-croc-etape-1-e1644574034239.jpg\",\"width\":1224,\"height\":314,\"caption\":\"Croc Jeux\"},\"image\":{\"@id\":\"https:\/\/crocjeux.com\/#\/schema\/logo\/image\/\"}}]}<\/script>\n<!-- \/ Yoast SEO plugin. -->","yoast_head_json":{"title":"5 Minute One Piece - Croc Jeux","robots":{"index":"index","follow":"follow","max-snippet":"max-snippet:-1","max-image-preview":"max-image-preview:large","max-video-preview":"max-video-preview:-1"},"canonical":"https:\/\/crocjeux.com\/index.php\/produit\/5-minute-one-piece\/","og_locale":"fr_FR","og_type":"article","og_title":"5 Minute One Piece - Croc Jeux","og_description":"Affrontez les dangers de Grand Line\u2026 en 5 minutes top chrono ! Dans ce jeu coop\u00e9ratif au rythme effr\u00e9n\u00e9, chaque","og_url":"https:\/\/crocjeux.com\/index.php\/produit\/5-minute-one-piece\/","og_site_name":"Croc Jeux","og_image":[{"width":862,"height":1023,"url":"https:\/\/crocjeux.com\/wp-content\/uploads\/2026\/04\/w3d5mop0101fr_box3d_20251021_embargo_10mars2026.jpg","type":"image\/jpeg"}],"twitter_card":"summary_large_image","twitter_misc":{"Dur\u00e9e de lecture estim\u00e9e":"2 minutes"},"schema":{"@context":"https:\/\/schema.org","@graph":[{"@type":"WebPage","@id":"https:\/\/crocjeux.com\/index.php\/produit\/5-minute-one-piece\/","url":"https:\/\/crocjeux.com\/index.php\/produit\/5-minute-one-piece\/","name":"5 Minute One Piece - Croc Jeux","isPartOf":{"@id":"https:\/\/crocjeux.com\/#website"},"primaryImageOfPage":{"@id":"https:\/\/crocjeux.com\/index.php\/produit\/5-minute-one-piece\/#primaryimage"},"image":{"@id":"https:\/\/crocjeux.com\/index.php\/produit\/5-minute-one-piece\/#primaryimage"},"thumbnailUrl":"https:\/\/crocjeux.com\/wp-content\/uploads\/2026\/04\/w3d5mop0101fr_box3d_20251021_embargo_10mars2026.jpg","datePublished":"2026-04-03T20:17:01+00:00","breadcrumb":{"@id":"https:\/\/crocjeux.com\/index.php\/produit\/5-minute-one-piece\/#breadcrumb"},"inLanguage":"fr-FR","potentialAction":[{"@type":"ReadAction","target":["https:\/\/crocjeux.com\/index.php\/produit\/5-minute-one-piece\/"]}]},{"@type":"ImageObject","inLanguage":"fr-FR","@id":"https:\/\/crocjeux.com\/index.php\/produit\/5-minute-one-piece\/#primaryimage","url":"https:\/\/crocjeux.com\/wp-content\/uploads\/2026\/04\/w3d5mop0101fr_box3d_20251021_embargo_10mars2026.jpg","contentUrl":"https:\/\/crocjeux.com\/wp-content\/uploads\/2026\/04\/w3d5mop0101fr_box3d_20251021_embargo_10mars2026.jpg","width":862,"height":1023},{"@type":"BreadcrumbList","@id":"https:\/\/crocjeux.com\/index.php\/produit\/5-minute-one-piece\/#breadcrumb","itemListElement":[{"@type":"ListItem","position":1,"name":"Accueil","item":"https:\/\/crocjeux.com\/"},{"@type":"ListItem","position":2,"name":"Boutique","item":"https:\/\/crocjeux.com\/"},{"@type":"ListItem","position":3,"name":"5 Minute One Piece"}]},{"@type":"WebSite","@id":"https:\/\/crocjeux.com\/#website","url":"https:\/\/crocjeux.com\/","name":"Croc Jeux","description":"Bienvenue chez Croc Jeux!","publisher":{"@id":"https:\/\/crocjeux.com\/#organization"},"potentialAction":[{"@type":"SearchAction","target":{"@type":"EntryPoint","urlTemplate":"https:\/\/crocjeux.com\/?s={search_term_string}"},"query-input":{"@type":"PropertyValueSpecification","valueRequired":true,"valueName":"search_term_string"}}],"inLanguage":"fr-FR"},{"@type":"Organization","@id":"https:\/\/crocjeux.com\/#organization","name":"Croc Jeux","url":"https:\/\/crocjeux.com\/","logo":{"@type":"ImageObject","inLanguage":"fr-FR","@id":"https:\/\/crocjeux.com\/#\/schema\/logo\/image\/","url":"https:\/\/crocjeux.com\/wp-content\/uploads\/2022\/01\/cropped-logo-croc-etape-1-e1644574034239.jpg","contentUrl":"https:\/\/crocjeux.com\/wp-content\/uploads\/2022\/01\/cropped-logo-croc-etape-1-e1644574034239.jpg","width":1224,"height":314,"caption":"Croc Jeux"},"image":{"@id":"https:\/\/crocjeux.com\/#\/schema\/logo\/image\/"}}]}},"_links":{"self":[{"href":"https:\/\/crocjeux.com\/index.php\/wp-json\/wp\/v2\/product\/7508","targetHints":{"allow":["GET"]}}],"collection":[{"href":"https:\/\/crocjeux.com\/index.php\/wp-json\/wp\/v2\/product"}],"about":[{"href":"https:\/\/crocjeux.com\/index.php\/wp-json\/wp\/v2\/types\/product"}],"replies":[{"embeddable":true,"href":"https:\/\/crocjeux.com\/index.php\/wp-json\/wp\/v2\/comments?post=7508"}],"wp:featuredmedia":[{"embeddable":true,"href":"https:\/\/crocjeux.com\/index.php\/wp-json\/wp\/v2\/media\/7509"}],"wp:attachment":[{"href":"https:\/\/crocjeux.com\/index.php\/wp-json\/wp\/v2\/media?parent=7508"}],"wp:term":[{"taxonomy":"product_brand","embeddable":true,"href":"https:\/\/crocjeux.com\/index.php\/wp-json\/wp\/v2\/product_brand?post=7508"},{"taxonomy":"product_cat","embeddable":true,"href":"https:\/\/crocjeux.com\/index.php\/wp-json\/wp\/v2\/product_cat?post=7508"},{"taxonomy":"product_tag","embeddable":true,"href":"https:\/\/crocjeux.com\/index.php\/wp-json\/wp\/v2\/product_tag?post=7508"}],"curies":[{"name":"wp","href":"https:\/\/api.w.org\/{rel}","templated":true}]}}