{"id":7510,"date":"2026-04-07T17:32:07","date_gmt":"2026-04-07T16:32:07","guid":{"rendered":"https:\/\/crocjeux.com\/?post_type=product&#038;p=7510"},"modified":"2026-04-07T17:32:07","modified_gmt":"2026-04-07T16:32:07","slug":"dodo-ahoi","status":"publish","type":"product","link":"https:\/\/crocjeux.com\/index.php\/produit\/dodo-ahoi\/","title":{"rendered":"Dodo Ahoi!"},"content":{"rendered":"<p>Dodo Ahoi ! reprend l\u2019univers et la m\u00e9canique coop\u00e9rative de Dodo dans une nouvelle aventure pleine de tension et de manipulation. Les joueurs doivent cette fois escorter le pr\u00e9cieux \u0153uf de Dodo \u00e0 bord d\u2019un bateau en mouvement, jusqu\u2019\u00e0 l\u2019\u00eele qui pourra l\u2019accueillir en toute s\u00e9curit\u00e9. Le jeu repose sur la communication, la coordination et la pose des bonnes cartes au bon moment pour \u00e9viter que l\u2019\u0153uf ne tombe \u00e0 l\u2019eau.<\/p>\n","protected":false},"excerpt":{"rendered":"<p>Dodo Ahoi ! reprend l\u2019univers et la m\u00e9canique coop\u00e9rative de Dodo dans une nouvelle aventure pleine de tension et de<\/p>\n","protected":false},"featured_media":7511,"comment_status":"open","ping_status":"closed","template":"","meta":{"colormag_page_container_layout":"default_layout","colormag_page_sidebar_layout":"default_layout"},"product_brand":[],"product_cat":[30,33,36,37,48],"product_tag":[],"class_list":{"0":"post-7510","1":"product","2":"type-product","3":"status-publish","4":"has-post-thumbnail","6":"product_cat-jeux-collaboratifs","7":"product_cat-jeux-enfants","8":"product_cat-jeux-familiaux","9":"product_cat-ne-ratez-pas","10":"product_cat-nouveautes-sorties-prochaines","12":"first","13":"instock","14":"taxable","15":"shipping-taxable","16":"purchasable","17":"product-type-simple"},"yoast_head":"<!-- This site is optimized with the Yoast SEO plugin v27.1.1 - https:\/\/yoast.com\/product\/yoast-seo-wordpress\/ -->\n<title>Dodo Ahoi! - Croc Jeux<\/title>\n<meta name=\"robots\" content=\"index, follow, max-snippet:-1, max-image-preview:large, max-video-preview:-1\" \/>\n<link rel=\"canonical\" href=\"https:\/\/crocjeux.com\/index.php\/produit\/dodo-ahoi\/\" \/>\n<meta property=\"og:locale\" content=\"fr_FR\" \/>\n<meta property=\"og:type\" content=\"article\" \/>\n<meta property=\"og:title\" content=\"Dodo Ahoi! - Croc Jeux\" \/>\n<meta property=\"og:description\" content=\"Dodo Ahoi ! reprend l\u2019univers et la m\u00e9canique coop\u00e9rative de Dodo dans une nouvelle aventure pleine de tension et de\" \/>\n<meta property=\"og:url\" content=\"https:\/\/crocjeux.com\/index.php\/produit\/dodo-ahoi\/\" \/>\n<meta property=\"og:site_name\" content=\"Croc Jeux\" \/>\n<meta property=\"og:image\" content=\"https:\/\/crocjeux.com\/wp-content\/uploads\/2026\/04\/Copie-de-Copie-de-Copie-de-Copie-de-Operation-Zebre-BD.png\" \/>\n\t<meta property=\"og:image:width\" content=\"940\" \/>\n\t<meta property=\"og:image:height\" content=\"788\" \/>\n\t<meta property=\"og:image:type\" content=\"image\/png\" \/>\n<meta name=\"twitter:card\" content=\"summary_large_image\" \/>\n<meta name=\"twitter:label1\" content=\"Dur\u00e9e de lecture estim\u00e9e\" \/>\n\t<meta name=\"twitter:data1\" content=\"1 minute\" \/>\n<script type=\"application\/ld+json\" class=\"yoast-schema-graph\">{\"@context\":\"https:\/\/schema.org\",\"@graph\":[{\"@type\":\"WebPage\",\"@id\":\"https:\/\/crocjeux.com\/index.php\/produit\/dodo-ahoi\/\",\"url\":\"https:\/\/crocjeux.com\/index.php\/produit\/dodo-ahoi\/\",\"name\":\"Dodo Ahoi! - Croc Jeux\",\"isPartOf\":{\"@id\":\"https:\/\/crocjeux.com\/#website\"},\"primaryImageOfPage\":{\"@id\":\"https:\/\/crocjeux.com\/index.php\/produit\/dodo-ahoi\/#primaryimage\"},\"image\":{\"@id\":\"https:\/\/crocjeux.com\/index.php\/produit\/dodo-ahoi\/#primaryimage\"},\"thumbnailUrl\":\"https:\/\/crocjeux.com\/wp-content\/uploads\/2026\/04\/Copie-de-Copie-de-Copie-de-Copie-de-Operation-Zebre-BD.png\",\"datePublished\":\"2026-04-07T16:32:07+00:00\",\"breadcrumb\":{\"@id\":\"https:\/\/crocjeux.com\/index.php\/produit\/dodo-ahoi\/#breadcrumb\"},\"inLanguage\":\"fr-FR\",\"potentialAction\":[{\"@type\":\"ReadAction\",\"target\":[\"https:\/\/crocjeux.com\/index.php\/produit\/dodo-ahoi\/\"]}]},{\"@type\":\"ImageObject\",\"inLanguage\":\"fr-FR\",\"@id\":\"https:\/\/crocjeux.com\/index.php\/produit\/dodo-ahoi\/#primaryimage\",\"url\":\"https:\/\/crocjeux.com\/wp-content\/uploads\/2026\/04\/Copie-de-Copie-de-Copie-de-Copie-de-Operation-Zebre-BD.png\",\"contentUrl\":\"https:\/\/crocjeux.com\/wp-content\/uploads\/2026\/04\/Copie-de-Copie-de-Copie-de-Copie-de-Operation-Zebre-BD.png\",\"width\":940,\"height\":788},{\"@type\":\"BreadcrumbList\",\"@id\":\"https:\/\/crocjeux.com\/index.php\/produit\/dodo-ahoi\/#breadcrumb\",\"itemListElement\":[{\"@type\":\"ListItem\",\"position\":1,\"name\":\"Accueil\",\"item\":\"https:\/\/crocjeux.com\/\"},{\"@type\":\"ListItem\",\"position\":2,\"name\":\"Boutique\",\"item\":\"https:\/\/crocjeux.com\/\"},{\"@type\":\"ListItem\",\"position\":3,\"name\":\"Dodo Ahoi!\"}]},{\"@type\":\"WebSite\",\"@id\":\"https:\/\/crocjeux.com\/#website\",\"url\":\"https:\/\/crocjeux.com\/\",\"name\":\"Croc Jeux\",\"description\":\"Bienvenue chez Croc Jeux!\",\"publisher\":{\"@id\":\"https:\/\/crocjeux.com\/#organization\"},\"potentialAction\":[{\"@type\":\"SearchAction\",\"target\":{\"@type\":\"EntryPoint\",\"urlTemplate\":\"https:\/\/crocjeux.com\/?s={search_term_string}\"},\"query-input\":{\"@type\":\"PropertyValueSpecification\",\"valueRequired\":true,\"valueName\":\"search_term_string\"}}],\"inLanguage\":\"fr-FR\"},{\"@type\":\"Organization\",\"@id\":\"https:\/\/crocjeux.com\/#organization\",\"name\":\"Croc Jeux\",\"url\":\"https:\/\/crocjeux.com\/\",\"logo\":{\"@type\":\"ImageObject\",\"inLanguage\":\"fr-FR\",\"@id\":\"https:\/\/crocjeux.com\/#\/schema\/logo\/image\/\",\"url\":\"https:\/\/crocjeux.com\/wp-content\/uploads\/2022\/01\/cropped-logo-croc-etape-1-e1644574034239.jpg\",\"contentUrl\":\"https:\/\/crocjeux.com\/wp-content\/uploads\/2022\/01\/cropped-logo-croc-etape-1-e1644574034239.jpg\",\"width\":1224,\"height\":314,\"caption\":\"Croc Jeux\"},\"image\":{\"@id\":\"https:\/\/crocjeux.com\/#\/schema\/logo\/image\/\"}}]}<\/script>\n<!-- \/ Yoast SEO plugin. -->","yoast_head_json":{"title":"Dodo Ahoi! - Croc Jeux","robots":{"index":"index","follow":"follow","max-snippet":"max-snippet:-1","max-image-preview":"max-image-preview:large","max-video-preview":"max-video-preview:-1"},"canonical":"https:\/\/crocjeux.com\/index.php\/produit\/dodo-ahoi\/","og_locale":"fr_FR","og_type":"article","og_title":"Dodo Ahoi! - Croc Jeux","og_description":"Dodo Ahoi ! reprend l\u2019univers et la m\u00e9canique coop\u00e9rative de Dodo dans une nouvelle aventure pleine de tension et de","og_url":"https:\/\/crocjeux.com\/index.php\/produit\/dodo-ahoi\/","og_site_name":"Croc Jeux","og_image":[{"width":940,"height":788,"url":"https:\/\/crocjeux.com\/wp-content\/uploads\/2026\/04\/Copie-de-Copie-de-Copie-de-Copie-de-Operation-Zebre-BD.png","type":"image\/png"}],"twitter_card":"summary_large_image","twitter_misc":{"Dur\u00e9e de lecture estim\u00e9e":"1 minute"},"schema":{"@context":"https:\/\/schema.org","@graph":[{"@type":"WebPage","@id":"https:\/\/crocjeux.com\/index.php\/produit\/dodo-ahoi\/","url":"https:\/\/crocjeux.com\/index.php\/produit\/dodo-ahoi\/","name":"Dodo Ahoi! - Croc Jeux","isPartOf":{"@id":"https:\/\/crocjeux.com\/#website"},"primaryImageOfPage":{"@id":"https:\/\/crocjeux.com\/index.php\/produit\/dodo-ahoi\/#primaryimage"},"image":{"@id":"https:\/\/crocjeux.com\/index.php\/produit\/dodo-ahoi\/#primaryimage"},"thumbnailUrl":"https:\/\/crocjeux.com\/wp-content\/uploads\/2026\/04\/Copie-de-Copie-de-Copie-de-Copie-de-Operation-Zebre-BD.png","datePublished":"2026-04-07T16:32:07+00:00","breadcrumb":{"@id":"https:\/\/crocjeux.com\/index.php\/produit\/dodo-ahoi\/#breadcrumb"},"inLanguage":"fr-FR","potentialAction":[{"@type":"ReadAction","target":["https:\/\/crocjeux.com\/index.php\/produit\/dodo-ahoi\/"]}]},{"@type":"ImageObject","inLanguage":"fr-FR","@id":"https:\/\/crocjeux.com\/index.php\/produit\/dodo-ahoi\/#primaryimage","url":"https:\/\/crocjeux.com\/wp-content\/uploads\/2026\/04\/Copie-de-Copie-de-Copie-de-Copie-de-Operation-Zebre-BD.png","contentUrl":"https:\/\/crocjeux.com\/wp-content\/uploads\/2026\/04\/Copie-de-Copie-de-Copie-de-Copie-de-Operation-Zebre-BD.png","width":940,"height":788},{"@type":"BreadcrumbList","@id":"https:\/\/crocjeux.com\/index.php\/produit\/dodo-ahoi\/#breadcrumb","itemListElement":[{"@type":"ListItem","position":1,"name":"Accueil","item":"https:\/\/crocjeux.com\/"},{"@type":"ListItem","position":2,"name":"Boutique","item":"https:\/\/crocjeux.com\/"},{"@type":"ListItem","position":3,"name":"Dodo Ahoi!"}]},{"@type":"WebSite","@id":"https:\/\/crocjeux.com\/#website","url":"https:\/\/crocjeux.com\/","name":"Croc Jeux","description":"Bienvenue chez Croc Jeux!","publisher":{"@id":"https:\/\/crocjeux.com\/#organization"},"potentialAction":[{"@type":"SearchAction","target":{"@type":"EntryPoint","urlTemplate":"https:\/\/crocjeux.com\/?s={search_term_string}"},"query-input":{"@type":"PropertyValueSpecification","valueRequired":true,"valueName":"search_term_string"}}],"inLanguage":"fr-FR"},{"@type":"Organization","@id":"https:\/\/crocjeux.com\/#organization","name":"Croc Jeux","url":"https:\/\/crocjeux.com\/","logo":{"@type":"ImageObject","inLanguage":"fr-FR","@id":"https:\/\/crocjeux.com\/#\/schema\/logo\/image\/","url":"https:\/\/crocjeux.com\/wp-content\/uploads\/2022\/01\/cropped-logo-croc-etape-1-e1644574034239.jpg","contentUrl":"https:\/\/crocjeux.com\/wp-content\/uploads\/2022\/01\/cropped-logo-croc-etape-1-e1644574034239.jpg","width":1224,"height":314,"caption":"Croc Jeux"},"image":{"@id":"https:\/\/crocjeux.com\/#\/schema\/logo\/image\/"}}]}},"_links":{"self":[{"href":"https:\/\/crocjeux.com\/index.php\/wp-json\/wp\/v2\/product\/7510","targetHints":{"allow":["GET"]}}],"collection":[{"href":"https:\/\/crocjeux.com\/index.php\/wp-json\/wp\/v2\/product"}],"about":[{"href":"https:\/\/crocjeux.com\/index.php\/wp-json\/wp\/v2\/types\/product"}],"replies":[{"embeddable":true,"href":"https:\/\/crocjeux.com\/index.php\/wp-json\/wp\/v2\/comments?post=7510"}],"wp:featuredmedia":[{"embeddable":true,"href":"https:\/\/crocjeux.com\/index.php\/wp-json\/wp\/v2\/media\/7511"}],"wp:attachment":[{"href":"https:\/\/crocjeux.com\/index.php\/wp-json\/wp\/v2\/media?parent=7510"}],"wp:term":[{"taxonomy":"product_brand","embeddable":true,"href":"https:\/\/crocjeux.com\/index.php\/wp-json\/wp\/v2\/product_brand?post=7510"},{"taxonomy":"product_cat","embeddable":true,"href":"https:\/\/crocjeux.com\/index.php\/wp-json\/wp\/v2\/product_cat?post=7510"},{"taxonomy":"product_tag","embeddable":true,"href":"https:\/\/crocjeux.com\/index.php\/wp-json\/wp\/v2\/product_tag?post=7510"}],"curies":[{"name":"wp","href":"https:\/\/api.w.org\/{rel}","templated":true}]}}