{"id":7514,"date":"2026-04-07T17:39:26","date_gmt":"2026-04-07T16:39:26","guid":{"rendered":"https:\/\/crocjeux.com\/?post_type=product&#038;p=7514"},"modified":"2026-04-07T17:39:27","modified_gmt":"2026-04-07T16:39:27","slug":"the-gang-ext-gangsters-supplementaires","status":"publish","type":"product","link":"https:\/\/crocjeux.com\/index.php\/produit\/the-gang-ext-gangsters-supplementaires\/","title":{"rendered":"The Gang ext Gangsters suppl\u00e9mentaires"},"content":{"rendered":"<p><strong>The Gang : Gangsters suppl\u00e9mentaires<\/strong> permet d\u2019\u00e9tendre l\u2019exp\u00e9rience du jeu de base jusqu\u2019\u00e0 <strong>10 joueurs<\/strong>, id\u00e9al pour les groupes, animations et \u00e9v\u00e9nements en magasin.<\/p>\n<p>&nbsp;<\/p>\n<p>Cette extension introduit de nouveaux <strong>jetons<\/strong> et des <strong>niveaux de difficult\u00e9 ajustables<\/strong>, offrant des parties encore plus vari\u00e9es et exigeantes \u00e0 haut nombre de joueurs. Les m\u00e9caniques coop\u00e9ratives restent au c\u0153ur du jeu, avec une tension renforc\u00e9e par la gestion des <strong>jetons Fuite<\/strong> et l\u2019augmentation du nombre de participants.<\/p>\n","protected":false},"excerpt":{"rendered":"<p>The Gang : Gangsters suppl\u00e9mentaires permet d\u2019\u00e9tendre l\u2019exp\u00e9rience du jeu de base jusqu\u2019\u00e0 10 joueurs, id\u00e9al pour les groupes, animations<\/p>\n","protected":false},"featured_media":7515,"comment_status":"open","ping_status":"closed","template":"","meta":{"colormag_page_container_layout":"default_layout","colormag_page_sidebar_layout":"default_layout"},"product_brand":[],"product_cat":[30,40,48],"product_tag":[],"class_list":{"0":"post-7514","1":"product","2":"type-product","3":"status-publish","4":"has-post-thumbnail","6":"product_cat-jeux-collaboratifs","7":"product_cat-jeux-dambiance","8":"product_cat-nouveautes-sorties-prochaines","10":"first","11":"instock","12":"taxable","13":"shipping-taxable","14":"purchasable","15":"product-type-simple"},"yoast_head":"<!-- This site is optimized with the Yoast SEO plugin v27.1.1 - https:\/\/yoast.com\/product\/yoast-seo-wordpress\/ -->\n<title>The Gang ext Gangsters suppl\u00e9mentaires - Croc Jeux<\/title>\n<meta name=\"robots\" content=\"index, follow, max-snippet:-1, max-image-preview:large, max-video-preview:-1\" \/>\n<link rel=\"canonical\" href=\"https:\/\/crocjeux.com\/index.php\/produit\/the-gang-ext-gangsters-supplementaires\/\" \/>\n<meta property=\"og:locale\" content=\"fr_FR\" \/>\n<meta property=\"og:type\" content=\"article\" \/>\n<meta property=\"og:title\" content=\"The Gang ext Gangsters suppl\u00e9mentaires - Croc Jeux\" \/>\n<meta property=\"og:description\" content=\"The Gang : Gangsters suppl\u00e9mentaires permet d\u2019\u00e9tendre l\u2019exp\u00e9rience du jeu de base jusqu\u2019\u00e0 10 joueurs, id\u00e9al pour les groupes, animations\" \/>\n<meta property=\"og:url\" content=\"https:\/\/crocjeux.com\/index.php\/produit\/the-gang-ext-gangsters-supplementaires\/\" \/>\n<meta property=\"og:site_name\" content=\"Croc Jeux\" \/>\n<meta property=\"article:modified_time\" content=\"2026-04-07T16:39:27+00:00\" \/>\n<meta property=\"og:image\" content=\"https:\/\/crocjeux.com\/wp-content\/uploads\/2026\/04\/iello-micro-extensi-the-gang-gangsters-supp-fr-sortie-13-02.jpg\" \/>\n\t<meta property=\"og:image:width\" content=\"800\" \/>\n\t<meta property=\"og:image:height\" content=\"800\" \/>\n\t<meta property=\"og:image:type\" content=\"image\/jpeg\" \/>\n<meta name=\"twitter:card\" content=\"summary_large_image\" \/>\n<meta name=\"twitter:label1\" content=\"Dur\u00e9e de lecture estim\u00e9e\" \/>\n\t<meta name=\"twitter:data1\" content=\"1 minute\" \/>\n<script type=\"application\/ld+json\" class=\"yoast-schema-graph\">{\"@context\":\"https:\/\/schema.org\",\"@graph\":[{\"@type\":\"WebPage\",\"@id\":\"https:\/\/crocjeux.com\/index.php\/produit\/the-gang-ext-gangsters-supplementaires\/\",\"url\":\"https:\/\/crocjeux.com\/index.php\/produit\/the-gang-ext-gangsters-supplementaires\/\",\"name\":\"The Gang ext Gangsters suppl\u00e9mentaires - Croc Jeux\",\"isPartOf\":{\"@id\":\"https:\/\/crocjeux.com\/#website\"},\"primaryImageOfPage\":{\"@id\":\"https:\/\/crocjeux.com\/index.php\/produit\/the-gang-ext-gangsters-supplementaires\/#primaryimage\"},\"image\":{\"@id\":\"https:\/\/crocjeux.com\/index.php\/produit\/the-gang-ext-gangsters-supplementaires\/#primaryimage\"},\"thumbnailUrl\":\"https:\/\/crocjeux.com\/wp-content\/uploads\/2026\/04\/iello-micro-extensi-the-gang-gangsters-supp-fr-sortie-13-02.jpg\",\"datePublished\":\"2026-04-07T16:39:26+00:00\",\"dateModified\":\"2026-04-07T16:39:27+00:00\",\"breadcrumb\":{\"@id\":\"https:\/\/crocjeux.com\/index.php\/produit\/the-gang-ext-gangsters-supplementaires\/#breadcrumb\"},\"inLanguage\":\"fr-FR\",\"potentialAction\":[{\"@type\":\"ReadAction\",\"target\":[\"https:\/\/crocjeux.com\/index.php\/produit\/the-gang-ext-gangsters-supplementaires\/\"]}]},{\"@type\":\"ImageObject\",\"inLanguage\":\"fr-FR\",\"@id\":\"https:\/\/crocjeux.com\/index.php\/produit\/the-gang-ext-gangsters-supplementaires\/#primaryimage\",\"url\":\"https:\/\/crocjeux.com\/wp-content\/uploads\/2026\/04\/iello-micro-extensi-the-gang-gangsters-supp-fr-sortie-13-02.jpg\",\"contentUrl\":\"https:\/\/crocjeux.com\/wp-content\/uploads\/2026\/04\/iello-micro-extensi-the-gang-gangsters-supp-fr-sortie-13-02.jpg\",\"width\":800,\"height\":800},{\"@type\":\"BreadcrumbList\",\"@id\":\"https:\/\/crocjeux.com\/index.php\/produit\/the-gang-ext-gangsters-supplementaires\/#breadcrumb\",\"itemListElement\":[{\"@type\":\"ListItem\",\"position\":1,\"name\":\"Accueil\",\"item\":\"https:\/\/crocjeux.com\/\"},{\"@type\":\"ListItem\",\"position\":2,\"name\":\"Boutique\",\"item\":\"https:\/\/crocjeux.com\/\"},{\"@type\":\"ListItem\",\"position\":3,\"name\":\"The Gang ext Gangsters suppl\u00e9mentaires\"}]},{\"@type\":\"WebSite\",\"@id\":\"https:\/\/crocjeux.com\/#website\",\"url\":\"https:\/\/crocjeux.com\/\",\"name\":\"Croc Jeux\",\"description\":\"Bienvenue chez Croc Jeux!\",\"publisher\":{\"@id\":\"https:\/\/crocjeux.com\/#organization\"},\"potentialAction\":[{\"@type\":\"SearchAction\",\"target\":{\"@type\":\"EntryPoint\",\"urlTemplate\":\"https:\/\/crocjeux.com\/?s={search_term_string}\"},\"query-input\":{\"@type\":\"PropertyValueSpecification\",\"valueRequired\":true,\"valueName\":\"search_term_string\"}}],\"inLanguage\":\"fr-FR\"},{\"@type\":\"Organization\",\"@id\":\"https:\/\/crocjeux.com\/#organization\",\"name\":\"Croc Jeux\",\"url\":\"https:\/\/crocjeux.com\/\",\"logo\":{\"@type\":\"ImageObject\",\"inLanguage\":\"fr-FR\",\"@id\":\"https:\/\/crocjeux.com\/#\/schema\/logo\/image\/\",\"url\":\"https:\/\/crocjeux.com\/wp-content\/uploads\/2022\/01\/cropped-logo-croc-etape-1-e1644574034239.jpg\",\"contentUrl\":\"https:\/\/crocjeux.com\/wp-content\/uploads\/2022\/01\/cropped-logo-croc-etape-1-e1644574034239.jpg\",\"width\":1224,\"height\":314,\"caption\":\"Croc Jeux\"},\"image\":{\"@id\":\"https:\/\/crocjeux.com\/#\/schema\/logo\/image\/\"}}]}<\/script>\n<!-- \/ Yoast SEO plugin. -->","yoast_head_json":{"title":"The Gang ext Gangsters suppl\u00e9mentaires - Croc Jeux","robots":{"index":"index","follow":"follow","max-snippet":"max-snippet:-1","max-image-preview":"max-image-preview:large","max-video-preview":"max-video-preview:-1"},"canonical":"https:\/\/crocjeux.com\/index.php\/produit\/the-gang-ext-gangsters-supplementaires\/","og_locale":"fr_FR","og_type":"article","og_title":"The Gang ext Gangsters suppl\u00e9mentaires - Croc Jeux","og_description":"The Gang : Gangsters suppl\u00e9mentaires permet d\u2019\u00e9tendre l\u2019exp\u00e9rience du jeu de base jusqu\u2019\u00e0 10 joueurs, id\u00e9al pour les groupes, animations","og_url":"https:\/\/crocjeux.com\/index.php\/produit\/the-gang-ext-gangsters-supplementaires\/","og_site_name":"Croc Jeux","article_modified_time":"2026-04-07T16:39:27+00:00","og_image":[{"width":800,"height":800,"url":"https:\/\/crocjeux.com\/wp-content\/uploads\/2026\/04\/iello-micro-extensi-the-gang-gangsters-supp-fr-sortie-13-02.jpg","type":"image\/jpeg"}],"twitter_card":"summary_large_image","twitter_misc":{"Dur\u00e9e de lecture estim\u00e9e":"1 minute"},"schema":{"@context":"https:\/\/schema.org","@graph":[{"@type":"WebPage","@id":"https:\/\/crocjeux.com\/index.php\/produit\/the-gang-ext-gangsters-supplementaires\/","url":"https:\/\/crocjeux.com\/index.php\/produit\/the-gang-ext-gangsters-supplementaires\/","name":"The Gang ext Gangsters suppl\u00e9mentaires - Croc Jeux","isPartOf":{"@id":"https:\/\/crocjeux.com\/#website"},"primaryImageOfPage":{"@id":"https:\/\/crocjeux.com\/index.php\/produit\/the-gang-ext-gangsters-supplementaires\/#primaryimage"},"image":{"@id":"https:\/\/crocjeux.com\/index.php\/produit\/the-gang-ext-gangsters-supplementaires\/#primaryimage"},"thumbnailUrl":"https:\/\/crocjeux.com\/wp-content\/uploads\/2026\/04\/iello-micro-extensi-the-gang-gangsters-supp-fr-sortie-13-02.jpg","datePublished":"2026-04-07T16:39:26+00:00","dateModified":"2026-04-07T16:39:27+00:00","breadcrumb":{"@id":"https:\/\/crocjeux.com\/index.php\/produit\/the-gang-ext-gangsters-supplementaires\/#breadcrumb"},"inLanguage":"fr-FR","potentialAction":[{"@type":"ReadAction","target":["https:\/\/crocjeux.com\/index.php\/produit\/the-gang-ext-gangsters-supplementaires\/"]}]},{"@type":"ImageObject","inLanguage":"fr-FR","@id":"https:\/\/crocjeux.com\/index.php\/produit\/the-gang-ext-gangsters-supplementaires\/#primaryimage","url":"https:\/\/crocjeux.com\/wp-content\/uploads\/2026\/04\/iello-micro-extensi-the-gang-gangsters-supp-fr-sortie-13-02.jpg","contentUrl":"https:\/\/crocjeux.com\/wp-content\/uploads\/2026\/04\/iello-micro-extensi-the-gang-gangsters-supp-fr-sortie-13-02.jpg","width":800,"height":800},{"@type":"BreadcrumbList","@id":"https:\/\/crocjeux.com\/index.php\/produit\/the-gang-ext-gangsters-supplementaires\/#breadcrumb","itemListElement":[{"@type":"ListItem","position":1,"name":"Accueil","item":"https:\/\/crocjeux.com\/"},{"@type":"ListItem","position":2,"name":"Boutique","item":"https:\/\/crocjeux.com\/"},{"@type":"ListItem","position":3,"name":"The Gang ext Gangsters suppl\u00e9mentaires"}]},{"@type":"WebSite","@id":"https:\/\/crocjeux.com\/#website","url":"https:\/\/crocjeux.com\/","name":"Croc Jeux","description":"Bienvenue chez Croc Jeux!","publisher":{"@id":"https:\/\/crocjeux.com\/#organization"},"potentialAction":[{"@type":"SearchAction","target":{"@type":"EntryPoint","urlTemplate":"https:\/\/crocjeux.com\/?s={search_term_string}"},"query-input":{"@type":"PropertyValueSpecification","valueRequired":true,"valueName":"search_term_string"}}],"inLanguage":"fr-FR"},{"@type":"Organization","@id":"https:\/\/crocjeux.com\/#organization","name":"Croc Jeux","url":"https:\/\/crocjeux.com\/","logo":{"@type":"ImageObject","inLanguage":"fr-FR","@id":"https:\/\/crocjeux.com\/#\/schema\/logo\/image\/","url":"https:\/\/crocjeux.com\/wp-content\/uploads\/2022\/01\/cropped-logo-croc-etape-1-e1644574034239.jpg","contentUrl":"https:\/\/crocjeux.com\/wp-content\/uploads\/2022\/01\/cropped-logo-croc-etape-1-e1644574034239.jpg","width":1224,"height":314,"caption":"Croc Jeux"},"image":{"@id":"https:\/\/crocjeux.com\/#\/schema\/logo\/image\/"}}]}},"_links":{"self":[{"href":"https:\/\/crocjeux.com\/index.php\/wp-json\/wp\/v2\/product\/7514","targetHints":{"allow":["GET"]}}],"collection":[{"href":"https:\/\/crocjeux.com\/index.php\/wp-json\/wp\/v2\/product"}],"about":[{"href":"https:\/\/crocjeux.com\/index.php\/wp-json\/wp\/v2\/types\/product"}],"replies":[{"embeddable":true,"href":"https:\/\/crocjeux.com\/index.php\/wp-json\/wp\/v2\/comments?post=7514"}],"wp:featuredmedia":[{"embeddable":true,"href":"https:\/\/crocjeux.com\/index.php\/wp-json\/wp\/v2\/media\/7515"}],"wp:attachment":[{"href":"https:\/\/crocjeux.com\/index.php\/wp-json\/wp\/v2\/media?parent=7514"}],"wp:term":[{"taxonomy":"product_brand","embeddable":true,"href":"https:\/\/crocjeux.com\/index.php\/wp-json\/wp\/v2\/product_brand?post=7514"},{"taxonomy":"product_cat","embeddable":true,"href":"https:\/\/crocjeux.com\/index.php\/wp-json\/wp\/v2\/product_cat?post=7514"},{"taxonomy":"product_tag","embeddable":true,"href":"https:\/\/crocjeux.com\/index.php\/wp-json\/wp\/v2\/product_tag?post=7514"}],"curies":[{"name":"wp","href":"https:\/\/api.w.org\/{rel}","templated":true}]}}