{"id":7516,"date":"2026-04-08T15:04:50","date_gmt":"2026-04-08T14:04:50","guid":{"rendered":"https:\/\/crocjeux.com\/?post_type=product&#038;p=7516"},"modified":"2026-04-08T15:04:50","modified_gmt":"2026-04-08T14:04:50","slug":"galileo-galilei","status":"publish","type":"product","link":"https:\/\/crocjeux.com\/index.php\/produit\/galileo-galilei\/","title":{"rendered":"Galileo Galilei"},"content":{"rendered":"<p>D\u00e9but du XVIIe si\u00e8cle. Le ciel s\u2019ouvre aux plus audacieux\u2026 Dans Galileo Galilei, incarnez un astronome \u00e9clair\u00e9 dans une \u00e9poque d\u2019obscurantisme religieux. Gr\u00e2ce \u00e0 un ing\u00e9nieux t\u00e9lescope rotatif, vous choisissez \u00e0 chaque tour vos actions en fonction de leur position. Observation, conf\u00e9rence, \u00e9criture ou am\u00e9lioration, chaque choix a un co\u00fbt \u2014 et des cons\u00e9quences.<br \/>\nExplorez les astres, collectionnez des d\u00e9couvertes, avancez \u00e0 l\u2019universit\u00e9\u2026 mais gare \u00e0 l\u2019Inquisition, qui surveille chacun de vos faits et gestes. Si vous ne persuadez pas ses \u00e9missaires, votre r\u00e9putation en souffrira. Chaque astronome poss\u00e8de des capacit\u00e9s asym\u00e9triques uniques, renfor\u00e7ant la rejouabilit\u00e9 et la vari\u00e9t\u00e9 strat\u00e9gique.<br \/>\nAvec ses m\u00e9caniques profondes (construction de moteur, combinant gestion tactique des d\u00e9s et programmation d\u2019actions) ainsi que son th\u00e8me historique prenant, Galileo Galilei offre une exp\u00e9rience riche pour les amateurs de jeux experts. Un mode solo complet est \u00e9galement inclus.<\/p>\n<p><strong>Contenu :<\/strong><br \/>\n1 plateau principal, 4 plateaux Joueurs avec t\u00e9lescopes \u00e0 assembler, 4 tuiles Astronome, 24 tuiles Action, 6 tuiles Discipline, 6 tuiles Niveau universitaire, 33 cartes D\u00e9couverte, 65 cartes (dont 28 jetons Com\u00e8te, 28 Constellation, 16 Objectif\u2026), 30 d\u00e9s (3 couleurs), 32 jetons Inquisiteur, 1 livret de r\u00e8gles, Modules avanc\u00e9s (Biblioth\u00e8que, Giordano Bruno\u2026).<\/p>\n","protected":false},"excerpt":{"rendered":"<p>D\u00e9but du XVIIe si\u00e8cle. Le ciel s\u2019ouvre aux plus audacieux\u2026 Dans Galileo Galilei, incarnez un astronome \u00e9clair\u00e9 dans une \u00e9poque<\/p>\n","protected":false},"featured_media":7517,"comment_status":"open","ping_status":"closed","template":"","meta":{"colormag_page_container_layout":"default_layout","colormag_page_sidebar_layout":"default_layout"},"product_brand":[],"product_cat":[18,38,48],"product_tag":[],"class_list":{"0":"post-7516","1":"product","2":"type-product","3":"status-publish","4":"has-post-thumbnail","6":"product_cat-jeux-de-strategie","7":"product_cat-jeux-experts","8":"product_cat-nouveautes-sorties-prochaines","10":"first","11":"instock","12":"taxable","13":"shipping-taxable","14":"purchasable","15":"product-type-simple"},"yoast_head":"<!-- This site is optimized with the Yoast SEO plugin v27.4 - https:\/\/yoast.com\/product\/yoast-seo-wordpress\/ -->\n<title>Galileo Galilei - Croc Jeux<\/title>\n<meta name=\"robots\" content=\"index, follow, max-snippet:-1, max-image-preview:large, max-video-preview:-1\" \/>\n<link rel=\"canonical\" href=\"https:\/\/crocjeux.com\/index.php\/produit\/galileo-galilei\/\" \/>\n<meta property=\"og:locale\" content=\"fr_FR\" \/>\n<meta property=\"og:type\" content=\"article\" \/>\n<meta property=\"og:title\" content=\"Galileo Galilei - Croc Jeux\" \/>\n<meta property=\"og:description\" content=\"D\u00e9but du XVIIe si\u00e8cle. Le ciel s\u2019ouvre aux plus audacieux\u2026 Dans Galileo Galilei, incarnez un astronome \u00e9clair\u00e9 dans une \u00e9poque\" \/>\n<meta property=\"og:url\" content=\"https:\/\/crocjeux.com\/index.php\/produit\/galileo-galilei\/\" \/>\n<meta property=\"og:site_name\" content=\"Croc Jeux\" \/>\n<meta property=\"og:image\" content=\"https:\/\/crocjeux.com\/wp-content\/uploads\/2026\/04\/sylgal01fr_box3d_20250804.png\" \/>\n\t<meta property=\"og:image:width\" content=\"909\" \/>\n\t<meta property=\"og:image:height\" content=\"1024\" \/>\n\t<meta property=\"og:image:type\" content=\"image\/png\" \/>\n<meta name=\"twitter:card\" content=\"summary_large_image\" \/>\n<meta name=\"twitter:label1\" content=\"Dur\u00e9e de lecture estim\u00e9e\" \/>\n\t<meta name=\"twitter:data1\" content=\"2 minutes\" \/>\n<script type=\"application\/ld+json\" class=\"yoast-schema-graph\">{\"@context\":\"https:\\\/\\\/schema.org\",\"@graph\":[{\"@type\":\"WebPage\",\"@id\":\"https:\\\/\\\/crocjeux.com\\\/index.php\\\/produit\\\/galileo-galilei\\\/\",\"url\":\"https:\\\/\\\/crocjeux.com\\\/index.php\\\/produit\\\/galileo-galilei\\\/\",\"name\":\"Galileo Galilei - Croc Jeux\",\"isPartOf\":{\"@id\":\"https:\\\/\\\/crocjeux.com\\\/#website\"},\"primaryImageOfPage\":{\"@id\":\"https:\\\/\\\/crocjeux.com\\\/index.php\\\/produit\\\/galileo-galilei\\\/#primaryimage\"},\"image\":{\"@id\":\"https:\\\/\\\/crocjeux.com\\\/index.php\\\/produit\\\/galileo-galilei\\\/#primaryimage\"},\"thumbnailUrl\":\"https:\\\/\\\/crocjeux.com\\\/wp-content\\\/uploads\\\/2026\\\/04\\\/sylgal01fr_box3d_20250804.png\",\"datePublished\":\"2026-04-08T14:04:50+00:00\",\"breadcrumb\":{\"@id\":\"https:\\\/\\\/crocjeux.com\\\/index.php\\\/produit\\\/galileo-galilei\\\/#breadcrumb\"},\"inLanguage\":\"fr-FR\",\"potentialAction\":[{\"@type\":\"ReadAction\",\"target\":[\"https:\\\/\\\/crocjeux.com\\\/index.php\\\/produit\\\/galileo-galilei\\\/\"]}]},{\"@type\":\"ImageObject\",\"inLanguage\":\"fr-FR\",\"@id\":\"https:\\\/\\\/crocjeux.com\\\/index.php\\\/produit\\\/galileo-galilei\\\/#primaryimage\",\"url\":\"https:\\\/\\\/crocjeux.com\\\/wp-content\\\/uploads\\\/2026\\\/04\\\/sylgal01fr_box3d_20250804.png\",\"contentUrl\":\"https:\\\/\\\/crocjeux.com\\\/wp-content\\\/uploads\\\/2026\\\/04\\\/sylgal01fr_box3d_20250804.png\",\"width\":909,\"height\":1024},{\"@type\":\"BreadcrumbList\",\"@id\":\"https:\\\/\\\/crocjeux.com\\\/index.php\\\/produit\\\/galileo-galilei\\\/#breadcrumb\",\"itemListElement\":[{\"@type\":\"ListItem\",\"position\":1,\"name\":\"Accueil\",\"item\":\"https:\\\/\\\/crocjeux.com\\\/\"},{\"@type\":\"ListItem\",\"position\":2,\"name\":\"Boutique\",\"item\":\"https:\\\/\\\/crocjeux.com\\\/\"},{\"@type\":\"ListItem\",\"position\":3,\"name\":\"Galileo Galilei\"}]},{\"@type\":\"WebSite\",\"@id\":\"https:\\\/\\\/crocjeux.com\\\/#website\",\"url\":\"https:\\\/\\\/crocjeux.com\\\/\",\"name\":\"Croc Jeux\",\"description\":\"Bienvenue chez Croc Jeux!\",\"publisher\":{\"@id\":\"https:\\\/\\\/crocjeux.com\\\/#organization\"},\"potentialAction\":[{\"@type\":\"SearchAction\",\"target\":{\"@type\":\"EntryPoint\",\"urlTemplate\":\"https:\\\/\\\/crocjeux.com\\\/?s={search_term_string}\"},\"query-input\":{\"@type\":\"PropertyValueSpecification\",\"valueRequired\":true,\"valueName\":\"search_term_string\"}}],\"inLanguage\":\"fr-FR\"},{\"@type\":\"Organization\",\"@id\":\"https:\\\/\\\/crocjeux.com\\\/#organization\",\"name\":\"Croc Jeux\",\"url\":\"https:\\\/\\\/crocjeux.com\\\/\",\"logo\":{\"@type\":\"ImageObject\",\"inLanguage\":\"fr-FR\",\"@id\":\"https:\\\/\\\/crocjeux.com\\\/#\\\/schema\\\/logo\\\/image\\\/\",\"url\":\"https:\\\/\\\/crocjeux.com\\\/wp-content\\\/uploads\\\/2022\\\/01\\\/cropped-logo-croc-etape-1-e1644574034239.jpg\",\"contentUrl\":\"https:\\\/\\\/crocjeux.com\\\/wp-content\\\/uploads\\\/2022\\\/01\\\/cropped-logo-croc-etape-1-e1644574034239.jpg\",\"width\":1224,\"height\":314,\"caption\":\"Croc Jeux\"},\"image\":{\"@id\":\"https:\\\/\\\/crocjeux.com\\\/#\\\/schema\\\/logo\\\/image\\\/\"}}]}<\/script>\n<!-- \/ Yoast SEO plugin. -->","yoast_head_json":{"title":"Galileo Galilei - Croc Jeux","robots":{"index":"index","follow":"follow","max-snippet":"max-snippet:-1","max-image-preview":"max-image-preview:large","max-video-preview":"max-video-preview:-1"},"canonical":"https:\/\/crocjeux.com\/index.php\/produit\/galileo-galilei\/","og_locale":"fr_FR","og_type":"article","og_title":"Galileo Galilei - Croc Jeux","og_description":"D\u00e9but du XVIIe si\u00e8cle. Le ciel s\u2019ouvre aux plus audacieux\u2026 Dans Galileo Galilei, incarnez un astronome \u00e9clair\u00e9 dans une \u00e9poque","og_url":"https:\/\/crocjeux.com\/index.php\/produit\/galileo-galilei\/","og_site_name":"Croc Jeux","og_image":[{"width":909,"height":1024,"url":"https:\/\/crocjeux.com\/wp-content\/uploads\/2026\/04\/sylgal01fr_box3d_20250804.png","type":"image\/png"}],"twitter_card":"summary_large_image","twitter_misc":{"Dur\u00e9e de lecture estim\u00e9e":"2 minutes"},"schema":{"@context":"https:\/\/schema.org","@graph":[{"@type":"WebPage","@id":"https:\/\/crocjeux.com\/index.php\/produit\/galileo-galilei\/","url":"https:\/\/crocjeux.com\/index.php\/produit\/galileo-galilei\/","name":"Galileo Galilei - Croc Jeux","isPartOf":{"@id":"https:\/\/crocjeux.com\/#website"},"primaryImageOfPage":{"@id":"https:\/\/crocjeux.com\/index.php\/produit\/galileo-galilei\/#primaryimage"},"image":{"@id":"https:\/\/crocjeux.com\/index.php\/produit\/galileo-galilei\/#primaryimage"},"thumbnailUrl":"https:\/\/crocjeux.com\/wp-content\/uploads\/2026\/04\/sylgal01fr_box3d_20250804.png","datePublished":"2026-04-08T14:04:50+00:00","breadcrumb":{"@id":"https:\/\/crocjeux.com\/index.php\/produit\/galileo-galilei\/#breadcrumb"},"inLanguage":"fr-FR","potentialAction":[{"@type":"ReadAction","target":["https:\/\/crocjeux.com\/index.php\/produit\/galileo-galilei\/"]}]},{"@type":"ImageObject","inLanguage":"fr-FR","@id":"https:\/\/crocjeux.com\/index.php\/produit\/galileo-galilei\/#primaryimage","url":"https:\/\/crocjeux.com\/wp-content\/uploads\/2026\/04\/sylgal01fr_box3d_20250804.png","contentUrl":"https:\/\/crocjeux.com\/wp-content\/uploads\/2026\/04\/sylgal01fr_box3d_20250804.png","width":909,"height":1024},{"@type":"BreadcrumbList","@id":"https:\/\/crocjeux.com\/index.php\/produit\/galileo-galilei\/#breadcrumb","itemListElement":[{"@type":"ListItem","position":1,"name":"Accueil","item":"https:\/\/crocjeux.com\/"},{"@type":"ListItem","position":2,"name":"Boutique","item":"https:\/\/crocjeux.com\/"},{"@type":"ListItem","position":3,"name":"Galileo Galilei"}]},{"@type":"WebSite","@id":"https:\/\/crocjeux.com\/#website","url":"https:\/\/crocjeux.com\/","name":"Croc Jeux","description":"Bienvenue chez Croc Jeux!","publisher":{"@id":"https:\/\/crocjeux.com\/#organization"},"potentialAction":[{"@type":"SearchAction","target":{"@type":"EntryPoint","urlTemplate":"https:\/\/crocjeux.com\/?s={search_term_string}"},"query-input":{"@type":"PropertyValueSpecification","valueRequired":true,"valueName":"search_term_string"}}],"inLanguage":"fr-FR"},{"@type":"Organization","@id":"https:\/\/crocjeux.com\/#organization","name":"Croc Jeux","url":"https:\/\/crocjeux.com\/","logo":{"@type":"ImageObject","inLanguage":"fr-FR","@id":"https:\/\/crocjeux.com\/#\/schema\/logo\/image\/","url":"https:\/\/crocjeux.com\/wp-content\/uploads\/2022\/01\/cropped-logo-croc-etape-1-e1644574034239.jpg","contentUrl":"https:\/\/crocjeux.com\/wp-content\/uploads\/2022\/01\/cropped-logo-croc-etape-1-e1644574034239.jpg","width":1224,"height":314,"caption":"Croc Jeux"},"image":{"@id":"https:\/\/crocjeux.com\/#\/schema\/logo\/image\/"}}]}},"_links":{"self":[{"href":"https:\/\/crocjeux.com\/index.php\/wp-json\/wp\/v2\/product\/7516","targetHints":{"allow":["GET"]}}],"collection":[{"href":"https:\/\/crocjeux.com\/index.php\/wp-json\/wp\/v2\/product"}],"about":[{"href":"https:\/\/crocjeux.com\/index.php\/wp-json\/wp\/v2\/types\/product"}],"replies":[{"embeddable":true,"href":"https:\/\/crocjeux.com\/index.php\/wp-json\/wp\/v2\/comments?post=7516"}],"wp:featuredmedia":[{"embeddable":true,"href":"https:\/\/crocjeux.com\/index.php\/wp-json\/wp\/v2\/media\/7517"}],"wp:attachment":[{"href":"https:\/\/crocjeux.com\/index.php\/wp-json\/wp\/v2\/media?parent=7516"}],"wp:term":[{"taxonomy":"product_brand","embeddable":true,"href":"https:\/\/crocjeux.com\/index.php\/wp-json\/wp\/v2\/product_brand?post=7516"},{"taxonomy":"product_cat","embeddable":true,"href":"https:\/\/crocjeux.com\/index.php\/wp-json\/wp\/v2\/product_cat?post=7516"},{"taxonomy":"product_tag","embeddable":true,"href":"https:\/\/crocjeux.com\/index.php\/wp-json\/wp\/v2\/product_tag?post=7516"}],"curies":[{"name":"wp","href":"https:\/\/api.w.org\/{rel}","templated":true}]}}