{"id":765,"date":"2020-11-14T11:20:45","date_gmt":"2020-11-14T10:20:45","guid":{"rendered":"https:\/\/crocjeux.com\/?post_type=product&#038;p=765"},"modified":"2025-03-13T18:05:22","modified_gmt":"2025-03-13T17:05:22","slug":"small-world-of-warcraft","status":"publish","type":"product","link":"https:\/\/crocjeux.com\/index.php\/produit\/small-world-of-warcraft\/","title":{"rendered":"Small World Of Warcraft"},"content":{"rendered":"<h1 id=\"product_name\">Small World Of Warcraft<\/h1>\n<div id=\"short_description_block\">\n<div id=\"short_description_content\" class=\"rte align_justify hide-smartphone\">\n<p>Small World of Warcraft est un jeu de plateau strat\u00e9gique qui reprend l&rsquo;univers du jeu vid\u00e9o World of Warcraft et la m\u00e9canique de jeu de Small World.<\/p>\n<p>Les joueurs s&rsquo;y affrontent pour prendre le contr\u00f4le d&rsquo;Azeroth.<\/p>\n<\/div>\n<\/div>\n<ul class=\"illustrated_features\">\n<li class=\"langue tooltips\" title=\"\" data-hasqtip=\"5\">Fran\u00e7ais<\/li>\n<li class=\"age tooltips\" title=\"\" data-hasqtip=\"6\">\u00e0 partir de 10 ans<\/li>\n<li class=\"duree_partie tooltips\" title=\"\" data-hasqtip=\"7\">1 \u00e0 2h<\/li>\n<li class=\"nb_joueurs tooltips\" title=\"\" data-hasqtip=\"8\" aria-describedby=\"qtip-8\">2 \u00e0 5 joueur(s)<\/li>\n<\/ul>\n<section id=\"tab-description\" class=\"page-product-box r-tabs-panel r-tabs-state-active\">\n<div class=\"rte\">\n<h2>Quand Blizzard rencontre Days of Wonder<\/h2>\n<div>Small World of Warcraft est le fruit de la rencontre entre deux ic\u00f4nes du jeu : Small World et World of Warcraft. Ce jeu de plateau complet se d\u00e9roule dans l\u2019univers du c\u00e9l\u00e8bre jeu vid\u00e9o de Blizzard et dans lequel les joueurs se disputent le contr\u00f4le de plusieurs \u00eeles de ce monde hostile.<\/div>\n<h2>L&rsquo;univers de World of Warcraft dans Small World<\/h2>\n<div>Small World of Warcraft se situe dans le monde fantastique d&rsquo;Azeroth, o\u00f9 les races de l&rsquo;Alliance et de la Horde s&rsquo;affrontent dans un conflit qui consume le monde depuis toujours. Incarnant des Orcs, des nains, des humains ou encore des morts-vivants, les joueurs se retrouveront divis\u00e9s dans l&rsquo;un de ces deux camps et se livreront une lutte sans merci.<\/div>\n<h2>Devenez le ma\u00eetre d&rsquo;Azeroth !<\/h2>\n<div>\n<p>Pour vous imposer, il vous faudra d&rsquo;abord choisir la combinaison de peuple et de pouvoir sp\u00e9cial la plus efficace pour affronter les autres joueurs et \u00e9tendre votre royaume.<\/p>\n<\/div>\n<div>Pour vous aider \u00e0 dominer les terres hostiles, vous pourrez occuper des terrains l\u00e9gendaires et chercher \u00e0 prendre le contr\u00f4le de puissants artefacts.\u00a0Mais gardez \u00e0 l&rsquo;esprit que m\u00eames les plus puissants empires finissent par tomber. Les joueurs doivent donc \u00eatre pr\u00eats \u00e0 mettre une race trop \u00e9tendue dans un \u00e9tat de \u00ab\u00a0d\u00e9clin\u00a0\u00bb et \u00e0 en diriger une autre pour diriger Azeroth.<\/div>\n<div><\/div>\n<div>Durant la partie, les joueurs pourront :<\/div>\n<div>\n<ul>\n<li>soit utiliser les multiples tuiles de la race fantastique qu&rsquo;ils ont choisie pour occuper les territoires adjacents, en battant \u00e9ventuellement les races ennemies plus faibles en cours de route<\/li>\n<li>soit abandonner une race et la laisser d\u00e9cliner. Une race en d\u00e9clin est d\u00e9sign\u00e9e en retournant les tuiles sur leur face noir et blanc. Au d\u00e9but du jeu ou apr\u00e8s le d\u00e9clin, les joueurs pourront choisir une nouvelle combinaison de race et de pouvoir parmi les 16 races et 20 pouvoirs disponibles.<\/li>\n<\/ul>\n<p>RMQ de Croc jeux : Une merveille d&rsquo;adaptation , les deux Univers \u00e9tait fait pour \u00eatres fusionner , le plus beau Small world de toute la gamme<\/p>\n<\/div>\n<\/div>\n<\/section>\n","protected":false},"excerpt":{"rendered":"<p>Small World Of Warcraft Small World of Warcraft est un jeu de plateau strat\u00e9gique qui reprend l&rsquo;univers du jeu vid\u00e9o<\/p>\n","protected":false},"featured_media":771,"comment_status":"open","ping_status":"closed","template":"","meta":{"colormag_page_container_layout":"default_layout","colormag_page_sidebar_layout":"default_layout"},"product_brand":[],"product_cat":[43,31,18,29,37],"product_tag":[],"class_list":{"0":"post-765","1":"product","2":"type-product","3":"status-publish","4":"has-post-thumbnail","6":"product_cat-grand-classique","7":"product_cat-jeux-adffrontement","8":"product_cat-jeux-de-strategie","9":"product_cat-jeux-2-joueurs","10":"product_cat-ne-ratez-pas","12":"first","13":"outofstock","14":"taxable","15":"shipping-taxable","16":"purchasable","17":"product-type-simple"},"yoast_head":"<!-- This site is optimized with the Yoast SEO plugin v27.4 - https:\/\/yoast.com\/product\/yoast-seo-wordpress\/ -->\n<title>Small World Of Warcraft - Croc Jeux<\/title>\n<meta name=\"robots\" content=\"index, follow, max-snippet:-1, max-image-preview:large, max-video-preview:-1\" \/>\n<link rel=\"canonical\" href=\"https:\/\/crocjeux.com\/index.php\/produit\/small-world-of-warcraft\/\" \/>\n<meta property=\"og:locale\" content=\"fr_FR\" \/>\n<meta property=\"og:type\" content=\"article\" \/>\n<meta property=\"og:title\" content=\"Small World Of Warcraft - Croc Jeux\" \/>\n<meta property=\"og:description\" content=\"Small World Of Warcraft Small World of Warcraft est un jeu de plateau strat\u00e9gique qui reprend l&rsquo;univers du jeu vid\u00e9o\" \/>\n<meta property=\"og:url\" content=\"https:\/\/crocjeux.com\/index.php\/produit\/small-world-of-warcraft\/\" \/>\n<meta property=\"og:site_name\" content=\"Croc Jeux\" \/>\n<meta property=\"article:modified_time\" content=\"2025-03-13T17:05:22+00:00\" \/>\n<meta property=\"og:image\" content=\"https:\/\/crocjeux.com\/wp-content\/uploads\/2020\/11\/Jeu-de-strategie-Asmodee-Smallworld-World-of-warcraft.jpg\" \/>\n\t<meta property=\"og:image:width\" content=\"500\" \/>\n\t<meta property=\"og:image:height\" content=\"501\" \/>\n\t<meta property=\"og:image:type\" content=\"image\/jpeg\" \/>\n<meta name=\"twitter:card\" content=\"summary_large_image\" \/>\n<meta name=\"twitter:label1\" content=\"Dur\u00e9e de lecture estim\u00e9e\" \/>\n\t<meta name=\"twitter:data1\" content=\"2 minutes\" \/>\n<script type=\"application\/ld+json\" class=\"yoast-schema-graph\">{\"@context\":\"https:\\\/\\\/schema.org\",\"@graph\":[{\"@type\":\"WebPage\",\"@id\":\"https:\\\/\\\/crocjeux.com\\\/index.php\\\/produit\\\/small-world-of-warcraft\\\/\",\"url\":\"https:\\\/\\\/crocjeux.com\\\/index.php\\\/produit\\\/small-world-of-warcraft\\\/\",\"name\":\"Small World Of Warcraft - Croc Jeux\",\"isPartOf\":{\"@id\":\"https:\\\/\\\/crocjeux.com\\\/#website\"},\"primaryImageOfPage\":{\"@id\":\"https:\\\/\\\/crocjeux.com\\\/index.php\\\/produit\\\/small-world-of-warcraft\\\/#primaryimage\"},\"image\":{\"@id\":\"https:\\\/\\\/crocjeux.com\\\/index.php\\\/produit\\\/small-world-of-warcraft\\\/#primaryimage\"},\"thumbnailUrl\":\"https:\\\/\\\/crocjeux.com\\\/wp-content\\\/uploads\\\/2020\\\/11\\\/Jeu-de-strategie-Asmodee-Smallworld-World-of-warcraft.jpg\",\"datePublished\":\"2020-11-14T10:20:45+00:00\",\"dateModified\":\"2025-03-13T17:05:22+00:00\",\"breadcrumb\":{\"@id\":\"https:\\\/\\\/crocjeux.com\\\/index.php\\\/produit\\\/small-world-of-warcraft\\\/#breadcrumb\"},\"inLanguage\":\"fr-FR\",\"potentialAction\":[{\"@type\":\"ReadAction\",\"target\":[\"https:\\\/\\\/crocjeux.com\\\/index.php\\\/produit\\\/small-world-of-warcraft\\\/\"]}]},{\"@type\":\"ImageObject\",\"inLanguage\":\"fr-FR\",\"@id\":\"https:\\\/\\\/crocjeux.com\\\/index.php\\\/produit\\\/small-world-of-warcraft\\\/#primaryimage\",\"url\":\"https:\\\/\\\/crocjeux.com\\\/wp-content\\\/uploads\\\/2020\\\/11\\\/Jeu-de-strategie-Asmodee-Smallworld-World-of-warcraft.jpg\",\"contentUrl\":\"https:\\\/\\\/crocjeux.com\\\/wp-content\\\/uploads\\\/2020\\\/11\\\/Jeu-de-strategie-Asmodee-Smallworld-World-of-warcraft.jpg\",\"width\":500,\"height\":501},{\"@type\":\"BreadcrumbList\",\"@id\":\"https:\\\/\\\/crocjeux.com\\\/index.php\\\/produit\\\/small-world-of-warcraft\\\/#breadcrumb\",\"itemListElement\":[{\"@type\":\"ListItem\",\"position\":1,\"name\":\"Accueil\",\"item\":\"https:\\\/\\\/crocjeux.com\\\/\"},{\"@type\":\"ListItem\",\"position\":2,\"name\":\"Boutique\",\"item\":\"https:\\\/\\\/crocjeux.com\\\/\"},{\"@type\":\"ListItem\",\"position\":3,\"name\":\"Small World Of Warcraft\"}]},{\"@type\":\"WebSite\",\"@id\":\"https:\\\/\\\/crocjeux.com\\\/#website\",\"url\":\"https:\\\/\\\/crocjeux.com\\\/\",\"name\":\"Croc Jeux\",\"description\":\"Bienvenue chez Croc Jeux!\",\"publisher\":{\"@id\":\"https:\\\/\\\/crocjeux.com\\\/#organization\"},\"potentialAction\":[{\"@type\":\"SearchAction\",\"target\":{\"@type\":\"EntryPoint\",\"urlTemplate\":\"https:\\\/\\\/crocjeux.com\\\/?s={search_term_string}\"},\"query-input\":{\"@type\":\"PropertyValueSpecification\",\"valueRequired\":true,\"valueName\":\"search_term_string\"}}],\"inLanguage\":\"fr-FR\"},{\"@type\":\"Organization\",\"@id\":\"https:\\\/\\\/crocjeux.com\\\/#organization\",\"name\":\"Croc Jeux\",\"url\":\"https:\\\/\\\/crocjeux.com\\\/\",\"logo\":{\"@type\":\"ImageObject\",\"inLanguage\":\"fr-FR\",\"@id\":\"https:\\\/\\\/crocjeux.com\\\/#\\\/schema\\\/logo\\\/image\\\/\",\"url\":\"https:\\\/\\\/crocjeux.com\\\/wp-content\\\/uploads\\\/2022\\\/01\\\/cropped-logo-croc-etape-1-e1644574034239.jpg\",\"contentUrl\":\"https:\\\/\\\/crocjeux.com\\\/wp-content\\\/uploads\\\/2022\\\/01\\\/cropped-logo-croc-etape-1-e1644574034239.jpg\",\"width\":1224,\"height\":314,\"caption\":\"Croc Jeux\"},\"image\":{\"@id\":\"https:\\\/\\\/crocjeux.com\\\/#\\\/schema\\\/logo\\\/image\\\/\"}}]}<\/script>\n<!-- \/ Yoast SEO plugin. -->","yoast_head_json":{"title":"Small World Of Warcraft - Croc Jeux","robots":{"index":"index","follow":"follow","max-snippet":"max-snippet:-1","max-image-preview":"max-image-preview:large","max-video-preview":"max-video-preview:-1"},"canonical":"https:\/\/crocjeux.com\/index.php\/produit\/small-world-of-warcraft\/","og_locale":"fr_FR","og_type":"article","og_title":"Small World Of Warcraft - Croc Jeux","og_description":"Small World Of Warcraft Small World of Warcraft est un jeu de plateau strat\u00e9gique qui reprend l&rsquo;univers du jeu vid\u00e9o","og_url":"https:\/\/crocjeux.com\/index.php\/produit\/small-world-of-warcraft\/","og_site_name":"Croc Jeux","article_modified_time":"2025-03-13T17:05:22+00:00","og_image":[{"width":500,"height":501,"url":"https:\/\/crocjeux.com\/wp-content\/uploads\/2020\/11\/Jeu-de-strategie-Asmodee-Smallworld-World-of-warcraft.jpg","type":"image\/jpeg"}],"twitter_card":"summary_large_image","twitter_misc":{"Dur\u00e9e de lecture estim\u00e9e":"2 minutes"},"schema":{"@context":"https:\/\/schema.org","@graph":[{"@type":"WebPage","@id":"https:\/\/crocjeux.com\/index.php\/produit\/small-world-of-warcraft\/","url":"https:\/\/crocjeux.com\/index.php\/produit\/small-world-of-warcraft\/","name":"Small World Of Warcraft - Croc Jeux","isPartOf":{"@id":"https:\/\/crocjeux.com\/#website"},"primaryImageOfPage":{"@id":"https:\/\/crocjeux.com\/index.php\/produit\/small-world-of-warcraft\/#primaryimage"},"image":{"@id":"https:\/\/crocjeux.com\/index.php\/produit\/small-world-of-warcraft\/#primaryimage"},"thumbnailUrl":"https:\/\/crocjeux.com\/wp-content\/uploads\/2020\/11\/Jeu-de-strategie-Asmodee-Smallworld-World-of-warcraft.jpg","datePublished":"2020-11-14T10:20:45+00:00","dateModified":"2025-03-13T17:05:22+00:00","breadcrumb":{"@id":"https:\/\/crocjeux.com\/index.php\/produit\/small-world-of-warcraft\/#breadcrumb"},"inLanguage":"fr-FR","potentialAction":[{"@type":"ReadAction","target":["https:\/\/crocjeux.com\/index.php\/produit\/small-world-of-warcraft\/"]}]},{"@type":"ImageObject","inLanguage":"fr-FR","@id":"https:\/\/crocjeux.com\/index.php\/produit\/small-world-of-warcraft\/#primaryimage","url":"https:\/\/crocjeux.com\/wp-content\/uploads\/2020\/11\/Jeu-de-strategie-Asmodee-Smallworld-World-of-warcraft.jpg","contentUrl":"https:\/\/crocjeux.com\/wp-content\/uploads\/2020\/11\/Jeu-de-strategie-Asmodee-Smallworld-World-of-warcraft.jpg","width":500,"height":501},{"@type":"BreadcrumbList","@id":"https:\/\/crocjeux.com\/index.php\/produit\/small-world-of-warcraft\/#breadcrumb","itemListElement":[{"@type":"ListItem","position":1,"name":"Accueil","item":"https:\/\/crocjeux.com\/"},{"@type":"ListItem","position":2,"name":"Boutique","item":"https:\/\/crocjeux.com\/"},{"@type":"ListItem","position":3,"name":"Small World Of Warcraft"}]},{"@type":"WebSite","@id":"https:\/\/crocjeux.com\/#website","url":"https:\/\/crocjeux.com\/","name":"Croc Jeux","description":"Bienvenue chez Croc Jeux!","publisher":{"@id":"https:\/\/crocjeux.com\/#organization"},"potentialAction":[{"@type":"SearchAction","target":{"@type":"EntryPoint","urlTemplate":"https:\/\/crocjeux.com\/?s={search_term_string}"},"query-input":{"@type":"PropertyValueSpecification","valueRequired":true,"valueName":"search_term_string"}}],"inLanguage":"fr-FR"},{"@type":"Organization","@id":"https:\/\/crocjeux.com\/#organization","name":"Croc Jeux","url":"https:\/\/crocjeux.com\/","logo":{"@type":"ImageObject","inLanguage":"fr-FR","@id":"https:\/\/crocjeux.com\/#\/schema\/logo\/image\/","url":"https:\/\/crocjeux.com\/wp-content\/uploads\/2022\/01\/cropped-logo-croc-etape-1-e1644574034239.jpg","contentUrl":"https:\/\/crocjeux.com\/wp-content\/uploads\/2022\/01\/cropped-logo-croc-etape-1-e1644574034239.jpg","width":1224,"height":314,"caption":"Croc Jeux"},"image":{"@id":"https:\/\/crocjeux.com\/#\/schema\/logo\/image\/"}}]}},"_links":{"self":[{"href":"https:\/\/crocjeux.com\/index.php\/wp-json\/wp\/v2\/product\/765","targetHints":{"allow":["GET"]}}],"collection":[{"href":"https:\/\/crocjeux.com\/index.php\/wp-json\/wp\/v2\/product"}],"about":[{"href":"https:\/\/crocjeux.com\/index.php\/wp-json\/wp\/v2\/types\/product"}],"replies":[{"embeddable":true,"href":"https:\/\/crocjeux.com\/index.php\/wp-json\/wp\/v2\/comments?post=765"}],"wp:featuredmedia":[{"embeddable":true,"href":"https:\/\/crocjeux.com\/index.php\/wp-json\/wp\/v2\/media\/771"}],"wp:attachment":[{"href":"https:\/\/crocjeux.com\/index.php\/wp-json\/wp\/v2\/media?parent=765"}],"wp:term":[{"taxonomy":"product_brand","embeddable":true,"href":"https:\/\/crocjeux.com\/index.php\/wp-json\/wp\/v2\/product_brand?post=765"},{"taxonomy":"product_cat","embeddable":true,"href":"https:\/\/crocjeux.com\/index.php\/wp-json\/wp\/v2\/product_cat?post=765"},{"taxonomy":"product_tag","embeddable":true,"href":"https:\/\/crocjeux.com\/index.php\/wp-json\/wp\/v2\/product_tag?post=765"}],"curies":[{"name":"wp","href":"https:\/\/api.w.org\/{rel}","templated":true}]}}