{"id":790,"date":"2020-11-16T14:41:22","date_gmt":"2020-11-16T13:41:22","guid":{"rendered":"https:\/\/crocjeux.com\/?post_type=product&#038;p=790"},"modified":"2020-11-18T17:37:12","modified_gmt":"2020-11-18T16:37:12","slug":"bonjour-petit-pot-des-2-ans","status":"publish","type":"product","link":"https:\/\/crocjeux.com\/index.php\/produit\/bonjour-petit-pot-des-2-ans\/","title":{"rendered":"\u00a0Bonjour Petit Pot &#8211; D\u00e8s 2 Ans"},"content":{"rendered":"<div class=\"title-container\">\n<h1><span class=\"title\">\u00a0Bonjour Petit Pot &#8211; D\u00e8s 2 Ans \u00a0\u00a0 \u00a0\u00a0 \u00a0\u00a0 \u00a0\u00a0 \u00a0\u00a0 \u00a0\u00a0 <\/span><span class=\"brand-label\"><a href=\"https:\/\/www.bebe-au-naturel.com\/haba\">Haba<\/a><\/span> <span class=\"title\">Mes Premiers Jeux\u00a0<\/span><\/h1>\n<\/div>\n<div class=\"short-description\">Favorise l&rsquo;apprentissage de la propret\u00e9 de mani\u00e8re ludique<\/div>\n<div>\n<div class=\"content\">\n<p>Les joueurs aident Pia ou Paul \u00e0 atteindre rapidement le pot. C&rsquo;est le d\u00e9 qui d\u00e9cide : soit le pot avance, soit il faut boire.<\/p>\n<p>Mais un accident est si vite arriv\u00e9 !<\/p>\n<p>Un jeu d&rsquo;apprentissage \u00e0 la propret\u00e9 qui d\u00e9dramatise le petit accident :\u00a0favorise l\u2019apprentissage de la propret\u00e9 de mani\u00e8re ludique.<\/p>\n<p><strong>Type de jeu :<\/strong>\u00a0jeu d&rsquo;apprentissage \/ jeu de course<\/p>\n<p><strong>Contenu :\u00a0<\/strong>1 d\u00e9cor de jeu (4 parties \u00e0 embo\u00eeter en croix, 1 planche cartonn\u00e9e double face \u00ab haut du corps \u00bb, 1 planche cartonn\u00e9e \u00ab bas du corps \u00bb, 1 planche cartonn\u00e9e \u00ab sol de salle de bain \u00bb), 3 plaquettes \u00ab boissons \u00bb, 1 plaquette \u00ab balai-serpilli\u00e8re \u00bb, 1 d\u00e9, 1 petit pot, 1 r\u00e8gle du jeu<\/p>\n<p><strong>Nombre de joueurs :<\/strong>\u00a0de 1 \u00e0 4 joueurs<\/p>\n<p><strong>Dur\u00e9e\u00a0 de jeu :<\/strong>\u00a010 mn<\/p>\n<p><strong>Age :<\/strong>\u00a0d\u00e8s 2 ans<\/p>\n<p><strong>Fabriqu\u00e9 en France<\/strong><\/p>\n<\/div>\n<\/div>\n","protected":false},"excerpt":{"rendered":"<p>\u00a0Bonjour Petit Pot &#8211; D\u00e8s 2 Ans \u00a0\u00a0 \u00a0\u00a0 \u00a0\u00a0 \u00a0\u00a0 \u00a0\u00a0 \u00a0\u00a0 Haba Mes Premiers Jeux\u00a0 Favorise l&rsquo;apprentissage de<\/p>\n","protected":false},"featured_media":792,"comment_status":"open","ping_status":"closed","template":"","meta":{"colormag_page_container_layout":"default_layout","colormag_page_sidebar_layout":"default_layout"},"product_brand":[],"product_cat":[33],"product_tag":[],"class_list":{"0":"post-790","1":"product","2":"type-product","3":"status-publish","4":"has-post-thumbnail","6":"product_cat-jeux-enfants","8":"first","9":"instock","10":"taxable","11":"shipping-taxable","12":"purchasable","13":"product-type-simple"},"yoast_head":"<!-- This site is optimized with the Yoast SEO plugin v27.4 - https:\/\/yoast.com\/product\/yoast-seo-wordpress\/ -->\n<title>\u00a0Bonjour Petit Pot - D\u00e8s 2 Ans - Croc Jeux<\/title>\n<meta name=\"robots\" content=\"index, follow, max-snippet:-1, max-image-preview:large, max-video-preview:-1\" \/>\n<link rel=\"canonical\" href=\"https:\/\/crocjeux.com\/index.php\/produit\/bonjour-petit-pot-des-2-ans\/\" \/>\n<meta property=\"og:locale\" content=\"fr_FR\" \/>\n<meta property=\"og:type\" content=\"article\" \/>\n<meta property=\"og:title\" content=\"\u00a0Bonjour Petit Pot - D\u00e8s 2 Ans - Croc Jeux\" \/>\n<meta property=\"og:description\" content=\"\u00a0Bonjour Petit Pot &#8211; D\u00e8s 2 Ans \u00a0\u00a0 \u00a0\u00a0 \u00a0\u00a0 \u00a0\u00a0 \u00a0\u00a0 \u00a0\u00a0 Haba Mes Premiers Jeux\u00a0 Favorise l&rsquo;apprentissage de\" \/>\n<meta property=\"og:url\" content=\"https:\/\/crocjeux.com\/index.php\/produit\/bonjour-petit-pot-des-2-ans\/\" \/>\n<meta property=\"og:site_name\" content=\"Croc Jeux\" \/>\n<meta property=\"article:modified_time\" content=\"2020-11-18T16:37:12+00:00\" \/>\n<meta property=\"og:image\" content=\"https:\/\/crocjeux.com\/wp-content\/uploads\/2020\/11\/98047-177646.jpg\" \/>\n\t<meta property=\"og:image:width\" content=\"700\" \/>\n\t<meta property=\"og:image:height\" content=\"550\" \/>\n\t<meta property=\"og:image:type\" content=\"image\/jpeg\" \/>\n<meta name=\"twitter:card\" content=\"summary_large_image\" \/>\n<meta name=\"twitter:label1\" content=\"Dur\u00e9e de lecture estim\u00e9e\" \/>\n\t<meta name=\"twitter:data1\" content=\"1 minute\" \/>\n<script type=\"application\/ld+json\" class=\"yoast-schema-graph\">{\"@context\":\"https:\\\/\\\/schema.org\",\"@graph\":[{\"@type\":\"WebPage\",\"@id\":\"https:\\\/\\\/crocjeux.com\\\/index.php\\\/produit\\\/bonjour-petit-pot-des-2-ans\\\/\",\"url\":\"https:\\\/\\\/crocjeux.com\\\/index.php\\\/produit\\\/bonjour-petit-pot-des-2-ans\\\/\",\"name\":\"\u00a0Bonjour Petit Pot - D\u00e8s 2 Ans - Croc Jeux\",\"isPartOf\":{\"@id\":\"https:\\\/\\\/crocjeux.com\\\/#website\"},\"primaryImageOfPage\":{\"@id\":\"https:\\\/\\\/crocjeux.com\\\/index.php\\\/produit\\\/bonjour-petit-pot-des-2-ans\\\/#primaryimage\"},\"image\":{\"@id\":\"https:\\\/\\\/crocjeux.com\\\/index.php\\\/produit\\\/bonjour-petit-pot-des-2-ans\\\/#primaryimage\"},\"thumbnailUrl\":\"https:\\\/\\\/crocjeux.com\\\/wp-content\\\/uploads\\\/2020\\\/11\\\/98047-177646.jpg\",\"datePublished\":\"2020-11-16T13:41:22+00:00\",\"dateModified\":\"2020-11-18T16:37:12+00:00\",\"breadcrumb\":{\"@id\":\"https:\\\/\\\/crocjeux.com\\\/index.php\\\/produit\\\/bonjour-petit-pot-des-2-ans\\\/#breadcrumb\"},\"inLanguage\":\"fr-FR\",\"potentialAction\":[{\"@type\":\"ReadAction\",\"target\":[\"https:\\\/\\\/crocjeux.com\\\/index.php\\\/produit\\\/bonjour-petit-pot-des-2-ans\\\/\"]}]},{\"@type\":\"ImageObject\",\"inLanguage\":\"fr-FR\",\"@id\":\"https:\\\/\\\/crocjeux.com\\\/index.php\\\/produit\\\/bonjour-petit-pot-des-2-ans\\\/#primaryimage\",\"url\":\"https:\\\/\\\/crocjeux.com\\\/wp-content\\\/uploads\\\/2020\\\/11\\\/98047-177646.jpg\",\"contentUrl\":\"https:\\\/\\\/crocjeux.com\\\/wp-content\\\/uploads\\\/2020\\\/11\\\/98047-177646.jpg\",\"width\":700,\"height\":550},{\"@type\":\"BreadcrumbList\",\"@id\":\"https:\\\/\\\/crocjeux.com\\\/index.php\\\/produit\\\/bonjour-petit-pot-des-2-ans\\\/#breadcrumb\",\"itemListElement\":[{\"@type\":\"ListItem\",\"position\":1,\"name\":\"Accueil\",\"item\":\"https:\\\/\\\/crocjeux.com\\\/\"},{\"@type\":\"ListItem\",\"position\":2,\"name\":\"Boutique\",\"item\":\"https:\\\/\\\/crocjeux.com\\\/\"},{\"@type\":\"ListItem\",\"position\":3,\"name\":\"\u00a0Bonjour Petit Pot &#8211; D\u00e8s 2 Ans\"}]},{\"@type\":\"WebSite\",\"@id\":\"https:\\\/\\\/crocjeux.com\\\/#website\",\"url\":\"https:\\\/\\\/crocjeux.com\\\/\",\"name\":\"Croc Jeux\",\"description\":\"Bienvenue chez Croc Jeux!\",\"publisher\":{\"@id\":\"https:\\\/\\\/crocjeux.com\\\/#organization\"},\"potentialAction\":[{\"@type\":\"SearchAction\",\"target\":{\"@type\":\"EntryPoint\",\"urlTemplate\":\"https:\\\/\\\/crocjeux.com\\\/?s={search_term_string}\"},\"query-input\":{\"@type\":\"PropertyValueSpecification\",\"valueRequired\":true,\"valueName\":\"search_term_string\"}}],\"inLanguage\":\"fr-FR\"},{\"@type\":\"Organization\",\"@id\":\"https:\\\/\\\/crocjeux.com\\\/#organization\",\"name\":\"Croc Jeux\",\"url\":\"https:\\\/\\\/crocjeux.com\\\/\",\"logo\":{\"@type\":\"ImageObject\",\"inLanguage\":\"fr-FR\",\"@id\":\"https:\\\/\\\/crocjeux.com\\\/#\\\/schema\\\/logo\\\/image\\\/\",\"url\":\"https:\\\/\\\/crocjeux.com\\\/wp-content\\\/uploads\\\/2022\\\/01\\\/cropped-logo-croc-etape-1-e1644574034239.jpg\",\"contentUrl\":\"https:\\\/\\\/crocjeux.com\\\/wp-content\\\/uploads\\\/2022\\\/01\\\/cropped-logo-croc-etape-1-e1644574034239.jpg\",\"width\":1224,\"height\":314,\"caption\":\"Croc Jeux\"},\"image\":{\"@id\":\"https:\\\/\\\/crocjeux.com\\\/#\\\/schema\\\/logo\\\/image\\\/\"}}]}<\/script>\n<!-- \/ Yoast SEO plugin. -->","yoast_head_json":{"title":"\u00a0Bonjour Petit Pot - D\u00e8s 2 Ans - Croc Jeux","robots":{"index":"index","follow":"follow","max-snippet":"max-snippet:-1","max-image-preview":"max-image-preview:large","max-video-preview":"max-video-preview:-1"},"canonical":"https:\/\/crocjeux.com\/index.php\/produit\/bonjour-petit-pot-des-2-ans\/","og_locale":"fr_FR","og_type":"article","og_title":"\u00a0Bonjour Petit Pot - D\u00e8s 2 Ans - Croc Jeux","og_description":"\u00a0Bonjour Petit Pot &#8211; D\u00e8s 2 Ans \u00a0\u00a0 \u00a0\u00a0 \u00a0\u00a0 \u00a0\u00a0 \u00a0\u00a0 \u00a0\u00a0 Haba Mes Premiers Jeux\u00a0 Favorise l&rsquo;apprentissage de","og_url":"https:\/\/crocjeux.com\/index.php\/produit\/bonjour-petit-pot-des-2-ans\/","og_site_name":"Croc Jeux","article_modified_time":"2020-11-18T16:37:12+00:00","og_image":[{"width":700,"height":550,"url":"https:\/\/crocjeux.com\/wp-content\/uploads\/2020\/11\/98047-177646.jpg","type":"image\/jpeg"}],"twitter_card":"summary_large_image","twitter_misc":{"Dur\u00e9e de lecture estim\u00e9e":"1 minute"},"schema":{"@context":"https:\/\/schema.org","@graph":[{"@type":"WebPage","@id":"https:\/\/crocjeux.com\/index.php\/produit\/bonjour-petit-pot-des-2-ans\/","url":"https:\/\/crocjeux.com\/index.php\/produit\/bonjour-petit-pot-des-2-ans\/","name":"\u00a0Bonjour Petit Pot - D\u00e8s 2 Ans - Croc Jeux","isPartOf":{"@id":"https:\/\/crocjeux.com\/#website"},"primaryImageOfPage":{"@id":"https:\/\/crocjeux.com\/index.php\/produit\/bonjour-petit-pot-des-2-ans\/#primaryimage"},"image":{"@id":"https:\/\/crocjeux.com\/index.php\/produit\/bonjour-petit-pot-des-2-ans\/#primaryimage"},"thumbnailUrl":"https:\/\/crocjeux.com\/wp-content\/uploads\/2020\/11\/98047-177646.jpg","datePublished":"2020-11-16T13:41:22+00:00","dateModified":"2020-11-18T16:37:12+00:00","breadcrumb":{"@id":"https:\/\/crocjeux.com\/index.php\/produit\/bonjour-petit-pot-des-2-ans\/#breadcrumb"},"inLanguage":"fr-FR","potentialAction":[{"@type":"ReadAction","target":["https:\/\/crocjeux.com\/index.php\/produit\/bonjour-petit-pot-des-2-ans\/"]}]},{"@type":"ImageObject","inLanguage":"fr-FR","@id":"https:\/\/crocjeux.com\/index.php\/produit\/bonjour-petit-pot-des-2-ans\/#primaryimage","url":"https:\/\/crocjeux.com\/wp-content\/uploads\/2020\/11\/98047-177646.jpg","contentUrl":"https:\/\/crocjeux.com\/wp-content\/uploads\/2020\/11\/98047-177646.jpg","width":700,"height":550},{"@type":"BreadcrumbList","@id":"https:\/\/crocjeux.com\/index.php\/produit\/bonjour-petit-pot-des-2-ans\/#breadcrumb","itemListElement":[{"@type":"ListItem","position":1,"name":"Accueil","item":"https:\/\/crocjeux.com\/"},{"@type":"ListItem","position":2,"name":"Boutique","item":"https:\/\/crocjeux.com\/"},{"@type":"ListItem","position":3,"name":"\u00a0Bonjour Petit Pot &#8211; D\u00e8s 2 Ans"}]},{"@type":"WebSite","@id":"https:\/\/crocjeux.com\/#website","url":"https:\/\/crocjeux.com\/","name":"Croc Jeux","description":"Bienvenue chez Croc Jeux!","publisher":{"@id":"https:\/\/crocjeux.com\/#organization"},"potentialAction":[{"@type":"SearchAction","target":{"@type":"EntryPoint","urlTemplate":"https:\/\/crocjeux.com\/?s={search_term_string}"},"query-input":{"@type":"PropertyValueSpecification","valueRequired":true,"valueName":"search_term_string"}}],"inLanguage":"fr-FR"},{"@type":"Organization","@id":"https:\/\/crocjeux.com\/#organization","name":"Croc Jeux","url":"https:\/\/crocjeux.com\/","logo":{"@type":"ImageObject","inLanguage":"fr-FR","@id":"https:\/\/crocjeux.com\/#\/schema\/logo\/image\/","url":"https:\/\/crocjeux.com\/wp-content\/uploads\/2022\/01\/cropped-logo-croc-etape-1-e1644574034239.jpg","contentUrl":"https:\/\/crocjeux.com\/wp-content\/uploads\/2022\/01\/cropped-logo-croc-etape-1-e1644574034239.jpg","width":1224,"height":314,"caption":"Croc Jeux"},"image":{"@id":"https:\/\/crocjeux.com\/#\/schema\/logo\/image\/"}}]}},"_links":{"self":[{"href":"https:\/\/crocjeux.com\/index.php\/wp-json\/wp\/v2\/product\/790","targetHints":{"allow":["GET"]}}],"collection":[{"href":"https:\/\/crocjeux.com\/index.php\/wp-json\/wp\/v2\/product"}],"about":[{"href":"https:\/\/crocjeux.com\/index.php\/wp-json\/wp\/v2\/types\/product"}],"replies":[{"embeddable":true,"href":"https:\/\/crocjeux.com\/index.php\/wp-json\/wp\/v2\/comments?post=790"}],"wp:featuredmedia":[{"embeddable":true,"href":"https:\/\/crocjeux.com\/index.php\/wp-json\/wp\/v2\/media\/792"}],"wp:attachment":[{"href":"https:\/\/crocjeux.com\/index.php\/wp-json\/wp\/v2\/media?parent=790"}],"wp:term":[{"taxonomy":"product_brand","embeddable":true,"href":"https:\/\/crocjeux.com\/index.php\/wp-json\/wp\/v2\/product_brand?post=790"},{"taxonomy":"product_cat","embeddable":true,"href":"https:\/\/crocjeux.com\/index.php\/wp-json\/wp\/v2\/product_cat?post=790"},{"taxonomy":"product_tag","embeddable":true,"href":"https:\/\/crocjeux.com\/index.php\/wp-json\/wp\/v2\/product_tag?post=790"}],"curies":[{"name":"wp","href":"https:\/\/api.w.org\/{rel}","templated":true}]}}