{"id":80,"date":"2020-10-29T11:10:53","date_gmt":"2020-10-29T10:10:53","guid":{"rendered":"https:\/\/crocjeux.com\/?post_type=product&#038;p=80"},"modified":"2024-04-05T12:51:37","modified_gmt":"2024-04-05T11:51:37","slug":"dice-forge","status":"publish","type":"product","link":"https:\/\/crocjeux.com\/index.php\/produit\/dice-forge\/","title":{"rendered":"Dice Forge"},"content":{"rendered":"<p>Une place s\u2019est lib\u00e9r\u00e9e au Panth\u00e9on et les Dieux sont dispos\u00e9s \u00e0 \u00e9lever le plus prestigieux des h\u00e9ros \u00e0 leur rang. \u00c7a tombe bien, vous \u00eates un h\u00e9ros !<\/p>\n<p>Achetez la g\u00e9n\u00e9rosit\u00e9 des Dieux \u00e0 coups d\u2019offrandes et impressionnez-les en usant de leurs cadeaux pour accomplir des exploits. Mais tout le monde n\u2019est pas \u00e9gal face aux faveurs des Dieux.<\/p>\n<p>Les d\u00e9s permettent d\u2019accumuler des ressources et des points de prestige. Ils d\u00e9terminent votre destin, mais vous avez le pouvoir sur vos d\u00e9s !<\/p>\n<p>Gr\u00e2ce \u00e0 leurs faces amovibles vous pouvez les construire selon votre strat\u00e9gie. Passez r\u00e9guli\u00e8rement par le Temple pour acqu\u00e9rir de nouvelles faces de d\u00e9s, accomplissez des Exploits (acquisition de cartes) pour augmenter votre prestige et obtenir des r\u00e9compenses.<\/p>\n<p>Am\u00e9liorez vos d\u00e9s pour monter en puissante tout au long de la partie : le h\u00e9ros le plus prestigieux rejoindra le Panth\u00e9on.<\/p>\n<p>Dice Forge est un jeu de d\u00e9veloppement dot\u00e9 d\u2019un mat\u00e9riel innovant : des d\u00e9s aux faces amovibles. Retrouvez le plaisir des d\u00e9s en choisissant vous-m\u00eame les faces. G\u00e9rez vos ressources, r\u00e9alisez les actions avant vos adversaires et explorez les multiples strat\u00e9gies pour remporter la victoire.<\/p>\n","protected":false},"excerpt":{"rendered":"<section id=\"tab-description\" class=\"page-product-box r-tabs-panel r-tabs-state-active\">\n<div class=\"rte\">\n<p>Une place s\u2019est lib\u00e9r\u00e9e au Panth\u00e9on et les Dieux sont dispos\u00e9s \u00e0 \u00e9lever le plus prestigieux des h\u00e9ros \u00e0 leur rang. \u00c7a tombe bien, vous \u00eates un h\u00e9ros !<\/p>\n<\/div>\n<\/section>\n","protected":false},"featured_media":81,"comment_status":"open","ping_status":"closed","template":"","meta":{"colormag_page_container_layout":"default_layout","colormag_page_sidebar_layout":"default_layout"},"product_brand":[],"product_cat":[43,18,29,37],"product_tag":[],"class_list":{"0":"post-80","1":"product","2":"type-product","3":"status-publish","4":"has-post-thumbnail","6":"product_cat-grand-classique","7":"product_cat-jeux-de-strategie","8":"product_cat-jeux-2-joueurs","9":"product_cat-ne-ratez-pas","11":"first","12":"instock","13":"taxable","14":"shipping-taxable","15":"purchasable","16":"product-type-simple"},"yoast_head":"<!-- This site is optimized with the Yoast SEO plugin v27.3 - https:\/\/yoast.com\/product\/yoast-seo-wordpress\/ -->\n<title>Dice Forge - Croc Jeux<\/title>\n<meta name=\"robots\" content=\"index, follow, max-snippet:-1, max-image-preview:large, max-video-preview:-1\" \/>\n<link rel=\"canonical\" href=\"https:\/\/crocjeux.com\/index.php\/produit\/dice-forge\/\" \/>\n<meta property=\"og:locale\" content=\"fr_FR\" \/>\n<meta property=\"og:type\" content=\"article\" \/>\n<meta property=\"og:title\" content=\"Dice Forge - Croc Jeux\" \/>\n<meta property=\"og:description\" content=\"Une place s\u2019est lib\u00e9r\u00e9e au Panth\u00e9on et les Dieux sont dispos\u00e9s \u00e0 \u00e9lever le plus prestigieux des h\u00e9ros \u00e0 leur rang. \u00c7a tombe bien, vous \u00eates un h\u00e9ros !\" \/>\n<meta property=\"og:url\" content=\"https:\/\/crocjeux.com\/index.php\/produit\/dice-forge\/\" \/>\n<meta property=\"og:site_name\" content=\"Croc Jeux\" \/>\n<meta property=\"article:modified_time\" content=\"2024-04-05T11:51:37+00:00\" \/>\n<meta property=\"og:image\" content=\"https:\/\/crocjeux.com\/wp-content\/uploads\/2020\/10\/diceforge.png\" \/>\n\t<meta property=\"og:image:width\" content=\"848\" \/>\n\t<meta property=\"og:image:height\" content=\"894\" \/>\n\t<meta property=\"og:image:type\" content=\"image\/png\" \/>\n<meta name=\"twitter:card\" content=\"summary_large_image\" \/>\n<meta name=\"twitter:label1\" content=\"Dur\u00e9e de lecture estim\u00e9e\" \/>\n\t<meta name=\"twitter:data1\" content=\"1 minute\" \/>\n<script type=\"application\/ld+json\" class=\"yoast-schema-graph\">{\"@context\":\"https:\\\/\\\/schema.org\",\"@graph\":[{\"@type\":\"WebPage\",\"@id\":\"https:\\\/\\\/crocjeux.com\\\/index.php\\\/produit\\\/dice-forge\\\/\",\"url\":\"https:\\\/\\\/crocjeux.com\\\/index.php\\\/produit\\\/dice-forge\\\/\",\"name\":\"Dice Forge - Croc Jeux\",\"isPartOf\":{\"@id\":\"https:\\\/\\\/crocjeux.com\\\/#website\"},\"primaryImageOfPage\":{\"@id\":\"https:\\\/\\\/crocjeux.com\\\/index.php\\\/produit\\\/dice-forge\\\/#primaryimage\"},\"image\":{\"@id\":\"https:\\\/\\\/crocjeux.com\\\/index.php\\\/produit\\\/dice-forge\\\/#primaryimage\"},\"thumbnailUrl\":\"https:\\\/\\\/crocjeux.com\\\/wp-content\\\/uploads\\\/2020\\\/10\\\/diceforge.png\",\"datePublished\":\"2020-10-29T10:10:53+00:00\",\"dateModified\":\"2024-04-05T11:51:37+00:00\",\"breadcrumb\":{\"@id\":\"https:\\\/\\\/crocjeux.com\\\/index.php\\\/produit\\\/dice-forge\\\/#breadcrumb\"},\"inLanguage\":\"fr-FR\",\"potentialAction\":[{\"@type\":\"ReadAction\",\"target\":[\"https:\\\/\\\/crocjeux.com\\\/index.php\\\/produit\\\/dice-forge\\\/\"]}]},{\"@type\":\"ImageObject\",\"inLanguage\":\"fr-FR\",\"@id\":\"https:\\\/\\\/crocjeux.com\\\/index.php\\\/produit\\\/dice-forge\\\/#primaryimage\",\"url\":\"https:\\\/\\\/crocjeux.com\\\/wp-content\\\/uploads\\\/2020\\\/10\\\/diceforge.png\",\"contentUrl\":\"https:\\\/\\\/crocjeux.com\\\/wp-content\\\/uploads\\\/2020\\\/10\\\/diceforge.png\",\"width\":848,\"height\":894},{\"@type\":\"BreadcrumbList\",\"@id\":\"https:\\\/\\\/crocjeux.com\\\/index.php\\\/produit\\\/dice-forge\\\/#breadcrumb\",\"itemListElement\":[{\"@type\":\"ListItem\",\"position\":1,\"name\":\"Accueil\",\"item\":\"https:\\\/\\\/crocjeux.com\\\/\"},{\"@type\":\"ListItem\",\"position\":2,\"name\":\"Boutique\",\"item\":\"https:\\\/\\\/crocjeux.com\\\/\"},{\"@type\":\"ListItem\",\"position\":3,\"name\":\"Dice Forge\"}]},{\"@type\":\"WebSite\",\"@id\":\"https:\\\/\\\/crocjeux.com\\\/#website\",\"url\":\"https:\\\/\\\/crocjeux.com\\\/\",\"name\":\"Croc Jeux\",\"description\":\"Bienvenue chez Croc Jeux!\",\"publisher\":{\"@id\":\"https:\\\/\\\/crocjeux.com\\\/#organization\"},\"potentialAction\":[{\"@type\":\"SearchAction\",\"target\":{\"@type\":\"EntryPoint\",\"urlTemplate\":\"https:\\\/\\\/crocjeux.com\\\/?s={search_term_string}\"},\"query-input\":{\"@type\":\"PropertyValueSpecification\",\"valueRequired\":true,\"valueName\":\"search_term_string\"}}],\"inLanguage\":\"fr-FR\"},{\"@type\":\"Organization\",\"@id\":\"https:\\\/\\\/crocjeux.com\\\/#organization\",\"name\":\"Croc Jeux\",\"url\":\"https:\\\/\\\/crocjeux.com\\\/\",\"logo\":{\"@type\":\"ImageObject\",\"inLanguage\":\"fr-FR\",\"@id\":\"https:\\\/\\\/crocjeux.com\\\/#\\\/schema\\\/logo\\\/image\\\/\",\"url\":\"https:\\\/\\\/crocjeux.com\\\/wp-content\\\/uploads\\\/2022\\\/01\\\/cropped-logo-croc-etape-1-e1644574034239.jpg\",\"contentUrl\":\"https:\\\/\\\/crocjeux.com\\\/wp-content\\\/uploads\\\/2022\\\/01\\\/cropped-logo-croc-etape-1-e1644574034239.jpg\",\"width\":1224,\"height\":314,\"caption\":\"Croc Jeux\"},\"image\":{\"@id\":\"https:\\\/\\\/crocjeux.com\\\/#\\\/schema\\\/logo\\\/image\\\/\"}}]}<\/script>\n<!-- \/ Yoast SEO plugin. -->","yoast_head_json":{"title":"Dice Forge - Croc Jeux","robots":{"index":"index","follow":"follow","max-snippet":"max-snippet:-1","max-image-preview":"max-image-preview:large","max-video-preview":"max-video-preview:-1"},"canonical":"https:\/\/crocjeux.com\/index.php\/produit\/dice-forge\/","og_locale":"fr_FR","og_type":"article","og_title":"Dice Forge - Croc Jeux","og_description":"Une place s\u2019est lib\u00e9r\u00e9e au Panth\u00e9on et les Dieux sont dispos\u00e9s \u00e0 \u00e9lever le plus prestigieux des h\u00e9ros \u00e0 leur rang. \u00c7a tombe bien, vous \u00eates un h\u00e9ros !","og_url":"https:\/\/crocjeux.com\/index.php\/produit\/dice-forge\/","og_site_name":"Croc Jeux","article_modified_time":"2024-04-05T11:51:37+00:00","og_image":[{"width":848,"height":894,"url":"https:\/\/crocjeux.com\/wp-content\/uploads\/2020\/10\/diceforge.png","type":"image\/png"}],"twitter_card":"summary_large_image","twitter_misc":{"Dur\u00e9e de lecture estim\u00e9e":"1 minute"},"schema":{"@context":"https:\/\/schema.org","@graph":[{"@type":"WebPage","@id":"https:\/\/crocjeux.com\/index.php\/produit\/dice-forge\/","url":"https:\/\/crocjeux.com\/index.php\/produit\/dice-forge\/","name":"Dice Forge - Croc Jeux","isPartOf":{"@id":"https:\/\/crocjeux.com\/#website"},"primaryImageOfPage":{"@id":"https:\/\/crocjeux.com\/index.php\/produit\/dice-forge\/#primaryimage"},"image":{"@id":"https:\/\/crocjeux.com\/index.php\/produit\/dice-forge\/#primaryimage"},"thumbnailUrl":"https:\/\/crocjeux.com\/wp-content\/uploads\/2020\/10\/diceforge.png","datePublished":"2020-10-29T10:10:53+00:00","dateModified":"2024-04-05T11:51:37+00:00","breadcrumb":{"@id":"https:\/\/crocjeux.com\/index.php\/produit\/dice-forge\/#breadcrumb"},"inLanguage":"fr-FR","potentialAction":[{"@type":"ReadAction","target":["https:\/\/crocjeux.com\/index.php\/produit\/dice-forge\/"]}]},{"@type":"ImageObject","inLanguage":"fr-FR","@id":"https:\/\/crocjeux.com\/index.php\/produit\/dice-forge\/#primaryimage","url":"https:\/\/crocjeux.com\/wp-content\/uploads\/2020\/10\/diceforge.png","contentUrl":"https:\/\/crocjeux.com\/wp-content\/uploads\/2020\/10\/diceforge.png","width":848,"height":894},{"@type":"BreadcrumbList","@id":"https:\/\/crocjeux.com\/index.php\/produit\/dice-forge\/#breadcrumb","itemListElement":[{"@type":"ListItem","position":1,"name":"Accueil","item":"https:\/\/crocjeux.com\/"},{"@type":"ListItem","position":2,"name":"Boutique","item":"https:\/\/crocjeux.com\/"},{"@type":"ListItem","position":3,"name":"Dice Forge"}]},{"@type":"WebSite","@id":"https:\/\/crocjeux.com\/#website","url":"https:\/\/crocjeux.com\/","name":"Croc Jeux","description":"Bienvenue chez Croc Jeux!","publisher":{"@id":"https:\/\/crocjeux.com\/#organization"},"potentialAction":[{"@type":"SearchAction","target":{"@type":"EntryPoint","urlTemplate":"https:\/\/crocjeux.com\/?s={search_term_string}"},"query-input":{"@type":"PropertyValueSpecification","valueRequired":true,"valueName":"search_term_string"}}],"inLanguage":"fr-FR"},{"@type":"Organization","@id":"https:\/\/crocjeux.com\/#organization","name":"Croc Jeux","url":"https:\/\/crocjeux.com\/","logo":{"@type":"ImageObject","inLanguage":"fr-FR","@id":"https:\/\/crocjeux.com\/#\/schema\/logo\/image\/","url":"https:\/\/crocjeux.com\/wp-content\/uploads\/2022\/01\/cropped-logo-croc-etape-1-e1644574034239.jpg","contentUrl":"https:\/\/crocjeux.com\/wp-content\/uploads\/2022\/01\/cropped-logo-croc-etape-1-e1644574034239.jpg","width":1224,"height":314,"caption":"Croc Jeux"},"image":{"@id":"https:\/\/crocjeux.com\/#\/schema\/logo\/image\/"}}]}},"_links":{"self":[{"href":"https:\/\/crocjeux.com\/index.php\/wp-json\/wp\/v2\/product\/80","targetHints":{"allow":["GET"]}}],"collection":[{"href":"https:\/\/crocjeux.com\/index.php\/wp-json\/wp\/v2\/product"}],"about":[{"href":"https:\/\/crocjeux.com\/index.php\/wp-json\/wp\/v2\/types\/product"}],"replies":[{"embeddable":true,"href":"https:\/\/crocjeux.com\/index.php\/wp-json\/wp\/v2\/comments?post=80"}],"wp:featuredmedia":[{"embeddable":true,"href":"https:\/\/crocjeux.com\/index.php\/wp-json\/wp\/v2\/media\/81"}],"wp:attachment":[{"href":"https:\/\/crocjeux.com\/index.php\/wp-json\/wp\/v2\/media?parent=80"}],"wp:term":[{"taxonomy":"product_brand","embeddable":true,"href":"https:\/\/crocjeux.com\/index.php\/wp-json\/wp\/v2\/product_brand?post=80"},{"taxonomy":"product_cat","embeddable":true,"href":"https:\/\/crocjeux.com\/index.php\/wp-json\/wp\/v2\/product_cat?post=80"},{"taxonomy":"product_tag","embeddable":true,"href":"https:\/\/crocjeux.com\/index.php\/wp-json\/wp\/v2\/product_tag?post=80"}],"curies":[{"name":"wp","href":"https:\/\/api.w.org\/{rel}","templated":true}]}}