{"id":812,"date":"2020-11-16T17:32:23","date_gmt":"2020-11-16T16:32:23","guid":{"rendered":"https:\/\/crocjeux.com\/?post_type=product&#038;p=812"},"modified":"2023-02-08T15:13:34","modified_gmt":"2023-02-08T14:13:34","slug":"chakra-yin-yang","status":"publish","type":"product","link":"https:\/\/crocjeux.com\/index.php\/produit\/chakra-yin-yang\/","title":{"rendered":"Chakra &#8211; Yin Yang"},"content":{"rendered":"<section id=\"tab-description\" class=\"page-product-box r-tabs-panel r-tabs-state-active\">\n<div class=\"rte\">\n<div>Trouverez-vous l\u2019\u00e9quilibre entre le Yin et le Yang, entre les nouvelles \u00e9nergies blanches et les noires, afin de gagner encore plus de pl\u00e9nitude ? Tout ne sera encore qu\u2019une question de choix car les pouvoirs des \u00e9nergies blanches sont multiples\u2026<\/div>\n<div><\/div>\n<div>Renouvelez vos strat\u00e9gies et ajustez la difficult\u00e9 du d\u00e9fi propos\u00e9 par Chakra, gr\u00e2ce \u00e0 4 modules d\u2019extension combinables \u00e0 souhait.<\/div>\n<div><\/div>\n<div>Avec ses 4 modules diff\u00e9rents, combinables \u00e0 souhait, Yin Yang permet de renouveler grandement l\u2019exp\u00e9rience de jeu avec Chakra.<\/div>\n<div><\/div>\n<div>Le premier module offre avec ses pierres blanches de nouvelles possibilit\u00e9s strat\u00e9giques : elles permettent en effet de fluidifier et d\u2019acc\u00e9l\u00e9rer les mouvements des \u00e9nergies en harmonisant temporairement les Chakras et, si elles rencontrent une \u00e9nergie n\u00e9gative, d\u2019obtenir des jetons Yin Yang, source suppl\u00e9mentaire de pl\u00e9nitude.<\/div>\n<div><\/div>\n<div>Le second module et ses bonus d\u2019harmonisation acc\u00e9l\u00e8re le jeu et rend chaque Chakra attractif alors que le troisi\u00e8me module accro\u00eet le dilemme et l\u2019interaction via sa course aux objectifs.<\/div>\n<div>\n<p>Enfin, le dernier module demande un sens du timing afin de profiter au mieux des capacit\u00e9s sp\u00e9ciales disponibles.<\/p>\n<p>Yin Yang est une extension et n\u00e9cessite la boite de base de Chakra.<\/p>\n<\/div>\n<\/div>\n<\/section>\n","protected":false},"excerpt":{"rendered":"<p>Trouverez-vous l\u2019\u00e9quilibre entre le Yin et le Yang, entre les nouvelles \u00e9nergies blanches et les noires, afin de gagner encore<\/p>\n","protected":false},"featured_media":813,"comment_status":"open","ping_status":"closed","template":"","meta":{"colormag_page_container_layout":"default_layout","colormag_page_sidebar_layout":"default_layout"},"product_brand":[],"product_cat":[18,29],"product_tag":[],"class_list":{"0":"post-812","1":"product","2":"type-product","3":"status-publish","4":"has-post-thumbnail","6":"product_cat-jeux-de-strategie","7":"product_cat-jeux-2-joueurs","9":"first","10":"outofstock","11":"taxable","12":"shipping-taxable","13":"purchasable","14":"product-type-simple"},"yoast_head":"<!-- This site is optimized with the Yoast SEO plugin v27.4 - https:\/\/yoast.com\/product\/yoast-seo-wordpress\/ -->\n<title>Chakra - Yin Yang - Croc Jeux<\/title>\n<meta name=\"robots\" content=\"index, follow, max-snippet:-1, max-image-preview:large, max-video-preview:-1\" \/>\n<link rel=\"canonical\" href=\"https:\/\/crocjeux.com\/index.php\/produit\/chakra-yin-yang\/\" \/>\n<meta property=\"og:locale\" content=\"fr_FR\" \/>\n<meta property=\"og:type\" content=\"article\" \/>\n<meta property=\"og:title\" content=\"Chakra - Yin Yang - Croc Jeux\" \/>\n<meta property=\"og:description\" content=\"Trouverez-vous l\u2019\u00e9quilibre entre le Yin et le Yang, entre les nouvelles \u00e9nergies blanches et les noires, afin de gagner encore\" \/>\n<meta property=\"og:url\" content=\"https:\/\/crocjeux.com\/index.php\/produit\/chakra-yin-yang\/\" \/>\n<meta property=\"og:site_name\" content=\"Croc Jeux\" \/>\n<meta property=\"article:modified_time\" content=\"2023-02-08T14:13:34+00:00\" \/>\n<meta property=\"og:image\" content=\"https:\/\/crocjeux.com\/wp-content\/uploads\/2020\/11\/chakra-extension-yin-yang-boite-du-jeu.jpg\" \/>\n\t<meta property=\"og:image:width\" content=\"655\" \/>\n\t<meta property=\"og:image:height\" content=\"745\" \/>\n\t<meta property=\"og:image:type\" content=\"image\/jpeg\" \/>\n<meta name=\"twitter:card\" content=\"summary_large_image\" \/>\n<meta name=\"twitter:label1\" content=\"Dur\u00e9e de lecture estim\u00e9e\" \/>\n\t<meta name=\"twitter:data1\" content=\"1 minute\" \/>\n<script type=\"application\/ld+json\" class=\"yoast-schema-graph\">{\"@context\":\"https:\\\/\\\/schema.org\",\"@graph\":[{\"@type\":\"WebPage\",\"@id\":\"https:\\\/\\\/crocjeux.com\\\/index.php\\\/produit\\\/chakra-yin-yang\\\/\",\"url\":\"https:\\\/\\\/crocjeux.com\\\/index.php\\\/produit\\\/chakra-yin-yang\\\/\",\"name\":\"Chakra - Yin Yang - Croc Jeux\",\"isPartOf\":{\"@id\":\"https:\\\/\\\/crocjeux.com\\\/#website\"},\"primaryImageOfPage\":{\"@id\":\"https:\\\/\\\/crocjeux.com\\\/index.php\\\/produit\\\/chakra-yin-yang\\\/#primaryimage\"},\"image\":{\"@id\":\"https:\\\/\\\/crocjeux.com\\\/index.php\\\/produit\\\/chakra-yin-yang\\\/#primaryimage\"},\"thumbnailUrl\":\"https:\\\/\\\/crocjeux.com\\\/wp-content\\\/uploads\\\/2020\\\/11\\\/chakra-extension-yin-yang-boite-du-jeu.jpg\",\"datePublished\":\"2020-11-16T16:32:23+00:00\",\"dateModified\":\"2023-02-08T14:13:34+00:00\",\"breadcrumb\":{\"@id\":\"https:\\\/\\\/crocjeux.com\\\/index.php\\\/produit\\\/chakra-yin-yang\\\/#breadcrumb\"},\"inLanguage\":\"fr-FR\",\"potentialAction\":[{\"@type\":\"ReadAction\",\"target\":[\"https:\\\/\\\/crocjeux.com\\\/index.php\\\/produit\\\/chakra-yin-yang\\\/\"]}]},{\"@type\":\"ImageObject\",\"inLanguage\":\"fr-FR\",\"@id\":\"https:\\\/\\\/crocjeux.com\\\/index.php\\\/produit\\\/chakra-yin-yang\\\/#primaryimage\",\"url\":\"https:\\\/\\\/crocjeux.com\\\/wp-content\\\/uploads\\\/2020\\\/11\\\/chakra-extension-yin-yang-boite-du-jeu.jpg\",\"contentUrl\":\"https:\\\/\\\/crocjeux.com\\\/wp-content\\\/uploads\\\/2020\\\/11\\\/chakra-extension-yin-yang-boite-du-jeu.jpg\",\"width\":655,\"height\":745},{\"@type\":\"BreadcrumbList\",\"@id\":\"https:\\\/\\\/crocjeux.com\\\/index.php\\\/produit\\\/chakra-yin-yang\\\/#breadcrumb\",\"itemListElement\":[{\"@type\":\"ListItem\",\"position\":1,\"name\":\"Accueil\",\"item\":\"https:\\\/\\\/crocjeux.com\\\/\"},{\"@type\":\"ListItem\",\"position\":2,\"name\":\"Boutique\",\"item\":\"https:\\\/\\\/crocjeux.com\\\/\"},{\"@type\":\"ListItem\",\"position\":3,\"name\":\"Chakra &#8211; Yin Yang\"}]},{\"@type\":\"WebSite\",\"@id\":\"https:\\\/\\\/crocjeux.com\\\/#website\",\"url\":\"https:\\\/\\\/crocjeux.com\\\/\",\"name\":\"Croc Jeux\",\"description\":\"Bienvenue chez Croc Jeux!\",\"publisher\":{\"@id\":\"https:\\\/\\\/crocjeux.com\\\/#organization\"},\"potentialAction\":[{\"@type\":\"SearchAction\",\"target\":{\"@type\":\"EntryPoint\",\"urlTemplate\":\"https:\\\/\\\/crocjeux.com\\\/?s={search_term_string}\"},\"query-input\":{\"@type\":\"PropertyValueSpecification\",\"valueRequired\":true,\"valueName\":\"search_term_string\"}}],\"inLanguage\":\"fr-FR\"},{\"@type\":\"Organization\",\"@id\":\"https:\\\/\\\/crocjeux.com\\\/#organization\",\"name\":\"Croc Jeux\",\"url\":\"https:\\\/\\\/crocjeux.com\\\/\",\"logo\":{\"@type\":\"ImageObject\",\"inLanguage\":\"fr-FR\",\"@id\":\"https:\\\/\\\/crocjeux.com\\\/#\\\/schema\\\/logo\\\/image\\\/\",\"url\":\"https:\\\/\\\/crocjeux.com\\\/wp-content\\\/uploads\\\/2022\\\/01\\\/cropped-logo-croc-etape-1-e1644574034239.jpg\",\"contentUrl\":\"https:\\\/\\\/crocjeux.com\\\/wp-content\\\/uploads\\\/2022\\\/01\\\/cropped-logo-croc-etape-1-e1644574034239.jpg\",\"width\":1224,\"height\":314,\"caption\":\"Croc Jeux\"},\"image\":{\"@id\":\"https:\\\/\\\/crocjeux.com\\\/#\\\/schema\\\/logo\\\/image\\\/\"}}]}<\/script>\n<!-- \/ Yoast SEO plugin. -->","yoast_head_json":{"title":"Chakra - Yin Yang - Croc Jeux","robots":{"index":"index","follow":"follow","max-snippet":"max-snippet:-1","max-image-preview":"max-image-preview:large","max-video-preview":"max-video-preview:-1"},"canonical":"https:\/\/crocjeux.com\/index.php\/produit\/chakra-yin-yang\/","og_locale":"fr_FR","og_type":"article","og_title":"Chakra - Yin Yang - Croc Jeux","og_description":"Trouverez-vous l\u2019\u00e9quilibre entre le Yin et le Yang, entre les nouvelles \u00e9nergies blanches et les noires, afin de gagner encore","og_url":"https:\/\/crocjeux.com\/index.php\/produit\/chakra-yin-yang\/","og_site_name":"Croc Jeux","article_modified_time":"2023-02-08T14:13:34+00:00","og_image":[{"width":655,"height":745,"url":"https:\/\/crocjeux.com\/wp-content\/uploads\/2020\/11\/chakra-extension-yin-yang-boite-du-jeu.jpg","type":"image\/jpeg"}],"twitter_card":"summary_large_image","twitter_misc":{"Dur\u00e9e de lecture estim\u00e9e":"1 minute"},"schema":{"@context":"https:\/\/schema.org","@graph":[{"@type":"WebPage","@id":"https:\/\/crocjeux.com\/index.php\/produit\/chakra-yin-yang\/","url":"https:\/\/crocjeux.com\/index.php\/produit\/chakra-yin-yang\/","name":"Chakra - Yin Yang - Croc Jeux","isPartOf":{"@id":"https:\/\/crocjeux.com\/#website"},"primaryImageOfPage":{"@id":"https:\/\/crocjeux.com\/index.php\/produit\/chakra-yin-yang\/#primaryimage"},"image":{"@id":"https:\/\/crocjeux.com\/index.php\/produit\/chakra-yin-yang\/#primaryimage"},"thumbnailUrl":"https:\/\/crocjeux.com\/wp-content\/uploads\/2020\/11\/chakra-extension-yin-yang-boite-du-jeu.jpg","datePublished":"2020-11-16T16:32:23+00:00","dateModified":"2023-02-08T14:13:34+00:00","breadcrumb":{"@id":"https:\/\/crocjeux.com\/index.php\/produit\/chakra-yin-yang\/#breadcrumb"},"inLanguage":"fr-FR","potentialAction":[{"@type":"ReadAction","target":["https:\/\/crocjeux.com\/index.php\/produit\/chakra-yin-yang\/"]}]},{"@type":"ImageObject","inLanguage":"fr-FR","@id":"https:\/\/crocjeux.com\/index.php\/produit\/chakra-yin-yang\/#primaryimage","url":"https:\/\/crocjeux.com\/wp-content\/uploads\/2020\/11\/chakra-extension-yin-yang-boite-du-jeu.jpg","contentUrl":"https:\/\/crocjeux.com\/wp-content\/uploads\/2020\/11\/chakra-extension-yin-yang-boite-du-jeu.jpg","width":655,"height":745},{"@type":"BreadcrumbList","@id":"https:\/\/crocjeux.com\/index.php\/produit\/chakra-yin-yang\/#breadcrumb","itemListElement":[{"@type":"ListItem","position":1,"name":"Accueil","item":"https:\/\/crocjeux.com\/"},{"@type":"ListItem","position":2,"name":"Boutique","item":"https:\/\/crocjeux.com\/"},{"@type":"ListItem","position":3,"name":"Chakra &#8211; Yin Yang"}]},{"@type":"WebSite","@id":"https:\/\/crocjeux.com\/#website","url":"https:\/\/crocjeux.com\/","name":"Croc Jeux","description":"Bienvenue chez Croc Jeux!","publisher":{"@id":"https:\/\/crocjeux.com\/#organization"},"potentialAction":[{"@type":"SearchAction","target":{"@type":"EntryPoint","urlTemplate":"https:\/\/crocjeux.com\/?s={search_term_string}"},"query-input":{"@type":"PropertyValueSpecification","valueRequired":true,"valueName":"search_term_string"}}],"inLanguage":"fr-FR"},{"@type":"Organization","@id":"https:\/\/crocjeux.com\/#organization","name":"Croc Jeux","url":"https:\/\/crocjeux.com\/","logo":{"@type":"ImageObject","inLanguage":"fr-FR","@id":"https:\/\/crocjeux.com\/#\/schema\/logo\/image\/","url":"https:\/\/crocjeux.com\/wp-content\/uploads\/2022\/01\/cropped-logo-croc-etape-1-e1644574034239.jpg","contentUrl":"https:\/\/crocjeux.com\/wp-content\/uploads\/2022\/01\/cropped-logo-croc-etape-1-e1644574034239.jpg","width":1224,"height":314,"caption":"Croc Jeux"},"image":{"@id":"https:\/\/crocjeux.com\/#\/schema\/logo\/image\/"}}]}},"_links":{"self":[{"href":"https:\/\/crocjeux.com\/index.php\/wp-json\/wp\/v2\/product\/812","targetHints":{"allow":["GET"]}}],"collection":[{"href":"https:\/\/crocjeux.com\/index.php\/wp-json\/wp\/v2\/product"}],"about":[{"href":"https:\/\/crocjeux.com\/index.php\/wp-json\/wp\/v2\/types\/product"}],"replies":[{"embeddable":true,"href":"https:\/\/crocjeux.com\/index.php\/wp-json\/wp\/v2\/comments?post=812"}],"wp:featuredmedia":[{"embeddable":true,"href":"https:\/\/crocjeux.com\/index.php\/wp-json\/wp\/v2\/media\/813"}],"wp:attachment":[{"href":"https:\/\/crocjeux.com\/index.php\/wp-json\/wp\/v2\/media?parent=812"}],"wp:term":[{"taxonomy":"product_brand","embeddable":true,"href":"https:\/\/crocjeux.com\/index.php\/wp-json\/wp\/v2\/product_brand?post=812"},{"taxonomy":"product_cat","embeddable":true,"href":"https:\/\/crocjeux.com\/index.php\/wp-json\/wp\/v2\/product_cat?post=812"},{"taxonomy":"product_tag","embeddable":true,"href":"https:\/\/crocjeux.com\/index.php\/wp-json\/wp\/v2\/product_tag?post=812"}],"curies":[{"name":"wp","href":"https:\/\/api.w.org\/{rel}","templated":true}]}}