{"id":815,"date":"2020-11-16T17:41:17","date_gmt":"2020-11-16T16:41:17","guid":{"rendered":"https:\/\/crocjeux.com\/?post_type=product&#038;p=815"},"modified":"2024-01-11T13:43:12","modified_gmt":"2024-01-11T12:43:12","slug":"harry-potter-bataille-a-poudlard-la-monstrueuse-boite-de-monstres-precommande-sortie-le-20-novembre","status":"publish","type":"product","link":"https:\/\/crocjeux.com\/index.php\/produit\/harry-potter-bataille-a-poudlard-la-monstrueuse-boite-de-monstres-precommande-sortie-le-20-novembre\/","title":{"rendered":"Harry Potter : Bataille \u00e0 Poudlard &#8211; La Monstrueuse Bo\u00eete de Monstres"},"content":{"rendered":"<section id=\"tab-description\" class=\"page-product-box r-tabs-panel r-tabs-state-active\">\n<div class=\"rte\">\n<p>Aventurez-vous dans la for\u00eat interdite avec La Monstrueuse Bo\u00eete de Monstres, l&rsquo;extension tr\u00e8s attendue de Harry Potter : Jouez le r\u00f4le de Harry, Hermione, Ron, Neville ou Luna Lovegood dans la bataille de Poudlard, o\u00f9 vous devrez affronter des cr\u00e9atures effrayantes et faire des rencontres difficiles. M\u00e9fiez-vous de tout acte r\u00e9pr\u00e9hensible qui pourrait vous valoir une d\u00e9tention ! Ce n&rsquo;est qu&rsquo;en travaillant ensemble pour vaincre les forces du mal et en prot\u00e9geant les lieux embl\u00e9matiques que le monde des sorciers sera s\u00e9curis\u00e9 une fois pour toutes !<\/p>\n<\/div>\n<\/section>\n","protected":false},"excerpt":{"rendered":"<p>Aventurez-vous dans la for\u00eat interdite avec La Monstrueuse Bo\u00eete de Monstres, l&rsquo;extension tr\u00e8s attendue de Harry Potter : Jouez le<\/p>\n","protected":false},"featured_media":816,"comment_status":"open","ping_status":"closed","template":"","meta":{"colormag_page_container_layout":"default_layout","colormag_page_sidebar_layout":"default_layout"},"product_brand":[],"product_cat":[30,29],"product_tag":[],"class_list":{"0":"post-815","1":"product","2":"type-product","3":"status-publish","4":"has-post-thumbnail","6":"product_cat-jeux-collaboratifs","7":"product_cat-jeux-2-joueurs","9":"first","10":"outofstock","11":"taxable","12":"shipping-taxable","13":"purchasable","14":"product-type-simple"},"yoast_head":"<!-- This site is optimized with the Yoast SEO plugin v27.3 - https:\/\/yoast.com\/product\/yoast-seo-wordpress\/ -->\n<title>Harry Potter : Bataille \u00e0 Poudlard - La Monstrueuse Bo\u00eete de Monstres - Croc Jeux<\/title>\n<meta name=\"robots\" content=\"index, follow, max-snippet:-1, max-image-preview:large, max-video-preview:-1\" \/>\n<link rel=\"canonical\" href=\"https:\/\/crocjeux.com\/index.php\/produit\/harry-potter-bataille-a-poudlard-la-monstrueuse-boite-de-monstres-precommande-sortie-le-20-novembre\/\" \/>\n<meta property=\"og:locale\" content=\"fr_FR\" \/>\n<meta property=\"og:type\" content=\"article\" \/>\n<meta property=\"og:title\" content=\"Harry Potter : Bataille \u00e0 Poudlard - La Monstrueuse Bo\u00eete de Monstres - Croc Jeux\" \/>\n<meta property=\"og:description\" content=\"Aventurez-vous dans la for\u00eat interdite avec La Monstrueuse Bo\u00eete de Monstres, l&rsquo;extension tr\u00e8s attendue de Harry Potter : Jouez le\" \/>\n<meta property=\"og:url\" content=\"https:\/\/crocjeux.com\/index.php\/produit\/harry-potter-bataille-a-poudlard-la-monstrueuse-boite-de-monstres-precommande-sortie-le-20-novembre\/\" \/>\n<meta property=\"og:site_name\" content=\"Croc Jeux\" \/>\n<meta property=\"article:modified_time\" content=\"2024-01-11T12:43:12+00:00\" \/>\n<meta property=\"og:image\" content=\"https:\/\/crocjeux.com\/wp-content\/uploads\/2020\/11\/harry-potter-hogwart-s-battle-box-of-monsters.jpg\" \/>\n\t<meta property=\"og:image:width\" content=\"800\" \/>\n\t<meta property=\"og:image:height\" content=\"800\" \/>\n\t<meta property=\"og:image:type\" content=\"image\/jpeg\" \/>\n<meta name=\"twitter:card\" content=\"summary_large_image\" \/>\n<script type=\"application\/ld+json\" class=\"yoast-schema-graph\">{\"@context\":\"https:\\\/\\\/schema.org\",\"@graph\":[{\"@type\":\"WebPage\",\"@id\":\"https:\\\/\\\/crocjeux.com\\\/index.php\\\/produit\\\/harry-potter-bataille-a-poudlard-la-monstrueuse-boite-de-monstres-precommande-sortie-le-20-novembre\\\/\",\"url\":\"https:\\\/\\\/crocjeux.com\\\/index.php\\\/produit\\\/harry-potter-bataille-a-poudlard-la-monstrueuse-boite-de-monstres-precommande-sortie-le-20-novembre\\\/\",\"name\":\"Harry Potter : Bataille \u00e0 Poudlard - La Monstrueuse Bo\u00eete de Monstres - Croc Jeux\",\"isPartOf\":{\"@id\":\"https:\\\/\\\/crocjeux.com\\\/#website\"},\"primaryImageOfPage\":{\"@id\":\"https:\\\/\\\/crocjeux.com\\\/index.php\\\/produit\\\/harry-potter-bataille-a-poudlard-la-monstrueuse-boite-de-monstres-precommande-sortie-le-20-novembre\\\/#primaryimage\"},\"image\":{\"@id\":\"https:\\\/\\\/crocjeux.com\\\/index.php\\\/produit\\\/harry-potter-bataille-a-poudlard-la-monstrueuse-boite-de-monstres-precommande-sortie-le-20-novembre\\\/#primaryimage\"},\"thumbnailUrl\":\"https:\\\/\\\/crocjeux.com\\\/wp-content\\\/uploads\\\/2020\\\/11\\\/harry-potter-hogwart-s-battle-box-of-monsters.jpg\",\"datePublished\":\"2020-11-16T16:41:17+00:00\",\"dateModified\":\"2024-01-11T12:43:12+00:00\",\"breadcrumb\":{\"@id\":\"https:\\\/\\\/crocjeux.com\\\/index.php\\\/produit\\\/harry-potter-bataille-a-poudlard-la-monstrueuse-boite-de-monstres-precommande-sortie-le-20-novembre\\\/#breadcrumb\"},\"inLanguage\":\"fr-FR\",\"potentialAction\":[{\"@type\":\"ReadAction\",\"target\":[\"https:\\\/\\\/crocjeux.com\\\/index.php\\\/produit\\\/harry-potter-bataille-a-poudlard-la-monstrueuse-boite-de-monstres-precommande-sortie-le-20-novembre\\\/\"]}]},{\"@type\":\"ImageObject\",\"inLanguage\":\"fr-FR\",\"@id\":\"https:\\\/\\\/crocjeux.com\\\/index.php\\\/produit\\\/harry-potter-bataille-a-poudlard-la-monstrueuse-boite-de-monstres-precommande-sortie-le-20-novembre\\\/#primaryimage\",\"url\":\"https:\\\/\\\/crocjeux.com\\\/wp-content\\\/uploads\\\/2020\\\/11\\\/harry-potter-hogwart-s-battle-box-of-monsters.jpg\",\"contentUrl\":\"https:\\\/\\\/crocjeux.com\\\/wp-content\\\/uploads\\\/2020\\\/11\\\/harry-potter-hogwart-s-battle-box-of-monsters.jpg\",\"width\":800,\"height\":800},{\"@type\":\"BreadcrumbList\",\"@id\":\"https:\\\/\\\/crocjeux.com\\\/index.php\\\/produit\\\/harry-potter-bataille-a-poudlard-la-monstrueuse-boite-de-monstres-precommande-sortie-le-20-novembre\\\/#breadcrumb\",\"itemListElement\":[{\"@type\":\"ListItem\",\"position\":1,\"name\":\"Accueil\",\"item\":\"https:\\\/\\\/crocjeux.com\\\/\"},{\"@type\":\"ListItem\",\"position\":2,\"name\":\"Boutique\",\"item\":\"https:\\\/\\\/crocjeux.com\\\/\"},{\"@type\":\"ListItem\",\"position\":3,\"name\":\"Harry Potter : Bataille \u00e0 Poudlard &#8211; La Monstrueuse Bo\u00eete de Monstres\"}]},{\"@type\":\"WebSite\",\"@id\":\"https:\\\/\\\/crocjeux.com\\\/#website\",\"url\":\"https:\\\/\\\/crocjeux.com\\\/\",\"name\":\"Croc Jeux\",\"description\":\"Bienvenue chez Croc Jeux!\",\"publisher\":{\"@id\":\"https:\\\/\\\/crocjeux.com\\\/#organization\"},\"potentialAction\":[{\"@type\":\"SearchAction\",\"target\":{\"@type\":\"EntryPoint\",\"urlTemplate\":\"https:\\\/\\\/crocjeux.com\\\/?s={search_term_string}\"},\"query-input\":{\"@type\":\"PropertyValueSpecification\",\"valueRequired\":true,\"valueName\":\"search_term_string\"}}],\"inLanguage\":\"fr-FR\"},{\"@type\":\"Organization\",\"@id\":\"https:\\\/\\\/crocjeux.com\\\/#organization\",\"name\":\"Croc Jeux\",\"url\":\"https:\\\/\\\/crocjeux.com\\\/\",\"logo\":{\"@type\":\"ImageObject\",\"inLanguage\":\"fr-FR\",\"@id\":\"https:\\\/\\\/crocjeux.com\\\/#\\\/schema\\\/logo\\\/image\\\/\",\"url\":\"https:\\\/\\\/crocjeux.com\\\/wp-content\\\/uploads\\\/2022\\\/01\\\/cropped-logo-croc-etape-1-e1644574034239.jpg\",\"contentUrl\":\"https:\\\/\\\/crocjeux.com\\\/wp-content\\\/uploads\\\/2022\\\/01\\\/cropped-logo-croc-etape-1-e1644574034239.jpg\",\"width\":1224,\"height\":314,\"caption\":\"Croc Jeux\"},\"image\":{\"@id\":\"https:\\\/\\\/crocjeux.com\\\/#\\\/schema\\\/logo\\\/image\\\/\"}}]}<\/script>\n<!-- \/ Yoast SEO plugin. -->","yoast_head_json":{"title":"Harry Potter : Bataille \u00e0 Poudlard - La Monstrueuse Bo\u00eete de Monstres - Croc Jeux","robots":{"index":"index","follow":"follow","max-snippet":"max-snippet:-1","max-image-preview":"max-image-preview:large","max-video-preview":"max-video-preview:-1"},"canonical":"https:\/\/crocjeux.com\/index.php\/produit\/harry-potter-bataille-a-poudlard-la-monstrueuse-boite-de-monstres-precommande-sortie-le-20-novembre\/","og_locale":"fr_FR","og_type":"article","og_title":"Harry Potter : Bataille \u00e0 Poudlard - La Monstrueuse Bo\u00eete de Monstres - Croc Jeux","og_description":"Aventurez-vous dans la for\u00eat interdite avec La Monstrueuse Bo\u00eete de Monstres, l&rsquo;extension tr\u00e8s attendue de Harry Potter : Jouez le","og_url":"https:\/\/crocjeux.com\/index.php\/produit\/harry-potter-bataille-a-poudlard-la-monstrueuse-boite-de-monstres-precommande-sortie-le-20-novembre\/","og_site_name":"Croc Jeux","article_modified_time":"2024-01-11T12:43:12+00:00","og_image":[{"width":800,"height":800,"url":"https:\/\/crocjeux.com\/wp-content\/uploads\/2020\/11\/harry-potter-hogwart-s-battle-box-of-monsters.jpg","type":"image\/jpeg"}],"twitter_card":"summary_large_image","schema":{"@context":"https:\/\/schema.org","@graph":[{"@type":"WebPage","@id":"https:\/\/crocjeux.com\/index.php\/produit\/harry-potter-bataille-a-poudlard-la-monstrueuse-boite-de-monstres-precommande-sortie-le-20-novembre\/","url":"https:\/\/crocjeux.com\/index.php\/produit\/harry-potter-bataille-a-poudlard-la-monstrueuse-boite-de-monstres-precommande-sortie-le-20-novembre\/","name":"Harry Potter : Bataille \u00e0 Poudlard - La Monstrueuse Bo\u00eete de Monstres - Croc Jeux","isPartOf":{"@id":"https:\/\/crocjeux.com\/#website"},"primaryImageOfPage":{"@id":"https:\/\/crocjeux.com\/index.php\/produit\/harry-potter-bataille-a-poudlard-la-monstrueuse-boite-de-monstres-precommande-sortie-le-20-novembre\/#primaryimage"},"image":{"@id":"https:\/\/crocjeux.com\/index.php\/produit\/harry-potter-bataille-a-poudlard-la-monstrueuse-boite-de-monstres-precommande-sortie-le-20-novembre\/#primaryimage"},"thumbnailUrl":"https:\/\/crocjeux.com\/wp-content\/uploads\/2020\/11\/harry-potter-hogwart-s-battle-box-of-monsters.jpg","datePublished":"2020-11-16T16:41:17+00:00","dateModified":"2024-01-11T12:43:12+00:00","breadcrumb":{"@id":"https:\/\/crocjeux.com\/index.php\/produit\/harry-potter-bataille-a-poudlard-la-monstrueuse-boite-de-monstres-precommande-sortie-le-20-novembre\/#breadcrumb"},"inLanguage":"fr-FR","potentialAction":[{"@type":"ReadAction","target":["https:\/\/crocjeux.com\/index.php\/produit\/harry-potter-bataille-a-poudlard-la-monstrueuse-boite-de-monstres-precommande-sortie-le-20-novembre\/"]}]},{"@type":"ImageObject","inLanguage":"fr-FR","@id":"https:\/\/crocjeux.com\/index.php\/produit\/harry-potter-bataille-a-poudlard-la-monstrueuse-boite-de-monstres-precommande-sortie-le-20-novembre\/#primaryimage","url":"https:\/\/crocjeux.com\/wp-content\/uploads\/2020\/11\/harry-potter-hogwart-s-battle-box-of-monsters.jpg","contentUrl":"https:\/\/crocjeux.com\/wp-content\/uploads\/2020\/11\/harry-potter-hogwart-s-battle-box-of-monsters.jpg","width":800,"height":800},{"@type":"BreadcrumbList","@id":"https:\/\/crocjeux.com\/index.php\/produit\/harry-potter-bataille-a-poudlard-la-monstrueuse-boite-de-monstres-precommande-sortie-le-20-novembre\/#breadcrumb","itemListElement":[{"@type":"ListItem","position":1,"name":"Accueil","item":"https:\/\/crocjeux.com\/"},{"@type":"ListItem","position":2,"name":"Boutique","item":"https:\/\/crocjeux.com\/"},{"@type":"ListItem","position":3,"name":"Harry Potter : Bataille \u00e0 Poudlard &#8211; La Monstrueuse Bo\u00eete de Monstres"}]},{"@type":"WebSite","@id":"https:\/\/crocjeux.com\/#website","url":"https:\/\/crocjeux.com\/","name":"Croc Jeux","description":"Bienvenue chez Croc Jeux!","publisher":{"@id":"https:\/\/crocjeux.com\/#organization"},"potentialAction":[{"@type":"SearchAction","target":{"@type":"EntryPoint","urlTemplate":"https:\/\/crocjeux.com\/?s={search_term_string}"},"query-input":{"@type":"PropertyValueSpecification","valueRequired":true,"valueName":"search_term_string"}}],"inLanguage":"fr-FR"},{"@type":"Organization","@id":"https:\/\/crocjeux.com\/#organization","name":"Croc Jeux","url":"https:\/\/crocjeux.com\/","logo":{"@type":"ImageObject","inLanguage":"fr-FR","@id":"https:\/\/crocjeux.com\/#\/schema\/logo\/image\/","url":"https:\/\/crocjeux.com\/wp-content\/uploads\/2022\/01\/cropped-logo-croc-etape-1-e1644574034239.jpg","contentUrl":"https:\/\/crocjeux.com\/wp-content\/uploads\/2022\/01\/cropped-logo-croc-etape-1-e1644574034239.jpg","width":1224,"height":314,"caption":"Croc Jeux"},"image":{"@id":"https:\/\/crocjeux.com\/#\/schema\/logo\/image\/"}}]}},"_links":{"self":[{"href":"https:\/\/crocjeux.com\/index.php\/wp-json\/wp\/v2\/product\/815","targetHints":{"allow":["GET"]}}],"collection":[{"href":"https:\/\/crocjeux.com\/index.php\/wp-json\/wp\/v2\/product"}],"about":[{"href":"https:\/\/crocjeux.com\/index.php\/wp-json\/wp\/v2\/types\/product"}],"replies":[{"embeddable":true,"href":"https:\/\/crocjeux.com\/index.php\/wp-json\/wp\/v2\/comments?post=815"}],"wp:featuredmedia":[{"embeddable":true,"href":"https:\/\/crocjeux.com\/index.php\/wp-json\/wp\/v2\/media\/816"}],"wp:attachment":[{"href":"https:\/\/crocjeux.com\/index.php\/wp-json\/wp\/v2\/media?parent=815"}],"wp:term":[{"taxonomy":"product_brand","embeddable":true,"href":"https:\/\/crocjeux.com\/index.php\/wp-json\/wp\/v2\/product_brand?post=815"},{"taxonomy":"product_cat","embeddable":true,"href":"https:\/\/crocjeux.com\/index.php\/wp-json\/wp\/v2\/product_cat?post=815"},{"taxonomy":"product_tag","embeddable":true,"href":"https:\/\/crocjeux.com\/index.php\/wp-json\/wp\/v2\/product_tag?post=815"}],"curies":[{"name":"wp","href":"https:\/\/api.w.org\/{rel}","templated":true}]}}