{"id":853,"date":"2020-11-17T15:50:28","date_gmt":"2020-11-17T14:50:28","guid":{"rendered":"https:\/\/crocjeux.com\/?post_type=product&#038;p=853"},"modified":"2024-06-26T17:03:47","modified_gmt":"2024-06-26T16:03:47","slug":"honga","status":"publish","type":"product","link":"https:\/\/crocjeux.com\/index.php\/produit\/honga\/","title":{"rendered":"Honga"},"content":{"rendered":"<div class=\"dynImgHeadComp clearFix imageLeft_headlineFloating_textFloating col-xs-12\">\n<div class=\"\">\n<div class=\"floatLeft\">\n<figure class=\"imgBox\">\n<div><img decoding=\"async\" class=\"lazyload loaded\" src=\"https:\/\/edge-haba.azureedge.net\/cs\/images\/8999554973726.jpg\" alt=\"t-490-haba-spielzeug-platzieren-sie-ihre-aktionsscheibe-spieleabend-approved.jpg\" \/><\/div>\n<\/figure>\n<\/div>\n<div class=\"floatHelper\">\n<div class=\"txtBox\">\n<p>Proc\u00e9dez \u00e0 un choix tactique pour placer votre jeton d\u2019action sur une case du plateau de jeu.<\/p>\n<\/div>\n<\/div>\n<\/div>\n<\/div>\n<div class=\"dynImgHeadComp clearFix imageRight_headlineFloating_textFloating col-xs-12\">\n<div class=\"\">\n<div class=\"floatRight\">\n<figure class=\"imgBox\">\n<div><img decoding=\"async\" class=\"lazyload loaded\" src=\"https:\/\/edge-haba.azureedge.net\/cs\/images\/8999555104798.jpg\" alt=\"t-490-haba-spielzeug-achten-sie-auf-honga-spieleabend-approved.jpg\" \/><\/div>\n<\/figure>\n<\/div>\n<div class=\"floatHelper\">\n<div class=\"txtBox\">\n<p>Prenez soin de HONGA (a) et ex\u00e9cutez les actions que vous avez choisies (b).<\/p>\n<\/div>\n<\/div>\n<\/div>\n<\/div>\n<div class=\"dynImgHeadComp clearFix imageLeft_headlineFloating_textFloating col-xs-12\">\n<div class=\"\">\n<div class=\"floatLeft\">\n<figure class=\"imgBox\">\n<div><img decoding=\"async\" class=\"lazyload loaded\" src=\"https:\/\/edge-haba.azureedge.net\/cs\/images\/8999555399710.jpg\" alt=\"t-490-haba-spielzeug-nutzen-sie-ihre-moeglichkeiten-spieleabend-approved.jpg\" \/><\/div>\n<\/figure>\n<\/div>\n<div class=\"floatHelper\">\n<div class=\"txtBox\">\n<p>Saisissez les opportunit\u00e9s pour \u00eatre le premier \u00e0 r\u00e9unir le nombre de points de victoire requis et devenir ainsi le nouveau chef de la tribu.<\/p>\n<\/div>\n<\/div>\n<\/div>\n<\/div>\n<div class=\"dynImgHeadComp clearFix col-xs-12\">\n<div class=\"\">\n<div class=\"txtBox\">\n<p>Le nouveau jeu Juniors &amp; Famille est passionnant pour les joueurs d\u00e9butants et exp\u00e9riment\u00e9s. Le mat\u00e9riel de jeu s\u2019installe en un tour de main et les 2 \u00e0 5 joueurs peuvent rapidement s\u2019affronter \u00e0 ce jeu tactique aux multiples facettes. Une chose est s\u00fbre : il n\u2019y aura qu\u2019un seul nouveau chef de la tribu !<\/p>\n<\/div>\n<\/div>\n<\/div>\n","protected":false},"excerpt":{"rendered":"<p><span class=\"js-ProductSummary-truncate is-truncated\">La tribu du tigre \u00e0 dents de sabre Honga choisit un nouveau chef ! Les pr\u00e9tendants devront amasser un maximum de provisions, pratiquer le troc avec succ\u00e8s et rendre hommage aux dieux ancestraux de la nature afin de se montrer dignes d\u2019un tel honneur. Mais il ne faut surtout pas oublier de s\u2019occuper de Honga ! Le tigre \u00e0 dents de sabre d\u00e9vore toutes les provisions de celui qui le n\u00e9glige.<\/span><\/p>\n","protected":false},"featured_media":854,"comment_status":"open","ping_status":"closed","template":"","meta":{"colormag_page_container_layout":"default_layout","colormag_page_sidebar_layout":"default_layout"},"product_brand":[],"product_cat":[33,36],"product_tag":[],"class_list":{"0":"post-853","1":"product","2":"type-product","3":"status-publish","4":"has-post-thumbnail","6":"product_cat-jeux-enfants","7":"product_cat-jeux-familiaux","9":"first","10":"outofstock","11":"taxable","12":"shipping-taxable","13":"purchasable","14":"product-type-simple"},"yoast_head":"<!-- This site is optimized with the Yoast SEO plugin v27.4 - https:\/\/yoast.com\/product\/yoast-seo-wordpress\/ -->\n<title>Honga - Croc Jeux<\/title>\n<meta name=\"robots\" content=\"index, follow, max-snippet:-1, max-image-preview:large, max-video-preview:-1\" \/>\n<link rel=\"canonical\" href=\"https:\/\/crocjeux.com\/index.php\/produit\/honga\/\" \/>\n<meta property=\"og:locale\" content=\"fr_FR\" \/>\n<meta property=\"og:type\" content=\"article\" \/>\n<meta property=\"og:title\" content=\"Honga - Croc Jeux\" \/>\n<meta property=\"og:description\" content=\"La tribu du tigre \u00e0 dents de sabre Honga choisit un nouveau chef ! Les pr\u00e9tendants devront amasser un maximum de provisions, pratiquer le troc avec succ\u00e8s et rendre hommage aux dieux ancestraux de la nature afin de se montrer dignes d\u2019un tel honneur. Mais il ne faut surtout pas oublier de s\u2019occuper de Honga ! Le tigre \u00e0 dents de sabre d\u00e9vore toutes les provisions de celui qui le n\u00e9glige.\" \/>\n<meta property=\"og:url\" content=\"https:\/\/crocjeux.com\/index.php\/produit\/honga\/\" \/>\n<meta property=\"og:site_name\" content=\"Croc Jeux\" \/>\n<meta property=\"article:modified_time\" content=\"2024-06-26T16:03:47+00:00\" \/>\n<meta property=\"og:image\" content=\"https:\/\/crocjeux.com\/wp-content\/uploads\/2020\/11\/Jeu-de-strategie-Haba-Honga.jpg\" \/>\n\t<meta property=\"og:image:width\" content=\"500\" \/>\n\t<meta property=\"og:image:height\" content=\"500\" \/>\n\t<meta property=\"og:image:type\" content=\"image\/jpeg\" \/>\n<meta name=\"twitter:card\" content=\"summary_large_image\" \/>\n<meta name=\"twitter:label1\" content=\"Dur\u00e9e de lecture estim\u00e9e\" \/>\n\t<meta name=\"twitter:data1\" content=\"2 minutes\" \/>\n<script type=\"application\/ld+json\" class=\"yoast-schema-graph\">{\"@context\":\"https:\\\/\\\/schema.org\",\"@graph\":[{\"@type\":\"WebPage\",\"@id\":\"https:\\\/\\\/crocjeux.com\\\/index.php\\\/produit\\\/honga\\\/\",\"url\":\"https:\\\/\\\/crocjeux.com\\\/index.php\\\/produit\\\/honga\\\/\",\"name\":\"Honga - Croc Jeux\",\"isPartOf\":{\"@id\":\"https:\\\/\\\/crocjeux.com\\\/#website\"},\"primaryImageOfPage\":{\"@id\":\"https:\\\/\\\/crocjeux.com\\\/index.php\\\/produit\\\/honga\\\/#primaryimage\"},\"image\":{\"@id\":\"https:\\\/\\\/crocjeux.com\\\/index.php\\\/produit\\\/honga\\\/#primaryimage\"},\"thumbnailUrl\":\"https:\\\/\\\/crocjeux.com\\\/wp-content\\\/uploads\\\/2020\\\/11\\\/Jeu-de-strategie-Haba-Honga.jpg\",\"datePublished\":\"2020-11-17T14:50:28+00:00\",\"dateModified\":\"2024-06-26T16:03:47+00:00\",\"breadcrumb\":{\"@id\":\"https:\\\/\\\/crocjeux.com\\\/index.php\\\/produit\\\/honga\\\/#breadcrumb\"},\"inLanguage\":\"fr-FR\",\"potentialAction\":[{\"@type\":\"ReadAction\",\"target\":[\"https:\\\/\\\/crocjeux.com\\\/index.php\\\/produit\\\/honga\\\/\"]}]},{\"@type\":\"ImageObject\",\"inLanguage\":\"fr-FR\",\"@id\":\"https:\\\/\\\/crocjeux.com\\\/index.php\\\/produit\\\/honga\\\/#primaryimage\",\"url\":\"https:\\\/\\\/crocjeux.com\\\/wp-content\\\/uploads\\\/2020\\\/11\\\/Jeu-de-strategie-Haba-Honga.jpg\",\"contentUrl\":\"https:\\\/\\\/crocjeux.com\\\/wp-content\\\/uploads\\\/2020\\\/11\\\/Jeu-de-strategie-Haba-Honga.jpg\",\"width\":500,\"height\":500},{\"@type\":\"BreadcrumbList\",\"@id\":\"https:\\\/\\\/crocjeux.com\\\/index.php\\\/produit\\\/honga\\\/#breadcrumb\",\"itemListElement\":[{\"@type\":\"ListItem\",\"position\":1,\"name\":\"Accueil\",\"item\":\"https:\\\/\\\/crocjeux.com\\\/\"},{\"@type\":\"ListItem\",\"position\":2,\"name\":\"Boutique\",\"item\":\"https:\\\/\\\/crocjeux.com\\\/\"},{\"@type\":\"ListItem\",\"position\":3,\"name\":\"Honga\"}]},{\"@type\":\"WebSite\",\"@id\":\"https:\\\/\\\/crocjeux.com\\\/#website\",\"url\":\"https:\\\/\\\/crocjeux.com\\\/\",\"name\":\"Croc Jeux\",\"description\":\"Bienvenue chez Croc Jeux!\",\"publisher\":{\"@id\":\"https:\\\/\\\/crocjeux.com\\\/#organization\"},\"potentialAction\":[{\"@type\":\"SearchAction\",\"target\":{\"@type\":\"EntryPoint\",\"urlTemplate\":\"https:\\\/\\\/crocjeux.com\\\/?s={search_term_string}\"},\"query-input\":{\"@type\":\"PropertyValueSpecification\",\"valueRequired\":true,\"valueName\":\"search_term_string\"}}],\"inLanguage\":\"fr-FR\"},{\"@type\":\"Organization\",\"@id\":\"https:\\\/\\\/crocjeux.com\\\/#organization\",\"name\":\"Croc Jeux\",\"url\":\"https:\\\/\\\/crocjeux.com\\\/\",\"logo\":{\"@type\":\"ImageObject\",\"inLanguage\":\"fr-FR\",\"@id\":\"https:\\\/\\\/crocjeux.com\\\/#\\\/schema\\\/logo\\\/image\\\/\",\"url\":\"https:\\\/\\\/crocjeux.com\\\/wp-content\\\/uploads\\\/2022\\\/01\\\/cropped-logo-croc-etape-1-e1644574034239.jpg\",\"contentUrl\":\"https:\\\/\\\/crocjeux.com\\\/wp-content\\\/uploads\\\/2022\\\/01\\\/cropped-logo-croc-etape-1-e1644574034239.jpg\",\"width\":1224,\"height\":314,\"caption\":\"Croc Jeux\"},\"image\":{\"@id\":\"https:\\\/\\\/crocjeux.com\\\/#\\\/schema\\\/logo\\\/image\\\/\"}}]}<\/script>\n<!-- \/ Yoast SEO plugin. -->","yoast_head_json":{"title":"Honga - Croc Jeux","robots":{"index":"index","follow":"follow","max-snippet":"max-snippet:-1","max-image-preview":"max-image-preview:large","max-video-preview":"max-video-preview:-1"},"canonical":"https:\/\/crocjeux.com\/index.php\/produit\/honga\/","og_locale":"fr_FR","og_type":"article","og_title":"Honga - Croc Jeux","og_description":"La tribu du tigre \u00e0 dents de sabre Honga choisit un nouveau chef ! Les pr\u00e9tendants devront amasser un maximum de provisions, pratiquer le troc avec succ\u00e8s et rendre hommage aux dieux ancestraux de la nature afin de se montrer dignes d\u2019un tel honneur. Mais il ne faut surtout pas oublier de s\u2019occuper de Honga ! Le tigre \u00e0 dents de sabre d\u00e9vore toutes les provisions de celui qui le n\u00e9glige.","og_url":"https:\/\/crocjeux.com\/index.php\/produit\/honga\/","og_site_name":"Croc Jeux","article_modified_time":"2024-06-26T16:03:47+00:00","og_image":[{"width":500,"height":500,"url":"https:\/\/crocjeux.com\/wp-content\/uploads\/2020\/11\/Jeu-de-strategie-Haba-Honga.jpg","type":"image\/jpeg"}],"twitter_card":"summary_large_image","twitter_misc":{"Dur\u00e9e de lecture estim\u00e9e":"2 minutes"},"schema":{"@context":"https:\/\/schema.org","@graph":[{"@type":"WebPage","@id":"https:\/\/crocjeux.com\/index.php\/produit\/honga\/","url":"https:\/\/crocjeux.com\/index.php\/produit\/honga\/","name":"Honga - Croc Jeux","isPartOf":{"@id":"https:\/\/crocjeux.com\/#website"},"primaryImageOfPage":{"@id":"https:\/\/crocjeux.com\/index.php\/produit\/honga\/#primaryimage"},"image":{"@id":"https:\/\/crocjeux.com\/index.php\/produit\/honga\/#primaryimage"},"thumbnailUrl":"https:\/\/crocjeux.com\/wp-content\/uploads\/2020\/11\/Jeu-de-strategie-Haba-Honga.jpg","datePublished":"2020-11-17T14:50:28+00:00","dateModified":"2024-06-26T16:03:47+00:00","breadcrumb":{"@id":"https:\/\/crocjeux.com\/index.php\/produit\/honga\/#breadcrumb"},"inLanguage":"fr-FR","potentialAction":[{"@type":"ReadAction","target":["https:\/\/crocjeux.com\/index.php\/produit\/honga\/"]}]},{"@type":"ImageObject","inLanguage":"fr-FR","@id":"https:\/\/crocjeux.com\/index.php\/produit\/honga\/#primaryimage","url":"https:\/\/crocjeux.com\/wp-content\/uploads\/2020\/11\/Jeu-de-strategie-Haba-Honga.jpg","contentUrl":"https:\/\/crocjeux.com\/wp-content\/uploads\/2020\/11\/Jeu-de-strategie-Haba-Honga.jpg","width":500,"height":500},{"@type":"BreadcrumbList","@id":"https:\/\/crocjeux.com\/index.php\/produit\/honga\/#breadcrumb","itemListElement":[{"@type":"ListItem","position":1,"name":"Accueil","item":"https:\/\/crocjeux.com\/"},{"@type":"ListItem","position":2,"name":"Boutique","item":"https:\/\/crocjeux.com\/"},{"@type":"ListItem","position":3,"name":"Honga"}]},{"@type":"WebSite","@id":"https:\/\/crocjeux.com\/#website","url":"https:\/\/crocjeux.com\/","name":"Croc Jeux","description":"Bienvenue chez Croc Jeux!","publisher":{"@id":"https:\/\/crocjeux.com\/#organization"},"potentialAction":[{"@type":"SearchAction","target":{"@type":"EntryPoint","urlTemplate":"https:\/\/crocjeux.com\/?s={search_term_string}"},"query-input":{"@type":"PropertyValueSpecification","valueRequired":true,"valueName":"search_term_string"}}],"inLanguage":"fr-FR"},{"@type":"Organization","@id":"https:\/\/crocjeux.com\/#organization","name":"Croc Jeux","url":"https:\/\/crocjeux.com\/","logo":{"@type":"ImageObject","inLanguage":"fr-FR","@id":"https:\/\/crocjeux.com\/#\/schema\/logo\/image\/","url":"https:\/\/crocjeux.com\/wp-content\/uploads\/2022\/01\/cropped-logo-croc-etape-1-e1644574034239.jpg","contentUrl":"https:\/\/crocjeux.com\/wp-content\/uploads\/2022\/01\/cropped-logo-croc-etape-1-e1644574034239.jpg","width":1224,"height":314,"caption":"Croc Jeux"},"image":{"@id":"https:\/\/crocjeux.com\/#\/schema\/logo\/image\/"}}]}},"_links":{"self":[{"href":"https:\/\/crocjeux.com\/index.php\/wp-json\/wp\/v2\/product\/853","targetHints":{"allow":["GET"]}}],"collection":[{"href":"https:\/\/crocjeux.com\/index.php\/wp-json\/wp\/v2\/product"}],"about":[{"href":"https:\/\/crocjeux.com\/index.php\/wp-json\/wp\/v2\/types\/product"}],"replies":[{"embeddable":true,"href":"https:\/\/crocjeux.com\/index.php\/wp-json\/wp\/v2\/comments?post=853"}],"wp:featuredmedia":[{"embeddable":true,"href":"https:\/\/crocjeux.com\/index.php\/wp-json\/wp\/v2\/media\/854"}],"wp:attachment":[{"href":"https:\/\/crocjeux.com\/index.php\/wp-json\/wp\/v2\/media?parent=853"}],"wp:term":[{"taxonomy":"product_brand","embeddable":true,"href":"https:\/\/crocjeux.com\/index.php\/wp-json\/wp\/v2\/product_brand?post=853"},{"taxonomy":"product_cat","embeddable":true,"href":"https:\/\/crocjeux.com\/index.php\/wp-json\/wp\/v2\/product_cat?post=853"},{"taxonomy":"product_tag","embeddable":true,"href":"https:\/\/crocjeux.com\/index.php\/wp-json\/wp\/v2\/product_tag?post=853"}],"curies":[{"name":"wp","href":"https:\/\/api.w.org\/{rel}","templated":true}]}}