{"id":86,"date":"2020-10-29T11:23:53","date_gmt":"2020-10-29T10:23:53","guid":{"rendered":"https:\/\/crocjeux.com\/?post_type=product&#038;p=86"},"modified":"2023-01-26T14:23:13","modified_gmt":"2023-01-26T13:23:13","slug":"mysterium-secrets-lies","status":"publish","type":"product","link":"https:\/\/crocjeux.com\/index.php\/produit\/mysterium-secrets-lies\/","title":{"rendered":"Mysterium &#8211; Secrets &amp; Lies"},"content":{"rendered":"<p class=\"chapeau\">Le Manoir hant\u00e9 cache un pass\u00e9 trouble\u2026<\/p>\n<p>&nbsp;<\/p>\n<div>\n<p>Le Manoir Warwick peine \u00e0 retrouver sa tranquillit\u00e9, malgr\u00e9 les efforts des m\u00e9diums, l\u2019\u00e2me du fant\u00f4me n\u2019est pas en paix. Conrad Mac Dowell, astrologue et propri\u00e9taire du manoir, s\u2019est pench\u00e9 sur les zones d\u2019ombres qui entourent l\u2019affaire. Ce qu\u2019il a d\u00e9couvert est\u2026 d\u00e9routant. Des faits troublants se sont d\u00e9roul\u00e9s juste avant la mort du fant\u00f4me. Et si tout \u00e9tait li\u00e9 ?<\/p>\n<p>Les m\u00e9diums devront s\u2019unir et enqu\u00eater sur de nouveaux suspects, lieux, objets et, pour la premi\u00e8re fois, sur des \u00e9v\u00e9nements \u00e9tranges. Incendie, noyade, h\u00e9ritage, mensonge, autant d\u2019incidents qui n\u2019en sont peut-\u00eatre pas\u2026 Gr\u00e2ce \u00e0 de nouvelles visions, le fant\u00f4me pourra les aider \u00e0 d\u00e9couvrir les secrets qui entourent le manoir lors d\u2019une nouvelle s\u00e9ance de spiritisme.<\/p>\n<p>Mysterium, le jeu d\u2019enqu\u00eate coop\u00e9ratif et asym\u00e9trique revient avec une deuxi\u00e8me extension : Mysterium Secrets and Lies. 6 personnes, 6 lieux et 6 objets permettent de cr\u00e9er des configurations de parties in\u00e9dites, le fant\u00f4me dispose \u00e9galement de 42 visions suppl\u00e9mentaires. Les 19 cartes (dont 1 carte promotionnelle, pour la premi\u00e8re \u00e9dition uniquement) histoire peuvent remplacer les objets et offrent une nouvelle mani\u00e8re de jouer.<\/p>\n<p>Entrez, prenez un si\u00e8ge et laissez-vous guider par votre sixi\u00e8me sens !<\/p>\n<\/div>\n","protected":false},"excerpt":{"rendered":"<div id=\"short_description_block\">\n<div id=\"short_description_content\" class=\"rte align_justify hide-smartphone\">Mysterium, le jeu d\u2019enqu\u00eate coop\u00e9ratif et asym\u00e9trique revient avec une deuxi\u00e8me extension.<\/div>\n<\/div>\n<ul class=\"illustrated_features\">\n<li class=\"langue tooltips\" title=\"\" data-hasqtip=\"5\"><\/li>\n<\/ul>\n","protected":false},"featured_media":87,"comment_status":"open","ping_status":"closed","template":"","meta":{"colormag_page_container_layout":"default_layout","colormag_page_sidebar_layout":"default_layout"},"product_brand":[],"product_cat":[30,36,29],"product_tag":[],"class_list":{"0":"post-86","1":"product","2":"type-product","3":"status-publish","4":"has-post-thumbnail","6":"product_cat-jeux-collaboratifs","7":"product_cat-jeux-familiaux","8":"product_cat-jeux-2-joueurs","10":"first","11":"instock","12":"taxable","13":"shipping-taxable","14":"purchasable","15":"product-type-simple"},"yoast_head":"<!-- This site is optimized with the Yoast SEO plugin v27.1.1 - https:\/\/yoast.com\/product\/yoast-seo-wordpress\/ -->\n<title>Mysterium - Secrets &amp; Lies - Croc Jeux<\/title>\n<meta name=\"robots\" content=\"index, follow, max-snippet:-1, max-image-preview:large, max-video-preview:-1\" \/>\n<link rel=\"canonical\" href=\"https:\/\/crocjeux.com\/index.php\/produit\/mysterium-secrets-lies\/\" \/>\n<meta property=\"og:locale\" content=\"fr_FR\" \/>\n<meta property=\"og:type\" content=\"article\" \/>\n<meta property=\"og:title\" content=\"Mysterium - Secrets &amp; Lies - Croc Jeux\" \/>\n<meta property=\"og:description\" content=\"Mysterium, le jeu d\u2019enqu\u00eate coop\u00e9ratif et asym\u00e9trique revient avec une deuxi\u00e8me extension.\" \/>\n<meta property=\"og:url\" content=\"https:\/\/crocjeux.com\/index.php\/produit\/mysterium-secrets-lies\/\" \/>\n<meta property=\"og:site_name\" content=\"Croc Jeux\" \/>\n<meta property=\"article:modified_time\" content=\"2023-01-26T13:23:13+00:00\" \/>\n<meta property=\"og:image\" content=\"https:\/\/crocjeux.com\/wp-content\/uploads\/2020\/10\/mysterium_secret.png\" \/>\n\t<meta property=\"og:image:width\" content=\"211\" \/>\n\t<meta property=\"og:image:height\" content=\"406\" \/>\n\t<meta property=\"og:image:type\" content=\"image\/png\" \/>\n<meta name=\"twitter:card\" content=\"summary_large_image\" \/>\n<meta name=\"twitter:label1\" content=\"Dur\u00e9e de lecture estim\u00e9e\" \/>\n\t<meta name=\"twitter:data1\" content=\"1 minute\" \/>\n<script type=\"application\/ld+json\" class=\"yoast-schema-graph\">{\"@context\":\"https:\/\/schema.org\",\"@graph\":[{\"@type\":\"WebPage\",\"@id\":\"https:\/\/crocjeux.com\/index.php\/produit\/mysterium-secrets-lies\/\",\"url\":\"https:\/\/crocjeux.com\/index.php\/produit\/mysterium-secrets-lies\/\",\"name\":\"Mysterium - Secrets &amp; Lies - Croc Jeux\",\"isPartOf\":{\"@id\":\"https:\/\/crocjeux.com\/#website\"},\"primaryImageOfPage\":{\"@id\":\"https:\/\/crocjeux.com\/index.php\/produit\/mysterium-secrets-lies\/#primaryimage\"},\"image\":{\"@id\":\"https:\/\/crocjeux.com\/index.php\/produit\/mysterium-secrets-lies\/#primaryimage\"},\"thumbnailUrl\":\"https:\/\/crocjeux.com\/wp-content\/uploads\/2020\/10\/mysterium_secret.png\",\"datePublished\":\"2020-10-29T10:23:53+00:00\",\"dateModified\":\"2023-01-26T13:23:13+00:00\",\"breadcrumb\":{\"@id\":\"https:\/\/crocjeux.com\/index.php\/produit\/mysterium-secrets-lies\/#breadcrumb\"},\"inLanguage\":\"fr-FR\",\"potentialAction\":[{\"@type\":\"ReadAction\",\"target\":[\"https:\/\/crocjeux.com\/index.php\/produit\/mysterium-secrets-lies\/\"]}]},{\"@type\":\"ImageObject\",\"inLanguage\":\"fr-FR\",\"@id\":\"https:\/\/crocjeux.com\/index.php\/produit\/mysterium-secrets-lies\/#primaryimage\",\"url\":\"https:\/\/crocjeux.com\/wp-content\/uploads\/2020\/10\/mysterium_secret.png\",\"contentUrl\":\"https:\/\/crocjeux.com\/wp-content\/uploads\/2020\/10\/mysterium_secret.png\",\"width\":211,\"height\":406},{\"@type\":\"BreadcrumbList\",\"@id\":\"https:\/\/crocjeux.com\/index.php\/produit\/mysterium-secrets-lies\/#breadcrumb\",\"itemListElement\":[{\"@type\":\"ListItem\",\"position\":1,\"name\":\"Accueil\",\"item\":\"https:\/\/crocjeux.com\/\"},{\"@type\":\"ListItem\",\"position\":2,\"name\":\"Boutique\",\"item\":\"https:\/\/crocjeux.com\/\"},{\"@type\":\"ListItem\",\"position\":3,\"name\":\"Mysterium &#8211; Secrets &amp; Lies\"}]},{\"@type\":\"WebSite\",\"@id\":\"https:\/\/crocjeux.com\/#website\",\"url\":\"https:\/\/crocjeux.com\/\",\"name\":\"Croc Jeux\",\"description\":\"Bienvenue chez Croc Jeux!\",\"publisher\":{\"@id\":\"https:\/\/crocjeux.com\/#organization\"},\"potentialAction\":[{\"@type\":\"SearchAction\",\"target\":{\"@type\":\"EntryPoint\",\"urlTemplate\":\"https:\/\/crocjeux.com\/?s={search_term_string}\"},\"query-input\":{\"@type\":\"PropertyValueSpecification\",\"valueRequired\":true,\"valueName\":\"search_term_string\"}}],\"inLanguage\":\"fr-FR\"},{\"@type\":\"Organization\",\"@id\":\"https:\/\/crocjeux.com\/#organization\",\"name\":\"Croc Jeux\",\"url\":\"https:\/\/crocjeux.com\/\",\"logo\":{\"@type\":\"ImageObject\",\"inLanguage\":\"fr-FR\",\"@id\":\"https:\/\/crocjeux.com\/#\/schema\/logo\/image\/\",\"url\":\"https:\/\/crocjeux.com\/wp-content\/uploads\/2022\/01\/cropped-logo-croc-etape-1-e1644574034239.jpg\",\"contentUrl\":\"https:\/\/crocjeux.com\/wp-content\/uploads\/2022\/01\/cropped-logo-croc-etape-1-e1644574034239.jpg\",\"width\":1224,\"height\":314,\"caption\":\"Croc Jeux\"},\"image\":{\"@id\":\"https:\/\/crocjeux.com\/#\/schema\/logo\/image\/\"}}]}<\/script>\n<!-- \/ Yoast SEO plugin. -->","yoast_head_json":{"title":"Mysterium - Secrets &amp; Lies - Croc Jeux","robots":{"index":"index","follow":"follow","max-snippet":"max-snippet:-1","max-image-preview":"max-image-preview:large","max-video-preview":"max-video-preview:-1"},"canonical":"https:\/\/crocjeux.com\/index.php\/produit\/mysterium-secrets-lies\/","og_locale":"fr_FR","og_type":"article","og_title":"Mysterium - Secrets &amp; Lies - Croc Jeux","og_description":"Mysterium, le jeu d\u2019enqu\u00eate coop\u00e9ratif et asym\u00e9trique revient avec une deuxi\u00e8me extension.","og_url":"https:\/\/crocjeux.com\/index.php\/produit\/mysterium-secrets-lies\/","og_site_name":"Croc Jeux","article_modified_time":"2023-01-26T13:23:13+00:00","og_image":[{"width":211,"height":406,"url":"https:\/\/crocjeux.com\/wp-content\/uploads\/2020\/10\/mysterium_secret.png","type":"image\/png"}],"twitter_card":"summary_large_image","twitter_misc":{"Dur\u00e9e de lecture estim\u00e9e":"1 minute"},"schema":{"@context":"https:\/\/schema.org","@graph":[{"@type":"WebPage","@id":"https:\/\/crocjeux.com\/index.php\/produit\/mysterium-secrets-lies\/","url":"https:\/\/crocjeux.com\/index.php\/produit\/mysterium-secrets-lies\/","name":"Mysterium - Secrets &amp; Lies - Croc Jeux","isPartOf":{"@id":"https:\/\/crocjeux.com\/#website"},"primaryImageOfPage":{"@id":"https:\/\/crocjeux.com\/index.php\/produit\/mysterium-secrets-lies\/#primaryimage"},"image":{"@id":"https:\/\/crocjeux.com\/index.php\/produit\/mysterium-secrets-lies\/#primaryimage"},"thumbnailUrl":"https:\/\/crocjeux.com\/wp-content\/uploads\/2020\/10\/mysterium_secret.png","datePublished":"2020-10-29T10:23:53+00:00","dateModified":"2023-01-26T13:23:13+00:00","breadcrumb":{"@id":"https:\/\/crocjeux.com\/index.php\/produit\/mysterium-secrets-lies\/#breadcrumb"},"inLanguage":"fr-FR","potentialAction":[{"@type":"ReadAction","target":["https:\/\/crocjeux.com\/index.php\/produit\/mysterium-secrets-lies\/"]}]},{"@type":"ImageObject","inLanguage":"fr-FR","@id":"https:\/\/crocjeux.com\/index.php\/produit\/mysterium-secrets-lies\/#primaryimage","url":"https:\/\/crocjeux.com\/wp-content\/uploads\/2020\/10\/mysterium_secret.png","contentUrl":"https:\/\/crocjeux.com\/wp-content\/uploads\/2020\/10\/mysterium_secret.png","width":211,"height":406},{"@type":"BreadcrumbList","@id":"https:\/\/crocjeux.com\/index.php\/produit\/mysterium-secrets-lies\/#breadcrumb","itemListElement":[{"@type":"ListItem","position":1,"name":"Accueil","item":"https:\/\/crocjeux.com\/"},{"@type":"ListItem","position":2,"name":"Boutique","item":"https:\/\/crocjeux.com\/"},{"@type":"ListItem","position":3,"name":"Mysterium &#8211; Secrets &amp; Lies"}]},{"@type":"WebSite","@id":"https:\/\/crocjeux.com\/#website","url":"https:\/\/crocjeux.com\/","name":"Croc Jeux","description":"Bienvenue chez Croc Jeux!","publisher":{"@id":"https:\/\/crocjeux.com\/#organization"},"potentialAction":[{"@type":"SearchAction","target":{"@type":"EntryPoint","urlTemplate":"https:\/\/crocjeux.com\/?s={search_term_string}"},"query-input":{"@type":"PropertyValueSpecification","valueRequired":true,"valueName":"search_term_string"}}],"inLanguage":"fr-FR"},{"@type":"Organization","@id":"https:\/\/crocjeux.com\/#organization","name":"Croc Jeux","url":"https:\/\/crocjeux.com\/","logo":{"@type":"ImageObject","inLanguage":"fr-FR","@id":"https:\/\/crocjeux.com\/#\/schema\/logo\/image\/","url":"https:\/\/crocjeux.com\/wp-content\/uploads\/2022\/01\/cropped-logo-croc-etape-1-e1644574034239.jpg","contentUrl":"https:\/\/crocjeux.com\/wp-content\/uploads\/2022\/01\/cropped-logo-croc-etape-1-e1644574034239.jpg","width":1224,"height":314,"caption":"Croc Jeux"},"image":{"@id":"https:\/\/crocjeux.com\/#\/schema\/logo\/image\/"}}]}},"_links":{"self":[{"href":"https:\/\/crocjeux.com\/index.php\/wp-json\/wp\/v2\/product\/86","targetHints":{"allow":["GET"]}}],"collection":[{"href":"https:\/\/crocjeux.com\/index.php\/wp-json\/wp\/v2\/product"}],"about":[{"href":"https:\/\/crocjeux.com\/index.php\/wp-json\/wp\/v2\/types\/product"}],"replies":[{"embeddable":true,"href":"https:\/\/crocjeux.com\/index.php\/wp-json\/wp\/v2\/comments?post=86"}],"wp:featuredmedia":[{"embeddable":true,"href":"https:\/\/crocjeux.com\/index.php\/wp-json\/wp\/v2\/media\/87"}],"wp:attachment":[{"href":"https:\/\/crocjeux.com\/index.php\/wp-json\/wp\/v2\/media?parent=86"}],"wp:term":[{"taxonomy":"product_brand","embeddable":true,"href":"https:\/\/crocjeux.com\/index.php\/wp-json\/wp\/v2\/product_brand?post=86"},{"taxonomy":"product_cat","embeddable":true,"href":"https:\/\/crocjeux.com\/index.php\/wp-json\/wp\/v2\/product_cat?post=86"},{"taxonomy":"product_tag","embeddable":true,"href":"https:\/\/crocjeux.com\/index.php\/wp-json\/wp\/v2\/product_tag?post=86"}],"curies":[{"name":"wp","href":"https:\/\/api.w.org\/{rel}","templated":true}]}}