{"id":870,"date":"2020-11-18T14:19:51","date_gmt":"2020-11-18T13:19:51","guid":{"rendered":"https:\/\/crocjeux.com\/?post_type=product&#038;p=870"},"modified":"2025-06-20T21:52:45","modified_gmt":"2025-06-20T20:52:45","slug":"schotten-totten-2","status":"publish","type":"product","link":"https:\/\/crocjeux.com\/index.php\/produit\/schotten-totten-2\/","title":{"rendered":"Schotten Totten 2"},"content":{"rendered":"<p><strong>Choisissez votre camp !<\/strong><\/p>\n<p>V\u00e9ritable nouveaut\u00e9 de Schotten Totten 2, l\u2019asym\u00e9trie permet de bouleverser les sensations de jeu. En effet, les conditions de victoire sont d\u00e9sormais diff\u00e9rentes de part et d&rsquo;autre de la muraille. Seul l&rsquo;assaillant peut revendiquer une tuile, le d\u00e9fenseur n&rsquo;a que pour seule option de l&rsquo;en emp\u00eacher. Et si le d\u00e9fenseur poss\u00e8de trois chaudrons d&rsquo;huile bouillante lui permettant de d\u00e9fausser une carte adverse, l&rsquo;attaquant \u00e0 lui la possibilit\u00e9 de battre en retraite sur certaines tuiles afin de plus tard revenir en force. En somme, 2 r\u00f4les bien distincts ayant chacun son objectif et proposant des sensations de jeu bien diff\u00e9rentes !<\/p>\n<p><strong>Tactique et huile bouillante<\/strong><\/p>\n<p>Schotten Totten 2 reprend bien \u00e9videmment la m\u00e9canique de son illustre ain\u00e9, c\u2019est-\u00e0-dire des poses de cartes pour obtenir la majorit\u00e9 sur des zones pr\u00e9cises. Chaque combinaison de carte permet de revendiquer la sup\u00e9riorit\u00e9 sur la muraille, mais attention : l\u00e0 aussi, tout change !<br \/>\nEn effet, chaque muraille est d\u00e9sormais sp\u00e9cifique et les joueurs se voient donc imposer des contraintes de pose pour obtenir la majorit\u00e9 ! Une subtilit\u00e9 qui ajoute \u00e9norm\u00e9ment de vari\u00e9t\u00e9 au jeu et multiplie les approches possibles. Cet apport oblige donc l&rsquo;assaillant \u00e0 faire des choix plus marqu\u00e9s en fonction des cartes qu&rsquo;il a en main.<br \/>\nL\u2019assaillant gagne s\u2019il parvient \u00e0 endommager 4 Murailles, ou \u00e0 cr\u00e9er une br\u00e8che sur une tuile endommag\u00e9e.<\/p>\n<p><strong>Plus joueur, plus accrocheur, et toujours aussi intense !<\/strong><\/p>\n<p>Renforc\u00e9 par sa nouvelle dimension asym\u00e9trique, Schotten Totten 2 propose un jeu bien plus dense qui invite naturellement \u00e0 encha\u00eener les parties en alternant les r\u00f4les. Plus tactique et plus intense, il invite \u00e0 des affrontements d\u2019un nouveau type tout en restant fid\u00e8le \u00e0 son illustre h\u00e9ritage.<br \/>\nCet h\u00e9ritage est d\u2019ailleurs renforc\u00e9 par les pinceaux de Djib, \u00e0 nouveau \u00e0 la man\u0153uvre avec de splendides illustrations sur ce second opus.<\/p>\n","protected":false},"excerpt":{"rendered":"<p>Nouvelle escalade dans la guerre des voisins, alors que les deux bellig\u00e9rants du c\u00e9l\u00e8bre Schotten Totten ont d\u00e9cid\u00e9 de passer \u00e0 la vitesse sup\u00e9rieure pour un duel tactique \u00e9pique\u2026 et asym\u00e9trique !<br \/>\nDans Schotten Totten 2, les deux adversaires sont d\u00e9sormais oppos\u00e9s pour la prise d\u2019un Ch\u00e2teau. L\u2019assaillant et le d\u00e9fenseur doivent prouver leur sup\u00e9riorit\u00e9 sur les emplacements des murailles. Mais cette fois, chaque joueur a des objectifs diff\u00e9rents et ses propres conditions de victoire !<\/p>\n","protected":false},"featured_media":871,"comment_status":"open","ping_status":"closed","template":"","meta":{"colormag_page_container_layout":"default_layout","colormag_page_sidebar_layout":"default_layout"},"product_brand":[],"product_cat":[32,18,29],"product_tag":[],"class_list":{"0":"post-870","1":"product","2":"type-product","3":"status-publish","4":"has-post-thumbnail","6":"product_cat-jeux-de-cartes","7":"product_cat-jeux-de-strategie","8":"product_cat-jeux-2-joueurs","10":"first","11":"instock","12":"taxable","13":"shipping-taxable","14":"purchasable","15":"product-type-simple"},"yoast_head":"<!-- This site is optimized with the Yoast SEO plugin v27.3 - https:\/\/yoast.com\/product\/yoast-seo-wordpress\/ -->\n<title>Schotten Totten 2 - Croc Jeux<\/title>\n<meta name=\"robots\" content=\"index, follow, max-snippet:-1, max-image-preview:large, max-video-preview:-1\" \/>\n<link rel=\"canonical\" href=\"https:\/\/crocjeux.com\/index.php\/produit\/schotten-totten-2\/\" \/>\n<meta property=\"og:locale\" content=\"fr_FR\" \/>\n<meta property=\"og:type\" content=\"article\" \/>\n<meta property=\"og:title\" content=\"Schotten Totten 2 - Croc Jeux\" \/>\n<meta property=\"og:description\" content=\"Nouvelle escalade dans la guerre des voisins, alors que les deux bellig\u00e9rants du c\u00e9l\u00e8bre Schotten Totten ont d\u00e9cid\u00e9 de passer \u00e0 la vitesse sup\u00e9rieure pour un duel tactique \u00e9pique\u2026 et asym\u00e9trique ! Dans Schotten Totten 2, les deux adversaires sont d\u00e9sormais oppos\u00e9s pour la prise d\u2019un Ch\u00e2teau. L\u2019assaillant et le d\u00e9fenseur doivent prouver leur sup\u00e9riorit\u00e9 sur les emplacements des murailles. Mais cette fois, chaque joueur a des objectifs diff\u00e9rents et ses propres conditions de victoire !\" \/>\n<meta property=\"og:url\" content=\"https:\/\/crocjeux.com\/index.php\/produit\/schotten-totten-2\/\" \/>\n<meta property=\"og:site_name\" content=\"Croc Jeux\" \/>\n<meta property=\"article:modified_time\" content=\"2025-06-20T20:52:45+00:00\" \/>\n<meta property=\"og:image\" content=\"https:\/\/crocjeux.com\/wp-content\/uploads\/2020\/11\/schotten-totten-2.jpg\" \/>\n\t<meta property=\"og:image:width\" content=\"250\" \/>\n\t<meta property=\"og:image:height\" content=\"250\" \/>\n\t<meta property=\"og:image:type\" content=\"image\/jpeg\" \/>\n<meta name=\"twitter:card\" content=\"summary_large_image\" \/>\n<meta name=\"twitter:label1\" content=\"Dur\u00e9e de lecture estim\u00e9e\" \/>\n\t<meta name=\"twitter:data1\" content=\"2 minutes\" \/>\n<script type=\"application\/ld+json\" class=\"yoast-schema-graph\">{\"@context\":\"https:\\\/\\\/schema.org\",\"@graph\":[{\"@type\":\"WebPage\",\"@id\":\"https:\\\/\\\/crocjeux.com\\\/index.php\\\/produit\\\/schotten-totten-2\\\/\",\"url\":\"https:\\\/\\\/crocjeux.com\\\/index.php\\\/produit\\\/schotten-totten-2\\\/\",\"name\":\"Schotten Totten 2 - Croc Jeux\",\"isPartOf\":{\"@id\":\"https:\\\/\\\/crocjeux.com\\\/#website\"},\"primaryImageOfPage\":{\"@id\":\"https:\\\/\\\/crocjeux.com\\\/index.php\\\/produit\\\/schotten-totten-2\\\/#primaryimage\"},\"image\":{\"@id\":\"https:\\\/\\\/crocjeux.com\\\/index.php\\\/produit\\\/schotten-totten-2\\\/#primaryimage\"},\"thumbnailUrl\":\"https:\\\/\\\/crocjeux.com\\\/wp-content\\\/uploads\\\/2020\\\/11\\\/schotten-totten-2.jpg\",\"datePublished\":\"2020-11-18T13:19:51+00:00\",\"dateModified\":\"2025-06-20T20:52:45+00:00\",\"breadcrumb\":{\"@id\":\"https:\\\/\\\/crocjeux.com\\\/index.php\\\/produit\\\/schotten-totten-2\\\/#breadcrumb\"},\"inLanguage\":\"fr-FR\",\"potentialAction\":[{\"@type\":\"ReadAction\",\"target\":[\"https:\\\/\\\/crocjeux.com\\\/index.php\\\/produit\\\/schotten-totten-2\\\/\"]}]},{\"@type\":\"ImageObject\",\"inLanguage\":\"fr-FR\",\"@id\":\"https:\\\/\\\/crocjeux.com\\\/index.php\\\/produit\\\/schotten-totten-2\\\/#primaryimage\",\"url\":\"https:\\\/\\\/crocjeux.com\\\/wp-content\\\/uploads\\\/2020\\\/11\\\/schotten-totten-2.jpg\",\"contentUrl\":\"https:\\\/\\\/crocjeux.com\\\/wp-content\\\/uploads\\\/2020\\\/11\\\/schotten-totten-2.jpg\",\"width\":250,\"height\":250},{\"@type\":\"BreadcrumbList\",\"@id\":\"https:\\\/\\\/crocjeux.com\\\/index.php\\\/produit\\\/schotten-totten-2\\\/#breadcrumb\",\"itemListElement\":[{\"@type\":\"ListItem\",\"position\":1,\"name\":\"Accueil\",\"item\":\"https:\\\/\\\/crocjeux.com\\\/\"},{\"@type\":\"ListItem\",\"position\":2,\"name\":\"Boutique\",\"item\":\"https:\\\/\\\/crocjeux.com\\\/\"},{\"@type\":\"ListItem\",\"position\":3,\"name\":\"Schotten Totten 2\"}]},{\"@type\":\"WebSite\",\"@id\":\"https:\\\/\\\/crocjeux.com\\\/#website\",\"url\":\"https:\\\/\\\/crocjeux.com\\\/\",\"name\":\"Croc Jeux\",\"description\":\"Bienvenue chez Croc Jeux!\",\"publisher\":{\"@id\":\"https:\\\/\\\/crocjeux.com\\\/#organization\"},\"potentialAction\":[{\"@type\":\"SearchAction\",\"target\":{\"@type\":\"EntryPoint\",\"urlTemplate\":\"https:\\\/\\\/crocjeux.com\\\/?s={search_term_string}\"},\"query-input\":{\"@type\":\"PropertyValueSpecification\",\"valueRequired\":true,\"valueName\":\"search_term_string\"}}],\"inLanguage\":\"fr-FR\"},{\"@type\":\"Organization\",\"@id\":\"https:\\\/\\\/crocjeux.com\\\/#organization\",\"name\":\"Croc Jeux\",\"url\":\"https:\\\/\\\/crocjeux.com\\\/\",\"logo\":{\"@type\":\"ImageObject\",\"inLanguage\":\"fr-FR\",\"@id\":\"https:\\\/\\\/crocjeux.com\\\/#\\\/schema\\\/logo\\\/image\\\/\",\"url\":\"https:\\\/\\\/crocjeux.com\\\/wp-content\\\/uploads\\\/2022\\\/01\\\/cropped-logo-croc-etape-1-e1644574034239.jpg\",\"contentUrl\":\"https:\\\/\\\/crocjeux.com\\\/wp-content\\\/uploads\\\/2022\\\/01\\\/cropped-logo-croc-etape-1-e1644574034239.jpg\",\"width\":1224,\"height\":314,\"caption\":\"Croc Jeux\"},\"image\":{\"@id\":\"https:\\\/\\\/crocjeux.com\\\/#\\\/schema\\\/logo\\\/image\\\/\"}}]}<\/script>\n<!-- \/ Yoast SEO plugin. -->","yoast_head_json":{"title":"Schotten Totten 2 - Croc Jeux","robots":{"index":"index","follow":"follow","max-snippet":"max-snippet:-1","max-image-preview":"max-image-preview:large","max-video-preview":"max-video-preview:-1"},"canonical":"https:\/\/crocjeux.com\/index.php\/produit\/schotten-totten-2\/","og_locale":"fr_FR","og_type":"article","og_title":"Schotten Totten 2 - Croc Jeux","og_description":"Nouvelle escalade dans la guerre des voisins, alors que les deux bellig\u00e9rants du c\u00e9l\u00e8bre Schotten Totten ont d\u00e9cid\u00e9 de passer \u00e0 la vitesse sup\u00e9rieure pour un duel tactique \u00e9pique\u2026 et asym\u00e9trique ! Dans Schotten Totten 2, les deux adversaires sont d\u00e9sormais oppos\u00e9s pour la prise d\u2019un Ch\u00e2teau. L\u2019assaillant et le d\u00e9fenseur doivent prouver leur sup\u00e9riorit\u00e9 sur les emplacements des murailles. Mais cette fois, chaque joueur a des objectifs diff\u00e9rents et ses propres conditions de victoire !","og_url":"https:\/\/crocjeux.com\/index.php\/produit\/schotten-totten-2\/","og_site_name":"Croc Jeux","article_modified_time":"2025-06-20T20:52:45+00:00","og_image":[{"width":250,"height":250,"url":"https:\/\/crocjeux.com\/wp-content\/uploads\/2020\/11\/schotten-totten-2.jpg","type":"image\/jpeg"}],"twitter_card":"summary_large_image","twitter_misc":{"Dur\u00e9e de lecture estim\u00e9e":"2 minutes"},"schema":{"@context":"https:\/\/schema.org","@graph":[{"@type":"WebPage","@id":"https:\/\/crocjeux.com\/index.php\/produit\/schotten-totten-2\/","url":"https:\/\/crocjeux.com\/index.php\/produit\/schotten-totten-2\/","name":"Schotten Totten 2 - Croc Jeux","isPartOf":{"@id":"https:\/\/crocjeux.com\/#website"},"primaryImageOfPage":{"@id":"https:\/\/crocjeux.com\/index.php\/produit\/schotten-totten-2\/#primaryimage"},"image":{"@id":"https:\/\/crocjeux.com\/index.php\/produit\/schotten-totten-2\/#primaryimage"},"thumbnailUrl":"https:\/\/crocjeux.com\/wp-content\/uploads\/2020\/11\/schotten-totten-2.jpg","datePublished":"2020-11-18T13:19:51+00:00","dateModified":"2025-06-20T20:52:45+00:00","breadcrumb":{"@id":"https:\/\/crocjeux.com\/index.php\/produit\/schotten-totten-2\/#breadcrumb"},"inLanguage":"fr-FR","potentialAction":[{"@type":"ReadAction","target":["https:\/\/crocjeux.com\/index.php\/produit\/schotten-totten-2\/"]}]},{"@type":"ImageObject","inLanguage":"fr-FR","@id":"https:\/\/crocjeux.com\/index.php\/produit\/schotten-totten-2\/#primaryimage","url":"https:\/\/crocjeux.com\/wp-content\/uploads\/2020\/11\/schotten-totten-2.jpg","contentUrl":"https:\/\/crocjeux.com\/wp-content\/uploads\/2020\/11\/schotten-totten-2.jpg","width":250,"height":250},{"@type":"BreadcrumbList","@id":"https:\/\/crocjeux.com\/index.php\/produit\/schotten-totten-2\/#breadcrumb","itemListElement":[{"@type":"ListItem","position":1,"name":"Accueil","item":"https:\/\/crocjeux.com\/"},{"@type":"ListItem","position":2,"name":"Boutique","item":"https:\/\/crocjeux.com\/"},{"@type":"ListItem","position":3,"name":"Schotten Totten 2"}]},{"@type":"WebSite","@id":"https:\/\/crocjeux.com\/#website","url":"https:\/\/crocjeux.com\/","name":"Croc Jeux","description":"Bienvenue chez Croc Jeux!","publisher":{"@id":"https:\/\/crocjeux.com\/#organization"},"potentialAction":[{"@type":"SearchAction","target":{"@type":"EntryPoint","urlTemplate":"https:\/\/crocjeux.com\/?s={search_term_string}"},"query-input":{"@type":"PropertyValueSpecification","valueRequired":true,"valueName":"search_term_string"}}],"inLanguage":"fr-FR"},{"@type":"Organization","@id":"https:\/\/crocjeux.com\/#organization","name":"Croc Jeux","url":"https:\/\/crocjeux.com\/","logo":{"@type":"ImageObject","inLanguage":"fr-FR","@id":"https:\/\/crocjeux.com\/#\/schema\/logo\/image\/","url":"https:\/\/crocjeux.com\/wp-content\/uploads\/2022\/01\/cropped-logo-croc-etape-1-e1644574034239.jpg","contentUrl":"https:\/\/crocjeux.com\/wp-content\/uploads\/2022\/01\/cropped-logo-croc-etape-1-e1644574034239.jpg","width":1224,"height":314,"caption":"Croc Jeux"},"image":{"@id":"https:\/\/crocjeux.com\/#\/schema\/logo\/image\/"}}]}},"_links":{"self":[{"href":"https:\/\/crocjeux.com\/index.php\/wp-json\/wp\/v2\/product\/870","targetHints":{"allow":["GET"]}}],"collection":[{"href":"https:\/\/crocjeux.com\/index.php\/wp-json\/wp\/v2\/product"}],"about":[{"href":"https:\/\/crocjeux.com\/index.php\/wp-json\/wp\/v2\/types\/product"}],"replies":[{"embeddable":true,"href":"https:\/\/crocjeux.com\/index.php\/wp-json\/wp\/v2\/comments?post=870"}],"wp:featuredmedia":[{"embeddable":true,"href":"https:\/\/crocjeux.com\/index.php\/wp-json\/wp\/v2\/media\/871"}],"wp:attachment":[{"href":"https:\/\/crocjeux.com\/index.php\/wp-json\/wp\/v2\/media?parent=870"}],"wp:term":[{"taxonomy":"product_brand","embeddable":true,"href":"https:\/\/crocjeux.com\/index.php\/wp-json\/wp\/v2\/product_brand?post=870"},{"taxonomy":"product_cat","embeddable":true,"href":"https:\/\/crocjeux.com\/index.php\/wp-json\/wp\/v2\/product_cat?post=870"},{"taxonomy":"product_tag","embeddable":true,"href":"https:\/\/crocjeux.com\/index.php\/wp-json\/wp\/v2\/product_tag?post=870"}],"curies":[{"name":"wp","href":"https:\/\/api.w.org\/{rel}","templated":true}]}}