{"id":878,"date":"2020-11-18T14:29:30","date_gmt":"2020-11-18T13:29:30","guid":{"rendered":"https:\/\/crocjeux.com\/?post_type=product&#038;p=878"},"modified":"2020-12-21T15:44:39","modified_gmt":"2020-12-21T14:44:39","slug":"star-wars-legion-dark-maul-et-droides-sondes-sith","status":"publish","type":"product","link":"https:\/\/crocjeux.com\/index.php\/produit\/star-wars-legion-dark-maul-et-droides-sondes-sith\/","title":{"rendered":"Star Wars Legion : Dark Maul et dro\u00efdes sondes Sith"},"content":{"rendered":"<p>Cette extension pour STAR WARS : L\u00c9GION contient 4 figurines finement sculpt\u00e9es, Dark Maul et 3 Dro\u00efdes Sondes Sith, permettant de constituer une unit\u00e9 Agent et une unit\u00e9 de forces sp\u00e9ciales, ainsi que des cartes Unit\u00e9, Am\u00e9lioration et Commandement suppl\u00e9mentaires pour votre arm\u00e9e.<\/p>\n","protected":false},"excerpt":{"rendered":"<p>Cette extension pour STAR WARS : L\u00c9GION contient 4 figurines finement sculpt\u00e9es, Dark Maul et 3 Dro\u00efdes Sondes Sith, permettant<\/p>\n","protected":false},"featured_media":879,"comment_status":"open","ping_status":"closed","template":"","meta":{"colormag_page_container_layout":"default_layout","colormag_page_sidebar_layout":"default_layout"},"product_brand":[],"product_cat":[18,34,29],"product_tag":[],"class_list":{"0":"post-878","1":"product","2":"type-product","3":"status-publish","4":"has-post-thumbnail","6":"product_cat-jeux-de-strategie","7":"product_cat-jeux-figurines","8":"product_cat-jeux-2-joueurs","10":"first","11":"instock","12":"taxable","13":"shipping-taxable","14":"purchasable","15":"product-type-simple"},"yoast_head":"<!-- This site is optimized with the Yoast SEO plugin v27.4 - https:\/\/yoast.com\/product\/yoast-seo-wordpress\/ -->\n<title>Star Wars Legion : Dark Maul et dro\u00efdes sondes Sith - Croc Jeux<\/title>\n<meta name=\"robots\" content=\"index, follow, max-snippet:-1, max-image-preview:large, max-video-preview:-1\" \/>\n<link rel=\"canonical\" href=\"https:\/\/crocjeux.com\/index.php\/produit\/star-wars-legion-dark-maul-et-droides-sondes-sith\/\" \/>\n<meta property=\"og:locale\" content=\"fr_FR\" \/>\n<meta property=\"og:type\" content=\"article\" \/>\n<meta property=\"og:title\" content=\"Star Wars Legion : Dark Maul et dro\u00efdes sondes Sith - Croc Jeux\" \/>\n<meta property=\"og:description\" content=\"Cette extension pour STAR WARS : L\u00c9GION contient 4 figurines finement sculpt\u00e9es, Dark Maul et 3 Dro\u00efdes Sondes Sith, permettant\" \/>\n<meta property=\"og:url\" content=\"https:\/\/crocjeux.com\/index.php\/produit\/star-wars-legion-dark-maul-et-droides-sondes-sith\/\" \/>\n<meta property=\"og:site_name\" content=\"Croc Jeux\" \/>\n<meta property=\"article:modified_time\" content=\"2020-12-21T14:44:39+00:00\" \/>\n<meta property=\"og:image\" content=\"https:\/\/crocjeux.com\/wp-content\/uploads\/2020\/11\/darkmaul.png\" \/>\n\t<meta property=\"og:image:width\" content=\"880\" \/>\n\t<meta property=\"og:image:height\" content=\"460\" \/>\n\t<meta property=\"og:image:type\" content=\"image\/png\" \/>\n<meta name=\"twitter:card\" content=\"summary_large_image\" \/>\n<script type=\"application\/ld+json\" class=\"yoast-schema-graph\">{\"@context\":\"https:\\\/\\\/schema.org\",\"@graph\":[{\"@type\":\"WebPage\",\"@id\":\"https:\\\/\\\/crocjeux.com\\\/index.php\\\/produit\\\/star-wars-legion-dark-maul-et-droides-sondes-sith\\\/\",\"url\":\"https:\\\/\\\/crocjeux.com\\\/index.php\\\/produit\\\/star-wars-legion-dark-maul-et-droides-sondes-sith\\\/\",\"name\":\"Star Wars Legion : Dark Maul et dro\u00efdes sondes Sith - Croc Jeux\",\"isPartOf\":{\"@id\":\"https:\\\/\\\/crocjeux.com\\\/#website\"},\"primaryImageOfPage\":{\"@id\":\"https:\\\/\\\/crocjeux.com\\\/index.php\\\/produit\\\/star-wars-legion-dark-maul-et-droides-sondes-sith\\\/#primaryimage\"},\"image\":{\"@id\":\"https:\\\/\\\/crocjeux.com\\\/index.php\\\/produit\\\/star-wars-legion-dark-maul-et-droides-sondes-sith\\\/#primaryimage\"},\"thumbnailUrl\":\"https:\\\/\\\/crocjeux.com\\\/wp-content\\\/uploads\\\/2020\\\/11\\\/darkmaul.png\",\"datePublished\":\"2020-11-18T13:29:30+00:00\",\"dateModified\":\"2020-12-21T14:44:39+00:00\",\"breadcrumb\":{\"@id\":\"https:\\\/\\\/crocjeux.com\\\/index.php\\\/produit\\\/star-wars-legion-dark-maul-et-droides-sondes-sith\\\/#breadcrumb\"},\"inLanguage\":\"fr-FR\",\"potentialAction\":[{\"@type\":\"ReadAction\",\"target\":[\"https:\\\/\\\/crocjeux.com\\\/index.php\\\/produit\\\/star-wars-legion-dark-maul-et-droides-sondes-sith\\\/\"]}]},{\"@type\":\"ImageObject\",\"inLanguage\":\"fr-FR\",\"@id\":\"https:\\\/\\\/crocjeux.com\\\/index.php\\\/produit\\\/star-wars-legion-dark-maul-et-droides-sondes-sith\\\/#primaryimage\",\"url\":\"https:\\\/\\\/crocjeux.com\\\/wp-content\\\/uploads\\\/2020\\\/11\\\/darkmaul.png\",\"contentUrl\":\"https:\\\/\\\/crocjeux.com\\\/wp-content\\\/uploads\\\/2020\\\/11\\\/darkmaul.png\",\"width\":880,\"height\":460},{\"@type\":\"BreadcrumbList\",\"@id\":\"https:\\\/\\\/crocjeux.com\\\/index.php\\\/produit\\\/star-wars-legion-dark-maul-et-droides-sondes-sith\\\/#breadcrumb\",\"itemListElement\":[{\"@type\":\"ListItem\",\"position\":1,\"name\":\"Accueil\",\"item\":\"https:\\\/\\\/crocjeux.com\\\/\"},{\"@type\":\"ListItem\",\"position\":2,\"name\":\"Boutique\",\"item\":\"https:\\\/\\\/crocjeux.com\\\/\"},{\"@type\":\"ListItem\",\"position\":3,\"name\":\"Star Wars Legion : Dark Maul et dro\u00efdes sondes Sith\"}]},{\"@type\":\"WebSite\",\"@id\":\"https:\\\/\\\/crocjeux.com\\\/#website\",\"url\":\"https:\\\/\\\/crocjeux.com\\\/\",\"name\":\"Croc Jeux\",\"description\":\"Bienvenue chez Croc Jeux!\",\"publisher\":{\"@id\":\"https:\\\/\\\/crocjeux.com\\\/#organization\"},\"potentialAction\":[{\"@type\":\"SearchAction\",\"target\":{\"@type\":\"EntryPoint\",\"urlTemplate\":\"https:\\\/\\\/crocjeux.com\\\/?s={search_term_string}\"},\"query-input\":{\"@type\":\"PropertyValueSpecification\",\"valueRequired\":true,\"valueName\":\"search_term_string\"}}],\"inLanguage\":\"fr-FR\"},{\"@type\":\"Organization\",\"@id\":\"https:\\\/\\\/crocjeux.com\\\/#organization\",\"name\":\"Croc Jeux\",\"url\":\"https:\\\/\\\/crocjeux.com\\\/\",\"logo\":{\"@type\":\"ImageObject\",\"inLanguage\":\"fr-FR\",\"@id\":\"https:\\\/\\\/crocjeux.com\\\/#\\\/schema\\\/logo\\\/image\\\/\",\"url\":\"https:\\\/\\\/crocjeux.com\\\/wp-content\\\/uploads\\\/2022\\\/01\\\/cropped-logo-croc-etape-1-e1644574034239.jpg\",\"contentUrl\":\"https:\\\/\\\/crocjeux.com\\\/wp-content\\\/uploads\\\/2022\\\/01\\\/cropped-logo-croc-etape-1-e1644574034239.jpg\",\"width\":1224,\"height\":314,\"caption\":\"Croc Jeux\"},\"image\":{\"@id\":\"https:\\\/\\\/crocjeux.com\\\/#\\\/schema\\\/logo\\\/image\\\/\"}}]}<\/script>\n<!-- \/ Yoast SEO plugin. -->","yoast_head_json":{"title":"Star Wars Legion : Dark Maul et dro\u00efdes sondes Sith - Croc Jeux","robots":{"index":"index","follow":"follow","max-snippet":"max-snippet:-1","max-image-preview":"max-image-preview:large","max-video-preview":"max-video-preview:-1"},"canonical":"https:\/\/crocjeux.com\/index.php\/produit\/star-wars-legion-dark-maul-et-droides-sondes-sith\/","og_locale":"fr_FR","og_type":"article","og_title":"Star Wars Legion : Dark Maul et dro\u00efdes sondes Sith - Croc Jeux","og_description":"Cette extension pour STAR WARS : L\u00c9GION contient 4 figurines finement sculpt\u00e9es, Dark Maul et 3 Dro\u00efdes Sondes Sith, permettant","og_url":"https:\/\/crocjeux.com\/index.php\/produit\/star-wars-legion-dark-maul-et-droides-sondes-sith\/","og_site_name":"Croc Jeux","article_modified_time":"2020-12-21T14:44:39+00:00","og_image":[{"width":880,"height":460,"url":"https:\/\/crocjeux.com\/wp-content\/uploads\/2020\/11\/darkmaul.png","type":"image\/png"}],"twitter_card":"summary_large_image","schema":{"@context":"https:\/\/schema.org","@graph":[{"@type":"WebPage","@id":"https:\/\/crocjeux.com\/index.php\/produit\/star-wars-legion-dark-maul-et-droides-sondes-sith\/","url":"https:\/\/crocjeux.com\/index.php\/produit\/star-wars-legion-dark-maul-et-droides-sondes-sith\/","name":"Star Wars Legion : Dark Maul et dro\u00efdes sondes Sith - Croc Jeux","isPartOf":{"@id":"https:\/\/crocjeux.com\/#website"},"primaryImageOfPage":{"@id":"https:\/\/crocjeux.com\/index.php\/produit\/star-wars-legion-dark-maul-et-droides-sondes-sith\/#primaryimage"},"image":{"@id":"https:\/\/crocjeux.com\/index.php\/produit\/star-wars-legion-dark-maul-et-droides-sondes-sith\/#primaryimage"},"thumbnailUrl":"https:\/\/crocjeux.com\/wp-content\/uploads\/2020\/11\/darkmaul.png","datePublished":"2020-11-18T13:29:30+00:00","dateModified":"2020-12-21T14:44:39+00:00","breadcrumb":{"@id":"https:\/\/crocjeux.com\/index.php\/produit\/star-wars-legion-dark-maul-et-droides-sondes-sith\/#breadcrumb"},"inLanguage":"fr-FR","potentialAction":[{"@type":"ReadAction","target":["https:\/\/crocjeux.com\/index.php\/produit\/star-wars-legion-dark-maul-et-droides-sondes-sith\/"]}]},{"@type":"ImageObject","inLanguage":"fr-FR","@id":"https:\/\/crocjeux.com\/index.php\/produit\/star-wars-legion-dark-maul-et-droides-sondes-sith\/#primaryimage","url":"https:\/\/crocjeux.com\/wp-content\/uploads\/2020\/11\/darkmaul.png","contentUrl":"https:\/\/crocjeux.com\/wp-content\/uploads\/2020\/11\/darkmaul.png","width":880,"height":460},{"@type":"BreadcrumbList","@id":"https:\/\/crocjeux.com\/index.php\/produit\/star-wars-legion-dark-maul-et-droides-sondes-sith\/#breadcrumb","itemListElement":[{"@type":"ListItem","position":1,"name":"Accueil","item":"https:\/\/crocjeux.com\/"},{"@type":"ListItem","position":2,"name":"Boutique","item":"https:\/\/crocjeux.com\/"},{"@type":"ListItem","position":3,"name":"Star Wars Legion : Dark Maul et dro\u00efdes sondes Sith"}]},{"@type":"WebSite","@id":"https:\/\/crocjeux.com\/#website","url":"https:\/\/crocjeux.com\/","name":"Croc Jeux","description":"Bienvenue chez Croc Jeux!","publisher":{"@id":"https:\/\/crocjeux.com\/#organization"},"potentialAction":[{"@type":"SearchAction","target":{"@type":"EntryPoint","urlTemplate":"https:\/\/crocjeux.com\/?s={search_term_string}"},"query-input":{"@type":"PropertyValueSpecification","valueRequired":true,"valueName":"search_term_string"}}],"inLanguage":"fr-FR"},{"@type":"Organization","@id":"https:\/\/crocjeux.com\/#organization","name":"Croc Jeux","url":"https:\/\/crocjeux.com\/","logo":{"@type":"ImageObject","inLanguage":"fr-FR","@id":"https:\/\/crocjeux.com\/#\/schema\/logo\/image\/","url":"https:\/\/crocjeux.com\/wp-content\/uploads\/2022\/01\/cropped-logo-croc-etape-1-e1644574034239.jpg","contentUrl":"https:\/\/crocjeux.com\/wp-content\/uploads\/2022\/01\/cropped-logo-croc-etape-1-e1644574034239.jpg","width":1224,"height":314,"caption":"Croc Jeux"},"image":{"@id":"https:\/\/crocjeux.com\/#\/schema\/logo\/image\/"}}]}},"_links":{"self":[{"href":"https:\/\/crocjeux.com\/index.php\/wp-json\/wp\/v2\/product\/878","targetHints":{"allow":["GET"]}}],"collection":[{"href":"https:\/\/crocjeux.com\/index.php\/wp-json\/wp\/v2\/product"}],"about":[{"href":"https:\/\/crocjeux.com\/index.php\/wp-json\/wp\/v2\/types\/product"}],"replies":[{"embeddable":true,"href":"https:\/\/crocjeux.com\/index.php\/wp-json\/wp\/v2\/comments?post=878"}],"wp:featuredmedia":[{"embeddable":true,"href":"https:\/\/crocjeux.com\/index.php\/wp-json\/wp\/v2\/media\/879"}],"wp:attachment":[{"href":"https:\/\/crocjeux.com\/index.php\/wp-json\/wp\/v2\/media?parent=878"}],"wp:term":[{"taxonomy":"product_brand","embeddable":true,"href":"https:\/\/crocjeux.com\/index.php\/wp-json\/wp\/v2\/product_brand?post=878"},{"taxonomy":"product_cat","embeddable":true,"href":"https:\/\/crocjeux.com\/index.php\/wp-json\/wp\/v2\/product_cat?post=878"},{"taxonomy":"product_tag","embeddable":true,"href":"https:\/\/crocjeux.com\/index.php\/wp-json\/wp\/v2\/product_tag?post=878"}],"curies":[{"name":"wp","href":"https:\/\/api.w.org\/{rel}","templated":true}]}}