{"id":880,"date":"2020-11-18T14:39:26","date_gmt":"2020-11-18T13:39:26","guid":{"rendered":"https:\/\/crocjeux.com\/?post_type=product&#038;p=880"},"modified":"2023-02-08T15:15:59","modified_gmt":"2023-02-08T14:15:59","slug":"smash-up-lenorme-boite-pour-geek","status":"publish","type":"product","link":"https:\/\/crocjeux.com\/index.php\/produit\/smash-up-lenorme-boite-pour-geek\/","title":{"rendered":"Smash up : L&rsquo;\u00e9norme bo\u00eete pour Geek"},"content":{"rendered":"<div class=\"ng-scope\">\n<div>L&rsquo;\u00c9norme Bo\u00eete pour Geek est la solution de stockage ultime pour Smash Up, qui est bien entendu le meilleur jeu de tous les temps.<\/div>\n<div><\/div>\n<div>Ce nouvel \u00e9crin dispose de 4 larges rang\u00e9es vous permettant d&rsquo;organiser toutes vos cartes, de blocs de mousse pour que rien ne bouge, d&rsquo;un porte-jetons refermable et du tout nouveau Livret de R\u00e8gles Exhaustif ! Ce dernier contient toutes les r\u00e8gles de chacune des cartes introduites dans les extensions de Smash Up, ainsi que des pr\u00e9cisions sur chaque carte ayant pu \u00eatre surinterpr\u00e9t\u00e9e par vos petits cerveaux. Et comme vous en voulez toujours plus, cette bo\u00eete contient \u00e9galement les factions Geeks et Dream Team !<\/div>\n<\/div>\n<div class=\"ng-scope\"><\/div>\n<div class=\"ng-scope\">Ne faites pas comme tous ces pauvres h\u00e8res ne sachant plus dans quelle bo\u00eete ranger chaque faction. Utilisez d\u00e8s maintenant la meilleure solution de stockage pour Smash Up : L&rsquo;\u00c9norme Bo\u00eete pour Geek !<\/div>\n","protected":false},"excerpt":{"rendered":"<div><strong>Sortie officielle le 20 Novembre<\/strong><\/div>\n<div class=\"ng-scope\">On va avoir besoin d&rsquo;une plus grande bo\u00eete !<\/div>\n<div class=\"ng-scope\"><\/div>\n","protected":false},"featured_media":881,"comment_status":"open","ping_status":"closed","template":"","meta":{"colormag_page_container_layout":"default_layout","colormag_page_sidebar_layout":"default_layout"},"product_brand":[],"product_cat":[43,18,57],"product_tag":[],"class_list":{"0":"post-880","1":"product","2":"type-product","3":"status-publish","4":"has-post-thumbnail","6":"product_cat-grand-classique","7":"product_cat-jeux-de-strategie","8":"product_cat-jeux-smash-up","10":"first","11":"outofstock","12":"taxable","13":"shipping-taxable","14":"purchasable","15":"product-type-simple"},"yoast_head":"<!-- This site is optimized with the Yoast SEO plugin v27.3 - https:\/\/yoast.com\/product\/yoast-seo-wordpress\/ -->\n<title>Smash up : L&#039;\u00e9norme bo\u00eete pour Geek - Croc Jeux<\/title>\n<meta name=\"robots\" content=\"index, follow, max-snippet:-1, max-image-preview:large, max-video-preview:-1\" \/>\n<link rel=\"canonical\" href=\"https:\/\/crocjeux.com\/index.php\/produit\/smash-up-lenorme-boite-pour-geek\/\" \/>\n<meta property=\"og:locale\" content=\"fr_FR\" \/>\n<meta property=\"og:type\" content=\"article\" \/>\n<meta property=\"og:title\" content=\"Smash up : L&#039;\u00e9norme bo\u00eete pour Geek - Croc Jeux\" \/>\n<meta property=\"og:description\" content=\"Sortie officielle le 20 Novembre On va avoir besoin d&#039;une plus grande bo\u00eete !\" \/>\n<meta property=\"og:url\" content=\"https:\/\/crocjeux.com\/index.php\/produit\/smash-up-lenorme-boite-pour-geek\/\" \/>\n<meta property=\"og:site_name\" content=\"Croc Jeux\" \/>\n<meta property=\"article:modified_time\" content=\"2023-02-08T14:15:59+00:00\" \/>\n<meta property=\"og:image\" content=\"https:\/\/crocjeux.com\/wp-content\/uploads\/2020\/11\/enorme-boite.png\" \/>\n\t<meta property=\"og:image:width\" content=\"1024\" \/>\n\t<meta property=\"og:image:height\" content=\"1024\" \/>\n\t<meta property=\"og:image:type\" content=\"image\/png\" \/>\n<meta name=\"twitter:card\" content=\"summary_large_image\" \/>\n<meta name=\"twitter:label1\" content=\"Dur\u00e9e de lecture estim\u00e9e\" \/>\n\t<meta name=\"twitter:data1\" content=\"1 minute\" \/>\n<script type=\"application\/ld+json\" class=\"yoast-schema-graph\">{\"@context\":\"https:\\\/\\\/schema.org\",\"@graph\":[{\"@type\":\"WebPage\",\"@id\":\"https:\\\/\\\/crocjeux.com\\\/index.php\\\/produit\\\/smash-up-lenorme-boite-pour-geek\\\/\",\"url\":\"https:\\\/\\\/crocjeux.com\\\/index.php\\\/produit\\\/smash-up-lenorme-boite-pour-geek\\\/\",\"name\":\"Smash up : L'\u00e9norme bo\u00eete pour Geek - Croc Jeux\",\"isPartOf\":{\"@id\":\"https:\\\/\\\/crocjeux.com\\\/#website\"},\"primaryImageOfPage\":{\"@id\":\"https:\\\/\\\/crocjeux.com\\\/index.php\\\/produit\\\/smash-up-lenorme-boite-pour-geek\\\/#primaryimage\"},\"image\":{\"@id\":\"https:\\\/\\\/crocjeux.com\\\/index.php\\\/produit\\\/smash-up-lenorme-boite-pour-geek\\\/#primaryimage\"},\"thumbnailUrl\":\"https:\\\/\\\/crocjeux.com\\\/wp-content\\\/uploads\\\/2020\\\/11\\\/enorme-boite.png\",\"datePublished\":\"2020-11-18T13:39:26+00:00\",\"dateModified\":\"2023-02-08T14:15:59+00:00\",\"breadcrumb\":{\"@id\":\"https:\\\/\\\/crocjeux.com\\\/index.php\\\/produit\\\/smash-up-lenorme-boite-pour-geek\\\/#breadcrumb\"},\"inLanguage\":\"fr-FR\",\"potentialAction\":[{\"@type\":\"ReadAction\",\"target\":[\"https:\\\/\\\/crocjeux.com\\\/index.php\\\/produit\\\/smash-up-lenorme-boite-pour-geek\\\/\"]}]},{\"@type\":\"ImageObject\",\"inLanguage\":\"fr-FR\",\"@id\":\"https:\\\/\\\/crocjeux.com\\\/index.php\\\/produit\\\/smash-up-lenorme-boite-pour-geek\\\/#primaryimage\",\"url\":\"https:\\\/\\\/crocjeux.com\\\/wp-content\\\/uploads\\\/2020\\\/11\\\/enorme-boite.png\",\"contentUrl\":\"https:\\\/\\\/crocjeux.com\\\/wp-content\\\/uploads\\\/2020\\\/11\\\/enorme-boite.png\",\"width\":1024,\"height\":1024},{\"@type\":\"BreadcrumbList\",\"@id\":\"https:\\\/\\\/crocjeux.com\\\/index.php\\\/produit\\\/smash-up-lenorme-boite-pour-geek\\\/#breadcrumb\",\"itemListElement\":[{\"@type\":\"ListItem\",\"position\":1,\"name\":\"Accueil\",\"item\":\"https:\\\/\\\/crocjeux.com\\\/\"},{\"@type\":\"ListItem\",\"position\":2,\"name\":\"Boutique\",\"item\":\"https:\\\/\\\/crocjeux.com\\\/\"},{\"@type\":\"ListItem\",\"position\":3,\"name\":\"Smash up : L&#8217;\u00e9norme bo\u00eete pour Geek\"}]},{\"@type\":\"WebSite\",\"@id\":\"https:\\\/\\\/crocjeux.com\\\/#website\",\"url\":\"https:\\\/\\\/crocjeux.com\\\/\",\"name\":\"Croc Jeux\",\"description\":\"Bienvenue chez Croc Jeux!\",\"publisher\":{\"@id\":\"https:\\\/\\\/crocjeux.com\\\/#organization\"},\"potentialAction\":[{\"@type\":\"SearchAction\",\"target\":{\"@type\":\"EntryPoint\",\"urlTemplate\":\"https:\\\/\\\/crocjeux.com\\\/?s={search_term_string}\"},\"query-input\":{\"@type\":\"PropertyValueSpecification\",\"valueRequired\":true,\"valueName\":\"search_term_string\"}}],\"inLanguage\":\"fr-FR\"},{\"@type\":\"Organization\",\"@id\":\"https:\\\/\\\/crocjeux.com\\\/#organization\",\"name\":\"Croc Jeux\",\"url\":\"https:\\\/\\\/crocjeux.com\\\/\",\"logo\":{\"@type\":\"ImageObject\",\"inLanguage\":\"fr-FR\",\"@id\":\"https:\\\/\\\/crocjeux.com\\\/#\\\/schema\\\/logo\\\/image\\\/\",\"url\":\"https:\\\/\\\/crocjeux.com\\\/wp-content\\\/uploads\\\/2022\\\/01\\\/cropped-logo-croc-etape-1-e1644574034239.jpg\",\"contentUrl\":\"https:\\\/\\\/crocjeux.com\\\/wp-content\\\/uploads\\\/2022\\\/01\\\/cropped-logo-croc-etape-1-e1644574034239.jpg\",\"width\":1224,\"height\":314,\"caption\":\"Croc Jeux\"},\"image\":{\"@id\":\"https:\\\/\\\/crocjeux.com\\\/#\\\/schema\\\/logo\\\/image\\\/\"}}]}<\/script>\n<!-- \/ Yoast SEO plugin. -->","yoast_head_json":{"title":"Smash up : L'\u00e9norme bo\u00eete pour Geek - Croc Jeux","robots":{"index":"index","follow":"follow","max-snippet":"max-snippet:-1","max-image-preview":"max-image-preview:large","max-video-preview":"max-video-preview:-1"},"canonical":"https:\/\/crocjeux.com\/index.php\/produit\/smash-up-lenorme-boite-pour-geek\/","og_locale":"fr_FR","og_type":"article","og_title":"Smash up : L'\u00e9norme bo\u00eete pour Geek - Croc Jeux","og_description":"Sortie officielle le 20 Novembre On va avoir besoin d'une plus grande bo\u00eete !","og_url":"https:\/\/crocjeux.com\/index.php\/produit\/smash-up-lenorme-boite-pour-geek\/","og_site_name":"Croc Jeux","article_modified_time":"2023-02-08T14:15:59+00:00","og_image":[{"width":1024,"height":1024,"url":"https:\/\/crocjeux.com\/wp-content\/uploads\/2020\/11\/enorme-boite.png","type":"image\/png"}],"twitter_card":"summary_large_image","twitter_misc":{"Dur\u00e9e de lecture estim\u00e9e":"1 minute"},"schema":{"@context":"https:\/\/schema.org","@graph":[{"@type":"WebPage","@id":"https:\/\/crocjeux.com\/index.php\/produit\/smash-up-lenorme-boite-pour-geek\/","url":"https:\/\/crocjeux.com\/index.php\/produit\/smash-up-lenorme-boite-pour-geek\/","name":"Smash up : L'\u00e9norme bo\u00eete pour Geek - Croc Jeux","isPartOf":{"@id":"https:\/\/crocjeux.com\/#website"},"primaryImageOfPage":{"@id":"https:\/\/crocjeux.com\/index.php\/produit\/smash-up-lenorme-boite-pour-geek\/#primaryimage"},"image":{"@id":"https:\/\/crocjeux.com\/index.php\/produit\/smash-up-lenorme-boite-pour-geek\/#primaryimage"},"thumbnailUrl":"https:\/\/crocjeux.com\/wp-content\/uploads\/2020\/11\/enorme-boite.png","datePublished":"2020-11-18T13:39:26+00:00","dateModified":"2023-02-08T14:15:59+00:00","breadcrumb":{"@id":"https:\/\/crocjeux.com\/index.php\/produit\/smash-up-lenorme-boite-pour-geek\/#breadcrumb"},"inLanguage":"fr-FR","potentialAction":[{"@type":"ReadAction","target":["https:\/\/crocjeux.com\/index.php\/produit\/smash-up-lenorme-boite-pour-geek\/"]}]},{"@type":"ImageObject","inLanguage":"fr-FR","@id":"https:\/\/crocjeux.com\/index.php\/produit\/smash-up-lenorme-boite-pour-geek\/#primaryimage","url":"https:\/\/crocjeux.com\/wp-content\/uploads\/2020\/11\/enorme-boite.png","contentUrl":"https:\/\/crocjeux.com\/wp-content\/uploads\/2020\/11\/enorme-boite.png","width":1024,"height":1024},{"@type":"BreadcrumbList","@id":"https:\/\/crocjeux.com\/index.php\/produit\/smash-up-lenorme-boite-pour-geek\/#breadcrumb","itemListElement":[{"@type":"ListItem","position":1,"name":"Accueil","item":"https:\/\/crocjeux.com\/"},{"@type":"ListItem","position":2,"name":"Boutique","item":"https:\/\/crocjeux.com\/"},{"@type":"ListItem","position":3,"name":"Smash up : L&#8217;\u00e9norme bo\u00eete pour Geek"}]},{"@type":"WebSite","@id":"https:\/\/crocjeux.com\/#website","url":"https:\/\/crocjeux.com\/","name":"Croc Jeux","description":"Bienvenue chez Croc Jeux!","publisher":{"@id":"https:\/\/crocjeux.com\/#organization"},"potentialAction":[{"@type":"SearchAction","target":{"@type":"EntryPoint","urlTemplate":"https:\/\/crocjeux.com\/?s={search_term_string}"},"query-input":{"@type":"PropertyValueSpecification","valueRequired":true,"valueName":"search_term_string"}}],"inLanguage":"fr-FR"},{"@type":"Organization","@id":"https:\/\/crocjeux.com\/#organization","name":"Croc Jeux","url":"https:\/\/crocjeux.com\/","logo":{"@type":"ImageObject","inLanguage":"fr-FR","@id":"https:\/\/crocjeux.com\/#\/schema\/logo\/image\/","url":"https:\/\/crocjeux.com\/wp-content\/uploads\/2022\/01\/cropped-logo-croc-etape-1-e1644574034239.jpg","contentUrl":"https:\/\/crocjeux.com\/wp-content\/uploads\/2022\/01\/cropped-logo-croc-etape-1-e1644574034239.jpg","width":1224,"height":314,"caption":"Croc Jeux"},"image":{"@id":"https:\/\/crocjeux.com\/#\/schema\/logo\/image\/"}}]}},"_links":{"self":[{"href":"https:\/\/crocjeux.com\/index.php\/wp-json\/wp\/v2\/product\/880","targetHints":{"allow":["GET"]}}],"collection":[{"href":"https:\/\/crocjeux.com\/index.php\/wp-json\/wp\/v2\/product"}],"about":[{"href":"https:\/\/crocjeux.com\/index.php\/wp-json\/wp\/v2\/types\/product"}],"replies":[{"embeddable":true,"href":"https:\/\/crocjeux.com\/index.php\/wp-json\/wp\/v2\/comments?post=880"}],"wp:featuredmedia":[{"embeddable":true,"href":"https:\/\/crocjeux.com\/index.php\/wp-json\/wp\/v2\/media\/881"}],"wp:attachment":[{"href":"https:\/\/crocjeux.com\/index.php\/wp-json\/wp\/v2\/media?parent=880"}],"wp:term":[{"taxonomy":"product_brand","embeddable":true,"href":"https:\/\/crocjeux.com\/index.php\/wp-json\/wp\/v2\/product_brand?post=880"},{"taxonomy":"product_cat","embeddable":true,"href":"https:\/\/crocjeux.com\/index.php\/wp-json\/wp\/v2\/product_cat?post=880"},{"taxonomy":"product_tag","embeddable":true,"href":"https:\/\/crocjeux.com\/index.php\/wp-json\/wp\/v2\/product_tag?post=880"}],"curies":[{"name":"wp","href":"https:\/\/api.w.org\/{rel}","templated":true}]}}