{"id":889,"date":"2020-11-18T15:30:58","date_gmt":"2020-11-18T14:30:58","guid":{"rendered":"https:\/\/crocjeux.com\/?post_type=product&#038;p=889"},"modified":"2023-01-31T17:06:12","modified_gmt":"2023-01-31T16:06:12","slug":"smash-up-meme-pas-mort","status":"publish","type":"product","link":"https:\/\/crocjeux.com\/index.php\/produit\/smash-up-meme-pas-mort\/","title":{"rendered":"Smash Up : M\u00eame pas Mort"},"content":{"rendered":"<div class=\"row expanded collapse\">\n<h1 class=\"fa_designation column small-12 large-expand text-center large-text-left large-order-1 small-order-1\">Smash Up : M\u00eame pas Mort<\/h1>\n<\/div>\n<div class=\"row expanded collapse\">\n<div class=\"fa_bloc-avis-clients column small-12 text-center large-text-left medium-order-1 small-order-1\">\n<div class=\"actions avis-clients row collapse expanded align-center align-middle large-align-left\">\n<div class=\"action visu-note column shrink\"><\/div>\n<\/div>\n<\/div>\n<div class=\"fa_description column small-12 text-center large-12 medium-text-left medium-order-1 small-order-1\">\n<div class=\"fa_description_boite_produit\">Vous pensiez vraiment qu\u2019on allait se contenter de Pirates, de Ninjas ou autres Zombies ?<\/div>\n<div>\n<p><strong>Smash Up &#8211; M\u00eame pas Mort ! est une extension du jeu <a href=\"https:\/\/www.espritjeu.com\/smash-up.html\">Smash Up<\/a><\/strong>. Cette extension peut venir compl\u00e9ter le jeu de base o\u00f9 \u00eatre jou\u00e9e seule en se limitant \u00e0 deux joueurs.<\/p>\n<div class=\"column small-12\">\n<div class=\"style-client-bloc-maindesc\">\n<p><b>Smash Up &#8211; M\u00eame pas Mort ! est une extension au jeu de cartes Smash Up<\/b>. Cette extension peut venir compl\u00e9ter le jeu de base o\u00f9 \u00eatre jou\u00e9e seule en se limitant \u00e0 deux joueurs.<\/p>\n<\/div>\n<p>Vous pensiez vraiment qu\u2019on allait se contenter de Pirates, de Ninjas ou autres Zombies ?Faites de la place pour le nouvel arrivage : Plantes Carnivores, Steampunks, Fant\u00f4mes et Ours Mont\u00e9s veulent s\u2019immiscer dans vos parties !<\/p>\n<p>Avec l&rsquo;extension M\u00eame pas Mort!, la croissance des Plantes est incontr\u00f4lable. Les Steampunks relookent les Bases. Les Fant\u00f4mes errent entre deux mondes et les Ours Mont\u00e9s font d\u00e9taler leurs adversaires. Retrouvez ainci de nouvelles factions toujours plus dingues, inspir\u00e9es de classiques de la culture geek.<\/p>\n<p>Les nouvelles cartes pr\u00e9sentes dans cette extension permettent \u00e0 2 joueurs d\u2019en d\u00e9coudre, mais en les m\u00e9langeant avec le jeu de base vous obtiendrez un cocktail encore plus explosif, pour des parties jusqu\u2019\u00e0 4 joueurs.Alors, pr\u00eats \u00e0 relever ce nouveau d\u00e9fi ?<\/p>\n<\/div>\n<\/div>\n<\/div>\n<\/div>\n<p><iframe title=\"YouTube video player\" src=\"https:\/\/www.youtube.com\/embed\/GCv6OsL4xGk\" width=\"560\" height=\"315\" frameborder=\"0\" allowfullscreen=\"allowfullscreen\"><\/iframe><\/p>\n","protected":false},"excerpt":{"rendered":"<p>Smash Up : M\u00eame pas Mort Vous pensiez vraiment qu\u2019on allait se contenter de Pirates, de Ninjas ou autres Zombies<\/p>\n","protected":false},"featured_media":890,"comment_status":"open","ping_status":"closed","template":"","meta":{"colormag_page_container_layout":"default_layout","colormag_page_sidebar_layout":"default_layout"},"product_brand":[],"product_cat":[57,68,113],"product_tag":[],"class_list":{"0":"post-889","1":"product","2":"type-product","3":"status-publish","4":"has-post-thumbnail","6":"product_cat-jeux-smash-up","7":"product_cat-smash-up-jeux-a-deux","8":"product_cat-smash-up-jeux-ambiance","10":"first","11":"instock","12":"taxable","13":"shipping-taxable","14":"purchasable","15":"product-type-simple"},"yoast_head":"<!-- This site is optimized with the Yoast SEO plugin v27.4 - https:\/\/yoast.com\/product\/yoast-seo-wordpress\/ -->\n<title>Smash Up : M\u00eame pas Mort - Croc Jeux<\/title>\n<meta name=\"robots\" content=\"index, follow, max-snippet:-1, max-image-preview:large, max-video-preview:-1\" \/>\n<link rel=\"canonical\" href=\"https:\/\/crocjeux.com\/index.php\/produit\/smash-up-meme-pas-mort\/\" \/>\n<meta property=\"og:locale\" content=\"fr_FR\" \/>\n<meta property=\"og:type\" content=\"article\" \/>\n<meta property=\"og:title\" content=\"Smash Up : M\u00eame pas Mort - Croc Jeux\" \/>\n<meta property=\"og:description\" content=\"Smash Up : M\u00eame pas Mort Vous pensiez vraiment qu\u2019on allait se contenter de Pirates, de Ninjas ou autres Zombies\" \/>\n<meta property=\"og:url\" content=\"https:\/\/crocjeux.com\/index.php\/produit\/smash-up-meme-pas-mort\/\" \/>\n<meta property=\"og:site_name\" content=\"Croc Jeux\" \/>\n<meta property=\"article:modified_time\" content=\"2023-01-31T16:06:12+00:00\" \/>\n<meta property=\"og:image\" content=\"https:\/\/crocjeux.com\/wp-content\/uploads\/2020\/11\/smash-up-meme-pas-mort-p-image-50878-grande.jpg\" \/>\n\t<meta property=\"og:image:width\" content=\"311\" \/>\n\t<meta property=\"og:image:height\" content=\"418\" \/>\n\t<meta property=\"og:image:type\" content=\"image\/jpeg\" \/>\n<meta name=\"twitter:card\" content=\"summary_large_image\" \/>\n<meta name=\"twitter:label1\" content=\"Dur\u00e9e de lecture estim\u00e9e\" \/>\n\t<meta name=\"twitter:data1\" content=\"2 minutes\" \/>\n<script type=\"application\/ld+json\" class=\"yoast-schema-graph\">{\"@context\":\"https:\\\/\\\/schema.org\",\"@graph\":[{\"@type\":\"WebPage\",\"@id\":\"https:\\\/\\\/crocjeux.com\\\/index.php\\\/produit\\\/smash-up-meme-pas-mort\\\/\",\"url\":\"https:\\\/\\\/crocjeux.com\\\/index.php\\\/produit\\\/smash-up-meme-pas-mort\\\/\",\"name\":\"Smash Up : M\u00eame pas Mort - Croc Jeux\",\"isPartOf\":{\"@id\":\"https:\\\/\\\/crocjeux.com\\\/#website\"},\"primaryImageOfPage\":{\"@id\":\"https:\\\/\\\/crocjeux.com\\\/index.php\\\/produit\\\/smash-up-meme-pas-mort\\\/#primaryimage\"},\"image\":{\"@id\":\"https:\\\/\\\/crocjeux.com\\\/index.php\\\/produit\\\/smash-up-meme-pas-mort\\\/#primaryimage\"},\"thumbnailUrl\":\"https:\\\/\\\/crocjeux.com\\\/wp-content\\\/uploads\\\/2020\\\/11\\\/smash-up-meme-pas-mort-p-image-50878-grande.jpg\",\"datePublished\":\"2020-11-18T14:30:58+00:00\",\"dateModified\":\"2023-01-31T16:06:12+00:00\",\"breadcrumb\":{\"@id\":\"https:\\\/\\\/crocjeux.com\\\/index.php\\\/produit\\\/smash-up-meme-pas-mort\\\/#breadcrumb\"},\"inLanguage\":\"fr-FR\",\"potentialAction\":[{\"@type\":\"ReadAction\",\"target\":[\"https:\\\/\\\/crocjeux.com\\\/index.php\\\/produit\\\/smash-up-meme-pas-mort\\\/\"]}]},{\"@type\":\"ImageObject\",\"inLanguage\":\"fr-FR\",\"@id\":\"https:\\\/\\\/crocjeux.com\\\/index.php\\\/produit\\\/smash-up-meme-pas-mort\\\/#primaryimage\",\"url\":\"https:\\\/\\\/crocjeux.com\\\/wp-content\\\/uploads\\\/2020\\\/11\\\/smash-up-meme-pas-mort-p-image-50878-grande.jpg\",\"contentUrl\":\"https:\\\/\\\/crocjeux.com\\\/wp-content\\\/uploads\\\/2020\\\/11\\\/smash-up-meme-pas-mort-p-image-50878-grande.jpg\",\"width\":311,\"height\":418},{\"@type\":\"BreadcrumbList\",\"@id\":\"https:\\\/\\\/crocjeux.com\\\/index.php\\\/produit\\\/smash-up-meme-pas-mort\\\/#breadcrumb\",\"itemListElement\":[{\"@type\":\"ListItem\",\"position\":1,\"name\":\"Accueil\",\"item\":\"https:\\\/\\\/crocjeux.com\\\/\"},{\"@type\":\"ListItem\",\"position\":2,\"name\":\"Boutique\",\"item\":\"https:\\\/\\\/crocjeux.com\\\/\"},{\"@type\":\"ListItem\",\"position\":3,\"name\":\"Smash Up : M\u00eame pas Mort\"}]},{\"@type\":\"WebSite\",\"@id\":\"https:\\\/\\\/crocjeux.com\\\/#website\",\"url\":\"https:\\\/\\\/crocjeux.com\\\/\",\"name\":\"Croc Jeux\",\"description\":\"Bienvenue chez Croc Jeux!\",\"publisher\":{\"@id\":\"https:\\\/\\\/crocjeux.com\\\/#organization\"},\"potentialAction\":[{\"@type\":\"SearchAction\",\"target\":{\"@type\":\"EntryPoint\",\"urlTemplate\":\"https:\\\/\\\/crocjeux.com\\\/?s={search_term_string}\"},\"query-input\":{\"@type\":\"PropertyValueSpecification\",\"valueRequired\":true,\"valueName\":\"search_term_string\"}}],\"inLanguage\":\"fr-FR\"},{\"@type\":\"Organization\",\"@id\":\"https:\\\/\\\/crocjeux.com\\\/#organization\",\"name\":\"Croc Jeux\",\"url\":\"https:\\\/\\\/crocjeux.com\\\/\",\"logo\":{\"@type\":\"ImageObject\",\"inLanguage\":\"fr-FR\",\"@id\":\"https:\\\/\\\/crocjeux.com\\\/#\\\/schema\\\/logo\\\/image\\\/\",\"url\":\"https:\\\/\\\/crocjeux.com\\\/wp-content\\\/uploads\\\/2022\\\/01\\\/cropped-logo-croc-etape-1-e1644574034239.jpg\",\"contentUrl\":\"https:\\\/\\\/crocjeux.com\\\/wp-content\\\/uploads\\\/2022\\\/01\\\/cropped-logo-croc-etape-1-e1644574034239.jpg\",\"width\":1224,\"height\":314,\"caption\":\"Croc Jeux\"},\"image\":{\"@id\":\"https:\\\/\\\/crocjeux.com\\\/#\\\/schema\\\/logo\\\/image\\\/\"}}]}<\/script>\n<!-- \/ Yoast SEO plugin. -->","yoast_head_json":{"title":"Smash Up : M\u00eame pas Mort - Croc Jeux","robots":{"index":"index","follow":"follow","max-snippet":"max-snippet:-1","max-image-preview":"max-image-preview:large","max-video-preview":"max-video-preview:-1"},"canonical":"https:\/\/crocjeux.com\/index.php\/produit\/smash-up-meme-pas-mort\/","og_locale":"fr_FR","og_type":"article","og_title":"Smash Up : M\u00eame pas Mort - Croc Jeux","og_description":"Smash Up : M\u00eame pas Mort Vous pensiez vraiment qu\u2019on allait se contenter de Pirates, de Ninjas ou autres Zombies","og_url":"https:\/\/crocjeux.com\/index.php\/produit\/smash-up-meme-pas-mort\/","og_site_name":"Croc Jeux","article_modified_time":"2023-01-31T16:06:12+00:00","og_image":[{"width":311,"height":418,"url":"https:\/\/crocjeux.com\/wp-content\/uploads\/2020\/11\/smash-up-meme-pas-mort-p-image-50878-grande.jpg","type":"image\/jpeg"}],"twitter_card":"summary_large_image","twitter_misc":{"Dur\u00e9e de lecture estim\u00e9e":"2 minutes"},"schema":{"@context":"https:\/\/schema.org","@graph":[{"@type":"WebPage","@id":"https:\/\/crocjeux.com\/index.php\/produit\/smash-up-meme-pas-mort\/","url":"https:\/\/crocjeux.com\/index.php\/produit\/smash-up-meme-pas-mort\/","name":"Smash Up : M\u00eame pas Mort - Croc Jeux","isPartOf":{"@id":"https:\/\/crocjeux.com\/#website"},"primaryImageOfPage":{"@id":"https:\/\/crocjeux.com\/index.php\/produit\/smash-up-meme-pas-mort\/#primaryimage"},"image":{"@id":"https:\/\/crocjeux.com\/index.php\/produit\/smash-up-meme-pas-mort\/#primaryimage"},"thumbnailUrl":"https:\/\/crocjeux.com\/wp-content\/uploads\/2020\/11\/smash-up-meme-pas-mort-p-image-50878-grande.jpg","datePublished":"2020-11-18T14:30:58+00:00","dateModified":"2023-01-31T16:06:12+00:00","breadcrumb":{"@id":"https:\/\/crocjeux.com\/index.php\/produit\/smash-up-meme-pas-mort\/#breadcrumb"},"inLanguage":"fr-FR","potentialAction":[{"@type":"ReadAction","target":["https:\/\/crocjeux.com\/index.php\/produit\/smash-up-meme-pas-mort\/"]}]},{"@type":"ImageObject","inLanguage":"fr-FR","@id":"https:\/\/crocjeux.com\/index.php\/produit\/smash-up-meme-pas-mort\/#primaryimage","url":"https:\/\/crocjeux.com\/wp-content\/uploads\/2020\/11\/smash-up-meme-pas-mort-p-image-50878-grande.jpg","contentUrl":"https:\/\/crocjeux.com\/wp-content\/uploads\/2020\/11\/smash-up-meme-pas-mort-p-image-50878-grande.jpg","width":311,"height":418},{"@type":"BreadcrumbList","@id":"https:\/\/crocjeux.com\/index.php\/produit\/smash-up-meme-pas-mort\/#breadcrumb","itemListElement":[{"@type":"ListItem","position":1,"name":"Accueil","item":"https:\/\/crocjeux.com\/"},{"@type":"ListItem","position":2,"name":"Boutique","item":"https:\/\/crocjeux.com\/"},{"@type":"ListItem","position":3,"name":"Smash Up : M\u00eame pas Mort"}]},{"@type":"WebSite","@id":"https:\/\/crocjeux.com\/#website","url":"https:\/\/crocjeux.com\/","name":"Croc Jeux","description":"Bienvenue chez Croc Jeux!","publisher":{"@id":"https:\/\/crocjeux.com\/#organization"},"potentialAction":[{"@type":"SearchAction","target":{"@type":"EntryPoint","urlTemplate":"https:\/\/crocjeux.com\/?s={search_term_string}"},"query-input":{"@type":"PropertyValueSpecification","valueRequired":true,"valueName":"search_term_string"}}],"inLanguage":"fr-FR"},{"@type":"Organization","@id":"https:\/\/crocjeux.com\/#organization","name":"Croc Jeux","url":"https:\/\/crocjeux.com\/","logo":{"@type":"ImageObject","inLanguage":"fr-FR","@id":"https:\/\/crocjeux.com\/#\/schema\/logo\/image\/","url":"https:\/\/crocjeux.com\/wp-content\/uploads\/2022\/01\/cropped-logo-croc-etape-1-e1644574034239.jpg","contentUrl":"https:\/\/crocjeux.com\/wp-content\/uploads\/2022\/01\/cropped-logo-croc-etape-1-e1644574034239.jpg","width":1224,"height":314,"caption":"Croc Jeux"},"image":{"@id":"https:\/\/crocjeux.com\/#\/schema\/logo\/image\/"}}]}},"_links":{"self":[{"href":"https:\/\/crocjeux.com\/index.php\/wp-json\/wp\/v2\/product\/889","targetHints":{"allow":["GET"]}}],"collection":[{"href":"https:\/\/crocjeux.com\/index.php\/wp-json\/wp\/v2\/product"}],"about":[{"href":"https:\/\/crocjeux.com\/index.php\/wp-json\/wp\/v2\/types\/product"}],"replies":[{"embeddable":true,"href":"https:\/\/crocjeux.com\/index.php\/wp-json\/wp\/v2\/comments?post=889"}],"wp:featuredmedia":[{"embeddable":true,"href":"https:\/\/crocjeux.com\/index.php\/wp-json\/wp\/v2\/media\/890"}],"wp:attachment":[{"href":"https:\/\/crocjeux.com\/index.php\/wp-json\/wp\/v2\/media?parent=889"}],"wp:term":[{"taxonomy":"product_brand","embeddable":true,"href":"https:\/\/crocjeux.com\/index.php\/wp-json\/wp\/v2\/product_brand?post=889"},{"taxonomy":"product_cat","embeddable":true,"href":"https:\/\/crocjeux.com\/index.php\/wp-json\/wp\/v2\/product_cat?post=889"},{"taxonomy":"product_tag","embeddable":true,"href":"https:\/\/crocjeux.com\/index.php\/wp-json\/wp\/v2\/product_tag?post=889"}],"curies":[{"name":"wp","href":"https:\/\/api.w.org\/{rel}","templated":true}]}}