{"id":90,"date":"2020-10-29T11:29:00","date_gmt":"2020-10-29T10:29:00","guid":{"rendered":"https:\/\/crocjeux.com\/?post_type=product&#038;p=90"},"modified":"2020-11-18T14:01:18","modified_gmt":"2020-11-18T13:01:18","slug":"tokaido","status":"publish","type":"product","link":"https:\/\/crocjeux.com\/index.php\/produit\/tokaido\/","title":{"rendered":"Tokaido"},"content":{"rendered":"<section id=\"tab-description\" class=\"page-product-box r-tabs-panel r-tabs-state-active\">\n<div class=\"rte\">\n<p>Bienvenue sur le Toka\u00efdo, la l\u00e9gendaire route de la Mer de l\u2019Est reliant Kyot\u00f4 \u00e0 Ed\u00f4.<\/p>\n<p>Vous d\u00e9marrez ici un extraordinaire voyage initiatique au cours duquel vous allez d\u00e9couvrir mille merveilles. Sachez prendre le temps de contempler les somptueux panoramas qui s\u2019offrent \u00e0 vous : entre majestueuses montagnes, paisibles littoraux et vastes rizi\u00e8res, laissez la course de vos pinceaux encrer vos souvenirs. Profitez des bienfaits qui jalonnent votre parcours, de la qui\u00e9tude salvatrice des sources chaudes aux innombrables d\u00e9lices culinaires qui \u00e9merveilleront votre palais.<br \/>\nRapportez dans votre baluchon des souvenirs insolites, du plus modeste au plus raffin\u00e9, tout en faisant de surprenantes rencontres qui pourraient bien changer le cours de votre voyage. Le temps sera votre meilleur alli\u00e9 pour demeurer clairvoyant, m\u00e9thodique et patient afin de ne rien manquer de cette route unique et de savourer pleinement l\u2019exp\u00e9rience que le Toka\u00efdo vous offre !<\/p>\n<p>Dans Tokaido, les joueurs sont des voyageurs parcourant la route de la mer de l\u2019est en qu\u00eate de d\u00e9couverte et de connaissances.<br \/>\nChaque voyageur aura de multiples opportunit\u00e9s de s\u2019arr\u00eater dans les stations bordant la route, au sein desquelles il pourra acheter des souvenirs, rencontrer de nouveaux habitants ou itin\u00e9rants, donner de l\u2019argent au temple, d\u00e9couvrir de nombreuses sp\u00e9cialit\u00e9s culinaires, se baigner dans les sources chaudes ou bien m\u00eame peindre de splendides panoramas.<\/p>\n<\/div>\n<\/section>\n","protected":false},"excerpt":{"rendered":"<p>Les joueurs sont des voyageurs du Japon d\u2019autrefois. Ils vont arpenter le prestigieux Tokaido, la route de la Mer de l\u2019Est et tenter de faire de ce voyage une exp\u00e9rience des plus enrichissantes.<\/p>\n","protected":false},"featured_media":91,"comment_status":"open","ping_status":"closed","template":"","meta":{"colormag_page_container_layout":"default_layout","colormag_page_sidebar_layout":"default_layout"},"product_brand":[],"product_cat":[18,37],"product_tag":[],"class_list":{"0":"post-90","1":"product","2":"type-product","3":"status-publish","4":"has-post-thumbnail","6":"product_cat-jeux-de-strategie","7":"product_cat-ne-ratez-pas","9":"first","10":"instock","11":"taxable","12":"shipping-taxable","13":"purchasable","14":"product-type-simple"},"yoast_head":"<!-- This site is optimized with the Yoast SEO plugin v27.4 - https:\/\/yoast.com\/product\/yoast-seo-wordpress\/ -->\n<title>Tokaido - Croc Jeux<\/title>\n<meta name=\"robots\" content=\"index, follow, max-snippet:-1, max-image-preview:large, max-video-preview:-1\" \/>\n<link rel=\"canonical\" href=\"https:\/\/crocjeux.com\/index.php\/produit\/tokaido\/\" \/>\n<meta property=\"og:locale\" content=\"fr_FR\" \/>\n<meta property=\"og:type\" content=\"article\" \/>\n<meta property=\"og:title\" content=\"Tokaido - Croc Jeux\" \/>\n<meta property=\"og:description\" content=\"Les joueurs sont des voyageurs du Japon d\u2019autrefois. Ils vont arpenter le prestigieux Tokaido, la route de la Mer de l\u2019Est et tenter de faire de ce voyage une exp\u00e9rience des plus enrichissantes.\" \/>\n<meta property=\"og:url\" content=\"https:\/\/crocjeux.com\/index.php\/produit\/tokaido\/\" \/>\n<meta property=\"og:site_name\" content=\"Croc Jeux\" \/>\n<meta property=\"article:modified_time\" content=\"2020-11-18T13:01:18+00:00\" \/>\n<meta property=\"og:image\" content=\"https:\/\/crocjeux.com\/wp-content\/uploads\/2020\/10\/tokaido.png\" \/>\n\t<meta property=\"og:image:width\" content=\"830\" \/>\n\t<meta property=\"og:image:height\" content=\"756\" \/>\n\t<meta property=\"og:image:type\" content=\"image\/png\" \/>\n<meta name=\"twitter:card\" content=\"summary_large_image\" \/>\n<meta name=\"twitter:label1\" content=\"Dur\u00e9e de lecture estim\u00e9e\" \/>\n\t<meta name=\"twitter:data1\" content=\"1 minute\" \/>\n<script type=\"application\/ld+json\" class=\"yoast-schema-graph\">{\"@context\":\"https:\\\/\\\/schema.org\",\"@graph\":[{\"@type\":\"WebPage\",\"@id\":\"https:\\\/\\\/crocjeux.com\\\/index.php\\\/produit\\\/tokaido\\\/\",\"url\":\"https:\\\/\\\/crocjeux.com\\\/index.php\\\/produit\\\/tokaido\\\/\",\"name\":\"Tokaido - Croc Jeux\",\"isPartOf\":{\"@id\":\"https:\\\/\\\/crocjeux.com\\\/#website\"},\"primaryImageOfPage\":{\"@id\":\"https:\\\/\\\/crocjeux.com\\\/index.php\\\/produit\\\/tokaido\\\/#primaryimage\"},\"image\":{\"@id\":\"https:\\\/\\\/crocjeux.com\\\/index.php\\\/produit\\\/tokaido\\\/#primaryimage\"},\"thumbnailUrl\":\"https:\\\/\\\/crocjeux.com\\\/wp-content\\\/uploads\\\/2020\\\/10\\\/tokaido.png\",\"datePublished\":\"2020-10-29T10:29:00+00:00\",\"dateModified\":\"2020-11-18T13:01:18+00:00\",\"breadcrumb\":{\"@id\":\"https:\\\/\\\/crocjeux.com\\\/index.php\\\/produit\\\/tokaido\\\/#breadcrumb\"},\"inLanguage\":\"fr-FR\",\"potentialAction\":[{\"@type\":\"ReadAction\",\"target\":[\"https:\\\/\\\/crocjeux.com\\\/index.php\\\/produit\\\/tokaido\\\/\"]}]},{\"@type\":\"ImageObject\",\"inLanguage\":\"fr-FR\",\"@id\":\"https:\\\/\\\/crocjeux.com\\\/index.php\\\/produit\\\/tokaido\\\/#primaryimage\",\"url\":\"https:\\\/\\\/crocjeux.com\\\/wp-content\\\/uploads\\\/2020\\\/10\\\/tokaido.png\",\"contentUrl\":\"https:\\\/\\\/crocjeux.com\\\/wp-content\\\/uploads\\\/2020\\\/10\\\/tokaido.png\",\"width\":830,\"height\":756},{\"@type\":\"BreadcrumbList\",\"@id\":\"https:\\\/\\\/crocjeux.com\\\/index.php\\\/produit\\\/tokaido\\\/#breadcrumb\",\"itemListElement\":[{\"@type\":\"ListItem\",\"position\":1,\"name\":\"Accueil\",\"item\":\"https:\\\/\\\/crocjeux.com\\\/\"},{\"@type\":\"ListItem\",\"position\":2,\"name\":\"Boutique\",\"item\":\"https:\\\/\\\/crocjeux.com\\\/\"},{\"@type\":\"ListItem\",\"position\":3,\"name\":\"Tokaido\"}]},{\"@type\":\"WebSite\",\"@id\":\"https:\\\/\\\/crocjeux.com\\\/#website\",\"url\":\"https:\\\/\\\/crocjeux.com\\\/\",\"name\":\"Croc Jeux\",\"description\":\"Bienvenue chez Croc Jeux!\",\"publisher\":{\"@id\":\"https:\\\/\\\/crocjeux.com\\\/#organization\"},\"potentialAction\":[{\"@type\":\"SearchAction\",\"target\":{\"@type\":\"EntryPoint\",\"urlTemplate\":\"https:\\\/\\\/crocjeux.com\\\/?s={search_term_string}\"},\"query-input\":{\"@type\":\"PropertyValueSpecification\",\"valueRequired\":true,\"valueName\":\"search_term_string\"}}],\"inLanguage\":\"fr-FR\"},{\"@type\":\"Organization\",\"@id\":\"https:\\\/\\\/crocjeux.com\\\/#organization\",\"name\":\"Croc Jeux\",\"url\":\"https:\\\/\\\/crocjeux.com\\\/\",\"logo\":{\"@type\":\"ImageObject\",\"inLanguage\":\"fr-FR\",\"@id\":\"https:\\\/\\\/crocjeux.com\\\/#\\\/schema\\\/logo\\\/image\\\/\",\"url\":\"https:\\\/\\\/crocjeux.com\\\/wp-content\\\/uploads\\\/2022\\\/01\\\/cropped-logo-croc-etape-1-e1644574034239.jpg\",\"contentUrl\":\"https:\\\/\\\/crocjeux.com\\\/wp-content\\\/uploads\\\/2022\\\/01\\\/cropped-logo-croc-etape-1-e1644574034239.jpg\",\"width\":1224,\"height\":314,\"caption\":\"Croc Jeux\"},\"image\":{\"@id\":\"https:\\\/\\\/crocjeux.com\\\/#\\\/schema\\\/logo\\\/image\\\/\"}}]}<\/script>\n<!-- \/ Yoast SEO plugin. -->","yoast_head_json":{"title":"Tokaido - Croc Jeux","robots":{"index":"index","follow":"follow","max-snippet":"max-snippet:-1","max-image-preview":"max-image-preview:large","max-video-preview":"max-video-preview:-1"},"canonical":"https:\/\/crocjeux.com\/index.php\/produit\/tokaido\/","og_locale":"fr_FR","og_type":"article","og_title":"Tokaido - Croc Jeux","og_description":"Les joueurs sont des voyageurs du Japon d\u2019autrefois. Ils vont arpenter le prestigieux Tokaido, la route de la Mer de l\u2019Est et tenter de faire de ce voyage une exp\u00e9rience des plus enrichissantes.","og_url":"https:\/\/crocjeux.com\/index.php\/produit\/tokaido\/","og_site_name":"Croc Jeux","article_modified_time":"2020-11-18T13:01:18+00:00","og_image":[{"width":830,"height":756,"url":"https:\/\/crocjeux.com\/wp-content\/uploads\/2020\/10\/tokaido.png","type":"image\/png"}],"twitter_card":"summary_large_image","twitter_misc":{"Dur\u00e9e de lecture estim\u00e9e":"1 minute"},"schema":{"@context":"https:\/\/schema.org","@graph":[{"@type":"WebPage","@id":"https:\/\/crocjeux.com\/index.php\/produit\/tokaido\/","url":"https:\/\/crocjeux.com\/index.php\/produit\/tokaido\/","name":"Tokaido - Croc Jeux","isPartOf":{"@id":"https:\/\/crocjeux.com\/#website"},"primaryImageOfPage":{"@id":"https:\/\/crocjeux.com\/index.php\/produit\/tokaido\/#primaryimage"},"image":{"@id":"https:\/\/crocjeux.com\/index.php\/produit\/tokaido\/#primaryimage"},"thumbnailUrl":"https:\/\/crocjeux.com\/wp-content\/uploads\/2020\/10\/tokaido.png","datePublished":"2020-10-29T10:29:00+00:00","dateModified":"2020-11-18T13:01:18+00:00","breadcrumb":{"@id":"https:\/\/crocjeux.com\/index.php\/produit\/tokaido\/#breadcrumb"},"inLanguage":"fr-FR","potentialAction":[{"@type":"ReadAction","target":["https:\/\/crocjeux.com\/index.php\/produit\/tokaido\/"]}]},{"@type":"ImageObject","inLanguage":"fr-FR","@id":"https:\/\/crocjeux.com\/index.php\/produit\/tokaido\/#primaryimage","url":"https:\/\/crocjeux.com\/wp-content\/uploads\/2020\/10\/tokaido.png","contentUrl":"https:\/\/crocjeux.com\/wp-content\/uploads\/2020\/10\/tokaido.png","width":830,"height":756},{"@type":"BreadcrumbList","@id":"https:\/\/crocjeux.com\/index.php\/produit\/tokaido\/#breadcrumb","itemListElement":[{"@type":"ListItem","position":1,"name":"Accueil","item":"https:\/\/crocjeux.com\/"},{"@type":"ListItem","position":2,"name":"Boutique","item":"https:\/\/crocjeux.com\/"},{"@type":"ListItem","position":3,"name":"Tokaido"}]},{"@type":"WebSite","@id":"https:\/\/crocjeux.com\/#website","url":"https:\/\/crocjeux.com\/","name":"Croc Jeux","description":"Bienvenue chez Croc Jeux!","publisher":{"@id":"https:\/\/crocjeux.com\/#organization"},"potentialAction":[{"@type":"SearchAction","target":{"@type":"EntryPoint","urlTemplate":"https:\/\/crocjeux.com\/?s={search_term_string}"},"query-input":{"@type":"PropertyValueSpecification","valueRequired":true,"valueName":"search_term_string"}}],"inLanguage":"fr-FR"},{"@type":"Organization","@id":"https:\/\/crocjeux.com\/#organization","name":"Croc Jeux","url":"https:\/\/crocjeux.com\/","logo":{"@type":"ImageObject","inLanguage":"fr-FR","@id":"https:\/\/crocjeux.com\/#\/schema\/logo\/image\/","url":"https:\/\/crocjeux.com\/wp-content\/uploads\/2022\/01\/cropped-logo-croc-etape-1-e1644574034239.jpg","contentUrl":"https:\/\/crocjeux.com\/wp-content\/uploads\/2022\/01\/cropped-logo-croc-etape-1-e1644574034239.jpg","width":1224,"height":314,"caption":"Croc Jeux"},"image":{"@id":"https:\/\/crocjeux.com\/#\/schema\/logo\/image\/"}}]}},"_links":{"self":[{"href":"https:\/\/crocjeux.com\/index.php\/wp-json\/wp\/v2\/product\/90","targetHints":{"allow":["GET"]}}],"collection":[{"href":"https:\/\/crocjeux.com\/index.php\/wp-json\/wp\/v2\/product"}],"about":[{"href":"https:\/\/crocjeux.com\/index.php\/wp-json\/wp\/v2\/types\/product"}],"replies":[{"embeddable":true,"href":"https:\/\/crocjeux.com\/index.php\/wp-json\/wp\/v2\/comments?post=90"}],"wp:featuredmedia":[{"embeddable":true,"href":"https:\/\/crocjeux.com\/index.php\/wp-json\/wp\/v2\/media\/91"}],"wp:attachment":[{"href":"https:\/\/crocjeux.com\/index.php\/wp-json\/wp\/v2\/media?parent=90"}],"wp:term":[{"taxonomy":"product_brand","embeddable":true,"href":"https:\/\/crocjeux.com\/index.php\/wp-json\/wp\/v2\/product_brand?post=90"},{"taxonomy":"product_cat","embeddable":true,"href":"https:\/\/crocjeux.com\/index.php\/wp-json\/wp\/v2\/product_cat?post=90"},{"taxonomy":"product_tag","embeddable":true,"href":"https:\/\/crocjeux.com\/index.php\/wp-json\/wp\/v2\/product_tag?post=90"}],"curies":[{"name":"wp","href":"https:\/\/api.w.org\/{rel}","templated":true}]}}