{"id":902,"date":"2020-11-18T16:07:46","date_gmt":"2020-11-18T15:07:46","guid":{"rendered":"https:\/\/crocjeux.com\/?post_type=product&#038;p=902"},"modified":"2021-12-21T15:00:33","modified_gmt":"2021-12-21T14:00:33","slug":"smash-up-ressemblances-fortuites","status":"publish","type":"product","link":"https:\/\/crocjeux.com\/index.php\/produit\/smash-up-ressemblances-fortuites\/","title":{"rendered":"Smash Up &#8211; Ressemblances Fortuites"},"content":{"rendered":"<h1 id=\"product_name\">Smash Up &#8211; Ressemblances Fortuites<\/h1>\n<ul class=\"illustrated_features\">\n<li class=\"age tooltips\" title=\"\" data-hasqtip=\"6\">\u00e0 partir de 12 ans<\/li>\n<li class=\"duree_partie tooltips\" title=\"\" data-hasqtip=\"7\" aria-describedby=\"qtip-7\">30mn \u00e0 1h<\/li>\n<li class=\"nb_joueurs tooltips\" title=\"\" data-hasqtip=\"8\" aria-describedby=\"qtip-8\">2 \u00e0 4 joueur(s)<\/li>\n<\/ul>\n<p>Cette extension vous place aux commandes de nouvelles factions vraiment cool, qui n\u2019ont ABSOLUMENT RIEN \u00c0 VOIR avec des s\u00e9ries ou des films g\u00e9niaux dont nous sommes totalement fans. Vraiment rien \u00e0 voir. Les Chevaliers des \u00c9toiles puisent dans leur force int\u00e9rieure pour terrasser vos ennemis. Les Voyageurs de l\u2019Espace traversent les univers et t\u00e9l\u00e9portent vos cr\u00e9atures d\u2019une galaxie \u00e0 une autre. Les Changeformers peuvent prendre diff\u00e9rentes formes, changeant de force et de capacit\u00e9s. Et pour finir, les Squatteurs de Tr\u00f4ne se battent pour s\u2019asseoir \u00e0 la place du Roi, et il serait bien t\u00e9m\u00e9raire de votre part de songer \u00e0 leur faire confiance !<\/p>\n","protected":false},"excerpt":{"rendered":"<p>Smash Up &#8211; Ressemblances Fortuites \u00e0 partir de 12 ans 30mn \u00e0 1h 2 \u00e0 4 joueur(s) Cette extension vous<\/p>\n","protected":false},"featured_media":903,"comment_status":"open","ping_status":"closed","template":"","meta":{"colormag_page_container_layout":"default_layout","colormag_page_sidebar_layout":"default_layout"},"product_brand":[],"product_cat":[57,68,113],"product_tag":[],"class_list":{"0":"post-902","1":"product","2":"type-product","3":"status-publish","4":"has-post-thumbnail","6":"product_cat-jeux-smash-up","7":"product_cat-smash-up-jeux-a-deux","8":"product_cat-smash-up-jeux-ambiance","10":"first","11":"instock","12":"taxable","13":"shipping-taxable","14":"purchasable","15":"product-type-simple"},"yoast_head":"<!-- This site is optimized with the Yoast SEO plugin v27.4 - https:\/\/yoast.com\/product\/yoast-seo-wordpress\/ -->\n<title>Smash Up - Ressemblances Fortuites - Croc Jeux<\/title>\n<meta name=\"robots\" content=\"index, follow, max-snippet:-1, max-image-preview:large, max-video-preview:-1\" \/>\n<link rel=\"canonical\" href=\"https:\/\/crocjeux.com\/index.php\/produit\/smash-up-ressemblances-fortuites\/\" \/>\n<meta property=\"og:locale\" content=\"fr_FR\" \/>\n<meta property=\"og:type\" content=\"article\" \/>\n<meta property=\"og:title\" content=\"Smash Up - Ressemblances Fortuites - Croc Jeux\" \/>\n<meta property=\"og:description\" content=\"Smash Up &#8211; Ressemblances Fortuites \u00e0 partir de 12 ans 30mn \u00e0 1h 2 \u00e0 4 joueur(s) Cette extension vous\" \/>\n<meta property=\"og:url\" content=\"https:\/\/crocjeux.com\/index.php\/produit\/smash-up-ressemblances-fortuites\/\" \/>\n<meta property=\"og:site_name\" content=\"Croc Jeux\" \/>\n<meta property=\"article:modified_time\" content=\"2021-12-21T14:00:33+00:00\" \/>\n<meta property=\"og:image\" content=\"https:\/\/crocjeux.com\/wp-content\/uploads\/2020\/11\/smash-up-ressemblances-fortuites-p-image-61998-grande.jpg\" \/>\n\t<meta property=\"og:image:width\" content=\"333\" \/>\n\t<meta property=\"og:image:height\" content=\"474\" \/>\n\t<meta property=\"og:image:type\" content=\"image\/jpeg\" \/>\n<meta name=\"twitter:card\" content=\"summary_large_image\" \/>\n<meta name=\"twitter:label1\" content=\"Dur\u00e9e de lecture estim\u00e9e\" \/>\n\t<meta name=\"twitter:data1\" content=\"1 minute\" \/>\n<script type=\"application\/ld+json\" class=\"yoast-schema-graph\">{\"@context\":\"https:\\\/\\\/schema.org\",\"@graph\":[{\"@type\":\"WebPage\",\"@id\":\"https:\\\/\\\/crocjeux.com\\\/index.php\\\/produit\\\/smash-up-ressemblances-fortuites\\\/\",\"url\":\"https:\\\/\\\/crocjeux.com\\\/index.php\\\/produit\\\/smash-up-ressemblances-fortuites\\\/\",\"name\":\"Smash Up - Ressemblances Fortuites - Croc Jeux\",\"isPartOf\":{\"@id\":\"https:\\\/\\\/crocjeux.com\\\/#website\"},\"primaryImageOfPage\":{\"@id\":\"https:\\\/\\\/crocjeux.com\\\/index.php\\\/produit\\\/smash-up-ressemblances-fortuites\\\/#primaryimage\"},\"image\":{\"@id\":\"https:\\\/\\\/crocjeux.com\\\/index.php\\\/produit\\\/smash-up-ressemblances-fortuites\\\/#primaryimage\"},\"thumbnailUrl\":\"https:\\\/\\\/crocjeux.com\\\/wp-content\\\/uploads\\\/2020\\\/11\\\/smash-up-ressemblances-fortuites-p-image-61998-grande.jpg\",\"datePublished\":\"2020-11-18T15:07:46+00:00\",\"dateModified\":\"2021-12-21T14:00:33+00:00\",\"breadcrumb\":{\"@id\":\"https:\\\/\\\/crocjeux.com\\\/index.php\\\/produit\\\/smash-up-ressemblances-fortuites\\\/#breadcrumb\"},\"inLanguage\":\"fr-FR\",\"potentialAction\":[{\"@type\":\"ReadAction\",\"target\":[\"https:\\\/\\\/crocjeux.com\\\/index.php\\\/produit\\\/smash-up-ressemblances-fortuites\\\/\"]}]},{\"@type\":\"ImageObject\",\"inLanguage\":\"fr-FR\",\"@id\":\"https:\\\/\\\/crocjeux.com\\\/index.php\\\/produit\\\/smash-up-ressemblances-fortuites\\\/#primaryimage\",\"url\":\"https:\\\/\\\/crocjeux.com\\\/wp-content\\\/uploads\\\/2020\\\/11\\\/smash-up-ressemblances-fortuites-p-image-61998-grande.jpg\",\"contentUrl\":\"https:\\\/\\\/crocjeux.com\\\/wp-content\\\/uploads\\\/2020\\\/11\\\/smash-up-ressemblances-fortuites-p-image-61998-grande.jpg\",\"width\":333,\"height\":474},{\"@type\":\"BreadcrumbList\",\"@id\":\"https:\\\/\\\/crocjeux.com\\\/index.php\\\/produit\\\/smash-up-ressemblances-fortuites\\\/#breadcrumb\",\"itemListElement\":[{\"@type\":\"ListItem\",\"position\":1,\"name\":\"Accueil\",\"item\":\"https:\\\/\\\/crocjeux.com\\\/\"},{\"@type\":\"ListItem\",\"position\":2,\"name\":\"Boutique\",\"item\":\"https:\\\/\\\/crocjeux.com\\\/\"},{\"@type\":\"ListItem\",\"position\":3,\"name\":\"Smash Up &#8211; Ressemblances Fortuites\"}]},{\"@type\":\"WebSite\",\"@id\":\"https:\\\/\\\/crocjeux.com\\\/#website\",\"url\":\"https:\\\/\\\/crocjeux.com\\\/\",\"name\":\"Croc Jeux\",\"description\":\"Bienvenue chez Croc Jeux!\",\"publisher\":{\"@id\":\"https:\\\/\\\/crocjeux.com\\\/#organization\"},\"potentialAction\":[{\"@type\":\"SearchAction\",\"target\":{\"@type\":\"EntryPoint\",\"urlTemplate\":\"https:\\\/\\\/crocjeux.com\\\/?s={search_term_string}\"},\"query-input\":{\"@type\":\"PropertyValueSpecification\",\"valueRequired\":true,\"valueName\":\"search_term_string\"}}],\"inLanguage\":\"fr-FR\"},{\"@type\":\"Organization\",\"@id\":\"https:\\\/\\\/crocjeux.com\\\/#organization\",\"name\":\"Croc Jeux\",\"url\":\"https:\\\/\\\/crocjeux.com\\\/\",\"logo\":{\"@type\":\"ImageObject\",\"inLanguage\":\"fr-FR\",\"@id\":\"https:\\\/\\\/crocjeux.com\\\/#\\\/schema\\\/logo\\\/image\\\/\",\"url\":\"https:\\\/\\\/crocjeux.com\\\/wp-content\\\/uploads\\\/2022\\\/01\\\/cropped-logo-croc-etape-1-e1644574034239.jpg\",\"contentUrl\":\"https:\\\/\\\/crocjeux.com\\\/wp-content\\\/uploads\\\/2022\\\/01\\\/cropped-logo-croc-etape-1-e1644574034239.jpg\",\"width\":1224,\"height\":314,\"caption\":\"Croc Jeux\"},\"image\":{\"@id\":\"https:\\\/\\\/crocjeux.com\\\/#\\\/schema\\\/logo\\\/image\\\/\"}}]}<\/script>\n<!-- \/ Yoast SEO plugin. -->","yoast_head_json":{"title":"Smash Up - Ressemblances Fortuites - Croc Jeux","robots":{"index":"index","follow":"follow","max-snippet":"max-snippet:-1","max-image-preview":"max-image-preview:large","max-video-preview":"max-video-preview:-1"},"canonical":"https:\/\/crocjeux.com\/index.php\/produit\/smash-up-ressemblances-fortuites\/","og_locale":"fr_FR","og_type":"article","og_title":"Smash Up - Ressemblances Fortuites - Croc Jeux","og_description":"Smash Up &#8211; Ressemblances Fortuites \u00e0 partir de 12 ans 30mn \u00e0 1h 2 \u00e0 4 joueur(s) Cette extension vous","og_url":"https:\/\/crocjeux.com\/index.php\/produit\/smash-up-ressemblances-fortuites\/","og_site_name":"Croc Jeux","article_modified_time":"2021-12-21T14:00:33+00:00","og_image":[{"width":333,"height":474,"url":"https:\/\/crocjeux.com\/wp-content\/uploads\/2020\/11\/smash-up-ressemblances-fortuites-p-image-61998-grande.jpg","type":"image\/jpeg"}],"twitter_card":"summary_large_image","twitter_misc":{"Dur\u00e9e de lecture estim\u00e9e":"1 minute"},"schema":{"@context":"https:\/\/schema.org","@graph":[{"@type":"WebPage","@id":"https:\/\/crocjeux.com\/index.php\/produit\/smash-up-ressemblances-fortuites\/","url":"https:\/\/crocjeux.com\/index.php\/produit\/smash-up-ressemblances-fortuites\/","name":"Smash Up - Ressemblances Fortuites - Croc Jeux","isPartOf":{"@id":"https:\/\/crocjeux.com\/#website"},"primaryImageOfPage":{"@id":"https:\/\/crocjeux.com\/index.php\/produit\/smash-up-ressemblances-fortuites\/#primaryimage"},"image":{"@id":"https:\/\/crocjeux.com\/index.php\/produit\/smash-up-ressemblances-fortuites\/#primaryimage"},"thumbnailUrl":"https:\/\/crocjeux.com\/wp-content\/uploads\/2020\/11\/smash-up-ressemblances-fortuites-p-image-61998-grande.jpg","datePublished":"2020-11-18T15:07:46+00:00","dateModified":"2021-12-21T14:00:33+00:00","breadcrumb":{"@id":"https:\/\/crocjeux.com\/index.php\/produit\/smash-up-ressemblances-fortuites\/#breadcrumb"},"inLanguage":"fr-FR","potentialAction":[{"@type":"ReadAction","target":["https:\/\/crocjeux.com\/index.php\/produit\/smash-up-ressemblances-fortuites\/"]}]},{"@type":"ImageObject","inLanguage":"fr-FR","@id":"https:\/\/crocjeux.com\/index.php\/produit\/smash-up-ressemblances-fortuites\/#primaryimage","url":"https:\/\/crocjeux.com\/wp-content\/uploads\/2020\/11\/smash-up-ressemblances-fortuites-p-image-61998-grande.jpg","contentUrl":"https:\/\/crocjeux.com\/wp-content\/uploads\/2020\/11\/smash-up-ressemblances-fortuites-p-image-61998-grande.jpg","width":333,"height":474},{"@type":"BreadcrumbList","@id":"https:\/\/crocjeux.com\/index.php\/produit\/smash-up-ressemblances-fortuites\/#breadcrumb","itemListElement":[{"@type":"ListItem","position":1,"name":"Accueil","item":"https:\/\/crocjeux.com\/"},{"@type":"ListItem","position":2,"name":"Boutique","item":"https:\/\/crocjeux.com\/"},{"@type":"ListItem","position":3,"name":"Smash Up &#8211; Ressemblances Fortuites"}]},{"@type":"WebSite","@id":"https:\/\/crocjeux.com\/#website","url":"https:\/\/crocjeux.com\/","name":"Croc Jeux","description":"Bienvenue chez Croc Jeux!","publisher":{"@id":"https:\/\/crocjeux.com\/#organization"},"potentialAction":[{"@type":"SearchAction","target":{"@type":"EntryPoint","urlTemplate":"https:\/\/crocjeux.com\/?s={search_term_string}"},"query-input":{"@type":"PropertyValueSpecification","valueRequired":true,"valueName":"search_term_string"}}],"inLanguage":"fr-FR"},{"@type":"Organization","@id":"https:\/\/crocjeux.com\/#organization","name":"Croc Jeux","url":"https:\/\/crocjeux.com\/","logo":{"@type":"ImageObject","inLanguage":"fr-FR","@id":"https:\/\/crocjeux.com\/#\/schema\/logo\/image\/","url":"https:\/\/crocjeux.com\/wp-content\/uploads\/2022\/01\/cropped-logo-croc-etape-1-e1644574034239.jpg","contentUrl":"https:\/\/crocjeux.com\/wp-content\/uploads\/2022\/01\/cropped-logo-croc-etape-1-e1644574034239.jpg","width":1224,"height":314,"caption":"Croc Jeux"},"image":{"@id":"https:\/\/crocjeux.com\/#\/schema\/logo\/image\/"}}]}},"_links":{"self":[{"href":"https:\/\/crocjeux.com\/index.php\/wp-json\/wp\/v2\/product\/902","targetHints":{"allow":["GET"]}}],"collection":[{"href":"https:\/\/crocjeux.com\/index.php\/wp-json\/wp\/v2\/product"}],"about":[{"href":"https:\/\/crocjeux.com\/index.php\/wp-json\/wp\/v2\/types\/product"}],"replies":[{"embeddable":true,"href":"https:\/\/crocjeux.com\/index.php\/wp-json\/wp\/v2\/comments?post=902"}],"wp:featuredmedia":[{"embeddable":true,"href":"https:\/\/crocjeux.com\/index.php\/wp-json\/wp\/v2\/media\/903"}],"wp:attachment":[{"href":"https:\/\/crocjeux.com\/index.php\/wp-json\/wp\/v2\/media?parent=902"}],"wp:term":[{"taxonomy":"product_brand","embeddable":true,"href":"https:\/\/crocjeux.com\/index.php\/wp-json\/wp\/v2\/product_brand?post=902"},{"taxonomy":"product_cat","embeddable":true,"href":"https:\/\/crocjeux.com\/index.php\/wp-json\/wp\/v2\/product_cat?post=902"},{"taxonomy":"product_tag","embeddable":true,"href":"https:\/\/crocjeux.com\/index.php\/wp-json\/wp\/v2\/product_tag?post=902"}],"curies":[{"name":"wp","href":"https:\/\/api.w.org\/{rel}","templated":true}]}}