{"id":904,"date":"2020-11-18T16:26:39","date_gmt":"2020-11-18T15:26:39","guid":{"rendered":"https:\/\/crocjeux.com\/?post_type=product&#038;p=904"},"modified":"2023-01-31T17:28:07","modified_gmt":"2023-01-31T16:28:07","slug":"smash-up-vous-laurez-voulu","status":"publish","type":"product","link":"https:\/\/crocjeux.com\/index.php\/produit\/smash-up-vous-laurez-voulu\/","title":{"rendered":"Smash Up &#8211; Vous l&rsquo;Aurez Voulu"},"content":{"rendered":"<h1 id=\"product_name\">Smash Up &#8211; Vous l&rsquo;Aurez Voulu<label><\/label><\/h1>\n<div id=\"short_description_block\">\n<div id=\"short_description_content\" class=\"rte align_justify hide-smartphone\">Pour une fois, c\u2019est de votre faute&#8230;<\/div>\n<\/div>\n<ul class=\"illustrated_features\">\n<li class=\"age tooltips\" title=\"\" data-hasqtip=\"6\">\u00e0 partir de 12 ans<\/li>\n<li class=\"duree_partie tooltips\" title=\"\" data-hasqtip=\"7\" aria-describedby=\"qtip-7\">30mn \u00e0 1h<\/li>\n<li class=\"nb_joueurs tooltips\" title=\"\" data-hasqtip=\"8\" aria-describedby=\"qtip-8\">2 \u00e0 4 joueur(s)<\/li>\n<\/ul>\n<section id=\"tab-description\" class=\"page-product-box r-tabs-panel r-tabs-state-active\">\n<div class=\"rte\">\n<div>Et vous avez imagin\u00e9 l&rsquo;une des toutes meilleures extensions jamais cr\u00e9\u00e9es !<\/div>\n<div><\/div>\n<div>Nous vous avons laiss\u00e9 voter et d\u00e9terminer quelles nouvelles factions vous souhaitiez voir d\u00e9barquer dans Smash Up, et il faut reconna\u00eetre que vous avez \u00e9t\u00e9 plut\u00f4t g\u00e9niaux. Les quatre factions pr\u00e9sentes dans cette bo\u00eete sont arriv\u00e9es en t\u00eate devant des milliers de candidatures, puis elles ont surv\u00e9cu \u00e0 un vote de soutien, avant d\u2019arriver, aujourd&rsquo;hui, entre vos mains !<\/div>\n<div>Smash Up: Vous l&rsquo;aurez voulu ! contient des Requins, qui ont bien l&rsquo;intention de m\u00e2chouiller leurs adversaires. Il y a aussi les Superh\u00e9ros, volant hors des pages de leurs comics pour an\u00e9antir leurs ennemis. Vous avez \u00e9galement choisi de voir les L\u00e9gendes de la Mythologie Grecque envahir votre table, impassibles devant la puissance et la force destructrice des Dragons !<\/div>\n<div><\/div>\n<div>M\u00eame si Smash Up : Vous l\u2019aurez voulu ! est une extension du jeu Smash Up, le jeu de base n\u2019est pas indispensable : les 5 Factions propos\u00e9es ici vous suffiront pour jouer des parties \u00e0 2 joueurs !<\/div>\n<\/div>\n<\/section>\n<p><iframe title=\"YouTube video player\" src=\"https:\/\/www.youtube.com\/embed\/jB3dBflJn8w\" width=\"560\" height=\"315\" frameborder=\"0\" allowfullscreen=\"allowfullscreen\"><\/iframe><\/p>\n","protected":false},"excerpt":{"rendered":"<p>Smash Up &#8211; Vous l&rsquo;Aurez Voulu Pour une fois, c\u2019est de votre faute&#8230; \u00e0 partir de 12 ans 30mn \u00e0<\/p>\n","protected":false},"featured_media":905,"comment_status":"open","ping_status":"closed","template":"","meta":{"colormag_page_container_layout":"default_layout","colormag_page_sidebar_layout":"default_layout"},"product_brand":[],"product_cat":[57,68,113],"product_tag":[],"class_list":{"0":"post-904","1":"product","2":"type-product","3":"status-publish","4":"has-post-thumbnail","6":"product_cat-jeux-smash-up","7":"product_cat-smash-up-jeux-a-deux","8":"product_cat-smash-up-jeux-ambiance","10":"first","11":"instock","12":"taxable","13":"shipping-taxable","14":"purchasable","15":"product-type-simple"},"yoast_head":"<!-- This site is optimized with the Yoast SEO plugin v27.4 - https:\/\/yoast.com\/product\/yoast-seo-wordpress\/ -->\n<title>Smash Up - Vous l&#039;Aurez Voulu - Croc Jeux<\/title>\n<meta name=\"robots\" content=\"index, follow, max-snippet:-1, max-image-preview:large, max-video-preview:-1\" \/>\n<link rel=\"canonical\" href=\"https:\/\/crocjeux.com\/index.php\/produit\/smash-up-vous-laurez-voulu\/\" \/>\n<meta property=\"og:locale\" content=\"fr_FR\" \/>\n<meta property=\"og:type\" content=\"article\" \/>\n<meta property=\"og:title\" content=\"Smash Up - Vous l&#039;Aurez Voulu - Croc Jeux\" \/>\n<meta property=\"og:description\" content=\"Smash Up &#8211; Vous l&rsquo;Aurez Voulu Pour une fois, c\u2019est de votre faute&#8230; \u00e0 partir de 12 ans 30mn \u00e0\" \/>\n<meta property=\"og:url\" content=\"https:\/\/crocjeux.com\/index.php\/produit\/smash-up-vous-laurez-voulu\/\" \/>\n<meta property=\"og:site_name\" content=\"Croc Jeux\" \/>\n<meta property=\"article:modified_time\" content=\"2023-01-31T16:28:07+00:00\" \/>\n<meta property=\"og:image\" content=\"https:\/\/crocjeux.com\/wp-content\/uploads\/2020\/11\/smash-up-vous-l-aurez-voulu-p-image-61055-grande.jpg\" \/>\n\t<meta property=\"og:image:width\" content=\"559\" \/>\n\t<meta property=\"og:image:height\" content=\"800\" \/>\n\t<meta property=\"og:image:type\" content=\"image\/jpeg\" \/>\n<meta name=\"twitter:card\" content=\"summary_large_image\" \/>\n<meta name=\"twitter:label1\" content=\"Dur\u00e9e de lecture estim\u00e9e\" \/>\n\t<meta name=\"twitter:data1\" content=\"1 minute\" \/>\n<script type=\"application\/ld+json\" class=\"yoast-schema-graph\">{\"@context\":\"https:\\\/\\\/schema.org\",\"@graph\":[{\"@type\":\"WebPage\",\"@id\":\"https:\\\/\\\/crocjeux.com\\\/index.php\\\/produit\\\/smash-up-vous-laurez-voulu\\\/\",\"url\":\"https:\\\/\\\/crocjeux.com\\\/index.php\\\/produit\\\/smash-up-vous-laurez-voulu\\\/\",\"name\":\"Smash Up - Vous l'Aurez Voulu - Croc Jeux\",\"isPartOf\":{\"@id\":\"https:\\\/\\\/crocjeux.com\\\/#website\"},\"primaryImageOfPage\":{\"@id\":\"https:\\\/\\\/crocjeux.com\\\/index.php\\\/produit\\\/smash-up-vous-laurez-voulu\\\/#primaryimage\"},\"image\":{\"@id\":\"https:\\\/\\\/crocjeux.com\\\/index.php\\\/produit\\\/smash-up-vous-laurez-voulu\\\/#primaryimage\"},\"thumbnailUrl\":\"https:\\\/\\\/crocjeux.com\\\/wp-content\\\/uploads\\\/2020\\\/11\\\/smash-up-vous-l-aurez-voulu-p-image-61055-grande.jpg\",\"datePublished\":\"2020-11-18T15:26:39+00:00\",\"dateModified\":\"2023-01-31T16:28:07+00:00\",\"breadcrumb\":{\"@id\":\"https:\\\/\\\/crocjeux.com\\\/index.php\\\/produit\\\/smash-up-vous-laurez-voulu\\\/#breadcrumb\"},\"inLanguage\":\"fr-FR\",\"potentialAction\":[{\"@type\":\"ReadAction\",\"target\":[\"https:\\\/\\\/crocjeux.com\\\/index.php\\\/produit\\\/smash-up-vous-laurez-voulu\\\/\"]}]},{\"@type\":\"ImageObject\",\"inLanguage\":\"fr-FR\",\"@id\":\"https:\\\/\\\/crocjeux.com\\\/index.php\\\/produit\\\/smash-up-vous-laurez-voulu\\\/#primaryimage\",\"url\":\"https:\\\/\\\/crocjeux.com\\\/wp-content\\\/uploads\\\/2020\\\/11\\\/smash-up-vous-l-aurez-voulu-p-image-61055-grande.jpg\",\"contentUrl\":\"https:\\\/\\\/crocjeux.com\\\/wp-content\\\/uploads\\\/2020\\\/11\\\/smash-up-vous-l-aurez-voulu-p-image-61055-grande.jpg\",\"width\":559,\"height\":800},{\"@type\":\"BreadcrumbList\",\"@id\":\"https:\\\/\\\/crocjeux.com\\\/index.php\\\/produit\\\/smash-up-vous-laurez-voulu\\\/#breadcrumb\",\"itemListElement\":[{\"@type\":\"ListItem\",\"position\":1,\"name\":\"Accueil\",\"item\":\"https:\\\/\\\/crocjeux.com\\\/\"},{\"@type\":\"ListItem\",\"position\":2,\"name\":\"Boutique\",\"item\":\"https:\\\/\\\/crocjeux.com\\\/\"},{\"@type\":\"ListItem\",\"position\":3,\"name\":\"Smash Up &#8211; Vous l&#8217;Aurez Voulu\"}]},{\"@type\":\"WebSite\",\"@id\":\"https:\\\/\\\/crocjeux.com\\\/#website\",\"url\":\"https:\\\/\\\/crocjeux.com\\\/\",\"name\":\"Croc Jeux\",\"description\":\"Bienvenue chez Croc Jeux!\",\"publisher\":{\"@id\":\"https:\\\/\\\/crocjeux.com\\\/#organization\"},\"potentialAction\":[{\"@type\":\"SearchAction\",\"target\":{\"@type\":\"EntryPoint\",\"urlTemplate\":\"https:\\\/\\\/crocjeux.com\\\/?s={search_term_string}\"},\"query-input\":{\"@type\":\"PropertyValueSpecification\",\"valueRequired\":true,\"valueName\":\"search_term_string\"}}],\"inLanguage\":\"fr-FR\"},{\"@type\":\"Organization\",\"@id\":\"https:\\\/\\\/crocjeux.com\\\/#organization\",\"name\":\"Croc Jeux\",\"url\":\"https:\\\/\\\/crocjeux.com\\\/\",\"logo\":{\"@type\":\"ImageObject\",\"inLanguage\":\"fr-FR\",\"@id\":\"https:\\\/\\\/crocjeux.com\\\/#\\\/schema\\\/logo\\\/image\\\/\",\"url\":\"https:\\\/\\\/crocjeux.com\\\/wp-content\\\/uploads\\\/2022\\\/01\\\/cropped-logo-croc-etape-1-e1644574034239.jpg\",\"contentUrl\":\"https:\\\/\\\/crocjeux.com\\\/wp-content\\\/uploads\\\/2022\\\/01\\\/cropped-logo-croc-etape-1-e1644574034239.jpg\",\"width\":1224,\"height\":314,\"caption\":\"Croc Jeux\"},\"image\":{\"@id\":\"https:\\\/\\\/crocjeux.com\\\/#\\\/schema\\\/logo\\\/image\\\/\"}}]}<\/script>\n<!-- \/ Yoast SEO plugin. -->","yoast_head_json":{"title":"Smash Up - Vous l'Aurez Voulu - Croc Jeux","robots":{"index":"index","follow":"follow","max-snippet":"max-snippet:-1","max-image-preview":"max-image-preview:large","max-video-preview":"max-video-preview:-1"},"canonical":"https:\/\/crocjeux.com\/index.php\/produit\/smash-up-vous-laurez-voulu\/","og_locale":"fr_FR","og_type":"article","og_title":"Smash Up - Vous l'Aurez Voulu - Croc Jeux","og_description":"Smash Up &#8211; Vous l&rsquo;Aurez Voulu Pour une fois, c\u2019est de votre faute&#8230; \u00e0 partir de 12 ans 30mn \u00e0","og_url":"https:\/\/crocjeux.com\/index.php\/produit\/smash-up-vous-laurez-voulu\/","og_site_name":"Croc Jeux","article_modified_time":"2023-01-31T16:28:07+00:00","og_image":[{"width":559,"height":800,"url":"https:\/\/crocjeux.com\/wp-content\/uploads\/2020\/11\/smash-up-vous-l-aurez-voulu-p-image-61055-grande.jpg","type":"image\/jpeg"}],"twitter_card":"summary_large_image","twitter_misc":{"Dur\u00e9e de lecture estim\u00e9e":"1 minute"},"schema":{"@context":"https:\/\/schema.org","@graph":[{"@type":"WebPage","@id":"https:\/\/crocjeux.com\/index.php\/produit\/smash-up-vous-laurez-voulu\/","url":"https:\/\/crocjeux.com\/index.php\/produit\/smash-up-vous-laurez-voulu\/","name":"Smash Up - Vous l'Aurez Voulu - Croc Jeux","isPartOf":{"@id":"https:\/\/crocjeux.com\/#website"},"primaryImageOfPage":{"@id":"https:\/\/crocjeux.com\/index.php\/produit\/smash-up-vous-laurez-voulu\/#primaryimage"},"image":{"@id":"https:\/\/crocjeux.com\/index.php\/produit\/smash-up-vous-laurez-voulu\/#primaryimage"},"thumbnailUrl":"https:\/\/crocjeux.com\/wp-content\/uploads\/2020\/11\/smash-up-vous-l-aurez-voulu-p-image-61055-grande.jpg","datePublished":"2020-11-18T15:26:39+00:00","dateModified":"2023-01-31T16:28:07+00:00","breadcrumb":{"@id":"https:\/\/crocjeux.com\/index.php\/produit\/smash-up-vous-laurez-voulu\/#breadcrumb"},"inLanguage":"fr-FR","potentialAction":[{"@type":"ReadAction","target":["https:\/\/crocjeux.com\/index.php\/produit\/smash-up-vous-laurez-voulu\/"]}]},{"@type":"ImageObject","inLanguage":"fr-FR","@id":"https:\/\/crocjeux.com\/index.php\/produit\/smash-up-vous-laurez-voulu\/#primaryimage","url":"https:\/\/crocjeux.com\/wp-content\/uploads\/2020\/11\/smash-up-vous-l-aurez-voulu-p-image-61055-grande.jpg","contentUrl":"https:\/\/crocjeux.com\/wp-content\/uploads\/2020\/11\/smash-up-vous-l-aurez-voulu-p-image-61055-grande.jpg","width":559,"height":800},{"@type":"BreadcrumbList","@id":"https:\/\/crocjeux.com\/index.php\/produit\/smash-up-vous-laurez-voulu\/#breadcrumb","itemListElement":[{"@type":"ListItem","position":1,"name":"Accueil","item":"https:\/\/crocjeux.com\/"},{"@type":"ListItem","position":2,"name":"Boutique","item":"https:\/\/crocjeux.com\/"},{"@type":"ListItem","position":3,"name":"Smash Up &#8211; Vous l&#8217;Aurez Voulu"}]},{"@type":"WebSite","@id":"https:\/\/crocjeux.com\/#website","url":"https:\/\/crocjeux.com\/","name":"Croc Jeux","description":"Bienvenue chez Croc Jeux!","publisher":{"@id":"https:\/\/crocjeux.com\/#organization"},"potentialAction":[{"@type":"SearchAction","target":{"@type":"EntryPoint","urlTemplate":"https:\/\/crocjeux.com\/?s={search_term_string}"},"query-input":{"@type":"PropertyValueSpecification","valueRequired":true,"valueName":"search_term_string"}}],"inLanguage":"fr-FR"},{"@type":"Organization","@id":"https:\/\/crocjeux.com\/#organization","name":"Croc Jeux","url":"https:\/\/crocjeux.com\/","logo":{"@type":"ImageObject","inLanguage":"fr-FR","@id":"https:\/\/crocjeux.com\/#\/schema\/logo\/image\/","url":"https:\/\/crocjeux.com\/wp-content\/uploads\/2022\/01\/cropped-logo-croc-etape-1-e1644574034239.jpg","contentUrl":"https:\/\/crocjeux.com\/wp-content\/uploads\/2022\/01\/cropped-logo-croc-etape-1-e1644574034239.jpg","width":1224,"height":314,"caption":"Croc Jeux"},"image":{"@id":"https:\/\/crocjeux.com\/#\/schema\/logo\/image\/"}}]}},"_links":{"self":[{"href":"https:\/\/crocjeux.com\/index.php\/wp-json\/wp\/v2\/product\/904","targetHints":{"allow":["GET"]}}],"collection":[{"href":"https:\/\/crocjeux.com\/index.php\/wp-json\/wp\/v2\/product"}],"about":[{"href":"https:\/\/crocjeux.com\/index.php\/wp-json\/wp\/v2\/types\/product"}],"replies":[{"embeddable":true,"href":"https:\/\/crocjeux.com\/index.php\/wp-json\/wp\/v2\/comments?post=904"}],"wp:featuredmedia":[{"embeddable":true,"href":"https:\/\/crocjeux.com\/index.php\/wp-json\/wp\/v2\/media\/905"}],"wp:attachment":[{"href":"https:\/\/crocjeux.com\/index.php\/wp-json\/wp\/v2\/media?parent=904"}],"wp:term":[{"taxonomy":"product_brand","embeddable":true,"href":"https:\/\/crocjeux.com\/index.php\/wp-json\/wp\/v2\/product_brand?post=904"},{"taxonomy":"product_cat","embeddable":true,"href":"https:\/\/crocjeux.com\/index.php\/wp-json\/wp\/v2\/product_cat?post=904"},{"taxonomy":"product_tag","embeddable":true,"href":"https:\/\/crocjeux.com\/index.php\/wp-json\/wp\/v2\/product_tag?post=904"}],"curies":[{"name":"wp","href":"https:\/\/api.w.org\/{rel}","templated":true}]}}